{"id":11467,"date":"2025-05-28T11:39:24","date_gmt":"2025-05-28T11:39:24","guid":{"rendered":"https:\/\/penosil.com\/fr\/?post_type=product&#038;p=11467"},"modified":"2026-03-31T01:23:36","modified_gmt":"2026-03-31T01:23:36","slug":"pvc-profiles-adhesive-966-colle-solvantee-pvc","status":"publish","type":"product","link":"https:\/\/penosil.com\/fr\/produit\/pvc-profiles-adhesive-966-colle-solvantee-pvc\/","title":{"rendered":"PVC Profiles Adhesive 966"},"content":{"rendered":"<p>Colle solvant\u00e9e pvc, sp\u00e9cialement con\u00e7ue pour le collage de pi\u00e8ces en PVC rigide. Son excellente thixotropie et sa haute teneur en solides lui conf\u00e8rent une grande capacit\u00e9 de remplissage et sa consistance de gel \u00e9vite les coulures lors de l&rsquo;application.<\/p>\n","protected":false},"excerpt":{"rendered":"Colle solvant\u00e9e pvc, sp\u00e9cialement con\u00e7ue pour le collage de pi\u00e8ces en PVC rigide. Son excellente thixotropie et sa haute teneur en solides lui conf\u00e8rent une grande capacit\u00e9 de remplissage et sa consistance de gel \u00e9vite les coulures lors de l&rsquo;application.","protected":false},"author":36,"featured_media":11468,"template":"","meta":{"_acf_changed":false,"advgb_blocks_editor_width":"","advgb_blocks_columns_visual_guide":"","footnotes":""},"product_brand":[],"product_cat":[2249,2313,1379,349,2250],"product_tag":[],"class_list":{"0":"post-11467","1":"product","2":"type-product","3":"status-publish","4":"has-post-thumbnail","6":"product_cat-nouveaux-produits","7":"product_cat-adhesifs-solvantes","8":"product_cat-adhesifs","9":"product_cat-collage","10":"product_cat-nouveaux-produits-2","12":"first","13":"outofstock","14":"taxable","15":"shipping-taxable","16":"purchasable","17":"product-type-variable"},"acf":[],"yoast_head":"<!-- This site is optimized with the Yoast SEO plugin v27.2 - https:\/\/yoast.com\/product\/yoast-seo-wordpress\/ -->\n<title>PVC Profiles Adhesive 966 - Colle solvant\u00e9e PVC - Penosil France<\/title>\n<meta name=\"description\" content=\"Penosil PVC Profiles Adhesive 966 est une colle solvant\u00e9e pvc, sp\u00e9cialement con\u00e7ue pour le collage de pi\u00e8ces en PVC rigide. Cliquez ici.\" \/>\n<meta name=\"robots\" content=\"index, follow, max-snippet:-1, max-image-preview:large, max-video-preview:-1\" \/>\n<link rel=\"canonical\" href=\"https:\/\/penosil.com\/fr\/produit\/pvc-profiles-adhesive-966-colle-solvantee-pvc\/\" \/>\n<meta property=\"og:locale\" content=\"fr_FR\" \/>\n<meta property=\"og:type\" content=\"article\" \/>\n<meta property=\"og:title\" content=\"PVC Profiles Adhesive 966 - Colle solvant\u00e9e PVC - Penosil France\" \/>\n<meta property=\"og:description\" content=\"Penosil PVC Profiles Adhesive 966 est une colle solvant\u00e9e pvc, sp\u00e9cialement con\u00e7ue pour le collage de pi\u00e8ces en PVC rigide. Cliquez ici.\" \/>\n<meta property=\"og:url\" content=\"https:\/\/penosil.com\/fr\/produit\/pvc-profiles-adhesive-966-colle-solvantee-pvc\/\" \/>\n<meta property=\"og:site_name\" content=\"Penosil France\" \/>\n<meta property=\"article:modified_time\" content=\"2026-03-31T01:23:36+00:00\" \/>\n<meta property=\"og:image\" content=\"https:\/\/penosil.com\/fr\/wp-content\/uploads\/sites\/6\/2025\/05\/966_PVC_Profiles_Adhesive_966_FR-1.png\" \/>\n\t<meta property=\"og:image:width\" content=\"523\" \/>\n\t<meta property=\"og:image:height\" content=\"1080\" \/>\n\t<meta property=\"og:image:type\" content=\"image\/png\" \/>\n<meta name=\"twitter:card\" content=\"summary_large_image\" \/>\n<meta name=\"twitter:label1\" content=\"Dur\u00e9e de lecture estim\u00e9e\" \/>\n\t<meta name=\"twitter:data1\" content=\"2 minutes\" \/>\n<script type=\"application\/ld+json\" class=\"yoast-schema-graph\">{\"@context\":\"https:\/\/schema.org\",\"@graph\":[{\"@type\":\"WebPage\",\"@id\":\"https:\/\/penosil.com\/fr\/produit\/pvc-profiles-adhesive-966-colle-solvantee-pvc\/\",\"url\":\"https:\/\/penosil.com\/fr\/produit\/pvc-profiles-adhesive-966-colle-solvantee-pvc\/\",\"name\":\"PVC Profiles Adhesive 966 - Colle solvant\u00e9e PVC - Penosil France\",\"isPartOf\":{\"@id\":\"https:\/\/penosil.com\/fr\/#website\"},\"primaryImageOfPage\":{\"@id\":\"https:\/\/penosil.com\/fr\/produit\/pvc-profiles-adhesive-966-colle-solvantee-pvc\/#primaryimage\"},\"image\":{\"@id\":\"https:\/\/penosil.com\/fr\/produit\/pvc-profiles-adhesive-966-colle-solvantee-pvc\/#primaryimage\"},\"thumbnailUrl\":\"https:\/\/penosil.com\/fr\/wp-content\/uploads\/sites\/6\/2025\/05\/966_PVC_Profiles_Adhesive_966_FR-1.png\",\"datePublished\":\"2025-05-28T11:39:24+00:00\",\"dateModified\":\"2026-03-31T01:23:36+00:00\",\"description\":\"Penosil PVC Profiles Adhesive 966 est une colle solvant\u00e9e pvc, sp\u00e9cialement con\u00e7ue pour le collage de pi\u00e8ces en PVC rigide. Cliquez ici.\",\"breadcrumb\":{\"@id\":\"https:\/\/penosil.com\/fr\/produit\/pvc-profiles-adhesive-966-colle-solvantee-pvc\/#breadcrumb\"},\"inLanguage\":\"fr-FR\",\"potentialAction\":[{\"@type\":\"ReadAction\",\"target\":[\"https:\/\/penosil.com\/fr\/produit\/pvc-profiles-adhesive-966-colle-solvantee-pvc\/\"]}]},{\"@type\":\"ImageObject\",\"inLanguage\":\"fr-FR\",\"@id\":\"https:\/\/penosil.com\/fr\/produit\/pvc-profiles-adhesive-966-colle-solvantee-pvc\/#primaryimage\",\"url\":\"https:\/\/penosil.com\/fr\/wp-content\/uploads\/sites\/6\/2025\/05\/966_PVC_Profiles_Adhesive_966_FR-1.png\",\"contentUrl\":\"https:\/\/penosil.com\/fr\/wp-content\/uploads\/sites\/6\/2025\/05\/966_PVC_Profiles_Adhesive_966_FR-1.png\",\"width\":523,\"height\":1080,\"caption\":\"Produit PENOSIL PVC Profiles Adhesive 966.\"},{\"@type\":\"BreadcrumbList\",\"@id\":\"https:\/\/penosil.com\/fr\/produit\/pvc-profiles-adhesive-966-colle-solvantee-pvc\/#breadcrumb\",\"itemListElement\":[{\"@type\":\"ListItem\",\"position\":1,\"name\":\"Accueil\",\"item\":\"https:\/\/penosil.com\/fr\/\"},{\"@type\":\"ListItem\",\"position\":2,\"name\":\"Produits\",\"item\":\"https:\/\/penosil.com\/fr\/produits-penosil\/\"},{\"@type\":\"ListItem\",\"position\":3,\"name\":\"PVC Profiles Adhesive 966\"}]},{\"@type\":\"WebSite\",\"@id\":\"https:\/\/penosil.com\/fr\/#website\",\"url\":\"https:\/\/penosil.com\/fr\/\",\"name\":\"Penosil France\",\"description\":\"\",\"potentialAction\":[{\"@type\":\"SearchAction\",\"target\":{\"@type\":\"EntryPoint\",\"urlTemplate\":\"https:\/\/penosil.com\/fr\/?s={search_term_string}\"},\"query-input\":{\"@type\":\"PropertyValueSpecification\",\"valueRequired\":true,\"valueName\":\"search_term_string\"}}],\"inLanguage\":\"fr-FR\"}]}<\/script>\n<!-- \/ Yoast SEO plugin. -->","yoast_head_json":{"title":"PVC Profiles Adhesive 966 - Colle solvant\u00e9e PVC - Penosil France","description":"Penosil PVC Profiles Adhesive 966 est une colle solvant\u00e9e pvc, sp\u00e9cialement con\u00e7ue pour le collage de pi\u00e8ces en PVC rigide. Cliquez ici.","robots":{"index":"index","follow":"follow","max-snippet":"max-snippet:-1","max-image-preview":"max-image-preview:large","max-video-preview":"max-video-preview:-1"},"canonical":"https:\/\/penosil.com\/fr\/produit\/pvc-profiles-adhesive-966-colle-solvantee-pvc\/","og_locale":"fr_FR","og_type":"article","og_title":"PVC Profiles Adhesive 966 - Colle solvant\u00e9e PVC - Penosil France","og_description":"Penosil PVC Profiles Adhesive 966 est une colle solvant\u00e9e pvc, sp\u00e9cialement con\u00e7ue pour le collage de pi\u00e8ces en PVC rigide. Cliquez ici.","og_url":"https:\/\/penosil.com\/fr\/produit\/pvc-profiles-adhesive-966-colle-solvantee-pvc\/","og_site_name":"Penosil France","article_modified_time":"2026-03-31T01:23:36+00:00","og_image":[{"width":523,"height":1080,"url":"https:\/\/penosil.com\/fr\/wp-content\/uploads\/sites\/6\/2025\/05\/966_PVC_Profiles_Adhesive_966_FR-1.png","type":"image\/png"}],"twitter_card":"summary_large_image","twitter_misc":{"Dur\u00e9e de lecture estim\u00e9e":"2 minutes"},"schema":{"@context":"https:\/\/schema.org","@graph":[{"@type":"WebPage","@id":"https:\/\/penosil.com\/fr\/produit\/pvc-profiles-adhesive-966-colle-solvantee-pvc\/","url":"https:\/\/penosil.com\/fr\/produit\/pvc-profiles-adhesive-966-colle-solvantee-pvc\/","name":"PVC Profiles Adhesive 966 - Colle solvant\u00e9e PVC - Penosil France","isPartOf":{"@id":"https:\/\/penosil.com\/fr\/#website"},"primaryImageOfPage":{"@id":"https:\/\/penosil.com\/fr\/produit\/pvc-profiles-adhesive-966-colle-solvantee-pvc\/#primaryimage"},"image":{"@id":"https:\/\/penosil.com\/fr\/produit\/pvc-profiles-adhesive-966-colle-solvantee-pvc\/#primaryimage"},"thumbnailUrl":"https:\/\/penosil.com\/fr\/wp-content\/uploads\/sites\/6\/2025\/05\/966_PVC_Profiles_Adhesive_966_FR-1.png","datePublished":"2025-05-28T11:39:24+00:00","dateModified":"2026-03-31T01:23:36+00:00","description":"Penosil PVC Profiles Adhesive 966 est une colle solvant\u00e9e pvc, sp\u00e9cialement con\u00e7ue pour le collage de pi\u00e8ces en PVC rigide. Cliquez ici.","breadcrumb":{"@id":"https:\/\/penosil.com\/fr\/produit\/pvc-profiles-adhesive-966-colle-solvantee-pvc\/#breadcrumb"},"inLanguage":"fr-FR","potentialAction":[{"@type":"ReadAction","target":["https:\/\/penosil.com\/fr\/produit\/pvc-profiles-adhesive-966-colle-solvantee-pvc\/"]}]},{"@type":"ImageObject","inLanguage":"fr-FR","@id":"https:\/\/penosil.com\/fr\/produit\/pvc-profiles-adhesive-966-colle-solvantee-pvc\/#primaryimage","url":"https:\/\/penosil.com\/fr\/wp-content\/uploads\/sites\/6\/2025\/05\/966_PVC_Profiles_Adhesive_966_FR-1.png","contentUrl":"https:\/\/penosil.com\/fr\/wp-content\/uploads\/sites\/6\/2025\/05\/966_PVC_Profiles_Adhesive_966_FR-1.png","width":523,"height":1080,"caption":"Produit PENOSIL PVC Profiles Adhesive 966."},{"@type":"BreadcrumbList","@id":"https:\/\/penosil.com\/fr\/produit\/pvc-profiles-adhesive-966-colle-solvantee-pvc\/#breadcrumb","itemListElement":[{"@type":"ListItem","position":1,"name":"Accueil","item":"https:\/\/penosil.com\/fr\/"},{"@type":"ListItem","position":2,"name":"Produits","item":"https:\/\/penosil.com\/fr\/produits-penosil\/"},{"@type":"ListItem","position":3,"name":"PVC Profiles Adhesive 966"}]},{"@type":"WebSite","@id":"https:\/\/penosil.com\/fr\/#website","url":"https:\/\/penosil.com\/fr\/","name":"Penosil France","description":"","potentialAction":[{"@type":"SearchAction","target":{"@type":"EntryPoint","urlTemplate":"https:\/\/penosil.com\/fr\/?s={search_term_string}"},"query-input":{"@type":"PropertyValueSpecification","valueRequired":true,"valueName":"search_term_string"}}],"inLanguage":"fr-FR"}]}},"featured_img":"https:\/\/penosil.com\/fr\/wp-content\/uploads\/sites\/6\/2025\/05\/966_PVC_Profiles_Adhesive_966_FR-1.png","coauthors":[],"author_meta":{"author_link":"https:\/\/penosil.com\/fr\/author\/josephine\/","display_name":"josephine"},"relative_dates":{"created":"Publi\u00e9 11 mois il y a","modified":"Mis \u00e0 jour 2 semaines il y a"},"absolute_dates":{"created":"Publi\u00e9 le 28 mai 2025","modified":"Mise \u00e0 jour le 31 mars 2026"},"absolute_dates_time":{"created":"Publi\u00e9 le 28 mai 2025 11h39","modified":"Mise \u00e0 jour le 31 mars 2026 1h23"},"featured_img_caption":"Produit PENOSIL PVC Profiles Adhesive 966.","tax_additional":{"product_brand":{"linked":[],"unlinked":[],"slug":"product_brand","name":"Marques"},"product_type":{"linked":["<a href=\"https:\/\/penosil.com\/fr\/?taxonomy=product_type&#038;term=variable\" class=\"advgb-post-tax-term\">variable<\/a>"],"unlinked":["<span class=\"advgb-post-tax-term\">variable<\/span>"],"slug":"product_type","name":"Type de produit"},"product_visibility":{"linked":["<a href=\"https:\/\/penosil.com\/fr\/en\/?taxonomy=product_visibility&#038;term=outofstock\" class=\"advgb-post-tax-term\">outofstock<\/a>"],"unlinked":["<span class=\"advgb-post-tax-term\">outofstock<\/span>"],"slug":"product_visibility","name":"Visibilit\u00e9 du produit"},"product_cat":{"linked":["<a href=\"https:\/\/penosil.com\/fr\/categorie-produit\/categories-de-produits\/nouveaux-produits\/\" class=\"advgb-post-tax-term\">Nouveaux produits<\/a>","<a href=\"https:\/\/penosil.com\/fr\/categorie-produit\/categories-de-produits\/adhesifs\/adhesifs-solvantes\/\" class=\"advgb-post-tax-term\">Adh\u00e9sifs solvant\u00e9s<\/a>","<a href=\"https:\/\/penosil.com\/fr\/categorie-produit\/categories-de-produits\/adhesifs\/\" class=\"advgb-post-tax-term\">Adh\u00e9sifs<\/a>","<a href=\"https:\/\/penosil.com\/fr\/categorie-produit\/domaines-dapplication\/collage\/\" class=\"advgb-post-tax-term\">Collage<\/a>","<a href=\"https:\/\/penosil.com\/fr\/categorie-produit\/domaines-dapplication\/nouveaux-produits-2\/\" class=\"advgb-post-tax-term\">Nouveaux produits<\/a>"],"unlinked":["<span class=\"advgb-post-tax-term\">Nouveaux produits<\/span>","<span class=\"advgb-post-tax-term\">Adh\u00e9sifs solvant\u00e9s<\/span>","<span class=\"advgb-post-tax-term\">Adh\u00e9sifs<\/span>","<span class=\"advgb-post-tax-term\">Collage<\/span>","<span class=\"advgb-post-tax-term\">Nouveaux produits<\/span>"],"slug":"product_cat","name":"Cat\u00e9gories de produits"},"product_tag":{"linked":[],"unlinked":[],"slug":"product_tag","name":"\u00c9tiquettes produit"},"product_shipping_class":{"linked":[],"unlinked":[],"slug":"product_shipping_class","name":"Classe d\u2019exp\u00e9dition du produit"},"pos_product_visibility":{"linked":[],"unlinked":[],"slug":"pos_product_visibility","name":"Visibilit\u00e9 du produit sur le point de vente"},"pa_couleur":{"linked":["<a href=\"https:\/\/penosil.com\/fr\/en\/?taxonomy=pa_couleur&#038;term=transparent\" class=\"advgb-post-tax-term\">Transparent<\/a>","<a href=\"https:\/\/penosil.com\/fr\/?taxonomy=pa_couleur&#038;term=blanc\" class=\"advgb-post-tax-term\">Blanc<\/a>"],"unlinked":["<span class=\"advgb-post-tax-term\">Transparent<\/span>","<span class=\"advgb-post-tax-term\">Blanc<\/span>"],"slug":"pa_couleur","name":"Product Couleur"},"pa_emballage":{"linked":["<a href=\"https:\/\/penosil.com\/fr\/?taxonomy=pa_emballage&#038;term=175-ml\" class=\"advgb-post-tax-term\">175 ml<\/a>"],"unlinked":["<span class=\"advgb-post-tax-term\">175 ml<\/span>"],"slug":"pa_emballage","name":"Product Emballage"},"translation_priority":{"linked":["<a href=\"https:\/\/penosil.com\/fr\/?taxonomy=translation_priority&#038;term=facultatif\" class=\"advgb-post-tax-term\">Facultatif<\/a>"],"unlinked":["<span class=\"advgb-post-tax-term\">Facultatif<\/span>"],"slug":"translation_priority","name":"Priorit\u00e9s de traduction"}},"series_order":"","_links":{"self":[{"href":"https:\/\/penosil.com\/fr\/wp-json\/wp\/v2\/product\/11467","targetHints":{"allow":["GET"]}}],"collection":[{"href":"https:\/\/penosil.com\/fr\/wp-json\/wp\/v2\/product"}],"about":[{"href":"https:\/\/penosil.com\/fr\/wp-json\/wp\/v2\/types\/product"}],"version-history":[{"count":3,"href":"https:\/\/penosil.com\/fr\/wp-json\/wp\/v2\/product\/11467\/revisions"}],"predecessor-version":[{"id":12414,"href":"https:\/\/penosil.com\/fr\/wp-json\/wp\/v2\/product\/11467\/revisions\/12414"}],"wp:featuredmedia":[{"embeddable":true,"href":"https:\/\/penosil.com\/fr\/wp-json\/wp\/v2\/media\/11468"}],"wp:attachment":[{"href":"https:\/\/penosil.com\/fr\/wp-json\/wp\/v2\/media?parent=11467"}],"wp:term":[{"taxonomy":"product_brand","embeddable":true,"href":"https:\/\/penosil.com\/fr\/wp-json\/wp\/v2\/product_brand?post=11467"},{"taxonomy":"product_cat","embeddable":true,"href":"https:\/\/penosil.com\/fr\/wp-json\/wp\/v2\/product_cat?post=11467"},{"taxonomy":"product_tag","embeddable":true,"href":"https:\/\/penosil.com\/fr\/wp-json\/wp\/v2\/product_tag?post=11467"}],"curies":[{"name":"wp","href":"https:\/\/api.w.org\/{rel}","templated":true}]}}