{"id":12114,"date":"2026-01-27T12:15:45","date_gmt":"2026-01-27T12:15:45","guid":{"rendered":"https:\/\/penosil.com\/fr\/?post_type=product&#038;p=12114"},"modified":"2026-04-14T00:02:43","modified_gmt":"2026-04-14T00:02:43","slug":"mirror-adhesive-364-adhesif-miroir","status":"publish","type":"product","link":"https:\/\/penosil.com\/fr\/produit\/mirror-adhesive-364-adhesif-miroir\/","title":{"rendered":"Mirror Adhesive 364 Adh\u00e9sif miroir"},"content":{"rendered":"<p>Adh\u00e9sif miroir \u00e0 base de silicone \u00e0 polym\u00e9risation neutre, qui durcit au contact de l&#039;humidit\u00e9 atmosph\u00e9rique, assurant une liaison flexible, solide et permanente pour les miroirs sur des surfaces peintes, des carreaux, du m\u00e9tal ou du bois.<\/p>\n","protected":false},"excerpt":{"rendered":"Adh\u00e9sif miroir","protected":false},"author":36,"featured_media":12115,"template":"","meta":{"_acf_changed":false,"advgb_blocks_editor_width":"","advgb_blocks_columns_visual_guide":"","footnotes":""},"product_brand":[],"product_cat":[349],"product_tag":[],"class_list":{"0":"post-12114","1":"product","2":"type-product","3":"status-publish","4":"has-post-thumbnail","6":"product_cat-collage","8":"first","9":"outofstock","10":"taxable","11":"shipping-taxable","12":"purchasable","13":"product-type-simple"},"acf":[],"yoast_head":"<!-- This site is optimized with the Yoast SEO plugin v27.4 - https:\/\/yoast.com\/product\/yoast-seo-wordpress\/ -->\n<title>Mirror Adhesive 364 - Adh\u00e9sif miroir - Penosil France<\/title>\n<meta name=\"description\" content=\"Adh\u00e9sif miroir \u00e0 base de silicone assurant une liaison flexible, solide et permanente pour les miroirs sur surfaces peintes. En savoir plus.\" \/>\n<meta name=\"robots\" content=\"index, follow, max-snippet:-1, max-image-preview:large, max-video-preview:-1\" \/>\n<link rel=\"canonical\" href=\"https:\/\/penosil.com\/fr\/produit\/mirror-adhesive-364-adhesif-miroir\/\" \/>\n<meta property=\"og:locale\" content=\"fr_FR\" \/>\n<meta property=\"og:type\" content=\"article\" \/>\n<meta property=\"og:title\" content=\"Mirror Adhesive 364 - Adh\u00e9sif miroir - Penosil France\" \/>\n<meta property=\"og:description\" content=\"Adh\u00e9sif miroir \u00e0 base de silicone assurant une liaison flexible, solide et permanente pour les miroirs sur surfaces peintes. En savoir plus.\" \/>\n<meta property=\"og:url\" content=\"https:\/\/penosil.com\/fr\/produit\/mirror-adhesive-364-adhesif-miroir\/\" \/>\n<meta property=\"og:site_name\" content=\"Penosil France\" \/>\n<meta property=\"article:modified_time\" content=\"2026-04-14T00:02:43+00:00\" \/>\n<meta property=\"og:image\" content=\"https:\/\/penosil.com\/fr\/wp-content\/uploads\/sites\/6\/2026\/01\/364_Mirror_Adhesive_364_FR2028129.png\" \/>\n\t<meta property=\"og:image:width\" content=\"387\" \/>\n\t<meta property=\"og:image:height\" content=\"1080\" \/>\n\t<meta property=\"og:image:type\" content=\"image\/png\" \/>\n<meta name=\"twitter:card\" content=\"summary_large_image\" \/>\n<meta name=\"twitter:label1\" content=\"Dur\u00e9e de lecture estim\u00e9e\" \/>\n\t<meta name=\"twitter:data1\" content=\"4 minutes\" \/>\n<script type=\"application\/ld+json\" class=\"yoast-schema-graph\">{\"@context\":\"https:\\\/\\\/schema.org\",\"@graph\":[{\"@type\":\"WebPage\",\"@id\":\"https:\\\/\\\/penosil.com\\\/fr\\\/produit\\\/mirror-adhesive-364-adhesif-miroir\\\/\",\"url\":\"https:\\\/\\\/penosil.com\\\/fr\\\/produit\\\/mirror-adhesive-364-adhesif-miroir\\\/\",\"name\":\"Mirror Adhesive 364 - Adh\u00e9sif miroir - Penosil France\",\"isPartOf\":{\"@id\":\"https:\\\/\\\/penosil.com\\\/fr\\\/#website\"},\"primaryImageOfPage\":{\"@id\":\"https:\\\/\\\/penosil.com\\\/fr\\\/produit\\\/mirror-adhesive-364-adhesif-miroir\\\/#primaryimage\"},\"image\":{\"@id\":\"https:\\\/\\\/penosil.com\\\/fr\\\/produit\\\/mirror-adhesive-364-adhesif-miroir\\\/#primaryimage\"},\"thumbnailUrl\":\"https:\\\/\\\/penosil.com\\\/fr\\\/wp-content\\\/uploads\\\/sites\\\/6\\\/2026\\\/01\\\/364_Mirror_Adhesive_364_FR2028129.png\",\"datePublished\":\"2026-01-27T12:15:45+00:00\",\"dateModified\":\"2026-04-14T00:02:43+00:00\",\"description\":\"Adh\u00e9sif miroir \u00e0 base de silicone assurant une liaison flexible, solide et permanente pour les miroirs sur surfaces peintes. En savoir plus.\",\"breadcrumb\":{\"@id\":\"https:\\\/\\\/penosil.com\\\/fr\\\/produit\\\/mirror-adhesive-364-adhesif-miroir\\\/#breadcrumb\"},\"inLanguage\":\"fr-FR\",\"potentialAction\":[{\"@type\":\"ReadAction\",\"target\":[\"https:\\\/\\\/penosil.com\\\/fr\\\/produit\\\/mirror-adhesive-364-adhesif-miroir\\\/\"]}]},{\"@type\":\"ImageObject\",\"inLanguage\":\"fr-FR\",\"@id\":\"https:\\\/\\\/penosil.com\\\/fr\\\/produit\\\/mirror-adhesive-364-adhesif-miroir\\\/#primaryimage\",\"url\":\"https:\\\/\\\/penosil.com\\\/fr\\\/wp-content\\\/uploads\\\/sites\\\/6\\\/2026\\\/01\\\/364_Mirror_Adhesive_364_FR2028129.png\",\"contentUrl\":\"https:\\\/\\\/penosil.com\\\/fr\\\/wp-content\\\/uploads\\\/sites\\\/6\\\/2026\\\/01\\\/364_Mirror_Adhesive_364_FR2028129.png\",\"width\":387,\"height\":1080},{\"@type\":\"BreadcrumbList\",\"@id\":\"https:\\\/\\\/penosil.com\\\/fr\\\/produit\\\/mirror-adhesive-364-adhesif-miroir\\\/#breadcrumb\",\"itemListElement\":[{\"@type\":\"ListItem\",\"position\":1,\"name\":\"Accueil\",\"item\":\"https:\\\/\\\/penosil.com\\\/fr\\\/\"},{\"@type\":\"ListItem\",\"position\":2,\"name\":\"Produits\",\"item\":\"https:\\\/\\\/penosil.com\\\/fr\\\/produits-penosil\\\/\"},{\"@type\":\"ListItem\",\"position\":3,\"name\":\"Mirror Adhesive 364 Adh\u00e9sif miroir\"}]},{\"@type\":\"WebSite\",\"@id\":\"https:\\\/\\\/penosil.com\\\/fr\\\/#website\",\"url\":\"https:\\\/\\\/penosil.com\\\/fr\\\/\",\"name\":\"Penosil France\",\"description\":\"\",\"potentialAction\":[{\"@type\":\"SearchAction\",\"target\":{\"@type\":\"EntryPoint\",\"urlTemplate\":\"https:\\\/\\\/penosil.com\\\/fr\\\/?s={search_term_string}\"},\"query-input\":{\"@type\":\"PropertyValueSpecification\",\"valueRequired\":true,\"valueName\":\"search_term_string\"}}],\"inLanguage\":\"fr-FR\"}]}<\/script>\n<!-- \/ Yoast SEO plugin. -->","yoast_head_json":{"title":"Mirror Adhesive 364 - Adh\u00e9sif miroir - Penosil France","description":"Adh\u00e9sif miroir \u00e0 base de silicone assurant une liaison flexible, solide et permanente pour les miroirs sur surfaces peintes. En savoir plus.","robots":{"index":"index","follow":"follow","max-snippet":"max-snippet:-1","max-image-preview":"max-image-preview:large","max-video-preview":"max-video-preview:-1"},"canonical":"https:\/\/penosil.com\/fr\/produit\/mirror-adhesive-364-adhesif-miroir\/","og_locale":"fr_FR","og_type":"article","og_title":"Mirror Adhesive 364 - Adh\u00e9sif miroir - Penosil France","og_description":"Adh\u00e9sif miroir \u00e0 base de silicone assurant une liaison flexible, solide et permanente pour les miroirs sur surfaces peintes. En savoir plus.","og_url":"https:\/\/penosil.com\/fr\/produit\/mirror-adhesive-364-adhesif-miroir\/","og_site_name":"Penosil France","article_modified_time":"2026-04-14T00:02:43+00:00","og_image":[{"width":387,"height":1080,"url":"https:\/\/penosil.com\/fr\/wp-content\/uploads\/sites\/6\/2026\/01\/364_Mirror_Adhesive_364_FR2028129.png","type":"image\/png"}],"twitter_card":"summary_large_image","twitter_misc":{"Dur\u00e9e de lecture estim\u00e9e":"4 minutes"},"schema":{"@context":"https:\/\/schema.org","@graph":[{"@type":"WebPage","@id":"https:\/\/penosil.com\/fr\/produit\/mirror-adhesive-364-adhesif-miroir\/","url":"https:\/\/penosil.com\/fr\/produit\/mirror-adhesive-364-adhesif-miroir\/","name":"Mirror Adhesive 364 - Adh\u00e9sif miroir - Penosil France","isPartOf":{"@id":"https:\/\/penosil.com\/fr\/#website"},"primaryImageOfPage":{"@id":"https:\/\/penosil.com\/fr\/produit\/mirror-adhesive-364-adhesif-miroir\/#primaryimage"},"image":{"@id":"https:\/\/penosil.com\/fr\/produit\/mirror-adhesive-364-adhesif-miroir\/#primaryimage"},"thumbnailUrl":"https:\/\/penosil.com\/fr\/wp-content\/uploads\/sites\/6\/2026\/01\/364_Mirror_Adhesive_364_FR2028129.png","datePublished":"2026-01-27T12:15:45+00:00","dateModified":"2026-04-14T00:02:43+00:00","description":"Adh\u00e9sif miroir \u00e0 base de silicone assurant une liaison flexible, solide et permanente pour les miroirs sur surfaces peintes. En savoir plus.","breadcrumb":{"@id":"https:\/\/penosil.com\/fr\/produit\/mirror-adhesive-364-adhesif-miroir\/#breadcrumb"},"inLanguage":"fr-FR","potentialAction":[{"@type":"ReadAction","target":["https:\/\/penosil.com\/fr\/produit\/mirror-adhesive-364-adhesif-miroir\/"]}]},{"@type":"ImageObject","inLanguage":"fr-FR","@id":"https:\/\/penosil.com\/fr\/produit\/mirror-adhesive-364-adhesif-miroir\/#primaryimage","url":"https:\/\/penosil.com\/fr\/wp-content\/uploads\/sites\/6\/2026\/01\/364_Mirror_Adhesive_364_FR2028129.png","contentUrl":"https:\/\/penosil.com\/fr\/wp-content\/uploads\/sites\/6\/2026\/01\/364_Mirror_Adhesive_364_FR2028129.png","width":387,"height":1080},{"@type":"BreadcrumbList","@id":"https:\/\/penosil.com\/fr\/produit\/mirror-adhesive-364-adhesif-miroir\/#breadcrumb","itemListElement":[{"@type":"ListItem","position":1,"name":"Accueil","item":"https:\/\/penosil.com\/fr\/"},{"@type":"ListItem","position":2,"name":"Produits","item":"https:\/\/penosil.com\/fr\/produits-penosil\/"},{"@type":"ListItem","position":3,"name":"Mirror Adhesive 364 Adh\u00e9sif miroir"}]},{"@type":"WebSite","@id":"https:\/\/penosil.com\/fr\/#website","url":"https:\/\/penosil.com\/fr\/","name":"Penosil France","description":"","potentialAction":[{"@type":"SearchAction","target":{"@type":"EntryPoint","urlTemplate":"https:\/\/penosil.com\/fr\/?s={search_term_string}"},"query-input":{"@type":"PropertyValueSpecification","valueRequired":true,"valueName":"search_term_string"}}],"inLanguage":"fr-FR"}]}},"featured_img":"https:\/\/penosil.com\/fr\/wp-content\/uploads\/sites\/6\/2026\/01\/364_Mirror_Adhesive_364_FR2028129.png","coauthors":[],"author_meta":{"author_link":"https:\/\/penosil.com\/fr\/author\/josephine\/","display_name":"josephine"},"relative_dates":{"created":"Publi\u00e9 3 mois il y a","modified":"Mis \u00e0 jour 7 jours il y a"},"absolute_dates":{"created":"Publi\u00e9 le 27 janvier 2026","modified":"Mise \u00e0 jour le 14 avril 2026"},"absolute_dates_time":{"created":"Publi\u00e9 le 27 janvier 2026 12h15","modified":"Mise \u00e0 jour le 14 avril 2026 0h02"},"featured_img_caption":"","tax_additional":{"product_brand":{"linked":[],"unlinked":[],"slug":"product_brand","name":"Marques"},"product_type":{"linked":["<a href=\"https:\/\/penosil.com\/fr\/?taxonomy=product_type&#038;term=simple\" class=\"advgb-post-tax-term\">simple<\/a>"],"unlinked":["<span class=\"advgb-post-tax-term\">simple<\/span>"],"slug":"product_type","name":"Type de produit"},"product_visibility":{"linked":["<a href=\"https:\/\/penosil.com\/fr\/en\/?taxonomy=product_visibility&#038;term=outofstock\" class=\"advgb-post-tax-term\">outofstock<\/a>"],"unlinked":["<span class=\"advgb-post-tax-term\">outofstock<\/span>"],"slug":"product_visibility","name":"Visibilit\u00e9 du produit"},"product_cat":{"linked":["<a href=\"https:\/\/penosil.com\/fr\/categorie-produit\/domaines-dapplication\/collage\/\" class=\"advgb-post-tax-term\">Collage<\/a>"],"unlinked":["<span class=\"advgb-post-tax-term\">Collage<\/span>"],"slug":"product_cat","name":"Cat\u00e9gories de produits"},"product_tag":{"linked":[],"unlinked":[],"slug":"product_tag","name":"\u00c9tiquettes produit"},"product_shipping_class":{"linked":[],"unlinked":[],"slug":"product_shipping_class","name":"Classe d\u2019exp\u00e9dition du produit"},"pos_product_visibility":{"linked":[],"unlinked":[],"slug":"pos_product_visibility","name":"Visibilit\u00e9 du produit sur le point de vente"},"pa_couleur":{"linked":["<a href=\"https:\/\/penosil.com\/fr\/?taxonomy=pa_couleur&#038;term=blanc\" class=\"advgb-post-tax-term\">Blanc<\/a>"],"unlinked":["<span class=\"advgb-post-tax-term\">Blanc<\/span>"],"slug":"pa_couleur","name":"Product Couleur"},"pa_emballage":{"linked":[],"unlinked":[],"slug":"pa_emballage","name":"Product Emballage"},"translation_priority":{"linked":["<a href=\"https:\/\/penosil.com\/fr\/?taxonomy=translation_priority&#038;term=facultatif\" class=\"advgb-post-tax-term\">Facultatif<\/a>"],"unlinked":["<span class=\"advgb-post-tax-term\">Facultatif<\/span>"],"slug":"translation_priority","name":"Priorit\u00e9s de traduction"}},"series_order":"","_links":{"self":[{"href":"https:\/\/penosil.com\/fr\/wp-json\/wp\/v2\/product\/12114","targetHints":{"allow":["GET"]}}],"collection":[{"href":"https:\/\/penosil.com\/fr\/wp-json\/wp\/v2\/product"}],"about":[{"href":"https:\/\/penosil.com\/fr\/wp-json\/wp\/v2\/types\/product"}],"version-history":[{"count":8,"href":"https:\/\/penosil.com\/fr\/wp-json\/wp\/v2\/product\/12114\/revisions"}],"predecessor-version":[{"id":12422,"href":"https:\/\/penosil.com\/fr\/wp-json\/wp\/v2\/product\/12114\/revisions\/12422"}],"wp:featuredmedia":[{"embeddable":true,"href":"https:\/\/penosil.com\/fr\/wp-json\/wp\/v2\/media\/12115"}],"wp:attachment":[{"href":"https:\/\/penosil.com\/fr\/wp-json\/wp\/v2\/media?parent=12114"}],"wp:term":[{"taxonomy":"product_brand","embeddable":true,"href":"https:\/\/penosil.com\/fr\/wp-json\/wp\/v2\/product_brand?post=12114"},{"taxonomy":"product_cat","embeddable":true,"href":"https:\/\/penosil.com\/fr\/wp-json\/wp\/v2\/product_cat?post=12114"},{"taxonomy":"product_tag","embeddable":true,"href":"https:\/\/penosil.com\/fr\/wp-json\/wp\/v2\/product_tag?post=12114"}],"curies":[{"name":"wp","href":"https:\/\/api.w.org\/{rel}","templated":true}]}}