{"id":12121,"date":"2026-01-29T08:39:41","date_gmt":"2026-01-29T08:39:41","guid":{"rendered":"https:\/\/penosil.com\/fr\/?post_type=product&#038;p=12121"},"modified":"2026-04-15T00:02:28","modified_gmt":"2026-04-15T00:02:28","slug":"speedfix-epdm-740-colle-adhesive-epdm-hybride","status":"publish","type":"product","link":"https:\/\/penosil.com\/fr\/produit\/speedfix-epdm-740-colle-adhesive-epdm-hybride\/","title":{"rendered":"SpeedFix EPDM 740"},"content":{"rendered":"<p>Colle hybride \u00e9lastique \u00e0 un composant, qui durcit sous l&#039;influence de l&#039;humidit\u00e9 et laisse une couche permanente de caoutchouc \u00e9lastique, sp\u00e9cialement con\u00e7ue pour raccorder les membranes EPDM.<\/p>\n","protected":false},"excerpt":{"rendered":"Colle hybride \u00e9lastique \u00e0 un composant, qui durcit sous l&#039;influence de l&#039;humidit\u00e9 et laisse une couche permanente de caoutchouc \u00e9lastique, sp\u00e9cialement con\u00e7ue pour raccorder les membranes EPDM.","protected":false},"author":36,"featured_media":12282,"template":"","meta":{"_acf_changed":false,"advgb_blocks_editor_width":"","advgb_blocks_columns_visual_guide":"","footnotes":""},"product_brand":[],"product_cat":[1379,349],"product_tag":[],"class_list":{"0":"post-12121","1":"product","2":"type-product","3":"status-publish","4":"has-post-thumbnail","6":"product_cat-adhesifs","7":"product_cat-collage","9":"first","10":"outofstock","11":"taxable","12":"shipping-taxable","13":"purchasable","14":"product-type-variable"},"acf":[],"yoast_head":"<!-- This site is optimized with the Yoast SEO plugin v27.4 - https:\/\/yoast.com\/product\/yoast-seo-wordpress\/ -->\n<title>Colle adh\u00e9sive EPDM - SpeedFix EPDM 740 - Penosil France<\/title>\n<meta name=\"description\" content=\"Colle adh\u00e9sive EPDM hybride en poche de 600 ml sp\u00e9cialement con\u00e7ue pour raccorder les membranes EPDM. Cliquez pour en savoir plus.\" \/>\n<meta name=\"robots\" content=\"index, follow, max-snippet:-1, max-image-preview:large, max-video-preview:-1\" \/>\n<link rel=\"canonical\" href=\"https:\/\/penosil.com\/fr\/produit\/speedfix-epdm-740-colle-adhesive-epdm-hybride\/\" \/>\n<meta property=\"og:locale\" content=\"fr_FR\" \/>\n<meta property=\"og:type\" content=\"article\" \/>\n<meta property=\"og:title\" content=\"Colle adh\u00e9sive EPDM - SpeedFix EPDM 740 - Penosil France\" \/>\n<meta property=\"og:description\" content=\"Colle adh\u00e9sive EPDM hybride en poche de 600 ml sp\u00e9cialement con\u00e7ue pour raccorder les membranes EPDM. Cliquez pour en savoir plus.\" \/>\n<meta property=\"og:url\" content=\"https:\/\/penosil.com\/fr\/produit\/speedfix-epdm-740-colle-adhesive-epdm-hybride\/\" \/>\n<meta property=\"og:site_name\" content=\"Penosil France\" \/>\n<meta property=\"article:modified_time\" content=\"2026-04-15T00:02:28+00:00\" \/>\n<meta property=\"og:image\" content=\"https:\/\/penosil.com\/fr\/wp-content\/uploads\/sites\/6\/2026\/01\/740_SpeedFix_EPDM_740_FR.png\" \/>\n\t<meta property=\"og:image:width\" content=\"387\" \/>\n\t<meta property=\"og:image:height\" content=\"1080\" \/>\n\t<meta property=\"og:image:type\" content=\"image\/png\" \/>\n<meta name=\"twitter:card\" content=\"summary_large_image\" \/>\n<meta name=\"twitter:label1\" content=\"Dur\u00e9e de lecture estim\u00e9e\" \/>\n\t<meta name=\"twitter:data1\" content=\"3 minutes\" \/>\n<script type=\"application\/ld+json\" class=\"yoast-schema-graph\">{\"@context\":\"https:\\\/\\\/schema.org\",\"@graph\":[{\"@type\":\"WebPage\",\"@id\":\"https:\\\/\\\/penosil.com\\\/fr\\\/produit\\\/speedfix-epdm-740-colle-adhesive-epdm-hybride\\\/\",\"url\":\"https:\\\/\\\/penosil.com\\\/fr\\\/produit\\\/speedfix-epdm-740-colle-adhesive-epdm-hybride\\\/\",\"name\":\"Colle adh\u00e9sive EPDM - SpeedFix EPDM 740 - Penosil France\",\"isPartOf\":{\"@id\":\"https:\\\/\\\/penosil.com\\\/fr\\\/#website\"},\"primaryImageOfPage\":{\"@id\":\"https:\\\/\\\/penosil.com\\\/fr\\\/produit\\\/speedfix-epdm-740-colle-adhesive-epdm-hybride\\\/#primaryimage\"},\"image\":{\"@id\":\"https:\\\/\\\/penosil.com\\\/fr\\\/produit\\\/speedfix-epdm-740-colle-adhesive-epdm-hybride\\\/#primaryimage\"},\"thumbnailUrl\":\"https:\\\/\\\/penosil.com\\\/fr\\\/wp-content\\\/uploads\\\/sites\\\/6\\\/2026\\\/01\\\/740_SpeedFix_EPDM_740_FR.png\",\"datePublished\":\"2026-01-29T08:39:41+00:00\",\"dateModified\":\"2026-04-15T00:02:28+00:00\",\"description\":\"Colle adh\u00e9sive EPDM hybride en poche de 600 ml sp\u00e9cialement con\u00e7ue pour raccorder les membranes EPDM. Cliquez pour en savoir plus.\",\"breadcrumb\":{\"@id\":\"https:\\\/\\\/penosil.com\\\/fr\\\/produit\\\/speedfix-epdm-740-colle-adhesive-epdm-hybride\\\/#breadcrumb\"},\"inLanguage\":\"fr-FR\",\"potentialAction\":[{\"@type\":\"ReadAction\",\"target\":[\"https:\\\/\\\/penosil.com\\\/fr\\\/produit\\\/speedfix-epdm-740-colle-adhesive-epdm-hybride\\\/\"]}]},{\"@type\":\"ImageObject\",\"inLanguage\":\"fr-FR\",\"@id\":\"https:\\\/\\\/penosil.com\\\/fr\\\/produit\\\/speedfix-epdm-740-colle-adhesive-epdm-hybride\\\/#primaryimage\",\"url\":\"https:\\\/\\\/penosil.com\\\/fr\\\/wp-content\\\/uploads\\\/sites\\\/6\\\/2026\\\/01\\\/740_SpeedFix_EPDM_740_FR.png\",\"contentUrl\":\"https:\\\/\\\/penosil.com\\\/fr\\\/wp-content\\\/uploads\\\/sites\\\/6\\\/2026\\\/01\\\/740_SpeedFix_EPDM_740_FR.png\",\"width\":387,\"height\":1080},{\"@type\":\"BreadcrumbList\",\"@id\":\"https:\\\/\\\/penosil.com\\\/fr\\\/produit\\\/speedfix-epdm-740-colle-adhesive-epdm-hybride\\\/#breadcrumb\",\"itemListElement\":[{\"@type\":\"ListItem\",\"position\":1,\"name\":\"Accueil\",\"item\":\"https:\\\/\\\/penosil.com\\\/fr\\\/\"},{\"@type\":\"ListItem\",\"position\":2,\"name\":\"Produits\",\"item\":\"https:\\\/\\\/penosil.com\\\/fr\\\/produits-penosil\\\/\"},{\"@type\":\"ListItem\",\"position\":3,\"name\":\"SpeedFix EPDM 740\"}]},{\"@type\":\"WebSite\",\"@id\":\"https:\\\/\\\/penosil.com\\\/fr\\\/#website\",\"url\":\"https:\\\/\\\/penosil.com\\\/fr\\\/\",\"name\":\"Penosil France\",\"description\":\"\",\"potentialAction\":[{\"@type\":\"SearchAction\",\"target\":{\"@type\":\"EntryPoint\",\"urlTemplate\":\"https:\\\/\\\/penosil.com\\\/fr\\\/?s={search_term_string}\"},\"query-input\":{\"@type\":\"PropertyValueSpecification\",\"valueRequired\":true,\"valueName\":\"search_term_string\"}}],\"inLanguage\":\"fr-FR\"}]}<\/script>\n<!-- \/ Yoast SEO plugin. -->","yoast_head_json":{"title":"Colle adh\u00e9sive EPDM - SpeedFix EPDM 740 - Penosil France","description":"Colle adh\u00e9sive EPDM hybride en poche de 600 ml sp\u00e9cialement con\u00e7ue pour raccorder les membranes EPDM. Cliquez pour en savoir plus.","robots":{"index":"index","follow":"follow","max-snippet":"max-snippet:-1","max-image-preview":"max-image-preview:large","max-video-preview":"max-video-preview:-1"},"canonical":"https:\/\/penosil.com\/fr\/produit\/speedfix-epdm-740-colle-adhesive-epdm-hybride\/","og_locale":"fr_FR","og_type":"article","og_title":"Colle adh\u00e9sive EPDM - SpeedFix EPDM 740 - Penosil France","og_description":"Colle adh\u00e9sive EPDM hybride en poche de 600 ml sp\u00e9cialement con\u00e7ue pour raccorder les membranes EPDM. Cliquez pour en savoir plus.","og_url":"https:\/\/penosil.com\/fr\/produit\/speedfix-epdm-740-colle-adhesive-epdm-hybride\/","og_site_name":"Penosil France","article_modified_time":"2026-04-15T00:02:28+00:00","og_image":[{"width":387,"height":1080,"url":"https:\/\/penosil.com\/fr\/wp-content\/uploads\/sites\/6\/2026\/01\/740_SpeedFix_EPDM_740_FR.png","type":"image\/png"}],"twitter_card":"summary_large_image","twitter_misc":{"Dur\u00e9e de lecture estim\u00e9e":"3 minutes"},"schema":{"@context":"https:\/\/schema.org","@graph":[{"@type":"WebPage","@id":"https:\/\/penosil.com\/fr\/produit\/speedfix-epdm-740-colle-adhesive-epdm-hybride\/","url":"https:\/\/penosil.com\/fr\/produit\/speedfix-epdm-740-colle-adhesive-epdm-hybride\/","name":"Colle adh\u00e9sive EPDM - SpeedFix EPDM 740 - Penosil France","isPartOf":{"@id":"https:\/\/penosil.com\/fr\/#website"},"primaryImageOfPage":{"@id":"https:\/\/penosil.com\/fr\/produit\/speedfix-epdm-740-colle-adhesive-epdm-hybride\/#primaryimage"},"image":{"@id":"https:\/\/penosil.com\/fr\/produit\/speedfix-epdm-740-colle-adhesive-epdm-hybride\/#primaryimage"},"thumbnailUrl":"https:\/\/penosil.com\/fr\/wp-content\/uploads\/sites\/6\/2026\/01\/740_SpeedFix_EPDM_740_FR.png","datePublished":"2026-01-29T08:39:41+00:00","dateModified":"2026-04-15T00:02:28+00:00","description":"Colle adh\u00e9sive EPDM hybride en poche de 600 ml sp\u00e9cialement con\u00e7ue pour raccorder les membranes EPDM. Cliquez pour en savoir plus.","breadcrumb":{"@id":"https:\/\/penosil.com\/fr\/produit\/speedfix-epdm-740-colle-adhesive-epdm-hybride\/#breadcrumb"},"inLanguage":"fr-FR","potentialAction":[{"@type":"ReadAction","target":["https:\/\/penosil.com\/fr\/produit\/speedfix-epdm-740-colle-adhesive-epdm-hybride\/"]}]},{"@type":"ImageObject","inLanguage":"fr-FR","@id":"https:\/\/penosil.com\/fr\/produit\/speedfix-epdm-740-colle-adhesive-epdm-hybride\/#primaryimage","url":"https:\/\/penosil.com\/fr\/wp-content\/uploads\/sites\/6\/2026\/01\/740_SpeedFix_EPDM_740_FR.png","contentUrl":"https:\/\/penosil.com\/fr\/wp-content\/uploads\/sites\/6\/2026\/01\/740_SpeedFix_EPDM_740_FR.png","width":387,"height":1080},{"@type":"BreadcrumbList","@id":"https:\/\/penosil.com\/fr\/produit\/speedfix-epdm-740-colle-adhesive-epdm-hybride\/#breadcrumb","itemListElement":[{"@type":"ListItem","position":1,"name":"Accueil","item":"https:\/\/penosil.com\/fr\/"},{"@type":"ListItem","position":2,"name":"Produits","item":"https:\/\/penosil.com\/fr\/produits-penosil\/"},{"@type":"ListItem","position":3,"name":"SpeedFix EPDM 740"}]},{"@type":"WebSite","@id":"https:\/\/penosil.com\/fr\/#website","url":"https:\/\/penosil.com\/fr\/","name":"Penosil France","description":"","potentialAction":[{"@type":"SearchAction","target":{"@type":"EntryPoint","urlTemplate":"https:\/\/penosil.com\/fr\/?s={search_term_string}"},"query-input":{"@type":"PropertyValueSpecification","valueRequired":true,"valueName":"search_term_string"}}],"inLanguage":"fr-FR"}]}},"featured_img":"https:\/\/penosil.com\/fr\/wp-content\/uploads\/sites\/6\/2026\/01\/740_SpeedFix_EPDM_740_FR.png","coauthors":[],"author_meta":{"author_link":"https:\/\/penosil.com\/fr\/author\/josephine\/","display_name":"josephine"},"relative_dates":{"created":"Publi\u00e9 3 mois il y a","modified":"Mis \u00e0 jour 6 jours il y a"},"absolute_dates":{"created":"Publi\u00e9 le 29 janvier 2026","modified":"Mise \u00e0 jour le 15 avril 2026"},"absolute_dates_time":{"created":"Publi\u00e9 le 29 janvier 2026 8h39","modified":"Mise \u00e0 jour le 15 avril 2026 0h02"},"featured_img_caption":"","tax_additional":{"product_brand":{"linked":[],"unlinked":[],"slug":"product_brand","name":"Marques"},"product_type":{"linked":["<a href=\"https:\/\/penosil.com\/fr\/?taxonomy=product_type&#038;term=variable\" class=\"advgb-post-tax-term\">variable<\/a>"],"unlinked":["<span class=\"advgb-post-tax-term\">variable<\/span>"],"slug":"product_type","name":"Type de produit"},"product_visibility":{"linked":["<a href=\"https:\/\/penosil.com\/fr\/en\/?taxonomy=product_visibility&#038;term=outofstock\" class=\"advgb-post-tax-term\">outofstock<\/a>"],"unlinked":["<span class=\"advgb-post-tax-term\">outofstock<\/span>"],"slug":"product_visibility","name":"Visibilit\u00e9 du produit"},"product_cat":{"linked":["<a href=\"https:\/\/penosil.com\/fr\/categorie-produit\/categories-de-produits\/adhesifs\/\" class=\"advgb-post-tax-term\">Adh\u00e9sifs<\/a>","<a href=\"https:\/\/penosil.com\/fr\/categorie-produit\/domaines-dapplication\/collage\/\" class=\"advgb-post-tax-term\">Collage<\/a>"],"unlinked":["<span class=\"advgb-post-tax-term\">Adh\u00e9sifs<\/span>","<span class=\"advgb-post-tax-term\">Collage<\/span>"],"slug":"product_cat","name":"Cat\u00e9gories de produits"},"product_tag":{"linked":[],"unlinked":[],"slug":"product_tag","name":"\u00c9tiquettes produit"},"product_shipping_class":{"linked":[],"unlinked":[],"slug":"product_shipping_class","name":"Classe d\u2019exp\u00e9dition du produit"},"pos_product_visibility":{"linked":[],"unlinked":[],"slug":"pos_product_visibility","name":"Visibilit\u00e9 du produit sur le point de vente"},"pa_couleur":{"linked":["<a href=\"https:\/\/penosil.com\/fr\/?taxonomy=pa_couleur&#038;term=noir\" class=\"advgb-post-tax-term\">Noir<\/a>"],"unlinked":["<span class=\"advgb-post-tax-term\">Noir<\/span>"],"slug":"pa_couleur","name":"Product Couleur"},"pa_emballage":{"linked":["<a href=\"https:\/\/penosil.com\/fr\/?taxonomy=pa_emballage&#038;term=290-ml\" class=\"advgb-post-tax-term\">290 ml<\/a>","<a href=\"https:\/\/penosil.com\/fr\/?taxonomy=pa_emballage&#038;term=600-ml\" class=\"advgb-post-tax-term\">600 ml<\/a>"],"unlinked":["<span class=\"advgb-post-tax-term\">290 ml<\/span>","<span class=\"advgb-post-tax-term\">600 ml<\/span>"],"slug":"pa_emballage","name":"Product Emballage"},"translation_priority":{"linked":["<a href=\"https:\/\/penosil.com\/fr\/?taxonomy=translation_priority&#038;term=facultatif\" class=\"advgb-post-tax-term\">Facultatif<\/a>"],"unlinked":["<span class=\"advgb-post-tax-term\">Facultatif<\/span>"],"slug":"translation_priority","name":"Priorit\u00e9s de traduction"}},"series_order":"","_links":{"self":[{"href":"https:\/\/penosil.com\/fr\/wp-json\/wp\/v2\/product\/12121","targetHints":{"allow":["GET"]}}],"collection":[{"href":"https:\/\/penosil.com\/fr\/wp-json\/wp\/v2\/product"}],"about":[{"href":"https:\/\/penosil.com\/fr\/wp-json\/wp\/v2\/types\/product"}],"version-history":[{"count":13,"href":"https:\/\/penosil.com\/fr\/wp-json\/wp\/v2\/product\/12121\/revisions"}],"predecessor-version":[{"id":12292,"href":"https:\/\/penosil.com\/fr\/wp-json\/wp\/v2\/product\/12121\/revisions\/12292"}],"wp:featuredmedia":[{"embeddable":true,"href":"https:\/\/penosil.com\/fr\/wp-json\/wp\/v2\/media\/12282"}],"wp:attachment":[{"href":"https:\/\/penosil.com\/fr\/wp-json\/wp\/v2\/media?parent=12121"}],"wp:term":[{"taxonomy":"product_brand","embeddable":true,"href":"https:\/\/penosil.com\/fr\/wp-json\/wp\/v2\/product_brand?post=12121"},{"taxonomy":"product_cat","embeddable":true,"href":"https:\/\/penosil.com\/fr\/wp-json\/wp\/v2\/product_cat?post=12121"},{"taxonomy":"product_tag","embeddable":true,"href":"https:\/\/penosil.com\/fr\/wp-json\/wp\/v2\/product_tag?post=12121"}],"curies":[{"name":"wp","href":"https:\/\/api.w.org\/{rel}","templated":true}]}}