{"id":8644,"date":"2022-09-05T10:00:18","date_gmt":"2022-09-05T10:00:18","guid":{"rendered":"https:\/\/penosil.com\/fr\/?post_type=product&#038;p=8644"},"modified":"2026-04-14T23:00:10","modified_gmt":"2026-04-14T23:00:10","slug":"sanitary-silicone-313-mastic-acetoxy-sanitaire","status":"publish","type":"product","link":"https:\/\/penosil.com\/fr\/produit\/sanitary-silicone-313-mastic-acetoxy-sanitaire\/","title":{"rendered":"Sanitary Silicone 313"},"content":{"rendered":"<p>Mastic silicone ac\u00e9toxy sanitaire \u00e0 usage multiple pour l&rsquo;\u00e9tanch\u00e9it\u00e9 dans les zones humides et mouill\u00e9es.<\/p>\n","protected":false},"excerpt":{"rendered":"Mastic silicone ac\u00e9toxy sanitaire \u00e0 usage multiple pour l&rsquo;\u00e9tanch\u00e9it\u00e9 dans les zones humides et mouill\u00e9es.","protected":false},"author":24,"featured_media":11185,"template":"","meta":{"_acf_changed":false,"advgb_blocks_editor_width":"","advgb_blocks_columns_visual_guide":"","footnotes":""},"product_brand":[],"product_cat":[330,1357,1601,1639,1145],"product_tag":[],"class_list":{"0":"post-8644","1":"product","2":"type-product","3":"status-publish","4":"has-post-thumbnail","6":"product_cat-domaines-dapplication","7":"product_cat-categories-de-produits","8":"product_cat-mastics-detancheites","9":"product_cat-silicones-acetiques","10":"product_cat-sanitaire","12":"first","13":"instock","14":"taxable","15":"shipping-taxable","16":"purchasable","17":"product-type-simple"},"acf":[],"yoast_head":"<!-- This site is optimized with the Yoast SEO plugin v27.2 - https:\/\/yoast.com\/product\/yoast-seo-wordpress\/ -->\n<title>Sanitary Silicone 313 - Silicone ac\u00e9toxy sanitaire - Penosil France<\/title>\n<meta name=\"description\" content=\"PENOSIL Sanitary Silicone 313, mastic silicone ac\u00e9toxy sanitaire \u00e0 usage multiple qui durcit \u00e0 temp\u00e9rature ambiante - En savoir plus!\" \/>\n<meta name=\"robots\" content=\"index, follow, max-snippet:-1, max-image-preview:large, max-video-preview:-1\" \/>\n<link rel=\"canonical\" href=\"https:\/\/penosil.com\/fr\/produit\/sanitary-silicone-313-mastic-acetoxy-sanitaire\/\" \/>\n<meta property=\"og:locale\" content=\"fr_FR\" \/>\n<meta property=\"og:type\" content=\"article\" \/>\n<meta property=\"og:title\" content=\"Sanitary Silicone 313 - Silicone ac\u00e9toxy sanitaire - Penosil France\" \/>\n<meta property=\"og:description\" content=\"PENOSIL Sanitary Silicone 313, mastic silicone ac\u00e9toxy sanitaire \u00e0 usage multiple qui durcit \u00e0 temp\u00e9rature ambiante - En savoir plus!\" \/>\n<meta property=\"og:url\" content=\"https:\/\/penosil.com\/fr\/produit\/sanitary-silicone-313-mastic-acetoxy-sanitaire\/\" \/>\n<meta property=\"og:site_name\" content=\"Penosil France\" \/>\n<meta property=\"article:modified_time\" content=\"2026-04-14T23:00:10+00:00\" \/>\n<meta property=\"og:image\" content=\"https:\/\/penosil.com\/fr\/wp-content\/uploads\/sites\/6\/2022\/09\/313_Sanitary_Silicone_313_FR-1.png\" \/>\n\t<meta property=\"og:image:width\" content=\"387\" \/>\n\t<meta property=\"og:image:height\" content=\"1080\" \/>\n\t<meta property=\"og:image:type\" content=\"image\/png\" \/>\n<meta name=\"twitter:card\" content=\"summary_large_image\" \/>\n<meta name=\"twitter:label1\" content=\"Dur\u00e9e de lecture estim\u00e9e\" \/>\n\t<meta name=\"twitter:data1\" content=\"4 minutes\" \/>\n<script type=\"application\/ld+json\" class=\"yoast-schema-graph\">{\"@context\":\"https:\/\/schema.org\",\"@graph\":[{\"@type\":\"WebPage\",\"@id\":\"https:\/\/penosil.com\/fr\/produit\/sanitary-silicone-313-mastic-acetoxy-sanitaire\/\",\"url\":\"https:\/\/penosil.com\/fr\/produit\/sanitary-silicone-313-mastic-acetoxy-sanitaire\/\",\"name\":\"Sanitary Silicone 313 - Silicone ac\u00e9toxy sanitaire - Penosil France\",\"isPartOf\":{\"@id\":\"https:\/\/penosil.com\/fr\/#website\"},\"primaryImageOfPage\":{\"@id\":\"https:\/\/penosil.com\/fr\/produit\/sanitary-silicone-313-mastic-acetoxy-sanitaire\/#primaryimage\"},\"image\":{\"@id\":\"https:\/\/penosil.com\/fr\/produit\/sanitary-silicone-313-mastic-acetoxy-sanitaire\/#primaryimage\"},\"thumbnailUrl\":\"https:\/\/penosil.com\/fr\/wp-content\/uploads\/sites\/6\/2022\/09\/313_Sanitary_Silicone_313_FR-1.png\",\"datePublished\":\"2022-09-05T10:00:18+00:00\",\"dateModified\":\"2026-04-14T23:00:10+00:00\",\"description\":\"PENOSIL Sanitary Silicone 313, mastic silicone ac\u00e9toxy sanitaire \u00e0 usage multiple qui durcit \u00e0 temp\u00e9rature ambiante - En savoir plus!\",\"breadcrumb\":{\"@id\":\"https:\/\/penosil.com\/fr\/produit\/sanitary-silicone-313-mastic-acetoxy-sanitaire\/#breadcrumb\"},\"inLanguage\":\"fr-FR\",\"potentialAction\":[{\"@type\":\"ReadAction\",\"target\":[\"https:\/\/penosil.com\/fr\/produit\/sanitary-silicone-313-mastic-acetoxy-sanitaire\/\"]}]},{\"@type\":\"ImageObject\",\"inLanguage\":\"fr-FR\",\"@id\":\"https:\/\/penosil.com\/fr\/produit\/sanitary-silicone-313-mastic-acetoxy-sanitaire\/#primaryimage\",\"url\":\"https:\/\/penosil.com\/fr\/wp-content\/uploads\/sites\/6\/2022\/09\/313_Sanitary_Silicone_313_FR-1.png\",\"contentUrl\":\"https:\/\/penosil.com\/fr\/wp-content\/uploads\/sites\/6\/2022\/09\/313_Sanitary_Silicone_313_FR-1.png\",\"width\":387,\"height\":1080,\"caption\":\"Produit PENOSIL Sanitary Silicone 313\"},{\"@type\":\"BreadcrumbList\",\"@id\":\"https:\/\/penosil.com\/fr\/produit\/sanitary-silicone-313-mastic-acetoxy-sanitaire\/#breadcrumb\",\"itemListElement\":[{\"@type\":\"ListItem\",\"position\":1,\"name\":\"Accueil\",\"item\":\"https:\/\/penosil.com\/fr\/\"},{\"@type\":\"ListItem\",\"position\":2,\"name\":\"Produits\",\"item\":\"https:\/\/penosil.com\/fr\/produits-penosil\/\"},{\"@type\":\"ListItem\",\"position\":3,\"name\":\"Sanitary Silicone 313\"}]},{\"@type\":\"WebSite\",\"@id\":\"https:\/\/penosil.com\/fr\/#website\",\"url\":\"https:\/\/penosil.com\/fr\/\",\"name\":\"Penosil France\",\"description\":\"\",\"potentialAction\":[{\"@type\":\"SearchAction\",\"target\":{\"@type\":\"EntryPoint\",\"urlTemplate\":\"https:\/\/penosil.com\/fr\/?s={search_term_string}\"},\"query-input\":{\"@type\":\"PropertyValueSpecification\",\"valueRequired\":true,\"valueName\":\"search_term_string\"}}],\"inLanguage\":\"fr-FR\"}]}<\/script>\n<!-- \/ Yoast SEO plugin. -->","yoast_head_json":{"title":"Sanitary Silicone 313 - Silicone ac\u00e9toxy sanitaire - Penosil France","description":"PENOSIL Sanitary Silicone 313, mastic silicone ac\u00e9toxy sanitaire \u00e0 usage multiple qui durcit \u00e0 temp\u00e9rature ambiante - En savoir plus!","robots":{"index":"index","follow":"follow","max-snippet":"max-snippet:-1","max-image-preview":"max-image-preview:large","max-video-preview":"max-video-preview:-1"},"canonical":"https:\/\/penosil.com\/fr\/produit\/sanitary-silicone-313-mastic-acetoxy-sanitaire\/","og_locale":"fr_FR","og_type":"article","og_title":"Sanitary Silicone 313 - Silicone ac\u00e9toxy sanitaire - Penosil France","og_description":"PENOSIL Sanitary Silicone 313, mastic silicone ac\u00e9toxy sanitaire \u00e0 usage multiple qui durcit \u00e0 temp\u00e9rature ambiante - En savoir plus!","og_url":"https:\/\/penosil.com\/fr\/produit\/sanitary-silicone-313-mastic-acetoxy-sanitaire\/","og_site_name":"Penosil France","article_modified_time":"2026-04-14T23:00:10+00:00","og_image":[{"width":387,"height":1080,"url":"https:\/\/penosil.com\/fr\/wp-content\/uploads\/sites\/6\/2022\/09\/313_Sanitary_Silicone_313_FR-1.png","type":"image\/png"}],"twitter_card":"summary_large_image","twitter_misc":{"Dur\u00e9e de lecture estim\u00e9e":"4 minutes"},"schema":{"@context":"https:\/\/schema.org","@graph":[{"@type":"WebPage","@id":"https:\/\/penosil.com\/fr\/produit\/sanitary-silicone-313-mastic-acetoxy-sanitaire\/","url":"https:\/\/penosil.com\/fr\/produit\/sanitary-silicone-313-mastic-acetoxy-sanitaire\/","name":"Sanitary Silicone 313 - Silicone ac\u00e9toxy sanitaire - Penosil France","isPartOf":{"@id":"https:\/\/penosil.com\/fr\/#website"},"primaryImageOfPage":{"@id":"https:\/\/penosil.com\/fr\/produit\/sanitary-silicone-313-mastic-acetoxy-sanitaire\/#primaryimage"},"image":{"@id":"https:\/\/penosil.com\/fr\/produit\/sanitary-silicone-313-mastic-acetoxy-sanitaire\/#primaryimage"},"thumbnailUrl":"https:\/\/penosil.com\/fr\/wp-content\/uploads\/sites\/6\/2022\/09\/313_Sanitary_Silicone_313_FR-1.png","datePublished":"2022-09-05T10:00:18+00:00","dateModified":"2026-04-14T23:00:10+00:00","description":"PENOSIL Sanitary Silicone 313, mastic silicone ac\u00e9toxy sanitaire \u00e0 usage multiple qui durcit \u00e0 temp\u00e9rature ambiante - En savoir plus!","breadcrumb":{"@id":"https:\/\/penosil.com\/fr\/produit\/sanitary-silicone-313-mastic-acetoxy-sanitaire\/#breadcrumb"},"inLanguage":"fr-FR","potentialAction":[{"@type":"ReadAction","target":["https:\/\/penosil.com\/fr\/produit\/sanitary-silicone-313-mastic-acetoxy-sanitaire\/"]}]},{"@type":"ImageObject","inLanguage":"fr-FR","@id":"https:\/\/penosil.com\/fr\/produit\/sanitary-silicone-313-mastic-acetoxy-sanitaire\/#primaryimage","url":"https:\/\/penosil.com\/fr\/wp-content\/uploads\/sites\/6\/2022\/09\/313_Sanitary_Silicone_313_FR-1.png","contentUrl":"https:\/\/penosil.com\/fr\/wp-content\/uploads\/sites\/6\/2022\/09\/313_Sanitary_Silicone_313_FR-1.png","width":387,"height":1080,"caption":"Produit PENOSIL Sanitary Silicone 313"},{"@type":"BreadcrumbList","@id":"https:\/\/penosil.com\/fr\/produit\/sanitary-silicone-313-mastic-acetoxy-sanitaire\/#breadcrumb","itemListElement":[{"@type":"ListItem","position":1,"name":"Accueil","item":"https:\/\/penosil.com\/fr\/"},{"@type":"ListItem","position":2,"name":"Produits","item":"https:\/\/penosil.com\/fr\/produits-penosil\/"},{"@type":"ListItem","position":3,"name":"Sanitary Silicone 313"}]},{"@type":"WebSite","@id":"https:\/\/penosil.com\/fr\/#website","url":"https:\/\/penosil.com\/fr\/","name":"Penosil France","description":"","potentialAction":[{"@type":"SearchAction","target":{"@type":"EntryPoint","urlTemplate":"https:\/\/penosil.com\/fr\/?s={search_term_string}"},"query-input":{"@type":"PropertyValueSpecification","valueRequired":true,"valueName":"search_term_string"}}],"inLanguage":"fr-FR"}]}},"featured_img":"https:\/\/penosil.com\/fr\/wp-content\/uploads\/sites\/6\/2022\/09\/313_Sanitary_Silicone_313_FR-1.png","coauthors":[],"author_meta":{"author_link":"https:\/\/penosil.com\/fr\/author\/armand\/","display_name":"armand"},"relative_dates":{"created":"Publi\u00e9 4 ans il y a","modified":"Mis \u00e0 jour 1 heure il y a"},"absolute_dates":{"created":"Publi\u00e9 le 5 septembre 2022","modified":"Mise \u00e0 jour le 14 avril 2026"},"absolute_dates_time":{"created":"Publi\u00e9 le 5 septembre 2022 10h00","modified":"Mise \u00e0 jour le 14 avril 2026 23h00"},"featured_img_caption":"Produit PENOSIL Sanitary Silicone 313","tax_additional":{"product_brand":{"linked":[],"unlinked":[],"slug":"product_brand","name":"Marques"},"product_type":{"linked":["<a href=\"https:\/\/penosil.com\/fr\/?taxonomy=product_type&#038;term=simple\" class=\"advgb-post-tax-term\">simple<\/a>"],"unlinked":["<span class=\"advgb-post-tax-term\">simple<\/span>"],"slug":"product_type","name":"Type de produit"},"product_visibility":{"linked":[],"unlinked":[],"slug":"product_visibility","name":"Visibilit\u00e9 du produit"},"product_cat":{"linked":["<a href=\"https:\/\/penosil.com\/fr\/categorie-produit\/domaines-dapplication\/\" class=\"advgb-post-tax-term\">Domaines d&#039;application<\/a>","<a href=\"https:\/\/penosil.com\/fr\/categorie-produit\/categories-de-produits\/\" class=\"advgb-post-tax-term\">Cat\u00e9gories de produits<\/a>","<a href=\"https:\/\/penosil.com\/fr\/categorie-produit\/categories-de-produits\/mastics-detancheites\/\" class=\"advgb-post-tax-term\">Mastics d&#039;\u00e9tanch\u00e9it\u00e9s<\/a>","<a href=\"https:\/\/penosil.com\/fr\/categorie-produit\/categories-de-produits\/mastics-detancheites\/silicones-acetiques\/\" class=\"advgb-post-tax-term\">Silicones ac\u00e9tiques<\/a>","<a href=\"https:\/\/penosil.com\/fr\/categorie-produit\/domaines-dapplication\/sanitaire\/\" class=\"advgb-post-tax-term\">Sanitaire<\/a>"],"unlinked":["<span class=\"advgb-post-tax-term\">Domaines d&#039;application<\/span>","<span class=\"advgb-post-tax-term\">Cat\u00e9gories de produits<\/span>","<span class=\"advgb-post-tax-term\">Mastics d&#039;\u00e9tanch\u00e9it\u00e9s<\/span>","<span class=\"advgb-post-tax-term\">Silicones ac\u00e9tiques<\/span>","<span class=\"advgb-post-tax-term\">Sanitaire<\/span>"],"slug":"product_cat","name":"Cat\u00e9gories de produits"},"product_tag":{"linked":[],"unlinked":[],"slug":"product_tag","name":"\u00c9tiquettes produit"},"product_shipping_class":{"linked":[],"unlinked":[],"slug":"product_shipping_class","name":"Classe d\u2019exp\u00e9dition du produit"},"pos_product_visibility":{"linked":[],"unlinked":[],"slug":"pos_product_visibility","name":"Visibilit\u00e9 du produit sur le point de vente"},"pa_couleur":{"linked":["<a href=\"https:\/\/penosil.com\/fr\/en\/?taxonomy=pa_couleur&#038;term=transparent\" class=\"advgb-post-tax-term\">Transparent<\/a>"],"unlinked":["<span class=\"advgb-post-tax-term\">Transparent<\/span>"],"slug":"pa_couleur","name":"Product Couleur"},"pa_emballage":{"linked":["<a href=\"https:\/\/penosil.com\/fr\/?taxonomy=pa_emballage&#038;term=300-ml\" class=\"advgb-post-tax-term\">300 ml<\/a>"],"unlinked":["<span class=\"advgb-post-tax-term\">300 ml<\/span>"],"slug":"pa_emballage","name":"Product Emballage"},"translation_priority":{"linked":["<a href=\"https:\/\/penosil.com\/fr\/?taxonomy=translation_priority&#038;term=facultatif\" class=\"advgb-post-tax-term\">Facultatif<\/a>"],"unlinked":["<span class=\"advgb-post-tax-term\">Facultatif<\/span>"],"slug":"translation_priority","name":"Priorit\u00e9s de traduction"}},"series_order":"","_links":{"self":[{"href":"https:\/\/penosil.com\/fr\/wp-json\/wp\/v2\/product\/8644","targetHints":{"allow":["GET"]}}],"collection":[{"href":"https:\/\/penosil.com\/fr\/wp-json\/wp\/v2\/product"}],"about":[{"href":"https:\/\/penosil.com\/fr\/wp-json\/wp\/v2\/types\/product"}],"version-history":[{"count":5,"href":"https:\/\/penosil.com\/fr\/wp-json\/wp\/v2\/product\/8644\/revisions"}],"predecessor-version":[{"id":11870,"href":"https:\/\/penosil.com\/fr\/wp-json\/wp\/v2\/product\/8644\/revisions\/11870"}],"wp:featuredmedia":[{"embeddable":true,"href":"https:\/\/penosil.com\/fr\/wp-json\/wp\/v2\/media\/11185"}],"wp:attachment":[{"href":"https:\/\/penosil.com\/fr\/wp-json\/wp\/v2\/media?parent=8644"}],"wp:term":[{"taxonomy":"product_brand","embeddable":true,"href":"https:\/\/penosil.com\/fr\/wp-json\/wp\/v2\/product_brand?post=8644"},{"taxonomy":"product_cat","embeddable":true,"href":"https:\/\/penosil.com\/fr\/wp-json\/wp\/v2\/product_cat?post=8644"},{"taxonomy":"product_tag","embeddable":true,"href":"https:\/\/penosil.com\/fr\/wp-json\/wp\/v2\/product_tag?post=8644"}],"curies":[{"name":"wp","href":"https:\/\/api.w.org\/{rel}","templated":true}]}}