{"id":8763,"date":"2022-10-03T13:02:20","date_gmt":"2022-10-03T13:02:20","guid":{"rendered":"https:\/\/penosil.com\/fr\/?post_type=product&#038;p=8763"},"modified":"2026-04-19T11:00:08","modified_gmt":"2026-04-19T11:00:08","slug":"2k-foam-b2-202","status":"publish","type":"product","link":"https:\/\/penosil.com\/fr\/produit\/2k-foam-b2-202\/","title":{"rendered":"2K Foam B2 202 mousse manuelle bi-composante"},"content":{"rendered":"<p>Mousse manuelle bi-composante \u00e0 durcissement rapide de classe de feu B2 pour le remplissage, l&#039;installation et l&#039;isolation de zones difficiles d&#039;acc\u00e8s ou n\u00e9cessitant une r\u00e9sistance m\u00e9canique. Adh\u00e8re bien \u00e0 la plupart des mat\u00e9riaux de construction courants tels que le bois, le b\u00e9ton, la pierre, le pl\u00e2tre, le m\u00e9tal, le PVC et le polystyr\u00e8ne.<\/p>\n","protected":false},"excerpt":{"rendered":"mousse manuelle bi-composante","protected":false},"author":24,"featured_media":11077,"template":"","meta":{"_acf_changed":false,"advgb_blocks_editor_width":"","advgb_blocks_columns_visual_guide":"","footnotes":""},"product_brand":[],"product_cat":[830,1499],"product_tag":[],"class_list":{"0":"post-8763","1":"product","2":"type-product","3":"status-publish","4":"has-post-thumbnail","6":"product_cat-construction-generale-2","7":"product_cat-mousses-pu","9":"first","10":"instock","11":"taxable","12":"shipping-taxable","13":"purchasable","14":"product-type-simple"},"acf":[],"yoast_head":"<!-- This site is optimized with the Yoast SEO plugin v27.2 - https:\/\/yoast.com\/product\/yoast-seo-wordpress\/ -->\n<title>Mousse manuelle bi-composante - 2K Foam B2 202 - Penosil France<\/title>\n<meta name=\"description\" content=\"PENOSIL 2K Foam B2 202 est une mousse manuelle bi-composante de classe de feu B2. Permet le remplissage, l&#039;installation et l&#039;isolation. En savoir plus!\" \/>\n<meta name=\"robots\" content=\"index, follow, max-snippet:-1, max-image-preview:large, max-video-preview:-1\" \/>\n<link rel=\"canonical\" href=\"https:\/\/penosil.com\/fr\/produit\/2k-foam-b2-202\/\" \/>\n<meta property=\"og:locale\" content=\"fr_FR\" \/>\n<meta property=\"og:type\" content=\"article\" \/>\n<meta property=\"og:title\" content=\"Mousse manuelle bi-composante - 2K Foam B2 202 - Penosil France\" \/>\n<meta property=\"og:description\" content=\"PENOSIL 2K Foam B2 202 est une mousse manuelle bi-composante de classe de feu B2. Permet le remplissage, l&#039;installation et l&#039;isolation. En savoir plus!\" \/>\n<meta property=\"og:url\" content=\"https:\/\/penosil.com\/fr\/produit\/2k-foam-b2-202\/\" \/>\n<meta property=\"og:site_name\" content=\"Penosil France\" \/>\n<meta property=\"article:modified_time\" content=\"2026-04-19T11:00:08+00:00\" \/>\n<meta property=\"og:image\" content=\"https:\/\/penosil.com\/fr\/wp-content\/uploads\/sites\/6\/2022\/10\/202_2K_Foam_B2_202_FR-1.png\" \/>\n\t<meta property=\"og:image:width\" content=\"523\" \/>\n\t<meta property=\"og:image:height\" content=\"1080\" \/>\n\t<meta property=\"og:image:type\" content=\"image\/png\" \/>\n<meta name=\"twitter:card\" content=\"summary_large_image\" \/>\n<meta name=\"twitter:label1\" content=\"Dur\u00e9e de lecture estim\u00e9e\" \/>\n\t<meta name=\"twitter:data1\" content=\"7 minutes\" \/>\n<script type=\"application\/ld+json\" class=\"yoast-schema-graph\">{\"@context\":\"https:\/\/schema.org\",\"@graph\":[{\"@type\":\"WebPage\",\"@id\":\"https:\/\/penosil.com\/fr\/produit\/2k-foam-b2-202\/\",\"url\":\"https:\/\/penosil.com\/fr\/produit\/2k-foam-b2-202\/\",\"name\":\"Mousse manuelle bi-composante - 2K Foam B2 202 - Penosil France\",\"isPartOf\":{\"@id\":\"https:\/\/penosil.com\/fr\/#website\"},\"primaryImageOfPage\":{\"@id\":\"https:\/\/penosil.com\/fr\/produit\/2k-foam-b2-202\/#primaryimage\"},\"image\":{\"@id\":\"https:\/\/penosil.com\/fr\/produit\/2k-foam-b2-202\/#primaryimage\"},\"thumbnailUrl\":\"https:\/\/penosil.com\/fr\/wp-content\/uploads\/sites\/6\/2022\/10\/202_2K_Foam_B2_202_FR-1.png\",\"datePublished\":\"2022-10-03T13:02:20+00:00\",\"dateModified\":\"2026-04-19T11:00:08+00:00\",\"description\":\"PENOSIL 2K Foam B2 202 est une mousse manuelle bi-composante de classe de feu B2. Permet le remplissage, l'installation et l'isolation. En savoir plus!\",\"breadcrumb\":{\"@id\":\"https:\/\/penosil.com\/fr\/produit\/2k-foam-b2-202\/#breadcrumb\"},\"inLanguage\":\"fr-FR\",\"potentialAction\":[{\"@type\":\"ReadAction\",\"target\":[\"https:\/\/penosil.com\/fr\/produit\/2k-foam-b2-202\/\"]}]},{\"@type\":\"ImageObject\",\"inLanguage\":\"fr-FR\",\"@id\":\"https:\/\/penosil.com\/fr\/produit\/2k-foam-b2-202\/#primaryimage\",\"url\":\"https:\/\/penosil.com\/fr\/wp-content\/uploads\/sites\/6\/2022\/10\/202_2K_Foam_B2_202_FR-1.png\",\"contentUrl\":\"https:\/\/penosil.com\/fr\/wp-content\/uploads\/sites\/6\/2022\/10\/202_2K_Foam_B2_202_FR-1.png\",\"width\":523,\"height\":1080,\"caption\":\"Produit PENOSIL 2K Foam B2 202\"},{\"@type\":\"BreadcrumbList\",\"@id\":\"https:\/\/penosil.com\/fr\/produit\/2k-foam-b2-202\/#breadcrumb\",\"itemListElement\":[{\"@type\":\"ListItem\",\"position\":1,\"name\":\"Accueil\",\"item\":\"https:\/\/penosil.com\/fr\/\"},{\"@type\":\"ListItem\",\"position\":2,\"name\":\"Produits\",\"item\":\"https:\/\/penosil.com\/fr\/produits-penosil\/\"},{\"@type\":\"ListItem\",\"position\":3,\"name\":\"2K Foam B2 202 mousse manuelle bi-composante\"}]},{\"@type\":\"WebSite\",\"@id\":\"https:\/\/penosil.com\/fr\/#website\",\"url\":\"https:\/\/penosil.com\/fr\/\",\"name\":\"Penosil France\",\"description\":\"\",\"potentialAction\":[{\"@type\":\"SearchAction\",\"target\":{\"@type\":\"EntryPoint\",\"urlTemplate\":\"https:\/\/penosil.com\/fr\/?s={search_term_string}\"},\"query-input\":{\"@type\":\"PropertyValueSpecification\",\"valueRequired\":true,\"valueName\":\"search_term_string\"}}],\"inLanguage\":\"fr-FR\"}]}<\/script>\n<!-- \/ Yoast SEO plugin. -->","yoast_head_json":{"title":"Mousse manuelle bi-composante - 2K Foam B2 202 - Penosil France","description":"PENOSIL 2K Foam B2 202 est une mousse manuelle bi-composante de classe de feu B2. Permet le remplissage, l'installation et l'isolation. En savoir plus!","robots":{"index":"index","follow":"follow","max-snippet":"max-snippet:-1","max-image-preview":"max-image-preview:large","max-video-preview":"max-video-preview:-1"},"canonical":"https:\/\/penosil.com\/fr\/produit\/2k-foam-b2-202\/","og_locale":"fr_FR","og_type":"article","og_title":"Mousse manuelle bi-composante - 2K Foam B2 202 - Penosil France","og_description":"PENOSIL 2K Foam B2 202 est une mousse manuelle bi-composante de classe de feu B2. Permet le remplissage, l'installation et l'isolation. En savoir plus!","og_url":"https:\/\/penosil.com\/fr\/produit\/2k-foam-b2-202\/","og_site_name":"Penosil France","article_modified_time":"2026-04-19T11:00:08+00:00","og_image":[{"width":523,"height":1080,"url":"https:\/\/penosil.com\/fr\/wp-content\/uploads\/sites\/6\/2022\/10\/202_2K_Foam_B2_202_FR-1.png","type":"image\/png"}],"twitter_card":"summary_large_image","twitter_misc":{"Dur\u00e9e de lecture estim\u00e9e":"7 minutes"},"schema":{"@context":"https:\/\/schema.org","@graph":[{"@type":"WebPage","@id":"https:\/\/penosil.com\/fr\/produit\/2k-foam-b2-202\/","url":"https:\/\/penosil.com\/fr\/produit\/2k-foam-b2-202\/","name":"Mousse manuelle bi-composante - 2K Foam B2 202 - Penosil France","isPartOf":{"@id":"https:\/\/penosil.com\/fr\/#website"},"primaryImageOfPage":{"@id":"https:\/\/penosil.com\/fr\/produit\/2k-foam-b2-202\/#primaryimage"},"image":{"@id":"https:\/\/penosil.com\/fr\/produit\/2k-foam-b2-202\/#primaryimage"},"thumbnailUrl":"https:\/\/penosil.com\/fr\/wp-content\/uploads\/sites\/6\/2022\/10\/202_2K_Foam_B2_202_FR-1.png","datePublished":"2022-10-03T13:02:20+00:00","dateModified":"2026-04-19T11:00:08+00:00","description":"PENOSIL 2K Foam B2 202 est une mousse manuelle bi-composante de classe de feu B2. Permet le remplissage, l'installation et l'isolation. En savoir plus!","breadcrumb":{"@id":"https:\/\/penosil.com\/fr\/produit\/2k-foam-b2-202\/#breadcrumb"},"inLanguage":"fr-FR","potentialAction":[{"@type":"ReadAction","target":["https:\/\/penosil.com\/fr\/produit\/2k-foam-b2-202\/"]}]},{"@type":"ImageObject","inLanguage":"fr-FR","@id":"https:\/\/penosil.com\/fr\/produit\/2k-foam-b2-202\/#primaryimage","url":"https:\/\/penosil.com\/fr\/wp-content\/uploads\/sites\/6\/2022\/10\/202_2K_Foam_B2_202_FR-1.png","contentUrl":"https:\/\/penosil.com\/fr\/wp-content\/uploads\/sites\/6\/2022\/10\/202_2K_Foam_B2_202_FR-1.png","width":523,"height":1080,"caption":"Produit PENOSIL 2K Foam B2 202"},{"@type":"BreadcrumbList","@id":"https:\/\/penosil.com\/fr\/produit\/2k-foam-b2-202\/#breadcrumb","itemListElement":[{"@type":"ListItem","position":1,"name":"Accueil","item":"https:\/\/penosil.com\/fr\/"},{"@type":"ListItem","position":2,"name":"Produits","item":"https:\/\/penosil.com\/fr\/produits-penosil\/"},{"@type":"ListItem","position":3,"name":"2K Foam B2 202 mousse manuelle bi-composante"}]},{"@type":"WebSite","@id":"https:\/\/penosil.com\/fr\/#website","url":"https:\/\/penosil.com\/fr\/","name":"Penosil France","description":"","potentialAction":[{"@type":"SearchAction","target":{"@type":"EntryPoint","urlTemplate":"https:\/\/penosil.com\/fr\/?s={search_term_string}"},"query-input":{"@type":"PropertyValueSpecification","valueRequired":true,"valueName":"search_term_string"}}],"inLanguage":"fr-FR"}]}},"featured_img":"https:\/\/penosil.com\/fr\/wp-content\/uploads\/sites\/6\/2022\/10\/202_2K_Foam_B2_202_FR-1.png","coauthors":[],"author_meta":{"author_link":"https:\/\/penosil.com\/fr\/author\/armand\/","display_name":"armand"},"relative_dates":{"created":"Publi\u00e9 4 ans il y a","modified":"Mis \u00e0 jour 4 heures il y a"},"absolute_dates":{"created":"Publi\u00e9 le 3 octobre 2022","modified":"Mise \u00e0 jour le 19 avril 2026"},"absolute_dates_time":{"created":"Publi\u00e9 le 3 octobre 2022 13h02","modified":"Mise \u00e0 jour le 19 avril 2026 11h00"},"featured_img_caption":"Produit PENOSIL 2K Foam B2 202","tax_additional":{"product_brand":{"linked":[],"unlinked":[],"slug":"product_brand","name":"Marques"},"product_type":{"linked":["<a href=\"https:\/\/penosil.com\/fr\/?taxonomy=product_type&#038;term=simple\" class=\"advgb-post-tax-term\">simple<\/a>"],"unlinked":["<span class=\"advgb-post-tax-term\">simple<\/span>"],"slug":"product_type","name":"Type de produit"},"product_visibility":{"linked":[],"unlinked":[],"slug":"product_visibility","name":"Visibilit\u00e9 du produit"},"product_cat":{"linked":["<a href=\"https:\/\/penosil.com\/fr\/categorie-produit\/domaines-dapplication\/construction-generale-2\/\" class=\"advgb-post-tax-term\">Construction<\/a>","<a href=\"https:\/\/penosil.com\/fr\/categorie-produit\/categories-de-produits\/mousses-pu\/\" class=\"advgb-post-tax-term\">Mousses PU<\/a>"],"unlinked":["<span class=\"advgb-post-tax-term\">Construction<\/span>","<span class=\"advgb-post-tax-term\">Mousses PU<\/span>"],"slug":"product_cat","name":"Cat\u00e9gories de produits"},"product_tag":{"linked":[],"unlinked":[],"slug":"product_tag","name":"\u00c9tiquettes produit"},"product_shipping_class":{"linked":[],"unlinked":[],"slug":"product_shipping_class","name":"Classe d\u2019exp\u00e9dition du produit"},"pos_product_visibility":{"linked":[],"unlinked":[],"slug":"pos_product_visibility","name":"Visibilit\u00e9 du produit sur le point de vente"},"pa_couleur":{"linked":["<a href=\"https:\/\/penosil.com\/fr\/?taxonomy=pa_couleur&#038;term=vert\" class=\"advgb-post-tax-term\">Vert<\/a>"],"unlinked":["<span class=\"advgb-post-tax-term\">Vert<\/span>"],"slug":"pa_couleur","name":"Product Couleur"},"pa_emballage":{"linked":["<a href=\"https:\/\/penosil.com\/fr\/?taxonomy=pa_emballage&#038;term=650-ml\" class=\"advgb-post-tax-term\">650 ml<\/a>"],"unlinked":["<span class=\"advgb-post-tax-term\">650 ml<\/span>"],"slug":"pa_emballage","name":"Product Emballage"},"translation_priority":{"linked":["<a href=\"https:\/\/penosil.com\/fr\/?taxonomy=translation_priority&#038;term=facultatif\" class=\"advgb-post-tax-term\">Facultatif<\/a>"],"unlinked":["<span class=\"advgb-post-tax-term\">Facultatif<\/span>"],"slug":"translation_priority","name":"Priorit\u00e9s de traduction"}},"series_order":"","_links":{"self":[{"href":"https:\/\/penosil.com\/fr\/wp-json\/wp\/v2\/product\/8763","targetHints":{"allow":["GET"]}}],"collection":[{"href":"https:\/\/penosil.com\/fr\/wp-json\/wp\/v2\/product"}],"about":[{"href":"https:\/\/penosil.com\/fr\/wp-json\/wp\/v2\/types\/product"}],"version-history":[{"count":6,"href":"https:\/\/penosil.com\/fr\/wp-json\/wp\/v2\/product\/8763\/revisions"}],"predecessor-version":[{"id":12429,"href":"https:\/\/penosil.com\/fr\/wp-json\/wp\/v2\/product\/8763\/revisions\/12429"}],"wp:featuredmedia":[{"embeddable":true,"href":"https:\/\/penosil.com\/fr\/wp-json\/wp\/v2\/media\/11077"}],"wp:attachment":[{"href":"https:\/\/penosil.com\/fr\/wp-json\/wp\/v2\/media?parent=8763"}],"wp:term":[{"taxonomy":"product_brand","embeddable":true,"href":"https:\/\/penosil.com\/fr\/wp-json\/wp\/v2\/product_brand?post=8763"},{"taxonomy":"product_cat","embeddable":true,"href":"https:\/\/penosil.com\/fr\/wp-json\/wp\/v2\/product_cat?post=8763"},{"taxonomy":"product_tag","embeddable":true,"href":"https:\/\/penosil.com\/fr\/wp-json\/wp\/v2\/product_tag?post=8763"}],"curies":[{"name":"wp","href":"https:\/\/api.w.org\/{rel}","templated":true}]}}