{"id":8777,"date":"2022-10-12T10:16:27","date_gmt":"2022-10-12T10:16:27","guid":{"rendered":"https:\/\/penosil.com\/fr\/?post_type=product&#038;p=8777"},"modified":"2026-04-15T11:00:08","modified_gmt":"2026-04-15T11:00:08","slug":"flexible-gunfoam-b2-199-mousse-polyurethane-flexible","status":"publish","type":"product","link":"https:\/\/penosil.com\/fr\/produit\/flexible-gunfoam-b2-199-mousse-polyurethane-flexible\/","title":{"rendered":"Flexible Gunfoam B2 199"},"content":{"rendered":"<p>Mousse polyur\u00e9thane flexible monocomposant . Pr\u00eat \u00e0 l&#8217;emploi et applicable au pistolet, pour la pose de fen\u00eatres et de portes, l&rsquo;\u00e9tanch\u00e9it\u00e9 des joints et des p\u00e9n\u00e9trations, l&rsquo;isolation thermique et acoustique. Adh\u00e8re bien \u00e0 la plupart des mat\u00e9riaux comme le bois, le b\u00e9ton, la pierre, le pl\u00e2tre, le m\u00e9tal, le PVC et le polystyr\u00e8ne.<\/p>\n","protected":false},"excerpt":{"rendered":"Mousse polyur\u00e9thane flexible monocomposant . Pr\u00eat \u00e0 l&#8217;emploi et applicable au pistolet, pour la pose de fen\u00eatres et de portes, l&rsquo;\u00e9tanch\u00e9it\u00e9 des joints et des p\u00e9n\u00e9trations, l&rsquo;isolation thermique et acoustique. Adh\u00e8re bien \u00e0 la plupart des mat\u00e9riaux comme le bois, le b\u00e9ton, la pierre, le pl\u00e2tre, le m\u00e9tal, le PVC et le polystyr\u00e8ne.","protected":false},"author":24,"featured_media":8778,"template":"","meta":{"_acf_changed":false,"advgb_blocks_editor_width":"","advgb_blocks_columns_visual_guide":"","footnotes":""},"product_brand":[],"product_cat":[330,1285,1357,1499,1538],"product_tag":[],"class_list":{"0":"post-8777","1":"product","2":"type-product","3":"status-publish","4":"has-post-thumbnail","6":"product_cat-domaines-dapplication","7":"product_cat-porte-et-fenetre","8":"product_cat-categories-de-produits","9":"product_cat-mousses-pu","10":"product_cat-mousses-pistolables","12":"first","13":"instock","14":"taxable","15":"shipping-taxable","16":"purchasable","17":"product-type-simple"},"acf":[],"yoast_head":"<!-- This site is optimized with the Yoast SEO plugin v27.2 - https:\/\/yoast.com\/product\/yoast-seo-wordpress\/ -->\n<title>Flexible Gunfoam B2 199 - Mousse polyur\u00e9thane flexible - Penosil France<\/title>\n<meta name=\"description\" content=\"PENOSIL Flexible Gunfoam B2 199 mousse polyur\u00e9thane flexible mousse polyr\u00e9thane flexible monocomposant. Applicable au pistolet. En savoir plus!\" \/>\n<meta name=\"robots\" content=\"index, follow, max-snippet:-1, max-image-preview:large, max-video-preview:-1\" \/>\n<link rel=\"canonical\" href=\"https:\/\/penosil.com\/fr\/produit\/flexible-gunfoam-b2-199-mousse-polyurethane-flexible\/\" \/>\n<meta property=\"og:locale\" content=\"fr_FR\" \/>\n<meta property=\"og:type\" content=\"article\" \/>\n<meta property=\"og:title\" content=\"Flexible Gunfoam B2 199 - Mousse polyur\u00e9thane flexible - Penosil France\" \/>\n<meta property=\"og:description\" content=\"PENOSIL Flexible Gunfoam B2 199 mousse polyur\u00e9thane flexible mousse polyr\u00e9thane flexible monocomposant. Applicable au pistolet. En savoir plus!\" \/>\n<meta property=\"og:url\" content=\"https:\/\/penosil.com\/fr\/produit\/flexible-gunfoam-b2-199-mousse-polyurethane-flexible\/\" \/>\n<meta property=\"og:site_name\" content=\"Penosil France\" \/>\n<meta property=\"article:modified_time\" content=\"2026-04-15T11:00:08+00:00\" \/>\n<meta property=\"og:image\" content=\"https:\/\/penosil.com\/fr\/wp-content\/uploads\/sites\/6\/2022\/10\/199_Flexible_Gunfoam_B2_199.png\" \/>\n\t<meta property=\"og:image:width\" content=\"523\" \/>\n\t<meta property=\"og:image:height\" content=\"1080\" \/>\n\t<meta property=\"og:image:type\" content=\"image\/png\" \/>\n<meta name=\"twitter:card\" content=\"summary_large_image\" \/>\n<meta name=\"twitter:label1\" content=\"Dur\u00e9e de lecture estim\u00e9e\" \/>\n\t<meta name=\"twitter:data1\" content=\"5 minutes\" \/>\n<script type=\"application\/ld+json\" class=\"yoast-schema-graph\">{\"@context\":\"https:\/\/schema.org\",\"@graph\":[{\"@type\":\"WebPage\",\"@id\":\"https:\/\/penosil.com\/fr\/produit\/flexible-gunfoam-b2-199-mousse-polyurethane-flexible\/\",\"url\":\"https:\/\/penosil.com\/fr\/produit\/flexible-gunfoam-b2-199-mousse-polyurethane-flexible\/\",\"name\":\"Flexible Gunfoam B2 199 - Mousse polyur\u00e9thane flexible - Penosil France\",\"isPartOf\":{\"@id\":\"https:\/\/penosil.com\/fr\/#website\"},\"primaryImageOfPage\":{\"@id\":\"https:\/\/penosil.com\/fr\/produit\/flexible-gunfoam-b2-199-mousse-polyurethane-flexible\/#primaryimage\"},\"image\":{\"@id\":\"https:\/\/penosil.com\/fr\/produit\/flexible-gunfoam-b2-199-mousse-polyurethane-flexible\/#primaryimage\"},\"thumbnailUrl\":\"https:\/\/penosil.com\/fr\/wp-content\/uploads\/sites\/6\/2022\/10\/199_Flexible_Gunfoam_B2_199.png\",\"datePublished\":\"2022-10-12T10:16:27+00:00\",\"dateModified\":\"2026-04-15T11:00:08+00:00\",\"description\":\"PENOSIL Flexible Gunfoam B2 199 mousse polyur\u00e9thane flexible mousse polyr\u00e9thane flexible monocomposant. Applicable au pistolet. En savoir plus!\",\"breadcrumb\":{\"@id\":\"https:\/\/penosil.com\/fr\/produit\/flexible-gunfoam-b2-199-mousse-polyurethane-flexible\/#breadcrumb\"},\"inLanguage\":\"fr-FR\",\"potentialAction\":[{\"@type\":\"ReadAction\",\"target\":[\"https:\/\/penosil.com\/fr\/produit\/flexible-gunfoam-b2-199-mousse-polyurethane-flexible\/\"]}]},{\"@type\":\"ImageObject\",\"inLanguage\":\"fr-FR\",\"@id\":\"https:\/\/penosil.com\/fr\/produit\/flexible-gunfoam-b2-199-mousse-polyurethane-flexible\/#primaryimage\",\"url\":\"https:\/\/penosil.com\/fr\/wp-content\/uploads\/sites\/6\/2022\/10\/199_Flexible_Gunfoam_B2_199.png\",\"contentUrl\":\"https:\/\/penosil.com\/fr\/wp-content\/uploads\/sites\/6\/2022\/10\/199_Flexible_Gunfoam_B2_199.png\",\"width\":523,\"height\":1080,\"caption\":\"Produit PENOSIL Flexible Gunfoam B2 199\"},{\"@type\":\"BreadcrumbList\",\"@id\":\"https:\/\/penosil.com\/fr\/produit\/flexible-gunfoam-b2-199-mousse-polyurethane-flexible\/#breadcrumb\",\"itemListElement\":[{\"@type\":\"ListItem\",\"position\":1,\"name\":\"Accueil\",\"item\":\"https:\/\/penosil.com\/fr\/\"},{\"@type\":\"ListItem\",\"position\":2,\"name\":\"Produits\",\"item\":\"https:\/\/penosil.com\/fr\/produits-penosil\/\"},{\"@type\":\"ListItem\",\"position\":3,\"name\":\"Flexible Gunfoam B2 199\"}]},{\"@type\":\"WebSite\",\"@id\":\"https:\/\/penosil.com\/fr\/#website\",\"url\":\"https:\/\/penosil.com\/fr\/\",\"name\":\"Penosil France\",\"description\":\"\",\"potentialAction\":[{\"@type\":\"SearchAction\",\"target\":{\"@type\":\"EntryPoint\",\"urlTemplate\":\"https:\/\/penosil.com\/fr\/?s={search_term_string}\"},\"query-input\":{\"@type\":\"PropertyValueSpecification\",\"valueRequired\":true,\"valueName\":\"search_term_string\"}}],\"inLanguage\":\"fr-FR\"}]}<\/script>\n<!-- \/ Yoast SEO plugin. -->","yoast_head_json":{"title":"Flexible Gunfoam B2 199 - Mousse polyur\u00e9thane flexible - Penosil France","description":"PENOSIL Flexible Gunfoam B2 199 mousse polyur\u00e9thane flexible mousse polyr\u00e9thane flexible monocomposant. Applicable au pistolet. En savoir plus!","robots":{"index":"index","follow":"follow","max-snippet":"max-snippet:-1","max-image-preview":"max-image-preview:large","max-video-preview":"max-video-preview:-1"},"canonical":"https:\/\/penosil.com\/fr\/produit\/flexible-gunfoam-b2-199-mousse-polyurethane-flexible\/","og_locale":"fr_FR","og_type":"article","og_title":"Flexible Gunfoam B2 199 - Mousse polyur\u00e9thane flexible - Penosil France","og_description":"PENOSIL Flexible Gunfoam B2 199 mousse polyur\u00e9thane flexible mousse polyr\u00e9thane flexible monocomposant. Applicable au pistolet. En savoir plus!","og_url":"https:\/\/penosil.com\/fr\/produit\/flexible-gunfoam-b2-199-mousse-polyurethane-flexible\/","og_site_name":"Penosil France","article_modified_time":"2026-04-15T11:00:08+00:00","og_image":[{"width":523,"height":1080,"url":"https:\/\/penosil.com\/fr\/wp-content\/uploads\/sites\/6\/2022\/10\/199_Flexible_Gunfoam_B2_199.png","type":"image\/png"}],"twitter_card":"summary_large_image","twitter_misc":{"Dur\u00e9e de lecture estim\u00e9e":"5 minutes"},"schema":{"@context":"https:\/\/schema.org","@graph":[{"@type":"WebPage","@id":"https:\/\/penosil.com\/fr\/produit\/flexible-gunfoam-b2-199-mousse-polyurethane-flexible\/","url":"https:\/\/penosil.com\/fr\/produit\/flexible-gunfoam-b2-199-mousse-polyurethane-flexible\/","name":"Flexible Gunfoam B2 199 - Mousse polyur\u00e9thane flexible - Penosil France","isPartOf":{"@id":"https:\/\/penosil.com\/fr\/#website"},"primaryImageOfPage":{"@id":"https:\/\/penosil.com\/fr\/produit\/flexible-gunfoam-b2-199-mousse-polyurethane-flexible\/#primaryimage"},"image":{"@id":"https:\/\/penosil.com\/fr\/produit\/flexible-gunfoam-b2-199-mousse-polyurethane-flexible\/#primaryimage"},"thumbnailUrl":"https:\/\/penosil.com\/fr\/wp-content\/uploads\/sites\/6\/2022\/10\/199_Flexible_Gunfoam_B2_199.png","datePublished":"2022-10-12T10:16:27+00:00","dateModified":"2026-04-15T11:00:08+00:00","description":"PENOSIL Flexible Gunfoam B2 199 mousse polyur\u00e9thane flexible mousse polyr\u00e9thane flexible monocomposant. Applicable au pistolet. En savoir plus!","breadcrumb":{"@id":"https:\/\/penosil.com\/fr\/produit\/flexible-gunfoam-b2-199-mousse-polyurethane-flexible\/#breadcrumb"},"inLanguage":"fr-FR","potentialAction":[{"@type":"ReadAction","target":["https:\/\/penosil.com\/fr\/produit\/flexible-gunfoam-b2-199-mousse-polyurethane-flexible\/"]}]},{"@type":"ImageObject","inLanguage":"fr-FR","@id":"https:\/\/penosil.com\/fr\/produit\/flexible-gunfoam-b2-199-mousse-polyurethane-flexible\/#primaryimage","url":"https:\/\/penosil.com\/fr\/wp-content\/uploads\/sites\/6\/2022\/10\/199_Flexible_Gunfoam_B2_199.png","contentUrl":"https:\/\/penosil.com\/fr\/wp-content\/uploads\/sites\/6\/2022\/10\/199_Flexible_Gunfoam_B2_199.png","width":523,"height":1080,"caption":"Produit PENOSIL Flexible Gunfoam B2 199"},{"@type":"BreadcrumbList","@id":"https:\/\/penosil.com\/fr\/produit\/flexible-gunfoam-b2-199-mousse-polyurethane-flexible\/#breadcrumb","itemListElement":[{"@type":"ListItem","position":1,"name":"Accueil","item":"https:\/\/penosil.com\/fr\/"},{"@type":"ListItem","position":2,"name":"Produits","item":"https:\/\/penosil.com\/fr\/produits-penosil\/"},{"@type":"ListItem","position":3,"name":"Flexible Gunfoam B2 199"}]},{"@type":"WebSite","@id":"https:\/\/penosil.com\/fr\/#website","url":"https:\/\/penosil.com\/fr\/","name":"Penosil France","description":"","potentialAction":[{"@type":"SearchAction","target":{"@type":"EntryPoint","urlTemplate":"https:\/\/penosil.com\/fr\/?s={search_term_string}"},"query-input":{"@type":"PropertyValueSpecification","valueRequired":true,"valueName":"search_term_string"}}],"inLanguage":"fr-FR"}]}},"featured_img":"https:\/\/penosil.com\/fr\/wp-content\/uploads\/sites\/6\/2022\/10\/199_Flexible_Gunfoam_B2_199.png","coauthors":[],"author_meta":{"author_link":"https:\/\/penosil.com\/fr\/author\/armand\/","display_name":"armand"},"relative_dates":{"created":"Publi\u00e9 4 ans il y a","modified":"Mis \u00e0 jour 3 heures il y a"},"absolute_dates":{"created":"Publi\u00e9 le 12 octobre 2022","modified":"Mise \u00e0 jour le 15 avril 2026"},"absolute_dates_time":{"created":"Publi\u00e9 le 12 octobre 2022 10h16","modified":"Mise \u00e0 jour le 15 avril 2026 11h00"},"featured_img_caption":"Produit PENOSIL Flexible Gunfoam B2 199","tax_additional":{"product_brand":{"linked":[],"unlinked":[],"slug":"product_brand","name":"Marques"},"product_type":{"linked":["<a href=\"https:\/\/penosil.com\/fr\/?taxonomy=product_type&#038;term=simple\" class=\"advgb-post-tax-term\">simple<\/a>"],"unlinked":["<span class=\"advgb-post-tax-term\">simple<\/span>"],"slug":"product_type","name":"Type de produit"},"product_visibility":{"linked":[],"unlinked":[],"slug":"product_visibility","name":"Visibilit\u00e9 du produit"},"product_cat":{"linked":["<a href=\"https:\/\/penosil.com\/fr\/categorie-produit\/domaines-dapplication\/\" class=\"advgb-post-tax-term\">Domaines d&#039;application<\/a>","<a href=\"https:\/\/penosil.com\/fr\/categorie-produit\/domaines-dapplication\/porte-et-fenetre\/\" class=\"advgb-post-tax-term\">Porte &amp; Fen\u00eatre<\/a>","<a href=\"https:\/\/penosil.com\/fr\/categorie-produit\/categories-de-produits\/\" class=\"advgb-post-tax-term\">Cat\u00e9gories de produits<\/a>","<a href=\"https:\/\/penosil.com\/fr\/categorie-produit\/categories-de-produits\/mousses-pu\/\" class=\"advgb-post-tax-term\">Mousses PU<\/a>","<a href=\"https:\/\/penosil.com\/fr\/categorie-produit\/categories-de-produits\/mousses-pu\/mousses-pistolables\/\" class=\"advgb-post-tax-term\">Mousses pistolables<\/a>"],"unlinked":["<span class=\"advgb-post-tax-term\">Domaines d&#039;application<\/span>","<span class=\"advgb-post-tax-term\">Porte &amp; Fen\u00eatre<\/span>","<span class=\"advgb-post-tax-term\">Cat\u00e9gories de produits<\/span>","<span class=\"advgb-post-tax-term\">Mousses PU<\/span>","<span class=\"advgb-post-tax-term\">Mousses pistolables<\/span>"],"slug":"product_cat","name":"Cat\u00e9gories de produits"},"product_tag":{"linked":[],"unlinked":[],"slug":"product_tag","name":"\u00c9tiquettes produit"},"product_shipping_class":{"linked":[],"unlinked":[],"slug":"product_shipping_class","name":"Classe d\u2019exp\u00e9dition du produit"},"pos_product_visibility":{"linked":[],"unlinked":[],"slug":"pos_product_visibility","name":"Visibilit\u00e9 du produit sur le point de vente"},"pa_couleur":{"linked":["<a href=\"https:\/\/penosil.com\/fr\/?taxonomy=pa_couleur&#038;term=vert\" class=\"advgb-post-tax-term\">Vert<\/a>"],"unlinked":["<span class=\"advgb-post-tax-term\">Vert<\/span>"],"slug":"pa_couleur","name":"Product Couleur"},"pa_emballage":{"linked":["<a href=\"https:\/\/penosil.com\/fr\/?taxonomy=pa_emballage&#038;term=1000-ml-fr\" class=\"advgb-post-tax-term\">1000 ml<\/a>"],"unlinked":["<span class=\"advgb-post-tax-term\">1000 ml<\/span>"],"slug":"pa_emballage","name":"Product Emballage"},"translation_priority":{"linked":["<a href=\"https:\/\/penosil.com\/fr\/?taxonomy=translation_priority&#038;term=facultatif\" class=\"advgb-post-tax-term\">Facultatif<\/a>"],"unlinked":["<span class=\"advgb-post-tax-term\">Facultatif<\/span>"],"slug":"translation_priority","name":"Priorit\u00e9s de traduction"}},"series_order":"","_links":{"self":[{"href":"https:\/\/penosil.com\/fr\/wp-json\/wp\/v2\/product\/8777","targetHints":{"allow":["GET"]}}],"collection":[{"href":"https:\/\/penosil.com\/fr\/wp-json\/wp\/v2\/product"}],"about":[{"href":"https:\/\/penosil.com\/fr\/wp-json\/wp\/v2\/types\/product"}],"version-history":[{"count":6,"href":"https:\/\/penosil.com\/fr\/wp-json\/wp\/v2\/product\/8777\/revisions"}],"predecessor-version":[{"id":11860,"href":"https:\/\/penosil.com\/fr\/wp-json\/wp\/v2\/product\/8777\/revisions\/11860"}],"wp:featuredmedia":[{"embeddable":true,"href":"https:\/\/penosil.com\/fr\/wp-json\/wp\/v2\/media\/8778"}],"wp:attachment":[{"href":"https:\/\/penosil.com\/fr\/wp-json\/wp\/v2\/media?parent=8777"}],"wp:term":[{"taxonomy":"product_brand","embeddable":true,"href":"https:\/\/penosil.com\/fr\/wp-json\/wp\/v2\/product_brand?post=8777"},{"taxonomy":"product_cat","embeddable":true,"href":"https:\/\/penosil.com\/fr\/wp-json\/wp\/v2\/product_cat?post=8777"},{"taxonomy":"product_tag","embeddable":true,"href":"https:\/\/penosil.com\/fr\/wp-json\/wp\/v2\/product_tag?post=8777"}],"curies":[{"name":"wp","href":"https:\/\/api.w.org\/{rel}","templated":true}]}}