{"id":8779,"date":"2022-10-12T13:02:57","date_gmt":"2022-10-12T13:02:57","guid":{"rendered":"https:\/\/penosil.com\/fr\/?post_type=product&#038;p=8779"},"modified":"2026-04-15T23:00:09","modified_gmt":"2026-04-15T23:00:09","slug":"installation-gunfoam-156-mousse-a-haut-rendement","status":"publish","type":"product","link":"https:\/\/penosil.com\/fr\/produit\/installation-gunfoam-156-mousse-a-haut-rendement\/","title":{"rendered":"Installation Gunfoam 156"},"content":{"rendered":"<p>Mousse polyur\u00e9thane monocomposant \u00e0 haut rendement pour les travaux d&rsquo;\u00e9tanch\u00e9it\u00e9 et d&rsquo;installation de portes et fen\u00eatres. Adh\u00e8re bien aux mat\u00e9riaux de construction les plus courants tels que le bois, le b\u00e9ton, la pierre, le pl\u00e2tre, le m\u00e9tal, le PVC et le polystyr\u00e8ne. Assure une \u00e9tanch\u00e9it\u00e9 \u00e0 l&rsquo;air et au bruit.<\/p>\n","protected":false},"excerpt":{"rendered":"Mousse polyur\u00e9thane monocomposant \u00e0 haut rendement pour les travaux d&rsquo;\u00e9tanch\u00e9it\u00e9 et d&rsquo;installation de portes et fen\u00eatres. Adh\u00e8re bien aux mat\u00e9riaux de construction les plus courants tels que le bois, le b\u00e9ton, la pierre, le pl\u00e2tre, le m\u00e9tal, le PVC et le polystyr\u00e8ne. Assure une \u00e9tanch\u00e9it\u00e9 \u00e0 l&rsquo;air et au bruit.","protected":false},"author":24,"featured_media":8780,"template":"","meta":{"_acf_changed":false,"advgb_blocks_editor_width":"","advgb_blocks_columns_visual_guide":"","footnotes":""},"product_brand":[],"product_cat":[330,1285,1357,1499,1538],"product_tag":[],"class_list":{"0":"post-8779","1":"product","2":"type-product","3":"status-publish","4":"has-post-thumbnail","6":"product_cat-domaines-dapplication","7":"product_cat-porte-et-fenetre","8":"product_cat-categories-de-produits","9":"product_cat-mousses-pu","10":"product_cat-mousses-pistolables","12":"first","13":"instock","14":"taxable","15":"shipping-taxable","16":"purchasable","17":"product-type-simple"},"acf":[],"yoast_head":"<!-- This site is optimized with the Yoast SEO plugin v27.2 - https:\/\/yoast.com\/product\/yoast-seo-wordpress\/ -->\n<title>Installation Gunfoam 156 - Mousse \u00e0 haut rendement - Penosil France<\/title>\n<meta name=\"description\" content=\"PENOSIL Installation Gunfoam 156 mousse \u00e0 haut rendement pour les travaux d&#039;\u00e9tanch\u00e9it\u00e9 et d&#039;installation de portes et de fen\u00eatres. En savoir plus!\" \/>\n<meta name=\"robots\" content=\"index, follow, max-snippet:-1, max-image-preview:large, max-video-preview:-1\" \/>\n<link rel=\"canonical\" href=\"https:\/\/penosil.com\/fr\/produit\/installation-gunfoam-156-mousse-a-haut-rendement\/\" \/>\n<meta property=\"og:locale\" content=\"fr_FR\" \/>\n<meta property=\"og:type\" content=\"article\" \/>\n<meta property=\"og:title\" content=\"Installation Gunfoam 156 - Mousse \u00e0 haut rendement - Penosil France\" \/>\n<meta property=\"og:description\" content=\"PENOSIL Installation Gunfoam 156 mousse \u00e0 haut rendement pour les travaux d&#039;\u00e9tanch\u00e9it\u00e9 et d&#039;installation de portes et de fen\u00eatres. En savoir plus!\" \/>\n<meta property=\"og:url\" content=\"https:\/\/penosil.com\/fr\/produit\/installation-gunfoam-156-mousse-a-haut-rendement\/\" \/>\n<meta property=\"og:site_name\" content=\"Penosil France\" \/>\n<meta property=\"article:modified_time\" content=\"2026-04-15T23:00:09+00:00\" \/>\n<meta property=\"og:image\" content=\"https:\/\/penosil.com\/fr\/wp-content\/uploads\/sites\/6\/2022\/10\/156_Installation_Gunfoam_156_FR.png\" \/>\n\t<meta property=\"og:image:width\" content=\"523\" \/>\n\t<meta property=\"og:image:height\" content=\"1080\" \/>\n\t<meta property=\"og:image:type\" content=\"image\/png\" \/>\n<meta name=\"twitter:card\" content=\"summary_large_image\" \/>\n<meta name=\"twitter:label1\" content=\"Dur\u00e9e de lecture estim\u00e9e\" \/>\n\t<meta name=\"twitter:data1\" content=\"6 minutes\" \/>\n<script type=\"application\/ld+json\" class=\"yoast-schema-graph\">{\"@context\":\"https:\/\/schema.org\",\"@graph\":[{\"@type\":\"WebPage\",\"@id\":\"https:\/\/penosil.com\/fr\/produit\/installation-gunfoam-156-mousse-a-haut-rendement\/\",\"url\":\"https:\/\/penosil.com\/fr\/produit\/installation-gunfoam-156-mousse-a-haut-rendement\/\",\"name\":\"Installation Gunfoam 156 - Mousse \u00e0 haut rendement - Penosil France\",\"isPartOf\":{\"@id\":\"https:\/\/penosil.com\/fr\/#website\"},\"primaryImageOfPage\":{\"@id\":\"https:\/\/penosil.com\/fr\/produit\/installation-gunfoam-156-mousse-a-haut-rendement\/#primaryimage\"},\"image\":{\"@id\":\"https:\/\/penosil.com\/fr\/produit\/installation-gunfoam-156-mousse-a-haut-rendement\/#primaryimage\"},\"thumbnailUrl\":\"https:\/\/penosil.com\/fr\/wp-content\/uploads\/sites\/6\/2022\/10\/156_Installation_Gunfoam_156_FR.png\",\"datePublished\":\"2022-10-12T13:02:57+00:00\",\"dateModified\":\"2026-04-15T23:00:09+00:00\",\"description\":\"PENOSIL Installation Gunfoam 156 mousse \u00e0 haut rendement pour les travaux d'\u00e9tanch\u00e9it\u00e9 et d'installation de portes et de fen\u00eatres. En savoir plus!\",\"breadcrumb\":{\"@id\":\"https:\/\/penosil.com\/fr\/produit\/installation-gunfoam-156-mousse-a-haut-rendement\/#breadcrumb\"},\"inLanguage\":\"fr-FR\",\"potentialAction\":[{\"@type\":\"ReadAction\",\"target\":[\"https:\/\/penosil.com\/fr\/produit\/installation-gunfoam-156-mousse-a-haut-rendement\/\"]}]},{\"@type\":\"ImageObject\",\"inLanguage\":\"fr-FR\",\"@id\":\"https:\/\/penosil.com\/fr\/produit\/installation-gunfoam-156-mousse-a-haut-rendement\/#primaryimage\",\"url\":\"https:\/\/penosil.com\/fr\/wp-content\/uploads\/sites\/6\/2022\/10\/156_Installation_Gunfoam_156_FR.png\",\"contentUrl\":\"https:\/\/penosil.com\/fr\/wp-content\/uploads\/sites\/6\/2022\/10\/156_Installation_Gunfoam_156_FR.png\",\"width\":523,\"height\":1080,\"caption\":\"Produit PENOSIL Installation Gunfoam 156\"},{\"@type\":\"BreadcrumbList\",\"@id\":\"https:\/\/penosil.com\/fr\/produit\/installation-gunfoam-156-mousse-a-haut-rendement\/#breadcrumb\",\"itemListElement\":[{\"@type\":\"ListItem\",\"position\":1,\"name\":\"Accueil\",\"item\":\"https:\/\/penosil.com\/fr\/\"},{\"@type\":\"ListItem\",\"position\":2,\"name\":\"Produits\",\"item\":\"https:\/\/penosil.com\/fr\/produits-penosil\/\"},{\"@type\":\"ListItem\",\"position\":3,\"name\":\"Installation Gunfoam 156\"}]},{\"@type\":\"WebSite\",\"@id\":\"https:\/\/penosil.com\/fr\/#website\",\"url\":\"https:\/\/penosil.com\/fr\/\",\"name\":\"Penosil France\",\"description\":\"\",\"potentialAction\":[{\"@type\":\"SearchAction\",\"target\":{\"@type\":\"EntryPoint\",\"urlTemplate\":\"https:\/\/penosil.com\/fr\/?s={search_term_string}\"},\"query-input\":{\"@type\":\"PropertyValueSpecification\",\"valueRequired\":true,\"valueName\":\"search_term_string\"}}],\"inLanguage\":\"fr-FR\"}]}<\/script>\n<!-- \/ Yoast SEO plugin. -->","yoast_head_json":{"title":"Installation Gunfoam 156 - Mousse \u00e0 haut rendement - Penosil France","description":"PENOSIL Installation Gunfoam 156 mousse \u00e0 haut rendement pour les travaux d'\u00e9tanch\u00e9it\u00e9 et d'installation de portes et de fen\u00eatres. En savoir plus!","robots":{"index":"index","follow":"follow","max-snippet":"max-snippet:-1","max-image-preview":"max-image-preview:large","max-video-preview":"max-video-preview:-1"},"canonical":"https:\/\/penosil.com\/fr\/produit\/installation-gunfoam-156-mousse-a-haut-rendement\/","og_locale":"fr_FR","og_type":"article","og_title":"Installation Gunfoam 156 - Mousse \u00e0 haut rendement - Penosil France","og_description":"PENOSIL Installation Gunfoam 156 mousse \u00e0 haut rendement pour les travaux d'\u00e9tanch\u00e9it\u00e9 et d'installation de portes et de fen\u00eatres. En savoir plus!","og_url":"https:\/\/penosil.com\/fr\/produit\/installation-gunfoam-156-mousse-a-haut-rendement\/","og_site_name":"Penosil France","article_modified_time":"2026-04-15T23:00:09+00:00","og_image":[{"width":523,"height":1080,"url":"https:\/\/penosil.com\/fr\/wp-content\/uploads\/sites\/6\/2022\/10\/156_Installation_Gunfoam_156_FR.png","type":"image\/png"}],"twitter_card":"summary_large_image","twitter_misc":{"Dur\u00e9e de lecture estim\u00e9e":"6 minutes"},"schema":{"@context":"https:\/\/schema.org","@graph":[{"@type":"WebPage","@id":"https:\/\/penosil.com\/fr\/produit\/installation-gunfoam-156-mousse-a-haut-rendement\/","url":"https:\/\/penosil.com\/fr\/produit\/installation-gunfoam-156-mousse-a-haut-rendement\/","name":"Installation Gunfoam 156 - Mousse \u00e0 haut rendement - Penosil France","isPartOf":{"@id":"https:\/\/penosil.com\/fr\/#website"},"primaryImageOfPage":{"@id":"https:\/\/penosil.com\/fr\/produit\/installation-gunfoam-156-mousse-a-haut-rendement\/#primaryimage"},"image":{"@id":"https:\/\/penosil.com\/fr\/produit\/installation-gunfoam-156-mousse-a-haut-rendement\/#primaryimage"},"thumbnailUrl":"https:\/\/penosil.com\/fr\/wp-content\/uploads\/sites\/6\/2022\/10\/156_Installation_Gunfoam_156_FR.png","datePublished":"2022-10-12T13:02:57+00:00","dateModified":"2026-04-15T23:00:09+00:00","description":"PENOSIL Installation Gunfoam 156 mousse \u00e0 haut rendement pour les travaux d'\u00e9tanch\u00e9it\u00e9 et d'installation de portes et de fen\u00eatres. En savoir plus!","breadcrumb":{"@id":"https:\/\/penosil.com\/fr\/produit\/installation-gunfoam-156-mousse-a-haut-rendement\/#breadcrumb"},"inLanguage":"fr-FR","potentialAction":[{"@type":"ReadAction","target":["https:\/\/penosil.com\/fr\/produit\/installation-gunfoam-156-mousse-a-haut-rendement\/"]}]},{"@type":"ImageObject","inLanguage":"fr-FR","@id":"https:\/\/penosil.com\/fr\/produit\/installation-gunfoam-156-mousse-a-haut-rendement\/#primaryimage","url":"https:\/\/penosil.com\/fr\/wp-content\/uploads\/sites\/6\/2022\/10\/156_Installation_Gunfoam_156_FR.png","contentUrl":"https:\/\/penosil.com\/fr\/wp-content\/uploads\/sites\/6\/2022\/10\/156_Installation_Gunfoam_156_FR.png","width":523,"height":1080,"caption":"Produit PENOSIL Installation Gunfoam 156"},{"@type":"BreadcrumbList","@id":"https:\/\/penosil.com\/fr\/produit\/installation-gunfoam-156-mousse-a-haut-rendement\/#breadcrumb","itemListElement":[{"@type":"ListItem","position":1,"name":"Accueil","item":"https:\/\/penosil.com\/fr\/"},{"@type":"ListItem","position":2,"name":"Produits","item":"https:\/\/penosil.com\/fr\/produits-penosil\/"},{"@type":"ListItem","position":3,"name":"Installation Gunfoam 156"}]},{"@type":"WebSite","@id":"https:\/\/penosil.com\/fr\/#website","url":"https:\/\/penosil.com\/fr\/","name":"Penosil France","description":"","potentialAction":[{"@type":"SearchAction","target":{"@type":"EntryPoint","urlTemplate":"https:\/\/penosil.com\/fr\/?s={search_term_string}"},"query-input":{"@type":"PropertyValueSpecification","valueRequired":true,"valueName":"search_term_string"}}],"inLanguage":"fr-FR"}]}},"featured_img":"https:\/\/penosil.com\/fr\/wp-content\/uploads\/sites\/6\/2022\/10\/156_Installation_Gunfoam_156_FR.png","coauthors":[],"author_meta":{"author_link":"https:\/\/penosil.com\/fr\/author\/armand\/","display_name":"armand"},"relative_dates":{"created":"Publi\u00e9 4 ans il y a","modified":"Mis \u00e0 jour 11 heures il y a"},"absolute_dates":{"created":"Publi\u00e9 le 12 octobre 2022","modified":"Mise \u00e0 jour le 15 avril 2026"},"absolute_dates_time":{"created":"Publi\u00e9 le 12 octobre 2022 13h02","modified":"Mise \u00e0 jour le 15 avril 2026 23h00"},"featured_img_caption":"Produit PENOSIL Installation Gunfoam 156","tax_additional":{"product_brand":{"linked":[],"unlinked":[],"slug":"product_brand","name":"Marques"},"product_type":{"linked":["<a href=\"https:\/\/penosil.com\/fr\/?taxonomy=product_type&#038;term=simple\" class=\"advgb-post-tax-term\">simple<\/a>"],"unlinked":["<span class=\"advgb-post-tax-term\">simple<\/span>"],"slug":"product_type","name":"Type de produit"},"product_visibility":{"linked":[],"unlinked":[],"slug":"product_visibility","name":"Visibilit\u00e9 du produit"},"product_cat":{"linked":["<a href=\"https:\/\/penosil.com\/fr\/categorie-produit\/domaines-dapplication\/\" class=\"advgb-post-tax-term\">Domaines d&#039;application<\/a>","<a href=\"https:\/\/penosil.com\/fr\/categorie-produit\/domaines-dapplication\/porte-et-fenetre\/\" class=\"advgb-post-tax-term\">Porte &amp; Fen\u00eatre<\/a>","<a href=\"https:\/\/penosil.com\/fr\/categorie-produit\/categories-de-produits\/\" class=\"advgb-post-tax-term\">Cat\u00e9gories de produits<\/a>","<a href=\"https:\/\/penosil.com\/fr\/categorie-produit\/categories-de-produits\/mousses-pu\/\" class=\"advgb-post-tax-term\">Mousses PU<\/a>","<a href=\"https:\/\/penosil.com\/fr\/categorie-produit\/categories-de-produits\/mousses-pu\/mousses-pistolables\/\" class=\"advgb-post-tax-term\">Mousses pistolables<\/a>"],"unlinked":["<span class=\"advgb-post-tax-term\">Domaines d&#039;application<\/span>","<span class=\"advgb-post-tax-term\">Porte &amp; Fen\u00eatre<\/span>","<span class=\"advgb-post-tax-term\">Cat\u00e9gories de produits<\/span>","<span class=\"advgb-post-tax-term\">Mousses PU<\/span>","<span class=\"advgb-post-tax-term\">Mousses pistolables<\/span>"],"slug":"product_cat","name":"Cat\u00e9gories de produits"},"product_tag":{"linked":[],"unlinked":[],"slug":"product_tag","name":"\u00c9tiquettes produit"},"product_shipping_class":{"linked":[],"unlinked":[],"slug":"product_shipping_class","name":"Classe d\u2019exp\u00e9dition du produit"},"pos_product_visibility":{"linked":[],"unlinked":[],"slug":"pos_product_visibility","name":"Visibilit\u00e9 du produit sur le point de vente"},"pa_couleur":{"linked":["<a href=\"https:\/\/penosil.com\/fr\/?taxonomy=pa_couleur&#038;term=jaune-clair\" class=\"advgb-post-tax-term\">Jaune clair<\/a>"],"unlinked":["<span class=\"advgb-post-tax-term\">Jaune clair<\/span>"],"slug":"pa_couleur","name":"Product Couleur"},"pa_emballage":{"linked":["<a href=\"https:\/\/penosil.com\/fr\/?taxonomy=pa_emballage&#038;term=1000-ml-fr\" class=\"advgb-post-tax-term\">1000 ml<\/a>"],"unlinked":["<span class=\"advgb-post-tax-term\">1000 ml<\/span>"],"slug":"pa_emballage","name":"Product Emballage"},"translation_priority":{"linked":["<a href=\"https:\/\/penosil.com\/fr\/?taxonomy=translation_priority&#038;term=facultatif\" class=\"advgb-post-tax-term\">Facultatif<\/a>"],"unlinked":["<span class=\"advgb-post-tax-term\">Facultatif<\/span>"],"slug":"translation_priority","name":"Priorit\u00e9s de traduction"}},"series_order":"","_links":{"self":[{"href":"https:\/\/penosil.com\/fr\/wp-json\/wp\/v2\/product\/8779","targetHints":{"allow":["GET"]}}],"collection":[{"href":"https:\/\/penosil.com\/fr\/wp-json\/wp\/v2\/product"}],"about":[{"href":"https:\/\/penosil.com\/fr\/wp-json\/wp\/v2\/types\/product"}],"version-history":[{"count":5,"href":"https:\/\/penosil.com\/fr\/wp-json\/wp\/v2\/product\/8779\/revisions"}],"predecessor-version":[{"id":11575,"href":"https:\/\/penosil.com\/fr\/wp-json\/wp\/v2\/product\/8779\/revisions\/11575"}],"wp:featuredmedia":[{"embeddable":true,"href":"https:\/\/penosil.com\/fr\/wp-json\/wp\/v2\/media\/8780"}],"wp:attachment":[{"href":"https:\/\/penosil.com\/fr\/wp-json\/wp\/v2\/media?parent=8779"}],"wp:term":[{"taxonomy":"product_brand","embeddable":true,"href":"https:\/\/penosil.com\/fr\/wp-json\/wp\/v2\/product_brand?post=8779"},{"taxonomy":"product_cat","embeddable":true,"href":"https:\/\/penosil.com\/fr\/wp-json\/wp\/v2\/product_cat?post=8779"},{"taxonomy":"product_tag","embeddable":true,"href":"https:\/\/penosil.com\/fr\/wp-json\/wp\/v2\/product_tag?post=8779"}],"curies":[{"name":"wp","href":"https:\/\/api.w.org\/{rel}","templated":true}]}}