{"id":8781,"date":"2022-10-17T14:16:13","date_gmt":"2022-10-17T14:16:13","guid":{"rendered":"https:\/\/penosil.com\/fr\/?post_type=product&#038;p=8781"},"modified":"2026-04-15T11:00:10","modified_gmt":"2026-04-15T11:00:10","slug":"aquabrake-fiber-640-enduit-detancheite","status":"publish","type":"product","link":"https:\/\/penosil.com\/fr\/produit\/aquabrake-fiber-640-enduit-detancheite\/","title":{"rendered":"AquaBrake Fiber 640"},"content":{"rendered":"<p>Enduit d&rsquo;\u00e9tanch\u00e9it\u00e9 pr\u00eat \u00e0 l&#8217;emploi, renforc\u00e9 de fibres, pour l&rsquo;imperm\u00e9abilisation du support sous les sols et les murs des pi\u00e8ces humides. Apr\u00e8s s\u00e9chage, il forme une couche \u00e9lastique \u00e9tanche \u00e0 l&rsquo;eau. Convient aux sols chauffants.<\/p>\n","protected":false},"excerpt":{"rendered":"Enduit d&rsquo;\u00e9tanch\u00e9it\u00e9 pr\u00eat \u00e0 l&#8217;emploi, renforc\u00e9 de fibres, pour l&rsquo;imperm\u00e9abilisation du support sous les sols et les murs des pi\u00e8ces humides. Apr\u00e8s s\u00e9chage, il forme une couche \u00e9lastique \u00e9tanche \u00e0 l&rsquo;eau. Convient aux sols chauffants.","protected":false},"author":24,"featured_media":8784,"template":"","meta":{"_acf_changed":false,"advgb_blocks_editor_width":"","advgb_blocks_columns_visual_guide":"","footnotes":""},"product_brand":[],"product_cat":[330,2311,2322,1684,1145,1457],"product_tag":[],"class_list":{"0":"post-8781","1":"product","2":"type-product","3":"status-publish","4":"has-post-thumbnail","6":"product_cat-domaines-dapplication","7":"product_cat-membranes-et-bandes-etancheite-a-eau","8":"product_cat-revetements-et-membranes","9":"product_cat-membranes-et-joints-detancheite","10":"product_cat-sanitaire","11":"product_cat-traitements-de-surface","13":"first","14":"outofstock","15":"taxable","16":"shipping-taxable","17":"purchasable","18":"product-type-variable","19":"has-default-attributes"},"acf":[],"yoast_head":"<!-- This site is optimized with the Yoast SEO plugin v27.2 - https:\/\/yoast.com\/product\/yoast-seo-wordpress\/ -->\n<title>AquaBrake Fiber 640 - Enduit d&#039;\u00e9tanch\u00e9it\u00e9 - Penosil France<\/title>\n<meta name=\"description\" content=\"PENOSIL AquaBrake Fiber 640 enduit d&#039;\u00e9tanch\u00e9it\u00e9 renforc\u00e9 de fibres pour l&#039;imperm\u00e9abilisation du support sous les sols et murs. En savoir plus!\" \/>\n<meta name=\"robots\" content=\"index, follow, max-snippet:-1, max-image-preview:large, max-video-preview:-1\" \/>\n<link rel=\"canonical\" href=\"https:\/\/penosil.com\/fr\/produit\/aquabrake-fiber-640-enduit-detancheite\/\" \/>\n<meta property=\"og:locale\" content=\"fr_FR\" \/>\n<meta property=\"og:type\" content=\"article\" \/>\n<meta property=\"og:title\" content=\"AquaBrake Fiber 640 - Enduit d&#039;\u00e9tanch\u00e9it\u00e9 - Penosil France\" \/>\n<meta property=\"og:description\" content=\"PENOSIL AquaBrake Fiber 640 enduit d&#039;\u00e9tanch\u00e9it\u00e9 renforc\u00e9 de fibres pour l&#039;imperm\u00e9abilisation du support sous les sols et murs. En savoir plus!\" \/>\n<meta property=\"og:url\" content=\"https:\/\/penosil.com\/fr\/produit\/aquabrake-fiber-640-enduit-detancheite\/\" \/>\n<meta property=\"og:site_name\" content=\"Penosil France\" \/>\n<meta property=\"article:modified_time\" content=\"2026-04-15T11:00:10+00:00\" \/>\n<meta property=\"og:image\" content=\"https:\/\/penosil.com\/fr\/wp-content\/uploads\/sites\/6\/2022\/10\/640_AquaBrake_Fiber_640_1_3kg_FR.png\" \/>\n\t<meta property=\"og:image:width\" content=\"1178\" \/>\n\t<meta property=\"og:image:height\" content=\"1080\" \/>\n\t<meta property=\"og:image:type\" content=\"image\/png\" \/>\n<meta name=\"twitter:card\" content=\"summary_large_image\" \/>\n<meta name=\"twitter:label1\" content=\"Dur\u00e9e de lecture estim\u00e9e\" \/>\n\t<meta name=\"twitter:data1\" content=\"7 minutes\" \/>\n<script type=\"application\/ld+json\" class=\"yoast-schema-graph\">{\"@context\":\"https:\/\/schema.org\",\"@graph\":[{\"@type\":\"WebPage\",\"@id\":\"https:\/\/penosil.com\/fr\/produit\/aquabrake-fiber-640-enduit-detancheite\/\",\"url\":\"https:\/\/penosil.com\/fr\/produit\/aquabrake-fiber-640-enduit-detancheite\/\",\"name\":\"AquaBrake Fiber 640 - Enduit d'\u00e9tanch\u00e9it\u00e9 - Penosil France\",\"isPartOf\":{\"@id\":\"https:\/\/penosil.com\/fr\/#website\"},\"primaryImageOfPage\":{\"@id\":\"https:\/\/penosil.com\/fr\/produit\/aquabrake-fiber-640-enduit-detancheite\/#primaryimage\"},\"image\":{\"@id\":\"https:\/\/penosil.com\/fr\/produit\/aquabrake-fiber-640-enduit-detancheite\/#primaryimage\"},\"thumbnailUrl\":\"https:\/\/penosil.com\/fr\/wp-content\/uploads\/sites\/6\/2022\/10\/640_AquaBrake_Fiber_640_1_3kg_FR.png\",\"datePublished\":\"2022-10-17T14:16:13+00:00\",\"dateModified\":\"2026-04-15T11:00:10+00:00\",\"description\":\"PENOSIL AquaBrake Fiber 640 enduit d'\u00e9tanch\u00e9it\u00e9 renforc\u00e9 de fibres pour l'imperm\u00e9abilisation du support sous les sols et murs. En savoir plus!\",\"breadcrumb\":{\"@id\":\"https:\/\/penosil.com\/fr\/produit\/aquabrake-fiber-640-enduit-detancheite\/#breadcrumb\"},\"inLanguage\":\"fr-FR\",\"potentialAction\":[{\"@type\":\"ReadAction\",\"target\":[\"https:\/\/penosil.com\/fr\/produit\/aquabrake-fiber-640-enduit-detancheite\/\"]}]},{\"@type\":\"ImageObject\",\"inLanguage\":\"fr-FR\",\"@id\":\"https:\/\/penosil.com\/fr\/produit\/aquabrake-fiber-640-enduit-detancheite\/#primaryimage\",\"url\":\"https:\/\/penosil.com\/fr\/wp-content\/uploads\/sites\/6\/2022\/10\/640_AquaBrake_Fiber_640_1_3kg_FR.png\",\"contentUrl\":\"https:\/\/penosil.com\/fr\/wp-content\/uploads\/sites\/6\/2022\/10\/640_AquaBrake_Fiber_640_1_3kg_FR.png\",\"width\":1178,\"height\":1080,\"caption\":\"Produit PENOSIL AquaBrake Fiber 640\"},{\"@type\":\"BreadcrumbList\",\"@id\":\"https:\/\/penosil.com\/fr\/produit\/aquabrake-fiber-640-enduit-detancheite\/#breadcrumb\",\"itemListElement\":[{\"@type\":\"ListItem\",\"position\":1,\"name\":\"Accueil\",\"item\":\"https:\/\/penosil.com\/fr\/\"},{\"@type\":\"ListItem\",\"position\":2,\"name\":\"Produits\",\"item\":\"https:\/\/penosil.com\/fr\/produits-penosil\/\"},{\"@type\":\"ListItem\",\"position\":3,\"name\":\"AquaBrake Fiber 640\"}]},{\"@type\":\"WebSite\",\"@id\":\"https:\/\/penosil.com\/fr\/#website\",\"url\":\"https:\/\/penosil.com\/fr\/\",\"name\":\"Penosil France\",\"description\":\"\",\"potentialAction\":[{\"@type\":\"SearchAction\",\"target\":{\"@type\":\"EntryPoint\",\"urlTemplate\":\"https:\/\/penosil.com\/fr\/?s={search_term_string}\"},\"query-input\":{\"@type\":\"PropertyValueSpecification\",\"valueRequired\":true,\"valueName\":\"search_term_string\"}}],\"inLanguage\":\"fr-FR\"}]}<\/script>\n<!-- \/ Yoast SEO plugin. -->","yoast_head_json":{"title":"AquaBrake Fiber 640 - Enduit d'\u00e9tanch\u00e9it\u00e9 - Penosil France","description":"PENOSIL AquaBrake Fiber 640 enduit d'\u00e9tanch\u00e9it\u00e9 renforc\u00e9 de fibres pour l'imperm\u00e9abilisation du support sous les sols et murs. En savoir plus!","robots":{"index":"index","follow":"follow","max-snippet":"max-snippet:-1","max-image-preview":"max-image-preview:large","max-video-preview":"max-video-preview:-1"},"canonical":"https:\/\/penosil.com\/fr\/produit\/aquabrake-fiber-640-enduit-detancheite\/","og_locale":"fr_FR","og_type":"article","og_title":"AquaBrake Fiber 640 - Enduit d'\u00e9tanch\u00e9it\u00e9 - Penosil France","og_description":"PENOSIL AquaBrake Fiber 640 enduit d'\u00e9tanch\u00e9it\u00e9 renforc\u00e9 de fibres pour l'imperm\u00e9abilisation du support sous les sols et murs. En savoir plus!","og_url":"https:\/\/penosil.com\/fr\/produit\/aquabrake-fiber-640-enduit-detancheite\/","og_site_name":"Penosil France","article_modified_time":"2026-04-15T11:00:10+00:00","og_image":[{"width":1178,"height":1080,"url":"https:\/\/penosil.com\/fr\/wp-content\/uploads\/sites\/6\/2022\/10\/640_AquaBrake_Fiber_640_1_3kg_FR.png","type":"image\/png"}],"twitter_card":"summary_large_image","twitter_misc":{"Dur\u00e9e de lecture estim\u00e9e":"7 minutes"},"schema":{"@context":"https:\/\/schema.org","@graph":[{"@type":"WebPage","@id":"https:\/\/penosil.com\/fr\/produit\/aquabrake-fiber-640-enduit-detancheite\/","url":"https:\/\/penosil.com\/fr\/produit\/aquabrake-fiber-640-enduit-detancheite\/","name":"AquaBrake Fiber 640 - Enduit d'\u00e9tanch\u00e9it\u00e9 - Penosil France","isPartOf":{"@id":"https:\/\/penosil.com\/fr\/#website"},"primaryImageOfPage":{"@id":"https:\/\/penosil.com\/fr\/produit\/aquabrake-fiber-640-enduit-detancheite\/#primaryimage"},"image":{"@id":"https:\/\/penosil.com\/fr\/produit\/aquabrake-fiber-640-enduit-detancheite\/#primaryimage"},"thumbnailUrl":"https:\/\/penosil.com\/fr\/wp-content\/uploads\/sites\/6\/2022\/10\/640_AquaBrake_Fiber_640_1_3kg_FR.png","datePublished":"2022-10-17T14:16:13+00:00","dateModified":"2026-04-15T11:00:10+00:00","description":"PENOSIL AquaBrake Fiber 640 enduit d'\u00e9tanch\u00e9it\u00e9 renforc\u00e9 de fibres pour l'imperm\u00e9abilisation du support sous les sols et murs. En savoir plus!","breadcrumb":{"@id":"https:\/\/penosil.com\/fr\/produit\/aquabrake-fiber-640-enduit-detancheite\/#breadcrumb"},"inLanguage":"fr-FR","potentialAction":[{"@type":"ReadAction","target":["https:\/\/penosil.com\/fr\/produit\/aquabrake-fiber-640-enduit-detancheite\/"]}]},{"@type":"ImageObject","inLanguage":"fr-FR","@id":"https:\/\/penosil.com\/fr\/produit\/aquabrake-fiber-640-enduit-detancheite\/#primaryimage","url":"https:\/\/penosil.com\/fr\/wp-content\/uploads\/sites\/6\/2022\/10\/640_AquaBrake_Fiber_640_1_3kg_FR.png","contentUrl":"https:\/\/penosil.com\/fr\/wp-content\/uploads\/sites\/6\/2022\/10\/640_AquaBrake_Fiber_640_1_3kg_FR.png","width":1178,"height":1080,"caption":"Produit PENOSIL AquaBrake Fiber 640"},{"@type":"BreadcrumbList","@id":"https:\/\/penosil.com\/fr\/produit\/aquabrake-fiber-640-enduit-detancheite\/#breadcrumb","itemListElement":[{"@type":"ListItem","position":1,"name":"Accueil","item":"https:\/\/penosil.com\/fr\/"},{"@type":"ListItem","position":2,"name":"Produits","item":"https:\/\/penosil.com\/fr\/produits-penosil\/"},{"@type":"ListItem","position":3,"name":"AquaBrake Fiber 640"}]},{"@type":"WebSite","@id":"https:\/\/penosil.com\/fr\/#website","url":"https:\/\/penosil.com\/fr\/","name":"Penosil France","description":"","potentialAction":[{"@type":"SearchAction","target":{"@type":"EntryPoint","urlTemplate":"https:\/\/penosil.com\/fr\/?s={search_term_string}"},"query-input":{"@type":"PropertyValueSpecification","valueRequired":true,"valueName":"search_term_string"}}],"inLanguage":"fr-FR"}]}},"featured_img":"https:\/\/penosil.com\/fr\/wp-content\/uploads\/sites\/6\/2022\/10\/640_AquaBrake_Fiber_640_1_3kg_FR.png","coauthors":[],"author_meta":{"author_link":"https:\/\/penosil.com\/fr\/author\/armand\/","display_name":"armand"},"relative_dates":{"created":"Publi\u00e9 3 ans il y a","modified":"Mis \u00e0 jour 7 heures il y a"},"absolute_dates":{"created":"Publi\u00e9 le 17 octobre 2022","modified":"Mise \u00e0 jour le 15 avril 2026"},"absolute_dates_time":{"created":"Publi\u00e9 le 17 octobre 2022 14h16","modified":"Mise \u00e0 jour le 15 avril 2026 11h00"},"featured_img_caption":"Produit PENOSIL AquaBrake Fiber 640","tax_additional":{"product_brand":{"linked":[],"unlinked":[],"slug":"product_brand","name":"Marques"},"product_type":{"linked":["<a href=\"https:\/\/penosil.com\/fr\/?taxonomy=product_type&#038;term=variable\" class=\"advgb-post-tax-term\">variable<\/a>"],"unlinked":["<span class=\"advgb-post-tax-term\">variable<\/span>"],"slug":"product_type","name":"Type de produit"},"product_visibility":{"linked":["<a href=\"https:\/\/penosil.com\/fr\/en\/?taxonomy=product_visibility&#038;term=outofstock\" class=\"advgb-post-tax-term\">outofstock<\/a>"],"unlinked":["<span class=\"advgb-post-tax-term\">outofstock<\/span>"],"slug":"product_visibility","name":"Visibilit\u00e9 du produit"},"product_cat":{"linked":["<a href=\"https:\/\/penosil.com\/fr\/categorie-produit\/domaines-dapplication\/\" class=\"advgb-post-tax-term\">Domaines d&#039;application<\/a>","<a href=\"https:\/\/penosil.com\/fr\/categorie-produit\/categories-de-produits\/membranes-et-joints-detancheite\/membranes-et-bandes-etancheite-a-eau\/\" class=\"advgb-post-tax-term\">Membranes &amp; bandes d&#039;\u00e9tanch\u00e9it\u00e9 \u00e0 l&#039;eau<\/a>","<a href=\"https:\/\/penosil.com\/fr\/categorie-produit\/categories-de-produits\/traitements-de-surface\/revetements-et-membranes\/\" class=\"advgb-post-tax-term\">Rev\u00eatements &amp; membranes<\/a>","<a href=\"https:\/\/penosil.com\/fr\/categorie-produit\/categories-de-produits\/membranes-et-joints-detancheite\/\" class=\"advgb-post-tax-term\">Membranes &amp; joints d&#039;\u00e9tanch\u00e9it\u00e9<\/a>","<a href=\"https:\/\/penosil.com\/fr\/categorie-produit\/domaines-dapplication\/sanitaire\/\" class=\"advgb-post-tax-term\">Sanitaire<\/a>","<a href=\"https:\/\/penosil.com\/fr\/categorie-produit\/categories-de-produits\/traitements-de-surface\/\" class=\"advgb-post-tax-term\">Traitements de surface<\/a>"],"unlinked":["<span class=\"advgb-post-tax-term\">Domaines d&#039;application<\/span>","<span class=\"advgb-post-tax-term\">Membranes &amp; bandes d&#039;\u00e9tanch\u00e9it\u00e9 \u00e0 l&#039;eau<\/span>","<span class=\"advgb-post-tax-term\">Rev\u00eatements &amp; membranes<\/span>","<span class=\"advgb-post-tax-term\">Membranes &amp; joints d&#039;\u00e9tanch\u00e9it\u00e9<\/span>","<span class=\"advgb-post-tax-term\">Sanitaire<\/span>","<span class=\"advgb-post-tax-term\">Traitements de surface<\/span>"],"slug":"product_cat","name":"Cat\u00e9gories de produits"},"product_tag":{"linked":[],"unlinked":[],"slug":"product_tag","name":"\u00c9tiquettes produit"},"product_shipping_class":{"linked":[],"unlinked":[],"slug":"product_shipping_class","name":"Classe d\u2019exp\u00e9dition du produit"},"pos_product_visibility":{"linked":[],"unlinked":[],"slug":"pos_product_visibility","name":"Visibilit\u00e9 du produit sur le point de vente"},"pa_couleur":{"linked":["<a href=\"https:\/\/penosil.com\/fr\/?taxonomy=pa_couleur&#038;term=bleu-ciel\" class=\"advgb-post-tax-term\">Bleu ciel<\/a>"],"unlinked":["<span class=\"advgb-post-tax-term\">Bleu ciel<\/span>"],"slug":"pa_couleur","name":"Product Couleur"},"pa_emballage":{"linked":["<a href=\"https:\/\/penosil.com\/fr\/?taxonomy=pa_emballage&#038;term=13-kg\" class=\"advgb-post-tax-term\">1,3 kg<\/a>","<a href=\"https:\/\/penosil.com\/fr\/?taxonomy=pa_emballage&#038;term=7-kg\" class=\"advgb-post-tax-term\">7 kg<\/a>"],"unlinked":["<span class=\"advgb-post-tax-term\">1,3 kg<\/span>","<span class=\"advgb-post-tax-term\">7 kg<\/span>"],"slug":"pa_emballage","name":"Product Emballage"},"translation_priority":{"linked":["<a href=\"https:\/\/penosil.com\/fr\/?taxonomy=translation_priority&#038;term=facultatif\" class=\"advgb-post-tax-term\">Facultatif<\/a>"],"unlinked":["<span class=\"advgb-post-tax-term\">Facultatif<\/span>"],"slug":"translation_priority","name":"Priorit\u00e9s de traduction"}},"series_order":"","_links":{"self":[{"href":"https:\/\/penosil.com\/fr\/wp-json\/wp\/v2\/product\/8781","targetHints":{"allow":["GET"]}}],"collection":[{"href":"https:\/\/penosil.com\/fr\/wp-json\/wp\/v2\/product"}],"about":[{"href":"https:\/\/penosil.com\/fr\/wp-json\/wp\/v2\/types\/product"}],"version-history":[{"count":3,"href":"https:\/\/penosil.com\/fr\/wp-json\/wp\/v2\/product\/8781\/revisions"}],"predecessor-version":[{"id":11187,"href":"https:\/\/penosil.com\/fr\/wp-json\/wp\/v2\/product\/8781\/revisions\/11187"}],"wp:featuredmedia":[{"embeddable":true,"href":"https:\/\/penosil.com\/fr\/wp-json\/wp\/v2\/media\/8784"}],"wp:attachment":[{"href":"https:\/\/penosil.com\/fr\/wp-json\/wp\/v2\/media?parent=8781"}],"wp:term":[{"taxonomy":"product_brand","embeddable":true,"href":"https:\/\/penosil.com\/fr\/wp-json\/wp\/v2\/product_brand?post=8781"},{"taxonomy":"product_cat","embeddable":true,"href":"https:\/\/penosil.com\/fr\/wp-json\/wp\/v2\/product_cat?post=8781"},{"taxonomy":"product_tag","embeddable":true,"href":"https:\/\/penosil.com\/fr\/wp-json\/wp\/v2\/product_tag?post=8781"}],"curies":[{"name":"wp","href":"https:\/\/api.w.org\/{rel}","templated":true}]}}