{"id":8828,"date":"2022-10-17T14:21:05","date_gmt":"2022-10-17T14:21:05","guid":{"rendered":"https:\/\/penosil.com\/fr\/?post_type=product&#038;p=8828"},"modified":"2026-04-15T23:00:10","modified_gmt":"2026-04-15T23:00:10","slug":"hydrostop-644-impermeabilisant-interieur","status":"publish","type":"product","link":"https:\/\/penosil.com\/fr\/produit\/hydrostop-644-impermeabilisant-interieur\/","title":{"rendered":"HydroStop 644"},"content":{"rendered":"<p>Produit imperm\u00e9abilisant \u00e0 usage int\u00e9rieur pour emp\u00eacher l\u2019humidit\u00e9 de p\u00e9n\u00e9trer dans la structure du b\u00e2timent.<\/p>\n","protected":false},"excerpt":{"rendered":"Produit imperm\u00e9abilisant \u00e0 usage int\u00e9rieur pour emp\u00eacher l\u2019humidit\u00e9 de p\u00e9n\u00e9trer dans la structure du b\u00e2timent.","protected":false},"author":24,"featured_media":8831,"template":"","meta":{"_acf_changed":false,"advgb_blocks_editor_width":"","advgb_blocks_columns_visual_guide":"","footnotes":""},"product_brand":[],"product_cat":[330,2322,1145,1457],"product_tag":[],"class_list":{"0":"post-8828","1":"product","2":"type-product","3":"status-publish","4":"has-post-thumbnail","6":"product_cat-domaines-dapplication","7":"product_cat-revetements-et-membranes","8":"product_cat-sanitaire","9":"product_cat-traitements-de-surface","11":"first","12":"outofstock","13":"taxable","14":"shipping-taxable","15":"purchasable","16":"product-type-simple"},"acf":[],"yoast_head":"<!-- This site is optimized with the Yoast SEO plugin v27.2 - https:\/\/yoast.com\/product\/yoast-seo-wordpress\/ -->\n<title>HydroStop 644 - Imperm\u00e9abilisant int\u00e9rieur - Penosil France<\/title>\n<meta name=\"description\" content=\"PENOSIL HydroStop 644 imperm\u00e9abilisant int\u00e9rieur pour em\u00eacher l&#039;humidit\u00e9 de p\u00e9n\u00e9trer dans la structure du b\u00e2timent. En savoir plus!\" \/>\n<meta name=\"robots\" content=\"index, follow, max-snippet:-1, max-image-preview:large, max-video-preview:-1\" \/>\n<link rel=\"canonical\" href=\"https:\/\/penosil.com\/fr\/produit\/hydrostop-644-impermeabilisant-interieur\/\" \/>\n<meta property=\"og:locale\" content=\"fr_FR\" \/>\n<meta property=\"og:type\" content=\"article\" \/>\n<meta property=\"og:title\" content=\"HydroStop 644 - Imperm\u00e9abilisant int\u00e9rieur - Penosil France\" \/>\n<meta property=\"og:description\" content=\"PENOSIL HydroStop 644 imperm\u00e9abilisant int\u00e9rieur pour em\u00eacher l&#039;humidit\u00e9 de p\u00e9n\u00e9trer dans la structure du b\u00e2timent. En savoir plus!\" \/>\n<meta property=\"og:url\" content=\"https:\/\/penosil.com\/fr\/produit\/hydrostop-644-impermeabilisant-interieur\/\" \/>\n<meta property=\"og:site_name\" content=\"Penosil France\" \/>\n<meta property=\"article:modified_time\" content=\"2026-04-15T23:00:10+00:00\" \/>\n<meta property=\"og:image\" content=\"https:\/\/penosil.com\/fr\/wp-content\/uploads\/sites\/6\/2022\/10\/644_HydroStop_644_FR.png\" \/>\n\t<meta property=\"og:image:width\" content=\"1178\" \/>\n\t<meta property=\"og:image:height\" content=\"1080\" \/>\n\t<meta property=\"og:image:type\" content=\"image\/png\" \/>\n<meta name=\"twitter:card\" content=\"summary_large_image\" \/>\n<meta name=\"twitter:label1\" content=\"Dur\u00e9e de lecture estim\u00e9e\" \/>\n\t<meta name=\"twitter:data1\" content=\"3 minutes\" \/>\n<script type=\"application\/ld+json\" class=\"yoast-schema-graph\">{\"@context\":\"https:\/\/schema.org\",\"@graph\":[{\"@type\":\"WebPage\",\"@id\":\"https:\/\/penosil.com\/fr\/produit\/hydrostop-644-impermeabilisant-interieur\/\",\"url\":\"https:\/\/penosil.com\/fr\/produit\/hydrostop-644-impermeabilisant-interieur\/\",\"name\":\"HydroStop 644 - Imperm\u00e9abilisant int\u00e9rieur - Penosil France\",\"isPartOf\":{\"@id\":\"https:\/\/penosil.com\/fr\/#website\"},\"primaryImageOfPage\":{\"@id\":\"https:\/\/penosil.com\/fr\/produit\/hydrostop-644-impermeabilisant-interieur\/#primaryimage\"},\"image\":{\"@id\":\"https:\/\/penosil.com\/fr\/produit\/hydrostop-644-impermeabilisant-interieur\/#primaryimage\"},\"thumbnailUrl\":\"https:\/\/penosil.com\/fr\/wp-content\/uploads\/sites\/6\/2022\/10\/644_HydroStop_644_FR.png\",\"datePublished\":\"2022-10-17T14:21:05+00:00\",\"dateModified\":\"2026-04-15T23:00:10+00:00\",\"description\":\"PENOSIL HydroStop 644 imperm\u00e9abilisant int\u00e9rieur pour em\u00eacher l'humidit\u00e9 de p\u00e9n\u00e9trer dans la structure du b\u00e2timent. En savoir plus!\",\"breadcrumb\":{\"@id\":\"https:\/\/penosil.com\/fr\/produit\/hydrostop-644-impermeabilisant-interieur\/#breadcrumb\"},\"inLanguage\":\"fr-FR\",\"potentialAction\":[{\"@type\":\"ReadAction\",\"target\":[\"https:\/\/penosil.com\/fr\/produit\/hydrostop-644-impermeabilisant-interieur\/\"]}]},{\"@type\":\"ImageObject\",\"inLanguage\":\"fr-FR\",\"@id\":\"https:\/\/penosil.com\/fr\/produit\/hydrostop-644-impermeabilisant-interieur\/#primaryimage\",\"url\":\"https:\/\/penosil.com\/fr\/wp-content\/uploads\/sites\/6\/2022\/10\/644_HydroStop_644_FR.png\",\"contentUrl\":\"https:\/\/penosil.com\/fr\/wp-content\/uploads\/sites\/6\/2022\/10\/644_HydroStop_644_FR.png\",\"width\":1178,\"height\":1080,\"caption\":\"Produit PENOSIL HydroStop 644\"},{\"@type\":\"BreadcrumbList\",\"@id\":\"https:\/\/penosil.com\/fr\/produit\/hydrostop-644-impermeabilisant-interieur\/#breadcrumb\",\"itemListElement\":[{\"@type\":\"ListItem\",\"position\":1,\"name\":\"Accueil\",\"item\":\"https:\/\/penosil.com\/fr\/\"},{\"@type\":\"ListItem\",\"position\":2,\"name\":\"Produits\",\"item\":\"https:\/\/penosil.com\/fr\/produits-penosil\/\"},{\"@type\":\"ListItem\",\"position\":3,\"name\":\"HydroStop 644\"}]},{\"@type\":\"WebSite\",\"@id\":\"https:\/\/penosil.com\/fr\/#website\",\"url\":\"https:\/\/penosil.com\/fr\/\",\"name\":\"Penosil France\",\"description\":\"\",\"potentialAction\":[{\"@type\":\"SearchAction\",\"target\":{\"@type\":\"EntryPoint\",\"urlTemplate\":\"https:\/\/penosil.com\/fr\/?s={search_term_string}\"},\"query-input\":{\"@type\":\"PropertyValueSpecification\",\"valueRequired\":true,\"valueName\":\"search_term_string\"}}],\"inLanguage\":\"fr-FR\"}]}<\/script>\n<!-- \/ Yoast SEO plugin. -->","yoast_head_json":{"title":"HydroStop 644 - Imperm\u00e9abilisant int\u00e9rieur - Penosil France","description":"PENOSIL HydroStop 644 imperm\u00e9abilisant int\u00e9rieur pour em\u00eacher l'humidit\u00e9 de p\u00e9n\u00e9trer dans la structure du b\u00e2timent. En savoir plus!","robots":{"index":"index","follow":"follow","max-snippet":"max-snippet:-1","max-image-preview":"max-image-preview:large","max-video-preview":"max-video-preview:-1"},"canonical":"https:\/\/penosil.com\/fr\/produit\/hydrostop-644-impermeabilisant-interieur\/","og_locale":"fr_FR","og_type":"article","og_title":"HydroStop 644 - Imperm\u00e9abilisant int\u00e9rieur - Penosil France","og_description":"PENOSIL HydroStop 644 imperm\u00e9abilisant int\u00e9rieur pour em\u00eacher l'humidit\u00e9 de p\u00e9n\u00e9trer dans la structure du b\u00e2timent. En savoir plus!","og_url":"https:\/\/penosil.com\/fr\/produit\/hydrostop-644-impermeabilisant-interieur\/","og_site_name":"Penosil France","article_modified_time":"2026-04-15T23:00:10+00:00","og_image":[{"width":1178,"height":1080,"url":"https:\/\/penosil.com\/fr\/wp-content\/uploads\/sites\/6\/2022\/10\/644_HydroStop_644_FR.png","type":"image\/png"}],"twitter_card":"summary_large_image","twitter_misc":{"Dur\u00e9e de lecture estim\u00e9e":"3 minutes"},"schema":{"@context":"https:\/\/schema.org","@graph":[{"@type":"WebPage","@id":"https:\/\/penosil.com\/fr\/produit\/hydrostop-644-impermeabilisant-interieur\/","url":"https:\/\/penosil.com\/fr\/produit\/hydrostop-644-impermeabilisant-interieur\/","name":"HydroStop 644 - Imperm\u00e9abilisant int\u00e9rieur - Penosil France","isPartOf":{"@id":"https:\/\/penosil.com\/fr\/#website"},"primaryImageOfPage":{"@id":"https:\/\/penosil.com\/fr\/produit\/hydrostop-644-impermeabilisant-interieur\/#primaryimage"},"image":{"@id":"https:\/\/penosil.com\/fr\/produit\/hydrostop-644-impermeabilisant-interieur\/#primaryimage"},"thumbnailUrl":"https:\/\/penosil.com\/fr\/wp-content\/uploads\/sites\/6\/2022\/10\/644_HydroStop_644_FR.png","datePublished":"2022-10-17T14:21:05+00:00","dateModified":"2026-04-15T23:00:10+00:00","description":"PENOSIL HydroStop 644 imperm\u00e9abilisant int\u00e9rieur pour em\u00eacher l'humidit\u00e9 de p\u00e9n\u00e9trer dans la structure du b\u00e2timent. En savoir plus!","breadcrumb":{"@id":"https:\/\/penosil.com\/fr\/produit\/hydrostop-644-impermeabilisant-interieur\/#breadcrumb"},"inLanguage":"fr-FR","potentialAction":[{"@type":"ReadAction","target":["https:\/\/penosil.com\/fr\/produit\/hydrostop-644-impermeabilisant-interieur\/"]}]},{"@type":"ImageObject","inLanguage":"fr-FR","@id":"https:\/\/penosil.com\/fr\/produit\/hydrostop-644-impermeabilisant-interieur\/#primaryimage","url":"https:\/\/penosil.com\/fr\/wp-content\/uploads\/sites\/6\/2022\/10\/644_HydroStop_644_FR.png","contentUrl":"https:\/\/penosil.com\/fr\/wp-content\/uploads\/sites\/6\/2022\/10\/644_HydroStop_644_FR.png","width":1178,"height":1080,"caption":"Produit PENOSIL HydroStop 644"},{"@type":"BreadcrumbList","@id":"https:\/\/penosil.com\/fr\/produit\/hydrostop-644-impermeabilisant-interieur\/#breadcrumb","itemListElement":[{"@type":"ListItem","position":1,"name":"Accueil","item":"https:\/\/penosil.com\/fr\/"},{"@type":"ListItem","position":2,"name":"Produits","item":"https:\/\/penosil.com\/fr\/produits-penosil\/"},{"@type":"ListItem","position":3,"name":"HydroStop 644"}]},{"@type":"WebSite","@id":"https:\/\/penosil.com\/fr\/#website","url":"https:\/\/penosil.com\/fr\/","name":"Penosil France","description":"","potentialAction":[{"@type":"SearchAction","target":{"@type":"EntryPoint","urlTemplate":"https:\/\/penosil.com\/fr\/?s={search_term_string}"},"query-input":{"@type":"PropertyValueSpecification","valueRequired":true,"valueName":"search_term_string"}}],"inLanguage":"fr-FR"}]}},"featured_img":"https:\/\/penosil.com\/fr\/wp-content\/uploads\/sites\/6\/2022\/10\/644_HydroStop_644_FR.png","coauthors":[],"author_meta":{"author_link":"https:\/\/penosil.com\/fr\/author\/armand\/","display_name":"armand"},"relative_dates":{"created":"Publi\u00e9 3 ans il y a","modified":"Mis \u00e0 jour 11 heures il y a"},"absolute_dates":{"created":"Publi\u00e9 le 17 octobre 2022","modified":"Mise \u00e0 jour le 15 avril 2026"},"absolute_dates_time":{"created":"Publi\u00e9 le 17 octobre 2022 14h21","modified":"Mise \u00e0 jour le 15 avril 2026 23h00"},"featured_img_caption":"Produit PENOSIL HydroStop 644","tax_additional":{"product_brand":{"linked":[],"unlinked":[],"slug":"product_brand","name":"Marques"},"product_type":{"linked":["<a href=\"https:\/\/penosil.com\/fr\/?taxonomy=product_type&#038;term=simple\" class=\"advgb-post-tax-term\">simple<\/a>"],"unlinked":["<span class=\"advgb-post-tax-term\">simple<\/span>"],"slug":"product_type","name":"Type de produit"},"product_visibility":{"linked":["<a href=\"https:\/\/penosil.com\/fr\/en\/?taxonomy=product_visibility&#038;term=outofstock\" class=\"advgb-post-tax-term\">outofstock<\/a>"],"unlinked":["<span class=\"advgb-post-tax-term\">outofstock<\/span>"],"slug":"product_visibility","name":"Visibilit\u00e9 du produit"},"product_cat":{"linked":["<a href=\"https:\/\/penosil.com\/fr\/categorie-produit\/domaines-dapplication\/\" class=\"advgb-post-tax-term\">Domaines d&#039;application<\/a>","<a href=\"https:\/\/penosil.com\/fr\/categorie-produit\/categories-de-produits\/traitements-de-surface\/revetements-et-membranes\/\" class=\"advgb-post-tax-term\">Rev\u00eatements &amp; membranes<\/a>","<a href=\"https:\/\/penosil.com\/fr\/categorie-produit\/domaines-dapplication\/sanitaire\/\" class=\"advgb-post-tax-term\">Sanitaire<\/a>","<a href=\"https:\/\/penosil.com\/fr\/categorie-produit\/categories-de-produits\/traitements-de-surface\/\" class=\"advgb-post-tax-term\">Traitements de surface<\/a>"],"unlinked":["<span class=\"advgb-post-tax-term\">Domaines d&#039;application<\/span>","<span class=\"advgb-post-tax-term\">Rev\u00eatements &amp; membranes<\/span>","<span class=\"advgb-post-tax-term\">Sanitaire<\/span>","<span class=\"advgb-post-tax-term\">Traitements de surface<\/span>"],"slug":"product_cat","name":"Cat\u00e9gories de produits"},"product_tag":{"linked":[],"unlinked":[],"slug":"product_tag","name":"\u00c9tiquettes produit"},"product_shipping_class":{"linked":[],"unlinked":[],"slug":"product_shipping_class","name":"Classe d\u2019exp\u00e9dition du produit"},"pos_product_visibility":{"linked":[],"unlinked":[],"slug":"pos_product_visibility","name":"Visibilit\u00e9 du produit sur le point de vente"},"pa_couleur":{"linked":["<a href=\"https:\/\/penosil.com\/fr\/?taxonomy=pa_couleur&#038;term=rose\" class=\"advgb-post-tax-term\">Rose<\/a>"],"unlinked":["<span class=\"advgb-post-tax-term\">Rose<\/span>"],"slug":"pa_couleur","name":"Product Couleur"},"pa_emballage":{"linked":["<a href=\"https:\/\/penosil.com\/fr\/?taxonomy=pa_emballage&#038;term=3-l\" class=\"advgb-post-tax-term\">3 L<\/a>"],"unlinked":["<span class=\"advgb-post-tax-term\">3 L<\/span>"],"slug":"pa_emballage","name":"Product Emballage"},"translation_priority":{"linked":["<a href=\"https:\/\/penosil.com\/fr\/?taxonomy=translation_priority&#038;term=facultatif\" class=\"advgb-post-tax-term\">Facultatif<\/a>"],"unlinked":["<span class=\"advgb-post-tax-term\">Facultatif<\/span>"],"slug":"translation_priority","name":"Priorit\u00e9s de traduction"}},"series_order":"","_links":{"self":[{"href":"https:\/\/penosil.com\/fr\/wp-json\/wp\/v2\/product\/8828","targetHints":{"allow":["GET"]}}],"collection":[{"href":"https:\/\/penosil.com\/fr\/wp-json\/wp\/v2\/product"}],"about":[{"href":"https:\/\/penosil.com\/fr\/wp-json\/wp\/v2\/types\/product"}],"version-history":[{"count":4,"href":"https:\/\/penosil.com\/fr\/wp-json\/wp\/v2\/product\/8828\/revisions"}],"predecessor-version":[{"id":11985,"href":"https:\/\/penosil.com\/fr\/wp-json\/wp\/v2\/product\/8828\/revisions\/11985"}],"wp:featuredmedia":[{"embeddable":true,"href":"https:\/\/penosil.com\/fr\/wp-json\/wp\/v2\/media\/8831"}],"wp:attachment":[{"href":"https:\/\/penosil.com\/fr\/wp-json\/wp\/v2\/media?parent=8828"}],"wp:term":[{"taxonomy":"product_brand","embeddable":true,"href":"https:\/\/penosil.com\/fr\/wp-json\/wp\/v2\/product_brand?post=8828"},{"taxonomy":"product_cat","embeddable":true,"href":"https:\/\/penosil.com\/fr\/wp-json\/wp\/v2\/product_cat?post=8828"},{"taxonomy":"product_tag","embeddable":true,"href":"https:\/\/penosil.com\/fr\/wp-json\/wp\/v2\/product_tag?post=8828"}],"curies":[{"name":"wp","href":"https:\/\/api.w.org\/{rel}","templated":true}]}}