{"id":8877,"date":"2022-12-13T14:59:10","date_gmt":"2022-12-13T14:59:10","guid":{"rendered":"https:\/\/penosil.com\/fr\/?post_type=product&#038;p=8877"},"modified":"2026-04-14T23:00:11","modified_gmt":"2026-04-14T23:00:11","slug":"neutral-alkoxy-silicone-340-silicone-neutre","status":"publish","type":"product","link":"https:\/\/penosil.com\/fr\/produit\/neutral-alkoxy-silicone-340-silicone-neutre\/","title":{"rendered":"Neutral Alkoxy Silicone 340"},"content":{"rendered":"<p>Silicone neutre \u00e0 bas module, haute \u00e9lasticit\u00e9 et capacit\u00e9 de mouvement pour les travaux de fa\u00e7ade. Mastic mono-composant de r\u00e9ticulation neutre non acide, se transforme en un caoutchouc extr\u00eamement \u00e9lastique et r\u00e9sistant au contact de l&rsquo;humidit\u00e9 atmosph\u00e9rique.<\/p>\n","protected":false},"excerpt":{"rendered":"Silicone neutre \u00e0 bas module, haute \u00e9lasticit\u00e9 et capacit\u00e9 de mouvement pour les travaux de fa\u00e7ade. Mastic mono-composant de r\u00e9ticulation neutre non acide, se transforme en un caoutchouc extr\u00eamement \u00e9lastique et r\u00e9sistant au contact de l&rsquo;humidit\u00e9 atmosph\u00e9rique.","protected":false},"author":36,"featured_media":11383,"template":"","meta":{"_acf_changed":false,"advgb_blocks_editor_width":"","advgb_blocks_columns_visual_guide":"","footnotes":""},"product_brand":[],"product_cat":[2304,330,1601,1074],"product_tag":[],"class_list":{"0":"post-8877","1":"product","2":"type-product","3":"status-publish","4":"has-post-thumbnail","6":"product_cat-silicones-neutres","7":"product_cat-domaines-dapplication","8":"product_cat-mastics-detancheites","9":"product_cat-toitures-et-facades","11":"first","12":"outofstock","13":"taxable","14":"shipping-taxable","15":"purchasable","16":"product-type-variable"},"acf":[],"yoast_head":"<!-- This site is optimized with the Yoast SEO plugin v27.2 - https:\/\/yoast.com\/product\/yoast-seo-wordpress\/ -->\n<title>Neutral Alkoxy Silicone 340 - Silicone neutre - Penosil France<\/title>\n<meta name=\"description\" content=\"PENOSIL Neutral Alkoxy Silicone 340 silicone neutre \u00e0 bas module, haute \u00e9lasticit\u00e9 et capacit\u00e9 de mouvement pour les travaux de fa\u00e7ade. En savoir plus!\" \/>\n<meta name=\"robots\" content=\"index, follow, max-snippet:-1, max-image-preview:large, max-video-preview:-1\" \/>\n<link rel=\"canonical\" href=\"https:\/\/penosil.com\/fr\/produit\/neutral-alkoxy-silicone-340-silicone-neutre\/\" \/>\n<meta property=\"og:locale\" content=\"fr_FR\" \/>\n<meta property=\"og:type\" content=\"article\" \/>\n<meta property=\"og:title\" content=\"Neutral Alkoxy Silicone 340 - Silicone neutre - Penosil France\" \/>\n<meta property=\"og:description\" content=\"PENOSIL Neutral Alkoxy Silicone 340 silicone neutre \u00e0 bas module, haute \u00e9lasticit\u00e9 et capacit\u00e9 de mouvement pour les travaux de fa\u00e7ade. En savoir plus!\" \/>\n<meta property=\"og:url\" content=\"https:\/\/penosil.com\/fr\/produit\/neutral-alkoxy-silicone-340-silicone-neutre\/\" \/>\n<meta property=\"og:site_name\" content=\"Penosil France\" \/>\n<meta property=\"article:modified_time\" content=\"2026-04-14T23:00:11+00:00\" \/>\n<meta property=\"og:image\" content=\"https:\/\/penosil.com\/fr\/wp-content\/uploads\/sites\/6\/2025\/05\/340_Neutral_Alkoxy_Silicone_340.png\" \/>\n\t<meta property=\"og:image:width\" content=\"387\" \/>\n\t<meta property=\"og:image:height\" content=\"1080\" \/>\n\t<meta property=\"og:image:type\" content=\"image\/png\" \/>\n<meta name=\"twitter:card\" content=\"summary_large_image\" \/>\n<meta name=\"twitter:label1\" content=\"Dur\u00e9e de lecture estim\u00e9e\" \/>\n\t<meta name=\"twitter:data1\" content=\"3 minutes\" \/>\n<script type=\"application\/ld+json\" class=\"yoast-schema-graph\">{\"@context\":\"https:\/\/schema.org\",\"@graph\":[{\"@type\":\"WebPage\",\"@id\":\"https:\/\/penosil.com\/fr\/produit\/neutral-alkoxy-silicone-340-silicone-neutre\/\",\"url\":\"https:\/\/penosil.com\/fr\/produit\/neutral-alkoxy-silicone-340-silicone-neutre\/\",\"name\":\"Neutral Alkoxy Silicone 340 - Silicone neutre - Penosil France\",\"isPartOf\":{\"@id\":\"https:\/\/penosil.com\/fr\/#website\"},\"primaryImageOfPage\":{\"@id\":\"https:\/\/penosil.com\/fr\/produit\/neutral-alkoxy-silicone-340-silicone-neutre\/#primaryimage\"},\"image\":{\"@id\":\"https:\/\/penosil.com\/fr\/produit\/neutral-alkoxy-silicone-340-silicone-neutre\/#primaryimage\"},\"thumbnailUrl\":\"https:\/\/penosil.com\/fr\/wp-content\/uploads\/sites\/6\/2025\/05\/340_Neutral_Alkoxy_Silicone_340.png\",\"datePublished\":\"2022-12-13T14:59:10+00:00\",\"dateModified\":\"2026-04-14T23:00:11+00:00\",\"description\":\"PENOSIL Neutral Alkoxy Silicone 340 silicone neutre \u00e0 bas module, haute \u00e9lasticit\u00e9 et capacit\u00e9 de mouvement pour les travaux de fa\u00e7ade. En savoir plus!\",\"breadcrumb\":{\"@id\":\"https:\/\/penosil.com\/fr\/produit\/neutral-alkoxy-silicone-340-silicone-neutre\/#breadcrumb\"},\"inLanguage\":\"fr-FR\",\"potentialAction\":[{\"@type\":\"ReadAction\",\"target\":[\"https:\/\/penosil.com\/fr\/produit\/neutral-alkoxy-silicone-340-silicone-neutre\/\"]}]},{\"@type\":\"ImageObject\",\"inLanguage\":\"fr-FR\",\"@id\":\"https:\/\/penosil.com\/fr\/produit\/neutral-alkoxy-silicone-340-silicone-neutre\/#primaryimage\",\"url\":\"https:\/\/penosil.com\/fr\/wp-content\/uploads\/sites\/6\/2025\/05\/340_Neutral_Alkoxy_Silicone_340.png\",\"contentUrl\":\"https:\/\/penosil.com\/fr\/wp-content\/uploads\/sites\/6\/2025\/05\/340_Neutral_Alkoxy_Silicone_340.png\",\"width\":387,\"height\":1080,\"caption\":\"Produit PENOSIL Neutral Alkoxy Silicone 340\"},{\"@type\":\"BreadcrumbList\",\"@id\":\"https:\/\/penosil.com\/fr\/produit\/neutral-alkoxy-silicone-340-silicone-neutre\/#breadcrumb\",\"itemListElement\":[{\"@type\":\"ListItem\",\"position\":1,\"name\":\"Accueil\",\"item\":\"https:\/\/penosil.com\/fr\/\"},{\"@type\":\"ListItem\",\"position\":2,\"name\":\"Produits\",\"item\":\"https:\/\/penosil.com\/fr\/produits-penosil\/\"},{\"@type\":\"ListItem\",\"position\":3,\"name\":\"Neutral Alkoxy Silicone 340\"}]},{\"@type\":\"WebSite\",\"@id\":\"https:\/\/penosil.com\/fr\/#website\",\"url\":\"https:\/\/penosil.com\/fr\/\",\"name\":\"Penosil France\",\"description\":\"\",\"potentialAction\":[{\"@type\":\"SearchAction\",\"target\":{\"@type\":\"EntryPoint\",\"urlTemplate\":\"https:\/\/penosil.com\/fr\/?s={search_term_string}\"},\"query-input\":{\"@type\":\"PropertyValueSpecification\",\"valueRequired\":true,\"valueName\":\"search_term_string\"}}],\"inLanguage\":\"fr-FR\"}]}<\/script>\n<!-- \/ Yoast SEO plugin. -->","yoast_head_json":{"title":"Neutral Alkoxy Silicone 340 - Silicone neutre - Penosil France","description":"PENOSIL Neutral Alkoxy Silicone 340 silicone neutre \u00e0 bas module, haute \u00e9lasticit\u00e9 et capacit\u00e9 de mouvement pour les travaux de fa\u00e7ade. En savoir plus!","robots":{"index":"index","follow":"follow","max-snippet":"max-snippet:-1","max-image-preview":"max-image-preview:large","max-video-preview":"max-video-preview:-1"},"canonical":"https:\/\/penosil.com\/fr\/produit\/neutral-alkoxy-silicone-340-silicone-neutre\/","og_locale":"fr_FR","og_type":"article","og_title":"Neutral Alkoxy Silicone 340 - Silicone neutre - Penosil France","og_description":"PENOSIL Neutral Alkoxy Silicone 340 silicone neutre \u00e0 bas module, haute \u00e9lasticit\u00e9 et capacit\u00e9 de mouvement pour les travaux de fa\u00e7ade. En savoir plus!","og_url":"https:\/\/penosil.com\/fr\/produit\/neutral-alkoxy-silicone-340-silicone-neutre\/","og_site_name":"Penosil France","article_modified_time":"2026-04-14T23:00:11+00:00","og_image":[{"width":387,"height":1080,"url":"https:\/\/penosil.com\/fr\/wp-content\/uploads\/sites\/6\/2025\/05\/340_Neutral_Alkoxy_Silicone_340.png","type":"image\/png"}],"twitter_card":"summary_large_image","twitter_misc":{"Dur\u00e9e de lecture estim\u00e9e":"3 minutes"},"schema":{"@context":"https:\/\/schema.org","@graph":[{"@type":"WebPage","@id":"https:\/\/penosil.com\/fr\/produit\/neutral-alkoxy-silicone-340-silicone-neutre\/","url":"https:\/\/penosil.com\/fr\/produit\/neutral-alkoxy-silicone-340-silicone-neutre\/","name":"Neutral Alkoxy Silicone 340 - Silicone neutre - Penosil France","isPartOf":{"@id":"https:\/\/penosil.com\/fr\/#website"},"primaryImageOfPage":{"@id":"https:\/\/penosil.com\/fr\/produit\/neutral-alkoxy-silicone-340-silicone-neutre\/#primaryimage"},"image":{"@id":"https:\/\/penosil.com\/fr\/produit\/neutral-alkoxy-silicone-340-silicone-neutre\/#primaryimage"},"thumbnailUrl":"https:\/\/penosil.com\/fr\/wp-content\/uploads\/sites\/6\/2025\/05\/340_Neutral_Alkoxy_Silicone_340.png","datePublished":"2022-12-13T14:59:10+00:00","dateModified":"2026-04-14T23:00:11+00:00","description":"PENOSIL Neutral Alkoxy Silicone 340 silicone neutre \u00e0 bas module, haute \u00e9lasticit\u00e9 et capacit\u00e9 de mouvement pour les travaux de fa\u00e7ade. En savoir plus!","breadcrumb":{"@id":"https:\/\/penosil.com\/fr\/produit\/neutral-alkoxy-silicone-340-silicone-neutre\/#breadcrumb"},"inLanguage":"fr-FR","potentialAction":[{"@type":"ReadAction","target":["https:\/\/penosil.com\/fr\/produit\/neutral-alkoxy-silicone-340-silicone-neutre\/"]}]},{"@type":"ImageObject","inLanguage":"fr-FR","@id":"https:\/\/penosil.com\/fr\/produit\/neutral-alkoxy-silicone-340-silicone-neutre\/#primaryimage","url":"https:\/\/penosil.com\/fr\/wp-content\/uploads\/sites\/6\/2025\/05\/340_Neutral_Alkoxy_Silicone_340.png","contentUrl":"https:\/\/penosil.com\/fr\/wp-content\/uploads\/sites\/6\/2025\/05\/340_Neutral_Alkoxy_Silicone_340.png","width":387,"height":1080,"caption":"Produit PENOSIL Neutral Alkoxy Silicone 340"},{"@type":"BreadcrumbList","@id":"https:\/\/penosil.com\/fr\/produit\/neutral-alkoxy-silicone-340-silicone-neutre\/#breadcrumb","itemListElement":[{"@type":"ListItem","position":1,"name":"Accueil","item":"https:\/\/penosil.com\/fr\/"},{"@type":"ListItem","position":2,"name":"Produits","item":"https:\/\/penosil.com\/fr\/produits-penosil\/"},{"@type":"ListItem","position":3,"name":"Neutral Alkoxy Silicone 340"}]},{"@type":"WebSite","@id":"https:\/\/penosil.com\/fr\/#website","url":"https:\/\/penosil.com\/fr\/","name":"Penosil France","description":"","potentialAction":[{"@type":"SearchAction","target":{"@type":"EntryPoint","urlTemplate":"https:\/\/penosil.com\/fr\/?s={search_term_string}"},"query-input":{"@type":"PropertyValueSpecification","valueRequired":true,"valueName":"search_term_string"}}],"inLanguage":"fr-FR"}]}},"featured_img":"https:\/\/penosil.com\/fr\/wp-content\/uploads\/sites\/6\/2025\/05\/340_Neutral_Alkoxy_Silicone_340.png","coauthors":[],"author_meta":{"author_link":"https:\/\/penosil.com\/fr\/author\/josephine\/","display_name":"josephine"},"relative_dates":{"created":"Publi\u00e9 3 ans il y a","modified":"Mis \u00e0 jour 3 heures il y a"},"absolute_dates":{"created":"Publi\u00e9 le 13 d\u00e9cembre 2022","modified":"Mise \u00e0 jour le 14 avril 2026"},"absolute_dates_time":{"created":"Publi\u00e9 le 13 d\u00e9cembre 2022 14h59","modified":"Mise \u00e0 jour le 14 avril 2026 23h00"},"featured_img_caption":"Produit PENOSIL Neutral Alkoxy Silicone 340","tax_additional":{"product_brand":{"linked":[],"unlinked":[],"slug":"product_brand","name":"Marques"},"product_type":{"linked":["<a href=\"https:\/\/penosil.com\/fr\/?taxonomy=product_type&#038;term=variable\" class=\"advgb-post-tax-term\">variable<\/a>"],"unlinked":["<span class=\"advgb-post-tax-term\">variable<\/span>"],"slug":"product_type","name":"Type de produit"},"product_visibility":{"linked":["<a href=\"https:\/\/penosil.com\/fr\/en\/?taxonomy=product_visibility&#038;term=outofstock\" class=\"advgb-post-tax-term\">outofstock<\/a>"],"unlinked":["<span class=\"advgb-post-tax-term\">outofstock<\/span>"],"slug":"product_visibility","name":"Visibilit\u00e9 du produit"},"product_cat":{"linked":["<a href=\"https:\/\/penosil.com\/fr\/categorie-produit\/categories-de-produits\/mastics-detancheites\/silicones-neutres\/\" class=\"advgb-post-tax-term\">Silicones neutres<\/a>","<a href=\"https:\/\/penosil.com\/fr\/categorie-produit\/domaines-dapplication\/\" class=\"advgb-post-tax-term\">Domaines d&#039;application<\/a>","<a href=\"https:\/\/penosil.com\/fr\/categorie-produit\/categories-de-produits\/mastics-detancheites\/\" class=\"advgb-post-tax-term\">Mastics d&#039;\u00e9tanch\u00e9it\u00e9s<\/a>","<a href=\"https:\/\/penosil.com\/fr\/categorie-produit\/domaines-dapplication\/toitures-et-facades\/\" class=\"advgb-post-tax-term\">Toiture &amp; Fa\u00e7ade<\/a>"],"unlinked":["<span class=\"advgb-post-tax-term\">Silicones neutres<\/span>","<span class=\"advgb-post-tax-term\">Domaines d&#039;application<\/span>","<span class=\"advgb-post-tax-term\">Mastics d&#039;\u00e9tanch\u00e9it\u00e9s<\/span>","<span class=\"advgb-post-tax-term\">Toiture &amp; Fa\u00e7ade<\/span>"],"slug":"product_cat","name":"Cat\u00e9gories de produits"},"product_tag":{"linked":[],"unlinked":[],"slug":"product_tag","name":"\u00c9tiquettes produit"},"product_shipping_class":{"linked":[],"unlinked":[],"slug":"product_shipping_class","name":"Classe d\u2019exp\u00e9dition du produit"},"pos_product_visibility":{"linked":[],"unlinked":[],"slug":"pos_product_visibility","name":"Visibilit\u00e9 du produit sur le point de vente"},"pa_couleur":{"linked":["<a href=\"https:\/\/penosil.com\/fr\/en\/?taxonomy=pa_couleur&#038;term=transparent\" class=\"advgb-post-tax-term\">Transparent<\/a>","<a href=\"https:\/\/penosil.com\/fr\/?taxonomy=pa_couleur&#038;term=blanc\" class=\"advgb-post-tax-term\">Blanc<\/a>"],"unlinked":["<span class=\"advgb-post-tax-term\">Transparent<\/span>","<span class=\"advgb-post-tax-term\">Blanc<\/span>"],"slug":"pa_couleur","name":"Product Couleur"},"pa_emballage":{"linked":["<a href=\"https:\/\/penosil.com\/fr\/?taxonomy=pa_emballage&#038;term=300-ml\" class=\"advgb-post-tax-term\">300 ml<\/a>"],"unlinked":["<span class=\"advgb-post-tax-term\">300 ml<\/span>"],"slug":"pa_emballage","name":"Product Emballage"},"translation_priority":{"linked":["<a href=\"https:\/\/penosil.com\/fr\/?taxonomy=translation_priority&#038;term=facultatif\" class=\"advgb-post-tax-term\">Facultatif<\/a>"],"unlinked":["<span class=\"advgb-post-tax-term\">Facultatif<\/span>"],"slug":"translation_priority","name":"Priorit\u00e9s de traduction"}},"series_order":"","_links":{"self":[{"href":"https:\/\/penosil.com\/fr\/wp-json\/wp\/v2\/product\/8877","targetHints":{"allow":["GET"]}}],"collection":[{"href":"https:\/\/penosil.com\/fr\/wp-json\/wp\/v2\/product"}],"about":[{"href":"https:\/\/penosil.com\/fr\/wp-json\/wp\/v2\/types\/product"}],"version-history":[{"count":3,"href":"https:\/\/penosil.com\/fr\/wp-json\/wp\/v2\/product\/8877\/revisions"}],"predecessor-version":[{"id":11178,"href":"https:\/\/penosil.com\/fr\/wp-json\/wp\/v2\/product\/8877\/revisions\/11178"}],"wp:featuredmedia":[{"embeddable":true,"href":"https:\/\/penosil.com\/fr\/wp-json\/wp\/v2\/media\/11383"}],"wp:attachment":[{"href":"https:\/\/penosil.com\/fr\/wp-json\/wp\/v2\/media?parent=8877"}],"wp:term":[{"taxonomy":"product_brand","embeddable":true,"href":"https:\/\/penosil.com\/fr\/wp-json\/wp\/v2\/product_brand?post=8877"},{"taxonomy":"product_cat","embeddable":true,"href":"https:\/\/penosil.com\/fr\/wp-json\/wp\/v2\/product_cat?post=8877"},{"taxonomy":"product_tag","embeddable":true,"href":"https:\/\/penosil.com\/fr\/wp-json\/wp\/v2\/product_tag?post=8877"}],"curies":[{"name":"wp","href":"https:\/\/api.w.org\/{rel}","templated":true}]}}