{"id":8954,"date":"2023-01-24T10:58:18","date_gmt":"2023-01-24T10:58:18","guid":{"rendered":"https:\/\/penosil.com\/fr\/?post_type=product&#038;p=8954"},"modified":"2025-12-18T09:57:30","modified_gmt":"2025-12-18T09:57:30","slug":"jointaplac-650-enduit-leger","status":"publish","type":"product","link":"https:\/\/penosil.com\/fr\/produit\/jointaplac-650-enduit-leger\/","title":{"rendered":"Jointaplac 650"},"content":{"rendered":"<p>Enduit l\u00e9ger pr\u00eat \u00e0 l&#8217;emploi, permet la r\u00e9alisation des joints entre plaques de pl\u00e2tre en une seule passe et sans utilisation d\u2019un calicot de papier, conforme \u00e0 la norme EN 13963 type 4A.<\/p>\n","protected":false},"excerpt":{"rendered":"Enduit l\u00e9ger pr\u00eat \u00e0 l&#8217;emploi, permet la r\u00e9alisation des joints entre plaques de pl\u00e2tre en une seule passe et sans utilisation d\u2019un calicot de papier, conforme \u00e0 la norme EN 13963 type 4A.","protected":false},"author":24,"featured_media":8955,"template":"","meta":{"_acf_changed":false,"advgb_blocks_editor_width":"","advgb_blocks_columns_visual_guide":"","footnotes":""},"product_brand":[],"product_cat":[2319,330,1357,570,1457],"product_tag":[],"class_list":{"0":"post-8954","1":"product","2":"type-product","3":"status-publish","4":"has-post-thumbnail","6":"product_cat-produits-de-remplissage","7":"product_cat-domaines-dapplication","8":"product_cat-categories-de-produits","9":"product_cat-decoration","10":"product_cat-traitements-de-surface","12":"first","13":"outofstock","14":"taxable","15":"shipping-taxable","16":"purchasable","17":"product-type-simple"},"acf":[],"yoast_head":"<!-- This site is optimized with the Yoast SEO plugin v27.2 - https:\/\/yoast.com\/product\/yoast-seo-wordpress\/ -->\n<title>Jointaplac 650 - Enduit l\u00e9ger - Penosil France<\/title>\n<meta name=\"description\" content=\"PENOSIL Jointaplac 650 enduit l\u00e9ger pr\u00eat \u00e0 l&#039;emploi, sp\u00e9cialement con\u00e7u pour remplir les joints de plaques de pl\u00e2tre. En savoir plus!\" \/>\n<meta name=\"robots\" content=\"index, follow, max-snippet:-1, max-image-preview:large, max-video-preview:-1\" \/>\n<link rel=\"canonical\" href=\"https:\/\/penosil.com\/fr\/produit\/jointaplac-650-enduit-leger\/\" \/>\n<meta property=\"og:locale\" content=\"fr_FR\" \/>\n<meta property=\"og:type\" content=\"article\" \/>\n<meta property=\"og:title\" content=\"Jointaplac 650 - Enduit l\u00e9ger - Penosil France\" \/>\n<meta property=\"og:description\" content=\"PENOSIL Jointaplac 650 enduit l\u00e9ger pr\u00eat \u00e0 l&#039;emploi, sp\u00e9cialement con\u00e7u pour remplir les joints de plaques de pl\u00e2tre. En savoir plus!\" \/>\n<meta property=\"og:url\" content=\"https:\/\/penosil.com\/fr\/produit\/jointaplac-650-enduit-leger\/\" \/>\n<meta property=\"og:site_name\" content=\"Penosil France\" \/>\n<meta property=\"article:modified_time\" content=\"2025-12-18T09:57:30+00:00\" \/>\n<meta property=\"og:image\" content=\"https:\/\/penosil.com\/fr\/wp-content\/uploads\/sites\/6\/2023\/01\/650-Jointaplac-650.png\" \/>\n\t<meta property=\"og:image:width\" content=\"1080\" \/>\n\t<meta property=\"og:image:height\" content=\"608\" \/>\n\t<meta property=\"og:image:type\" content=\"image\/png\" \/>\n<meta name=\"twitter:card\" content=\"summary_large_image\" \/>\n<meta name=\"twitter:label1\" content=\"Dur\u00e9e de lecture estim\u00e9e\" \/>\n\t<meta name=\"twitter:data1\" content=\"4 minutes\" \/>\n<script type=\"application\/ld+json\" class=\"yoast-schema-graph\">{\"@context\":\"https:\/\/schema.org\",\"@graph\":[{\"@type\":\"WebPage\",\"@id\":\"https:\/\/penosil.com\/fr\/produit\/jointaplac-650-enduit-leger\/\",\"url\":\"https:\/\/penosil.com\/fr\/produit\/jointaplac-650-enduit-leger\/\",\"name\":\"Jointaplac 650 - Enduit l\u00e9ger - Penosil France\",\"isPartOf\":{\"@id\":\"https:\/\/penosil.com\/fr\/#website\"},\"primaryImageOfPage\":{\"@id\":\"https:\/\/penosil.com\/fr\/produit\/jointaplac-650-enduit-leger\/#primaryimage\"},\"image\":{\"@id\":\"https:\/\/penosil.com\/fr\/produit\/jointaplac-650-enduit-leger\/#primaryimage\"},\"thumbnailUrl\":\"https:\/\/penosil.com\/fr\/wp-content\/uploads\/sites\/6\/2023\/01\/650-Jointaplac-650.png\",\"datePublished\":\"2023-01-24T10:58:18+00:00\",\"dateModified\":\"2025-12-18T09:57:30+00:00\",\"description\":\"PENOSIL Jointaplac 650 enduit l\u00e9ger pr\u00eat \u00e0 l'emploi, sp\u00e9cialement con\u00e7u pour remplir les joints de plaques de pl\u00e2tre. En savoir plus!\",\"breadcrumb\":{\"@id\":\"https:\/\/penosil.com\/fr\/produit\/jointaplac-650-enduit-leger\/#breadcrumb\"},\"inLanguage\":\"fr-FR\",\"potentialAction\":[{\"@type\":\"ReadAction\",\"target\":[\"https:\/\/penosil.com\/fr\/produit\/jointaplac-650-enduit-leger\/\"]}]},{\"@type\":\"ImageObject\",\"inLanguage\":\"fr-FR\",\"@id\":\"https:\/\/penosil.com\/fr\/produit\/jointaplac-650-enduit-leger\/#primaryimage\",\"url\":\"https:\/\/penosil.com\/fr\/wp-content\/uploads\/sites\/6\/2023\/01\/650-Jointaplac-650.png\",\"contentUrl\":\"https:\/\/penosil.com\/fr\/wp-content\/uploads\/sites\/6\/2023\/01\/650-Jointaplac-650.png\",\"width\":1080,\"height\":608,\"caption\":\"Produit PENOSIL Jointaplac 650\"},{\"@type\":\"BreadcrumbList\",\"@id\":\"https:\/\/penosil.com\/fr\/produit\/jointaplac-650-enduit-leger\/#breadcrumb\",\"itemListElement\":[{\"@type\":\"ListItem\",\"position\":1,\"name\":\"Accueil\",\"item\":\"https:\/\/penosil.com\/fr\/\"},{\"@type\":\"ListItem\",\"position\":2,\"name\":\"Produits\",\"item\":\"https:\/\/penosil.com\/fr\/produits-penosil\/\"},{\"@type\":\"ListItem\",\"position\":3,\"name\":\"Jointaplac 650\"}]},{\"@type\":\"WebSite\",\"@id\":\"https:\/\/penosil.com\/fr\/#website\",\"url\":\"https:\/\/penosil.com\/fr\/\",\"name\":\"Penosil France\",\"description\":\"\",\"potentialAction\":[{\"@type\":\"SearchAction\",\"target\":{\"@type\":\"EntryPoint\",\"urlTemplate\":\"https:\/\/penosil.com\/fr\/?s={search_term_string}\"},\"query-input\":{\"@type\":\"PropertyValueSpecification\",\"valueRequired\":true,\"valueName\":\"search_term_string\"}}],\"inLanguage\":\"fr-FR\"}]}<\/script>\n<!-- \/ Yoast SEO plugin. -->","yoast_head_json":{"title":"Jointaplac 650 - Enduit l\u00e9ger - Penosil France","description":"PENOSIL Jointaplac 650 enduit l\u00e9ger pr\u00eat \u00e0 l'emploi, sp\u00e9cialement con\u00e7u pour remplir les joints de plaques de pl\u00e2tre. En savoir plus!","robots":{"index":"index","follow":"follow","max-snippet":"max-snippet:-1","max-image-preview":"max-image-preview:large","max-video-preview":"max-video-preview:-1"},"canonical":"https:\/\/penosil.com\/fr\/produit\/jointaplac-650-enduit-leger\/","og_locale":"fr_FR","og_type":"article","og_title":"Jointaplac 650 - Enduit l\u00e9ger - Penosil France","og_description":"PENOSIL Jointaplac 650 enduit l\u00e9ger pr\u00eat \u00e0 l'emploi, sp\u00e9cialement con\u00e7u pour remplir les joints de plaques de pl\u00e2tre. En savoir plus!","og_url":"https:\/\/penosil.com\/fr\/produit\/jointaplac-650-enduit-leger\/","og_site_name":"Penosil France","article_modified_time":"2025-12-18T09:57:30+00:00","og_image":[{"width":1080,"height":608,"url":"https:\/\/penosil.com\/fr\/wp-content\/uploads\/sites\/6\/2023\/01\/650-Jointaplac-650.png","type":"image\/png"}],"twitter_card":"summary_large_image","twitter_misc":{"Dur\u00e9e de lecture estim\u00e9e":"4 minutes"},"schema":{"@context":"https:\/\/schema.org","@graph":[{"@type":"WebPage","@id":"https:\/\/penosil.com\/fr\/produit\/jointaplac-650-enduit-leger\/","url":"https:\/\/penosil.com\/fr\/produit\/jointaplac-650-enduit-leger\/","name":"Jointaplac 650 - Enduit l\u00e9ger - Penosil France","isPartOf":{"@id":"https:\/\/penosil.com\/fr\/#website"},"primaryImageOfPage":{"@id":"https:\/\/penosil.com\/fr\/produit\/jointaplac-650-enduit-leger\/#primaryimage"},"image":{"@id":"https:\/\/penosil.com\/fr\/produit\/jointaplac-650-enduit-leger\/#primaryimage"},"thumbnailUrl":"https:\/\/penosil.com\/fr\/wp-content\/uploads\/sites\/6\/2023\/01\/650-Jointaplac-650.png","datePublished":"2023-01-24T10:58:18+00:00","dateModified":"2025-12-18T09:57:30+00:00","description":"PENOSIL Jointaplac 650 enduit l\u00e9ger pr\u00eat \u00e0 l'emploi, sp\u00e9cialement con\u00e7u pour remplir les joints de plaques de pl\u00e2tre. En savoir plus!","breadcrumb":{"@id":"https:\/\/penosil.com\/fr\/produit\/jointaplac-650-enduit-leger\/#breadcrumb"},"inLanguage":"fr-FR","potentialAction":[{"@type":"ReadAction","target":["https:\/\/penosil.com\/fr\/produit\/jointaplac-650-enduit-leger\/"]}]},{"@type":"ImageObject","inLanguage":"fr-FR","@id":"https:\/\/penosil.com\/fr\/produit\/jointaplac-650-enduit-leger\/#primaryimage","url":"https:\/\/penosil.com\/fr\/wp-content\/uploads\/sites\/6\/2023\/01\/650-Jointaplac-650.png","contentUrl":"https:\/\/penosil.com\/fr\/wp-content\/uploads\/sites\/6\/2023\/01\/650-Jointaplac-650.png","width":1080,"height":608,"caption":"Produit PENOSIL Jointaplac 650"},{"@type":"BreadcrumbList","@id":"https:\/\/penosil.com\/fr\/produit\/jointaplac-650-enduit-leger\/#breadcrumb","itemListElement":[{"@type":"ListItem","position":1,"name":"Accueil","item":"https:\/\/penosil.com\/fr\/"},{"@type":"ListItem","position":2,"name":"Produits","item":"https:\/\/penosil.com\/fr\/produits-penosil\/"},{"@type":"ListItem","position":3,"name":"Jointaplac 650"}]},{"@type":"WebSite","@id":"https:\/\/penosil.com\/fr\/#website","url":"https:\/\/penosil.com\/fr\/","name":"Penosil France","description":"","potentialAction":[{"@type":"SearchAction","target":{"@type":"EntryPoint","urlTemplate":"https:\/\/penosil.com\/fr\/?s={search_term_string}"},"query-input":{"@type":"PropertyValueSpecification","valueRequired":true,"valueName":"search_term_string"}}],"inLanguage":"fr-FR"}]}},"featured_img":"https:\/\/penosil.com\/fr\/wp-content\/uploads\/sites\/6\/2023\/01\/650-Jointaplac-650.png","coauthors":[],"author_meta":{"author_link":"https:\/\/penosil.com\/fr\/author\/armand\/","display_name":"armand"},"relative_dates":{"created":"Publi\u00e9 3 ans il y a","modified":"Mis \u00e0 jour 4 mois il y a"},"absolute_dates":{"created":"Publi\u00e9 le 24 janvier 2023","modified":"Mise \u00e0 jour le 18 d\u00e9cembre 2025"},"absolute_dates_time":{"created":"Publi\u00e9 le 24 janvier 2023 10h58","modified":"Mise \u00e0 jour le 18 d\u00e9cembre 2025 9h57"},"featured_img_caption":"Produit PENOSIL Jointaplac 650","tax_additional":{"product_brand":{"linked":[],"unlinked":[],"slug":"product_brand","name":"Marques"},"product_type":{"linked":["<a href=\"https:\/\/penosil.com\/fr\/?taxonomy=product_type&#038;term=simple\" class=\"advgb-post-tax-term\">simple<\/a>"],"unlinked":["<span class=\"advgb-post-tax-term\">simple<\/span>"],"slug":"product_type","name":"Type de produit"},"product_visibility":{"linked":["<a href=\"https:\/\/penosil.com\/fr\/en\/?taxonomy=product_visibility&#038;term=outofstock\" class=\"advgb-post-tax-term\">outofstock<\/a>"],"unlinked":["<span class=\"advgb-post-tax-term\">outofstock<\/span>"],"slug":"product_visibility","name":"Visibilit\u00e9 du produit"},"product_cat":{"linked":["<a href=\"https:\/\/penosil.com\/fr\/categorie-produit\/categories-de-produits\/traitements-de-surface\/produits-de-remplissage\/\" class=\"advgb-post-tax-term\">Produits de remplissage<\/a>","<a href=\"https:\/\/penosil.com\/fr\/categorie-produit\/domaines-dapplication\/\" class=\"advgb-post-tax-term\">Domaines d&#039;application<\/a>","<a href=\"https:\/\/penosil.com\/fr\/categorie-produit\/categories-de-produits\/\" class=\"advgb-post-tax-term\">Cat\u00e9gories de produits<\/a>","<a href=\"https:\/\/penosil.com\/fr\/en\/products\/application-areas\/decoration\/\" class=\"advgb-post-tax-term\">D\u00e9coration<\/a>","<a href=\"https:\/\/penosil.com\/fr\/categorie-produit\/categories-de-produits\/traitements-de-surface\/\" class=\"advgb-post-tax-term\">Traitements de surface<\/a>"],"unlinked":["<span class=\"advgb-post-tax-term\">Produits de remplissage<\/span>","<span class=\"advgb-post-tax-term\">Domaines d&#039;application<\/span>","<span class=\"advgb-post-tax-term\">Cat\u00e9gories de produits<\/span>","<span class=\"advgb-post-tax-term\">D\u00e9coration<\/span>","<span class=\"advgb-post-tax-term\">Traitements de surface<\/span>"],"slug":"product_cat","name":"Cat\u00e9gories de produits"},"product_tag":{"linked":[],"unlinked":[],"slug":"product_tag","name":"\u00c9tiquettes produit"},"product_shipping_class":{"linked":[],"unlinked":[],"slug":"product_shipping_class","name":"Classe d\u2019exp\u00e9dition du produit"},"pos_product_visibility":{"linked":[],"unlinked":[],"slug":"pos_product_visibility","name":"Visibilit\u00e9 du produit sur le point de vente"},"pa_couleur":{"linked":["<a href=\"https:\/\/penosil.com\/fr\/?taxonomy=pa_couleur&#038;term=blanc\" class=\"advgb-post-tax-term\">Blanc<\/a>"],"unlinked":["<span class=\"advgb-post-tax-term\">Blanc<\/span>"],"slug":"pa_couleur","name":"Product Couleur"},"pa_emballage":{"linked":["<a href=\"https:\/\/penosil.com\/fr\/?taxonomy=pa_emballage&#038;term=5-l\" class=\"advgb-post-tax-term\">5 L<\/a>"],"unlinked":["<span class=\"advgb-post-tax-term\">5 L<\/span>"],"slug":"pa_emballage","name":"Product Emballage"},"translation_priority":{"linked":["<a href=\"https:\/\/penosil.com\/fr\/?taxonomy=translation_priority&#038;term=facultatif\" class=\"advgb-post-tax-term\">Facultatif<\/a>"],"unlinked":["<span class=\"advgb-post-tax-term\">Facultatif<\/span>"],"slug":"translation_priority","name":"Priorit\u00e9s de traduction"}},"series_order":"","_links":{"self":[{"href":"https:\/\/penosil.com\/fr\/wp-json\/wp\/v2\/product\/8954","targetHints":{"allow":["GET"]}}],"collection":[{"href":"https:\/\/penosil.com\/fr\/wp-json\/wp\/v2\/product"}],"about":[{"href":"https:\/\/penosil.com\/fr\/wp-json\/wp\/v2\/types\/product"}],"version-history":[{"count":7,"href":"https:\/\/penosil.com\/fr\/wp-json\/wp\/v2\/product\/8954\/revisions"}],"predecessor-version":[{"id":11630,"href":"https:\/\/penosil.com\/fr\/wp-json\/wp\/v2\/product\/8954\/revisions\/11630"}],"wp:featuredmedia":[{"embeddable":true,"href":"https:\/\/penosil.com\/fr\/wp-json\/wp\/v2\/media\/8955"}],"wp:attachment":[{"href":"https:\/\/penosil.com\/fr\/wp-json\/wp\/v2\/media?parent=8954"}],"wp:term":[{"taxonomy":"product_brand","embeddable":true,"href":"https:\/\/penosil.com\/fr\/wp-json\/wp\/v2\/product_brand?post=8954"},{"taxonomy":"product_cat","embeddable":true,"href":"https:\/\/penosil.com\/fr\/wp-json\/wp\/v2\/product_cat?post=8954"},{"taxonomy":"product_tag","embeddable":true,"href":"https:\/\/penosil.com\/fr\/wp-json\/wp\/v2\/product_tag?post=8954"}],"curies":[{"name":"wp","href":"https:\/\/api.w.org\/{rel}","templated":true}]}}