{"id":8963,"date":"2023-02-07T09:01:43","date_gmt":"2023-02-07T09:01:43","guid":{"rendered":"https:\/\/penosil.com\/fr\/?post_type=product&#038;p=8963"},"modified":"2026-04-15T23:00:09","modified_gmt":"2026-04-15T23:00:09","slug":"neutral-sanitary-silicone-350-silicone-fongicide","status":"publish","type":"product","link":"https:\/\/penosil.com\/fr\/produit\/neutral-sanitary-silicone-350-silicone-fongicide\/","title":{"rendered":"Neutral Sanitary Silicone 350"},"content":{"rendered":"<p>Mastic silicone fongicide neutre avec des fongicides ajout\u00e9s pour tous les applications sanitaires et de ventilation. Forme un joint de silicone flexible, r\u00e9sistant aux moisissures et au vieillissement. Convient aux surfaces m\u00e9talliques.<\/p>\n","protected":false},"excerpt":{"rendered":"Mastic silicone fongicide neutre avec des fongicides ajout\u00e9s pour tous les applications sanitaires et de ventilation. Forme un joint de silicone flexible, r\u00e9sistant aux moisissures et au vieillissement. Convient aux surfaces m\u00e9talliques.","protected":false},"author":24,"featured_media":12171,"template":"","meta":{"_acf_changed":false,"advgb_blocks_editor_width":"","advgb_blocks_columns_visual_guide":"","footnotes":""},"product_brand":[],"product_cat":[2304,330,1357,1601,1145],"product_tag":[],"class_list":{"0":"post-8963","1":"product","2":"type-product","3":"status-publish","4":"has-post-thumbnail","6":"product_cat-silicones-neutres","7":"product_cat-domaines-dapplication","8":"product_cat-categories-de-produits","9":"product_cat-mastics-detancheites","10":"product_cat-sanitaire","12":"first","13":"instock","14":"taxable","15":"shipping-taxable","16":"purchasable","17":"product-type-simple"},"acf":[],"yoast_head":"<!-- This site is optimized with the Yoast SEO plugin v27.2 - https:\/\/yoast.com\/product\/yoast-seo-wordpress\/ -->\n<title>Neutral Sanitary Silicone 350 - Silicone fongicide - Penosil France<\/title>\n<meta name=\"description\" content=\"PENOSIL Neutral Sanitary Silicone 350 est un mastic silicone fongicide et neutre pour les applications sanitaires et de ventilation. En savoir plus !\" \/>\n<meta name=\"robots\" content=\"index, follow, max-snippet:-1, max-image-preview:large, max-video-preview:-1\" \/>\n<link rel=\"canonical\" href=\"https:\/\/penosil.com\/fr\/produit\/neutral-sanitary-silicone-350-silicone-fongicide\/\" \/>\n<meta property=\"og:locale\" content=\"fr_FR\" \/>\n<meta property=\"og:type\" content=\"article\" \/>\n<meta property=\"og:title\" content=\"Neutral Sanitary Silicone 350 - Silicone fongicide - Penosil France\" \/>\n<meta property=\"og:description\" content=\"PENOSIL Neutral Sanitary Silicone 350 est un mastic silicone fongicide et neutre pour les applications sanitaires et de ventilation. En savoir plus !\" \/>\n<meta property=\"og:url\" content=\"https:\/\/penosil.com\/fr\/produit\/neutral-sanitary-silicone-350-silicone-fongicide\/\" \/>\n<meta property=\"og:site_name\" content=\"Penosil France\" \/>\n<meta property=\"article:modified_time\" content=\"2026-04-15T23:00:09+00:00\" \/>\n<meta property=\"og:image\" content=\"https:\/\/penosil.com\/fr\/wp-content\/uploads\/sites\/6\/2023\/02\/350_Neutral_Sanitary_Silicone_350_FR-1.png\" \/>\n\t<meta property=\"og:image:width\" content=\"387\" \/>\n\t<meta property=\"og:image:height\" content=\"1080\" \/>\n\t<meta property=\"og:image:type\" content=\"image\/png\" \/>\n<meta name=\"twitter:card\" content=\"summary_large_image\" \/>\n<meta name=\"twitter:label1\" content=\"Dur\u00e9e de lecture estim\u00e9e\" \/>\n\t<meta name=\"twitter:data1\" content=\"5 minutes\" \/>\n<script type=\"application\/ld+json\" class=\"yoast-schema-graph\">{\"@context\":\"https:\/\/schema.org\",\"@graph\":[{\"@type\":\"WebPage\",\"@id\":\"https:\/\/penosil.com\/fr\/produit\/neutral-sanitary-silicone-350-silicone-fongicide\/\",\"url\":\"https:\/\/penosil.com\/fr\/produit\/neutral-sanitary-silicone-350-silicone-fongicide\/\",\"name\":\"Neutral Sanitary Silicone 350 - Silicone fongicide - Penosil France\",\"isPartOf\":{\"@id\":\"https:\/\/penosil.com\/fr\/#website\"},\"primaryImageOfPage\":{\"@id\":\"https:\/\/penosil.com\/fr\/produit\/neutral-sanitary-silicone-350-silicone-fongicide\/#primaryimage\"},\"image\":{\"@id\":\"https:\/\/penosil.com\/fr\/produit\/neutral-sanitary-silicone-350-silicone-fongicide\/#primaryimage\"},\"thumbnailUrl\":\"https:\/\/penosil.com\/fr\/wp-content\/uploads\/sites\/6\/2023\/02\/350_Neutral_Sanitary_Silicone_350_FR-1.png\",\"datePublished\":\"2023-02-07T09:01:43+00:00\",\"dateModified\":\"2026-04-15T23:00:09+00:00\",\"description\":\"PENOSIL Neutral Sanitary Silicone 350 est un mastic silicone fongicide et neutre pour les applications sanitaires et de ventilation. En savoir plus !\",\"breadcrumb\":{\"@id\":\"https:\/\/penosil.com\/fr\/produit\/neutral-sanitary-silicone-350-silicone-fongicide\/#breadcrumb\"},\"inLanguage\":\"fr-FR\",\"potentialAction\":[{\"@type\":\"ReadAction\",\"target\":[\"https:\/\/penosil.com\/fr\/produit\/neutral-sanitary-silicone-350-silicone-fongicide\/\"]}]},{\"@type\":\"ImageObject\",\"inLanguage\":\"fr-FR\",\"@id\":\"https:\/\/penosil.com\/fr\/produit\/neutral-sanitary-silicone-350-silicone-fongicide\/#primaryimage\",\"url\":\"https:\/\/penosil.com\/fr\/wp-content\/uploads\/sites\/6\/2023\/02\/350_Neutral_Sanitary_Silicone_350_FR-1.png\",\"contentUrl\":\"https:\/\/penosil.com\/fr\/wp-content\/uploads\/sites\/6\/2023\/02\/350_Neutral_Sanitary_Silicone_350_FR-1.png\",\"width\":387,\"height\":1080,\"caption\":\"Cartouche de Penosil Neutral Sanitary Silicone 350\"},{\"@type\":\"BreadcrumbList\",\"@id\":\"https:\/\/penosil.com\/fr\/produit\/neutral-sanitary-silicone-350-silicone-fongicide\/#breadcrumb\",\"itemListElement\":[{\"@type\":\"ListItem\",\"position\":1,\"name\":\"Accueil\",\"item\":\"https:\/\/penosil.com\/fr\/\"},{\"@type\":\"ListItem\",\"position\":2,\"name\":\"Produits\",\"item\":\"https:\/\/penosil.com\/fr\/produits-penosil\/\"},{\"@type\":\"ListItem\",\"position\":3,\"name\":\"Neutral Sanitary Silicone 350\"}]},{\"@type\":\"WebSite\",\"@id\":\"https:\/\/penosil.com\/fr\/#website\",\"url\":\"https:\/\/penosil.com\/fr\/\",\"name\":\"Penosil France\",\"description\":\"\",\"potentialAction\":[{\"@type\":\"SearchAction\",\"target\":{\"@type\":\"EntryPoint\",\"urlTemplate\":\"https:\/\/penosil.com\/fr\/?s={search_term_string}\"},\"query-input\":{\"@type\":\"PropertyValueSpecification\",\"valueRequired\":true,\"valueName\":\"search_term_string\"}}],\"inLanguage\":\"fr-FR\"}]}<\/script>\n<!-- \/ Yoast SEO plugin. -->","yoast_head_json":{"title":"Neutral Sanitary Silicone 350 - Silicone fongicide - Penosil France","description":"PENOSIL Neutral Sanitary Silicone 350 est un mastic silicone fongicide et neutre pour les applications sanitaires et de ventilation. En savoir plus !","robots":{"index":"index","follow":"follow","max-snippet":"max-snippet:-1","max-image-preview":"max-image-preview:large","max-video-preview":"max-video-preview:-1"},"canonical":"https:\/\/penosil.com\/fr\/produit\/neutral-sanitary-silicone-350-silicone-fongicide\/","og_locale":"fr_FR","og_type":"article","og_title":"Neutral Sanitary Silicone 350 - Silicone fongicide - Penosil France","og_description":"PENOSIL Neutral Sanitary Silicone 350 est un mastic silicone fongicide et neutre pour les applications sanitaires et de ventilation. En savoir plus !","og_url":"https:\/\/penosil.com\/fr\/produit\/neutral-sanitary-silicone-350-silicone-fongicide\/","og_site_name":"Penosil France","article_modified_time":"2026-04-15T23:00:09+00:00","og_image":[{"width":387,"height":1080,"url":"https:\/\/penosil.com\/fr\/wp-content\/uploads\/sites\/6\/2023\/02\/350_Neutral_Sanitary_Silicone_350_FR-1.png","type":"image\/png"}],"twitter_card":"summary_large_image","twitter_misc":{"Dur\u00e9e de lecture estim\u00e9e":"5 minutes"},"schema":{"@context":"https:\/\/schema.org","@graph":[{"@type":"WebPage","@id":"https:\/\/penosil.com\/fr\/produit\/neutral-sanitary-silicone-350-silicone-fongicide\/","url":"https:\/\/penosil.com\/fr\/produit\/neutral-sanitary-silicone-350-silicone-fongicide\/","name":"Neutral Sanitary Silicone 350 - Silicone fongicide - Penosil France","isPartOf":{"@id":"https:\/\/penosil.com\/fr\/#website"},"primaryImageOfPage":{"@id":"https:\/\/penosil.com\/fr\/produit\/neutral-sanitary-silicone-350-silicone-fongicide\/#primaryimage"},"image":{"@id":"https:\/\/penosil.com\/fr\/produit\/neutral-sanitary-silicone-350-silicone-fongicide\/#primaryimage"},"thumbnailUrl":"https:\/\/penosil.com\/fr\/wp-content\/uploads\/sites\/6\/2023\/02\/350_Neutral_Sanitary_Silicone_350_FR-1.png","datePublished":"2023-02-07T09:01:43+00:00","dateModified":"2026-04-15T23:00:09+00:00","description":"PENOSIL Neutral Sanitary Silicone 350 est un mastic silicone fongicide et neutre pour les applications sanitaires et de ventilation. En savoir plus !","breadcrumb":{"@id":"https:\/\/penosil.com\/fr\/produit\/neutral-sanitary-silicone-350-silicone-fongicide\/#breadcrumb"},"inLanguage":"fr-FR","potentialAction":[{"@type":"ReadAction","target":["https:\/\/penosil.com\/fr\/produit\/neutral-sanitary-silicone-350-silicone-fongicide\/"]}]},{"@type":"ImageObject","inLanguage":"fr-FR","@id":"https:\/\/penosil.com\/fr\/produit\/neutral-sanitary-silicone-350-silicone-fongicide\/#primaryimage","url":"https:\/\/penosil.com\/fr\/wp-content\/uploads\/sites\/6\/2023\/02\/350_Neutral_Sanitary_Silicone_350_FR-1.png","contentUrl":"https:\/\/penosil.com\/fr\/wp-content\/uploads\/sites\/6\/2023\/02\/350_Neutral_Sanitary_Silicone_350_FR-1.png","width":387,"height":1080,"caption":"Cartouche de Penosil Neutral Sanitary Silicone 350"},{"@type":"BreadcrumbList","@id":"https:\/\/penosil.com\/fr\/produit\/neutral-sanitary-silicone-350-silicone-fongicide\/#breadcrumb","itemListElement":[{"@type":"ListItem","position":1,"name":"Accueil","item":"https:\/\/penosil.com\/fr\/"},{"@type":"ListItem","position":2,"name":"Produits","item":"https:\/\/penosil.com\/fr\/produits-penosil\/"},{"@type":"ListItem","position":3,"name":"Neutral Sanitary Silicone 350"}]},{"@type":"WebSite","@id":"https:\/\/penosil.com\/fr\/#website","url":"https:\/\/penosil.com\/fr\/","name":"Penosil France","description":"","potentialAction":[{"@type":"SearchAction","target":{"@type":"EntryPoint","urlTemplate":"https:\/\/penosil.com\/fr\/?s={search_term_string}"},"query-input":{"@type":"PropertyValueSpecification","valueRequired":true,"valueName":"search_term_string"}}],"inLanguage":"fr-FR"}]}},"featured_img":"https:\/\/penosil.com\/fr\/wp-content\/uploads\/sites\/6\/2023\/02\/350_Neutral_Sanitary_Silicone_350_FR-1.png","coauthors":[],"author_meta":{"author_link":"https:\/\/penosil.com\/fr\/author\/armand\/","display_name":"armand"},"relative_dates":{"created":"Publi\u00e9 3 ans il y a","modified":"Mis \u00e0 jour 11 heures il y a"},"absolute_dates":{"created":"Publi\u00e9 le 7 f\u00e9vrier 2023","modified":"Mise \u00e0 jour le 15 avril 2026"},"absolute_dates_time":{"created":"Publi\u00e9 le 7 f\u00e9vrier 2023 9h01","modified":"Mise \u00e0 jour le 15 avril 2026 23h00"},"featured_img_caption":"Cartouche de Penosil Neutral Sanitary Silicone 350","tax_additional":{"product_brand":{"linked":[],"unlinked":[],"slug":"product_brand","name":"Marques"},"product_type":{"linked":["<a href=\"https:\/\/penosil.com\/fr\/?taxonomy=product_type&#038;term=simple\" class=\"advgb-post-tax-term\">simple<\/a>"],"unlinked":["<span class=\"advgb-post-tax-term\">simple<\/span>"],"slug":"product_type","name":"Type de produit"},"product_visibility":{"linked":[],"unlinked":[],"slug":"product_visibility","name":"Visibilit\u00e9 du produit"},"product_cat":{"linked":["<a href=\"https:\/\/penosil.com\/fr\/categorie-produit\/categories-de-produits\/mastics-detancheites\/silicones-neutres\/\" class=\"advgb-post-tax-term\">Silicones neutres<\/a>","<a href=\"https:\/\/penosil.com\/fr\/categorie-produit\/domaines-dapplication\/\" class=\"advgb-post-tax-term\">Domaines d&#039;application<\/a>","<a href=\"https:\/\/penosil.com\/fr\/categorie-produit\/categories-de-produits\/\" class=\"advgb-post-tax-term\">Cat\u00e9gories de produits<\/a>","<a href=\"https:\/\/penosil.com\/fr\/categorie-produit\/categories-de-produits\/mastics-detancheites\/\" class=\"advgb-post-tax-term\">Mastics d&#039;\u00e9tanch\u00e9it\u00e9s<\/a>","<a href=\"https:\/\/penosil.com\/fr\/categorie-produit\/domaines-dapplication\/sanitaire\/\" class=\"advgb-post-tax-term\">Sanitaire<\/a>"],"unlinked":["<span class=\"advgb-post-tax-term\">Silicones neutres<\/span>","<span class=\"advgb-post-tax-term\">Domaines d&#039;application<\/span>","<span class=\"advgb-post-tax-term\">Cat\u00e9gories de produits<\/span>","<span class=\"advgb-post-tax-term\">Mastics d&#039;\u00e9tanch\u00e9it\u00e9s<\/span>","<span class=\"advgb-post-tax-term\">Sanitaire<\/span>"],"slug":"product_cat","name":"Cat\u00e9gories de produits"},"product_tag":{"linked":[],"unlinked":[],"slug":"product_tag","name":"\u00c9tiquettes produit"},"product_shipping_class":{"linked":[],"unlinked":[],"slug":"product_shipping_class","name":"Classe d\u2019exp\u00e9dition du produit"},"pos_product_visibility":{"linked":[],"unlinked":[],"slug":"pos_product_visibility","name":"Visibilit\u00e9 du produit sur le point de vente"},"pa_couleur":{"linked":["<a href=\"https:\/\/penosil.com\/fr\/en\/?taxonomy=pa_couleur&#038;term=transparent\" class=\"advgb-post-tax-term\">Transparent<\/a>"],"unlinked":["<span class=\"advgb-post-tax-term\">Transparent<\/span>"],"slug":"pa_couleur","name":"Product Couleur"},"pa_emballage":{"linked":["<a href=\"https:\/\/penosil.com\/fr\/?taxonomy=pa_emballage&#038;term=300-ml\" class=\"advgb-post-tax-term\">300 ml<\/a>"],"unlinked":["<span class=\"advgb-post-tax-term\">300 ml<\/span>"],"slug":"pa_emballage","name":"Product Emballage"},"translation_priority":{"linked":["<a href=\"https:\/\/penosil.com\/fr\/?taxonomy=translation_priority&#038;term=facultatif\" class=\"advgb-post-tax-term\">Facultatif<\/a>"],"unlinked":["<span class=\"advgb-post-tax-term\">Facultatif<\/span>"],"slug":"translation_priority","name":"Priorit\u00e9s de traduction"}},"series_order":"","_links":{"self":[{"href":"https:\/\/penosil.com\/fr\/wp-json\/wp\/v2\/product\/8963","targetHints":{"allow":["GET"]}}],"collection":[{"href":"https:\/\/penosil.com\/fr\/wp-json\/wp\/v2\/product"}],"about":[{"href":"https:\/\/penosil.com\/fr\/wp-json\/wp\/v2\/types\/product"}],"version-history":[{"count":8,"href":"https:\/\/penosil.com\/fr\/wp-json\/wp\/v2\/product\/8963\/revisions"}],"predecessor-version":[{"id":11884,"href":"https:\/\/penosil.com\/fr\/wp-json\/wp\/v2\/product\/8963\/revisions\/11884"}],"wp:featuredmedia":[{"embeddable":true,"href":"https:\/\/penosil.com\/fr\/wp-json\/wp\/v2\/media\/12171"}],"wp:attachment":[{"href":"https:\/\/penosil.com\/fr\/wp-json\/wp\/v2\/media?parent=8963"}],"wp:term":[{"taxonomy":"product_brand","embeddable":true,"href":"https:\/\/penosil.com\/fr\/wp-json\/wp\/v2\/product_brand?post=8963"},{"taxonomy":"product_cat","embeddable":true,"href":"https:\/\/penosil.com\/fr\/wp-json\/wp\/v2\/product_cat?post=8963"},{"taxonomy":"product_tag","embeddable":true,"href":"https:\/\/penosil.com\/fr\/wp-json\/wp\/v2\/product_tag?post=8963"}],"curies":[{"name":"wp","href":"https:\/\/api.w.org\/{rel}","templated":true}]}}