{"id":8976,"date":"2023-01-25T13:20:43","date_gmt":"2023-01-25T13:20:43","guid":{"rendered":"https:\/\/penosil.com\/fr\/?post_type=product&#038;p=8976"},"modified":"2026-04-25T23:00:14","modified_gmt":"2026-04-25T23:00:14","slug":"fire-rated-foam-b1-296-mousse-pu-manuelle-coupe-feu","status":"publish","type":"product","link":"https:\/\/penosil.com\/fr\/produit\/fire-rated-foam-b1-296-mousse-pu-manuelle-coupe-feu\/","title":{"rendered":"Fire Rated Foam B1 296"},"content":{"rendered":"<p>Mousse polyur\u00e9thane monocomposante \u00e0 usage manuelle et pr\u00eate \u00e0 l&#8217;emploi. Pour l&rsquo;installation de menuiseries coupe-feu, l&rsquo;\u00e9tanch\u00e9it\u00e9 des joints dans les murs coupe-feu et d&rsquo;autres travaux d&rsquo;\u00e9tanch\u00e9it\u00e9. Utile dans les endroits o\u00f9 les exigences concernant la r\u00e9action des mat\u00e9riaux de construction au feu sont plus \u00e9lev\u00e9es. Adh\u00e8re \u00e0 la plupart des mat\u00e9riaux comme le bois, le b\u00e9ton, la pierre, le pl\u00e2tre, le m\u00e9tal, le PVC et le polystyr\u00e8ne.<\/p>\n","protected":false},"excerpt":{"rendered":"Mousse polyur\u00e9thane monocomposante \u00e0 usage manuelle et pr\u00eate \u00e0 l&#8217;emploi. Pour l&rsquo;installation de menuiseries coupe-feu, l&rsquo;\u00e9tanch\u00e9it\u00e9 des joints dans les murs coupe-feu et d&rsquo;autres travaux d&rsquo;\u00e9tanch\u00e9it\u00e9. Utile dans les endroits o\u00f9 les exigences concernant la r\u00e9action des mat\u00e9riaux de construction au feu sont plus \u00e9lev\u00e9es. Adh\u00e8re \u00e0 la plupart des mat\u00e9riaux comme le bois, le [&hellip;]","protected":false},"author":24,"featured_media":8977,"template":"","meta":{"_acf_changed":false,"advgb_blocks_editor_width":"","advgb_blocks_columns_visual_guide":"","footnotes":""},"product_brand":[],"product_cat":[1499,654],"product_tag":[],"class_list":{"0":"post-8976","1":"product","2":"type-product","3":"status-publish","4":"has-post-thumbnail","6":"product_cat-mousses-pu","7":"product_cat-coupe-feu-haute-temperature","9":"first","10":"instock","11":"taxable","12":"shipping-taxable","13":"purchasable","14":"product-type-simple"},"acf":[],"yoast_head":"<!-- This site is optimized with the Yoast SEO plugin v27.4 - https:\/\/yoast.com\/product\/yoast-seo-wordpress\/ -->\n<title>FireRated Foam B1 296 - Mousse manuelle coupe feu - Penosil France<\/title>\n<meta name=\"description\" content=\"PENOSIL Fire Rated Foam B1 296 mousse polyur\u00e9thane monocomposante \u00e0 usage manuelle, pour l&#039;installation de portes et fen\u00eatres coupe-feu. En savoir plus!\" \/>\n<meta name=\"robots\" content=\"index, follow, max-snippet:-1, max-image-preview:large, max-video-preview:-1\" \/>\n<link rel=\"canonical\" href=\"https:\/\/penosil.com\/fr\/produit\/fire-rated-foam-b1-296-mousse-pu-manuelle-coupe-feu\/\" \/>\n<meta property=\"og:locale\" content=\"fr_FR\" \/>\n<meta property=\"og:type\" content=\"article\" \/>\n<meta property=\"og:title\" content=\"FireRated Foam B1 296 - Mousse manuelle coupe feu - Penosil France\" \/>\n<meta property=\"og:description\" content=\"PENOSIL Fire Rated Foam B1 296 mousse polyur\u00e9thane monocomposante \u00e0 usage manuelle, pour l&#039;installation de portes et fen\u00eatres coupe-feu. En savoir plus!\" \/>\n<meta property=\"og:url\" content=\"https:\/\/penosil.com\/fr\/produit\/fire-rated-foam-b1-296-mousse-pu-manuelle-coupe-feu\/\" \/>\n<meta property=\"og:site_name\" content=\"Penosil France\" \/>\n<meta property=\"article:modified_time\" content=\"2026-04-25T23:00:14+00:00\" \/>\n<meta property=\"og:image\" content=\"https:\/\/penosil.com\/fr\/wp-content\/uploads\/sites\/6\/2023\/01\/296_Fire_Rated_Foam_B1_296_FR.png\" \/>\n\t<meta property=\"og:image:width\" content=\"523\" \/>\n\t<meta property=\"og:image:height\" content=\"1080\" \/>\n\t<meta property=\"og:image:type\" content=\"image\/png\" \/>\n<meta name=\"twitter:card\" content=\"summary_large_image\" \/>\n<meta name=\"twitter:label1\" content=\"Dur\u00e9e de lecture estim\u00e9e\" \/>\n\t<meta name=\"twitter:data1\" content=\"6 minutes\" \/>\n<script type=\"application\/ld+json\" class=\"yoast-schema-graph\">{\"@context\":\"https:\\\/\\\/schema.org\",\"@graph\":[{\"@type\":\"WebPage\",\"@id\":\"https:\\\/\\\/penosil.com\\\/fr\\\/produit\\\/fire-rated-foam-b1-296-mousse-pu-manuelle-coupe-feu\\\/\",\"url\":\"https:\\\/\\\/penosil.com\\\/fr\\\/produit\\\/fire-rated-foam-b1-296-mousse-pu-manuelle-coupe-feu\\\/\",\"name\":\"FireRated Foam B1 296 - Mousse manuelle coupe feu - Penosil France\",\"isPartOf\":{\"@id\":\"https:\\\/\\\/penosil.com\\\/fr\\\/#website\"},\"primaryImageOfPage\":{\"@id\":\"https:\\\/\\\/penosil.com\\\/fr\\\/produit\\\/fire-rated-foam-b1-296-mousse-pu-manuelle-coupe-feu\\\/#primaryimage\"},\"image\":{\"@id\":\"https:\\\/\\\/penosil.com\\\/fr\\\/produit\\\/fire-rated-foam-b1-296-mousse-pu-manuelle-coupe-feu\\\/#primaryimage\"},\"thumbnailUrl\":\"https:\\\/\\\/penosil.com\\\/fr\\\/wp-content\\\/uploads\\\/sites\\\/6\\\/2023\\\/01\\\/296_Fire_Rated_Foam_B1_296_FR.png\",\"datePublished\":\"2023-01-25T13:20:43+00:00\",\"dateModified\":\"2026-04-25T23:00:14+00:00\",\"description\":\"PENOSIL Fire Rated Foam B1 296 mousse polyur\u00e9thane monocomposante \u00e0 usage manuelle, pour l'installation de portes et fen\u00eatres coupe-feu. En savoir plus!\",\"breadcrumb\":{\"@id\":\"https:\\\/\\\/penosil.com\\\/fr\\\/produit\\\/fire-rated-foam-b1-296-mousse-pu-manuelle-coupe-feu\\\/#breadcrumb\"},\"inLanguage\":\"fr-FR\",\"potentialAction\":[{\"@type\":\"ReadAction\",\"target\":[\"https:\\\/\\\/penosil.com\\\/fr\\\/produit\\\/fire-rated-foam-b1-296-mousse-pu-manuelle-coupe-feu\\\/\"]}]},{\"@type\":\"ImageObject\",\"inLanguage\":\"fr-FR\",\"@id\":\"https:\\\/\\\/penosil.com\\\/fr\\\/produit\\\/fire-rated-foam-b1-296-mousse-pu-manuelle-coupe-feu\\\/#primaryimage\",\"url\":\"https:\\\/\\\/penosil.com\\\/fr\\\/wp-content\\\/uploads\\\/sites\\\/6\\\/2023\\\/01\\\/296_Fire_Rated_Foam_B1_296_FR.png\",\"contentUrl\":\"https:\\\/\\\/penosil.com\\\/fr\\\/wp-content\\\/uploads\\\/sites\\\/6\\\/2023\\\/01\\\/296_Fire_Rated_Foam_B1_296_FR.png\",\"width\":523,\"height\":1080,\"caption\":\"Produit PENOSIL Fire Rated Foam B1 296\"},{\"@type\":\"BreadcrumbList\",\"@id\":\"https:\\\/\\\/penosil.com\\\/fr\\\/produit\\\/fire-rated-foam-b1-296-mousse-pu-manuelle-coupe-feu\\\/#breadcrumb\",\"itemListElement\":[{\"@type\":\"ListItem\",\"position\":1,\"name\":\"Accueil\",\"item\":\"https:\\\/\\\/penosil.com\\\/fr\\\/\"},{\"@type\":\"ListItem\",\"position\":2,\"name\":\"Produits\",\"item\":\"https:\\\/\\\/penosil.com\\\/fr\\\/produits-penosil\\\/\"},{\"@type\":\"ListItem\",\"position\":3,\"name\":\"Fire Rated Foam B1 296\"}]},{\"@type\":\"WebSite\",\"@id\":\"https:\\\/\\\/penosil.com\\\/fr\\\/#website\",\"url\":\"https:\\\/\\\/penosil.com\\\/fr\\\/\",\"name\":\"Penosil France\",\"description\":\"\",\"potentialAction\":[{\"@type\":\"SearchAction\",\"target\":{\"@type\":\"EntryPoint\",\"urlTemplate\":\"https:\\\/\\\/penosil.com\\\/fr\\\/?s={search_term_string}\"},\"query-input\":{\"@type\":\"PropertyValueSpecification\",\"valueRequired\":true,\"valueName\":\"search_term_string\"}}],\"inLanguage\":\"fr-FR\"}]}<\/script>\n<!-- \/ Yoast SEO plugin. -->","yoast_head_json":{"title":"FireRated Foam B1 296 - Mousse manuelle coupe feu - Penosil France","description":"PENOSIL Fire Rated Foam B1 296 mousse polyur\u00e9thane monocomposante \u00e0 usage manuelle, pour l'installation de portes et fen\u00eatres coupe-feu. En savoir plus!","robots":{"index":"index","follow":"follow","max-snippet":"max-snippet:-1","max-image-preview":"max-image-preview:large","max-video-preview":"max-video-preview:-1"},"canonical":"https:\/\/penosil.com\/fr\/produit\/fire-rated-foam-b1-296-mousse-pu-manuelle-coupe-feu\/","og_locale":"fr_FR","og_type":"article","og_title":"FireRated Foam B1 296 - Mousse manuelle coupe feu - Penosil France","og_description":"PENOSIL Fire Rated Foam B1 296 mousse polyur\u00e9thane monocomposante \u00e0 usage manuelle, pour l'installation de portes et fen\u00eatres coupe-feu. En savoir plus!","og_url":"https:\/\/penosil.com\/fr\/produit\/fire-rated-foam-b1-296-mousse-pu-manuelle-coupe-feu\/","og_site_name":"Penosil France","article_modified_time":"2026-04-25T23:00:14+00:00","og_image":[{"width":523,"height":1080,"url":"https:\/\/penosil.com\/fr\/wp-content\/uploads\/sites\/6\/2023\/01\/296_Fire_Rated_Foam_B1_296_FR.png","type":"image\/png"}],"twitter_card":"summary_large_image","twitter_misc":{"Dur\u00e9e de lecture estim\u00e9e":"6 minutes"},"schema":{"@context":"https:\/\/schema.org","@graph":[{"@type":"WebPage","@id":"https:\/\/penosil.com\/fr\/produit\/fire-rated-foam-b1-296-mousse-pu-manuelle-coupe-feu\/","url":"https:\/\/penosil.com\/fr\/produit\/fire-rated-foam-b1-296-mousse-pu-manuelle-coupe-feu\/","name":"FireRated Foam B1 296 - Mousse manuelle coupe feu - Penosil France","isPartOf":{"@id":"https:\/\/penosil.com\/fr\/#website"},"primaryImageOfPage":{"@id":"https:\/\/penosil.com\/fr\/produit\/fire-rated-foam-b1-296-mousse-pu-manuelle-coupe-feu\/#primaryimage"},"image":{"@id":"https:\/\/penosil.com\/fr\/produit\/fire-rated-foam-b1-296-mousse-pu-manuelle-coupe-feu\/#primaryimage"},"thumbnailUrl":"https:\/\/penosil.com\/fr\/wp-content\/uploads\/sites\/6\/2023\/01\/296_Fire_Rated_Foam_B1_296_FR.png","datePublished":"2023-01-25T13:20:43+00:00","dateModified":"2026-04-25T23:00:14+00:00","description":"PENOSIL Fire Rated Foam B1 296 mousse polyur\u00e9thane monocomposante \u00e0 usage manuelle, pour l'installation de portes et fen\u00eatres coupe-feu. En savoir plus!","breadcrumb":{"@id":"https:\/\/penosil.com\/fr\/produit\/fire-rated-foam-b1-296-mousse-pu-manuelle-coupe-feu\/#breadcrumb"},"inLanguage":"fr-FR","potentialAction":[{"@type":"ReadAction","target":["https:\/\/penosil.com\/fr\/produit\/fire-rated-foam-b1-296-mousse-pu-manuelle-coupe-feu\/"]}]},{"@type":"ImageObject","inLanguage":"fr-FR","@id":"https:\/\/penosil.com\/fr\/produit\/fire-rated-foam-b1-296-mousse-pu-manuelle-coupe-feu\/#primaryimage","url":"https:\/\/penosil.com\/fr\/wp-content\/uploads\/sites\/6\/2023\/01\/296_Fire_Rated_Foam_B1_296_FR.png","contentUrl":"https:\/\/penosil.com\/fr\/wp-content\/uploads\/sites\/6\/2023\/01\/296_Fire_Rated_Foam_B1_296_FR.png","width":523,"height":1080,"caption":"Produit PENOSIL Fire Rated Foam B1 296"},{"@type":"BreadcrumbList","@id":"https:\/\/penosil.com\/fr\/produit\/fire-rated-foam-b1-296-mousse-pu-manuelle-coupe-feu\/#breadcrumb","itemListElement":[{"@type":"ListItem","position":1,"name":"Accueil","item":"https:\/\/penosil.com\/fr\/"},{"@type":"ListItem","position":2,"name":"Produits","item":"https:\/\/penosil.com\/fr\/produits-penosil\/"},{"@type":"ListItem","position":3,"name":"Fire Rated Foam B1 296"}]},{"@type":"WebSite","@id":"https:\/\/penosil.com\/fr\/#website","url":"https:\/\/penosil.com\/fr\/","name":"Penosil France","description":"","potentialAction":[{"@type":"SearchAction","target":{"@type":"EntryPoint","urlTemplate":"https:\/\/penosil.com\/fr\/?s={search_term_string}"},"query-input":{"@type":"PropertyValueSpecification","valueRequired":true,"valueName":"search_term_string"}}],"inLanguage":"fr-FR"}]}},"featured_img":"https:\/\/penosil.com\/fr\/wp-content\/uploads\/sites\/6\/2023\/01\/296_Fire_Rated_Foam_B1_296_FR.png","coauthors":[],"author_meta":{"author_link":"https:\/\/penosil.com\/fr\/author\/armand\/","display_name":"armand"},"relative_dates":{"created":"Publi\u00e9 3 ans il y a","modified":"Mis \u00e0 jour 6 heures il y a"},"absolute_dates":{"created":"Publi\u00e9 le 25 janvier 2023","modified":"Mise \u00e0 jour le 25 avril 2026"},"absolute_dates_time":{"created":"Publi\u00e9 le 25 janvier 2023 13h20","modified":"Mise \u00e0 jour le 25 avril 2026 23h00"},"featured_img_caption":"Produit PENOSIL Fire Rated Foam B1 296","tax_additional":{"product_brand":{"linked":[],"unlinked":[],"slug":"product_brand","name":"Marques"},"product_type":{"linked":["<a href=\"https:\/\/penosil.com\/fr\/?taxonomy=product_type&#038;term=simple\" class=\"advgb-post-tax-term\">simple<\/a>"],"unlinked":["<span class=\"advgb-post-tax-term\">simple<\/span>"],"slug":"product_type","name":"Type de produit"},"product_visibility":{"linked":[],"unlinked":[],"slug":"product_visibility","name":"Visibilit\u00e9 du produit"},"product_cat":{"linked":["<a href=\"https:\/\/penosil.com\/fr\/categorie-produit\/categories-de-produits\/mousses-pu\/\" class=\"advgb-post-tax-term\">Mousses PU<\/a>","<a href=\"https:\/\/penosil.com\/fr\/categorie-produit\/domaines-dapplication\/coupe-feu-haute-temperature\/\" class=\"advgb-post-tax-term\">Coupe feu \/ Haute temp\u00e9rature<\/a>"],"unlinked":["<span class=\"advgb-post-tax-term\">Mousses PU<\/span>","<span class=\"advgb-post-tax-term\">Coupe feu \/ Haute temp\u00e9rature<\/span>"],"slug":"product_cat","name":"Cat\u00e9gories de produits"},"product_tag":{"linked":[],"unlinked":[],"slug":"product_tag","name":"\u00c9tiquettes produit"},"product_shipping_class":{"linked":[],"unlinked":[],"slug":"product_shipping_class","name":"Classe d\u2019exp\u00e9dition du produit"},"pos_product_visibility":{"linked":[],"unlinked":[],"slug":"pos_product_visibility","name":"Visibilit\u00e9 du produit sur le point de vente"},"pa_couleur":{"linked":["<a href=\"https:\/\/penosil.com\/fr\/?taxonomy=pa_couleur&#038;term=rose\" class=\"advgb-post-tax-term\">Rose<\/a>"],"unlinked":["<span class=\"advgb-post-tax-term\">Rose<\/span>"],"slug":"pa_couleur","name":"Product Couleur"},"pa_emballage":{"linked":["<a href=\"https:\/\/penosil.com\/fr\/?taxonomy=pa_emballage&#038;term=1000-ml-fr\" class=\"advgb-post-tax-term\">1000 ml<\/a>"],"unlinked":["<span class=\"advgb-post-tax-term\">1000 ml<\/span>"],"slug":"pa_emballage","name":"Product Emballage"},"translation_priority":{"linked":["<a href=\"https:\/\/penosil.com\/fr\/?taxonomy=translation_priority&#038;term=facultatif\" class=\"advgb-post-tax-term\">Facultatif<\/a>"],"unlinked":["<span class=\"advgb-post-tax-term\">Facultatif<\/span>"],"slug":"translation_priority","name":"Priorit\u00e9s de traduction"}},"series_order":"","_links":{"self":[{"href":"https:\/\/penosil.com\/fr\/wp-json\/wp\/v2\/product\/8976","targetHints":{"allow":["GET"]}}],"collection":[{"href":"https:\/\/penosil.com\/fr\/wp-json\/wp\/v2\/product"}],"about":[{"href":"https:\/\/penosil.com\/fr\/wp-json\/wp\/v2\/types\/product"}],"version-history":[{"count":9,"href":"https:\/\/penosil.com\/fr\/wp-json\/wp\/v2\/product\/8976\/revisions"}],"predecessor-version":[{"id":12535,"href":"https:\/\/penosil.com\/fr\/wp-json\/wp\/v2\/product\/8976\/revisions\/12535"}],"wp:featuredmedia":[{"embeddable":true,"href":"https:\/\/penosil.com\/fr\/wp-json\/wp\/v2\/media\/8977"}],"wp:attachment":[{"href":"https:\/\/penosil.com\/fr\/wp-json\/wp\/v2\/media?parent=8976"}],"wp:term":[{"taxonomy":"product_brand","embeddable":true,"href":"https:\/\/penosil.com\/fr\/wp-json\/wp\/v2\/product_brand?post=8976"},{"taxonomy":"product_cat","embeddable":true,"href":"https:\/\/penosil.com\/fr\/wp-json\/wp\/v2\/product_cat?post=8976"},{"taxonomy":"product_tag","embeddable":true,"href":"https:\/\/penosil.com\/fr\/wp-json\/wp\/v2\/product_tag?post=8976"}],"curies":[{"name":"wp","href":"https:\/\/api.w.org\/{rel}","templated":true}]}}