{"id":9025,"date":"2023-02-21T09:59:51","date_gmt":"2023-02-21T09:59:51","guid":{"rendered":"https:\/\/penosil.com\/fr\/?post_type=product&#038;p=9025"},"modified":"2026-04-14T23:00:10","modified_gmt":"2026-04-14T23:00:10","slug":"nuisiblock-foam-299-mousse-pu-repulsive","status":"publish","type":"product","link":"https:\/\/penosil.com\/fr\/produit\/nuisiblock-foam-299-mousse-pu-repulsive\/","title":{"rendered":"NuisiBlock Foam 299"},"content":{"rendered":"<p>Mousse pu r\u00e9pulsive monocomposante, pr\u00eate \u00e0 l\u2019emploi, \u00e0 usage manuel pour le remplissage de trous, de cavit\u00e9s. Le calfeutrement de joints de p\u00e9n\u00e9trations, de joints de liaison et de fissures. Contient des additifs r\u00e9pulsifs contre les souris et les insectes y compris les termites. La mousse a une excellente expansion pour un remplissage efficace. Adh\u00e8re bien \u00e0 la plupart des mat\u00e9riaux tels que le bois, le b\u00e9ton, la pierre, le pl\u00e2tre, le m\u00e9tal, le PVC et le polystyr\u00e8ne.<\/p>\n","protected":false},"excerpt":{"rendered":"Mousse pu r\u00e9pulsive monocomposante, pr\u00eate \u00e0 l\u2019emploi, \u00e0 usage manuel pour le remplissage de trous, de cavit\u00e9s. Le calfeutrement de joints de p\u00e9n\u00e9trations, de joints de liaison et de fissures. Contient des additifs r\u00e9pulsifs contre les souris et les insectes y compris les termites. La mousse a une excellente expansion pour un remplissage efficace. Adh\u00e8re [&hellip;]","protected":false},"author":24,"featured_media":12228,"template":"","meta":{"_acf_changed":false,"advgb_blocks_editor_width":"","advgb_blocks_columns_visual_guide":"","footnotes":""},"product_brand":[],"product_cat":[2249,330,830,1357,1499,1558,2250],"product_tag":[],"class_list":{"0":"post-9025","1":"product","2":"type-product","3":"status-publish","4":"has-post-thumbnail","6":"product_cat-nouveaux-produits","7":"product_cat-domaines-dapplication","8":"product_cat-construction-generale-2","9":"product_cat-categories-de-produits","10":"product_cat-mousses-pu","11":"product_cat-mousses-manuelles","12":"product_cat-nouveaux-produits-2","14":"first","15":"instock","16":"taxable","17":"shipping-taxable","18":"purchasable","19":"product-type-simple"},"acf":[],"yoast_head":"<!-- This site is optimized with the Yoast SEO plugin v27.2 - https:\/\/yoast.com\/product\/yoast-seo-wordpress\/ -->\n<title>NuisiBlock Foam 299 - Mousse pu r\u00e9pulsive - Penosil France<\/title>\n<meta name=\"description\" content=\"PENOSIL NuisiBlock Foam 299 mousse pu r\u00e9pulsive monocomposante. Contient des additifs r\u00e9pulsifs contre les souris et les insectes. En savoir plus!\" \/>\n<meta name=\"robots\" content=\"index, follow, max-snippet:-1, max-image-preview:large, max-video-preview:-1\" \/>\n<link rel=\"canonical\" href=\"https:\/\/penosil.com\/fr\/produit\/nuisiblock-foam-299-mousse-pu-repulsive\/\" \/>\n<meta property=\"og:locale\" content=\"fr_FR\" \/>\n<meta property=\"og:type\" content=\"article\" \/>\n<meta property=\"og:title\" content=\"NuisiBlock Foam 299 - Mousse pu r\u00e9pulsive - Penosil France\" \/>\n<meta property=\"og:description\" content=\"PENOSIL NuisiBlock Foam 299 mousse pu r\u00e9pulsive monocomposante. Contient des additifs r\u00e9pulsifs contre les souris et les insectes. En savoir plus!\" \/>\n<meta property=\"og:url\" content=\"https:\/\/penosil.com\/fr\/produit\/nuisiblock-foam-299-mousse-pu-repulsive\/\" \/>\n<meta property=\"og:site_name\" content=\"Penosil France\" \/>\n<meta property=\"article:modified_time\" content=\"2026-04-14T23:00:10+00:00\" \/>\n<meta property=\"og:image\" content=\"https:\/\/penosil.com\/fr\/wp-content\/uploads\/sites\/6\/2023\/02\/299_NuisiBlock_Foam_299_FR-4.png\" \/>\n\t<meta property=\"og:image:width\" content=\"523\" \/>\n\t<meta property=\"og:image:height\" content=\"1080\" \/>\n\t<meta property=\"og:image:type\" content=\"image\/png\" \/>\n<meta name=\"twitter:card\" content=\"summary_large_image\" \/>\n<meta name=\"twitter:label1\" content=\"Dur\u00e9e de lecture estim\u00e9e\" \/>\n\t<meta name=\"twitter:data1\" content=\"6 minutes\" \/>\n<script type=\"application\/ld+json\" class=\"yoast-schema-graph\">{\"@context\":\"https:\/\/schema.org\",\"@graph\":[{\"@type\":\"WebPage\",\"@id\":\"https:\/\/penosil.com\/fr\/produit\/nuisiblock-foam-299-mousse-pu-repulsive\/\",\"url\":\"https:\/\/penosil.com\/fr\/produit\/nuisiblock-foam-299-mousse-pu-repulsive\/\",\"name\":\"NuisiBlock Foam 299 - Mousse pu r\u00e9pulsive - Penosil France\",\"isPartOf\":{\"@id\":\"https:\/\/penosil.com\/fr\/#website\"},\"primaryImageOfPage\":{\"@id\":\"https:\/\/penosil.com\/fr\/produit\/nuisiblock-foam-299-mousse-pu-repulsive\/#primaryimage\"},\"image\":{\"@id\":\"https:\/\/penosil.com\/fr\/produit\/nuisiblock-foam-299-mousse-pu-repulsive\/#primaryimage\"},\"thumbnailUrl\":\"https:\/\/penosil.com\/fr\/wp-content\/uploads\/sites\/6\/2023\/02\/299_NuisiBlock_Foam_299_FR-4.png\",\"datePublished\":\"2023-02-21T09:59:51+00:00\",\"dateModified\":\"2026-04-14T23:00:10+00:00\",\"description\":\"PENOSIL NuisiBlock Foam 299 mousse pu r\u00e9pulsive monocomposante. Contient des additifs r\u00e9pulsifs contre les souris et les insectes. En savoir plus!\",\"breadcrumb\":{\"@id\":\"https:\/\/penosil.com\/fr\/produit\/nuisiblock-foam-299-mousse-pu-repulsive\/#breadcrumb\"},\"inLanguage\":\"fr-FR\",\"potentialAction\":[{\"@type\":\"ReadAction\",\"target\":[\"https:\/\/penosil.com\/fr\/produit\/nuisiblock-foam-299-mousse-pu-repulsive\/\"]}]},{\"@type\":\"ImageObject\",\"inLanguage\":\"fr-FR\",\"@id\":\"https:\/\/penosil.com\/fr\/produit\/nuisiblock-foam-299-mousse-pu-repulsive\/#primaryimage\",\"url\":\"https:\/\/penosil.com\/fr\/wp-content\/uploads\/sites\/6\/2023\/02\/299_NuisiBlock_Foam_299_FR-4.png\",\"contentUrl\":\"https:\/\/penosil.com\/fr\/wp-content\/uploads\/sites\/6\/2023\/02\/299_NuisiBlock_Foam_299_FR-4.png\",\"width\":523,\"height\":1080,\"caption\":\"A\u00e9rosol de 365ml de PENOSIL NuisiBlock Foam 299\"},{\"@type\":\"BreadcrumbList\",\"@id\":\"https:\/\/penosil.com\/fr\/produit\/nuisiblock-foam-299-mousse-pu-repulsive\/#breadcrumb\",\"itemListElement\":[{\"@type\":\"ListItem\",\"position\":1,\"name\":\"Accueil\",\"item\":\"https:\/\/penosil.com\/fr\/\"},{\"@type\":\"ListItem\",\"position\":2,\"name\":\"Produits\",\"item\":\"https:\/\/penosil.com\/fr\/produits-penosil\/\"},{\"@type\":\"ListItem\",\"position\":3,\"name\":\"NuisiBlock Foam 299\"}]},{\"@type\":\"WebSite\",\"@id\":\"https:\/\/penosil.com\/fr\/#website\",\"url\":\"https:\/\/penosil.com\/fr\/\",\"name\":\"Penosil France\",\"description\":\"\",\"potentialAction\":[{\"@type\":\"SearchAction\",\"target\":{\"@type\":\"EntryPoint\",\"urlTemplate\":\"https:\/\/penosil.com\/fr\/?s={search_term_string}\"},\"query-input\":{\"@type\":\"PropertyValueSpecification\",\"valueRequired\":true,\"valueName\":\"search_term_string\"}}],\"inLanguage\":\"fr-FR\"}]}<\/script>\n<!-- \/ Yoast SEO plugin. -->","yoast_head_json":{"title":"NuisiBlock Foam 299 - Mousse pu r\u00e9pulsive - Penosil France","description":"PENOSIL NuisiBlock Foam 299 mousse pu r\u00e9pulsive monocomposante. Contient des additifs r\u00e9pulsifs contre les souris et les insectes. En savoir plus!","robots":{"index":"index","follow":"follow","max-snippet":"max-snippet:-1","max-image-preview":"max-image-preview:large","max-video-preview":"max-video-preview:-1"},"canonical":"https:\/\/penosil.com\/fr\/produit\/nuisiblock-foam-299-mousse-pu-repulsive\/","og_locale":"fr_FR","og_type":"article","og_title":"NuisiBlock Foam 299 - Mousse pu r\u00e9pulsive - Penosil France","og_description":"PENOSIL NuisiBlock Foam 299 mousse pu r\u00e9pulsive monocomposante. Contient des additifs r\u00e9pulsifs contre les souris et les insectes. En savoir plus!","og_url":"https:\/\/penosil.com\/fr\/produit\/nuisiblock-foam-299-mousse-pu-repulsive\/","og_site_name":"Penosil France","article_modified_time":"2026-04-14T23:00:10+00:00","og_image":[{"width":523,"height":1080,"url":"https:\/\/penosil.com\/fr\/wp-content\/uploads\/sites\/6\/2023\/02\/299_NuisiBlock_Foam_299_FR-4.png","type":"image\/png"}],"twitter_card":"summary_large_image","twitter_misc":{"Dur\u00e9e de lecture estim\u00e9e":"6 minutes"},"schema":{"@context":"https:\/\/schema.org","@graph":[{"@type":"WebPage","@id":"https:\/\/penosil.com\/fr\/produit\/nuisiblock-foam-299-mousse-pu-repulsive\/","url":"https:\/\/penosil.com\/fr\/produit\/nuisiblock-foam-299-mousse-pu-repulsive\/","name":"NuisiBlock Foam 299 - Mousse pu r\u00e9pulsive - Penosil France","isPartOf":{"@id":"https:\/\/penosil.com\/fr\/#website"},"primaryImageOfPage":{"@id":"https:\/\/penosil.com\/fr\/produit\/nuisiblock-foam-299-mousse-pu-repulsive\/#primaryimage"},"image":{"@id":"https:\/\/penosil.com\/fr\/produit\/nuisiblock-foam-299-mousse-pu-repulsive\/#primaryimage"},"thumbnailUrl":"https:\/\/penosil.com\/fr\/wp-content\/uploads\/sites\/6\/2023\/02\/299_NuisiBlock_Foam_299_FR-4.png","datePublished":"2023-02-21T09:59:51+00:00","dateModified":"2026-04-14T23:00:10+00:00","description":"PENOSIL NuisiBlock Foam 299 mousse pu r\u00e9pulsive monocomposante. Contient des additifs r\u00e9pulsifs contre les souris et les insectes. En savoir plus!","breadcrumb":{"@id":"https:\/\/penosil.com\/fr\/produit\/nuisiblock-foam-299-mousse-pu-repulsive\/#breadcrumb"},"inLanguage":"fr-FR","potentialAction":[{"@type":"ReadAction","target":["https:\/\/penosil.com\/fr\/produit\/nuisiblock-foam-299-mousse-pu-repulsive\/"]}]},{"@type":"ImageObject","inLanguage":"fr-FR","@id":"https:\/\/penosil.com\/fr\/produit\/nuisiblock-foam-299-mousse-pu-repulsive\/#primaryimage","url":"https:\/\/penosil.com\/fr\/wp-content\/uploads\/sites\/6\/2023\/02\/299_NuisiBlock_Foam_299_FR-4.png","contentUrl":"https:\/\/penosil.com\/fr\/wp-content\/uploads\/sites\/6\/2023\/02\/299_NuisiBlock_Foam_299_FR-4.png","width":523,"height":1080,"caption":"A\u00e9rosol de 365ml de PENOSIL NuisiBlock Foam 299"},{"@type":"BreadcrumbList","@id":"https:\/\/penosil.com\/fr\/produit\/nuisiblock-foam-299-mousse-pu-repulsive\/#breadcrumb","itemListElement":[{"@type":"ListItem","position":1,"name":"Accueil","item":"https:\/\/penosil.com\/fr\/"},{"@type":"ListItem","position":2,"name":"Produits","item":"https:\/\/penosil.com\/fr\/produits-penosil\/"},{"@type":"ListItem","position":3,"name":"NuisiBlock Foam 299"}]},{"@type":"WebSite","@id":"https:\/\/penosil.com\/fr\/#website","url":"https:\/\/penosil.com\/fr\/","name":"Penosil France","description":"","potentialAction":[{"@type":"SearchAction","target":{"@type":"EntryPoint","urlTemplate":"https:\/\/penosil.com\/fr\/?s={search_term_string}"},"query-input":{"@type":"PropertyValueSpecification","valueRequired":true,"valueName":"search_term_string"}}],"inLanguage":"fr-FR"}]}},"featured_img":"https:\/\/penosil.com\/fr\/wp-content\/uploads\/sites\/6\/2023\/02\/299_NuisiBlock_Foam_299_FR-4.png","coauthors":[],"author_meta":{"author_link":"https:\/\/penosil.com\/fr\/author\/armand\/","display_name":"armand"},"relative_dates":{"created":"Publi\u00e9 3 ans il y a","modified":"Mis \u00e0 jour 1 heure il y a"},"absolute_dates":{"created":"Publi\u00e9 le 21 f\u00e9vrier 2023","modified":"Mise \u00e0 jour le 14 avril 2026"},"absolute_dates_time":{"created":"Publi\u00e9 le 21 f\u00e9vrier 2023 9h59","modified":"Mise \u00e0 jour le 14 avril 2026 23h00"},"featured_img_caption":"A\u00e9rosol de 365ml de PENOSIL NuisiBlock Foam 299","tax_additional":{"product_brand":{"linked":[],"unlinked":[],"slug":"product_brand","name":"Marques"},"product_type":{"linked":["<a href=\"https:\/\/penosil.com\/fr\/?taxonomy=product_type&#038;term=simple\" class=\"advgb-post-tax-term\">simple<\/a>"],"unlinked":["<span class=\"advgb-post-tax-term\">simple<\/span>"],"slug":"product_type","name":"Type de produit"},"product_visibility":{"linked":[],"unlinked":[],"slug":"product_visibility","name":"Visibilit\u00e9 du produit"},"product_cat":{"linked":["<a href=\"https:\/\/penosil.com\/fr\/categorie-produit\/categories-de-produits\/nouveaux-produits\/\" class=\"advgb-post-tax-term\">Nouveaux produits<\/a>","<a href=\"https:\/\/penosil.com\/fr\/categorie-produit\/domaines-dapplication\/\" class=\"advgb-post-tax-term\">Domaines d&#039;application<\/a>","<a href=\"https:\/\/penosil.com\/fr\/categorie-produit\/domaines-dapplication\/construction-generale-2\/\" class=\"advgb-post-tax-term\">Construction<\/a>","<a href=\"https:\/\/penosil.com\/fr\/categorie-produit\/categories-de-produits\/\" class=\"advgb-post-tax-term\">Cat\u00e9gories de produits<\/a>","<a href=\"https:\/\/penosil.com\/fr\/categorie-produit\/categories-de-produits\/mousses-pu\/\" class=\"advgb-post-tax-term\">Mousses PU<\/a>","<a href=\"https:\/\/penosil.com\/fr\/categorie-produit\/categories-de-produits\/mousses-pu\/mousses-manuelles\/\" class=\"advgb-post-tax-term\">Mousses manuelles<\/a>","<a href=\"https:\/\/penosil.com\/fr\/categorie-produit\/domaines-dapplication\/nouveaux-produits-2\/\" class=\"advgb-post-tax-term\">Nouveaux produits<\/a>"],"unlinked":["<span class=\"advgb-post-tax-term\">Nouveaux produits<\/span>","<span class=\"advgb-post-tax-term\">Domaines d&#039;application<\/span>","<span class=\"advgb-post-tax-term\">Construction<\/span>","<span class=\"advgb-post-tax-term\">Cat\u00e9gories de produits<\/span>","<span class=\"advgb-post-tax-term\">Mousses PU<\/span>","<span class=\"advgb-post-tax-term\">Mousses manuelles<\/span>","<span class=\"advgb-post-tax-term\">Nouveaux produits<\/span>"],"slug":"product_cat","name":"Cat\u00e9gories de produits"},"product_tag":{"linked":[],"unlinked":[],"slug":"product_tag","name":"\u00c9tiquettes produit"},"product_shipping_class":{"linked":[],"unlinked":[],"slug":"product_shipping_class","name":"Classe d\u2019exp\u00e9dition du produit"},"pos_product_visibility":{"linked":[],"unlinked":[],"slug":"pos_product_visibility","name":"Visibilit\u00e9 du produit sur le point de vente"},"pa_couleur":{"linked":["<a href=\"https:\/\/penosil.com\/fr\/?taxonomy=pa_couleur&#038;term=jaune-clair\" class=\"advgb-post-tax-term\">Jaune clair<\/a>"],"unlinked":["<span class=\"advgb-post-tax-term\">Jaune clair<\/span>"],"slug":"pa_couleur","name":"Product Couleur"},"pa_emballage":{"linked":["<a href=\"https:\/\/penosil.com\/fr\/?taxonomy=pa_emballage&#038;term=365-ml\" class=\"advgb-post-tax-term\">365 ml<\/a>"],"unlinked":["<span class=\"advgb-post-tax-term\">365 ml<\/span>"],"slug":"pa_emballage","name":"Product Emballage"},"translation_priority":{"linked":["<a href=\"https:\/\/penosil.com\/fr\/?taxonomy=translation_priority&#038;term=facultatif\" class=\"advgb-post-tax-term\">Facultatif<\/a>"],"unlinked":["<span class=\"advgb-post-tax-term\">Facultatif<\/span>"],"slug":"translation_priority","name":"Priorit\u00e9s de traduction"}},"series_order":"","_links":{"self":[{"href":"https:\/\/penosil.com\/fr\/wp-json\/wp\/v2\/product\/9025","targetHints":{"allow":["GET"]}}],"collection":[{"href":"https:\/\/penosil.com\/fr\/wp-json\/wp\/v2\/product"}],"about":[{"href":"https:\/\/penosil.com\/fr\/wp-json\/wp\/v2\/types\/product"}],"version-history":[{"count":9,"href":"https:\/\/penosil.com\/fr\/wp-json\/wp\/v2\/product\/9025\/revisions"}],"predecessor-version":[{"id":11869,"href":"https:\/\/penosil.com\/fr\/wp-json\/wp\/v2\/product\/9025\/revisions\/11869"}],"wp:featuredmedia":[{"embeddable":true,"href":"https:\/\/penosil.com\/fr\/wp-json\/wp\/v2\/media\/12228"}],"wp:attachment":[{"href":"https:\/\/penosil.com\/fr\/wp-json\/wp\/v2\/media?parent=9025"}],"wp:term":[{"taxonomy":"product_brand","embeddable":true,"href":"https:\/\/penosil.com\/fr\/wp-json\/wp\/v2\/product_brand?post=9025"},{"taxonomy":"product_cat","embeddable":true,"href":"https:\/\/penosil.com\/fr\/wp-json\/wp\/v2\/product_cat?post=9025"},{"taxonomy":"product_tag","embeddable":true,"href":"https:\/\/penosil.com\/fr\/wp-json\/wp\/v2\/product_tag?post=9025"}],"curies":[{"name":"wp","href":"https:\/\/api.w.org\/{rel}","templated":true}]}}