{"id":9124,"date":"2023-05-23T08:04:17","date_gmt":"2023-05-23T08:04:17","guid":{"rendered":"https:\/\/penosil.com\/fr\/?post_type=product&#038;p=9124"},"modified":"2026-04-20T11:00:10","modified_gmt":"2026-04-20T11:00:10","slug":"speedfix-universal-907-mastic-colle-synthetique","status":"publish","type":"product","link":"https:\/\/penosil.com\/fr\/produit\/speedfix-universal-907-mastic-colle-synthetique\/","title":{"rendered":"SpeedFix Universal 907"},"content":{"rendered":"<p>Mastic colle synth\u00e9tique de haute prestation avec un tack initial \u00e9lev\u00e9 pour le collage d\u2019une grande vari\u00e9t\u00e9 de mat\u00e9riaux de construction.<\/p>\n","protected":false},"excerpt":{"rendered":"Mastic colle synth\u00e9tique de haute prestation avec un tack initial \u00e9lev\u00e9 pour le collage d\u2019une grande vari\u00e9t\u00e9 de mat\u00e9riaux de construction.","protected":false},"author":24,"featured_media":12163,"template":"","meta":{"_acf_changed":false,"advgb_blocks_editor_width":"","advgb_blocks_columns_visual_guide":"","footnotes":""},"product_brand":[],"product_cat":[1379,349],"product_tag":[],"class_list":{"0":"post-9124","1":"product","2":"type-product","3":"status-publish","4":"has-post-thumbnail","6":"product_cat-adhesifs","7":"product_cat-collage","9":"first","10":"instock","11":"taxable","12":"shipping-taxable","13":"purchasable","14":"product-type-simple"},"acf":[],"yoast_head":"<!-- This site is optimized with the Yoast SEO plugin v27.4 - https:\/\/yoast.com\/product\/yoast-seo-wordpress\/ -->\n<title>SpeedFix Universal 907 - Mastic colle synth\u00e9tique - Penosil France<\/title>\n<meta name=\"description\" content=\"PENOSIL SpeedFix Universal 907 mastic colle synth\u00e9tique de haute prestation avec un tack initial \u00e9lev\u00e9, utilisable jusqu&#039;\u00e0 -10\u00b0C. En savoir plus!\" \/>\n<meta name=\"robots\" content=\"index, follow, max-snippet:-1, max-image-preview:large, max-video-preview:-1\" \/>\n<link rel=\"canonical\" href=\"https:\/\/penosil.com\/fr\/produit\/speedfix-universal-907-mastic-colle-synthetique\/\" \/>\n<meta property=\"og:locale\" content=\"fr_FR\" \/>\n<meta property=\"og:type\" content=\"article\" \/>\n<meta property=\"og:title\" content=\"SpeedFix Universal 907 - Mastic colle synth\u00e9tique - Penosil France\" \/>\n<meta property=\"og:description\" content=\"PENOSIL SpeedFix Universal 907 mastic colle synth\u00e9tique de haute prestation avec un tack initial \u00e9lev\u00e9, utilisable jusqu&#039;\u00e0 -10\u00b0C. En savoir plus!\" \/>\n<meta property=\"og:url\" content=\"https:\/\/penosil.com\/fr\/produit\/speedfix-universal-907-mastic-colle-synthetique\/\" \/>\n<meta property=\"og:site_name\" content=\"Penosil France\" \/>\n<meta property=\"article:modified_time\" content=\"2026-04-20T11:00:10+00:00\" \/>\n<meta property=\"og:image\" content=\"https:\/\/penosil.com\/fr\/wp-content\/uploads\/sites\/6\/2023\/05\/907_SpeedFix_Universal_907_FR.png\" \/>\n\t<meta property=\"og:image:width\" content=\"387\" \/>\n\t<meta property=\"og:image:height\" content=\"1080\" \/>\n\t<meta property=\"og:image:type\" content=\"image\/png\" \/>\n<meta name=\"twitter:card\" content=\"summary_large_image\" \/>\n<meta name=\"twitter:label1\" content=\"Dur\u00e9e de lecture estim\u00e9e\" \/>\n\t<meta name=\"twitter:data1\" content=\"5 minutes\" \/>\n<script type=\"application\/ld+json\" class=\"yoast-schema-graph\">{\"@context\":\"https:\\\/\\\/schema.org\",\"@graph\":[{\"@type\":\"WebPage\",\"@id\":\"https:\\\/\\\/penosil.com\\\/fr\\\/produit\\\/speedfix-universal-907-mastic-colle-synthetique\\\/\",\"url\":\"https:\\\/\\\/penosil.com\\\/fr\\\/produit\\\/speedfix-universal-907-mastic-colle-synthetique\\\/\",\"name\":\"SpeedFix Universal 907 - Mastic colle synth\u00e9tique - Penosil France\",\"isPartOf\":{\"@id\":\"https:\\\/\\\/penosil.com\\\/fr\\\/#website\"},\"primaryImageOfPage\":{\"@id\":\"https:\\\/\\\/penosil.com\\\/fr\\\/produit\\\/speedfix-universal-907-mastic-colle-synthetique\\\/#primaryimage\"},\"image\":{\"@id\":\"https:\\\/\\\/penosil.com\\\/fr\\\/produit\\\/speedfix-universal-907-mastic-colle-synthetique\\\/#primaryimage\"},\"thumbnailUrl\":\"https:\\\/\\\/penosil.com\\\/fr\\\/wp-content\\\/uploads\\\/sites\\\/6\\\/2023\\\/05\\\/907_SpeedFix_Universal_907_FR.png\",\"datePublished\":\"2023-05-23T08:04:17+00:00\",\"dateModified\":\"2026-04-20T11:00:10+00:00\",\"description\":\"PENOSIL SpeedFix Universal 907 mastic colle synth\u00e9tique de haute prestation avec un tack initial \u00e9lev\u00e9, utilisable jusqu'\u00e0 -10\u00b0C. En savoir plus!\",\"breadcrumb\":{\"@id\":\"https:\\\/\\\/penosil.com\\\/fr\\\/produit\\\/speedfix-universal-907-mastic-colle-synthetique\\\/#breadcrumb\"},\"inLanguage\":\"fr-FR\",\"potentialAction\":[{\"@type\":\"ReadAction\",\"target\":[\"https:\\\/\\\/penosil.com\\\/fr\\\/produit\\\/speedfix-universal-907-mastic-colle-synthetique\\\/\"]}]},{\"@type\":\"ImageObject\",\"inLanguage\":\"fr-FR\",\"@id\":\"https:\\\/\\\/penosil.com\\\/fr\\\/produit\\\/speedfix-universal-907-mastic-colle-synthetique\\\/#primaryimage\",\"url\":\"https:\\\/\\\/penosil.com\\\/fr\\\/wp-content\\\/uploads\\\/sites\\\/6\\\/2023\\\/05\\\/907_SpeedFix_Universal_907_FR.png\",\"contentUrl\":\"https:\\\/\\\/penosil.com\\\/fr\\\/wp-content\\\/uploads\\\/sites\\\/6\\\/2023\\\/05\\\/907_SpeedFix_Universal_907_FR.png\",\"width\":387,\"height\":1080,\"caption\":\"Produit PENOSIL SpeedFix Universal 907\"},{\"@type\":\"BreadcrumbList\",\"@id\":\"https:\\\/\\\/penosil.com\\\/fr\\\/produit\\\/speedfix-universal-907-mastic-colle-synthetique\\\/#breadcrumb\",\"itemListElement\":[{\"@type\":\"ListItem\",\"position\":1,\"name\":\"Accueil\",\"item\":\"https:\\\/\\\/penosil.com\\\/fr\\\/\"},{\"@type\":\"ListItem\",\"position\":2,\"name\":\"Produits\",\"item\":\"https:\\\/\\\/penosil.com\\\/fr\\\/produits-penosil\\\/\"},{\"@type\":\"ListItem\",\"position\":3,\"name\":\"SpeedFix Universal 907\"}]},{\"@type\":\"WebSite\",\"@id\":\"https:\\\/\\\/penosil.com\\\/fr\\\/#website\",\"url\":\"https:\\\/\\\/penosil.com\\\/fr\\\/\",\"name\":\"Penosil France\",\"description\":\"\",\"potentialAction\":[{\"@type\":\"SearchAction\",\"target\":{\"@type\":\"EntryPoint\",\"urlTemplate\":\"https:\\\/\\\/penosil.com\\\/fr\\\/?s={search_term_string}\"},\"query-input\":{\"@type\":\"PropertyValueSpecification\",\"valueRequired\":true,\"valueName\":\"search_term_string\"}}],\"inLanguage\":\"fr-FR\"}]}<\/script>\n<!-- \/ Yoast SEO plugin. -->","yoast_head_json":{"title":"SpeedFix Universal 907 - Mastic colle synth\u00e9tique - Penosil France","description":"PENOSIL SpeedFix Universal 907 mastic colle synth\u00e9tique de haute prestation avec un tack initial \u00e9lev\u00e9, utilisable jusqu'\u00e0 -10\u00b0C. En savoir plus!","robots":{"index":"index","follow":"follow","max-snippet":"max-snippet:-1","max-image-preview":"max-image-preview:large","max-video-preview":"max-video-preview:-1"},"canonical":"https:\/\/penosil.com\/fr\/produit\/speedfix-universal-907-mastic-colle-synthetique\/","og_locale":"fr_FR","og_type":"article","og_title":"SpeedFix Universal 907 - Mastic colle synth\u00e9tique - Penosil France","og_description":"PENOSIL SpeedFix Universal 907 mastic colle synth\u00e9tique de haute prestation avec un tack initial \u00e9lev\u00e9, utilisable jusqu'\u00e0 -10\u00b0C. En savoir plus!","og_url":"https:\/\/penosil.com\/fr\/produit\/speedfix-universal-907-mastic-colle-synthetique\/","og_site_name":"Penosil France","article_modified_time":"2026-04-20T11:00:10+00:00","og_image":[{"width":387,"height":1080,"url":"https:\/\/penosil.com\/fr\/wp-content\/uploads\/sites\/6\/2023\/05\/907_SpeedFix_Universal_907_FR.png","type":"image\/png"}],"twitter_card":"summary_large_image","twitter_misc":{"Dur\u00e9e de lecture estim\u00e9e":"5 minutes"},"schema":{"@context":"https:\/\/schema.org","@graph":[{"@type":"WebPage","@id":"https:\/\/penosil.com\/fr\/produit\/speedfix-universal-907-mastic-colle-synthetique\/","url":"https:\/\/penosil.com\/fr\/produit\/speedfix-universal-907-mastic-colle-synthetique\/","name":"SpeedFix Universal 907 - Mastic colle synth\u00e9tique - Penosil France","isPartOf":{"@id":"https:\/\/penosil.com\/fr\/#website"},"primaryImageOfPage":{"@id":"https:\/\/penosil.com\/fr\/produit\/speedfix-universal-907-mastic-colle-synthetique\/#primaryimage"},"image":{"@id":"https:\/\/penosil.com\/fr\/produit\/speedfix-universal-907-mastic-colle-synthetique\/#primaryimage"},"thumbnailUrl":"https:\/\/penosil.com\/fr\/wp-content\/uploads\/sites\/6\/2023\/05\/907_SpeedFix_Universal_907_FR.png","datePublished":"2023-05-23T08:04:17+00:00","dateModified":"2026-04-20T11:00:10+00:00","description":"PENOSIL SpeedFix Universal 907 mastic colle synth\u00e9tique de haute prestation avec un tack initial \u00e9lev\u00e9, utilisable jusqu'\u00e0 -10\u00b0C. En savoir plus!","breadcrumb":{"@id":"https:\/\/penosil.com\/fr\/produit\/speedfix-universal-907-mastic-colle-synthetique\/#breadcrumb"},"inLanguage":"fr-FR","potentialAction":[{"@type":"ReadAction","target":["https:\/\/penosil.com\/fr\/produit\/speedfix-universal-907-mastic-colle-synthetique\/"]}]},{"@type":"ImageObject","inLanguage":"fr-FR","@id":"https:\/\/penosil.com\/fr\/produit\/speedfix-universal-907-mastic-colle-synthetique\/#primaryimage","url":"https:\/\/penosil.com\/fr\/wp-content\/uploads\/sites\/6\/2023\/05\/907_SpeedFix_Universal_907_FR.png","contentUrl":"https:\/\/penosil.com\/fr\/wp-content\/uploads\/sites\/6\/2023\/05\/907_SpeedFix_Universal_907_FR.png","width":387,"height":1080,"caption":"Produit PENOSIL SpeedFix Universal 907"},{"@type":"BreadcrumbList","@id":"https:\/\/penosil.com\/fr\/produit\/speedfix-universal-907-mastic-colle-synthetique\/#breadcrumb","itemListElement":[{"@type":"ListItem","position":1,"name":"Accueil","item":"https:\/\/penosil.com\/fr\/"},{"@type":"ListItem","position":2,"name":"Produits","item":"https:\/\/penosil.com\/fr\/produits-penosil\/"},{"@type":"ListItem","position":3,"name":"SpeedFix Universal 907"}]},{"@type":"WebSite","@id":"https:\/\/penosil.com\/fr\/#website","url":"https:\/\/penosil.com\/fr\/","name":"Penosil France","description":"","potentialAction":[{"@type":"SearchAction","target":{"@type":"EntryPoint","urlTemplate":"https:\/\/penosil.com\/fr\/?s={search_term_string}"},"query-input":{"@type":"PropertyValueSpecification","valueRequired":true,"valueName":"search_term_string"}}],"inLanguage":"fr-FR"}]}},"featured_img":"https:\/\/penosil.com\/fr\/wp-content\/uploads\/sites\/6\/2023\/05\/907_SpeedFix_Universal_907_FR.png","coauthors":[],"author_meta":{"author_link":"https:\/\/penosil.com\/fr\/author\/armand\/","display_name":"armand"},"relative_dates":{"created":"Publi\u00e9 3 ans il y a","modified":"Mis \u00e0 jour 6 heures il y a"},"absolute_dates":{"created":"Publi\u00e9 le 23 mai 2023","modified":"Mise \u00e0 jour le 20 avril 2026"},"absolute_dates_time":{"created":"Publi\u00e9 le 23 mai 2023 8h04","modified":"Mise \u00e0 jour le 20 avril 2026 11h00"},"featured_img_caption":"Produit PENOSIL SpeedFix Universal 907","tax_additional":{"product_brand":{"linked":[],"unlinked":[],"slug":"product_brand","name":"Marques"},"product_type":{"linked":["<a href=\"https:\/\/penosil.com\/fr\/?taxonomy=product_type&#038;term=simple\" class=\"advgb-post-tax-term\">simple<\/a>"],"unlinked":["<span class=\"advgb-post-tax-term\">simple<\/span>"],"slug":"product_type","name":"Type de produit"},"product_visibility":{"linked":[],"unlinked":[],"slug":"product_visibility","name":"Visibilit\u00e9 du produit"},"product_cat":{"linked":["<a href=\"https:\/\/penosil.com\/fr\/categorie-produit\/categories-de-produits\/adhesifs\/\" class=\"advgb-post-tax-term\">Adh\u00e9sifs<\/a>","<a href=\"https:\/\/penosil.com\/fr\/categorie-produit\/domaines-dapplication\/collage\/\" class=\"advgb-post-tax-term\">Collage<\/a>"],"unlinked":["<span class=\"advgb-post-tax-term\">Adh\u00e9sifs<\/span>","<span class=\"advgb-post-tax-term\">Collage<\/span>"],"slug":"product_cat","name":"Cat\u00e9gories de produits"},"product_tag":{"linked":[],"unlinked":[],"slug":"product_tag","name":"\u00c9tiquettes produit"},"product_shipping_class":{"linked":[],"unlinked":[],"slug":"product_shipping_class","name":"Classe d\u2019exp\u00e9dition du produit"},"pos_product_visibility":{"linked":[],"unlinked":[],"slug":"pos_product_visibility","name":"Visibilit\u00e9 du produit sur le point de vente"},"pa_couleur":{"linked":["<a href=\"https:\/\/penosil.com\/fr\/?taxonomy=pa_couleur&#038;term=beige\" class=\"advgb-post-tax-term\">Beige<\/a>"],"unlinked":["<span class=\"advgb-post-tax-term\">Beige<\/span>"],"slug":"pa_couleur","name":"Product Couleur"},"pa_emballage":{"linked":["<a href=\"https:\/\/penosil.com\/fr\/?taxonomy=pa_emballage&#038;term=354-g\" class=\"advgb-post-tax-term\">354 g<\/a>"],"unlinked":["<span class=\"advgb-post-tax-term\">354 g<\/span>"],"slug":"pa_emballage","name":"Product Emballage"},"translation_priority":{"linked":["<a href=\"https:\/\/penosil.com\/fr\/?taxonomy=translation_priority&#038;term=facultatif\" class=\"advgb-post-tax-term\">Facultatif<\/a>"],"unlinked":["<span class=\"advgb-post-tax-term\">Facultatif<\/span>"],"slug":"translation_priority","name":"Priorit\u00e9s de traduction"}},"series_order":"","_links":{"self":[{"href":"https:\/\/penosil.com\/fr\/wp-json\/wp\/v2\/product\/9124","targetHints":{"allow":["GET"]}}],"collection":[{"href":"https:\/\/penosil.com\/fr\/wp-json\/wp\/v2\/product"}],"about":[{"href":"https:\/\/penosil.com\/fr\/wp-json\/wp\/v2\/types\/product"}],"version-history":[{"count":8,"href":"https:\/\/penosil.com\/fr\/wp-json\/wp\/v2\/product\/9124\/revisions"}],"predecessor-version":[{"id":12226,"href":"https:\/\/penosil.com\/fr\/wp-json\/wp\/v2\/product\/9124\/revisions\/12226"}],"wp:featuredmedia":[{"embeddable":true,"href":"https:\/\/penosil.com\/fr\/wp-json\/wp\/v2\/media\/12163"}],"wp:attachment":[{"href":"https:\/\/penosil.com\/fr\/wp-json\/wp\/v2\/media?parent=9124"}],"wp:term":[{"taxonomy":"product_brand","embeddable":true,"href":"https:\/\/penosil.com\/fr\/wp-json\/wp\/v2\/product_brand?post=9124"},{"taxonomy":"product_cat","embeddable":true,"href":"https:\/\/penosil.com\/fr\/wp-json\/wp\/v2\/product_cat?post=9124"},{"taxonomy":"product_tag","embeddable":true,"href":"https:\/\/penosil.com\/fr\/wp-json\/wp\/v2\/product_tag?post=9124"}],"curies":[{"name":"wp","href":"https:\/\/api.w.org\/{rel}","templated":true}]}}