{"id":9132,"date":"2024-02-07T10:24:45","date_gmt":"2024-02-07T10:24:45","guid":{"rendered":"https:\/\/penosil.com\/fr\/?post_type=product&#038;p=9132"},"modified":"2026-04-18T23:00:12","modified_gmt":"2026-04-18T23:00:12","slug":"speedfix-clear-909-colle-elastique","status":"publish","type":"product","link":"https:\/\/penosil.com\/fr\/produit\/speedfix-clear-909-colle-elastique\/","title":{"rendered":"SpeedFix Clear 909"},"content":{"rendered":"<p>Colle \u00e9lastique de montage transparent \u00e0 haute r\u00e9sistance, capable de remplir et de coller une large gamme de supports. Utilisation facile. Id\u00e9al pour toutes sortes de fixations dans le secteur de la construction.<\/p>\n","protected":false},"excerpt":{"rendered":"Colle \u00e9lastique de montage transparent \u00e0 haute r\u00e9sistance, capable de remplir et de coller une large gamme de supports. Utilisation facile. Id\u00e9al pour toutes sortes de fixations dans le secteur de la construction.","protected":false},"author":24,"featured_media":12189,"template":"","meta":{"_acf_changed":false,"advgb_blocks_editor_width":"","advgb_blocks_columns_visual_guide":"","footnotes":""},"product_brand":[],"product_cat":[1379,349],"product_tag":[],"class_list":{"0":"post-9132","1":"product","2":"type-product","3":"status-publish","4":"has-post-thumbnail","6":"product_cat-adhesifs","7":"product_cat-collage","9":"first","10":"outofstock","11":"taxable","12":"shipping-taxable","13":"purchasable","14":"product-type-simple"},"acf":[],"yoast_head":"<!-- This site is optimized with the Yoast SEO plugin v27.4 - https:\/\/yoast.com\/product\/yoast-seo-wordpress\/ -->\n<title>SpeedFix Clear 909 - Colle \u00e9lastique - Penosil France<\/title>\n<meta name=\"description\" content=\"PENOSIL SpeedFix Clear 909 colle \u00e9lastique transparent \u00e0 haute r\u00e9sistance, capable de remplir et de coller une large gamme de supports. En savoir plus!\" \/>\n<meta name=\"robots\" content=\"index, follow, max-snippet:-1, max-image-preview:large, max-video-preview:-1\" \/>\n<link rel=\"canonical\" href=\"https:\/\/penosil.com\/fr\/produit\/speedfix-clear-909-colle-elastique\/\" \/>\n<meta property=\"og:locale\" content=\"fr_FR\" \/>\n<meta property=\"og:type\" content=\"article\" \/>\n<meta property=\"og:title\" content=\"SpeedFix Clear 909 - Colle \u00e9lastique - Penosil France\" \/>\n<meta property=\"og:description\" content=\"PENOSIL SpeedFix Clear 909 colle \u00e9lastique transparent \u00e0 haute r\u00e9sistance, capable de remplir et de coller une large gamme de supports. En savoir plus!\" \/>\n<meta property=\"og:url\" content=\"https:\/\/penosil.com\/fr\/produit\/speedfix-clear-909-colle-elastique\/\" \/>\n<meta property=\"og:site_name\" content=\"Penosil France\" \/>\n<meta property=\"article:modified_time\" content=\"2026-04-18T23:00:12+00:00\" \/>\n<meta property=\"og:image\" content=\"https:\/\/penosil.com\/fr\/wp-content\/uploads\/sites\/6\/2024\/02\/909_SpeedFix_Clear_909_FR.png\" \/>\n\t<meta property=\"og:image:width\" content=\"387\" \/>\n\t<meta property=\"og:image:height\" content=\"1080\" \/>\n\t<meta property=\"og:image:type\" content=\"image\/png\" \/>\n<meta name=\"twitter:card\" content=\"summary_large_image\" \/>\n<meta name=\"twitter:label1\" content=\"Dur\u00e9e de lecture estim\u00e9e\" \/>\n\t<meta name=\"twitter:data1\" content=\"5 minutes\" \/>\n<script type=\"application\/ld+json\" class=\"yoast-schema-graph\">{\"@context\":\"https:\\\/\\\/schema.org\",\"@graph\":[{\"@type\":\"WebPage\",\"@id\":\"https:\\\/\\\/penosil.com\\\/fr\\\/produit\\\/speedfix-clear-909-colle-elastique\\\/\",\"url\":\"https:\\\/\\\/penosil.com\\\/fr\\\/produit\\\/speedfix-clear-909-colle-elastique\\\/\",\"name\":\"SpeedFix Clear 909 - Colle \u00e9lastique - Penosil France\",\"isPartOf\":{\"@id\":\"https:\\\/\\\/penosil.com\\\/fr\\\/#website\"},\"primaryImageOfPage\":{\"@id\":\"https:\\\/\\\/penosil.com\\\/fr\\\/produit\\\/speedfix-clear-909-colle-elastique\\\/#primaryimage\"},\"image\":{\"@id\":\"https:\\\/\\\/penosil.com\\\/fr\\\/produit\\\/speedfix-clear-909-colle-elastique\\\/#primaryimage\"},\"thumbnailUrl\":\"https:\\\/\\\/penosil.com\\\/fr\\\/wp-content\\\/uploads\\\/sites\\\/6\\\/2024\\\/02\\\/909_SpeedFix_Clear_909_FR.png\",\"datePublished\":\"2024-02-07T10:24:45+00:00\",\"dateModified\":\"2026-04-18T23:00:12+00:00\",\"description\":\"PENOSIL SpeedFix Clear 909 colle \u00e9lastique transparent \u00e0 haute r\u00e9sistance, capable de remplir et de coller une large gamme de supports. En savoir plus!\",\"breadcrumb\":{\"@id\":\"https:\\\/\\\/penosil.com\\\/fr\\\/produit\\\/speedfix-clear-909-colle-elastique\\\/#breadcrumb\"},\"inLanguage\":\"fr-FR\",\"potentialAction\":[{\"@type\":\"ReadAction\",\"target\":[\"https:\\\/\\\/penosil.com\\\/fr\\\/produit\\\/speedfix-clear-909-colle-elastique\\\/\"]}]},{\"@type\":\"ImageObject\",\"inLanguage\":\"fr-FR\",\"@id\":\"https:\\\/\\\/penosil.com\\\/fr\\\/produit\\\/speedfix-clear-909-colle-elastique\\\/#primaryimage\",\"url\":\"https:\\\/\\\/penosil.com\\\/fr\\\/wp-content\\\/uploads\\\/sites\\\/6\\\/2024\\\/02\\\/909_SpeedFix_Clear_909_FR.png\",\"contentUrl\":\"https:\\\/\\\/penosil.com\\\/fr\\\/wp-content\\\/uploads\\\/sites\\\/6\\\/2024\\\/02\\\/909_SpeedFix_Clear_909_FR.png\",\"width\":387,\"height\":1080,\"caption\":\"Cartouche de Penosil SpeedFix Clear 909\"},{\"@type\":\"BreadcrumbList\",\"@id\":\"https:\\\/\\\/penosil.com\\\/fr\\\/produit\\\/speedfix-clear-909-colle-elastique\\\/#breadcrumb\",\"itemListElement\":[{\"@type\":\"ListItem\",\"position\":1,\"name\":\"Accueil\",\"item\":\"https:\\\/\\\/penosil.com\\\/fr\\\/\"},{\"@type\":\"ListItem\",\"position\":2,\"name\":\"Produits\",\"item\":\"https:\\\/\\\/penosil.com\\\/fr\\\/produits-penosil\\\/\"},{\"@type\":\"ListItem\",\"position\":3,\"name\":\"SpeedFix Clear 909\"}]},{\"@type\":\"WebSite\",\"@id\":\"https:\\\/\\\/penosil.com\\\/fr\\\/#website\",\"url\":\"https:\\\/\\\/penosil.com\\\/fr\\\/\",\"name\":\"Penosil France\",\"description\":\"\",\"potentialAction\":[{\"@type\":\"SearchAction\",\"target\":{\"@type\":\"EntryPoint\",\"urlTemplate\":\"https:\\\/\\\/penosil.com\\\/fr\\\/?s={search_term_string}\"},\"query-input\":{\"@type\":\"PropertyValueSpecification\",\"valueRequired\":true,\"valueName\":\"search_term_string\"}}],\"inLanguage\":\"fr-FR\"}]}<\/script>\n<!-- \/ Yoast SEO plugin. -->","yoast_head_json":{"title":"SpeedFix Clear 909 - Colle \u00e9lastique - Penosil France","description":"PENOSIL SpeedFix Clear 909 colle \u00e9lastique transparent \u00e0 haute r\u00e9sistance, capable de remplir et de coller une large gamme de supports. En savoir plus!","robots":{"index":"index","follow":"follow","max-snippet":"max-snippet:-1","max-image-preview":"max-image-preview:large","max-video-preview":"max-video-preview:-1"},"canonical":"https:\/\/penosil.com\/fr\/produit\/speedfix-clear-909-colle-elastique\/","og_locale":"fr_FR","og_type":"article","og_title":"SpeedFix Clear 909 - Colle \u00e9lastique - Penosil France","og_description":"PENOSIL SpeedFix Clear 909 colle \u00e9lastique transparent \u00e0 haute r\u00e9sistance, capable de remplir et de coller une large gamme de supports. En savoir plus!","og_url":"https:\/\/penosil.com\/fr\/produit\/speedfix-clear-909-colle-elastique\/","og_site_name":"Penosil France","article_modified_time":"2026-04-18T23:00:12+00:00","og_image":[{"width":387,"height":1080,"url":"https:\/\/penosil.com\/fr\/wp-content\/uploads\/sites\/6\/2024\/02\/909_SpeedFix_Clear_909_FR.png","type":"image\/png"}],"twitter_card":"summary_large_image","twitter_misc":{"Dur\u00e9e de lecture estim\u00e9e":"5 minutes"},"schema":{"@context":"https:\/\/schema.org","@graph":[{"@type":"WebPage","@id":"https:\/\/penosil.com\/fr\/produit\/speedfix-clear-909-colle-elastique\/","url":"https:\/\/penosil.com\/fr\/produit\/speedfix-clear-909-colle-elastique\/","name":"SpeedFix Clear 909 - Colle \u00e9lastique - Penosil France","isPartOf":{"@id":"https:\/\/penosil.com\/fr\/#website"},"primaryImageOfPage":{"@id":"https:\/\/penosil.com\/fr\/produit\/speedfix-clear-909-colle-elastique\/#primaryimage"},"image":{"@id":"https:\/\/penosil.com\/fr\/produit\/speedfix-clear-909-colle-elastique\/#primaryimage"},"thumbnailUrl":"https:\/\/penosil.com\/fr\/wp-content\/uploads\/sites\/6\/2024\/02\/909_SpeedFix_Clear_909_FR.png","datePublished":"2024-02-07T10:24:45+00:00","dateModified":"2026-04-18T23:00:12+00:00","description":"PENOSIL SpeedFix Clear 909 colle \u00e9lastique transparent \u00e0 haute r\u00e9sistance, capable de remplir et de coller une large gamme de supports. En savoir plus!","breadcrumb":{"@id":"https:\/\/penosil.com\/fr\/produit\/speedfix-clear-909-colle-elastique\/#breadcrumb"},"inLanguage":"fr-FR","potentialAction":[{"@type":"ReadAction","target":["https:\/\/penosil.com\/fr\/produit\/speedfix-clear-909-colle-elastique\/"]}]},{"@type":"ImageObject","inLanguage":"fr-FR","@id":"https:\/\/penosil.com\/fr\/produit\/speedfix-clear-909-colle-elastique\/#primaryimage","url":"https:\/\/penosil.com\/fr\/wp-content\/uploads\/sites\/6\/2024\/02\/909_SpeedFix_Clear_909_FR.png","contentUrl":"https:\/\/penosil.com\/fr\/wp-content\/uploads\/sites\/6\/2024\/02\/909_SpeedFix_Clear_909_FR.png","width":387,"height":1080,"caption":"Cartouche de Penosil SpeedFix Clear 909"},{"@type":"BreadcrumbList","@id":"https:\/\/penosil.com\/fr\/produit\/speedfix-clear-909-colle-elastique\/#breadcrumb","itemListElement":[{"@type":"ListItem","position":1,"name":"Accueil","item":"https:\/\/penosil.com\/fr\/"},{"@type":"ListItem","position":2,"name":"Produits","item":"https:\/\/penosil.com\/fr\/produits-penosil\/"},{"@type":"ListItem","position":3,"name":"SpeedFix Clear 909"}]},{"@type":"WebSite","@id":"https:\/\/penosil.com\/fr\/#website","url":"https:\/\/penosil.com\/fr\/","name":"Penosil France","description":"","potentialAction":[{"@type":"SearchAction","target":{"@type":"EntryPoint","urlTemplate":"https:\/\/penosil.com\/fr\/?s={search_term_string}"},"query-input":{"@type":"PropertyValueSpecification","valueRequired":true,"valueName":"search_term_string"}}],"inLanguage":"fr-FR"}]}},"featured_img":"https:\/\/penosil.com\/fr\/wp-content\/uploads\/sites\/6\/2024\/02\/909_SpeedFix_Clear_909_FR.png","coauthors":[],"author_meta":{"author_link":"https:\/\/penosil.com\/fr\/author\/armand\/","display_name":"armand"},"relative_dates":{"created":"Publi\u00e9 2 ans il y a","modified":"Mis \u00e0 jour 2 jours il y a"},"absolute_dates":{"created":"Publi\u00e9 le 7 f\u00e9vrier 2024","modified":"Mise \u00e0 jour le 18 avril 2026"},"absolute_dates_time":{"created":"Publi\u00e9 le 7 f\u00e9vrier 2024 10h24","modified":"Mise \u00e0 jour le 18 avril 2026 23h00"},"featured_img_caption":"Cartouche de Penosil SpeedFix Clear 909","tax_additional":{"product_brand":{"linked":[],"unlinked":[],"slug":"product_brand","name":"Marques"},"product_type":{"linked":["<a href=\"https:\/\/penosil.com\/fr\/?taxonomy=product_type&#038;term=simple\" class=\"advgb-post-tax-term\">simple<\/a>"],"unlinked":["<span class=\"advgb-post-tax-term\">simple<\/span>"],"slug":"product_type","name":"Type de produit"},"product_visibility":{"linked":["<a href=\"https:\/\/penosil.com\/fr\/en\/?taxonomy=product_visibility&#038;term=outofstock\" class=\"advgb-post-tax-term\">outofstock<\/a>"],"unlinked":["<span class=\"advgb-post-tax-term\">outofstock<\/span>"],"slug":"product_visibility","name":"Visibilit\u00e9 du produit"},"product_cat":{"linked":["<a href=\"https:\/\/penosil.com\/fr\/categorie-produit\/categories-de-produits\/adhesifs\/\" class=\"advgb-post-tax-term\">Adh\u00e9sifs<\/a>","<a href=\"https:\/\/penosil.com\/fr\/categorie-produit\/domaines-dapplication\/collage\/\" class=\"advgb-post-tax-term\">Collage<\/a>"],"unlinked":["<span class=\"advgb-post-tax-term\">Adh\u00e9sifs<\/span>","<span class=\"advgb-post-tax-term\">Collage<\/span>"],"slug":"product_cat","name":"Cat\u00e9gories de produits"},"product_tag":{"linked":[],"unlinked":[],"slug":"product_tag","name":"\u00c9tiquettes produit"},"product_shipping_class":{"linked":[],"unlinked":[],"slug":"product_shipping_class","name":"Classe d\u2019exp\u00e9dition du produit"},"pos_product_visibility":{"linked":[],"unlinked":[],"slug":"pos_product_visibility","name":"Visibilit\u00e9 du produit sur le point de vente"},"pa_couleur":{"linked":["<a href=\"https:\/\/penosil.com\/fr\/en\/?taxonomy=pa_couleur&#038;term=transparent\" class=\"advgb-post-tax-term\">Transparent<\/a>"],"unlinked":["<span class=\"advgb-post-tax-term\">Transparent<\/span>"],"slug":"pa_couleur","name":"Product Couleur"},"pa_emballage":{"linked":["<a href=\"https:\/\/penosil.com\/fr\/?taxonomy=pa_emballage&#038;term=290-ml\" class=\"advgb-post-tax-term\">290 ml<\/a>"],"unlinked":["<span class=\"advgb-post-tax-term\">290 ml<\/span>"],"slug":"pa_emballage","name":"Product Emballage"},"translation_priority":{"linked":["<a href=\"https:\/\/penosil.com\/fr\/?taxonomy=translation_priority&#038;term=facultatif\" class=\"advgb-post-tax-term\">Facultatif<\/a>"],"unlinked":["<span class=\"advgb-post-tax-term\">Facultatif<\/span>"],"slug":"translation_priority","name":"Priorit\u00e9s de traduction"}},"series_order":"","_links":{"self":[{"href":"https:\/\/penosil.com\/fr\/wp-json\/wp\/v2\/product\/9132","targetHints":{"allow":["GET"]}}],"collection":[{"href":"https:\/\/penosil.com\/fr\/wp-json\/wp\/v2\/product"}],"about":[{"href":"https:\/\/penosil.com\/fr\/wp-json\/wp\/v2\/types\/product"}],"version-history":[{"count":5,"href":"https:\/\/penosil.com\/fr\/wp-json\/wp\/v2\/product\/9132\/revisions"}],"predecessor-version":[{"id":12221,"href":"https:\/\/penosil.com\/fr\/wp-json\/wp\/v2\/product\/9132\/revisions\/12221"}],"wp:featuredmedia":[{"embeddable":true,"href":"https:\/\/penosil.com\/fr\/wp-json\/wp\/v2\/media\/12189"}],"wp:attachment":[{"href":"https:\/\/penosil.com\/fr\/wp-json\/wp\/v2\/media?parent=9132"}],"wp:term":[{"taxonomy":"product_brand","embeddable":true,"href":"https:\/\/penosil.com\/fr\/wp-json\/wp\/v2\/product_brand?post=9132"},{"taxonomy":"product_cat","embeddable":true,"href":"https:\/\/penosil.com\/fr\/wp-json\/wp\/v2\/product_cat?post=9132"},{"taxonomy":"product_tag","embeddable":true,"href":"https:\/\/penosil.com\/fr\/wp-json\/wp\/v2\/product_tag?post=9132"}],"curies":[{"name":"wp","href":"https:\/\/api.w.org\/{rel}","templated":true}]}}