{"id":9174,"date":"2023-07-11T06:54:18","date_gmt":"2023-07-11T06:54:18","guid":{"rendered":"https:\/\/penosil.com\/fr\/?post_type=product&#038;p=9174"},"modified":"2026-04-15T11:00:09","modified_gmt":"2026-04-15T11:00:09","slug":"penosil-pu-sealant-hm-840-mastic-colle-polyurethane","status":"publish","type":"product","link":"https:\/\/penosil.com\/fr\/produit\/penosil-pu-sealant-hm-840-mastic-colle-polyurethane\/","title":{"rendered":"PU-Sealant HM 840"},"content":{"rendered":"<p>Mastic colle polyur\u00e9thane de haute qualit\u00e9 durcissant \u00e0 l\u2019humidit\u00e9 avec un module d\u2019\u00e9lasticit\u00e9 \u00e9lev\u00e9, haute r\u00e9sistance \u00e0 la charge m\u00e9canique. R\u00e9sistant \u00e0 l\u2019eau, aux agents de nettoyage, aux huiles, aux acides et alcalis dilu\u00e9s. \u00c9tanch\u00e9it\u00e9 int\u00e9rieure et ext\u00e9rieure.<\/p>\n","protected":false},"excerpt":{"rendered":"Mastic colle polyur\u00e9thane de haute qualit\u00e9 durcissant \u00e0 l\u2019humidit\u00e9 avec un module d\u2019\u00e9lasticit\u00e9 \u00e9lev\u00e9, haute r\u00e9sistance \u00e0 la charge m\u00e9canique. R\u00e9sistant \u00e0 l\u2019eau, aux agents de nettoyage, aux huiles, aux acides et alcalis dilu\u00e9s. \u00c9tanch\u00e9it\u00e9 int\u00e9rieure et ext\u00e9rieure.","protected":false},"author":24,"featured_media":11379,"template":"","meta":{"_acf_changed":false,"advgb_blocks_editor_width":"","advgb_blocks_columns_visual_guide":"","footnotes":""},"product_brand":[],"product_cat":[330,1357,2306,1074,1601],"product_tag":[],"class_list":{"0":"post-9174","1":"product","2":"type-product","3":"status-publish","4":"has-post-thumbnail","6":"product_cat-domaines-dapplication","7":"product_cat-categories-de-produits","8":"product_cat-mastics-pu","9":"product_cat-toitures-et-facades","10":"product_cat-mastics-detancheites","12":"first","13":"instock","14":"taxable","15":"shipping-taxable","16":"purchasable","17":"product-type-simple"},"acf":[],"yoast_head":"<!-- This site is optimized with the Yoast SEO plugin v27.2 - https:\/\/yoast.com\/product\/yoast-seo-wordpress\/ -->\n<title>PU-Sealant HM 840 - Mastic colle polyur\u00e9thane - Penosil France<\/title>\n<meta name=\"description\" content=\"PENOSIL PU-Sealant HM 840 mastic polyur\u00e9thane, colle de haute qualit\u00e9 durcissant \u00e0 l\u2019humidit\u00e9 avec un module d\u2019\u00e9lasticit\u00e9 \u00e9lev\u00e9. En savoir plus!\" \/>\n<meta name=\"robots\" content=\"index, follow, max-snippet:-1, max-image-preview:large, max-video-preview:-1\" \/>\n<link rel=\"canonical\" href=\"https:\/\/penosil.com\/fr\/produit\/penosil-pu-sealant-hm-840-mastic-colle-polyurethane\/\" \/>\n<meta property=\"og:locale\" content=\"fr_FR\" \/>\n<meta property=\"og:type\" content=\"article\" \/>\n<meta property=\"og:title\" content=\"PU-Sealant HM 840 - Mastic colle polyur\u00e9thane - Penosil France\" \/>\n<meta property=\"og:description\" content=\"PENOSIL PU-Sealant HM 840 mastic polyur\u00e9thane, colle de haute qualit\u00e9 durcissant \u00e0 l\u2019humidit\u00e9 avec un module d\u2019\u00e9lasticit\u00e9 \u00e9lev\u00e9. En savoir plus!\" \/>\n<meta property=\"og:url\" content=\"https:\/\/penosil.com\/fr\/produit\/penosil-pu-sealant-hm-840-mastic-colle-polyurethane\/\" \/>\n<meta property=\"og:site_name\" content=\"Penosil France\" \/>\n<meta property=\"article:modified_time\" content=\"2026-04-15T11:00:09+00:00\" \/>\n<meta property=\"og:image\" content=\"https:\/\/penosil.com\/fr\/wp-content\/uploads\/sites\/6\/2025\/05\/840_PU_Sealant_HM_840.png\" \/>\n\t<meta property=\"og:image:width\" content=\"387\" \/>\n\t<meta property=\"og:image:height\" content=\"1080\" \/>\n\t<meta property=\"og:image:type\" content=\"image\/png\" \/>\n<meta name=\"twitter:card\" content=\"summary_large_image\" \/>\n<meta name=\"twitter:label1\" content=\"Dur\u00e9e de lecture estim\u00e9e\" \/>\n\t<meta name=\"twitter:data1\" content=\"4 minutes\" \/>\n<script type=\"application\/ld+json\" class=\"yoast-schema-graph\">{\"@context\":\"https:\/\/schema.org\",\"@graph\":[{\"@type\":\"WebPage\",\"@id\":\"https:\/\/penosil.com\/fr\/produit\/penosil-pu-sealant-hm-840-mastic-colle-polyurethane\/\",\"url\":\"https:\/\/penosil.com\/fr\/produit\/penosil-pu-sealant-hm-840-mastic-colle-polyurethane\/\",\"name\":\"PU-Sealant HM 840 - Mastic colle polyur\u00e9thane - Penosil France\",\"isPartOf\":{\"@id\":\"https:\/\/penosil.com\/fr\/#website\"},\"primaryImageOfPage\":{\"@id\":\"https:\/\/penosil.com\/fr\/produit\/penosil-pu-sealant-hm-840-mastic-colle-polyurethane\/#primaryimage\"},\"image\":{\"@id\":\"https:\/\/penosil.com\/fr\/produit\/penosil-pu-sealant-hm-840-mastic-colle-polyurethane\/#primaryimage\"},\"thumbnailUrl\":\"https:\/\/penosil.com\/fr\/wp-content\/uploads\/sites\/6\/2025\/05\/840_PU_Sealant_HM_840.png\",\"datePublished\":\"2023-07-11T06:54:18+00:00\",\"dateModified\":\"2026-04-15T11:00:09+00:00\",\"description\":\"PENOSIL PU-Sealant HM 840 mastic polyur\u00e9thane, colle de haute qualit\u00e9 durcissant \u00e0 l\u2019humidit\u00e9 avec un module d\u2019\u00e9lasticit\u00e9 \u00e9lev\u00e9. En savoir plus!\",\"breadcrumb\":{\"@id\":\"https:\/\/penosil.com\/fr\/produit\/penosil-pu-sealant-hm-840-mastic-colle-polyurethane\/#breadcrumb\"},\"inLanguage\":\"fr-FR\",\"potentialAction\":[{\"@type\":\"ReadAction\",\"target\":[\"https:\/\/penosil.com\/fr\/produit\/penosil-pu-sealant-hm-840-mastic-colle-polyurethane\/\"]}]},{\"@type\":\"ImageObject\",\"inLanguage\":\"fr-FR\",\"@id\":\"https:\/\/penosil.com\/fr\/produit\/penosil-pu-sealant-hm-840-mastic-colle-polyurethane\/#primaryimage\",\"url\":\"https:\/\/penosil.com\/fr\/wp-content\/uploads\/sites\/6\/2025\/05\/840_PU_Sealant_HM_840.png\",\"contentUrl\":\"https:\/\/penosil.com\/fr\/wp-content\/uploads\/sites\/6\/2025\/05\/840_PU_Sealant_HM_840.png\",\"width\":387,\"height\":1080,\"caption\":\"Produit PENOSIL PU Sealant HM 840\"},{\"@type\":\"BreadcrumbList\",\"@id\":\"https:\/\/penosil.com\/fr\/produit\/penosil-pu-sealant-hm-840-mastic-colle-polyurethane\/#breadcrumb\",\"itemListElement\":[{\"@type\":\"ListItem\",\"position\":1,\"name\":\"Accueil\",\"item\":\"https:\/\/penosil.com\/fr\/\"},{\"@type\":\"ListItem\",\"position\":2,\"name\":\"Produits\",\"item\":\"https:\/\/penosil.com\/fr\/produits-penosil\/\"},{\"@type\":\"ListItem\",\"position\":3,\"name\":\"PU-Sealant HM 840\"}]},{\"@type\":\"WebSite\",\"@id\":\"https:\/\/penosil.com\/fr\/#website\",\"url\":\"https:\/\/penosil.com\/fr\/\",\"name\":\"Penosil France\",\"description\":\"\",\"potentialAction\":[{\"@type\":\"SearchAction\",\"target\":{\"@type\":\"EntryPoint\",\"urlTemplate\":\"https:\/\/penosil.com\/fr\/?s={search_term_string}\"},\"query-input\":{\"@type\":\"PropertyValueSpecification\",\"valueRequired\":true,\"valueName\":\"search_term_string\"}}],\"inLanguage\":\"fr-FR\"}]}<\/script>\n<!-- \/ Yoast SEO plugin. -->","yoast_head_json":{"title":"PU-Sealant HM 840 - Mastic colle polyur\u00e9thane - Penosil France","description":"PENOSIL PU-Sealant HM 840 mastic polyur\u00e9thane, colle de haute qualit\u00e9 durcissant \u00e0 l\u2019humidit\u00e9 avec un module d\u2019\u00e9lasticit\u00e9 \u00e9lev\u00e9. En savoir plus!","robots":{"index":"index","follow":"follow","max-snippet":"max-snippet:-1","max-image-preview":"max-image-preview:large","max-video-preview":"max-video-preview:-1"},"canonical":"https:\/\/penosil.com\/fr\/produit\/penosil-pu-sealant-hm-840-mastic-colle-polyurethane\/","og_locale":"fr_FR","og_type":"article","og_title":"PU-Sealant HM 840 - Mastic colle polyur\u00e9thane - Penosil France","og_description":"PENOSIL PU-Sealant HM 840 mastic polyur\u00e9thane, colle de haute qualit\u00e9 durcissant \u00e0 l\u2019humidit\u00e9 avec un module d\u2019\u00e9lasticit\u00e9 \u00e9lev\u00e9. En savoir plus!","og_url":"https:\/\/penosil.com\/fr\/produit\/penosil-pu-sealant-hm-840-mastic-colle-polyurethane\/","og_site_name":"Penosil France","article_modified_time":"2026-04-15T11:00:09+00:00","og_image":[{"width":387,"height":1080,"url":"https:\/\/penosil.com\/fr\/wp-content\/uploads\/sites\/6\/2025\/05\/840_PU_Sealant_HM_840.png","type":"image\/png"}],"twitter_card":"summary_large_image","twitter_misc":{"Dur\u00e9e de lecture estim\u00e9e":"4 minutes"},"schema":{"@context":"https:\/\/schema.org","@graph":[{"@type":"WebPage","@id":"https:\/\/penosil.com\/fr\/produit\/penosil-pu-sealant-hm-840-mastic-colle-polyurethane\/","url":"https:\/\/penosil.com\/fr\/produit\/penosil-pu-sealant-hm-840-mastic-colle-polyurethane\/","name":"PU-Sealant HM 840 - Mastic colle polyur\u00e9thane - Penosil France","isPartOf":{"@id":"https:\/\/penosil.com\/fr\/#website"},"primaryImageOfPage":{"@id":"https:\/\/penosil.com\/fr\/produit\/penosil-pu-sealant-hm-840-mastic-colle-polyurethane\/#primaryimage"},"image":{"@id":"https:\/\/penosil.com\/fr\/produit\/penosil-pu-sealant-hm-840-mastic-colle-polyurethane\/#primaryimage"},"thumbnailUrl":"https:\/\/penosil.com\/fr\/wp-content\/uploads\/sites\/6\/2025\/05\/840_PU_Sealant_HM_840.png","datePublished":"2023-07-11T06:54:18+00:00","dateModified":"2026-04-15T11:00:09+00:00","description":"PENOSIL PU-Sealant HM 840 mastic polyur\u00e9thane, colle de haute qualit\u00e9 durcissant \u00e0 l\u2019humidit\u00e9 avec un module d\u2019\u00e9lasticit\u00e9 \u00e9lev\u00e9. En savoir plus!","breadcrumb":{"@id":"https:\/\/penosil.com\/fr\/produit\/penosil-pu-sealant-hm-840-mastic-colle-polyurethane\/#breadcrumb"},"inLanguage":"fr-FR","potentialAction":[{"@type":"ReadAction","target":["https:\/\/penosil.com\/fr\/produit\/penosil-pu-sealant-hm-840-mastic-colle-polyurethane\/"]}]},{"@type":"ImageObject","inLanguage":"fr-FR","@id":"https:\/\/penosil.com\/fr\/produit\/penosil-pu-sealant-hm-840-mastic-colle-polyurethane\/#primaryimage","url":"https:\/\/penosil.com\/fr\/wp-content\/uploads\/sites\/6\/2025\/05\/840_PU_Sealant_HM_840.png","contentUrl":"https:\/\/penosil.com\/fr\/wp-content\/uploads\/sites\/6\/2025\/05\/840_PU_Sealant_HM_840.png","width":387,"height":1080,"caption":"Produit PENOSIL PU Sealant HM 840"},{"@type":"BreadcrumbList","@id":"https:\/\/penosil.com\/fr\/produit\/penosil-pu-sealant-hm-840-mastic-colle-polyurethane\/#breadcrumb","itemListElement":[{"@type":"ListItem","position":1,"name":"Accueil","item":"https:\/\/penosil.com\/fr\/"},{"@type":"ListItem","position":2,"name":"Produits","item":"https:\/\/penosil.com\/fr\/produits-penosil\/"},{"@type":"ListItem","position":3,"name":"PU-Sealant HM 840"}]},{"@type":"WebSite","@id":"https:\/\/penosil.com\/fr\/#website","url":"https:\/\/penosil.com\/fr\/","name":"Penosil France","description":"","potentialAction":[{"@type":"SearchAction","target":{"@type":"EntryPoint","urlTemplate":"https:\/\/penosil.com\/fr\/?s={search_term_string}"},"query-input":{"@type":"PropertyValueSpecification","valueRequired":true,"valueName":"search_term_string"}}],"inLanguage":"fr-FR"}]}},"featured_img":"https:\/\/penosil.com\/fr\/wp-content\/uploads\/sites\/6\/2025\/05\/840_PU_Sealant_HM_840.png","coauthors":[],"author_meta":{"author_link":"https:\/\/penosil.com\/fr\/author\/armand\/","display_name":"armand"},"relative_dates":{"created":"Publi\u00e9 3 ans il y a","modified":"Mis \u00e0 jour 5 heures il y a"},"absolute_dates":{"created":"Publi\u00e9 le 11 juillet 2023","modified":"Mise \u00e0 jour le 15 avril 2026"},"absolute_dates_time":{"created":"Publi\u00e9 le 11 juillet 2023 6h54","modified":"Mise \u00e0 jour le 15 avril 2026 11h00"},"featured_img_caption":"Produit PENOSIL PU Sealant HM 840","tax_additional":{"product_brand":{"linked":[],"unlinked":[],"slug":"product_brand","name":"Marques"},"product_type":{"linked":["<a href=\"https:\/\/penosil.com\/fr\/?taxonomy=product_type&#038;term=simple\" class=\"advgb-post-tax-term\">simple<\/a>"],"unlinked":["<span class=\"advgb-post-tax-term\">simple<\/span>"],"slug":"product_type","name":"Type de produit"},"product_visibility":{"linked":[],"unlinked":[],"slug":"product_visibility","name":"Visibilit\u00e9 du produit"},"product_cat":{"linked":["<a href=\"https:\/\/penosil.com\/fr\/categorie-produit\/domaines-dapplication\/\" class=\"advgb-post-tax-term\">Domaines d&#039;application<\/a>","<a href=\"https:\/\/penosil.com\/fr\/categorie-produit\/categories-de-produits\/\" class=\"advgb-post-tax-term\">Cat\u00e9gories de produits<\/a>","<a href=\"https:\/\/penosil.com\/fr\/categorie-produit\/categories-de-produits\/mastics-detancheites\/mastics-pu\/\" class=\"advgb-post-tax-term\">Mastics PU<\/a>","<a href=\"https:\/\/penosil.com\/fr\/categorie-produit\/domaines-dapplication\/toitures-et-facades\/\" class=\"advgb-post-tax-term\">Toiture &amp; Fa\u00e7ade<\/a>","<a href=\"https:\/\/penosil.com\/fr\/categorie-produit\/categories-de-produits\/mastics-detancheites\/\" class=\"advgb-post-tax-term\">Mastics d&#039;\u00e9tanch\u00e9it\u00e9s<\/a>"],"unlinked":["<span class=\"advgb-post-tax-term\">Domaines d&#039;application<\/span>","<span class=\"advgb-post-tax-term\">Cat\u00e9gories de produits<\/span>","<span class=\"advgb-post-tax-term\">Mastics PU<\/span>","<span class=\"advgb-post-tax-term\">Toiture &amp; Fa\u00e7ade<\/span>","<span class=\"advgb-post-tax-term\">Mastics d&#039;\u00e9tanch\u00e9it\u00e9s<\/span>"],"slug":"product_cat","name":"Cat\u00e9gories de produits"},"product_tag":{"linked":[],"unlinked":[],"slug":"product_tag","name":"\u00c9tiquettes produit"},"product_shipping_class":{"linked":[],"unlinked":[],"slug":"product_shipping_class","name":"Classe d\u2019exp\u00e9dition du produit"},"pos_product_visibility":{"linked":[],"unlinked":[],"slug":"pos_product_visibility","name":"Visibilit\u00e9 du produit sur le point de vente"},"pa_couleur":{"linked":["<a href=\"https:\/\/penosil.com\/fr\/?taxonomy=pa_couleur&#038;term=noir\" class=\"advgb-post-tax-term\">Noir<\/a>","<a href=\"https:\/\/penosil.com\/fr\/?taxonomy=pa_couleur&#038;term=gris\" class=\"advgb-post-tax-term\">Gris<\/a>","<a href=\"https:\/\/penosil.com\/fr\/?taxonomy=pa_couleur&#038;term=blanc\" class=\"advgb-post-tax-term\">Blanc<\/a>"],"unlinked":["<span class=\"advgb-post-tax-term\">Noir<\/span>","<span class=\"advgb-post-tax-term\">Gris<\/span>","<span class=\"advgb-post-tax-term\">Blanc<\/span>"],"slug":"pa_couleur","name":"Product Couleur"},"pa_emballage":{"linked":["<a href=\"https:\/\/penosil.com\/fr\/?taxonomy=pa_emballage&#038;term=300-ml\" class=\"advgb-post-tax-term\">300 ml<\/a>"],"unlinked":["<span class=\"advgb-post-tax-term\">300 ml<\/span>"],"slug":"pa_emballage","name":"Product Emballage"},"translation_priority":{"linked":["<a href=\"https:\/\/penosil.com\/fr\/?taxonomy=translation_priority&#038;term=facultatif\" class=\"advgb-post-tax-term\">Facultatif<\/a>"],"unlinked":["<span class=\"advgb-post-tax-term\">Facultatif<\/span>"],"slug":"translation_priority","name":"Priorit\u00e9s de traduction"}},"series_order":"","_links":{"self":[{"href":"https:\/\/penosil.com\/fr\/wp-json\/wp\/v2\/product\/9174","targetHints":{"allow":["GET"]}}],"collection":[{"href":"https:\/\/penosil.com\/fr\/wp-json\/wp\/v2\/product"}],"about":[{"href":"https:\/\/penosil.com\/fr\/wp-json\/wp\/v2\/types\/product"}],"version-history":[{"count":4,"href":"https:\/\/penosil.com\/fr\/wp-json\/wp\/v2\/product\/9174\/revisions"}],"predecessor-version":[{"id":11981,"href":"https:\/\/penosil.com\/fr\/wp-json\/wp\/v2\/product\/9174\/revisions\/11981"}],"wp:featuredmedia":[{"embeddable":true,"href":"https:\/\/penosil.com\/fr\/wp-json\/wp\/v2\/media\/11379"}],"wp:attachment":[{"href":"https:\/\/penosil.com\/fr\/wp-json\/wp\/v2\/media?parent=9174"}],"wp:term":[{"taxonomy":"product_brand","embeddable":true,"href":"https:\/\/penosil.com\/fr\/wp-json\/wp\/v2\/product_brand?post=9174"},{"taxonomy":"product_cat","embeddable":true,"href":"https:\/\/penosil.com\/fr\/wp-json\/wp\/v2\/product_cat?post=9174"},{"taxonomy":"product_tag","embeddable":true,"href":"https:\/\/penosil.com\/fr\/wp-json\/wp\/v2\/product_tag?post=9174"}],"curies":[{"name":"wp","href":"https:\/\/api.w.org\/{rel}","templated":true}]}}