{"id":9334,"date":"2023-07-26T06:51:35","date_gmt":"2023-07-26T06:51:35","guid":{"rendered":"https:\/\/penosil.com\/fr\/?post_type=product&#038;p=9334"},"modified":"2026-04-15T11:00:08","modified_gmt":"2026-04-15T11:00:08","slug":"self-levelling-hybrid-716-polymere-hybride","status":"publish","type":"product","link":"https:\/\/penosil.com\/fr\/produit\/self-levelling-hybrid-716-polymere-hybride\/","title":{"rendered":"Self-Levelling Hybrid 716"},"content":{"rendered":"<p>Mastic polym\u00e8re hybride \u00e0 base de Silane Modifi\u00e9 (MS) mono-composant auto-nivelant, destin\u00e9 aux applications en joints de sols. Ses qualit\u00e9s particuli\u00e8res font qu\u2019il est non bullant et peut \u00eatre appliqu\u00e9 sur supports humides.<\/p>\n","protected":false},"excerpt":{"rendered":"Mastic polym\u00e8re hybride \u00e0 base de Silane Modifi\u00e9 (MS) mono-composant auto-nivelant, destin\u00e9 aux applications en joints de sols. Ses qualit\u00e9s particuli\u00e8res font qu\u2019il est non bullant et peut \u00eatre appliqu\u00e9 sur supports humides.","protected":false},"author":24,"featured_media":9335,"template":"","meta":{"_acf_changed":false,"advgb_blocks_editor_width":"","advgb_blocks_columns_visual_guide":"","footnotes":""},"product_brand":[],"product_cat":[330,1357,1601,767,1663],"product_tag":[],"class_list":{"0":"post-9334","1":"product","2":"type-product","3":"status-publish","4":"has-post-thumbnail","6":"product_cat-domaines-dapplication","7":"product_cat-categories-de-produits","8":"product_cat-mastics-detancheites","9":"product_cat-sol","10":"product_cat-mastics-hybrides","12":"first","13":"instock","14":"taxable","15":"shipping-taxable","16":"purchasable","17":"product-type-simple"},"acf":[],"yoast_head":"<!-- This site is optimized with the Yoast SEO plugin v27.2 - https:\/\/yoast.com\/product\/yoast-seo-wordpress\/ -->\n<title>Self-Levelling Hybrid 716 - Polym\u00e8re hybride - Penosil France<\/title>\n<meta name=\"description\" content=\"PENOSIL Self-Levelling Hybrid 716 polym\u00e8re hybride mono-composant auto-nivelant, destin\u00e9 aux applications en joints de sols. En savoir plus!\" \/>\n<meta name=\"robots\" content=\"index, follow, max-snippet:-1, max-image-preview:large, max-video-preview:-1\" \/>\n<link rel=\"canonical\" href=\"https:\/\/penosil.com\/fr\/produit\/self-levelling-hybrid-716-polymere-hybride\/\" \/>\n<meta property=\"og:locale\" content=\"fr_FR\" \/>\n<meta property=\"og:type\" content=\"article\" \/>\n<meta property=\"og:title\" content=\"Self-Levelling Hybrid 716 - Polym\u00e8re hybride - Penosil France\" \/>\n<meta property=\"og:description\" content=\"PENOSIL Self-Levelling Hybrid 716 polym\u00e8re hybride mono-composant auto-nivelant, destin\u00e9 aux applications en joints de sols. En savoir plus!\" \/>\n<meta property=\"og:url\" content=\"https:\/\/penosil.com\/fr\/produit\/self-levelling-hybrid-716-polymere-hybride\/\" \/>\n<meta property=\"og:site_name\" content=\"Penosil France\" \/>\n<meta property=\"article:modified_time\" content=\"2026-04-15T11:00:08+00:00\" \/>\n<meta property=\"og:image\" content=\"https:\/\/penosil.com\/fr\/wp-content\/uploads\/sites\/6\/2023\/07\/Floor_Foil_600ml_ENG.png\" \/>\n\t<meta property=\"og:image:width\" content=\"523\" \/>\n\t<meta property=\"og:image:height\" content=\"1080\" \/>\n\t<meta property=\"og:image:type\" content=\"image\/png\" \/>\n<meta name=\"twitter:card\" content=\"summary_large_image\" \/>\n<meta name=\"twitter:label1\" content=\"Dur\u00e9e de lecture estim\u00e9e\" \/>\n\t<meta name=\"twitter:data1\" content=\"3 minutes\" \/>\n<script type=\"application\/ld+json\" class=\"yoast-schema-graph\">{\"@context\":\"https:\/\/schema.org\",\"@graph\":[{\"@type\":\"WebPage\",\"@id\":\"https:\/\/penosil.com\/fr\/produit\/self-levelling-hybrid-716-polymere-hybride\/\",\"url\":\"https:\/\/penosil.com\/fr\/produit\/self-levelling-hybrid-716-polymere-hybride\/\",\"name\":\"Self-Levelling Hybrid 716 - Polym\u00e8re hybride - Penosil France\",\"isPartOf\":{\"@id\":\"https:\/\/penosil.com\/fr\/#website\"},\"primaryImageOfPage\":{\"@id\":\"https:\/\/penosil.com\/fr\/produit\/self-levelling-hybrid-716-polymere-hybride\/#primaryimage\"},\"image\":{\"@id\":\"https:\/\/penosil.com\/fr\/produit\/self-levelling-hybrid-716-polymere-hybride\/#primaryimage\"},\"thumbnailUrl\":\"https:\/\/penosil.com\/fr\/wp-content\/uploads\/sites\/6\/2023\/07\/Floor_Foil_600ml_ENG.png\",\"datePublished\":\"2023-07-26T06:51:35+00:00\",\"dateModified\":\"2026-04-15T11:00:08+00:00\",\"description\":\"PENOSIL Self-Levelling Hybrid 716 polym\u00e8re hybride mono-composant auto-nivelant, destin\u00e9 aux applications en joints de sols. En savoir plus!\",\"breadcrumb\":{\"@id\":\"https:\/\/penosil.com\/fr\/produit\/self-levelling-hybrid-716-polymere-hybride\/#breadcrumb\"},\"inLanguage\":\"fr-FR\",\"potentialAction\":[{\"@type\":\"ReadAction\",\"target\":[\"https:\/\/penosil.com\/fr\/produit\/self-levelling-hybrid-716-polymere-hybride\/\"]}]},{\"@type\":\"ImageObject\",\"inLanguage\":\"fr-FR\",\"@id\":\"https:\/\/penosil.com\/fr\/produit\/self-levelling-hybrid-716-polymere-hybride\/#primaryimage\",\"url\":\"https:\/\/penosil.com\/fr\/wp-content\/uploads\/sites\/6\/2023\/07\/Floor_Foil_600ml_ENG.png\",\"contentUrl\":\"https:\/\/penosil.com\/fr\/wp-content\/uploads\/sites\/6\/2023\/07\/Floor_Foil_600ml_ENG.png\",\"width\":523,\"height\":1080,\"caption\":\"Produit PENOSIL Self-Levelling Hybrid 716\"},{\"@type\":\"BreadcrumbList\",\"@id\":\"https:\/\/penosil.com\/fr\/produit\/self-levelling-hybrid-716-polymere-hybride\/#breadcrumb\",\"itemListElement\":[{\"@type\":\"ListItem\",\"position\":1,\"name\":\"Accueil\",\"item\":\"https:\/\/penosil.com\/fr\/\"},{\"@type\":\"ListItem\",\"position\":2,\"name\":\"Produits\",\"item\":\"https:\/\/penosil.com\/fr\/produits-penosil\/\"},{\"@type\":\"ListItem\",\"position\":3,\"name\":\"Self-Levelling Hybrid 716\"}]},{\"@type\":\"WebSite\",\"@id\":\"https:\/\/penosil.com\/fr\/#website\",\"url\":\"https:\/\/penosil.com\/fr\/\",\"name\":\"Penosil France\",\"description\":\"\",\"potentialAction\":[{\"@type\":\"SearchAction\",\"target\":{\"@type\":\"EntryPoint\",\"urlTemplate\":\"https:\/\/penosil.com\/fr\/?s={search_term_string}\"},\"query-input\":{\"@type\":\"PropertyValueSpecification\",\"valueRequired\":true,\"valueName\":\"search_term_string\"}}],\"inLanguage\":\"fr-FR\"}]}<\/script>\n<!-- \/ Yoast SEO plugin. -->","yoast_head_json":{"title":"Self-Levelling Hybrid 716 - Polym\u00e8re hybride - Penosil France","description":"PENOSIL Self-Levelling Hybrid 716 polym\u00e8re hybride mono-composant auto-nivelant, destin\u00e9 aux applications en joints de sols. En savoir plus!","robots":{"index":"index","follow":"follow","max-snippet":"max-snippet:-1","max-image-preview":"max-image-preview:large","max-video-preview":"max-video-preview:-1"},"canonical":"https:\/\/penosil.com\/fr\/produit\/self-levelling-hybrid-716-polymere-hybride\/","og_locale":"fr_FR","og_type":"article","og_title":"Self-Levelling Hybrid 716 - Polym\u00e8re hybride - Penosil France","og_description":"PENOSIL Self-Levelling Hybrid 716 polym\u00e8re hybride mono-composant auto-nivelant, destin\u00e9 aux applications en joints de sols. En savoir plus!","og_url":"https:\/\/penosil.com\/fr\/produit\/self-levelling-hybrid-716-polymere-hybride\/","og_site_name":"Penosil France","article_modified_time":"2026-04-15T11:00:08+00:00","og_image":[{"width":523,"height":1080,"url":"https:\/\/penosil.com\/fr\/wp-content\/uploads\/sites\/6\/2023\/07\/Floor_Foil_600ml_ENG.png","type":"image\/png"}],"twitter_card":"summary_large_image","twitter_misc":{"Dur\u00e9e de lecture estim\u00e9e":"3 minutes"},"schema":{"@context":"https:\/\/schema.org","@graph":[{"@type":"WebPage","@id":"https:\/\/penosil.com\/fr\/produit\/self-levelling-hybrid-716-polymere-hybride\/","url":"https:\/\/penosil.com\/fr\/produit\/self-levelling-hybrid-716-polymere-hybride\/","name":"Self-Levelling Hybrid 716 - Polym\u00e8re hybride - Penosil France","isPartOf":{"@id":"https:\/\/penosil.com\/fr\/#website"},"primaryImageOfPage":{"@id":"https:\/\/penosil.com\/fr\/produit\/self-levelling-hybrid-716-polymere-hybride\/#primaryimage"},"image":{"@id":"https:\/\/penosil.com\/fr\/produit\/self-levelling-hybrid-716-polymere-hybride\/#primaryimage"},"thumbnailUrl":"https:\/\/penosil.com\/fr\/wp-content\/uploads\/sites\/6\/2023\/07\/Floor_Foil_600ml_ENG.png","datePublished":"2023-07-26T06:51:35+00:00","dateModified":"2026-04-15T11:00:08+00:00","description":"PENOSIL Self-Levelling Hybrid 716 polym\u00e8re hybride mono-composant auto-nivelant, destin\u00e9 aux applications en joints de sols. En savoir plus!","breadcrumb":{"@id":"https:\/\/penosil.com\/fr\/produit\/self-levelling-hybrid-716-polymere-hybride\/#breadcrumb"},"inLanguage":"fr-FR","potentialAction":[{"@type":"ReadAction","target":["https:\/\/penosil.com\/fr\/produit\/self-levelling-hybrid-716-polymere-hybride\/"]}]},{"@type":"ImageObject","inLanguage":"fr-FR","@id":"https:\/\/penosil.com\/fr\/produit\/self-levelling-hybrid-716-polymere-hybride\/#primaryimage","url":"https:\/\/penosil.com\/fr\/wp-content\/uploads\/sites\/6\/2023\/07\/Floor_Foil_600ml_ENG.png","contentUrl":"https:\/\/penosil.com\/fr\/wp-content\/uploads\/sites\/6\/2023\/07\/Floor_Foil_600ml_ENG.png","width":523,"height":1080,"caption":"Produit PENOSIL Self-Levelling Hybrid 716"},{"@type":"BreadcrumbList","@id":"https:\/\/penosil.com\/fr\/produit\/self-levelling-hybrid-716-polymere-hybride\/#breadcrumb","itemListElement":[{"@type":"ListItem","position":1,"name":"Accueil","item":"https:\/\/penosil.com\/fr\/"},{"@type":"ListItem","position":2,"name":"Produits","item":"https:\/\/penosil.com\/fr\/produits-penosil\/"},{"@type":"ListItem","position":3,"name":"Self-Levelling Hybrid 716"}]},{"@type":"WebSite","@id":"https:\/\/penosil.com\/fr\/#website","url":"https:\/\/penosil.com\/fr\/","name":"Penosil France","description":"","potentialAction":[{"@type":"SearchAction","target":{"@type":"EntryPoint","urlTemplate":"https:\/\/penosil.com\/fr\/?s={search_term_string}"},"query-input":{"@type":"PropertyValueSpecification","valueRequired":true,"valueName":"search_term_string"}}],"inLanguage":"fr-FR"}]}},"featured_img":"https:\/\/penosil.com\/fr\/wp-content\/uploads\/sites\/6\/2023\/07\/Floor_Foil_600ml_ENG.png","coauthors":[],"author_meta":{"author_link":"https:\/\/penosil.com\/fr\/author\/armand\/","display_name":"armand"},"relative_dates":{"created":"Publi\u00e9 3 ans il y a","modified":"Mis \u00e0 jour 8 heures il y a"},"absolute_dates":{"created":"Publi\u00e9 le 26 juillet 2023","modified":"Mise \u00e0 jour le 15 avril 2026"},"absolute_dates_time":{"created":"Publi\u00e9 le 26 juillet 2023 6h51","modified":"Mise \u00e0 jour le 15 avril 2026 11h00"},"featured_img_caption":"Produit PENOSIL Self-Levelling Hybrid 716","tax_additional":{"product_brand":{"linked":[],"unlinked":[],"slug":"product_brand","name":"Marques"},"product_type":{"linked":["<a href=\"https:\/\/penosil.com\/fr\/?taxonomy=product_type&#038;term=simple\" class=\"advgb-post-tax-term\">simple<\/a>"],"unlinked":["<span class=\"advgb-post-tax-term\">simple<\/span>"],"slug":"product_type","name":"Type de produit"},"product_visibility":{"linked":[],"unlinked":[],"slug":"product_visibility","name":"Visibilit\u00e9 du produit"},"product_cat":{"linked":["<a href=\"https:\/\/penosil.com\/fr\/categorie-produit\/domaines-dapplication\/\" class=\"advgb-post-tax-term\">Domaines d&#039;application<\/a>","<a href=\"https:\/\/penosil.com\/fr\/categorie-produit\/categories-de-produits\/\" class=\"advgb-post-tax-term\">Cat\u00e9gories de produits<\/a>","<a href=\"https:\/\/penosil.com\/fr\/categorie-produit\/categories-de-produits\/mastics-detancheites\/\" class=\"advgb-post-tax-term\">Mastics d&#039;\u00e9tanch\u00e9it\u00e9s<\/a>","<a href=\"https:\/\/penosil.com\/fr\/categorie-produit\/domaines-dapplication\/sol\/\" class=\"advgb-post-tax-term\">Sol<\/a>","<a href=\"https:\/\/penosil.com\/fr\/categorie-produit\/categories-de-produits\/mastics-detancheites\/mastics-hybrides\/\" class=\"advgb-post-tax-term\">Mastics hybrides<\/a>"],"unlinked":["<span class=\"advgb-post-tax-term\">Domaines d&#039;application<\/span>","<span class=\"advgb-post-tax-term\">Cat\u00e9gories de produits<\/span>","<span class=\"advgb-post-tax-term\">Mastics d&#039;\u00e9tanch\u00e9it\u00e9s<\/span>","<span class=\"advgb-post-tax-term\">Sol<\/span>","<span class=\"advgb-post-tax-term\">Mastics hybrides<\/span>"],"slug":"product_cat","name":"Cat\u00e9gories de produits"},"product_tag":{"linked":[],"unlinked":[],"slug":"product_tag","name":"\u00c9tiquettes produit"},"product_shipping_class":{"linked":[],"unlinked":[],"slug":"product_shipping_class","name":"Classe d\u2019exp\u00e9dition du produit"},"pos_product_visibility":{"linked":[],"unlinked":[],"slug":"pos_product_visibility","name":"Visibilit\u00e9 du produit sur le point de vente"},"pa_couleur":{"linked":["<a href=\"https:\/\/penosil.com\/fr\/?taxonomy=pa_couleur&#038;term=gris\" class=\"advgb-post-tax-term\">Gris<\/a>"],"unlinked":["<span class=\"advgb-post-tax-term\">Gris<\/span>"],"slug":"pa_couleur","name":"Product Couleur"},"pa_emballage":{"linked":["<a href=\"https:\/\/penosil.com\/fr\/?taxonomy=pa_emballage&#038;term=600-ml\" class=\"advgb-post-tax-term\">600 ml<\/a>"],"unlinked":["<span class=\"advgb-post-tax-term\">600 ml<\/span>"],"slug":"pa_emballage","name":"Product Emballage"},"translation_priority":{"linked":["<a href=\"https:\/\/penosil.com\/fr\/?taxonomy=translation_priority&#038;term=facultatif\" class=\"advgb-post-tax-term\">Facultatif<\/a>"],"unlinked":["<span class=\"advgb-post-tax-term\">Facultatif<\/span>"],"slug":"translation_priority","name":"Priorit\u00e9s de traduction"}},"series_order":"","_links":{"self":[{"href":"https:\/\/penosil.com\/fr\/wp-json\/wp\/v2\/product\/9334","targetHints":{"allow":["GET"]}}],"collection":[{"href":"https:\/\/penosil.com\/fr\/wp-json\/wp\/v2\/product"}],"about":[{"href":"https:\/\/penosil.com\/fr\/wp-json\/wp\/v2\/types\/product"}],"version-history":[{"count":3,"href":"https:\/\/penosil.com\/fr\/wp-json\/wp\/v2\/product\/9334\/revisions"}],"predecessor-version":[{"id":11183,"href":"https:\/\/penosil.com\/fr\/wp-json\/wp\/v2\/product\/9334\/revisions\/11183"}],"wp:featuredmedia":[{"embeddable":true,"href":"https:\/\/penosil.com\/fr\/wp-json\/wp\/v2\/media\/9335"}],"wp:attachment":[{"href":"https:\/\/penosil.com\/fr\/wp-json\/wp\/v2\/media?parent=9334"}],"wp:term":[{"taxonomy":"product_brand","embeddable":true,"href":"https:\/\/penosil.com\/fr\/wp-json\/wp\/v2\/product_brand?post=9334"},{"taxonomy":"product_cat","embeddable":true,"href":"https:\/\/penosil.com\/fr\/wp-json\/wp\/v2\/product_cat?post=9334"},{"taxonomy":"product_tag","embeddable":true,"href":"https:\/\/penosil.com\/fr\/wp-json\/wp\/v2\/product_tag?post=9334"}],"curies":[{"name":"wp","href":"https:\/\/api.w.org\/{rel}","templated":true}]}}