{"id":9407,"date":"2023-09-19T12:50:10","date_gmt":"2023-09-19T12:50:10","guid":{"rendered":"https:\/\/penosil.com\/fr\/?post_type=product&#038;p=9407"},"modified":"2026-04-15T11:00:10","modified_gmt":"2026-04-15T11:00:10","slug":"firestop-acrylic-618-acrylique-resistant-au-feu","status":"publish","type":"product","link":"https:\/\/penosil.com\/fr\/produit\/firestop-acrylic-618-acrylique-resistant-au-feu\/","title":{"rendered":"FireStop Acrylic 618"},"content":{"rendered":"<p>Mastic acrylique mono-composant r\u00e9sistant au feu jusqu&rsquo;\u00e0 4 heures pour l&rsquo;\u00e9tanch\u00e9it\u00e9 des joints internes. Recommand\u00e9 pour les joints de construction \u00e0 faible expansion (mouvement max 7,5%) et pour le calfeutrement des menuiseries int\u00e9rieures et structures coupe-feu.<\/p>\n","protected":false},"excerpt":{"rendered":"Mastic acrylique mono-composant r\u00e9sistant au feu jusqu&rsquo;\u00e0 4 heures pour l&rsquo;\u00e9tanch\u00e9it\u00e9 des joints internes. Recommand\u00e9 pour les joints de construction \u00e0 faible expansion (mouvement max 7,5%) et pour le calfeutrement des menuiseries int\u00e9rieures et structures coupe-feu.","protected":false},"author":24,"featured_media":12187,"template":"","meta":{"_acf_changed":false,"advgb_blocks_editor_width":"","advgb_blocks_columns_visual_guide":"","footnotes":""},"product_brand":[],"product_cat":[654],"product_tag":[],"class_list":{"0":"post-9407","1":"product","2":"type-product","3":"status-publish","4":"has-post-thumbnail","6":"product_cat-coupe-feu-haute-temperature","8":"first","9":"outofstock","10":"taxable","11":"shipping-taxable","12":"purchasable","13":"product-type-variable"},"acf":[],"yoast_head":"<!-- This site is optimized with the Yoast SEO plugin v27.2 - https:\/\/yoast.com\/product\/yoast-seo-wordpress\/ -->\n<title>FireStop Acrylic 618 - Acrylique r\u00e9sistant au feu - Penosil France<\/title>\n<meta name=\"description\" content=\"PENOSIL FireStop Acrylic 618 mastic acrylique monocomposant r\u00e9sistant au feu jusqu&#039;\u00e0 4 heures pour l&#039;\u00e9tanch\u00e9it\u00e9 des joints internes. En savoir plus!\" \/>\n<meta name=\"robots\" content=\"index, follow, max-snippet:-1, max-image-preview:large, max-video-preview:-1\" \/>\n<link rel=\"canonical\" href=\"https:\/\/penosil.com\/fr\/produit\/firestop-acrylic-618-acrylique-resistant-au-feu\/\" \/>\n<meta property=\"og:locale\" content=\"fr_FR\" \/>\n<meta property=\"og:type\" content=\"article\" \/>\n<meta property=\"og:title\" content=\"FireStop Acrylic 618 - Acrylique r\u00e9sistant au feu - Penosil France\" \/>\n<meta property=\"og:description\" content=\"PENOSIL FireStop Acrylic 618 mastic acrylique monocomposant r\u00e9sistant au feu jusqu&#039;\u00e0 4 heures pour l&#039;\u00e9tanch\u00e9it\u00e9 des joints internes. En savoir plus!\" \/>\n<meta property=\"og:url\" content=\"https:\/\/penosil.com\/fr\/produit\/firestop-acrylic-618-acrylique-resistant-au-feu\/\" \/>\n<meta property=\"og:site_name\" content=\"Penosil France\" \/>\n<meta property=\"article:modified_time\" content=\"2026-04-15T11:00:10+00:00\" \/>\n<meta property=\"og:image\" content=\"https:\/\/penosil.com\/fr\/wp-content\/uploads\/sites\/6\/2023\/09\/618_FireStop_Acrylic_618_FR-1.png\" \/>\n\t<meta property=\"og:image:width\" content=\"387\" \/>\n\t<meta property=\"og:image:height\" content=\"1080\" \/>\n\t<meta property=\"og:image:type\" content=\"image\/png\" \/>\n<meta name=\"twitter:card\" content=\"summary_large_image\" \/>\n<meta name=\"twitter:label1\" content=\"Dur\u00e9e de lecture estim\u00e9e\" \/>\n\t<meta name=\"twitter:data1\" content=\"5 minutes\" \/>\n<script type=\"application\/ld+json\" class=\"yoast-schema-graph\">{\"@context\":\"https:\/\/schema.org\",\"@graph\":[{\"@type\":\"WebPage\",\"@id\":\"https:\/\/penosil.com\/fr\/produit\/firestop-acrylic-618-acrylique-resistant-au-feu\/\",\"url\":\"https:\/\/penosil.com\/fr\/produit\/firestop-acrylic-618-acrylique-resistant-au-feu\/\",\"name\":\"FireStop Acrylic 618 - Acrylique r\u00e9sistant au feu - Penosil France\",\"isPartOf\":{\"@id\":\"https:\/\/penosil.com\/fr\/#website\"},\"primaryImageOfPage\":{\"@id\":\"https:\/\/penosil.com\/fr\/produit\/firestop-acrylic-618-acrylique-resistant-au-feu\/#primaryimage\"},\"image\":{\"@id\":\"https:\/\/penosil.com\/fr\/produit\/firestop-acrylic-618-acrylique-resistant-au-feu\/#primaryimage\"},\"thumbnailUrl\":\"https:\/\/penosil.com\/fr\/wp-content\/uploads\/sites\/6\/2023\/09\/618_FireStop_Acrylic_618_FR-1.png\",\"datePublished\":\"2023-09-19T12:50:10+00:00\",\"dateModified\":\"2026-04-15T11:00:10+00:00\",\"description\":\"PENOSIL FireStop Acrylic 618 mastic acrylique monocomposant r\u00e9sistant au feu jusqu'\u00e0 4 heures pour l'\u00e9tanch\u00e9it\u00e9 des joints internes. En savoir plus!\",\"breadcrumb\":{\"@id\":\"https:\/\/penosil.com\/fr\/produit\/firestop-acrylic-618-acrylique-resistant-au-feu\/#breadcrumb\"},\"inLanguage\":\"fr-FR\",\"potentialAction\":[{\"@type\":\"ReadAction\",\"target\":[\"https:\/\/penosil.com\/fr\/produit\/firestop-acrylic-618-acrylique-resistant-au-feu\/\"]}]},{\"@type\":\"ImageObject\",\"inLanguage\":\"fr-FR\",\"@id\":\"https:\/\/penosil.com\/fr\/produit\/firestop-acrylic-618-acrylique-resistant-au-feu\/#primaryimage\",\"url\":\"https:\/\/penosil.com\/fr\/wp-content\/uploads\/sites\/6\/2023\/09\/618_FireStop_Acrylic_618_FR-1.png\",\"contentUrl\":\"https:\/\/penosil.com\/fr\/wp-content\/uploads\/sites\/6\/2023\/09\/618_FireStop_Acrylic_618_FR-1.png\",\"width\":387,\"height\":1080,\"caption\":\"Cartouche de Penosil FireStop Acrylic 618\"},{\"@type\":\"BreadcrumbList\",\"@id\":\"https:\/\/penosil.com\/fr\/produit\/firestop-acrylic-618-acrylique-resistant-au-feu\/#breadcrumb\",\"itemListElement\":[{\"@type\":\"ListItem\",\"position\":1,\"name\":\"Accueil\",\"item\":\"https:\/\/penosil.com\/fr\/\"},{\"@type\":\"ListItem\",\"position\":2,\"name\":\"Produits\",\"item\":\"https:\/\/penosil.com\/fr\/produits-penosil\/\"},{\"@type\":\"ListItem\",\"position\":3,\"name\":\"FireStop Acrylic 618\"}]},{\"@type\":\"WebSite\",\"@id\":\"https:\/\/penosil.com\/fr\/#website\",\"url\":\"https:\/\/penosil.com\/fr\/\",\"name\":\"Penosil France\",\"description\":\"\",\"potentialAction\":[{\"@type\":\"SearchAction\",\"target\":{\"@type\":\"EntryPoint\",\"urlTemplate\":\"https:\/\/penosil.com\/fr\/?s={search_term_string}\"},\"query-input\":{\"@type\":\"PropertyValueSpecification\",\"valueRequired\":true,\"valueName\":\"search_term_string\"}}],\"inLanguage\":\"fr-FR\"}]}<\/script>\n<!-- \/ Yoast SEO plugin. -->","yoast_head_json":{"title":"FireStop Acrylic 618 - Acrylique r\u00e9sistant au feu - Penosil France","description":"PENOSIL FireStop Acrylic 618 mastic acrylique monocomposant r\u00e9sistant au feu jusqu'\u00e0 4 heures pour l'\u00e9tanch\u00e9it\u00e9 des joints internes. En savoir plus!","robots":{"index":"index","follow":"follow","max-snippet":"max-snippet:-1","max-image-preview":"max-image-preview:large","max-video-preview":"max-video-preview:-1"},"canonical":"https:\/\/penosil.com\/fr\/produit\/firestop-acrylic-618-acrylique-resistant-au-feu\/","og_locale":"fr_FR","og_type":"article","og_title":"FireStop Acrylic 618 - Acrylique r\u00e9sistant au feu - Penosil France","og_description":"PENOSIL FireStop Acrylic 618 mastic acrylique monocomposant r\u00e9sistant au feu jusqu'\u00e0 4 heures pour l'\u00e9tanch\u00e9it\u00e9 des joints internes. En savoir plus!","og_url":"https:\/\/penosil.com\/fr\/produit\/firestop-acrylic-618-acrylique-resistant-au-feu\/","og_site_name":"Penosil France","article_modified_time":"2026-04-15T11:00:10+00:00","og_image":[{"width":387,"height":1080,"url":"https:\/\/penosil.com\/fr\/wp-content\/uploads\/sites\/6\/2023\/09\/618_FireStop_Acrylic_618_FR-1.png","type":"image\/png"}],"twitter_card":"summary_large_image","twitter_misc":{"Dur\u00e9e de lecture estim\u00e9e":"5 minutes"},"schema":{"@context":"https:\/\/schema.org","@graph":[{"@type":"WebPage","@id":"https:\/\/penosil.com\/fr\/produit\/firestop-acrylic-618-acrylique-resistant-au-feu\/","url":"https:\/\/penosil.com\/fr\/produit\/firestop-acrylic-618-acrylique-resistant-au-feu\/","name":"FireStop Acrylic 618 - Acrylique r\u00e9sistant au feu - Penosil France","isPartOf":{"@id":"https:\/\/penosil.com\/fr\/#website"},"primaryImageOfPage":{"@id":"https:\/\/penosil.com\/fr\/produit\/firestop-acrylic-618-acrylique-resistant-au-feu\/#primaryimage"},"image":{"@id":"https:\/\/penosil.com\/fr\/produit\/firestop-acrylic-618-acrylique-resistant-au-feu\/#primaryimage"},"thumbnailUrl":"https:\/\/penosil.com\/fr\/wp-content\/uploads\/sites\/6\/2023\/09\/618_FireStop_Acrylic_618_FR-1.png","datePublished":"2023-09-19T12:50:10+00:00","dateModified":"2026-04-15T11:00:10+00:00","description":"PENOSIL FireStop Acrylic 618 mastic acrylique monocomposant r\u00e9sistant au feu jusqu'\u00e0 4 heures pour l'\u00e9tanch\u00e9it\u00e9 des joints internes. En savoir plus!","breadcrumb":{"@id":"https:\/\/penosil.com\/fr\/produit\/firestop-acrylic-618-acrylique-resistant-au-feu\/#breadcrumb"},"inLanguage":"fr-FR","potentialAction":[{"@type":"ReadAction","target":["https:\/\/penosil.com\/fr\/produit\/firestop-acrylic-618-acrylique-resistant-au-feu\/"]}]},{"@type":"ImageObject","inLanguage":"fr-FR","@id":"https:\/\/penosil.com\/fr\/produit\/firestop-acrylic-618-acrylique-resistant-au-feu\/#primaryimage","url":"https:\/\/penosil.com\/fr\/wp-content\/uploads\/sites\/6\/2023\/09\/618_FireStop_Acrylic_618_FR-1.png","contentUrl":"https:\/\/penosil.com\/fr\/wp-content\/uploads\/sites\/6\/2023\/09\/618_FireStop_Acrylic_618_FR-1.png","width":387,"height":1080,"caption":"Cartouche de Penosil FireStop Acrylic 618"},{"@type":"BreadcrumbList","@id":"https:\/\/penosil.com\/fr\/produit\/firestop-acrylic-618-acrylique-resistant-au-feu\/#breadcrumb","itemListElement":[{"@type":"ListItem","position":1,"name":"Accueil","item":"https:\/\/penosil.com\/fr\/"},{"@type":"ListItem","position":2,"name":"Produits","item":"https:\/\/penosil.com\/fr\/produits-penosil\/"},{"@type":"ListItem","position":3,"name":"FireStop Acrylic 618"}]},{"@type":"WebSite","@id":"https:\/\/penosil.com\/fr\/#website","url":"https:\/\/penosil.com\/fr\/","name":"Penosil France","description":"","potentialAction":[{"@type":"SearchAction","target":{"@type":"EntryPoint","urlTemplate":"https:\/\/penosil.com\/fr\/?s={search_term_string}"},"query-input":{"@type":"PropertyValueSpecification","valueRequired":true,"valueName":"search_term_string"}}],"inLanguage":"fr-FR"}]}},"featured_img":"https:\/\/penosil.com\/fr\/wp-content\/uploads\/sites\/6\/2023\/09\/618_FireStop_Acrylic_618_FR-1.png","coauthors":[],"author_meta":{"author_link":"https:\/\/penosil.com\/fr\/author\/armand\/","display_name":"armand"},"relative_dates":{"created":"Publi\u00e9 3 ans il y a","modified":"Mis \u00e0 jour 5 heures il y a"},"absolute_dates":{"created":"Publi\u00e9 le 19 septembre 2023","modified":"Mise \u00e0 jour le 15 avril 2026"},"absolute_dates_time":{"created":"Publi\u00e9 le 19 septembre 2023 12h50","modified":"Mise \u00e0 jour le 15 avril 2026 11h00"},"featured_img_caption":"Cartouche de Penosil FireStop Acrylic 618","tax_additional":{"product_brand":{"linked":[],"unlinked":[],"slug":"product_brand","name":"Marques"},"product_type":{"linked":["<a href=\"https:\/\/penosil.com\/fr\/?taxonomy=product_type&#038;term=variable\" class=\"advgb-post-tax-term\">variable<\/a>"],"unlinked":["<span class=\"advgb-post-tax-term\">variable<\/span>"],"slug":"product_type","name":"Type de produit"},"product_visibility":{"linked":["<a href=\"https:\/\/penosil.com\/fr\/en\/?taxonomy=product_visibility&#038;term=outofstock\" class=\"advgb-post-tax-term\">outofstock<\/a>"],"unlinked":["<span class=\"advgb-post-tax-term\">outofstock<\/span>"],"slug":"product_visibility","name":"Visibilit\u00e9 du produit"},"product_cat":{"linked":["<a href=\"https:\/\/penosil.com\/fr\/categorie-produit\/domaines-dapplication\/coupe-feu-haute-temperature\/\" class=\"advgb-post-tax-term\">Coupe feu \/ Haute temp\u00e9rature<\/a>"],"unlinked":["<span class=\"advgb-post-tax-term\">Coupe feu \/ Haute temp\u00e9rature<\/span>"],"slug":"product_cat","name":"Cat\u00e9gories de produits"},"product_tag":{"linked":[],"unlinked":[],"slug":"product_tag","name":"\u00c9tiquettes produit"},"product_shipping_class":{"linked":[],"unlinked":[],"slug":"product_shipping_class","name":"Classe d\u2019exp\u00e9dition du produit"},"pos_product_visibility":{"linked":[],"unlinked":[],"slug":"pos_product_visibility","name":"Visibilit\u00e9 du produit sur le point de vente"},"pa_couleur":{"linked":["<a href=\"https:\/\/penosil.com\/fr\/?taxonomy=pa_couleur&#038;term=gris\" class=\"advgb-post-tax-term\">Gris<\/a>","<a href=\"https:\/\/penosil.com\/fr\/?taxonomy=pa_couleur&#038;term=blanc\" class=\"advgb-post-tax-term\">Blanc<\/a>"],"unlinked":["<span class=\"advgb-post-tax-term\">Gris<\/span>","<span class=\"advgb-post-tax-term\">Blanc<\/span>"],"slug":"pa_couleur","name":"Product Couleur"},"pa_emballage":{"linked":["<a href=\"https:\/\/penosil.com\/fr\/?taxonomy=pa_emballage&#038;term=300-ml\" class=\"advgb-post-tax-term\">300 ml<\/a>"],"unlinked":["<span class=\"advgb-post-tax-term\">300 ml<\/span>"],"slug":"pa_emballage","name":"Product Emballage"},"translation_priority":{"linked":["<a href=\"https:\/\/penosil.com\/fr\/?taxonomy=translation_priority&#038;term=facultatif\" class=\"advgb-post-tax-term\">Facultatif<\/a>"],"unlinked":["<span class=\"advgb-post-tax-term\">Facultatif<\/span>"],"slug":"translation_priority","name":"Priorit\u00e9s de traduction"}},"series_order":"","_links":{"self":[{"href":"https:\/\/penosil.com\/fr\/wp-json\/wp\/v2\/product\/9407","targetHints":{"allow":["GET"]}}],"collection":[{"href":"https:\/\/penosil.com\/fr\/wp-json\/wp\/v2\/product"}],"about":[{"href":"https:\/\/penosil.com\/fr\/wp-json\/wp\/v2\/types\/product"}],"version-history":[{"count":9,"href":"https:\/\/penosil.com\/fr\/wp-json\/wp\/v2\/product\/9407\/revisions"}],"predecessor-version":[{"id":12328,"href":"https:\/\/penosil.com\/fr\/wp-json\/wp\/v2\/product\/9407\/revisions\/12328"}],"wp:featuredmedia":[{"embeddable":true,"href":"https:\/\/penosil.com\/fr\/wp-json\/wp\/v2\/media\/12187"}],"wp:attachment":[{"href":"https:\/\/penosil.com\/fr\/wp-json\/wp\/v2\/media?parent=9407"}],"wp:term":[{"taxonomy":"product_brand","embeddable":true,"href":"https:\/\/penosil.com\/fr\/wp-json\/wp\/v2\/product_brand?post=9407"},{"taxonomy":"product_cat","embeddable":true,"href":"https:\/\/penosil.com\/fr\/wp-json\/wp\/v2\/product_cat?post=9407"},{"taxonomy":"product_tag","embeddable":true,"href":"https:\/\/penosil.com\/fr\/wp-json\/wp\/v2\/product_tag?post=9407"}],"curies":[{"name":"wp","href":"https:\/\/api.w.org\/{rel}","templated":true}]}}