{"id":9447,"date":"2023-09-13T09:12:26","date_gmt":"2023-09-13T09:12:26","guid":{"rendered":"https:\/\/penosil.com\/fr\/?post_type=product&#038;p=9447"},"modified":"2026-01-22T13:54:49","modified_gmt":"2026-01-22T13:54:49","slug":"vapour-proof-full-glue-tape-internal-410-ruban-pare-vapeur","status":"publish","type":"product","link":"https:\/\/penosil.com\/fr\/produit\/vapour-proof-full-glue-tape-internal-410-ruban-pare-vapeur\/","title":{"rendered":"Vapour Proof Full Glue Tape Internal 410"},"content":{"rendered":"<p>Ruban pare-vapeur pour couvrir les joints de fen\u00eatres et de portes de l&rsquo;int\u00e9rieur. Il est enti\u00e8rement recouvert d&rsquo;un c\u00f4t\u00e9 d&rsquo;une couche adh\u00e9sive forte et de l&rsquo;autre c\u00f4t\u00e9 d&rsquo;une bande adh\u00e9sive acrylique.<\/p>\n","protected":false},"excerpt":{"rendered":"Ruban pare-vapeur pour couvrir les joints de fen\u00eatres et de portes de l&rsquo;int\u00e9rieur. Il est enti\u00e8rement recouvert d&rsquo;un c\u00f4t\u00e9 d&rsquo;une couche adh\u00e9sive forte et de l&rsquo;autre c\u00f4t\u00e9 d&rsquo;une bande adh\u00e9sive acrylique.","protected":false},"author":24,"featured_media":9448,"template":"","meta":{"_acf_changed":false,"advgb_blocks_editor_width":"","advgb_blocks_columns_visual_guide":"","footnotes":""},"product_brand":[],"product_cat":[330,1285,1357,1684,2312],"product_tag":[],"class_list":{"0":"post-9447","1":"product","2":"type-product","3":"status-publish","4":"has-post-thumbnail","6":"product_cat-domaines-dapplication","7":"product_cat-porte-et-fenetre","8":"product_cat-categories-de-produits","9":"product_cat-membranes-et-joints-detancheite","10":"product_cat-membranes-et-bandes-pour-menuiserie","12":"first","13":"outofstock","14":"taxable","15":"shipping-taxable","16":"purchasable","17":"product-type-variable"},"acf":[],"yoast_head":"<!-- This site is optimized with the Yoast SEO plugin v27.2 - https:\/\/yoast.com\/product\/yoast-seo-wordpress\/ -->\n<title>Vapour Proof Full Glue Tape INT 410 - Ruban pare-vapeur - Penosil France<\/title>\n<meta name=\"description\" content=\"PENOSIL Vapour Proof Full Glue Tape Internal 410 ruban pare-vapeur pour couvrir les joints de fen\u00eatres et de portes de l&#039;int\u00e9rieur. En savoir plus!\" \/>\n<meta name=\"robots\" content=\"index, follow, max-snippet:-1, max-image-preview:large, max-video-preview:-1\" \/>\n<link rel=\"canonical\" href=\"https:\/\/penosil.com\/fr\/produit\/vapour-proof-full-glue-tape-internal-410-ruban-pare-vapeur\/\" \/>\n<meta property=\"og:locale\" content=\"fr_FR\" \/>\n<meta property=\"og:type\" content=\"article\" \/>\n<meta property=\"og:title\" content=\"Vapour Proof Full Glue Tape INT 410 - Ruban pare-vapeur - Penosil France\" \/>\n<meta property=\"og:description\" content=\"PENOSIL Vapour Proof Full Glue Tape Internal 410 ruban pare-vapeur pour couvrir les joints de fen\u00eatres et de portes de l&#039;int\u00e9rieur. En savoir plus!\" \/>\n<meta property=\"og:url\" content=\"https:\/\/penosil.com\/fr\/produit\/vapour-proof-full-glue-tape-internal-410-ruban-pare-vapeur\/\" \/>\n<meta property=\"og:site_name\" content=\"Penosil France\" \/>\n<meta property=\"article:modified_time\" content=\"2026-01-22T13:54:49+00:00\" \/>\n<meta property=\"og:image\" content=\"https:\/\/penosil.com\/fr\/wp-content\/uploads\/sites\/6\/2023\/08\/410_Vapour_Proof_Full_Glue_Tape_INT_410.png\" \/>\n\t<meta property=\"og:image:width\" content=\"1827\" \/>\n\t<meta property=\"og:image:height\" content=\"1080\" \/>\n\t<meta property=\"og:image:type\" content=\"image\/png\" \/>\n<meta name=\"twitter:card\" content=\"summary_large_image\" \/>\n<meta name=\"twitter:label1\" content=\"Dur\u00e9e de lecture estim\u00e9e\" \/>\n\t<meta name=\"twitter:data1\" content=\"4 minutes\" \/>\n<script type=\"application\/ld+json\" class=\"yoast-schema-graph\">{\"@context\":\"https:\/\/schema.org\",\"@graph\":[{\"@type\":\"WebPage\",\"@id\":\"https:\/\/penosil.com\/fr\/produit\/vapour-proof-full-glue-tape-internal-410-ruban-pare-vapeur\/\",\"url\":\"https:\/\/penosil.com\/fr\/produit\/vapour-proof-full-glue-tape-internal-410-ruban-pare-vapeur\/\",\"name\":\"Vapour Proof Full Glue Tape INT 410 - Ruban pare-vapeur - Penosil France\",\"isPartOf\":{\"@id\":\"https:\/\/penosil.com\/fr\/#website\"},\"primaryImageOfPage\":{\"@id\":\"https:\/\/penosil.com\/fr\/produit\/vapour-proof-full-glue-tape-internal-410-ruban-pare-vapeur\/#primaryimage\"},\"image\":{\"@id\":\"https:\/\/penosil.com\/fr\/produit\/vapour-proof-full-glue-tape-internal-410-ruban-pare-vapeur\/#primaryimage\"},\"thumbnailUrl\":\"https:\/\/penosil.com\/fr\/wp-content\/uploads\/sites\/6\/2023\/08\/410_Vapour_Proof_Full_Glue_Tape_INT_410.png\",\"datePublished\":\"2023-09-13T09:12:26+00:00\",\"dateModified\":\"2026-01-22T13:54:49+00:00\",\"description\":\"PENOSIL Vapour Proof Full Glue Tape Internal 410 ruban pare-vapeur pour couvrir les joints de fen\u00eatres et de portes de l'int\u00e9rieur. En savoir plus!\",\"breadcrumb\":{\"@id\":\"https:\/\/penosil.com\/fr\/produit\/vapour-proof-full-glue-tape-internal-410-ruban-pare-vapeur\/#breadcrumb\"},\"inLanguage\":\"fr-FR\",\"potentialAction\":[{\"@type\":\"ReadAction\",\"target\":[\"https:\/\/penosil.com\/fr\/produit\/vapour-proof-full-glue-tape-internal-410-ruban-pare-vapeur\/\"]}]},{\"@type\":\"ImageObject\",\"inLanguage\":\"fr-FR\",\"@id\":\"https:\/\/penosil.com\/fr\/produit\/vapour-proof-full-glue-tape-internal-410-ruban-pare-vapeur\/#primaryimage\",\"url\":\"https:\/\/penosil.com\/fr\/wp-content\/uploads\/sites\/6\/2023\/08\/410_Vapour_Proof_Full_Glue_Tape_INT_410.png\",\"contentUrl\":\"https:\/\/penosil.com\/fr\/wp-content\/uploads\/sites\/6\/2023\/08\/410_Vapour_Proof_Full_Glue_Tape_INT_410.png\",\"width\":1827,\"height\":1080,\"caption\":\"Produit PENOSIL Vapour Proof Full Glue Tape Internal 410\"},{\"@type\":\"BreadcrumbList\",\"@id\":\"https:\/\/penosil.com\/fr\/produit\/vapour-proof-full-glue-tape-internal-410-ruban-pare-vapeur\/#breadcrumb\",\"itemListElement\":[{\"@type\":\"ListItem\",\"position\":1,\"name\":\"Accueil\",\"item\":\"https:\/\/penosil.com\/fr\/\"},{\"@type\":\"ListItem\",\"position\":2,\"name\":\"Produits\",\"item\":\"https:\/\/penosil.com\/fr\/produits-penosil\/\"},{\"@type\":\"ListItem\",\"position\":3,\"name\":\"Vapour Proof Full Glue Tape Internal 410\"}]},{\"@type\":\"WebSite\",\"@id\":\"https:\/\/penosil.com\/fr\/#website\",\"url\":\"https:\/\/penosil.com\/fr\/\",\"name\":\"Penosil France\",\"description\":\"\",\"potentialAction\":[{\"@type\":\"SearchAction\",\"target\":{\"@type\":\"EntryPoint\",\"urlTemplate\":\"https:\/\/penosil.com\/fr\/?s={search_term_string}\"},\"query-input\":{\"@type\":\"PropertyValueSpecification\",\"valueRequired\":true,\"valueName\":\"search_term_string\"}}],\"inLanguage\":\"fr-FR\"}]}<\/script>\n<!-- \/ Yoast SEO plugin. -->","yoast_head_json":{"title":"Vapour Proof Full Glue Tape INT 410 - Ruban pare-vapeur - Penosil France","description":"PENOSIL Vapour Proof Full Glue Tape Internal 410 ruban pare-vapeur pour couvrir les joints de fen\u00eatres et de portes de l'int\u00e9rieur. En savoir plus!","robots":{"index":"index","follow":"follow","max-snippet":"max-snippet:-1","max-image-preview":"max-image-preview:large","max-video-preview":"max-video-preview:-1"},"canonical":"https:\/\/penosil.com\/fr\/produit\/vapour-proof-full-glue-tape-internal-410-ruban-pare-vapeur\/","og_locale":"fr_FR","og_type":"article","og_title":"Vapour Proof Full Glue Tape INT 410 - Ruban pare-vapeur - Penosil France","og_description":"PENOSIL Vapour Proof Full Glue Tape Internal 410 ruban pare-vapeur pour couvrir les joints de fen\u00eatres et de portes de l'int\u00e9rieur. En savoir plus!","og_url":"https:\/\/penosil.com\/fr\/produit\/vapour-proof-full-glue-tape-internal-410-ruban-pare-vapeur\/","og_site_name":"Penosil France","article_modified_time":"2026-01-22T13:54:49+00:00","og_image":[{"width":1827,"height":1080,"url":"https:\/\/penosil.com\/fr\/wp-content\/uploads\/sites\/6\/2023\/08\/410_Vapour_Proof_Full_Glue_Tape_INT_410.png","type":"image\/png"}],"twitter_card":"summary_large_image","twitter_misc":{"Dur\u00e9e de lecture estim\u00e9e":"4 minutes"},"schema":{"@context":"https:\/\/schema.org","@graph":[{"@type":"WebPage","@id":"https:\/\/penosil.com\/fr\/produit\/vapour-proof-full-glue-tape-internal-410-ruban-pare-vapeur\/","url":"https:\/\/penosil.com\/fr\/produit\/vapour-proof-full-glue-tape-internal-410-ruban-pare-vapeur\/","name":"Vapour Proof Full Glue Tape INT 410 - Ruban pare-vapeur - Penosil France","isPartOf":{"@id":"https:\/\/penosil.com\/fr\/#website"},"primaryImageOfPage":{"@id":"https:\/\/penosil.com\/fr\/produit\/vapour-proof-full-glue-tape-internal-410-ruban-pare-vapeur\/#primaryimage"},"image":{"@id":"https:\/\/penosil.com\/fr\/produit\/vapour-proof-full-glue-tape-internal-410-ruban-pare-vapeur\/#primaryimage"},"thumbnailUrl":"https:\/\/penosil.com\/fr\/wp-content\/uploads\/sites\/6\/2023\/08\/410_Vapour_Proof_Full_Glue_Tape_INT_410.png","datePublished":"2023-09-13T09:12:26+00:00","dateModified":"2026-01-22T13:54:49+00:00","description":"PENOSIL Vapour Proof Full Glue Tape Internal 410 ruban pare-vapeur pour couvrir les joints de fen\u00eatres et de portes de l'int\u00e9rieur. En savoir plus!","breadcrumb":{"@id":"https:\/\/penosil.com\/fr\/produit\/vapour-proof-full-glue-tape-internal-410-ruban-pare-vapeur\/#breadcrumb"},"inLanguage":"fr-FR","potentialAction":[{"@type":"ReadAction","target":["https:\/\/penosil.com\/fr\/produit\/vapour-proof-full-glue-tape-internal-410-ruban-pare-vapeur\/"]}]},{"@type":"ImageObject","inLanguage":"fr-FR","@id":"https:\/\/penosil.com\/fr\/produit\/vapour-proof-full-glue-tape-internal-410-ruban-pare-vapeur\/#primaryimage","url":"https:\/\/penosil.com\/fr\/wp-content\/uploads\/sites\/6\/2023\/08\/410_Vapour_Proof_Full_Glue_Tape_INT_410.png","contentUrl":"https:\/\/penosil.com\/fr\/wp-content\/uploads\/sites\/6\/2023\/08\/410_Vapour_Proof_Full_Glue_Tape_INT_410.png","width":1827,"height":1080,"caption":"Produit PENOSIL Vapour Proof Full Glue Tape Internal 410"},{"@type":"BreadcrumbList","@id":"https:\/\/penosil.com\/fr\/produit\/vapour-proof-full-glue-tape-internal-410-ruban-pare-vapeur\/#breadcrumb","itemListElement":[{"@type":"ListItem","position":1,"name":"Accueil","item":"https:\/\/penosil.com\/fr\/"},{"@type":"ListItem","position":2,"name":"Produits","item":"https:\/\/penosil.com\/fr\/produits-penosil\/"},{"@type":"ListItem","position":3,"name":"Vapour Proof Full Glue Tape Internal 410"}]},{"@type":"WebSite","@id":"https:\/\/penosil.com\/fr\/#website","url":"https:\/\/penosil.com\/fr\/","name":"Penosil France","description":"","potentialAction":[{"@type":"SearchAction","target":{"@type":"EntryPoint","urlTemplate":"https:\/\/penosil.com\/fr\/?s={search_term_string}"},"query-input":{"@type":"PropertyValueSpecification","valueRequired":true,"valueName":"search_term_string"}}],"inLanguage":"fr-FR"}]}},"featured_img":"https:\/\/penosil.com\/fr\/wp-content\/uploads\/sites\/6\/2023\/08\/410_Vapour_Proof_Full_Glue_Tape_INT_410.png","coauthors":[],"author_meta":{"author_link":"https:\/\/penosil.com\/fr\/author\/armand\/","display_name":"armand"},"relative_dates":{"created":"Publi\u00e9 3 ans il y a","modified":"Mis \u00e0 jour 3 mois il y a"},"absolute_dates":{"created":"Publi\u00e9 le 13 septembre 2023","modified":"Mise \u00e0 jour le 22 janvier 2026"},"absolute_dates_time":{"created":"Publi\u00e9 le 13 septembre 2023 9h12","modified":"Mise \u00e0 jour le 22 janvier 2026 13h54"},"featured_img_caption":"Produit PENOSIL Vapour Proof Full Glue Tape Internal 410","tax_additional":{"product_brand":{"linked":[],"unlinked":[],"slug":"product_brand","name":"Marques"},"product_type":{"linked":["<a href=\"https:\/\/penosil.com\/fr\/?taxonomy=product_type&#038;term=variable\" class=\"advgb-post-tax-term\">variable<\/a>"],"unlinked":["<span class=\"advgb-post-tax-term\">variable<\/span>"],"slug":"product_type","name":"Type de produit"},"product_visibility":{"linked":["<a href=\"https:\/\/penosil.com\/fr\/en\/?taxonomy=product_visibility&#038;term=outofstock\" class=\"advgb-post-tax-term\">outofstock<\/a>"],"unlinked":["<span class=\"advgb-post-tax-term\">outofstock<\/span>"],"slug":"product_visibility","name":"Visibilit\u00e9 du produit"},"product_cat":{"linked":["<a href=\"https:\/\/penosil.com\/fr\/categorie-produit\/domaines-dapplication\/\" class=\"advgb-post-tax-term\">Domaines d&#039;application<\/a>","<a href=\"https:\/\/penosil.com\/fr\/categorie-produit\/domaines-dapplication\/porte-et-fenetre\/\" class=\"advgb-post-tax-term\">Porte &amp; Fen\u00eatre<\/a>","<a href=\"https:\/\/penosil.com\/fr\/categorie-produit\/categories-de-produits\/\" class=\"advgb-post-tax-term\">Cat\u00e9gories de produits<\/a>","<a href=\"https:\/\/penosil.com\/fr\/categorie-produit\/categories-de-produits\/membranes-et-joints-detancheite\/\" class=\"advgb-post-tax-term\">Membranes &amp; joints d&#039;\u00e9tanch\u00e9it\u00e9<\/a>","<a href=\"https:\/\/penosil.com\/fr\/categorie-produit\/categories-de-produits\/membranes-et-joints-detancheite\/membranes-et-bandes-pour-menuiserie\/\" class=\"advgb-post-tax-term\">Membranes &amp; bandes pour menuiserie<\/a>"],"unlinked":["<span class=\"advgb-post-tax-term\">Domaines d&#039;application<\/span>","<span class=\"advgb-post-tax-term\">Porte &amp; Fen\u00eatre<\/span>","<span class=\"advgb-post-tax-term\">Cat\u00e9gories de produits<\/span>","<span class=\"advgb-post-tax-term\">Membranes &amp; joints d&#039;\u00e9tanch\u00e9it\u00e9<\/span>","<span class=\"advgb-post-tax-term\">Membranes &amp; bandes pour menuiserie<\/span>"],"slug":"product_cat","name":"Cat\u00e9gories de produits"},"product_tag":{"linked":[],"unlinked":[],"slug":"product_tag","name":"\u00c9tiquettes produit"},"product_shipping_class":{"linked":[],"unlinked":[],"slug":"product_shipping_class","name":"Classe d\u2019exp\u00e9dition du produit"},"pos_product_visibility":{"linked":[],"unlinked":[],"slug":"pos_product_visibility","name":"Visibilit\u00e9 du produit sur le point de vente"},"pa_couleur":{"linked":["<a href=\"https:\/\/penosil.com\/fr\/?taxonomy=pa_couleur&#038;term=gris\" class=\"advgb-post-tax-term\">Gris<\/a>"],"unlinked":["<span class=\"advgb-post-tax-term\">Gris<\/span>"],"slug":"pa_couleur","name":"Product Couleur"},"pa_emballage":{"linked":["<a href=\"https:\/\/penosil.com\/fr\/?taxonomy=pa_emballage&#038;term=100mm-2\" class=\"advgb-post-tax-term\">100mm<\/a>","<a href=\"https:\/\/penosil.com\/fr\/?taxonomy=pa_emballage&#038;term=150mm-2\" class=\"advgb-post-tax-term\">150mm<\/a>","<a href=\"https:\/\/penosil.com\/fr\/?taxonomy=pa_emballage&#038;term=75mm-2\" class=\"advgb-post-tax-term\">75mm<\/a>"],"unlinked":["<span class=\"advgb-post-tax-term\">100mm<\/span>","<span class=\"advgb-post-tax-term\">150mm<\/span>","<span class=\"advgb-post-tax-term\">75mm<\/span>"],"slug":"pa_emballage","name":"Product Emballage"},"translation_priority":{"linked":["<a href=\"https:\/\/penosil.com\/fr\/?taxonomy=translation_priority&#038;term=facultatif\" class=\"advgb-post-tax-term\">Facultatif<\/a>"],"unlinked":["<span class=\"advgb-post-tax-term\">Facultatif<\/span>"],"slug":"translation_priority","name":"Priorit\u00e9s de traduction"}},"series_order":"","_links":{"self":[{"href":"https:\/\/penosil.com\/fr\/wp-json\/wp\/v2\/product\/9447","targetHints":{"allow":["GET"]}}],"collection":[{"href":"https:\/\/penosil.com\/fr\/wp-json\/wp\/v2\/product"}],"about":[{"href":"https:\/\/penosil.com\/fr\/wp-json\/wp\/v2\/types\/product"}],"version-history":[{"count":3,"href":"https:\/\/penosil.com\/fr\/wp-json\/wp\/v2\/product\/9447\/revisions"}],"predecessor-version":[{"id":10893,"href":"https:\/\/penosil.com\/fr\/wp-json\/wp\/v2\/product\/9447\/revisions\/10893"}],"wp:featuredmedia":[{"embeddable":true,"href":"https:\/\/penosil.com\/fr\/wp-json\/wp\/v2\/media\/9448"}],"wp:attachment":[{"href":"https:\/\/penosil.com\/fr\/wp-json\/wp\/v2\/media?parent=9447"}],"wp:term":[{"taxonomy":"product_brand","embeddable":true,"href":"https:\/\/penosil.com\/fr\/wp-json\/wp\/v2\/product_brand?post=9447"},{"taxonomy":"product_cat","embeddable":true,"href":"https:\/\/penosil.com\/fr\/wp-json\/wp\/v2\/product_cat?post=9447"},{"taxonomy":"product_tag","embeddable":true,"href":"https:\/\/penosil.com\/fr\/wp-json\/wp\/v2\/product_tag?post=9447"}],"curies":[{"name":"wp","href":"https:\/\/api.w.org\/{rel}","templated":true}]}}