{"id":9452,"date":"2023-12-18T09:42:38","date_gmt":"2023-12-18T09:42:38","guid":{"rendered":"https:\/\/penosil.com\/fr\/?post_type=product&#038;p=9452"},"modified":"2026-03-31T01:11:18","modified_gmt":"2026-03-31T01:11:18","slug":"prefaseal-635-pate-prete-a-lemploi","status":"publish","type":"product","link":"https:\/\/penosil.com\/fr\/produit\/prefaseal-635-pate-prete-a-lemploi\/","title":{"rendered":"Prefaseal 635"},"content":{"rendered":"<p>P\u00e2te pr\u00eate \u00e0 l\u2019emploi pour joints de pr\u00e9dalles &amp; pr\u00e9murs.<\/p>\n","protected":false},"excerpt":{"rendered":"P\u00e2te pr\u00eate \u00e0 l\u2019emploi pour joints de pr\u00e9dalles &amp; pr\u00e9murs.","protected":false},"author":24,"featured_media":9634,"template":"","meta":{"_acf_changed":false,"advgb_blocks_editor_width":"","advgb_blocks_columns_visual_guide":"","footnotes":""},"product_brand":[],"product_cat":[330,830,2319,1357,1457],"product_tag":[],"class_list":{"0":"post-9452","1":"product","2":"type-product","3":"status-publish","4":"has-post-thumbnail","6":"product_cat-domaines-dapplication","7":"product_cat-construction-generale-2","8":"product_cat-produits-de-remplissage","9":"product_cat-categories-de-produits","10":"product_cat-traitements-de-surface","12":"first","13":"outofstock","14":"taxable","15":"shipping-taxable","16":"purchasable","17":"product-type-simple"},"acf":[],"yoast_head":"<!-- This site is optimized with the Yoast SEO plugin v27.2 - https:\/\/yoast.com\/product\/yoast-seo-wordpress\/ -->\n<title>Prefaseal 635 - P\u00e2te pr\u00eate \u00e0 l&#039;emploi - Penosil France<\/title>\n<meta name=\"description\" content=\"PENOSIL Prefaseal 635 p\u00e2te pr\u00eate \u00e0 l&#039;emploi pour joints de pr\u00e9dalles &amp; pr\u00e9murs, excellente adh\u00e9rence sur tous supports poreux. En savoir plus!\" \/>\n<meta name=\"robots\" content=\"index, follow, max-snippet:-1, max-image-preview:large, max-video-preview:-1\" \/>\n<link rel=\"canonical\" href=\"https:\/\/penosil.com\/fr\/produit\/prefaseal-635-pate-prete-a-lemploi\/\" \/>\n<meta property=\"og:locale\" content=\"fr_FR\" \/>\n<meta property=\"og:type\" content=\"article\" \/>\n<meta property=\"og:title\" content=\"Prefaseal 635 - P\u00e2te pr\u00eate \u00e0 l&#039;emploi - Penosil France\" \/>\n<meta property=\"og:description\" content=\"PENOSIL Prefaseal 635 p\u00e2te pr\u00eate \u00e0 l&#039;emploi pour joints de pr\u00e9dalles &amp; pr\u00e9murs, excellente adh\u00e9rence sur tous supports poreux. En savoir plus!\" \/>\n<meta property=\"og:url\" content=\"https:\/\/penosil.com\/fr\/produit\/prefaseal-635-pate-prete-a-lemploi\/\" \/>\n<meta property=\"og:site_name\" content=\"Penosil France\" \/>\n<meta property=\"article:modified_time\" content=\"2026-03-31T01:11:18+00:00\" \/>\n<meta property=\"og:image\" content=\"https:\/\/penosil.com\/fr\/wp-content\/uploads\/sites\/6\/2023\/10\/635_PrefaSeal_635.png\" \/>\n\t<meta property=\"og:image:width\" content=\"831\" \/>\n\t<meta property=\"og:image:height\" content=\"648\" \/>\n\t<meta property=\"og:image:type\" content=\"image\/png\" \/>\n<meta name=\"twitter:card\" content=\"summary_large_image\" \/>\n<meta name=\"twitter:label1\" content=\"Dur\u00e9e de lecture estim\u00e9e\" \/>\n\t<meta name=\"twitter:data1\" content=\"3 minutes\" \/>\n<script type=\"application\/ld+json\" class=\"yoast-schema-graph\">{\"@context\":\"https:\/\/schema.org\",\"@graph\":[{\"@type\":\"WebPage\",\"@id\":\"https:\/\/penosil.com\/fr\/produit\/prefaseal-635-pate-prete-a-lemploi\/\",\"url\":\"https:\/\/penosil.com\/fr\/produit\/prefaseal-635-pate-prete-a-lemploi\/\",\"name\":\"Prefaseal 635 - P\u00e2te pr\u00eate \u00e0 l'emploi - Penosil France\",\"isPartOf\":{\"@id\":\"https:\/\/penosil.com\/fr\/#website\"},\"primaryImageOfPage\":{\"@id\":\"https:\/\/penosil.com\/fr\/produit\/prefaseal-635-pate-prete-a-lemploi\/#primaryimage\"},\"image\":{\"@id\":\"https:\/\/penosil.com\/fr\/produit\/prefaseal-635-pate-prete-a-lemploi\/#primaryimage\"},\"thumbnailUrl\":\"https:\/\/penosil.com\/fr\/wp-content\/uploads\/sites\/6\/2023\/10\/635_PrefaSeal_635.png\",\"datePublished\":\"2023-12-18T09:42:38+00:00\",\"dateModified\":\"2026-03-31T01:11:18+00:00\",\"description\":\"PENOSIL Prefaseal 635 p\u00e2te pr\u00eate \u00e0 l'emploi pour joints de pr\u00e9dalles & pr\u00e9murs, excellente adh\u00e9rence sur tous supports poreux. En savoir plus!\",\"breadcrumb\":{\"@id\":\"https:\/\/penosil.com\/fr\/produit\/prefaseal-635-pate-prete-a-lemploi\/#breadcrumb\"},\"inLanguage\":\"fr-FR\",\"potentialAction\":[{\"@type\":\"ReadAction\",\"target\":[\"https:\/\/penosil.com\/fr\/produit\/prefaseal-635-pate-prete-a-lemploi\/\"]}]},{\"@type\":\"ImageObject\",\"inLanguage\":\"fr-FR\",\"@id\":\"https:\/\/penosil.com\/fr\/produit\/prefaseal-635-pate-prete-a-lemploi\/#primaryimage\",\"url\":\"https:\/\/penosil.com\/fr\/wp-content\/uploads\/sites\/6\/2023\/10\/635_PrefaSeal_635.png\",\"contentUrl\":\"https:\/\/penosil.com\/fr\/wp-content\/uploads\/sites\/6\/2023\/10\/635_PrefaSeal_635.png\",\"width\":831,\"height\":648,\"caption\":\"Produit PENOSIL PrefaSeal 635\"},{\"@type\":\"BreadcrumbList\",\"@id\":\"https:\/\/penosil.com\/fr\/produit\/prefaseal-635-pate-prete-a-lemploi\/#breadcrumb\",\"itemListElement\":[{\"@type\":\"ListItem\",\"position\":1,\"name\":\"Accueil\",\"item\":\"https:\/\/penosil.com\/fr\/\"},{\"@type\":\"ListItem\",\"position\":2,\"name\":\"Produits\",\"item\":\"https:\/\/penosil.com\/fr\/produits-penosil\/\"},{\"@type\":\"ListItem\",\"position\":3,\"name\":\"Prefaseal 635\"}]},{\"@type\":\"WebSite\",\"@id\":\"https:\/\/penosil.com\/fr\/#website\",\"url\":\"https:\/\/penosil.com\/fr\/\",\"name\":\"Penosil France\",\"description\":\"\",\"potentialAction\":[{\"@type\":\"SearchAction\",\"target\":{\"@type\":\"EntryPoint\",\"urlTemplate\":\"https:\/\/penosil.com\/fr\/?s={search_term_string}\"},\"query-input\":{\"@type\":\"PropertyValueSpecification\",\"valueRequired\":true,\"valueName\":\"search_term_string\"}}],\"inLanguage\":\"fr-FR\"}]}<\/script>\n<!-- \/ Yoast SEO plugin. -->","yoast_head_json":{"title":"Prefaseal 635 - P\u00e2te pr\u00eate \u00e0 l'emploi - Penosil France","description":"PENOSIL Prefaseal 635 p\u00e2te pr\u00eate \u00e0 l'emploi pour joints de pr\u00e9dalles & pr\u00e9murs, excellente adh\u00e9rence sur tous supports poreux. En savoir plus!","robots":{"index":"index","follow":"follow","max-snippet":"max-snippet:-1","max-image-preview":"max-image-preview:large","max-video-preview":"max-video-preview:-1"},"canonical":"https:\/\/penosil.com\/fr\/produit\/prefaseal-635-pate-prete-a-lemploi\/","og_locale":"fr_FR","og_type":"article","og_title":"Prefaseal 635 - P\u00e2te pr\u00eate \u00e0 l'emploi - Penosil France","og_description":"PENOSIL Prefaseal 635 p\u00e2te pr\u00eate \u00e0 l'emploi pour joints de pr\u00e9dalles & pr\u00e9murs, excellente adh\u00e9rence sur tous supports poreux. En savoir plus!","og_url":"https:\/\/penosil.com\/fr\/produit\/prefaseal-635-pate-prete-a-lemploi\/","og_site_name":"Penosil France","article_modified_time":"2026-03-31T01:11:18+00:00","og_image":[{"width":831,"height":648,"url":"https:\/\/penosil.com\/fr\/wp-content\/uploads\/sites\/6\/2023\/10\/635_PrefaSeal_635.png","type":"image\/png"}],"twitter_card":"summary_large_image","twitter_misc":{"Dur\u00e9e de lecture estim\u00e9e":"3 minutes"},"schema":{"@context":"https:\/\/schema.org","@graph":[{"@type":"WebPage","@id":"https:\/\/penosil.com\/fr\/produit\/prefaseal-635-pate-prete-a-lemploi\/","url":"https:\/\/penosil.com\/fr\/produit\/prefaseal-635-pate-prete-a-lemploi\/","name":"Prefaseal 635 - P\u00e2te pr\u00eate \u00e0 l'emploi - Penosil France","isPartOf":{"@id":"https:\/\/penosil.com\/fr\/#website"},"primaryImageOfPage":{"@id":"https:\/\/penosil.com\/fr\/produit\/prefaseal-635-pate-prete-a-lemploi\/#primaryimage"},"image":{"@id":"https:\/\/penosil.com\/fr\/produit\/prefaseal-635-pate-prete-a-lemploi\/#primaryimage"},"thumbnailUrl":"https:\/\/penosil.com\/fr\/wp-content\/uploads\/sites\/6\/2023\/10\/635_PrefaSeal_635.png","datePublished":"2023-12-18T09:42:38+00:00","dateModified":"2026-03-31T01:11:18+00:00","description":"PENOSIL Prefaseal 635 p\u00e2te pr\u00eate \u00e0 l'emploi pour joints de pr\u00e9dalles & pr\u00e9murs, excellente adh\u00e9rence sur tous supports poreux. En savoir plus!","breadcrumb":{"@id":"https:\/\/penosil.com\/fr\/produit\/prefaseal-635-pate-prete-a-lemploi\/#breadcrumb"},"inLanguage":"fr-FR","potentialAction":[{"@type":"ReadAction","target":["https:\/\/penosil.com\/fr\/produit\/prefaseal-635-pate-prete-a-lemploi\/"]}]},{"@type":"ImageObject","inLanguage":"fr-FR","@id":"https:\/\/penosil.com\/fr\/produit\/prefaseal-635-pate-prete-a-lemploi\/#primaryimage","url":"https:\/\/penosil.com\/fr\/wp-content\/uploads\/sites\/6\/2023\/10\/635_PrefaSeal_635.png","contentUrl":"https:\/\/penosil.com\/fr\/wp-content\/uploads\/sites\/6\/2023\/10\/635_PrefaSeal_635.png","width":831,"height":648,"caption":"Produit PENOSIL PrefaSeal 635"},{"@type":"BreadcrumbList","@id":"https:\/\/penosil.com\/fr\/produit\/prefaseal-635-pate-prete-a-lemploi\/#breadcrumb","itemListElement":[{"@type":"ListItem","position":1,"name":"Accueil","item":"https:\/\/penosil.com\/fr\/"},{"@type":"ListItem","position":2,"name":"Produits","item":"https:\/\/penosil.com\/fr\/produits-penosil\/"},{"@type":"ListItem","position":3,"name":"Prefaseal 635"}]},{"@type":"WebSite","@id":"https:\/\/penosil.com\/fr\/#website","url":"https:\/\/penosil.com\/fr\/","name":"Penosil France","description":"","potentialAction":[{"@type":"SearchAction","target":{"@type":"EntryPoint","urlTemplate":"https:\/\/penosil.com\/fr\/?s={search_term_string}"},"query-input":{"@type":"PropertyValueSpecification","valueRequired":true,"valueName":"search_term_string"}}],"inLanguage":"fr-FR"}]}},"featured_img":"https:\/\/penosil.com\/fr\/wp-content\/uploads\/sites\/6\/2023\/10\/635_PrefaSeal_635.png","coauthors":[],"author_meta":{"author_link":"https:\/\/penosil.com\/fr\/author\/armand\/","display_name":"armand"},"relative_dates":{"created":"Publi\u00e9 2 ans il y a","modified":"Mis \u00e0 jour 2 semaines il y a"},"absolute_dates":{"created":"Publi\u00e9 le 18 d\u00e9cembre 2023","modified":"Mise \u00e0 jour le 31 mars 2026"},"absolute_dates_time":{"created":"Publi\u00e9 le 18 d\u00e9cembre 2023 9h42","modified":"Mise \u00e0 jour le 31 mars 2026 1h11"},"featured_img_caption":"Produit PENOSIL PrefaSeal 635","tax_additional":{"product_brand":{"linked":[],"unlinked":[],"slug":"product_brand","name":"Marques"},"product_type":{"linked":["<a href=\"https:\/\/penosil.com\/fr\/?taxonomy=product_type&#038;term=simple\" class=\"advgb-post-tax-term\">simple<\/a>"],"unlinked":["<span class=\"advgb-post-tax-term\">simple<\/span>"],"slug":"product_type","name":"Type de produit"},"product_visibility":{"linked":["<a href=\"https:\/\/penosil.com\/fr\/en\/?taxonomy=product_visibility&#038;term=outofstock\" class=\"advgb-post-tax-term\">outofstock<\/a>"],"unlinked":["<span class=\"advgb-post-tax-term\">outofstock<\/span>"],"slug":"product_visibility","name":"Visibilit\u00e9 du produit"},"product_cat":{"linked":["<a href=\"https:\/\/penosil.com\/fr\/categorie-produit\/domaines-dapplication\/\" class=\"advgb-post-tax-term\">Domaines d&#039;application<\/a>","<a href=\"https:\/\/penosil.com\/fr\/categorie-produit\/domaines-dapplication\/construction-generale-2\/\" class=\"advgb-post-tax-term\">Construction<\/a>","<a href=\"https:\/\/penosil.com\/fr\/categorie-produit\/categories-de-produits\/traitements-de-surface\/produits-de-remplissage\/\" class=\"advgb-post-tax-term\">Produits de remplissage<\/a>","<a href=\"https:\/\/penosil.com\/fr\/categorie-produit\/categories-de-produits\/\" class=\"advgb-post-tax-term\">Cat\u00e9gories de produits<\/a>","<a href=\"https:\/\/penosil.com\/fr\/categorie-produit\/categories-de-produits\/traitements-de-surface\/\" class=\"advgb-post-tax-term\">Traitements de surface<\/a>"],"unlinked":["<span class=\"advgb-post-tax-term\">Domaines d&#039;application<\/span>","<span class=\"advgb-post-tax-term\">Construction<\/span>","<span class=\"advgb-post-tax-term\">Produits de remplissage<\/span>","<span class=\"advgb-post-tax-term\">Cat\u00e9gories de produits<\/span>","<span class=\"advgb-post-tax-term\">Traitements de surface<\/span>"],"slug":"product_cat","name":"Cat\u00e9gories de produits"},"product_tag":{"linked":[],"unlinked":[],"slug":"product_tag","name":"\u00c9tiquettes produit"},"product_shipping_class":{"linked":[],"unlinked":[],"slug":"product_shipping_class","name":"Classe d\u2019exp\u00e9dition du produit"},"pos_product_visibility":{"linked":[],"unlinked":[],"slug":"pos_product_visibility","name":"Visibilit\u00e9 du produit sur le point de vente"},"pa_couleur":{"linked":["<a href=\"https:\/\/penosil.com\/fr\/?taxonomy=pa_couleur&#038;term=gris\" class=\"advgb-post-tax-term\">Gris<\/a>"],"unlinked":["<span class=\"advgb-post-tax-term\">Gris<\/span>"],"slug":"pa_couleur","name":"Product Couleur"},"pa_emballage":{"linked":["<a href=\"https:\/\/penosil.com\/fr\/?taxonomy=pa_emballage&#038;term=175-l\" class=\"advgb-post-tax-term\">17,5 L<\/a>"],"unlinked":["<span class=\"advgb-post-tax-term\">17,5 L<\/span>"],"slug":"pa_emballage","name":"Product Emballage"},"translation_priority":{"linked":["<a href=\"https:\/\/penosil.com\/fr\/?taxonomy=translation_priority&#038;term=facultatif\" class=\"advgb-post-tax-term\">Facultatif<\/a>"],"unlinked":["<span class=\"advgb-post-tax-term\">Facultatif<\/span>"],"slug":"translation_priority","name":"Priorit\u00e9s de traduction"}},"series_order":"","_links":{"self":[{"href":"https:\/\/penosil.com\/fr\/wp-json\/wp\/v2\/product\/9452","targetHints":{"allow":["GET"]}}],"collection":[{"href":"https:\/\/penosil.com\/fr\/wp-json\/wp\/v2\/product"}],"about":[{"href":"https:\/\/penosil.com\/fr\/wp-json\/wp\/v2\/types\/product"}],"version-history":[{"count":4,"href":"https:\/\/penosil.com\/fr\/wp-json\/wp\/v2\/product\/9452\/revisions"}],"predecessor-version":[{"id":12403,"href":"https:\/\/penosil.com\/fr\/wp-json\/wp\/v2\/product\/9452\/revisions\/12403"}],"wp:featuredmedia":[{"embeddable":true,"href":"https:\/\/penosil.com\/fr\/wp-json\/wp\/v2\/media\/9634"}],"wp:attachment":[{"href":"https:\/\/penosil.com\/fr\/wp-json\/wp\/v2\/media?parent=9452"}],"wp:term":[{"taxonomy":"product_brand","embeddable":true,"href":"https:\/\/penosil.com\/fr\/wp-json\/wp\/v2\/product_brand?post=9452"},{"taxonomy":"product_cat","embeddable":true,"href":"https:\/\/penosil.com\/fr\/wp-json\/wp\/v2\/product_cat?post=9452"},{"taxonomy":"product_tag","embeddable":true,"href":"https:\/\/penosil.com\/fr\/wp-json\/wp\/v2\/product_tag?post=9452"}],"curies":[{"name":"wp","href":"https:\/\/api.w.org\/{rel}","templated":true}]}}