{"id":9600,"date":"2023-10-05T13:14:54","date_gmt":"2023-10-05T13:14:54","guid":{"rendered":"https:\/\/penosil.com\/fr\/?post_type=product&#038;p=9600"},"modified":"2026-01-15T09:56:26","modified_gmt":"2026-01-15T09:56:26","slug":"foamgun-g1-pistolet-dapplication-de-mousse-pro","status":"publish","type":"product","link":"https:\/\/penosil.com\/fr\/produit\/foamgun-g1-pistolet-dapplication-de-mousse-pro\/","title":{"rendered":"FoamGun G1"},"content":{"rendered":"<p>Pistolet d\u2019application de mousse pro, l\u00e9ger avec un canon en acier inoxydable fin et long qui permet de s\u2019adapter m\u00eame aux petites cavit\u00e9s. Dosage de la mousse tr\u00e8s pr\u00e9cis.<\/p>\n","protected":false},"excerpt":{"rendered":"Pistolet d\u2019application de mousse pro, l\u00e9ger avec un canon en acier inoxydable fin et long qui permet de s\u2019adapter m\u00eame aux petites cavit\u00e9s. Dosage de la mousse tr\u00e8s pr\u00e9cis.","protected":false},"author":24,"featured_media":9602,"template":"","meta":{"_acf_changed":false,"advgb_blocks_editor_width":"","advgb_blocks_columns_visual_guide":"","footnotes":""},"product_brand":[],"product_cat":[330,830,2323,1357,1813,1266],"product_tag":[],"class_list":{"0":"post-9600","1":"product","2":"type-product","3":"status-publish","4":"has-post-thumbnail","6":"product_cat-domaines-dapplication","7":"product_cat-construction-generale-2","8":"product_cat-pistolets-mousses-pu","9":"product_cat-categories-de-produits","10":"product_cat-outils-et-nettoyants","11":"product_cat-outil","13":"first","14":"outofstock","15":"taxable","16":"shipping-taxable","17":"purchasable","18":"product-type-simple"},"acf":[],"yoast_head":"<!-- This site is optimized with the Yoast SEO plugin v27.2 - https:\/\/yoast.com\/product\/yoast-seo-wordpress\/ -->\n<title>Pistolet d&#039;application de mousse pro - FoamGun G1 - Penosil France<\/title>\n<meta name=\"description\" content=\"PENOSIL FoamGun G1 pistolet d&#039;application de mousse pro, l\u00e9ger avec un canon en acier inoxydable fin et long. En savoir plus!\" \/>\n<meta name=\"robots\" content=\"index, follow, max-snippet:-1, max-image-preview:large, max-video-preview:-1\" \/>\n<link rel=\"canonical\" href=\"https:\/\/penosil.com\/fr\/produit\/foamgun-g1-pistolet-dapplication-de-mousse-pro\/\" \/>\n<meta property=\"og:locale\" content=\"fr_FR\" \/>\n<meta property=\"og:type\" content=\"article\" \/>\n<meta property=\"og:title\" content=\"Pistolet d&#039;application de mousse pro - FoamGun G1 - Penosil France\" \/>\n<meta property=\"og:description\" content=\"PENOSIL FoamGun G1 pistolet d&#039;application de mousse pro, l\u00e9ger avec un canon en acier inoxydable fin et long. En savoir plus!\" \/>\n<meta property=\"og:url\" content=\"https:\/\/penosil.com\/fr\/produit\/foamgun-g1-pistolet-dapplication-de-mousse-pro\/\" \/>\n<meta property=\"og:site_name\" content=\"Penosil France\" \/>\n<meta property=\"article:modified_time\" content=\"2026-01-15T09:56:26+00:00\" \/>\n<meta property=\"og:image\" content=\"https:\/\/penosil.com\/fr\/wp-content\/uploads\/sites\/6\/2023\/10\/Penosil_FoamGun_G1.png\" \/>\n\t<meta property=\"og:image:width\" content=\"2632\" \/>\n\t<meta property=\"og:image:height\" content=\"1440\" \/>\n\t<meta property=\"og:image:type\" content=\"image\/png\" \/>\n<meta name=\"twitter:card\" content=\"summary_large_image\" \/>\n<meta name=\"twitter:label1\" content=\"Dur\u00e9e de lecture estim\u00e9e\" \/>\n\t<meta name=\"twitter:data1\" content=\"2 minutes\" \/>\n<script type=\"application\/ld+json\" class=\"yoast-schema-graph\">{\"@context\":\"https:\/\/schema.org\",\"@graph\":[{\"@type\":\"WebPage\",\"@id\":\"https:\/\/penosil.com\/fr\/produit\/foamgun-g1-pistolet-dapplication-de-mousse-pro\/\",\"url\":\"https:\/\/penosil.com\/fr\/produit\/foamgun-g1-pistolet-dapplication-de-mousse-pro\/\",\"name\":\"Pistolet d'application de mousse pro - FoamGun G1 - Penosil France\",\"isPartOf\":{\"@id\":\"https:\/\/penosil.com\/fr\/#website\"},\"primaryImageOfPage\":{\"@id\":\"https:\/\/penosil.com\/fr\/produit\/foamgun-g1-pistolet-dapplication-de-mousse-pro\/#primaryimage\"},\"image\":{\"@id\":\"https:\/\/penosil.com\/fr\/produit\/foamgun-g1-pistolet-dapplication-de-mousse-pro\/#primaryimage\"},\"thumbnailUrl\":\"https:\/\/penosil.com\/fr\/wp-content\/uploads\/sites\/6\/2023\/10\/Penosil_FoamGun_G1.png\",\"datePublished\":\"2023-10-05T13:14:54+00:00\",\"dateModified\":\"2026-01-15T09:56:26+00:00\",\"description\":\"PENOSIL FoamGun G1 pistolet d'application de mousse pro, l\u00e9ger avec un canon en acier inoxydable fin et long. En savoir plus!\",\"breadcrumb\":{\"@id\":\"https:\/\/penosil.com\/fr\/produit\/foamgun-g1-pistolet-dapplication-de-mousse-pro\/#breadcrumb\"},\"inLanguage\":\"fr-FR\",\"potentialAction\":[{\"@type\":\"ReadAction\",\"target\":[\"https:\/\/penosil.com\/fr\/produit\/foamgun-g1-pistolet-dapplication-de-mousse-pro\/\"]}]},{\"@type\":\"ImageObject\",\"inLanguage\":\"fr-FR\",\"@id\":\"https:\/\/penosil.com\/fr\/produit\/foamgun-g1-pistolet-dapplication-de-mousse-pro\/#primaryimage\",\"url\":\"https:\/\/penosil.com\/fr\/wp-content\/uploads\/sites\/6\/2023\/10\/Penosil_FoamGun_G1.png\",\"contentUrl\":\"https:\/\/penosil.com\/fr\/wp-content\/uploads\/sites\/6\/2023\/10\/Penosil_FoamGun_G1.png\",\"width\":2632,\"height\":1440,\"caption\":\"Accessoire PENOSIL FoamGun G1\"},{\"@type\":\"BreadcrumbList\",\"@id\":\"https:\/\/penosil.com\/fr\/produit\/foamgun-g1-pistolet-dapplication-de-mousse-pro\/#breadcrumb\",\"itemListElement\":[{\"@type\":\"ListItem\",\"position\":1,\"name\":\"Accueil\",\"item\":\"https:\/\/penosil.com\/fr\/\"},{\"@type\":\"ListItem\",\"position\":2,\"name\":\"Produits\",\"item\":\"https:\/\/penosil.com\/fr\/produits-penosil\/\"},{\"@type\":\"ListItem\",\"position\":3,\"name\":\"FoamGun G1\"}]},{\"@type\":\"WebSite\",\"@id\":\"https:\/\/penosil.com\/fr\/#website\",\"url\":\"https:\/\/penosil.com\/fr\/\",\"name\":\"Penosil France\",\"description\":\"\",\"potentialAction\":[{\"@type\":\"SearchAction\",\"target\":{\"@type\":\"EntryPoint\",\"urlTemplate\":\"https:\/\/penosil.com\/fr\/?s={search_term_string}\"},\"query-input\":{\"@type\":\"PropertyValueSpecification\",\"valueRequired\":true,\"valueName\":\"search_term_string\"}}],\"inLanguage\":\"fr-FR\"}]}<\/script>\n<!-- \/ Yoast SEO plugin. -->","yoast_head_json":{"title":"Pistolet d'application de mousse pro - FoamGun G1 - Penosil France","description":"PENOSIL FoamGun G1 pistolet d'application de mousse pro, l\u00e9ger avec un canon en acier inoxydable fin et long. En savoir plus!","robots":{"index":"index","follow":"follow","max-snippet":"max-snippet:-1","max-image-preview":"max-image-preview:large","max-video-preview":"max-video-preview:-1"},"canonical":"https:\/\/penosil.com\/fr\/produit\/foamgun-g1-pistolet-dapplication-de-mousse-pro\/","og_locale":"fr_FR","og_type":"article","og_title":"Pistolet d'application de mousse pro - FoamGun G1 - Penosil France","og_description":"PENOSIL FoamGun G1 pistolet d'application de mousse pro, l\u00e9ger avec un canon en acier inoxydable fin et long. En savoir plus!","og_url":"https:\/\/penosil.com\/fr\/produit\/foamgun-g1-pistolet-dapplication-de-mousse-pro\/","og_site_name":"Penosil France","article_modified_time":"2026-01-15T09:56:26+00:00","og_image":[{"width":2632,"height":1440,"url":"https:\/\/penosil.com\/fr\/wp-content\/uploads\/sites\/6\/2023\/10\/Penosil_FoamGun_G1.png","type":"image\/png"}],"twitter_card":"summary_large_image","twitter_misc":{"Dur\u00e9e de lecture estim\u00e9e":"2 minutes"},"schema":{"@context":"https:\/\/schema.org","@graph":[{"@type":"WebPage","@id":"https:\/\/penosil.com\/fr\/produit\/foamgun-g1-pistolet-dapplication-de-mousse-pro\/","url":"https:\/\/penosil.com\/fr\/produit\/foamgun-g1-pistolet-dapplication-de-mousse-pro\/","name":"Pistolet d'application de mousse pro - FoamGun G1 - Penosil France","isPartOf":{"@id":"https:\/\/penosil.com\/fr\/#website"},"primaryImageOfPage":{"@id":"https:\/\/penosil.com\/fr\/produit\/foamgun-g1-pistolet-dapplication-de-mousse-pro\/#primaryimage"},"image":{"@id":"https:\/\/penosil.com\/fr\/produit\/foamgun-g1-pistolet-dapplication-de-mousse-pro\/#primaryimage"},"thumbnailUrl":"https:\/\/penosil.com\/fr\/wp-content\/uploads\/sites\/6\/2023\/10\/Penosil_FoamGun_G1.png","datePublished":"2023-10-05T13:14:54+00:00","dateModified":"2026-01-15T09:56:26+00:00","description":"PENOSIL FoamGun G1 pistolet d'application de mousse pro, l\u00e9ger avec un canon en acier inoxydable fin et long. En savoir plus!","breadcrumb":{"@id":"https:\/\/penosil.com\/fr\/produit\/foamgun-g1-pistolet-dapplication-de-mousse-pro\/#breadcrumb"},"inLanguage":"fr-FR","potentialAction":[{"@type":"ReadAction","target":["https:\/\/penosil.com\/fr\/produit\/foamgun-g1-pistolet-dapplication-de-mousse-pro\/"]}]},{"@type":"ImageObject","inLanguage":"fr-FR","@id":"https:\/\/penosil.com\/fr\/produit\/foamgun-g1-pistolet-dapplication-de-mousse-pro\/#primaryimage","url":"https:\/\/penosil.com\/fr\/wp-content\/uploads\/sites\/6\/2023\/10\/Penosil_FoamGun_G1.png","contentUrl":"https:\/\/penosil.com\/fr\/wp-content\/uploads\/sites\/6\/2023\/10\/Penosil_FoamGun_G1.png","width":2632,"height":1440,"caption":"Accessoire PENOSIL FoamGun G1"},{"@type":"BreadcrumbList","@id":"https:\/\/penosil.com\/fr\/produit\/foamgun-g1-pistolet-dapplication-de-mousse-pro\/#breadcrumb","itemListElement":[{"@type":"ListItem","position":1,"name":"Accueil","item":"https:\/\/penosil.com\/fr\/"},{"@type":"ListItem","position":2,"name":"Produits","item":"https:\/\/penosil.com\/fr\/produits-penosil\/"},{"@type":"ListItem","position":3,"name":"FoamGun G1"}]},{"@type":"WebSite","@id":"https:\/\/penosil.com\/fr\/#website","url":"https:\/\/penosil.com\/fr\/","name":"Penosil France","description":"","potentialAction":[{"@type":"SearchAction","target":{"@type":"EntryPoint","urlTemplate":"https:\/\/penosil.com\/fr\/?s={search_term_string}"},"query-input":{"@type":"PropertyValueSpecification","valueRequired":true,"valueName":"search_term_string"}}],"inLanguage":"fr-FR"}]}},"featured_img":"https:\/\/penosil.com\/fr\/wp-content\/uploads\/sites\/6\/2023\/10\/Penosil_FoamGun_G1.png","coauthors":[],"author_meta":{"author_link":"https:\/\/penosil.com\/fr\/author\/armand\/","display_name":"armand"},"relative_dates":{"created":"Publi\u00e9 3 ans il y a","modified":"Mis \u00e0 jour 3 mois il y a"},"absolute_dates":{"created":"Publi\u00e9 le 5 octobre 2023","modified":"Mise \u00e0 jour le 15 janvier 2026"},"absolute_dates_time":{"created":"Publi\u00e9 le 5 octobre 2023 13h14","modified":"Mise \u00e0 jour le 15 janvier 2026 9h56"},"featured_img_caption":"Accessoire PENOSIL FoamGun G1","tax_additional":{"product_brand":{"linked":[],"unlinked":[],"slug":"product_brand","name":"Marques"},"product_type":{"linked":["<a href=\"https:\/\/penosil.com\/fr\/?taxonomy=product_type&#038;term=simple\" class=\"advgb-post-tax-term\">simple<\/a>"],"unlinked":["<span class=\"advgb-post-tax-term\">simple<\/span>"],"slug":"product_type","name":"Type de produit"},"product_visibility":{"linked":["<a href=\"https:\/\/penosil.com\/fr\/en\/?taxonomy=product_visibility&#038;term=outofstock\" class=\"advgb-post-tax-term\">outofstock<\/a>"],"unlinked":["<span class=\"advgb-post-tax-term\">outofstock<\/span>"],"slug":"product_visibility","name":"Visibilit\u00e9 du produit"},"product_cat":{"linked":["<a href=\"https:\/\/penosil.com\/fr\/categorie-produit\/domaines-dapplication\/\" class=\"advgb-post-tax-term\">Domaines d&#039;application<\/a>","<a href=\"https:\/\/penosil.com\/fr\/categorie-produit\/domaines-dapplication\/construction-generale-2\/\" class=\"advgb-post-tax-term\">Construction<\/a>","<a href=\"https:\/\/penosil.com\/fr\/categorie-produit\/categories-de-produits\/outils-et-nettoyants\/pistolets-mousses-pu\/\" class=\"advgb-post-tax-term\">Pistolets \u00e0 mousses PU<\/a>","<a href=\"https:\/\/penosil.com\/fr\/categorie-produit\/categories-de-produits\/\" class=\"advgb-post-tax-term\">Cat\u00e9gories de produits<\/a>","<a href=\"https:\/\/penosil.com\/fr\/categorie-produit\/categories-de-produits\/outils-et-nettoyants\/\" class=\"advgb-post-tax-term\">Outils &amp; nettoyants<\/a>","<a href=\"https:\/\/penosil.com\/fr\/categorie-produit\/domaines-dapplication\/outil\/\" class=\"advgb-post-tax-term\">Outils<\/a>"],"unlinked":["<span class=\"advgb-post-tax-term\">Domaines d&#039;application<\/span>","<span class=\"advgb-post-tax-term\">Construction<\/span>","<span class=\"advgb-post-tax-term\">Pistolets \u00e0 mousses PU<\/span>","<span class=\"advgb-post-tax-term\">Cat\u00e9gories de produits<\/span>","<span class=\"advgb-post-tax-term\">Outils &amp; nettoyants<\/span>","<span class=\"advgb-post-tax-term\">Outils<\/span>"],"slug":"product_cat","name":"Cat\u00e9gories de produits"},"product_tag":{"linked":[],"unlinked":[],"slug":"product_tag","name":"\u00c9tiquettes produit"},"product_shipping_class":{"linked":[],"unlinked":[],"slug":"product_shipping_class","name":"Classe d\u2019exp\u00e9dition du produit"},"pos_product_visibility":{"linked":[],"unlinked":[],"slug":"pos_product_visibility","name":"Visibilit\u00e9 du produit sur le point de vente"},"pa_couleur":{"linked":[],"unlinked":[],"slug":"pa_couleur","name":"Product Couleur"},"pa_emballage":{"linked":[],"unlinked":[],"slug":"pa_emballage","name":"Product Emballage"},"translation_priority":{"linked":["<a href=\"https:\/\/penosil.com\/fr\/?taxonomy=translation_priority&#038;term=facultatif\" class=\"advgb-post-tax-term\">Facultatif<\/a>"],"unlinked":["<span class=\"advgb-post-tax-term\">Facultatif<\/span>"],"slug":"translation_priority","name":"Priorit\u00e9s de traduction"}},"series_order":"","_links":{"self":[{"href":"https:\/\/penosil.com\/fr\/wp-json\/wp\/v2\/product\/9600","targetHints":{"allow":["GET"]}}],"collection":[{"href":"https:\/\/penosil.com\/fr\/wp-json\/wp\/v2\/product"}],"about":[{"href":"https:\/\/penosil.com\/fr\/wp-json\/wp\/v2\/types\/product"}],"version-history":[{"count":4,"href":"https:\/\/penosil.com\/fr\/wp-json\/wp\/v2\/product\/9600\/revisions"}],"predecessor-version":[{"id":11915,"href":"https:\/\/penosil.com\/fr\/wp-json\/wp\/v2\/product\/9600\/revisions\/11915"}],"wp:featuredmedia":[{"embeddable":true,"href":"https:\/\/penosil.com\/fr\/wp-json\/wp\/v2\/media\/9602"}],"wp:attachment":[{"href":"https:\/\/penosil.com\/fr\/wp-json\/wp\/v2\/media?parent=9600"}],"wp:term":[{"taxonomy":"product_brand","embeddable":true,"href":"https:\/\/penosil.com\/fr\/wp-json\/wp\/v2\/product_brand?post=9600"},{"taxonomy":"product_cat","embeddable":true,"href":"https:\/\/penosil.com\/fr\/wp-json\/wp\/v2\/product_cat?post=9600"},{"taxonomy":"product_tag","embeddable":true,"href":"https:\/\/penosil.com\/fr\/wp-json\/wp\/v2\/product_tag?post=9600"}],"curies":[{"name":"wp","href":"https:\/\/api.w.org\/{rel}","templated":true}]}}