{"id":9640,"date":"2024-01-23T10:26:25","date_gmt":"2024-01-23T10:26:25","guid":{"rendered":"https:\/\/penosil.com\/fr\/?post_type=product&#038;p=9640"},"modified":"2026-04-07T23:00:15","modified_gmt":"2026-04-07T23:00:15","slug":"natural-stone-silicone-370-silicone-polyvalent","status":"publish","type":"product","link":"https:\/\/penosil.com\/fr\/produit\/natural-stone-silicone-370-silicone-polyvalent\/","title":{"rendered":"Natural Stone Silicone 370"},"content":{"rendered":"<p>Silicone polyvalent pour le b\u00e2timent, adapt\u00e9 \u00e0 la pierre naturelle. Produit d&rsquo;\u00e9tanch\u00e9it\u00e9 \u00e0 base de silicone \u00e0 durcissement neutre, \u00e0 haute \u00e9lasticit\u00e9 et capacit\u00e9 de mouvement, qui r\u00e9agit \u00e0 l&rsquo;humidit\u00e9 atmosph\u00e9rique en produisant un caoutchouc flexible.<\/p>\n","protected":false},"excerpt":{"rendered":"Silicone polyvalent pour le b\u00e2timent, adapt\u00e9 \u00e0 la pierre naturelle. Produit d&rsquo;\u00e9tanch\u00e9it\u00e9 \u00e0 base de silicone \u00e0 durcissement neutre, \u00e0 haute \u00e9lasticit\u00e9 et capacit\u00e9 de mouvement, qui r\u00e9agit \u00e0 l&rsquo;humidit\u00e9 atmosph\u00e9rique en produisant un caoutchouc flexible.","protected":false},"author":24,"featured_media":11073,"template":"","meta":{"_acf_changed":false,"advgb_blocks_editor_width":"","advgb_blocks_columns_visual_guide":"","footnotes":""},"product_brand":[],"product_cat":[330,830,2304,1357,1601],"product_tag":[],"class_list":{"0":"post-9640","1":"product","2":"type-product","3":"status-publish","4":"has-post-thumbnail","6":"product_cat-domaines-dapplication","7":"product_cat-construction-generale-2","8":"product_cat-silicones-neutres","9":"product_cat-categories-de-produits","10":"product_cat-mastics-detancheites","12":"first","13":"outofstock","14":"taxable","15":"shipping-taxable","16":"purchasable","17":"product-type-simple"},"acf":[],"yoast_head":"<!-- This site is optimized with the Yoast SEO plugin v27.2 - https:\/\/yoast.com\/product\/yoast-seo-wordpress\/ -->\n<title>Natural Stone Silicone 370 - Silicone polyvalent - Penosil France<\/title>\n<meta name=\"description\" content=\"Natural Stone Silicone 370 silicone polyvalent pour le b\u00e2timent, adapt\u00e9 \u00e0 la pierre naturelle, produit un caoutchouc flexible. En savoir plus!\" \/>\n<meta name=\"robots\" content=\"index, follow, max-snippet:-1, max-image-preview:large, max-video-preview:-1\" \/>\n<link rel=\"canonical\" href=\"https:\/\/penosil.com\/fr\/produit\/natural-stone-silicone-370-silicone-polyvalent\/\" \/>\n<meta property=\"og:locale\" content=\"fr_FR\" \/>\n<meta property=\"og:type\" content=\"article\" \/>\n<meta property=\"og:title\" content=\"Natural Stone Silicone 370 - Silicone polyvalent - Penosil France\" \/>\n<meta property=\"og:description\" content=\"Natural Stone Silicone 370 silicone polyvalent pour le b\u00e2timent, adapt\u00e9 \u00e0 la pierre naturelle, produit un caoutchouc flexible. En savoir plus!\" \/>\n<meta property=\"og:url\" content=\"https:\/\/penosil.com\/fr\/produit\/natural-stone-silicone-370-silicone-polyvalent\/\" \/>\n<meta property=\"og:site_name\" content=\"Penosil France\" \/>\n<meta property=\"article:modified_time\" content=\"2026-04-07T23:00:15+00:00\" \/>\n<meta property=\"og:image\" content=\"https:\/\/penosil.com\/fr\/wp-content\/uploads\/sites\/6\/2024\/01\/370_Natural_Stone_Silicone_370_FR.png\" \/>\n\t<meta property=\"og:image:width\" content=\"387\" \/>\n\t<meta property=\"og:image:height\" content=\"1080\" \/>\n\t<meta property=\"og:image:type\" content=\"image\/png\" \/>\n<meta name=\"twitter:card\" content=\"summary_large_image\" \/>\n<meta name=\"twitter:label1\" content=\"Dur\u00e9e de lecture estim\u00e9e\" \/>\n\t<meta name=\"twitter:data1\" content=\"5 minutes\" \/>\n<script type=\"application\/ld+json\" class=\"yoast-schema-graph\">{\"@context\":\"https:\/\/schema.org\",\"@graph\":[{\"@type\":\"WebPage\",\"@id\":\"https:\/\/penosil.com\/fr\/produit\/natural-stone-silicone-370-silicone-polyvalent\/\",\"url\":\"https:\/\/penosil.com\/fr\/produit\/natural-stone-silicone-370-silicone-polyvalent\/\",\"name\":\"Natural Stone Silicone 370 - Silicone polyvalent - Penosil France\",\"isPartOf\":{\"@id\":\"https:\/\/penosil.com\/fr\/#website\"},\"primaryImageOfPage\":{\"@id\":\"https:\/\/penosil.com\/fr\/produit\/natural-stone-silicone-370-silicone-polyvalent\/#primaryimage\"},\"image\":{\"@id\":\"https:\/\/penosil.com\/fr\/produit\/natural-stone-silicone-370-silicone-polyvalent\/#primaryimage\"},\"thumbnailUrl\":\"https:\/\/penosil.com\/fr\/wp-content\/uploads\/sites\/6\/2024\/01\/370_Natural_Stone_Silicone_370_FR.png\",\"datePublished\":\"2024-01-23T10:26:25+00:00\",\"dateModified\":\"2026-04-07T23:00:15+00:00\",\"description\":\"Natural Stone Silicone 370 silicone polyvalent pour le b\u00e2timent, adapt\u00e9 \u00e0 la pierre naturelle, produit un caoutchouc flexible. En savoir plus!\",\"breadcrumb\":{\"@id\":\"https:\/\/penosil.com\/fr\/produit\/natural-stone-silicone-370-silicone-polyvalent\/#breadcrumb\"},\"inLanguage\":\"fr-FR\",\"potentialAction\":[{\"@type\":\"ReadAction\",\"target\":[\"https:\/\/penosil.com\/fr\/produit\/natural-stone-silicone-370-silicone-polyvalent\/\"]}]},{\"@type\":\"ImageObject\",\"inLanguage\":\"fr-FR\",\"@id\":\"https:\/\/penosil.com\/fr\/produit\/natural-stone-silicone-370-silicone-polyvalent\/#primaryimage\",\"url\":\"https:\/\/penosil.com\/fr\/wp-content\/uploads\/sites\/6\/2024\/01\/370_Natural_Stone_Silicone_370_FR.png\",\"contentUrl\":\"https:\/\/penosil.com\/fr\/wp-content\/uploads\/sites\/6\/2024\/01\/370_Natural_Stone_Silicone_370_FR.png\",\"width\":387,\"height\":1080,\"caption\":\"Produit PENOSIL Natural Stone Silicone 370\"},{\"@type\":\"BreadcrumbList\",\"@id\":\"https:\/\/penosil.com\/fr\/produit\/natural-stone-silicone-370-silicone-polyvalent\/#breadcrumb\",\"itemListElement\":[{\"@type\":\"ListItem\",\"position\":1,\"name\":\"Accueil\",\"item\":\"https:\/\/penosil.com\/fr\/\"},{\"@type\":\"ListItem\",\"position\":2,\"name\":\"Produits\",\"item\":\"https:\/\/penosil.com\/fr\/produits-penosil\/\"},{\"@type\":\"ListItem\",\"position\":3,\"name\":\"Natural Stone Silicone 370\"}]},{\"@type\":\"WebSite\",\"@id\":\"https:\/\/penosil.com\/fr\/#website\",\"url\":\"https:\/\/penosil.com\/fr\/\",\"name\":\"Penosil France\",\"description\":\"\",\"potentialAction\":[{\"@type\":\"SearchAction\",\"target\":{\"@type\":\"EntryPoint\",\"urlTemplate\":\"https:\/\/penosil.com\/fr\/?s={search_term_string}\"},\"query-input\":{\"@type\":\"PropertyValueSpecification\",\"valueRequired\":true,\"valueName\":\"search_term_string\"}}],\"inLanguage\":\"fr-FR\"}]}<\/script>\n<!-- \/ Yoast SEO plugin. -->","yoast_head_json":{"title":"Natural Stone Silicone 370 - Silicone polyvalent - Penosil France","description":"Natural Stone Silicone 370 silicone polyvalent pour le b\u00e2timent, adapt\u00e9 \u00e0 la pierre naturelle, produit un caoutchouc flexible. En savoir plus!","robots":{"index":"index","follow":"follow","max-snippet":"max-snippet:-1","max-image-preview":"max-image-preview:large","max-video-preview":"max-video-preview:-1"},"canonical":"https:\/\/penosil.com\/fr\/produit\/natural-stone-silicone-370-silicone-polyvalent\/","og_locale":"fr_FR","og_type":"article","og_title":"Natural Stone Silicone 370 - Silicone polyvalent - Penosil France","og_description":"Natural Stone Silicone 370 silicone polyvalent pour le b\u00e2timent, adapt\u00e9 \u00e0 la pierre naturelle, produit un caoutchouc flexible. En savoir plus!","og_url":"https:\/\/penosil.com\/fr\/produit\/natural-stone-silicone-370-silicone-polyvalent\/","og_site_name":"Penosil France","article_modified_time":"2026-04-07T23:00:15+00:00","og_image":[{"width":387,"height":1080,"url":"https:\/\/penosil.com\/fr\/wp-content\/uploads\/sites\/6\/2024\/01\/370_Natural_Stone_Silicone_370_FR.png","type":"image\/png"}],"twitter_card":"summary_large_image","twitter_misc":{"Dur\u00e9e de lecture estim\u00e9e":"5 minutes"},"schema":{"@context":"https:\/\/schema.org","@graph":[{"@type":"WebPage","@id":"https:\/\/penosil.com\/fr\/produit\/natural-stone-silicone-370-silicone-polyvalent\/","url":"https:\/\/penosil.com\/fr\/produit\/natural-stone-silicone-370-silicone-polyvalent\/","name":"Natural Stone Silicone 370 - Silicone polyvalent - Penosil France","isPartOf":{"@id":"https:\/\/penosil.com\/fr\/#website"},"primaryImageOfPage":{"@id":"https:\/\/penosil.com\/fr\/produit\/natural-stone-silicone-370-silicone-polyvalent\/#primaryimage"},"image":{"@id":"https:\/\/penosil.com\/fr\/produit\/natural-stone-silicone-370-silicone-polyvalent\/#primaryimage"},"thumbnailUrl":"https:\/\/penosil.com\/fr\/wp-content\/uploads\/sites\/6\/2024\/01\/370_Natural_Stone_Silicone_370_FR.png","datePublished":"2024-01-23T10:26:25+00:00","dateModified":"2026-04-07T23:00:15+00:00","description":"Natural Stone Silicone 370 silicone polyvalent pour le b\u00e2timent, adapt\u00e9 \u00e0 la pierre naturelle, produit un caoutchouc flexible. En savoir plus!","breadcrumb":{"@id":"https:\/\/penosil.com\/fr\/produit\/natural-stone-silicone-370-silicone-polyvalent\/#breadcrumb"},"inLanguage":"fr-FR","potentialAction":[{"@type":"ReadAction","target":["https:\/\/penosil.com\/fr\/produit\/natural-stone-silicone-370-silicone-polyvalent\/"]}]},{"@type":"ImageObject","inLanguage":"fr-FR","@id":"https:\/\/penosil.com\/fr\/produit\/natural-stone-silicone-370-silicone-polyvalent\/#primaryimage","url":"https:\/\/penosil.com\/fr\/wp-content\/uploads\/sites\/6\/2024\/01\/370_Natural_Stone_Silicone_370_FR.png","contentUrl":"https:\/\/penosil.com\/fr\/wp-content\/uploads\/sites\/6\/2024\/01\/370_Natural_Stone_Silicone_370_FR.png","width":387,"height":1080,"caption":"Produit PENOSIL Natural Stone Silicone 370"},{"@type":"BreadcrumbList","@id":"https:\/\/penosil.com\/fr\/produit\/natural-stone-silicone-370-silicone-polyvalent\/#breadcrumb","itemListElement":[{"@type":"ListItem","position":1,"name":"Accueil","item":"https:\/\/penosil.com\/fr\/"},{"@type":"ListItem","position":2,"name":"Produits","item":"https:\/\/penosil.com\/fr\/produits-penosil\/"},{"@type":"ListItem","position":3,"name":"Natural Stone Silicone 370"}]},{"@type":"WebSite","@id":"https:\/\/penosil.com\/fr\/#website","url":"https:\/\/penosil.com\/fr\/","name":"Penosil France","description":"","potentialAction":[{"@type":"SearchAction","target":{"@type":"EntryPoint","urlTemplate":"https:\/\/penosil.com\/fr\/?s={search_term_string}"},"query-input":{"@type":"PropertyValueSpecification","valueRequired":true,"valueName":"search_term_string"}}],"inLanguage":"fr-FR"}]}},"featured_img":"https:\/\/penosil.com\/fr\/wp-content\/uploads\/sites\/6\/2024\/01\/370_Natural_Stone_Silicone_370_FR.png","coauthors":[],"author_meta":{"author_link":"https:\/\/penosil.com\/fr\/author\/armand\/","display_name":"armand"},"relative_dates":{"created":"Publi\u00e9 2 ans il y a","modified":"Mis \u00e0 jour 1 semaine il y a"},"absolute_dates":{"created":"Publi\u00e9 le 23 janvier 2024","modified":"Mise \u00e0 jour le 7 avril 2026"},"absolute_dates_time":{"created":"Publi\u00e9 le 23 janvier 2024 10h26","modified":"Mise \u00e0 jour le 7 avril 2026 23h00"},"featured_img_caption":"Produit PENOSIL Natural Stone Silicone 370","tax_additional":{"product_brand":{"linked":[],"unlinked":[],"slug":"product_brand","name":"Marques"},"product_type":{"linked":["<a href=\"https:\/\/penosil.com\/fr\/?taxonomy=product_type&#038;term=simple\" class=\"advgb-post-tax-term\">simple<\/a>"],"unlinked":["<span class=\"advgb-post-tax-term\">simple<\/span>"],"slug":"product_type","name":"Type de produit"},"product_visibility":{"linked":["<a href=\"https:\/\/penosil.com\/fr\/en\/?taxonomy=product_visibility&#038;term=outofstock\" class=\"advgb-post-tax-term\">outofstock<\/a>"],"unlinked":["<span class=\"advgb-post-tax-term\">outofstock<\/span>"],"slug":"product_visibility","name":"Visibilit\u00e9 du produit"},"product_cat":{"linked":["<a href=\"https:\/\/penosil.com\/fr\/categorie-produit\/domaines-dapplication\/\" class=\"advgb-post-tax-term\">Domaines d&#039;application<\/a>","<a href=\"https:\/\/penosil.com\/fr\/categorie-produit\/domaines-dapplication\/construction-generale-2\/\" class=\"advgb-post-tax-term\">Construction<\/a>","<a href=\"https:\/\/penosil.com\/fr\/categorie-produit\/categories-de-produits\/mastics-detancheites\/silicones-neutres\/\" class=\"advgb-post-tax-term\">Silicones neutres<\/a>","<a href=\"https:\/\/penosil.com\/fr\/categorie-produit\/categories-de-produits\/\" class=\"advgb-post-tax-term\">Cat\u00e9gories de produits<\/a>","<a href=\"https:\/\/penosil.com\/fr\/categorie-produit\/categories-de-produits\/mastics-detancheites\/\" class=\"advgb-post-tax-term\">Mastics d&#039;\u00e9tanch\u00e9it\u00e9s<\/a>"],"unlinked":["<span class=\"advgb-post-tax-term\">Domaines d&#039;application<\/span>","<span class=\"advgb-post-tax-term\">Construction<\/span>","<span class=\"advgb-post-tax-term\">Silicones neutres<\/span>","<span class=\"advgb-post-tax-term\">Cat\u00e9gories de produits<\/span>","<span class=\"advgb-post-tax-term\">Mastics d&#039;\u00e9tanch\u00e9it\u00e9s<\/span>"],"slug":"product_cat","name":"Cat\u00e9gories de produits"},"product_tag":{"linked":[],"unlinked":[],"slug":"product_tag","name":"\u00c9tiquettes produit"},"product_shipping_class":{"linked":[],"unlinked":[],"slug":"product_shipping_class","name":"Classe d\u2019exp\u00e9dition du produit"},"pos_product_visibility":{"linked":[],"unlinked":[],"slug":"pos_product_visibility","name":"Visibilit\u00e9 du produit sur le point de vente"},"pa_couleur":{"linked":["<a href=\"https:\/\/penosil.com\/fr\/en\/?taxonomy=pa_couleur&#038;term=transparent\" class=\"advgb-post-tax-term\">Transparent<\/a>"],"unlinked":["<span class=\"advgb-post-tax-term\">Transparent<\/span>"],"slug":"pa_couleur","name":"Product Couleur"},"pa_emballage":{"linked":[],"unlinked":[],"slug":"pa_emballage","name":"Product Emballage"},"translation_priority":{"linked":["<a href=\"https:\/\/penosil.com\/fr\/?taxonomy=translation_priority&#038;term=facultatif\" class=\"advgb-post-tax-term\">Facultatif<\/a>"],"unlinked":["<span class=\"advgb-post-tax-term\">Facultatif<\/span>"],"slug":"translation_priority","name":"Priorit\u00e9s de traduction"}},"series_order":"","_links":{"self":[{"href":"https:\/\/penosil.com\/fr\/wp-json\/wp\/v2\/product\/9640","targetHints":{"allow":["GET"]}}],"collection":[{"href":"https:\/\/penosil.com\/fr\/wp-json\/wp\/v2\/product"}],"about":[{"href":"https:\/\/penosil.com\/fr\/wp-json\/wp\/v2\/types\/product"}],"version-history":[{"count":3,"href":"https:\/\/penosil.com\/fr\/wp-json\/wp\/v2\/product\/9640\/revisions"}],"predecessor-version":[{"id":11598,"href":"https:\/\/penosil.com\/fr\/wp-json\/wp\/v2\/product\/9640\/revisions\/11598"}],"wp:featuredmedia":[{"embeddable":true,"href":"https:\/\/penosil.com\/fr\/wp-json\/wp\/v2\/media\/11073"}],"wp:attachment":[{"href":"https:\/\/penosil.com\/fr\/wp-json\/wp\/v2\/media?parent=9640"}],"wp:term":[{"taxonomy":"product_brand","embeddable":true,"href":"https:\/\/penosil.com\/fr\/wp-json\/wp\/v2\/product_brand?post=9640"},{"taxonomy":"product_cat","embeddable":true,"href":"https:\/\/penosil.com\/fr\/wp-json\/wp\/v2\/product_cat?post=9640"},{"taxonomy":"product_tag","embeddable":true,"href":"https:\/\/penosil.com\/fr\/wp-json\/wp\/v2\/product_tag?post=9640"}],"curies":[{"name":"wp","href":"https:\/\/api.w.org\/{rel}","templated":true}]}}