{"id":9657,"date":"2023-12-07T11:20:19","date_gmt":"2023-12-07T11:20:19","guid":{"rendered":"https:\/\/penosil.com\/fr\/?post_type=product&#038;p=9657"},"modified":"2026-04-15T11:00:10","modified_gmt":"2026-04-15T11:00:10","slug":"sealant-finisher-407-spray-de-lissage","status":"publish","type":"product","link":"https:\/\/penosil.com\/fr\/produit\/sealant-finisher-407-spray-de-lissage\/","title":{"rendered":"Sealant Finisher 407"},"content":{"rendered":"<p>Spray de lissage des mastics pour un cordon de finition impeccable. Parfait pour les joints de silicone, d&rsquo;acrylique, de polyur\u00e9thane et de polym\u00e8res MS. Aide \u00e0 acc\u00e9l\u00e9rer la formation de la peau des mastics et \u00e0 la mise en peinture des produits concern\u00e9s.<\/p>\n","protected":false},"excerpt":{"rendered":"Spray de lissage des mastics pour un cordon de finition impeccable. Parfait pour les joints de silicone, d&rsquo;acrylique, de polyur\u00e9thane et de polym\u00e8res MS. Aide \u00e0 acc\u00e9l\u00e9rer la formation de la peau des mastics et \u00e0 la mise en peinture des produits concern\u00e9s.","protected":false},"author":24,"featured_media":9773,"template":"","meta":{"_acf_changed":false,"advgb_blocks_editor_width":"","advgb_blocks_columns_visual_guide":"","footnotes":""},"product_brand":[],"product_cat":[330,830,1357,2320,1457],"product_tag":[],"class_list":{"0":"post-9657","1":"product","2":"type-product","3":"status-publish","4":"has-post-thumbnail","6":"product_cat-domaines-dapplication","7":"product_cat-construction-generale-2","8":"product_cat-categories-de-produits","9":"product_cat-lubrifiants","10":"product_cat-traitements-de-surface","12":"first","13":"instock","14":"taxable","15":"shipping-taxable","16":"purchasable","17":"product-type-variable"},"acf":[],"yoast_head":"<!-- This site is optimized with the Yoast SEO plugin v27.2 - https:\/\/yoast.com\/product\/yoast-seo-wordpress\/ -->\n<title>Spray de lissage - Sealant Finisher 407 - Penosil France<\/title>\n<meta name=\"description\" content=\"PENOSIL Sealant Finisher 407 spray de lissage pour de multiples mastics tels que : silicone, acrylique, polyur\u00e9thane et MS polym\u00e8re. En savoir plus!\" \/>\n<meta name=\"robots\" content=\"index, follow, max-snippet:-1, max-image-preview:large, max-video-preview:-1\" \/>\n<link rel=\"canonical\" href=\"https:\/\/penosil.com\/fr\/produit\/sealant-finisher-407-spray-de-lissage\/\" \/>\n<meta property=\"og:locale\" content=\"fr_FR\" \/>\n<meta property=\"og:type\" content=\"article\" \/>\n<meta property=\"og:title\" content=\"Spray de lissage - Sealant Finisher 407 - Penosil France\" \/>\n<meta property=\"og:description\" content=\"PENOSIL Sealant Finisher 407 spray de lissage pour de multiples mastics tels que : silicone, acrylique, polyur\u00e9thane et MS polym\u00e8re. En savoir plus!\" \/>\n<meta property=\"og:url\" content=\"https:\/\/penosil.com\/fr\/produit\/sealant-finisher-407-spray-de-lissage\/\" \/>\n<meta property=\"og:site_name\" content=\"Penosil France\" \/>\n<meta property=\"article:modified_time\" content=\"2026-04-15T11:00:10+00:00\" \/>\n<meta property=\"og:image\" content=\"https:\/\/penosil.com\/fr\/wp-content\/uploads\/sites\/6\/2023\/12\/407_Sealant_Finisher_407.png\" \/>\n\t<meta property=\"og:image:width\" content=\"523\" \/>\n\t<meta property=\"og:image:height\" content=\"1080\" \/>\n\t<meta property=\"og:image:type\" content=\"image\/png\" \/>\n<meta name=\"twitter:card\" content=\"summary_large_image\" \/>\n<meta name=\"twitter:label1\" content=\"Dur\u00e9e de lecture estim\u00e9e\" \/>\n\t<meta name=\"twitter:data1\" content=\"2 minutes\" \/>\n<script type=\"application\/ld+json\" class=\"yoast-schema-graph\">{\"@context\":\"https:\/\/schema.org\",\"@graph\":[{\"@type\":\"WebPage\",\"@id\":\"https:\/\/penosil.com\/fr\/produit\/sealant-finisher-407-spray-de-lissage\/\",\"url\":\"https:\/\/penosil.com\/fr\/produit\/sealant-finisher-407-spray-de-lissage\/\",\"name\":\"Spray de lissage - Sealant Finisher 407 - Penosil France\",\"isPartOf\":{\"@id\":\"https:\/\/penosil.com\/fr\/#website\"},\"primaryImageOfPage\":{\"@id\":\"https:\/\/penosil.com\/fr\/produit\/sealant-finisher-407-spray-de-lissage\/#primaryimage\"},\"image\":{\"@id\":\"https:\/\/penosil.com\/fr\/produit\/sealant-finisher-407-spray-de-lissage\/#primaryimage\"},\"thumbnailUrl\":\"https:\/\/penosil.com\/fr\/wp-content\/uploads\/sites\/6\/2023\/12\/407_Sealant_Finisher_407.png\",\"datePublished\":\"2023-12-07T11:20:19+00:00\",\"dateModified\":\"2026-04-15T11:00:10+00:00\",\"description\":\"PENOSIL Sealant Finisher 407 spray de lissage pour de multiples mastics tels que : silicone, acrylique, polyur\u00e9thane et MS polym\u00e8re. En savoir plus!\",\"breadcrumb\":{\"@id\":\"https:\/\/penosil.com\/fr\/produit\/sealant-finisher-407-spray-de-lissage\/#breadcrumb\"},\"inLanguage\":\"fr-FR\",\"potentialAction\":[{\"@type\":\"ReadAction\",\"target\":[\"https:\/\/penosil.com\/fr\/produit\/sealant-finisher-407-spray-de-lissage\/\"]}]},{\"@type\":\"ImageObject\",\"inLanguage\":\"fr-FR\",\"@id\":\"https:\/\/penosil.com\/fr\/produit\/sealant-finisher-407-spray-de-lissage\/#primaryimage\",\"url\":\"https:\/\/penosil.com\/fr\/wp-content\/uploads\/sites\/6\/2023\/12\/407_Sealant_Finisher_407.png\",\"contentUrl\":\"https:\/\/penosil.com\/fr\/wp-content\/uploads\/sites\/6\/2023\/12\/407_Sealant_Finisher_407.png\",\"width\":523,\"height\":1080,\"caption\":\"Produit PENOSIL Sealant Finisher 407\"},{\"@type\":\"BreadcrumbList\",\"@id\":\"https:\/\/penosil.com\/fr\/produit\/sealant-finisher-407-spray-de-lissage\/#breadcrumb\",\"itemListElement\":[{\"@type\":\"ListItem\",\"position\":1,\"name\":\"Accueil\",\"item\":\"https:\/\/penosil.com\/fr\/\"},{\"@type\":\"ListItem\",\"position\":2,\"name\":\"Produits\",\"item\":\"https:\/\/penosil.com\/fr\/produits-penosil\/\"},{\"@type\":\"ListItem\",\"position\":3,\"name\":\"Sealant Finisher 407\"}]},{\"@type\":\"WebSite\",\"@id\":\"https:\/\/penosil.com\/fr\/#website\",\"url\":\"https:\/\/penosil.com\/fr\/\",\"name\":\"Penosil France\",\"description\":\"\",\"potentialAction\":[{\"@type\":\"SearchAction\",\"target\":{\"@type\":\"EntryPoint\",\"urlTemplate\":\"https:\/\/penosil.com\/fr\/?s={search_term_string}\"},\"query-input\":{\"@type\":\"PropertyValueSpecification\",\"valueRequired\":true,\"valueName\":\"search_term_string\"}}],\"inLanguage\":\"fr-FR\"}]}<\/script>\n<!-- \/ Yoast SEO plugin. -->","yoast_head_json":{"title":"Spray de lissage - Sealant Finisher 407 - Penosil France","description":"PENOSIL Sealant Finisher 407 spray de lissage pour de multiples mastics tels que : silicone, acrylique, polyur\u00e9thane et MS polym\u00e8re. En savoir plus!","robots":{"index":"index","follow":"follow","max-snippet":"max-snippet:-1","max-image-preview":"max-image-preview:large","max-video-preview":"max-video-preview:-1"},"canonical":"https:\/\/penosil.com\/fr\/produit\/sealant-finisher-407-spray-de-lissage\/","og_locale":"fr_FR","og_type":"article","og_title":"Spray de lissage - Sealant Finisher 407 - Penosil France","og_description":"PENOSIL Sealant Finisher 407 spray de lissage pour de multiples mastics tels que : silicone, acrylique, polyur\u00e9thane et MS polym\u00e8re. En savoir plus!","og_url":"https:\/\/penosil.com\/fr\/produit\/sealant-finisher-407-spray-de-lissage\/","og_site_name":"Penosil France","article_modified_time":"2026-04-15T11:00:10+00:00","og_image":[{"width":523,"height":1080,"url":"https:\/\/penosil.com\/fr\/wp-content\/uploads\/sites\/6\/2023\/12\/407_Sealant_Finisher_407.png","type":"image\/png"}],"twitter_card":"summary_large_image","twitter_misc":{"Dur\u00e9e de lecture estim\u00e9e":"2 minutes"},"schema":{"@context":"https:\/\/schema.org","@graph":[{"@type":"WebPage","@id":"https:\/\/penosil.com\/fr\/produit\/sealant-finisher-407-spray-de-lissage\/","url":"https:\/\/penosil.com\/fr\/produit\/sealant-finisher-407-spray-de-lissage\/","name":"Spray de lissage - Sealant Finisher 407 - Penosil France","isPartOf":{"@id":"https:\/\/penosil.com\/fr\/#website"},"primaryImageOfPage":{"@id":"https:\/\/penosil.com\/fr\/produit\/sealant-finisher-407-spray-de-lissage\/#primaryimage"},"image":{"@id":"https:\/\/penosil.com\/fr\/produit\/sealant-finisher-407-spray-de-lissage\/#primaryimage"},"thumbnailUrl":"https:\/\/penosil.com\/fr\/wp-content\/uploads\/sites\/6\/2023\/12\/407_Sealant_Finisher_407.png","datePublished":"2023-12-07T11:20:19+00:00","dateModified":"2026-04-15T11:00:10+00:00","description":"PENOSIL Sealant Finisher 407 spray de lissage pour de multiples mastics tels que : silicone, acrylique, polyur\u00e9thane et MS polym\u00e8re. En savoir plus!","breadcrumb":{"@id":"https:\/\/penosil.com\/fr\/produit\/sealant-finisher-407-spray-de-lissage\/#breadcrumb"},"inLanguage":"fr-FR","potentialAction":[{"@type":"ReadAction","target":["https:\/\/penosil.com\/fr\/produit\/sealant-finisher-407-spray-de-lissage\/"]}]},{"@type":"ImageObject","inLanguage":"fr-FR","@id":"https:\/\/penosil.com\/fr\/produit\/sealant-finisher-407-spray-de-lissage\/#primaryimage","url":"https:\/\/penosil.com\/fr\/wp-content\/uploads\/sites\/6\/2023\/12\/407_Sealant_Finisher_407.png","contentUrl":"https:\/\/penosil.com\/fr\/wp-content\/uploads\/sites\/6\/2023\/12\/407_Sealant_Finisher_407.png","width":523,"height":1080,"caption":"Produit PENOSIL Sealant Finisher 407"},{"@type":"BreadcrumbList","@id":"https:\/\/penosil.com\/fr\/produit\/sealant-finisher-407-spray-de-lissage\/#breadcrumb","itemListElement":[{"@type":"ListItem","position":1,"name":"Accueil","item":"https:\/\/penosil.com\/fr\/"},{"@type":"ListItem","position":2,"name":"Produits","item":"https:\/\/penosil.com\/fr\/produits-penosil\/"},{"@type":"ListItem","position":3,"name":"Sealant Finisher 407"}]},{"@type":"WebSite","@id":"https:\/\/penosil.com\/fr\/#website","url":"https:\/\/penosil.com\/fr\/","name":"Penosil France","description":"","potentialAction":[{"@type":"SearchAction","target":{"@type":"EntryPoint","urlTemplate":"https:\/\/penosil.com\/fr\/?s={search_term_string}"},"query-input":{"@type":"PropertyValueSpecification","valueRequired":true,"valueName":"search_term_string"}}],"inLanguage":"fr-FR"}]}},"featured_img":"https:\/\/penosil.com\/fr\/wp-content\/uploads\/sites\/6\/2023\/12\/407_Sealant_Finisher_407.png","coauthors":[],"author_meta":{"author_link":"https:\/\/penosil.com\/fr\/author\/armand\/","display_name":"armand"},"relative_dates":{"created":"Publi\u00e9 2 ans il y a","modified":"Mis \u00e0 jour 3 heures il y a"},"absolute_dates":{"created":"Publi\u00e9 le 7 d\u00e9cembre 2023","modified":"Mise \u00e0 jour le 15 avril 2026"},"absolute_dates_time":{"created":"Publi\u00e9 le 7 d\u00e9cembre 2023 11h20","modified":"Mise \u00e0 jour le 15 avril 2026 11h00"},"featured_img_caption":"Produit PENOSIL Sealant Finisher 407","tax_additional":{"product_brand":{"linked":[],"unlinked":[],"slug":"product_brand","name":"Marques"},"product_type":{"linked":["<a href=\"https:\/\/penosil.com\/fr\/?taxonomy=product_type&#038;term=variable\" class=\"advgb-post-tax-term\">variable<\/a>"],"unlinked":["<span class=\"advgb-post-tax-term\">variable<\/span>"],"slug":"product_type","name":"Type de produit"},"product_visibility":{"linked":[],"unlinked":[],"slug":"product_visibility","name":"Visibilit\u00e9 du produit"},"product_cat":{"linked":["<a href=\"https:\/\/penosil.com\/fr\/categorie-produit\/domaines-dapplication\/\" class=\"advgb-post-tax-term\">Domaines d&#039;application<\/a>","<a href=\"https:\/\/penosil.com\/fr\/categorie-produit\/domaines-dapplication\/construction-generale-2\/\" class=\"advgb-post-tax-term\">Construction<\/a>","<a href=\"https:\/\/penosil.com\/fr\/categorie-produit\/categories-de-produits\/\" class=\"advgb-post-tax-term\">Cat\u00e9gories de produits<\/a>","<a href=\"https:\/\/penosil.com\/fr\/categorie-produit\/categories-de-produits\/traitements-de-surface\/lubrifiants\/\" class=\"advgb-post-tax-term\">Lubrifiants<\/a>","<a href=\"https:\/\/penosil.com\/fr\/categorie-produit\/categories-de-produits\/traitements-de-surface\/\" class=\"advgb-post-tax-term\">Traitements de surface<\/a>"],"unlinked":["<span class=\"advgb-post-tax-term\">Domaines d&#039;application<\/span>","<span class=\"advgb-post-tax-term\">Construction<\/span>","<span class=\"advgb-post-tax-term\">Cat\u00e9gories de produits<\/span>","<span class=\"advgb-post-tax-term\">Lubrifiants<\/span>","<span class=\"advgb-post-tax-term\">Traitements de surface<\/span>"],"slug":"product_cat","name":"Cat\u00e9gories de produits"},"product_tag":{"linked":[],"unlinked":[],"slug":"product_tag","name":"\u00c9tiquettes produit"},"product_shipping_class":{"linked":[],"unlinked":[],"slug":"product_shipping_class","name":"Classe d\u2019exp\u00e9dition du produit"},"pos_product_visibility":{"linked":[],"unlinked":[],"slug":"pos_product_visibility","name":"Visibilit\u00e9 du produit sur le point de vente"},"pa_couleur":{"linked":["<a href=\"https:\/\/penosil.com\/fr\/en\/?taxonomy=pa_couleur&#038;term=transparent\" class=\"advgb-post-tax-term\">Transparent<\/a>"],"unlinked":["<span class=\"advgb-post-tax-term\">Transparent<\/span>"],"slug":"pa_couleur","name":"Product Couleur"},"pa_emballage":{"linked":["<a href=\"https:\/\/penosil.com\/fr\/?taxonomy=pa_emballage&#038;term=1-l\" class=\"advgb-post-tax-term\">1 L<\/a>","<a href=\"https:\/\/penosil.com\/fr\/?taxonomy=pa_emballage&#038;term=5-l\" class=\"advgb-post-tax-term\">5 L<\/a>"],"unlinked":["<span class=\"advgb-post-tax-term\">1 L<\/span>","<span class=\"advgb-post-tax-term\">5 L<\/span>"],"slug":"pa_emballage","name":"Product Emballage"},"translation_priority":{"linked":["<a href=\"https:\/\/penosil.com\/fr\/?taxonomy=translation_priority&#038;term=facultatif\" class=\"advgb-post-tax-term\">Facultatif<\/a>"],"unlinked":["<span class=\"advgb-post-tax-term\">Facultatif<\/span>"],"slug":"translation_priority","name":"Priorit\u00e9s de traduction"}},"series_order":"","_links":{"self":[{"href":"https:\/\/penosil.com\/fr\/wp-json\/wp\/v2\/product\/9657","targetHints":{"allow":["GET"]}}],"collection":[{"href":"https:\/\/penosil.com\/fr\/wp-json\/wp\/v2\/product"}],"about":[{"href":"https:\/\/penosil.com\/fr\/wp-json\/wp\/v2\/types\/product"}],"version-history":[{"count":5,"href":"https:\/\/penosil.com\/fr\/wp-json\/wp\/v2\/product\/9657\/revisions"}],"predecessor-version":[{"id":11600,"href":"https:\/\/penosil.com\/fr\/wp-json\/wp\/v2\/product\/9657\/revisions\/11600"}],"wp:featuredmedia":[{"embeddable":true,"href":"https:\/\/penosil.com\/fr\/wp-json\/wp\/v2\/media\/9773"}],"wp:attachment":[{"href":"https:\/\/penosil.com\/fr\/wp-json\/wp\/v2\/media?parent=9657"}],"wp:term":[{"taxonomy":"product_brand","embeddable":true,"href":"https:\/\/penosil.com\/fr\/wp-json\/wp\/v2\/product_brand?post=9657"},{"taxonomy":"product_cat","embeddable":true,"href":"https:\/\/penosil.com\/fr\/wp-json\/wp\/v2\/product_cat?post=9657"},{"taxonomy":"product_tag","embeddable":true,"href":"https:\/\/penosil.com\/fr\/wp-json\/wp\/v2\/product_tag?post=9657"}],"curies":[{"name":"wp","href":"https:\/\/api.w.org\/{rel}","templated":true}]}}