{"id":9662,"date":"2023-12-06T16:24:21","date_gmt":"2023-12-06T16:24:21","guid":{"rendered":"https:\/\/penosil.com\/fr\/?post_type=product&#038;p=9662"},"modified":"2026-01-22T12:00:11","modified_gmt":"2026-01-22T12:00:11","slug":"e-band-600-systeme-detancheite","status":"publish","type":"product","link":"https:\/\/penosil.com\/fr\/produit\/e-band-600-systeme-detancheite\/","title":{"rendered":"E-Band 600+"},"content":{"rendered":"<p>Syst\u00e8me d\u2019\u00e9tanch\u00e9it\u00e9 compos\u00e9 d\u2019une mousse de polyur\u00e9thane \u00e0 cellules ouvertes, impr\u00e9gn\u00e9e de r\u00e9sines acryliques, ne contenant ni cire ni bitume, permettant d\u2019assurer l\u2019\u00e9tanch\u00e9it\u00e9 \u00e0 l\u2019eau et \u00e0 l\u2019air, r\u00e9sistant aux UV et aux intemp\u00e9ries et am\u00e9liorant les performances acoustiques des joints trait\u00e9s.<\/p>\n","protected":false},"excerpt":{"rendered":"Syst\u00e8me d\u2019\u00e9tanch\u00e9it\u00e9 compos\u00e9 d\u2019une mousse de polyur\u00e9thane \u00e0 cellules ouvertes, impr\u00e9gn\u00e9e de r\u00e9sines acryliques, ne contenant ni cire ni bitume, permettant d\u2019assurer l\u2019\u00e9tanch\u00e9it\u00e9 \u00e0 l\u2019eau et \u00e0 l\u2019air, r\u00e9sistant aux UV et aux intemp\u00e9ries et am\u00e9liorant les performances acoustiques des joints trait\u00e9s.","protected":false},"author":24,"featured_media":10874,"template":"","meta":{"_acf_changed":false,"advgb_blocks_editor_width":"","advgb_blocks_columns_visual_guide":"","footnotes":""},"product_brand":[],"product_cat":[330,830,1357,2310,1684],"product_tag":[],"class_list":{"0":"post-9662","1":"product","2":"type-product","3":"status-publish","4":"has-post-thumbnail","6":"product_cat-domaines-dapplication","7":"product_cat-construction-generale-2","8":"product_cat-categories-de-produits","9":"product_cat-mousses-impregnees","10":"product_cat-membranes-et-joints-detancheite","12":"first","13":"outofstock","14":"taxable","15":"shipping-taxable","16":"purchasable","17":"product-type-variable"},"acf":[],"yoast_head":"<!-- This site is optimized with the Yoast SEO plugin v27.2 - https:\/\/yoast.com\/product\/yoast-seo-wordpress\/ -->\n<title>E-Band 600+ - Syst\u00e8me d&#039;\u00e9tanch\u00e9it\u00e9 - Penosil France<\/title>\n<meta name=\"description\" content=\"PENOSIL E-Band 600+ syst\u00e8me d&#039;\u00e9tanch\u00e9it\u00e9 compos\u00e9 d&#039;une mousse de polyur\u00e9thane \u00e0 cellules ouvertes, impr\u00e9gn\u00e9e de r\u00e9sines acryliques. En savoir plus!\" \/>\n<meta name=\"robots\" content=\"index, follow, max-snippet:-1, max-image-preview:large, max-video-preview:-1\" \/>\n<link rel=\"canonical\" href=\"https:\/\/penosil.com\/fr\/produit\/e-band-600-systeme-detancheite\/\" \/>\n<meta property=\"og:locale\" content=\"fr_FR\" \/>\n<meta property=\"og:type\" content=\"article\" \/>\n<meta property=\"og:title\" content=\"E-Band 600+ - Syst\u00e8me d&#039;\u00e9tanch\u00e9it\u00e9 - Penosil France\" \/>\n<meta property=\"og:description\" content=\"PENOSIL E-Band 600+ syst\u00e8me d&#039;\u00e9tanch\u00e9it\u00e9 compos\u00e9 d&#039;une mousse de polyur\u00e9thane \u00e0 cellules ouvertes, impr\u00e9gn\u00e9e de r\u00e9sines acryliques. En savoir plus!\" \/>\n<meta property=\"og:url\" content=\"https:\/\/penosil.com\/fr\/produit\/e-band-600-systeme-detancheite\/\" \/>\n<meta property=\"og:site_name\" content=\"Penosil France\" \/>\n<meta property=\"article:modified_time\" content=\"2026-01-22T12:00:11+00:00\" \/>\n<meta property=\"og:image\" content=\"https:\/\/penosil.com\/fr\/wp-content\/uploads\/sites\/6\/2023\/12\/600_E_Band_600_FR.png\" \/>\n\t<meta property=\"og:image:width\" content=\"775\" \/>\n\t<meta property=\"og:image:height\" content=\"800\" \/>\n\t<meta property=\"og:image:type\" content=\"image\/png\" \/>\n<meta name=\"twitter:card\" content=\"summary_large_image\" \/>\n<meta name=\"twitter:label1\" content=\"Dur\u00e9e de lecture estim\u00e9e\" \/>\n\t<meta name=\"twitter:data1\" content=\"3 minutes\" \/>\n<script type=\"application\/ld+json\" class=\"yoast-schema-graph\">{\"@context\":\"https:\/\/schema.org\",\"@graph\":[{\"@type\":\"WebPage\",\"@id\":\"https:\/\/penosil.com\/fr\/produit\/e-band-600-systeme-detancheite\/\",\"url\":\"https:\/\/penosil.com\/fr\/produit\/e-band-600-systeme-detancheite\/\",\"name\":\"E-Band 600+ - Syst\u00e8me d'\u00e9tanch\u00e9it\u00e9 - Penosil France\",\"isPartOf\":{\"@id\":\"https:\/\/penosil.com\/fr\/#website\"},\"primaryImageOfPage\":{\"@id\":\"https:\/\/penosil.com\/fr\/produit\/e-band-600-systeme-detancheite\/#primaryimage\"},\"image\":{\"@id\":\"https:\/\/penosil.com\/fr\/produit\/e-band-600-systeme-detancheite\/#primaryimage\"},\"thumbnailUrl\":\"https:\/\/penosil.com\/fr\/wp-content\/uploads\/sites\/6\/2023\/12\/600_E_Band_600_FR.png\",\"datePublished\":\"2023-12-06T16:24:21+00:00\",\"dateModified\":\"2026-01-22T12:00:11+00:00\",\"description\":\"PENOSIL E-Band 600+ syst\u00e8me d'\u00e9tanch\u00e9it\u00e9 compos\u00e9 d'une mousse de polyur\u00e9thane \u00e0 cellules ouvertes, impr\u00e9gn\u00e9e de r\u00e9sines acryliques. En savoir plus!\",\"breadcrumb\":{\"@id\":\"https:\/\/penosil.com\/fr\/produit\/e-band-600-systeme-detancheite\/#breadcrumb\"},\"inLanguage\":\"fr-FR\",\"potentialAction\":[{\"@type\":\"ReadAction\",\"target\":[\"https:\/\/penosil.com\/fr\/produit\/e-band-600-systeme-detancheite\/\"]}]},{\"@type\":\"ImageObject\",\"inLanguage\":\"fr-FR\",\"@id\":\"https:\/\/penosil.com\/fr\/produit\/e-band-600-systeme-detancheite\/#primaryimage\",\"url\":\"https:\/\/penosil.com\/fr\/wp-content\/uploads\/sites\/6\/2023\/12\/600_E_Band_600_FR.png\",\"contentUrl\":\"https:\/\/penosil.com\/fr\/wp-content\/uploads\/sites\/6\/2023\/12\/600_E_Band_600_FR.png\",\"width\":775,\"height\":800,\"caption\":\"Produit PENOSIL E-band 600+\"},{\"@type\":\"BreadcrumbList\",\"@id\":\"https:\/\/penosil.com\/fr\/produit\/e-band-600-systeme-detancheite\/#breadcrumb\",\"itemListElement\":[{\"@type\":\"ListItem\",\"position\":1,\"name\":\"Accueil\",\"item\":\"https:\/\/penosil.com\/fr\/\"},{\"@type\":\"ListItem\",\"position\":2,\"name\":\"Produits\",\"item\":\"https:\/\/penosil.com\/fr\/produits-penosil\/\"},{\"@type\":\"ListItem\",\"position\":3,\"name\":\"E-Band 600+\"}]},{\"@type\":\"WebSite\",\"@id\":\"https:\/\/penosil.com\/fr\/#website\",\"url\":\"https:\/\/penosil.com\/fr\/\",\"name\":\"Penosil France\",\"description\":\"\",\"potentialAction\":[{\"@type\":\"SearchAction\",\"target\":{\"@type\":\"EntryPoint\",\"urlTemplate\":\"https:\/\/penosil.com\/fr\/?s={search_term_string}\"},\"query-input\":{\"@type\":\"PropertyValueSpecification\",\"valueRequired\":true,\"valueName\":\"search_term_string\"}}],\"inLanguage\":\"fr-FR\"}]}<\/script>\n<!-- \/ Yoast SEO plugin. -->","yoast_head_json":{"title":"E-Band 600+ - Syst\u00e8me d'\u00e9tanch\u00e9it\u00e9 - Penosil France","description":"PENOSIL E-Band 600+ syst\u00e8me d'\u00e9tanch\u00e9it\u00e9 compos\u00e9 d'une mousse de polyur\u00e9thane \u00e0 cellules ouvertes, impr\u00e9gn\u00e9e de r\u00e9sines acryliques. En savoir plus!","robots":{"index":"index","follow":"follow","max-snippet":"max-snippet:-1","max-image-preview":"max-image-preview:large","max-video-preview":"max-video-preview:-1"},"canonical":"https:\/\/penosil.com\/fr\/produit\/e-band-600-systeme-detancheite\/","og_locale":"fr_FR","og_type":"article","og_title":"E-Band 600+ - Syst\u00e8me d'\u00e9tanch\u00e9it\u00e9 - Penosil France","og_description":"PENOSIL E-Band 600+ syst\u00e8me d'\u00e9tanch\u00e9it\u00e9 compos\u00e9 d'une mousse de polyur\u00e9thane \u00e0 cellules ouvertes, impr\u00e9gn\u00e9e de r\u00e9sines acryliques. En savoir plus!","og_url":"https:\/\/penosil.com\/fr\/produit\/e-band-600-systeme-detancheite\/","og_site_name":"Penosil France","article_modified_time":"2026-01-22T12:00:11+00:00","og_image":[{"width":775,"height":800,"url":"https:\/\/penosil.com\/fr\/wp-content\/uploads\/sites\/6\/2023\/12\/600_E_Band_600_FR.png","type":"image\/png"}],"twitter_card":"summary_large_image","twitter_misc":{"Dur\u00e9e de lecture estim\u00e9e":"3 minutes"},"schema":{"@context":"https:\/\/schema.org","@graph":[{"@type":"WebPage","@id":"https:\/\/penosil.com\/fr\/produit\/e-band-600-systeme-detancheite\/","url":"https:\/\/penosil.com\/fr\/produit\/e-band-600-systeme-detancheite\/","name":"E-Band 600+ - Syst\u00e8me d'\u00e9tanch\u00e9it\u00e9 - Penosil France","isPartOf":{"@id":"https:\/\/penosil.com\/fr\/#website"},"primaryImageOfPage":{"@id":"https:\/\/penosil.com\/fr\/produit\/e-band-600-systeme-detancheite\/#primaryimage"},"image":{"@id":"https:\/\/penosil.com\/fr\/produit\/e-band-600-systeme-detancheite\/#primaryimage"},"thumbnailUrl":"https:\/\/penosil.com\/fr\/wp-content\/uploads\/sites\/6\/2023\/12\/600_E_Band_600_FR.png","datePublished":"2023-12-06T16:24:21+00:00","dateModified":"2026-01-22T12:00:11+00:00","description":"PENOSIL E-Band 600+ syst\u00e8me d'\u00e9tanch\u00e9it\u00e9 compos\u00e9 d'une mousse de polyur\u00e9thane \u00e0 cellules ouvertes, impr\u00e9gn\u00e9e de r\u00e9sines acryliques. En savoir plus!","breadcrumb":{"@id":"https:\/\/penosil.com\/fr\/produit\/e-band-600-systeme-detancheite\/#breadcrumb"},"inLanguage":"fr-FR","potentialAction":[{"@type":"ReadAction","target":["https:\/\/penosil.com\/fr\/produit\/e-band-600-systeme-detancheite\/"]}]},{"@type":"ImageObject","inLanguage":"fr-FR","@id":"https:\/\/penosil.com\/fr\/produit\/e-band-600-systeme-detancheite\/#primaryimage","url":"https:\/\/penosil.com\/fr\/wp-content\/uploads\/sites\/6\/2023\/12\/600_E_Band_600_FR.png","contentUrl":"https:\/\/penosil.com\/fr\/wp-content\/uploads\/sites\/6\/2023\/12\/600_E_Band_600_FR.png","width":775,"height":800,"caption":"Produit PENOSIL E-band 600+"},{"@type":"BreadcrumbList","@id":"https:\/\/penosil.com\/fr\/produit\/e-band-600-systeme-detancheite\/#breadcrumb","itemListElement":[{"@type":"ListItem","position":1,"name":"Accueil","item":"https:\/\/penosil.com\/fr\/"},{"@type":"ListItem","position":2,"name":"Produits","item":"https:\/\/penosil.com\/fr\/produits-penosil\/"},{"@type":"ListItem","position":3,"name":"E-Band 600+"}]},{"@type":"WebSite","@id":"https:\/\/penosil.com\/fr\/#website","url":"https:\/\/penosil.com\/fr\/","name":"Penosil France","description":"","potentialAction":[{"@type":"SearchAction","target":{"@type":"EntryPoint","urlTemplate":"https:\/\/penosil.com\/fr\/?s={search_term_string}"},"query-input":{"@type":"PropertyValueSpecification","valueRequired":true,"valueName":"search_term_string"}}],"inLanguage":"fr-FR"}]}},"featured_img":"https:\/\/penosil.com\/fr\/wp-content\/uploads\/sites\/6\/2023\/12\/600_E_Band_600_FR.png","coauthors":[],"author_meta":{"author_link":"https:\/\/penosil.com\/fr\/author\/armand\/","display_name":"armand"},"relative_dates":{"created":"Publi\u00e9 2 ans il y a","modified":"Mis \u00e0 jour 3 mois il y a"},"absolute_dates":{"created":"Publi\u00e9 le 6 d\u00e9cembre 2023","modified":"Mise \u00e0 jour le 22 janvier 2026"},"absolute_dates_time":{"created":"Publi\u00e9 le 6 d\u00e9cembre 2023 16h24","modified":"Mise \u00e0 jour le 22 janvier 2026 12h00"},"featured_img_caption":"Produit PENOSIL E-band 600+","tax_additional":{"product_brand":{"linked":[],"unlinked":[],"slug":"product_brand","name":"Marques"},"product_type":{"linked":["<a href=\"https:\/\/penosil.com\/fr\/?taxonomy=product_type&#038;term=variable\" class=\"advgb-post-tax-term\">variable<\/a>"],"unlinked":["<span class=\"advgb-post-tax-term\">variable<\/span>"],"slug":"product_type","name":"Type de produit"},"product_visibility":{"linked":["<a href=\"https:\/\/penosil.com\/fr\/en\/?taxonomy=product_visibility&#038;term=outofstock\" class=\"advgb-post-tax-term\">outofstock<\/a>"],"unlinked":["<span class=\"advgb-post-tax-term\">outofstock<\/span>"],"slug":"product_visibility","name":"Visibilit\u00e9 du produit"},"product_cat":{"linked":["<a href=\"https:\/\/penosil.com\/fr\/categorie-produit\/domaines-dapplication\/\" class=\"advgb-post-tax-term\">Domaines d&#039;application<\/a>","<a href=\"https:\/\/penosil.com\/fr\/categorie-produit\/domaines-dapplication\/construction-generale-2\/\" class=\"advgb-post-tax-term\">Construction<\/a>","<a href=\"https:\/\/penosil.com\/fr\/categorie-produit\/categories-de-produits\/\" class=\"advgb-post-tax-term\">Cat\u00e9gories de produits<\/a>","<a href=\"https:\/\/penosil.com\/fr\/categorie-produit\/categories-de-produits\/membranes-et-joints-detancheite\/mousses-impregnees\/\" class=\"advgb-post-tax-term\">Mousses impr\u00e9gn\u00e9es<\/a>","<a href=\"https:\/\/penosil.com\/fr\/categorie-produit\/categories-de-produits\/membranes-et-joints-detancheite\/\" class=\"advgb-post-tax-term\">Membranes &amp; joints d&#039;\u00e9tanch\u00e9it\u00e9<\/a>"],"unlinked":["<span class=\"advgb-post-tax-term\">Domaines d&#039;application<\/span>","<span class=\"advgb-post-tax-term\">Construction<\/span>","<span class=\"advgb-post-tax-term\">Cat\u00e9gories de produits<\/span>","<span class=\"advgb-post-tax-term\">Mousses impr\u00e9gn\u00e9es<\/span>","<span class=\"advgb-post-tax-term\">Membranes &amp; joints d&#039;\u00e9tanch\u00e9it\u00e9<\/span>"],"slug":"product_cat","name":"Cat\u00e9gories de produits"},"product_tag":{"linked":[],"unlinked":[],"slug":"product_tag","name":"\u00c9tiquettes produit"},"product_shipping_class":{"linked":[],"unlinked":[],"slug":"product_shipping_class","name":"Classe d\u2019exp\u00e9dition du produit"},"pos_product_visibility":{"linked":[],"unlinked":[],"slug":"pos_product_visibility","name":"Visibilit\u00e9 du produit sur le point de vente"},"pa_couleur":{"linked":["<a href=\"https:\/\/penosil.com\/fr\/?taxonomy=pa_couleur&#038;term=gris\" class=\"advgb-post-tax-term\">Gris<\/a>"],"unlinked":["<span class=\"advgb-post-tax-term\">Gris<\/span>"],"slug":"pa_couleur","name":"Product Couleur"},"pa_emballage":{"linked":["<a href=\"https:\/\/penosil.com\/fr\/?taxonomy=pa_emballage&#038;term=12-4-9mm\" class=\"advgb-post-tax-term\">12\/4-9mm<\/a>","<a href=\"https:\/\/penosil.com\/fr\/?taxonomy=pa_emballage&#038;term=25-8-20mm\" class=\"advgb-post-tax-term\">25\/8-20mm<\/a>","<a href=\"https:\/\/penosil.com\/fr\/?taxonomy=pa_emballage&#038;term=15-4-9mm\" class=\"advgb-post-tax-term\">15\/4-9mm<\/a>","<a href=\"https:\/\/penosil.com\/fr\/?taxonomy=pa_emballage&#038;term=20-4-9mm\" class=\"advgb-post-tax-term\">20\/4-9mm<\/a>","<a href=\"https:\/\/penosil.com\/fr\/?taxonomy=pa_emballage&#038;term=10-2-5mm\" class=\"advgb-post-tax-term\">10\/2-5mm<\/a>","<a href=\"https:\/\/penosil.com\/fr\/?taxonomy=pa_emballage&#038;term=25-4-9mm\" class=\"advgb-post-tax-term\">25\/4-9mm<\/a>","<a href=\"https:\/\/penosil.com\/fr\/?taxonomy=pa_emballage&#038;term=12-2-5mm\" class=\"advgb-post-tax-term\">12\/2-5mm<\/a>","<a href=\"https:\/\/penosil.com\/fr\/?taxonomy=pa_emballage&#038;term=30-4-9mm\" class=\"advgb-post-tax-term\">30\/4-9mm<\/a>","<a href=\"https:\/\/penosil.com\/fr\/?taxonomy=pa_emballage&#038;term=15-2-5mm\" class=\"advgb-post-tax-term\">15\/2-5mm<\/a>","<a href=\"https:\/\/penosil.com\/fr\/?taxonomy=pa_emballage&#038;term=12-5-12mm\" class=\"advgb-post-tax-term\">12\/5-12mm<\/a>","<a href=\"https:\/\/penosil.com\/fr\/?taxonomy=pa_emballage&#038;term=20-2-5mm\" class=\"advgb-post-tax-term\">20\/2-5mm<\/a>","<a href=\"https:\/\/penosil.com\/fr\/?taxonomy=pa_emballage&#038;term=15-5-12mm\" class=\"advgb-post-tax-term\">15\/5-12mm<\/a>","<a href=\"https:\/\/penosil.com\/fr\/?taxonomy=pa_emballage&#038;term=12-3-7mm\" class=\"advgb-post-tax-term\">12\/3-7mm<\/a>","<a href=\"https:\/\/penosil.com\/fr\/?taxonomy=pa_emballage&#038;term=20-5-12mm\" class=\"advgb-post-tax-term\">20\/5-12mm<\/a>","<a href=\"https:\/\/penosil.com\/fr\/?taxonomy=pa_emballage&#038;term=15-3-7mm\" class=\"advgb-post-tax-term\">15\/3-7mm<\/a>","<a href=\"https:\/\/penosil.com\/fr\/?taxonomy=pa_emballage&#038;term=20-7-15mm\" class=\"advgb-post-tax-term\">20\/7-15mm<\/a>","<a href=\"https:\/\/penosil.com\/fr\/?taxonomy=pa_emballage&#038;term=20-3-7mm\" class=\"advgb-post-tax-term\">20\/3-7mm<\/a>","<a href=\"https:\/\/penosil.com\/fr\/?taxonomy=pa_emballage&#038;term=20-8-20mm\" class=\"advgb-post-tax-term\">20\/8-20mm<\/a>","<a href=\"https:\/\/penosil.com\/fr\/?taxonomy=pa_emballage&#038;term=30-3-7mm\" class=\"advgb-post-tax-term\">30\/3-7mm<\/a>","<a href=\"https:\/\/penosil.com\/fr\/?taxonomy=pa_emballage&#038;term=25-7-15mm\" class=\"advgb-post-tax-term\">25\/7-15mm<\/a>"],"unlinked":["<span class=\"advgb-post-tax-term\">12\/4-9mm<\/span>","<span class=\"advgb-post-tax-term\">25\/8-20mm<\/span>","<span class=\"advgb-post-tax-term\">15\/4-9mm<\/span>","<span class=\"advgb-post-tax-term\">20\/4-9mm<\/span>","<span class=\"advgb-post-tax-term\">10\/2-5mm<\/span>","<span class=\"advgb-post-tax-term\">25\/4-9mm<\/span>","<span class=\"advgb-post-tax-term\">12\/2-5mm<\/span>","<span class=\"advgb-post-tax-term\">30\/4-9mm<\/span>","<span class=\"advgb-post-tax-term\">15\/2-5mm<\/span>","<span class=\"advgb-post-tax-term\">12\/5-12mm<\/span>","<span class=\"advgb-post-tax-term\">20\/2-5mm<\/span>","<span class=\"advgb-post-tax-term\">15\/5-12mm<\/span>","<span class=\"advgb-post-tax-term\">12\/3-7mm<\/span>","<span class=\"advgb-post-tax-term\">20\/5-12mm<\/span>","<span class=\"advgb-post-tax-term\">15\/3-7mm<\/span>","<span class=\"advgb-post-tax-term\">20\/7-15mm<\/span>","<span class=\"advgb-post-tax-term\">20\/3-7mm<\/span>","<span class=\"advgb-post-tax-term\">20\/8-20mm<\/span>","<span class=\"advgb-post-tax-term\">30\/3-7mm<\/span>","<span class=\"advgb-post-tax-term\">25\/7-15mm<\/span>"],"slug":"pa_emballage","name":"Product Emballage"},"translation_priority":{"linked":["<a href=\"https:\/\/penosil.com\/fr\/?taxonomy=translation_priority&#038;term=facultatif\" class=\"advgb-post-tax-term\">Facultatif<\/a>"],"unlinked":["<span class=\"advgb-post-tax-term\">Facultatif<\/span>"],"slug":"translation_priority","name":"Priorit\u00e9s de traduction"}},"series_order":"","_links":{"self":[{"href":"https:\/\/penosil.com\/fr\/wp-json\/wp\/v2\/product\/9662","targetHints":{"allow":["GET"]}}],"collection":[{"href":"https:\/\/penosil.com\/fr\/wp-json\/wp\/v2\/product"}],"about":[{"href":"https:\/\/penosil.com\/fr\/wp-json\/wp\/v2\/types\/product"}],"version-history":[{"count":4,"href":"https:\/\/penosil.com\/fr\/wp-json\/wp\/v2\/product\/9662\/revisions"}],"predecessor-version":[{"id":10873,"href":"https:\/\/penosil.com\/fr\/wp-json\/wp\/v2\/product\/9662\/revisions\/10873"}],"wp:featuredmedia":[{"embeddable":true,"href":"https:\/\/penosil.com\/fr\/wp-json\/wp\/v2\/media\/10874"}],"wp:attachment":[{"href":"https:\/\/penosil.com\/fr\/wp-json\/wp\/v2\/media?parent=9662"}],"wp:term":[{"taxonomy":"product_brand","embeddable":true,"href":"https:\/\/penosil.com\/fr\/wp-json\/wp\/v2\/product_brand?post=9662"},{"taxonomy":"product_cat","embeddable":true,"href":"https:\/\/penosil.com\/fr\/wp-json\/wp\/v2\/product_cat?post=9662"},{"taxonomy":"product_tag","embeddable":true,"href":"https:\/\/penosil.com\/fr\/wp-json\/wp\/v2\/product_tag?post=9662"}],"curies":[{"name":"wp","href":"https:\/\/api.w.org\/{rel}","templated":true}]}}