{"id":9741,"date":"2024-02-06T12:50:31","date_gmt":"2024-02-06T12:50:31","guid":{"rendered":"https:\/\/penosil.com\/fr\/?post_type=product&#038;p=9741"},"modified":"2026-03-31T01:16:10","modified_gmt":"2026-03-31T01:16:10","slug":"backer-rod-pu-451-fond-de-joint-en-mousse-pu","status":"publish","type":"product","link":"https:\/\/penosil.com\/fr\/produit\/backer-rod-pu-451-fond-de-joint-en-mousse-pu\/","title":{"rendered":"Backer Rod PU 451"},"content":{"rendered":"<p>Fond de joint en mousse pu \u00e0 cellules ouvertes, de forme ronde en cordon.<\/p>\n","protected":false},"excerpt":{"rendered":"Fond de joint en mousse pu \u00e0 cellules ouvertes, de forme ronde en cordon.","protected":false},"author":24,"featured_media":9742,"template":"","meta":{"_acf_changed":false,"advgb_blocks_editor_width":"","advgb_blocks_columns_visual_guide":"","footnotes":""},"product_brand":[],"product_cat":[330,830,2308,1357,1684],"product_tag":[],"class_list":{"0":"post-9741","1":"product","2":"type-product","3":"status-publish","4":"has-post-thumbnail","6":"product_cat-domaines-dapplication","7":"product_cat-construction-generale-2","8":"product_cat-cordons-pe-pu","9":"product_cat-categories-de-produits","10":"product_cat-membranes-et-joints-detancheite","12":"first","13":"outofstock","14":"taxable","15":"shipping-taxable","16":"purchasable","17":"product-type-variable"},"acf":[],"yoast_head":"<!-- This site is optimized with the Yoast SEO plugin v27.2 - https:\/\/yoast.com\/product\/yoast-seo-wordpress\/ -->\n<title>Fond de joint en mousse pu - Backer Rod PU 451 -Penosil France<\/title>\n<meta name=\"description\" content=\"PENOSIL Backer Rod PU 451 fond de joint en mousse pu \u00e0 cellules ouvertes, de forme ronde en cordon. Cliquez ici pour en savoir plus.\" \/>\n<meta name=\"robots\" content=\"index, follow, max-snippet:-1, max-image-preview:large, max-video-preview:-1\" \/>\n<link rel=\"canonical\" href=\"https:\/\/penosil.com\/fr\/produit\/backer-rod-pu-451-fond-de-joint-en-mousse-pu\/\" \/>\n<meta property=\"og:locale\" content=\"fr_FR\" \/>\n<meta property=\"og:type\" content=\"article\" \/>\n<meta property=\"og:title\" content=\"Fond de joint en mousse pu - Backer Rod PU 451 -Penosil France\" \/>\n<meta property=\"og:description\" content=\"PENOSIL Backer Rod PU 451 fond de joint en mousse pu \u00e0 cellules ouvertes, de forme ronde en cordon. Cliquez ici pour en savoir plus.\" \/>\n<meta property=\"og:url\" content=\"https:\/\/penosil.com\/fr\/produit\/backer-rod-pu-451-fond-de-joint-en-mousse-pu\/\" \/>\n<meta property=\"og:site_name\" content=\"Penosil France\" \/>\n<meta property=\"article:modified_time\" content=\"2026-03-31T01:16:10+00:00\" \/>\n<meta property=\"og:image\" content=\"https:\/\/penosil.com\/fr\/wp-content\/uploads\/sites\/6\/2024\/02\/451_PENOSIL_Backer_Rod_PU_450.png\" \/>\n\t<meta property=\"og:image:width\" content=\"358\" \/>\n\t<meta property=\"og:image:height\" content=\"358\" \/>\n\t<meta property=\"og:image:type\" content=\"image\/png\" \/>\n<meta name=\"twitter:card\" content=\"summary_large_image\" \/>\n<meta name=\"twitter:label1\" content=\"Dur\u00e9e de lecture estim\u00e9e\" \/>\n\t<meta name=\"twitter:data1\" content=\"1 minute\" \/>\n<script type=\"application\/ld+json\" class=\"yoast-schema-graph\">{\"@context\":\"https:\/\/schema.org\",\"@graph\":[{\"@type\":\"WebPage\",\"@id\":\"https:\/\/penosil.com\/fr\/produit\/backer-rod-pu-451-fond-de-joint-en-mousse-pu\/\",\"url\":\"https:\/\/penosil.com\/fr\/produit\/backer-rod-pu-451-fond-de-joint-en-mousse-pu\/\",\"name\":\"Fond de joint en mousse pu - Backer Rod PU 451 -Penosil France\",\"isPartOf\":{\"@id\":\"https:\/\/penosil.com\/fr\/#website\"},\"primaryImageOfPage\":{\"@id\":\"https:\/\/penosil.com\/fr\/produit\/backer-rod-pu-451-fond-de-joint-en-mousse-pu\/#primaryimage\"},\"image\":{\"@id\":\"https:\/\/penosil.com\/fr\/produit\/backer-rod-pu-451-fond-de-joint-en-mousse-pu\/#primaryimage\"},\"thumbnailUrl\":\"https:\/\/penosil.com\/fr\/wp-content\/uploads\/sites\/6\/2024\/02\/451_PENOSIL_Backer_Rod_PU_450.png\",\"datePublished\":\"2024-02-06T12:50:31+00:00\",\"dateModified\":\"2026-03-31T01:16:10+00:00\",\"description\":\"PENOSIL Backer Rod PU 451 fond de joint en mousse pu \u00e0 cellules ouvertes, de forme ronde en cordon. Cliquez ici pour en savoir plus.\",\"breadcrumb\":{\"@id\":\"https:\/\/penosil.com\/fr\/produit\/backer-rod-pu-451-fond-de-joint-en-mousse-pu\/#breadcrumb\"},\"inLanguage\":\"fr-FR\",\"potentialAction\":[{\"@type\":\"ReadAction\",\"target\":[\"https:\/\/penosil.com\/fr\/produit\/backer-rod-pu-451-fond-de-joint-en-mousse-pu\/\"]}]},{\"@type\":\"ImageObject\",\"inLanguage\":\"fr-FR\",\"@id\":\"https:\/\/penosil.com\/fr\/produit\/backer-rod-pu-451-fond-de-joint-en-mousse-pu\/#primaryimage\",\"url\":\"https:\/\/penosil.com\/fr\/wp-content\/uploads\/sites\/6\/2024\/02\/451_PENOSIL_Backer_Rod_PU_450.png\",\"contentUrl\":\"https:\/\/penosil.com\/fr\/wp-content\/uploads\/sites\/6\/2024\/02\/451_PENOSIL_Backer_Rod_PU_450.png\",\"width\":358,\"height\":358,\"caption\":\"Produit Backer Rod PU 451\"},{\"@type\":\"BreadcrumbList\",\"@id\":\"https:\/\/penosil.com\/fr\/produit\/backer-rod-pu-451-fond-de-joint-en-mousse-pu\/#breadcrumb\",\"itemListElement\":[{\"@type\":\"ListItem\",\"position\":1,\"name\":\"Accueil\",\"item\":\"https:\/\/penosil.com\/fr\/\"},{\"@type\":\"ListItem\",\"position\":2,\"name\":\"Produits\",\"item\":\"https:\/\/penosil.com\/fr\/produits-penosil\/\"},{\"@type\":\"ListItem\",\"position\":3,\"name\":\"Backer Rod PU 451\"}]},{\"@type\":\"WebSite\",\"@id\":\"https:\/\/penosil.com\/fr\/#website\",\"url\":\"https:\/\/penosil.com\/fr\/\",\"name\":\"Penosil France\",\"description\":\"\",\"potentialAction\":[{\"@type\":\"SearchAction\",\"target\":{\"@type\":\"EntryPoint\",\"urlTemplate\":\"https:\/\/penosil.com\/fr\/?s={search_term_string}\"},\"query-input\":{\"@type\":\"PropertyValueSpecification\",\"valueRequired\":true,\"valueName\":\"search_term_string\"}}],\"inLanguage\":\"fr-FR\"}]}<\/script>\n<!-- \/ Yoast SEO plugin. -->","yoast_head_json":{"title":"Fond de joint en mousse pu - Backer Rod PU 451 -Penosil France","description":"PENOSIL Backer Rod PU 451 fond de joint en mousse pu \u00e0 cellules ouvertes, de forme ronde en cordon. Cliquez ici pour en savoir plus.","robots":{"index":"index","follow":"follow","max-snippet":"max-snippet:-1","max-image-preview":"max-image-preview:large","max-video-preview":"max-video-preview:-1"},"canonical":"https:\/\/penosil.com\/fr\/produit\/backer-rod-pu-451-fond-de-joint-en-mousse-pu\/","og_locale":"fr_FR","og_type":"article","og_title":"Fond de joint en mousse pu - Backer Rod PU 451 -Penosil France","og_description":"PENOSIL Backer Rod PU 451 fond de joint en mousse pu \u00e0 cellules ouvertes, de forme ronde en cordon. Cliquez ici pour en savoir plus.","og_url":"https:\/\/penosil.com\/fr\/produit\/backer-rod-pu-451-fond-de-joint-en-mousse-pu\/","og_site_name":"Penosil France","article_modified_time":"2026-03-31T01:16:10+00:00","og_image":[{"width":358,"height":358,"url":"https:\/\/penosil.com\/fr\/wp-content\/uploads\/sites\/6\/2024\/02\/451_PENOSIL_Backer_Rod_PU_450.png","type":"image\/png"}],"twitter_card":"summary_large_image","twitter_misc":{"Dur\u00e9e de lecture estim\u00e9e":"1 minute"},"schema":{"@context":"https:\/\/schema.org","@graph":[{"@type":"WebPage","@id":"https:\/\/penosil.com\/fr\/produit\/backer-rod-pu-451-fond-de-joint-en-mousse-pu\/","url":"https:\/\/penosil.com\/fr\/produit\/backer-rod-pu-451-fond-de-joint-en-mousse-pu\/","name":"Fond de joint en mousse pu - Backer Rod PU 451 -Penosil France","isPartOf":{"@id":"https:\/\/penosil.com\/fr\/#website"},"primaryImageOfPage":{"@id":"https:\/\/penosil.com\/fr\/produit\/backer-rod-pu-451-fond-de-joint-en-mousse-pu\/#primaryimage"},"image":{"@id":"https:\/\/penosil.com\/fr\/produit\/backer-rod-pu-451-fond-de-joint-en-mousse-pu\/#primaryimage"},"thumbnailUrl":"https:\/\/penosil.com\/fr\/wp-content\/uploads\/sites\/6\/2024\/02\/451_PENOSIL_Backer_Rod_PU_450.png","datePublished":"2024-02-06T12:50:31+00:00","dateModified":"2026-03-31T01:16:10+00:00","description":"PENOSIL Backer Rod PU 451 fond de joint en mousse pu \u00e0 cellules ouvertes, de forme ronde en cordon. Cliquez ici pour en savoir plus.","breadcrumb":{"@id":"https:\/\/penosil.com\/fr\/produit\/backer-rod-pu-451-fond-de-joint-en-mousse-pu\/#breadcrumb"},"inLanguage":"fr-FR","potentialAction":[{"@type":"ReadAction","target":["https:\/\/penosil.com\/fr\/produit\/backer-rod-pu-451-fond-de-joint-en-mousse-pu\/"]}]},{"@type":"ImageObject","inLanguage":"fr-FR","@id":"https:\/\/penosil.com\/fr\/produit\/backer-rod-pu-451-fond-de-joint-en-mousse-pu\/#primaryimage","url":"https:\/\/penosil.com\/fr\/wp-content\/uploads\/sites\/6\/2024\/02\/451_PENOSIL_Backer_Rod_PU_450.png","contentUrl":"https:\/\/penosil.com\/fr\/wp-content\/uploads\/sites\/6\/2024\/02\/451_PENOSIL_Backer_Rod_PU_450.png","width":358,"height":358,"caption":"Produit Backer Rod PU 451"},{"@type":"BreadcrumbList","@id":"https:\/\/penosil.com\/fr\/produit\/backer-rod-pu-451-fond-de-joint-en-mousse-pu\/#breadcrumb","itemListElement":[{"@type":"ListItem","position":1,"name":"Accueil","item":"https:\/\/penosil.com\/fr\/"},{"@type":"ListItem","position":2,"name":"Produits","item":"https:\/\/penosil.com\/fr\/produits-penosil\/"},{"@type":"ListItem","position":3,"name":"Backer Rod PU 451"}]},{"@type":"WebSite","@id":"https:\/\/penosil.com\/fr\/#website","url":"https:\/\/penosil.com\/fr\/","name":"Penosil France","description":"","potentialAction":[{"@type":"SearchAction","target":{"@type":"EntryPoint","urlTemplate":"https:\/\/penosil.com\/fr\/?s={search_term_string}"},"query-input":{"@type":"PropertyValueSpecification","valueRequired":true,"valueName":"search_term_string"}}],"inLanguage":"fr-FR"}]}},"featured_img":"https:\/\/penosil.com\/fr\/wp-content\/uploads\/sites\/6\/2024\/02\/451_PENOSIL_Backer_Rod_PU_450.png","coauthors":[],"author_meta":{"author_link":"https:\/\/penosil.com\/fr\/author\/armand\/","display_name":"armand"},"relative_dates":{"created":"Publi\u00e9 2 ans il y a","modified":"Mis \u00e0 jour 2 semaines il y a"},"absolute_dates":{"created":"Publi\u00e9 le 6 f\u00e9vrier 2024","modified":"Mise \u00e0 jour le 31 mars 2026"},"absolute_dates_time":{"created":"Publi\u00e9 le 6 f\u00e9vrier 2024 12h50","modified":"Mise \u00e0 jour le 31 mars 2026 1h16"},"featured_img_caption":"Produit Backer Rod PU 451","tax_additional":{"product_brand":{"linked":[],"unlinked":[],"slug":"product_brand","name":"Marques"},"product_type":{"linked":["<a href=\"https:\/\/penosil.com\/fr\/?taxonomy=product_type&#038;term=variable\" class=\"advgb-post-tax-term\">variable<\/a>"],"unlinked":["<span class=\"advgb-post-tax-term\">variable<\/span>"],"slug":"product_type","name":"Type de produit"},"product_visibility":{"linked":["<a href=\"https:\/\/penosil.com\/fr\/en\/?taxonomy=product_visibility&#038;term=outofstock\" class=\"advgb-post-tax-term\">outofstock<\/a>"],"unlinked":["<span class=\"advgb-post-tax-term\">outofstock<\/span>"],"slug":"product_visibility","name":"Visibilit\u00e9 du produit"},"product_cat":{"linked":["<a href=\"https:\/\/penosil.com\/fr\/categorie-produit\/domaines-dapplication\/\" class=\"advgb-post-tax-term\">Domaines d&#039;application<\/a>","<a href=\"https:\/\/penosil.com\/fr\/categorie-produit\/domaines-dapplication\/construction-generale-2\/\" class=\"advgb-post-tax-term\">Construction<\/a>","<a href=\"https:\/\/penosil.com\/fr\/categorie-produit\/categories-de-produits\/membranes-et-joints-detancheite\/cordons-pe-pu\/\" class=\"advgb-post-tax-term\">Cordons PE &amp; PU<\/a>","<a href=\"https:\/\/penosil.com\/fr\/categorie-produit\/categories-de-produits\/\" class=\"advgb-post-tax-term\">Cat\u00e9gories de produits<\/a>","<a href=\"https:\/\/penosil.com\/fr\/categorie-produit\/categories-de-produits\/membranes-et-joints-detancheite\/\" class=\"advgb-post-tax-term\">Membranes &amp; joints d&#039;\u00e9tanch\u00e9it\u00e9<\/a>"],"unlinked":["<span class=\"advgb-post-tax-term\">Domaines d&#039;application<\/span>","<span class=\"advgb-post-tax-term\">Construction<\/span>","<span class=\"advgb-post-tax-term\">Cordons PE &amp; PU<\/span>","<span class=\"advgb-post-tax-term\">Cat\u00e9gories de produits<\/span>","<span class=\"advgb-post-tax-term\">Membranes &amp; joints d&#039;\u00e9tanch\u00e9it\u00e9<\/span>"],"slug":"product_cat","name":"Cat\u00e9gories de produits"},"product_tag":{"linked":[],"unlinked":[],"slug":"product_tag","name":"\u00c9tiquettes produit"},"product_shipping_class":{"linked":[],"unlinked":[],"slug":"product_shipping_class","name":"Classe d\u2019exp\u00e9dition du produit"},"pos_product_visibility":{"linked":[],"unlinked":[],"slug":"pos_product_visibility","name":"Visibilit\u00e9 du produit sur le point de vente"},"pa_couleur":{"linked":["<a href=\"https:\/\/penosil.com\/fr\/?taxonomy=pa_couleur&#038;term=gris\" class=\"advgb-post-tax-term\">Gris<\/a>"],"unlinked":["<span class=\"advgb-post-tax-term\">Gris<\/span>"],"slug":"pa_couleur","name":"Product Couleur"},"pa_emballage":{"linked":["<a href=\"https:\/\/penosil.com\/fr\/?taxonomy=pa_emballage&#038;term=o-15mm\" class=\"advgb-post-tax-term\">\u00d8 15MM<\/a>","<a href=\"https:\/\/penosil.com\/fr\/?taxonomy=pa_emballage&#038;term=o-20mm\" class=\"advgb-post-tax-term\">\u00d8 20MM<\/a>","<a href=\"https:\/\/penosil.com\/fr\/?taxonomy=pa_emballage&#038;term=o-25mm\" class=\"advgb-post-tax-term\">\u00d8 25MM<\/a>","<a href=\"https:\/\/penosil.com\/fr\/?taxonomy=pa_emballage&#038;term=o-30mm\" class=\"advgb-post-tax-term\">\u00d8 30MM<\/a>"],"unlinked":["<span class=\"advgb-post-tax-term\">\u00d8 15MM<\/span>","<span class=\"advgb-post-tax-term\">\u00d8 20MM<\/span>","<span class=\"advgb-post-tax-term\">\u00d8 25MM<\/span>","<span class=\"advgb-post-tax-term\">\u00d8 30MM<\/span>"],"slug":"pa_emballage","name":"Product Emballage"},"translation_priority":{"linked":["<a href=\"https:\/\/penosil.com\/fr\/?taxonomy=translation_priority&#038;term=facultatif\" class=\"advgb-post-tax-term\">Facultatif<\/a>"],"unlinked":["<span class=\"advgb-post-tax-term\">Facultatif<\/span>"],"slug":"translation_priority","name":"Priorit\u00e9s de traduction"}},"series_order":"","_links":{"self":[{"href":"https:\/\/penosil.com\/fr\/wp-json\/wp\/v2\/product\/9741","targetHints":{"allow":["GET"]}}],"collection":[{"href":"https:\/\/penosil.com\/fr\/wp-json\/wp\/v2\/product"}],"about":[{"href":"https:\/\/penosil.com\/fr\/wp-json\/wp\/v2\/types\/product"}],"version-history":[{"count":4,"href":"https:\/\/penosil.com\/fr\/wp-json\/wp\/v2\/product\/9741\/revisions"}],"predecessor-version":[{"id":12406,"href":"https:\/\/penosil.com\/fr\/wp-json\/wp\/v2\/product\/9741\/revisions\/12406"}],"wp:featuredmedia":[{"embeddable":true,"href":"https:\/\/penosil.com\/fr\/wp-json\/wp\/v2\/media\/9742"}],"wp:attachment":[{"href":"https:\/\/penosil.com\/fr\/wp-json\/wp\/v2\/media?parent=9741"}],"wp:term":[{"taxonomy":"product_brand","embeddable":true,"href":"https:\/\/penosil.com\/fr\/wp-json\/wp\/v2\/product_brand?post=9741"},{"taxonomy":"product_cat","embeddable":true,"href":"https:\/\/penosil.com\/fr\/wp-json\/wp\/v2\/product_cat?post=9741"},{"taxonomy":"product_tag","embeddable":true,"href":"https:\/\/penosil.com\/fr\/wp-json\/wp\/v2\/product_tag?post=9741"}],"curies":[{"name":"wp","href":"https:\/\/api.w.org\/{rel}","templated":true}]}}