{"id":11001,"date":"2021-10-19T06:44:15","date_gmt":"2021-10-19T06:44:15","guid":{"rendered":"https:\/\/penosil.com\/lt\/?page_id=11001"},"modified":"2026-04-30T04:53:11","modified_gmt":"2026-04-30T04:53:11","slug":"penosil-produktu-mokymai","status":"publish","type":"page","link":"https:\/\/penosil.com\/lt\/informacijos-centras\/penosil-produktu-mokymai\/","title":{"rendered":"PENOSIL produkt\u0173 mokymai"},"content":{"rendered":"\n<p>Kiekvien\u0105 savait\u0119 produkt\u0173 ekspertas keliauja po Lietuv\u0105 ir atlieka praktinius PENOSIL produkt\u0173 mokymus. Sekite informacij\u0105, apsilankykite mokymuose ir i\u0161bandykite PENOSIL produktus!<\/p>\n\n\n\n<p><strong>Gegu\u017e\u0117s 5 d. (antradienis), 11:00 val. Artvalda, Vytauto g. 26, Bir\u017eai. Tema: PENOSIL sandarinimo ir klijuojan\u010dios putos, hermetikai, klijai.<\/strong> Mokym\u0173 metu ap\u017evelgsime PENOSIL produktus. Kalb\u0117sime apie lang\u0173 sandarinimo sprendimus. Pristatysime asortimento naujienas. Atliksime praktinius bandymus ir atsakysime \u012f i\u0161kilusius klausimus.<\/p>\n\n\n\n<p><strong>Gegu\u017e\u0117s 6 d. (tre\u010diadienis), 10:00 val. Bikuvos prekyba, Technikos g. 4A, Kupi\u0161kis. Tema: PENOSIL bendrosios statybos ir atsparumo ugniai\/auk\u0161tai temperat\u016brai kategorij\u0173 produktai.<\/strong> Mokym\u0173 metu aptarsime PENOSIL <a href=\"https:\/\/penosil.com\/lt\/produkto-kategorija\/naudojimo-sritys\/bendroji-statyba\/\">bendrosios statybos<\/a> ir <a href=\"https:\/\/penosil.com\/lt\/produkto-kategorija\/naudojimo-sritys\/atsparumas-ugniai\/\">atsparumo ugniai ir auk\u0161tai temperat\u016brai<\/a> kategorij\u0173 produktus. Pristatysime PENOSIL asortimento naujienas. Atliksime praktinius bandymus ir atsakysime \u012f i\u0161kilusius klausimus.<\/p>\n\n\n\n<p><strong>Gegu\u017e\u0117s 6 d. (tre\u010diadienis), 13:00 val. Dauni\u0161kio prekyba, K\u0119stu\u010dio g. 1A, Anyk\u0161\u010diai. Tema: PENOSIL sandarinimo ir klijuojan\u010dios putos, hermetikai, klijai.<\/strong> Mokym\u0173 metu ap\u017evelgsime PENOSIL produktus. Kalb\u0117sime apie lang\u0173 sandarinimo sprendimus. Pristatysime asortimento naujienas. Atliksime praktinius bandymus ir atsakysime \u012f i\u0161kilusius klausimus.<\/p>\n\n\n\n<p>Iki susitikimo!<\/p>\n\n\n\n<p><\/p>\n\n\n\n<p><\/p>\n\n\n\n<p><\/p>\n\n\n\n<p><\/p>\n\n\n\n<p><\/p>\n\n\n\n<p><\/p>\n","protected":false},"excerpt":{"rendered":"Kiekvien\u0105 savait\u0119 produkt\u0173 ekspertas keliauja po Lietuv\u0105 ir atlieka praktinius PENOSIL produkt\u0173 mokymus. Sekite informacij\u0105, apsilankykite mokymuose ir i\u0161bandykite PENOSIL produktus! Gegu\u017e\u0117s 5 d. (antradienis), 11:00 val. Artvalda, Vytauto g. 26, Bir\u017eai. Tema: PENOSIL sandarinimo ir klijuojan\u010dios putos, hermetikai, klijai. Mokym\u0173 metu ap\u017evelgsime PENOSIL produktus. Kalb\u0117sime apie lang\u0173 sandarinimo sprendimus. Pristatysime asortimento naujienas. Atliksime praktinius [&hellip;]","protected":false},"author":5,"featured_media":0,"parent":3549,"menu_order":478,"comment_status":"closed","ping_status":"closed","template":"","meta":{"_acf_changed":false,"advgb_blocks_editor_width":"","advgb_blocks_columns_visual_guide":"","footnotes":""},"class_list":["post-11001","page","type-page","status-publish","hentry"],"acf":[],"yoast_head":"<!-- This site is optimized with the Yoast SEO plugin v27.4 - https:\/\/yoast.com\/product\/yoast-seo-wordpress\/ -->\n<title>PENOSIL produkt\u0173 mokymai - Penosil Lithuania<\/title>\n<meta name=\"description\" content=\"Produkt\u0173 ekspertas vykdo PENOSIL produkt\u0173 mokymus kiekvien\u0105 savait\u0119. \u010cia rasite naujausi\u0105 informacij\u0105 apie mokymus. Su\u017einok daugiau!\" \/>\n<meta name=\"robots\" content=\"index, follow, max-snippet:-1, max-image-preview:large, max-video-preview:-1\" \/>\n<link rel=\"canonical\" href=\"https:\/\/penosil.com\/lt\/informacijos-centras\/penosil-produktu-mokymai\/\" \/>\n<meta property=\"og:locale\" content=\"lt_LT\" \/>\n<meta property=\"og:type\" content=\"article\" \/>\n<meta property=\"og:title\" content=\"PENOSIL produkt\u0173 mokymai - Penosil Lithuania\" \/>\n<meta property=\"og:description\" content=\"Produkt\u0173 ekspertas vykdo PENOSIL produkt\u0173 mokymus kiekvien\u0105 savait\u0119. \u010cia rasite naujausi\u0105 informacij\u0105 apie mokymus. Su\u017einok daugiau!\" \/>\n<meta property=\"og:url\" content=\"https:\/\/penosil.com\/lt\/informacijos-centras\/penosil-produktu-mokymai\/\" \/>\n<meta property=\"og:site_name\" content=\"Penosil Lithuania\" \/>\n<meta property=\"article:modified_time\" content=\"2026-04-30T04:53:11+00:00\" \/>\n<meta name=\"twitter:card\" content=\"summary_large_image\" \/>\n<script type=\"application\/ld+json\" class=\"yoast-schema-graph\">{\"@context\":\"https:\\\/\\\/schema.org\",\"@graph\":[{\"@type\":\"WebPage\",\"@id\":\"https:\\\/\\\/penosil.com\\\/lt\\\/informacijos-centras\\\/penosil-produktu-mokymai\\\/\",\"url\":\"https:\\\/\\\/penosil.com\\\/lt\\\/informacijos-centras\\\/penosil-produktu-mokymai\\\/\",\"name\":\"PENOSIL produkt\u0173 mokymai - Penosil Lithuania\",\"isPartOf\":{\"@id\":\"https:\\\/\\\/penosil.com\\\/lt\\\/#website\"},\"datePublished\":\"2021-10-19T06:44:15+00:00\",\"dateModified\":\"2026-04-30T04:53:11+00:00\",\"description\":\"Produkt\u0173 ekspertas vykdo PENOSIL produkt\u0173 mokymus kiekvien\u0105 savait\u0119. \u010cia rasite naujausi\u0105 informacij\u0105 apie mokymus. Su\u017einok daugiau!\",\"breadcrumb\":{\"@id\":\"https:\\\/\\\/penosil.com\\\/lt\\\/informacijos-centras\\\/penosil-produktu-mokymai\\\/#breadcrumb\"},\"inLanguage\":\"lt-LT\",\"potentialAction\":[{\"@type\":\"ReadAction\",\"target\":[\"https:\\\/\\\/penosil.com\\\/lt\\\/informacijos-centras\\\/penosil-produktu-mokymai\\\/\"]}]},{\"@type\":\"BreadcrumbList\",\"@id\":\"https:\\\/\\\/penosil.com\\\/lt\\\/informacijos-centras\\\/penosil-produktu-mokymai\\\/#breadcrumb\",\"itemListElement\":[{\"@type\":\"ListItem\",\"position\":1,\"name\":\"Home\",\"item\":\"https:\\\/\\\/penosil.com\\\/lt\\\/\"},{\"@type\":\"ListItem\",\"position\":2,\"name\":\"Informacijos centras\",\"item\":\"https:\\\/\\\/penosil.com\\\/lt\\\/informacijos-centras\\\/\"},{\"@type\":\"ListItem\",\"position\":3,\"name\":\"PENOSIL produkt\u0173 mokymai\"}]},{\"@type\":\"WebSite\",\"@id\":\"https:\\\/\\\/penosil.com\\\/lt\\\/#website\",\"url\":\"https:\\\/\\\/penosil.com\\\/lt\\\/\",\"name\":\"Penosil Lithuania\",\"description\":\"\",\"potentialAction\":[{\"@type\":\"SearchAction\",\"target\":{\"@type\":\"EntryPoint\",\"urlTemplate\":\"https:\\\/\\\/penosil.com\\\/lt\\\/?s={search_term_string}\"},\"query-input\":{\"@type\":\"PropertyValueSpecification\",\"valueRequired\":true,\"valueName\":\"search_term_string\"}}],\"inLanguage\":\"lt-LT\"}]}<\/script>\n<!-- \/ Yoast SEO plugin. -->","yoast_head_json":{"title":"PENOSIL produkt\u0173 mokymai - Penosil Lithuania","description":"Produkt\u0173 ekspertas vykdo PENOSIL produkt\u0173 mokymus kiekvien\u0105 savait\u0119. \u010cia rasite naujausi\u0105 informacij\u0105 apie mokymus. Su\u017einok daugiau!","robots":{"index":"index","follow":"follow","max-snippet":"max-snippet:-1","max-image-preview":"max-image-preview:large","max-video-preview":"max-video-preview:-1"},"canonical":"https:\/\/penosil.com\/lt\/informacijos-centras\/penosil-produktu-mokymai\/","og_locale":"lt_LT","og_type":"article","og_title":"PENOSIL produkt\u0173 mokymai - Penosil Lithuania","og_description":"Produkt\u0173 ekspertas vykdo PENOSIL produkt\u0173 mokymus kiekvien\u0105 savait\u0119. \u010cia rasite naujausi\u0105 informacij\u0105 apie mokymus. Su\u017einok daugiau!","og_url":"https:\/\/penosil.com\/lt\/informacijos-centras\/penosil-produktu-mokymai\/","og_site_name":"Penosil Lithuania","article_modified_time":"2026-04-30T04:53:11+00:00","twitter_card":"summary_large_image","schema":{"@context":"https:\/\/schema.org","@graph":[{"@type":"WebPage","@id":"https:\/\/penosil.com\/lt\/informacijos-centras\/penosil-produktu-mokymai\/","url":"https:\/\/penosil.com\/lt\/informacijos-centras\/penosil-produktu-mokymai\/","name":"PENOSIL produkt\u0173 mokymai - Penosil Lithuania","isPartOf":{"@id":"https:\/\/penosil.com\/lt\/#website"},"datePublished":"2021-10-19T06:44:15+00:00","dateModified":"2026-04-30T04:53:11+00:00","description":"Produkt\u0173 ekspertas vykdo PENOSIL produkt\u0173 mokymus kiekvien\u0105 savait\u0119. \u010cia rasite naujausi\u0105 informacij\u0105 apie mokymus. Su\u017einok daugiau!","breadcrumb":{"@id":"https:\/\/penosil.com\/lt\/informacijos-centras\/penosil-produktu-mokymai\/#breadcrumb"},"inLanguage":"lt-LT","potentialAction":[{"@type":"ReadAction","target":["https:\/\/penosil.com\/lt\/informacijos-centras\/penosil-produktu-mokymai\/"]}]},{"@type":"BreadcrumbList","@id":"https:\/\/penosil.com\/lt\/informacijos-centras\/penosil-produktu-mokymai\/#breadcrumb","itemListElement":[{"@type":"ListItem","position":1,"name":"Home","item":"https:\/\/penosil.com\/lt\/"},{"@type":"ListItem","position":2,"name":"Informacijos centras","item":"https:\/\/penosil.com\/lt\/informacijos-centras\/"},{"@type":"ListItem","position":3,"name":"PENOSIL produkt\u0173 mokymai"}]},{"@type":"WebSite","@id":"https:\/\/penosil.com\/lt\/#website","url":"https:\/\/penosil.com\/lt\/","name":"Penosil Lithuania","description":"","potentialAction":[{"@type":"SearchAction","target":{"@type":"EntryPoint","urlTemplate":"https:\/\/penosil.com\/lt\/?s={search_term_string}"},"query-input":{"@type":"PropertyValueSpecification","valueRequired":true,"valueName":"search_term_string"}}],"inLanguage":"lt-LT"}]}},"coauthors":[],"author_meta":{"author_link":"https:\/\/penosil.com\/lt\/author\/asta\/","display_name":"Asta Salkauskiene"},"relative_dates":{"created":"Posted 5 metai ago","modified":"Updated 4 d. ago"},"absolute_dates":{"created":"Posted on 2021 19 spalio","modified":"Updated on 2026 30 baland\u017eio"},"absolute_dates_time":{"created":"Posted on 2021 19 spalio 6:44","modified":"Updated on 2026 30 baland\u017eio 4:53"},"featured_img_caption":"","featured_img":false,"series_order":"","_links":{"self":[{"href":"https:\/\/penosil.com\/lt\/wp-json\/wp\/v2\/pages\/11001","targetHints":{"allow":["GET"]}}],"collection":[{"href":"https:\/\/penosil.com\/lt\/wp-json\/wp\/v2\/pages"}],"about":[{"href":"https:\/\/penosil.com\/lt\/wp-json\/wp\/v2\/types\/page"}],"author":[{"embeddable":true,"href":"https:\/\/penosil.com\/lt\/wp-json\/wp\/v2\/users\/5"}],"replies":[{"embeddable":true,"href":"https:\/\/penosil.com\/lt\/wp-json\/wp\/v2\/comments?post=11001"}],"version-history":[{"count":915,"href":"https:\/\/penosil.com\/lt\/wp-json\/wp\/v2\/pages\/11001\/revisions"}],"predecessor-version":[{"id":16741,"href":"https:\/\/penosil.com\/lt\/wp-json\/wp\/v2\/pages\/11001\/revisions\/16741"}],"up":[{"embeddable":true,"href":"https:\/\/penosil.com\/lt\/wp-json\/wp\/v2\/pages\/3549"}],"wp:attachment":[{"href":"https:\/\/penosil.com\/lt\/wp-json\/wp\/v2\/media?parent=11001"}],"curies":[{"name":"wp","href":"https:\/\/api.w.org\/{rel}","templated":true}]}}