{"id":12526,"date":"2023-08-29T11:13:40","date_gmt":"2023-08-29T11:13:40","guid":{"rendered":"https:\/\/penosil.com\/lt\/?page_id=12526"},"modified":"2024-04-20T15:58:10","modified_gmt":"2024-04-20T15:58:10","slug":"industriniai-sprendimai","status":"publish","type":"page","link":"https:\/\/penosil.com\/lt\/industriniai-sprendimai\/","title":{"rendered":"Industriniai sprendimai"},"content":{"rendered":"","protected":false},"excerpt":{"rendered":"","protected":false},"author":105,"featured_media":0,"parent":0,"menu_order":19,"comment_status":"closed","ping_status":"closed","template":"page-templates\/template-industrial-solutions.php","meta":{"_acf_changed":false,"advgb_blocks_editor_width":"","advgb_blocks_columns_visual_guide":"","footnotes":""},"class_list":["post-12526","page","type-page","status-publish","hentry"],"acf":[],"yoast_head":"<!-- This site is optimized with the Yoast SEO plugin v27.2 - https:\/\/yoast.com\/product\/yoast-seo-wordpress\/ -->\n<title>Industriniai sprendimai - Penosil Lithuania<\/title>\n<meta name=\"robots\" content=\"index, follow, max-snippet:-1, max-image-preview:large, max-video-preview:-1\" \/>\n<link rel=\"canonical\" href=\"https:\/\/penosil.com\/lt\/industriniai-sprendimai\/\" \/>\n<meta property=\"og:locale\" content=\"lt_LT\" \/>\n<meta property=\"og:type\" content=\"article\" \/>\n<meta property=\"og:title\" content=\"Industriniai sprendimai - Penosil Lithuania\" \/>\n<meta property=\"og:url\" content=\"https:\/\/penosil.com\/lt\/industriniai-sprendimai\/\" \/>\n<meta property=\"og:site_name\" content=\"Penosil Lithuania\" \/>\n<meta property=\"article:modified_time\" content=\"2024-04-20T15:58:10+00:00\" \/>\n<meta name=\"twitter:card\" content=\"summary_large_image\" \/>\n<script type=\"application\/ld+json\" class=\"yoast-schema-graph\">{\"@context\":\"https:\/\/schema.org\",\"@graph\":[{\"@type\":\"WebPage\",\"@id\":\"https:\/\/penosil.com\/lt\/industriniai-sprendimai\/\",\"url\":\"https:\/\/penosil.com\/lt\/industriniai-sprendimai\/\",\"name\":\"Industriniai sprendimai - Penosil Lithuania\",\"isPartOf\":{\"@id\":\"https:\/\/penosil.com\/lt\/#website\"},\"datePublished\":\"2023-08-29T11:13:40+00:00\",\"dateModified\":\"2024-04-20T15:58:10+00:00\",\"breadcrumb\":{\"@id\":\"https:\/\/penosil.com\/lt\/industriniai-sprendimai\/#breadcrumb\"},\"inLanguage\":\"lt-LT\",\"potentialAction\":[{\"@type\":\"ReadAction\",\"target\":[\"https:\/\/penosil.com\/lt\/industriniai-sprendimai\/\"]}]},{\"@type\":\"BreadcrumbList\",\"@id\":\"https:\/\/penosil.com\/lt\/industriniai-sprendimai\/#breadcrumb\",\"itemListElement\":[{\"@type\":\"ListItem\",\"position\":1,\"name\":\"Home\",\"item\":\"https:\/\/penosil.com\/lt\/\"},{\"@type\":\"ListItem\",\"position\":2,\"name\":\"Industriniai sprendimai\"}]},{\"@type\":\"WebSite\",\"@id\":\"https:\/\/penosil.com\/lt\/#website\",\"url\":\"https:\/\/penosil.com\/lt\/\",\"name\":\"Penosil Lithuania\",\"description\":\"\",\"potentialAction\":[{\"@type\":\"SearchAction\",\"target\":{\"@type\":\"EntryPoint\",\"urlTemplate\":\"https:\/\/penosil.com\/lt\/?s={search_term_string}\"},\"query-input\":{\"@type\":\"PropertyValueSpecification\",\"valueRequired\":true,\"valueName\":\"search_term_string\"}}],\"inLanguage\":\"lt-LT\"}]}<\/script>\n<!-- \/ Yoast SEO plugin. -->","yoast_head_json":{"title":"Industriniai sprendimai - Penosil Lithuania","robots":{"index":"index","follow":"follow","max-snippet":"max-snippet:-1","max-image-preview":"max-image-preview:large","max-video-preview":"max-video-preview:-1"},"canonical":"https:\/\/penosil.com\/lt\/industriniai-sprendimai\/","og_locale":"lt_LT","og_type":"article","og_title":"Industriniai sprendimai - Penosil Lithuania","og_url":"https:\/\/penosil.com\/lt\/industriniai-sprendimai\/","og_site_name":"Penosil Lithuania","article_modified_time":"2024-04-20T15:58:10+00:00","twitter_card":"summary_large_image","schema":{"@context":"https:\/\/schema.org","@graph":[{"@type":"WebPage","@id":"https:\/\/penosil.com\/lt\/industriniai-sprendimai\/","url":"https:\/\/penosil.com\/lt\/industriniai-sprendimai\/","name":"Industriniai sprendimai - Penosil Lithuania","isPartOf":{"@id":"https:\/\/penosil.com\/lt\/#website"},"datePublished":"2023-08-29T11:13:40+00:00","dateModified":"2024-04-20T15:58:10+00:00","breadcrumb":{"@id":"https:\/\/penosil.com\/lt\/industriniai-sprendimai\/#breadcrumb"},"inLanguage":"lt-LT","potentialAction":[{"@type":"ReadAction","target":["https:\/\/penosil.com\/lt\/industriniai-sprendimai\/"]}]},{"@type":"BreadcrumbList","@id":"https:\/\/penosil.com\/lt\/industriniai-sprendimai\/#breadcrumb","itemListElement":[{"@type":"ListItem","position":1,"name":"Home","item":"https:\/\/penosil.com\/lt\/"},{"@type":"ListItem","position":2,"name":"Industriniai sprendimai"}]},{"@type":"WebSite","@id":"https:\/\/penosil.com\/lt\/#website","url":"https:\/\/penosil.com\/lt\/","name":"Penosil Lithuania","description":"","potentialAction":[{"@type":"SearchAction","target":{"@type":"EntryPoint","urlTemplate":"https:\/\/penosil.com\/lt\/?s={search_term_string}"},"query-input":{"@type":"PropertyValueSpecification","valueRequired":true,"valueName":"search_term_string"}}],"inLanguage":"lt-LT"}]}},"coauthors":[],"author_meta":{"author_link":"https:\/\/penosil.com\/lt\/author\/kevinreaktiiv\/","display_name":"kevinreaktiiv"},"relative_dates":{"created":"Posted 3 metai ago","modified":"Updated 2 metai ago"},"absolute_dates":{"created":"Posted on 2023 29 rugpj\u016b\u010dio","modified":"Updated on 2024 20 baland\u017eio"},"absolute_dates_time":{"created":"Posted on 2023 29 rugpj\u016b\u010dio 11:13","modified":"Updated on 2024 20 baland\u017eio 15:58"},"featured_img_caption":"","featured_img":false,"series_order":"","_links":{"self":[{"href":"https:\/\/penosil.com\/lt\/wp-json\/wp\/v2\/pages\/12526","targetHints":{"allow":["GET"]}}],"collection":[{"href":"https:\/\/penosil.com\/lt\/wp-json\/wp\/v2\/pages"}],"about":[{"href":"https:\/\/penosil.com\/lt\/wp-json\/wp\/v2\/types\/page"}],"author":[{"embeddable":true,"href":"https:\/\/penosil.com\/lt\/wp-json\/wp\/v2\/users\/105"}],"replies":[{"embeddable":true,"href":"https:\/\/penosil.com\/lt\/wp-json\/wp\/v2\/comments?post=12526"}],"version-history":[{"count":2,"href":"https:\/\/penosil.com\/lt\/wp-json\/wp\/v2\/pages\/12526\/revisions"}],"predecessor-version":[{"id":13285,"href":"https:\/\/penosil.com\/lt\/wp-json\/wp\/v2\/pages\/12526\/revisions\/13285"}],"wp:attachment":[{"href":"https:\/\/penosil.com\/lt\/wp-json\/wp\/v2\/media?parent=12526"}],"curies":[{"name":"wp","href":"https:\/\/api.w.org\/{rel}","templated":true}]}}