{"id":12528,"date":"2023-08-29T11:16:02","date_gmt":"2023-08-29T11:16:02","guid":{"rendered":"https:\/\/penosil.com\/lt\/?page_id=12528"},"modified":"2025-10-06T09:51:38","modified_gmt":"2025-10-06T09:51:38","slug":"penosil-sprendimai","status":"publish","type":"page","link":"https:\/\/penosil.com\/lt\/penosil-sprendimai\/","title":{"rendered":"Penosil sprendimai"},"content":{"rendered":"<section id=\"pnsl-solutions-selection-block_752f8daa38d190ba057fe005df998ec6\" class=\"pnsl-solutions-selection-block\" aria-labelledby=\"solutions-heading\">\n   \n    <section class=\"pnsl-breadcrumbs\">\n        <div class=\"container\">\n            <div class=\"d-flex flex-wrap align-items-center\">\n                                                            <a href=\"https:\/\/penosil.com\/lt\">Pagrindinis<\/a>\n                    \n                                            <div class=\"arrow\"><\/div>\n                                                                                <span>Penosil sprendimai<\/span>\n                    \n                                                <\/div>\n        <\/div>\n    <\/section>\n\n   <div class=\"container\">\n      <h1 id=\"solutions-heading\" class=\"visually-hidden\">Penosil Solutions<\/h1>\n\n      <ul class=\"row solutions-list\" role=\"list\">\n                                 <li class=\"col col-12 col-lg-6\">\n               <article class=\"solution d-flex flex-column align-items-center text-center\">\n                                       <h2>Profesionaliems <br> statybininkams<\/h2>\n                  \n                                       <a href=\"https:\/\/penosil.com\/lt\/sprendimai\/\"\n                        class=\"image-wrap\"\n                        aria-hidden=\"true\"\n                        tabindex=\"-1\"\n                        >\n                        <img decoding=\"async\" src=\"https:\/\/penosil.com\/lt\/wp-content\/uploads\/sites\/13\/2024\/07\/Pro-Builders-solutions-Penosil.png\"\n                           width=\"965\"\n                           height=\"510\"\n                           alt=\"Profesionaliems statybininkams\"\n                           loading=\"lazy\">\n                     <\/a>\n                  \n                                       <div class=\"text-wrap\">\n                        <p>Kiekvienas gaminys atlieka svarb\u0173 ir specifin\u012f vaidmen\u012f siekiant teisingo ir energij\u0105 taupan\u010dio sprendimo.<\/p>\n                     <\/div>\n                  \n                                                            <a class=\"btn rbtn\"\n                        href=\"https:\/\/penosil.com\/lt\/sprendimai\/\"\n                        aria-label=\"View Profesionaliems &lt;br&gt; statybininkams solutions\"\n                        >\n                        Sprendimai                     <\/a>\n                                 <\/article>\n            <\/li>\n                                 <li class=\"col col-12 col-lg-6\">\n               <article class=\"solution d-flex flex-column align-items-center text-center\">\n                                       <h2>Pramonei<br> skirti sprendimai<\/h2>\n                  \n                                       <a href=\"https:\/\/penosil.com\/lt\/industriniai-sprendimai\/\"\n                        class=\"image-wrap\"\n                        aria-hidden=\"true\"\n                        tabindex=\"-1\"\n                        >\n                        <img decoding=\"async\" src=\"https:\/\/penosil.com\/lt\/wp-content\/uploads\/sites\/13\/2024\/07\/Industrial-solutions-Penosil.png\"\n                           width=\"965\"\n                           height=\"510\"\n                           alt=\"Pramoniniams pastatams sprendimai\"\n                           loading=\"lazy\">\n                     <\/a>\n                  \n                                       <div class=\"text-wrap\">\n                        <p>Kiekvienas gaminys atlieka svarb\u0173 ir specifin\u012f vaidmen\u012f siekiant teisingo ir energij\u0105 taupan\u010dio sprendimo.<\/p>\n                     <\/div>\n                  \n                                                            <a class=\"btn rbtn\"\n                        href=\"https:\/\/penosil.com\/lt\/industriniai-sprendimai\/\"\n                        aria-label=\"View Pramonei&lt;br&gt; skirti sprendimai solutions\"\n                        >\n                        Industriniai sprendimai                     <\/a>\n                                 <\/article>\n            <\/li>\n               <\/ul>\n   <\/div>\n<\/section>","protected":false},"excerpt":{"rendered":"","protected":false},"author":105,"featured_media":0,"parent":0,"menu_order":18,"comment_status":"closed","ping_status":"closed","template":"page-templates\/template-no-title.php","meta":{"_acf_changed":false,"advgb_blocks_editor_width":"","advgb_blocks_columns_visual_guide":"","footnotes":""},"class_list":["post-12528","page","type-page","status-publish","hentry"],"acf":[],"yoast_head":"<!-- This site is optimized with the Yoast SEO plugin v27.2 - https:\/\/yoast.com\/product\/yoast-seo-wordpress\/ -->\n<title>Penosil sprendimai - Penosil Lithuania<\/title>\n<meta name=\"robots\" content=\"index, follow, max-snippet:-1, max-image-preview:large, max-video-preview:-1\" \/>\n<link rel=\"canonical\" href=\"https:\/\/penosil.com\/lt\/penosil-sprendimai\/\" \/>\n<meta property=\"og:locale\" content=\"lt_LT\" \/>\n<meta property=\"og:type\" content=\"article\" \/>\n<meta property=\"og:title\" content=\"Penosil sprendimai - Penosil Lithuania\" \/>\n<meta property=\"og:url\" content=\"https:\/\/penosil.com\/lt\/penosil-sprendimai\/\" \/>\n<meta property=\"og:site_name\" content=\"Penosil Lithuania\" \/>\n<meta property=\"article:modified_time\" content=\"2025-10-06T09:51:38+00:00\" \/>\n<meta name=\"twitter:card\" content=\"summary_large_image\" \/>\n<script type=\"application\/ld+json\" class=\"yoast-schema-graph\">{\"@context\":\"https:\/\/schema.org\",\"@graph\":[{\"@type\":\"WebPage\",\"@id\":\"https:\/\/penosil.com\/lt\/penosil-sprendimai\/\",\"url\":\"https:\/\/penosil.com\/lt\/penosil-sprendimai\/\",\"name\":\"Penosil sprendimai - Penosil Lithuania\",\"isPartOf\":{\"@id\":\"https:\/\/penosil.com\/lt\/#website\"},\"datePublished\":\"2023-08-29T11:16:02+00:00\",\"dateModified\":\"2025-10-06T09:51:38+00:00\",\"breadcrumb\":{\"@id\":\"https:\/\/penosil.com\/lt\/penosil-sprendimai\/#breadcrumb\"},\"inLanguage\":\"lt-LT\",\"potentialAction\":[{\"@type\":\"ReadAction\",\"target\":[\"https:\/\/penosil.com\/lt\/penosil-sprendimai\/\"]}]},{\"@type\":\"BreadcrumbList\",\"@id\":\"https:\/\/penosil.com\/lt\/penosil-sprendimai\/#breadcrumb\",\"itemListElement\":[{\"@type\":\"ListItem\",\"position\":1,\"name\":\"Home\",\"item\":\"https:\/\/penosil.com\/lt\/\"},{\"@type\":\"ListItem\",\"position\":2,\"name\":\"Penosil sprendimai\"}]},{\"@type\":\"WebSite\",\"@id\":\"https:\/\/penosil.com\/lt\/#website\",\"url\":\"https:\/\/penosil.com\/lt\/\",\"name\":\"Penosil Lithuania\",\"description\":\"\",\"potentialAction\":[{\"@type\":\"SearchAction\",\"target\":{\"@type\":\"EntryPoint\",\"urlTemplate\":\"https:\/\/penosil.com\/lt\/?s={search_term_string}\"},\"query-input\":{\"@type\":\"PropertyValueSpecification\",\"valueRequired\":true,\"valueName\":\"search_term_string\"}}],\"inLanguage\":\"lt-LT\"}]}<\/script>\n<!-- \/ Yoast SEO plugin. -->","yoast_head_json":{"title":"Penosil sprendimai - Penosil Lithuania","robots":{"index":"index","follow":"follow","max-snippet":"max-snippet:-1","max-image-preview":"max-image-preview:large","max-video-preview":"max-video-preview:-1"},"canonical":"https:\/\/penosil.com\/lt\/penosil-sprendimai\/","og_locale":"lt_LT","og_type":"article","og_title":"Penosil sprendimai - Penosil Lithuania","og_url":"https:\/\/penosil.com\/lt\/penosil-sprendimai\/","og_site_name":"Penosil Lithuania","article_modified_time":"2025-10-06T09:51:38+00:00","twitter_card":"summary_large_image","schema":{"@context":"https:\/\/schema.org","@graph":[{"@type":"WebPage","@id":"https:\/\/penosil.com\/lt\/penosil-sprendimai\/","url":"https:\/\/penosil.com\/lt\/penosil-sprendimai\/","name":"Penosil sprendimai - Penosil Lithuania","isPartOf":{"@id":"https:\/\/penosil.com\/lt\/#website"},"datePublished":"2023-08-29T11:16:02+00:00","dateModified":"2025-10-06T09:51:38+00:00","breadcrumb":{"@id":"https:\/\/penosil.com\/lt\/penosil-sprendimai\/#breadcrumb"},"inLanguage":"lt-LT","potentialAction":[{"@type":"ReadAction","target":["https:\/\/penosil.com\/lt\/penosil-sprendimai\/"]}]},{"@type":"BreadcrumbList","@id":"https:\/\/penosil.com\/lt\/penosil-sprendimai\/#breadcrumb","itemListElement":[{"@type":"ListItem","position":1,"name":"Home","item":"https:\/\/penosil.com\/lt\/"},{"@type":"ListItem","position":2,"name":"Penosil sprendimai"}]},{"@type":"WebSite","@id":"https:\/\/penosil.com\/lt\/#website","url":"https:\/\/penosil.com\/lt\/","name":"Penosil Lithuania","description":"","potentialAction":[{"@type":"SearchAction","target":{"@type":"EntryPoint","urlTemplate":"https:\/\/penosil.com\/lt\/?s={search_term_string}"},"query-input":{"@type":"PropertyValueSpecification","valueRequired":true,"valueName":"search_term_string"}}],"inLanguage":"lt-LT"}]}},"coauthors":[],"author_meta":{"author_link":"https:\/\/penosil.com\/lt\/author\/kevinreaktiiv\/","display_name":"kevinreaktiiv"},"relative_dates":{"created":"Posted 3 metai ago","modified":"Updated 6 m\u0117nesiai ago"},"absolute_dates":{"created":"Posted on 2023 29 rugpj\u016b\u010dio","modified":"Updated on 2025 6 spalio"},"absolute_dates_time":{"created":"Posted on 2023 29 rugpj\u016b\u010dio 11:16","modified":"Updated on 2025 6 spalio 9:51"},"featured_img_caption":"","featured_img":false,"series_order":"","_links":{"self":[{"href":"https:\/\/penosil.com\/lt\/wp-json\/wp\/v2\/pages\/12528","targetHints":{"allow":["GET"]}}],"collection":[{"href":"https:\/\/penosil.com\/lt\/wp-json\/wp\/v2\/pages"}],"about":[{"href":"https:\/\/penosil.com\/lt\/wp-json\/wp\/v2\/types\/page"}],"author":[{"embeddable":true,"href":"https:\/\/penosil.com\/lt\/wp-json\/wp\/v2\/users\/105"}],"replies":[{"embeddable":true,"href":"https:\/\/penosil.com\/lt\/wp-json\/wp\/v2\/comments?post=12528"}],"version-history":[{"count":18,"href":"https:\/\/penosil.com\/lt\/wp-json\/wp\/v2\/pages\/12528\/revisions"}],"predecessor-version":[{"id":16248,"href":"https:\/\/penosil.com\/lt\/wp-json\/wp\/v2\/pages\/12528\/revisions\/16248"}],"wp:attachment":[{"href":"https:\/\/penosil.com\/lt\/wp-json\/wp\/v2\/media?parent=12528"}],"curies":[{"name":"wp","href":"https:\/\/api.w.org\/{rel}","templated":true}]}}