{"id":12567,"date":"2023-09-11T09:54:02","date_gmt":"2023-09-11T09:54:02","guid":{"rendered":"https:\/\/penosil.com\/lt\/?page_id=12567"},"modified":"2023-09-12T11:58:13","modified_gmt":"2023-09-12T11:58:13","slug":"air-vapour-660-garu-izoliacines-mastikos-skaiciuokle","status":"publish","type":"page","link":"https:\/\/penosil.com\/lt\/informacijos-centras\/skaiciuokles\/air-vapour-660-garu-izoliacines-mastikos-skaiciuokle\/","title":{"rendered":"Air&amp;Vapour Membrane 660 gar\u0173 izoliacin\u0117s mastikos skai\u010diuokl\u0117"},"content":{"rendered":"<div id=\"pnsl-calculator-block_e6bd49f80af107edbfd0aaeb4deedcb7\" class=\"pnsl-calculator-block membrane-660-calculator\">\n   <div class=\"total-product mb64\" role=\"form\" aria-label=\"Total product needed calculator\">\n               <h2 class=\"mb24\">Air&amp;Vapour Membrane 660 s\u0105naud\u0173 skai\u010diuokl\u0117<\/h2>\n      \n      <fieldset class=\"calculator-part\">\n         <legend class=\"calculator-part-title\">\n            <h3 class=\"\">Jungties matmenys<\/h3>\n                     <\/legend>\n\n         <div class=\"calculator-part-inputs d-flex align-items-center flex-wrap\">\n\n            <div class=\"calculator-input mr32\">\n               <label for=\"membrane-total-joint-width\" class=\"input-label\">Plotis<\/label>\n               <div class=\"input-field\">\n                  <input type=\"number\" id=\"membrane-total-joint-width\" name=\"membrane-total-joint-width\" aria-required=\"true\">\n                  <span class=\"unit\" aria-label=\"centimeters\">cm<\/span>\n               <\/div>\n            <\/div>\n\n            <div class=\"calculator-input mr32\">\n               <label for=\"membrane-total-joint-length\" class=\"input-label\">Ilgis<\/label>\n               <div class=\"input-field\">\n                  <input type=\"number\" id=\"membrane-total-joint-length\" name=\"membrane-total-joint-length\" aria-required=\"true\">\n                  <span class=\"unit\" aria-label=\"meters\">m<\/span>\n               <\/div>\n            <\/div>\n         <\/div>\n      <\/fieldset>\n\n      <div class=\"calculator-output\" role=\"region\" aria-live=\"polite\" aria-label=\"Calculation results\">\n         <h2 class=\"sr-only\">Results<\/h2>\n         <div class=\"output-block output-full d-flex flex-wrap\">\n            <div class=\"output-title w100\">\n               <span>Reikalingas kiekis, kg<\/span>\n            <\/div>\n            <div class=\"output-result w100\" id=\"membrane-total-nr-balloons\" aria-label=\"Kilograms of product needed\">\n               0\n            <\/div>\n         <\/div>\n      <\/div>\n   <\/div>\n   \n   <div class=\"total-coverage\" role=\"form\" aria-label=\"Total coverage calculator\">\n               <h2 class=\"mb24\">Air&amp;Vapour Membrane 660 maksimali linijini\u0173 jung\u010di\u0173 skai\u010diuokl\u0117 pagal pakuot\u0119<\/h2>\n      \n      <fieldset class=\"calculator-part\">\n         <legend class=\"calculator-part-title\">\n            <h3 class=\"\">Jungties matmenys<\/h3>\n                     <\/legend>\n\n         <div class=\"calculator-part-inputs d-flex align-items-center flex-wrap\">\n\n            <div class=\"calculator-input mr32\">\n               <label for=\"membrane-coverage-joint-width\" class=\"input-label\">Jungties plotis<\/label>\n               <div class=\"input-field\">\n                  <input type=\"number\" id=\"membrane-coverage-joint-width\" name=\"membrane-coverage-joint-width\" aria-required=\"true\">\n                  <span class=\"unit\" aria-label=\"centimeters\">cm<\/span>\n               <\/div>\n            <\/div>\n\n            <div class=\"calculator-input mr32\">\n               <label for=\"package-size\" class=\"input-label\">Pakuot\u0117s dydis<\/label>\n               <div class=\"input-field pnsl-select-box\">\n                  <select name=\"membrane-coverage-package-size\" class=\"package-size\" id=\"package-size\" aria-label=\"Select package size\">\n                     <option value=\"1\">1kg<\/option>\n                     <option value=\"5\">5kg<\/option>\n                  <\/select>\n               <\/div>\n            <\/div>\n         <\/div>\n      <\/fieldset>\n\n      <div class=\"calculator-output\" role=\"region\" aria-live=\"polite\" aria-label=\"Calculation results\">\n         <h2 class=\"sr-only\">Results<\/h2>\n         <div class=\"output-block output-full d-flex flex-wrap\">\n            <div class=\"output-title w100\">\n               <span>Dengiamas ilgis, m<\/span>\n            <\/div>\n            <div class=\"output-result w100\" id=\"membrane-coverage-nr-balloons\" aria-label=\"Coverage length in meters\">\n               0\n            <\/div>\n         <\/div>\n      <\/div>\n   <\/div>\n<\/div>","protected":false},"excerpt":{"rendered":"","protected":false},"author":105,"featured_media":0,"parent":3499,"menu_order":460,"comment_status":"closed","ping_status":"closed","template":"page-templates\/template-calculators.php","meta":{"_acf_changed":false,"advgb_blocks_editor_width":"","advgb_blocks_columns_visual_guide":"","footnotes":""},"class_list":["post-12567","page","type-page","status-publish","hentry"],"acf":[],"yoast_head":"<!-- This site is optimized with the Yoast SEO plugin v27.2 - https:\/\/yoast.com\/product\/yoast-seo-wordpress\/ -->\n<title>PENOSIL Air&amp;Vapour 660 gar\u0173 izoliacin\u0117s mastikos skai\u010diuokl\u0117<\/title>\n<meta name=\"description\" content=\"Gar\u0173 izoliacin\u0117s mastikos skai\u010diuokl\u0117 pad\u0117s lengvai apskai\u010diuoti reikiam\u0105 kiek\u012f Penosil Air&amp;Vapour 660 mastikos j\u016bs\u0173 b\u016bsimiems darbams.\" \/>\n<meta name=\"robots\" content=\"index, follow, max-snippet:-1, max-image-preview:large, max-video-preview:-1\" \/>\n<link rel=\"canonical\" href=\"https:\/\/penosil.com\/lt\/informacijos-centras\/skaiciuokles\/air-vapour-660-garu-izoliacines-mastikos-skaiciuokle\/\" \/>\n<meta property=\"og:locale\" content=\"lt_LT\" \/>\n<meta property=\"og:type\" content=\"article\" \/>\n<meta property=\"og:title\" content=\"PENOSIL Air&amp;Vapour 660 gar\u0173 izoliacin\u0117s mastikos skai\u010diuokl\u0117\" \/>\n<meta property=\"og:description\" content=\"Gar\u0173 izoliacin\u0117s mastikos skai\u010diuokl\u0117 pad\u0117s lengvai apskai\u010diuoti reikiam\u0105 kiek\u012f Penosil Air&amp;Vapour 660 mastikos j\u016bs\u0173 b\u016bsimiems darbams.\" \/>\n<meta property=\"og:url\" content=\"https:\/\/penosil.com\/lt\/informacijos-centras\/skaiciuokles\/air-vapour-660-garu-izoliacines-mastikos-skaiciuokle\/\" \/>\n<meta property=\"og:site_name\" content=\"Penosil Lithuania\" \/>\n<meta property=\"article:modified_time\" content=\"2023-09-12T11:58:13+00:00\" \/>\n<meta name=\"twitter:card\" content=\"summary_large_image\" \/>\n<script type=\"application\/ld+json\" class=\"yoast-schema-graph\">{\"@context\":\"https:\/\/schema.org\",\"@graph\":[{\"@type\":\"WebPage\",\"@id\":\"https:\/\/penosil.com\/lt\/informacijos-centras\/skaiciuokles\/air-vapour-660-garu-izoliacines-mastikos-skaiciuokle\/\",\"url\":\"https:\/\/penosil.com\/lt\/informacijos-centras\/skaiciuokles\/air-vapour-660-garu-izoliacines-mastikos-skaiciuokle\/\",\"name\":\"PENOSIL Air&Vapour 660 gar\u0173 izoliacin\u0117s mastikos skai\u010diuokl\u0117\",\"isPartOf\":{\"@id\":\"https:\/\/penosil.com\/lt\/#website\"},\"datePublished\":\"2023-09-11T09:54:02+00:00\",\"dateModified\":\"2023-09-12T11:58:13+00:00\",\"description\":\"Gar\u0173 izoliacin\u0117s mastikos skai\u010diuokl\u0117 pad\u0117s lengvai apskai\u010diuoti reikiam\u0105 kiek\u012f Penosil Air&Vapour 660 mastikos j\u016bs\u0173 b\u016bsimiems darbams.\",\"breadcrumb\":{\"@id\":\"https:\/\/penosil.com\/lt\/informacijos-centras\/skaiciuokles\/air-vapour-660-garu-izoliacines-mastikos-skaiciuokle\/#breadcrumb\"},\"inLanguage\":\"lt-LT\",\"potentialAction\":[{\"@type\":\"ReadAction\",\"target\":[\"https:\/\/penosil.com\/lt\/informacijos-centras\/skaiciuokles\/air-vapour-660-garu-izoliacines-mastikos-skaiciuokle\/\"]}]},{\"@type\":\"BreadcrumbList\",\"@id\":\"https:\/\/penosil.com\/lt\/informacijos-centras\/skaiciuokles\/air-vapour-660-garu-izoliacines-mastikos-skaiciuokle\/#breadcrumb\",\"itemListElement\":[{\"@type\":\"ListItem\",\"position\":1,\"name\":\"Home\",\"item\":\"https:\/\/penosil.com\/lt\/\"},{\"@type\":\"ListItem\",\"position\":2,\"name\":\"Informacijos centras\",\"item\":\"https:\/\/penosil.com\/lt\/informacijos-centras\/\"},{\"@type\":\"ListItem\",\"position\":3,\"name\":\"Skai\u010diuokl\u0117s\",\"item\":\"https:\/\/penosil.com\/lt\/informacijos-centras\/skaiciuokles\/\"},{\"@type\":\"ListItem\",\"position\":4,\"name\":\"Air&amp;Vapour Membrane 660 gar\u0173 izoliacin\u0117s mastikos skai\u010diuokl\u0117\"}]},{\"@type\":\"WebSite\",\"@id\":\"https:\/\/penosil.com\/lt\/#website\",\"url\":\"https:\/\/penosil.com\/lt\/\",\"name\":\"Penosil Lithuania\",\"description\":\"\",\"potentialAction\":[{\"@type\":\"SearchAction\",\"target\":{\"@type\":\"EntryPoint\",\"urlTemplate\":\"https:\/\/penosil.com\/lt\/?s={search_term_string}\"},\"query-input\":{\"@type\":\"PropertyValueSpecification\",\"valueRequired\":true,\"valueName\":\"search_term_string\"}}],\"inLanguage\":\"lt-LT\"}]}<\/script>\n<!-- \/ Yoast SEO plugin. -->","yoast_head_json":{"title":"PENOSIL Air&Vapour 660 gar\u0173 izoliacin\u0117s mastikos skai\u010diuokl\u0117","description":"Gar\u0173 izoliacin\u0117s mastikos skai\u010diuokl\u0117 pad\u0117s lengvai apskai\u010diuoti reikiam\u0105 kiek\u012f Penosil Air&Vapour 660 mastikos j\u016bs\u0173 b\u016bsimiems darbams.","robots":{"index":"index","follow":"follow","max-snippet":"max-snippet:-1","max-image-preview":"max-image-preview:large","max-video-preview":"max-video-preview:-1"},"canonical":"https:\/\/penosil.com\/lt\/informacijos-centras\/skaiciuokles\/air-vapour-660-garu-izoliacines-mastikos-skaiciuokle\/","og_locale":"lt_LT","og_type":"article","og_title":"PENOSIL Air&Vapour 660 gar\u0173 izoliacin\u0117s mastikos skai\u010diuokl\u0117","og_description":"Gar\u0173 izoliacin\u0117s mastikos skai\u010diuokl\u0117 pad\u0117s lengvai apskai\u010diuoti reikiam\u0105 kiek\u012f Penosil Air&Vapour 660 mastikos j\u016bs\u0173 b\u016bsimiems darbams.","og_url":"https:\/\/penosil.com\/lt\/informacijos-centras\/skaiciuokles\/air-vapour-660-garu-izoliacines-mastikos-skaiciuokle\/","og_site_name":"Penosil Lithuania","article_modified_time":"2023-09-12T11:58:13+00:00","twitter_card":"summary_large_image","schema":{"@context":"https:\/\/schema.org","@graph":[{"@type":"WebPage","@id":"https:\/\/penosil.com\/lt\/informacijos-centras\/skaiciuokles\/air-vapour-660-garu-izoliacines-mastikos-skaiciuokle\/","url":"https:\/\/penosil.com\/lt\/informacijos-centras\/skaiciuokles\/air-vapour-660-garu-izoliacines-mastikos-skaiciuokle\/","name":"PENOSIL Air&Vapour 660 gar\u0173 izoliacin\u0117s mastikos skai\u010diuokl\u0117","isPartOf":{"@id":"https:\/\/penosil.com\/lt\/#website"},"datePublished":"2023-09-11T09:54:02+00:00","dateModified":"2023-09-12T11:58:13+00:00","description":"Gar\u0173 izoliacin\u0117s mastikos skai\u010diuokl\u0117 pad\u0117s lengvai apskai\u010diuoti reikiam\u0105 kiek\u012f Penosil Air&Vapour 660 mastikos j\u016bs\u0173 b\u016bsimiems darbams.","breadcrumb":{"@id":"https:\/\/penosil.com\/lt\/informacijos-centras\/skaiciuokles\/air-vapour-660-garu-izoliacines-mastikos-skaiciuokle\/#breadcrumb"},"inLanguage":"lt-LT","potentialAction":[{"@type":"ReadAction","target":["https:\/\/penosil.com\/lt\/informacijos-centras\/skaiciuokles\/air-vapour-660-garu-izoliacines-mastikos-skaiciuokle\/"]}]},{"@type":"BreadcrumbList","@id":"https:\/\/penosil.com\/lt\/informacijos-centras\/skaiciuokles\/air-vapour-660-garu-izoliacines-mastikos-skaiciuokle\/#breadcrumb","itemListElement":[{"@type":"ListItem","position":1,"name":"Home","item":"https:\/\/penosil.com\/lt\/"},{"@type":"ListItem","position":2,"name":"Informacijos centras","item":"https:\/\/penosil.com\/lt\/informacijos-centras\/"},{"@type":"ListItem","position":3,"name":"Skai\u010diuokl\u0117s","item":"https:\/\/penosil.com\/lt\/informacijos-centras\/skaiciuokles\/"},{"@type":"ListItem","position":4,"name":"Air&amp;Vapour Membrane 660 gar\u0173 izoliacin\u0117s mastikos skai\u010diuokl\u0117"}]},{"@type":"WebSite","@id":"https:\/\/penosil.com\/lt\/#website","url":"https:\/\/penosil.com\/lt\/","name":"Penosil Lithuania","description":"","potentialAction":[{"@type":"SearchAction","target":{"@type":"EntryPoint","urlTemplate":"https:\/\/penosil.com\/lt\/?s={search_term_string}"},"query-input":{"@type":"PropertyValueSpecification","valueRequired":true,"valueName":"search_term_string"}}],"inLanguage":"lt-LT"}]}},"coauthors":[],"author_meta":{"author_link":"https:\/\/penosil.com\/lt\/author\/kevinreaktiiv\/","display_name":"kevinreaktiiv"},"relative_dates":{"created":"Posted 3 metai ago","modified":"Updated 3 metai ago"},"absolute_dates":{"created":"Posted on 2023 11 rugs\u0117jo","modified":"Updated on 2023 12 rugs\u0117jo"},"absolute_dates_time":{"created":"Posted on 2023 11 rugs\u0117jo 9:54","modified":"Updated on 2023 12 rugs\u0117jo 11:58"},"featured_img_caption":"","featured_img":false,"series_order":"","_links":{"self":[{"href":"https:\/\/penosil.com\/lt\/wp-json\/wp\/v2\/pages\/12567","targetHints":{"allow":["GET"]}}],"collection":[{"href":"https:\/\/penosil.com\/lt\/wp-json\/wp\/v2\/pages"}],"about":[{"href":"https:\/\/penosil.com\/lt\/wp-json\/wp\/v2\/types\/page"}],"author":[{"embeddable":true,"href":"https:\/\/penosil.com\/lt\/wp-json\/wp\/v2\/users\/105"}],"replies":[{"embeddable":true,"href":"https:\/\/penosil.com\/lt\/wp-json\/wp\/v2\/comments?post=12567"}],"version-history":[{"count":4,"href":"https:\/\/penosil.com\/lt\/wp-json\/wp\/v2\/pages\/12567\/revisions"}],"predecessor-version":[{"id":12577,"href":"https:\/\/penosil.com\/lt\/wp-json\/wp\/v2\/pages\/12567\/revisions\/12577"}],"up":[{"embeddable":true,"href":"https:\/\/penosil.com\/lt\/wp-json\/wp\/v2\/pages\/3499"}],"wp:attachment":[{"href":"https:\/\/penosil.com\/lt\/wp-json\/wp\/v2\/media?parent=12567"}],"curies":[{"name":"wp","href":"https:\/\/api.w.org\/{rel}","templated":true}]}}