{"id":13600,"date":"2024-05-15T09:32:31","date_gmt":"2024-05-15T09:32:31","guid":{"rendered":"https:\/\/penosil.com\/lt\/?page_id=13600"},"modified":"2024-05-30T09:35:12","modified_gmt":"2024-05-30T09:35:12","slug":"nematomi-bet-visur","status":"publish","type":"page","link":"https:\/\/penosil.com\/lt\/tvarumas\/nematomi-bet-visur\/","title":{"rendered":"Nematomi, bet visur"},"content":{"rendered":"<section class=\"pnsl-thin-banner-block\" style=\"background-color: #007F5F; color: #FFFFFF\" aria-label=\"Nematomi, bet visur\">\n   <div class=\"container d-flex flex-column flex-lg-row align-items-lg-center justify-content-between\">\n      <div class=\"text-wrap\">\n                     <h1>Nematomi, bet visur<\/h1>\n         \n                     <p>Penosil produktai da\u017enai yra nematomi, kai pastatas yra pastatytas, ta\u010diau jie yra <strong>esmin\u0117 statybos proceso dalis<\/strong>.<\/p>\n               <\/div>\n\n               <div id=\"lottie-block_886cdc4301f606dc76222429bdf1a8bc\" class=\"lottie-animation\" data-path=\"https:\/\/penosil.com\/lt\/wp-content\/themes\/penosil\/assets\/lottie\/invisible.json\" data-speed=\"0.75\" role=\"img\" aria-label=\"Decorative animation\"><\/div>\n         <\/div>\n<\/section>\n\n<section class=\"pnsl-energy-efficiency-block d-flex flex-column\">\n   <div class=\"container\">\n               <div class=\"above-lines-text w100\">\n            <p>Pastatai yra vieni did\u017eiausi\u0173 energijos vartotoj\u0173.\u00a0 Jie sudaro daugiau nei <strong>40%<\/strong> viso pasaulio energijos suvartojimo ir <strong>33%<\/strong> pasaulio CO<sub>2<\/sub> emisij\u0173.<\/p>\n         <\/div>\n      \n               <div class=\"lines-text w100\">\n            <p>Penosil produktai <strong>aktyviai padeda kovoti su klimato kaita<\/strong> gerindami pastato energijos vartojimo efektyvum\u0105 ir taip ma\u017eindami CO<sub>2<\/sub> emisij\u0105.<\/p>\n         <\/div>\n      \n               <h2>Kaip pagerinti energijos vartojimo efektyvum\u0105?<\/h2>\n         <\/div>\n\n         <div class=\"container accordion-container\">\n         <div class=\"accordion\" role=\"region\" aria-label=\"Energy efficiency topics\">\n                                          <div class=\"item\">\n                  <button type=\"button\" \n                     class=\"title-wrap d-flex align-items-center\" \n                     aria-expanded=\"false\"\n                     aria-controls=\"accordion-panel-0\"\n                     id=\"accordion-header-0\">\n                     <div class=\"number d-flex align-items-center justify-content-center\" aria-hidden=\"true\"><span>1<\/span><\/div>\n                     <div class=\"title d-flex align-items-center\">Termi\u0161kai izoliuojant konstrukcijas<\/div>\n                  <\/button>\n                  <div class=\"content\" \n                     id=\"accordion-panel-0\" \n                     role=\"region\" \n                     aria-labelledby=\"accordion-header-0\"\n                     hidden>\n                     <ul>\n<li>M\u016bs\u0173 PU putos u\u017esandarina tarpus, \u012ftr\u016bkimus ir termi\u0161kai izoliuoja si\u016bles, taip neleid\u017eia susidaryti energijos nuostoliams pastatuose ir suma\u017eina j\u0173 CO<sub>2<\/sub> emisij\u0105.<\/li>\n<li>Penosil PU putos per savo eksploatavimo cikl\u0105 sutaupo daugiau nei <strong>70 kart\u0173<\/strong> daugiau energijos, nei reikia j\u0173 gamybos procesui.<\/li>\n<li><strong>1 kg PU put\u0173 per savo eksploatavimo cikl\u0105 sutaupo 1000 kg CO<sub>2<\/sub><\/strong>. Palyginti, medis per 100 eksploatavimo met\u0173 gali sugerti apie 1000 kg CO<sub>2<\/sub>.<\/li>\n<li>PU putos yra puiki izoliacin\u0117 med\u017eiaga, nes gali patekti \u012f kitoms med\u017eiagoms sunkiai pasiekiamas vietas, o \u0161ilumos laidumas yra ma\u017eesnis nei mineralin\u0117s vatos.<\/li>\n<li>Tinkamai u\u017epurk\u0161tos PU putos taip pat atlieka garso izoliacij\u0105 ir suma\u017eina kondensato bei pel\u0117sio susidarymo rizik\u0105.<\/li>\n<\/ul>\n\n                     \n                                       <\/div>\n               <\/div>\n                                          <div class=\"item\">\n                  <button type=\"button\" \n                     class=\"title-wrap d-flex align-items-center\" \n                     aria-expanded=\"false\"\n                     aria-controls=\"accordion-panel-1\"\n                     id=\"accordion-header-1\">\n                     <div class=\"number d-flex align-items-center justify-content-center\" aria-hidden=\"true\"><span>2<\/span><\/div>\n                     <div class=\"title d-flex align-items-center\">Gerinant konstrukcij\u0173 sandarum\u0105<\/div>\n                  <\/button>\n                  <div class=\"content\" \n                     id=\"accordion-panel-1\" \n                     role=\"region\" \n                     aria-labelledby=\"accordion-header-1\"\n                     hidden>\n                     <ul>\n<li>Pastat\u0173 sandarumas padeda i\u0161vengti oro nuot\u0117kio, dr\u0117gm\u0117s problem\u0173 ir kondensato susidarymo, padidina prie\u0161gaisrin\u0119 saug\u0105 ir suma\u017eina triuk\u0161mo problemas.<\/li>\n<li>Oro nuot\u0117kis sudaro apie <strong>25\u201340%<\/strong> \u0161ilumos nuostoli\u0173 esant \u0161altam klimatui ir <strong>10\u201315%<\/strong> \u0161ilumos padid\u0117jimo esant kar\u0161tam klimatui.<\/li>\n<li>Net ir ma\u017eiausias neu\u017esandarintas konstrukcijos ply\u0161ys gali tur\u0117ti didel\u0117s \u012ftakos pastato energiniam efektyvumui. Pavyzd\u017eiui, 1 mm plo\u010dio neu\u017esandarinta jungtis i\u0161orin\u0117je sienoje \u017eiem\u0105 <strong>gali padidinti sienos \u0161ilumos nuostolius ma\u017edaug 4,8 karto<\/strong> daugiau nei sandari jungtis.<\/li>\n<li>Siekiant pagerinti pastato sandarum\u0105, labai svarbu naudoti sandariklius, siekiant u\u017esandarinti net ma\u017eiausi\u0105 konstrukcijos ply\u0161\u012f.<\/li>\n<\/ul>\n<p><strong>Da\u017eniausios oro nutek\u0117jimo vietos yra \u0161ios:<\/strong><\/p>\n\n                                             <div class=\"airtightness\" role=\"figure\" aria-label=\"Building airtightness diagram\">\n                           <div class=\"image-wrap\">\n                                                               <img loading=\"lazy\" decoding=\"async\" class=\"d-none d-lg-block\" src=\"https:\/\/penosil.com\/lt\/wp-content\/uploads\/sites\/13\/2024\/05\/Group-437.svg\" width=\"255\" height=\"154\" alt=\"namo br\u0117\u017einys\">\n                              \n                                                               <img loading=\"lazy\" decoding=\"async\" class=\"d-lg-none\" src=\"https:\/\/penosil.com\/lt\/wp-content\/uploads\/sites\/13\/2024\/05\/Group-437-1.svg\" width=\"317\" height=\"410\" alt=\"namo br\u0117\u017einys\">\n                              \n                              <div class=\"texts-wrap\" role=\"list\" aria-label=\"Heat loss breakdown\">\n                                                                     <p class=\"doors\" role=\"listitem\">Durys <strong>10%<\/strong><\/p>\n                                 \n                                                                     <p class=\"windows\" role=\"listitem\">Langai <strong>15%<\/strong><\/p>\n                                 \n                                                                     <p class=\"roof\" role=\"listitem\">Stogo konstrukcija <strong>25%<\/strong><\/p>\n                                 \n                                                                     <p class=\"penetration\" role=\"listitem\">Prasiskverbimas per pastato konstrukcij\u0105 <strong>15%<\/strong><\/p>\n                                 \n                                                                     <p class=\"building\" role=\"listitem\">Pastato konstrukcija <strong>35%<\/strong><\/p>\n                                                               <\/div>\n                           <\/div>\n\n                        <\/div>\n                     \n                                       <\/div>\n               <\/div>\n                                          <div class=\"item\">\n                  <button type=\"button\" \n                     class=\"title-wrap d-flex align-items-center\" \n                     aria-expanded=\"false\"\n                     aria-controls=\"accordion-panel-2\"\n                     id=\"accordion-header-2\">\n                     <div class=\"number d-flex align-items-center justify-content-center\" aria-hidden=\"true\"><span>3<\/span><\/div>\n                     <div class=\"title d-flex align-items-center\">Suma\u017einus \u0161ilumos tiltelius konstrukcijose<\/div>\n                  <\/button>\n                  <div class=\"content\" \n                     id=\"accordion-panel-2\" \n                     role=\"region\" \n                     aria-labelledby=\"accordion-header-2\"\n                     hidden>\n                     <ul>\n<li>Netinkamai sumontuoti ir u\u017esandarinti langai ir durys gali sukelti daug \u0161ilumos nuostoli\u0173 pastate.<\/li>\n<li>Penosil si\u016blo \u012fvairius energij\u0105 taupan\u010dius, efektyvius pastat\u0173 <a href=\"https:\/\/penosil.com\/lt\/sprendimai\/\">lang\u0173 montavimo ir fasad\u0173 sandarinimo sprendimus.<\/a><\/li>\n<li>Jei naudojami kartu ir tinkama tvarka, Penosil produktai <a href=\"https:\/\/penosil.com\/lt\/sprendimu-tipai\/energija-taupantys-langu-sandarinimo-sprendimai\/\">energij\u0105 taupan\u010diuose lang\u0173 montavimo sprendimuose<\/a> padeda suma\u017einti \u0161ilumos tiltelius konstrukcijose ir CO<sub>2<\/sub> emisij\u0105.<\/li>\n<\/ul>\n\n                     \n                                             <div class=\"text-before-icon\">\n                           <p class=\"open-sus-modal open-thermal-bridges-modal\">Kas yra \u0161ilumos tilteliai? <\/p>\n                           <button type=\"button\" \n                              class=\"open-sus-modal open-thermal-bridges-modal\"\n                              aria-label=\"Open thermal bridges information\">\n                              <img loading=\"lazy\" decoding=\"async\" src=\"https:\/\/penosil.com\/lt\/wp-content\/themes\/penosil\/images\/icons\/sus-info.svg\" width=\"52\" height=\"63\" alt=\"\" aria-hidden=\"true\">\n                           <\/button>\n                        <\/div>\n                                       <\/div>\n               <\/div>\n                     <\/div>\n      <\/div>\n   \n         <div class=\"sustainability-modal thermal-bridges-modal\" role=\"dialog\" aria-modal=\"true\" aria-labelledby=\"modal-title-thermal-bridges-modal\" hidden>\n\t<div class=\"modal_wrapper\">\n\t\t<div class=\"modal_content\">\n\t\t\t<button type=\"button\" class=\"close_modal\" aria-label=\"Close\"><\/button>\n\n\t\t\t<div class=\"content_wrapper\">\n\t\t\t\t<div class=\"modal_main w100 d-flex flex-column flex-lg-row\">\n\t\t\t\t\t<div class=\"text_wrapper\">\n\t\t\t\t\t\t\t\t\t\t\t<h2 id=\"modal-title-thermal-bridges-modal\">Kas yra \u0161ilumos tilteliai? <\/h2>\n\t\t\t\t\t\n\t\t\t\t\t\t\t\t\t\t\t<p>\u0160ilumos tilteliai yra <strong>pastato konstrukcijos dalys<\/strong>, kuri\u0173 \u0161ilumos laidumas vietiniu mastu yra <strong>daug didesnis<\/strong> nei likusios konstrukcijos dalies.<\/p>\n<p><strong>\u0160ilumos tilteliai pastatuose randami:<\/strong><\/p>\n<ul>\n<li><\/li>\n<li>i\u0161oriniuose sien\u0173 kampuose ir aplink langus bei duris<\/li>\n<li>i\u0161orin\u0117se sienose ir grindyse, sien\u0173 ir stogo jungtyse<\/li>\n<li><\/li>\n<\/ul>\n\t\t\t\t\t\t\t\t\t\t<\/div>\n\n\t\t\t\t\t\t\t\t\t\t<div class=\"image_wrapper\">\n\t\t\t\t\t\t<img loading=\"lazy\" decoding=\"async\" src=\"https:\/\/penosil.com\/lt\/wp-content\/uploads\/sites\/13\/2024\/05\/Heat-scanning-in-new-flat-2-scaled-1.jpg\" width=\"2560\" height=\"1918\" alt=\"Sandarumo testo rezultatas\">\n\t\t\t\t\t<\/div>\n\t\t\t\t\t\t\t\t\t<\/div>\n\t\t\t<\/div>\n\t\t<\/div>\n\t<\/div>\n<\/div>   <\/section>\n\n<section class=\"pnsl-icon-hovers-block\" aria-label=\"Interactive Icon Navigation\">\n   <div class=\"container\">\n               <h2>Skaitykite kitas tvarumo temas<\/h2>\n         <\/div>\n\n         <div class=\"container icons-container\">\n         <ul class=\"icons d-flex align-items-center justify-content-center justify-content-lg-between flex-wrap\" role=\"list\">\n                                          <li class=\"icon\">\n                  <a href=\"https:\/\/penosil.com\/lt\/tvarumas\/patvarumas\/\"\n                     class=\"icon-link d-flex align-items-center justify-content-center\"\n                     style=\"--bg-color: #b7e4c7; --text-color: #ffffff\"\n                     >\n                     <span class=\"icon-image\" aria-hidden=\"true\">\n                        <img loading=\"lazy\" decoding=\"async\" src=\"https:\/\/penosil.com\/lt\/wp-content\/uploads\/sites\/13\/2024\/05\/Icons.svg\" width=\"68\" height=\"67\" alt=\"\">\n                     <\/span>\n                     <span class=\"icon-label\">Patvarumas<\/span>\n                  <\/a>\n               <\/li>\n                                          <li class=\"icon\">\n                  <a href=\"https:\/\/penosil.com\/lt\/tvarumas\/tvarus-komponentai\/\"\n                     class=\"icon-link d-flex align-items-center justify-content-center\"\n                     style=\"--bg-color: #52b788; --text-color: #fff\"\n                     >\n                     <span class=\"icon-image\" aria-hidden=\"true\">\n                        <img loading=\"lazy\" decoding=\"async\" src=\"https:\/\/penosil.com\/lt\/wp-content\/uploads\/sites\/13\/2024\/05\/Group-409.svg\" width=\"72\" height=\"75\" alt=\"\">\n                     <\/span>\n                     <span class=\"icon-label\">Tvar\u016bs komponentai<\/span>\n                  <\/a>\n               <\/li>\n                                          <li class=\"icon\">\n                  <a href=\"https:\/\/penosil.com\/lt\/tvarumas\/atsinaujinanti-energija\/\"\n                     class=\"icon-link d-flex align-items-center justify-content-center\"\n                     style=\"--bg-color: #40916c; --text-color: #fff\"\n                     >\n                     <span class=\"icon-image\" aria-hidden=\"true\">\n                        <img loading=\"lazy\" decoding=\"async\" src=\"https:\/\/penosil.com\/lt\/wp-content\/uploads\/sites\/13\/2024\/05\/48x48_Icons.svg\" width=\"76\" height=\"73\" alt=\"\">\n                     <\/span>\n                     <span class=\"icon-label\">Atsinaujinanti energija<\/span>\n                  <\/a>\n               <\/li>\n                                          <li class=\"icon\">\n                  <a href=\"https:\/\/penosil.com\/lt\/tvarumas\/inovacijos\/\"\n                     class=\"icon-link d-flex align-items-center justify-content-center\"\n                     style=\"--bg-color: #1b4332; --text-color: #fff\"\n                     >\n                     <span class=\"icon-image\" aria-hidden=\"true\">\n                        <img loading=\"lazy\" decoding=\"async\" src=\"https:\/\/penosil.com\/lt\/wp-content\/uploads\/sites\/13\/2024\/05\/Group-410.svg\" width=\"88\" height=\"94\" alt=\"\">\n                     <\/span>\n                     <span class=\"icon-label\">Inovacijos<\/span>\n                  <\/a>\n               <\/li>\n                                          <li class=\"icon\">\n                  <a href=\"https:\/\/penosil.com\/lt\/tvarumas\/saugesne-gyvenamoji-aplinka\/\"\n                     class=\"icon-link d-flex align-items-center justify-content-center\"\n                     style=\"--bg-color: #426a5a; --text-color: #fff\"\n                     >\n                     <span class=\"icon-image\" aria-hidden=\"true\">\n                        <img loading=\"lazy\" decoding=\"async\" src=\"https:\/\/penosil.com\/lt\/wp-content\/uploads\/sites\/13\/2024\/05\/Group-416.svg\" width=\"79\" height=\"90\" alt=\"\">\n                     <\/span>\n                     <span class=\"icon-label\">Saugesn\u0117 gyvenamoji aplinka<\/span>\n                  <\/a>\n               <\/li>\n                                          <li class=\"icon\">\n                  <a href=\"https:\/\/penosil.com\/lt\/tvarumas\/atlieku-tvarkymas\/\"\n                     class=\"icon-link d-flex align-items-center justify-content-center\"\n                     style=\"--bg-color: #007F5F; --text-color: #fff\"\n                     >\n                     <span class=\"icon-image\" aria-hidden=\"true\">\n                        <img loading=\"lazy\" decoding=\"async\" src=\"https:\/\/penosil.com\/lt\/wp-content\/uploads\/sites\/13\/2024\/05\/Group-415.svg\" width=\"82\" height=\"75\" alt=\"\">\n                     <\/span>\n                     <span class=\"icon-label\">Atliek\u0173 tvarkymas<\/span>\n                  <\/a>\n               <\/li>\n                     <\/ul>\n      <\/div>\n   <\/section>","protected":false},"excerpt":{"rendered":"","protected":false},"author":105,"featured_media":0,"parent":13591,"menu_order":0,"comment_status":"closed","ping_status":"closed","template":"page-templates\/template-no-title.php","meta":{"_acf_changed":false,"advgb_blocks_editor_width":"","advgb_blocks_columns_visual_guide":"","footnotes":""},"class_list":["post-13600","page","type-page","status-publish","hentry"],"acf":[],"yoast_head":"<!-- This site is optimized with the Yoast SEO plugin v27.2 - https:\/\/yoast.com\/product\/yoast-seo-wordpress\/ -->\n<title>Nematomi, bet visur - Penosil Lithuania<\/title>\n<meta name=\"robots\" content=\"index, follow, max-snippet:-1, max-image-preview:large, max-video-preview:-1\" \/>\n<link rel=\"canonical\" href=\"https:\/\/penosil.com\/lt\/tvarumas\/nematomi-bet-visur\/\" \/>\n<meta property=\"og:locale\" content=\"lt_LT\" \/>\n<meta property=\"og:type\" content=\"article\" \/>\n<meta property=\"og:title\" content=\"Nematomi, bet visur - Penosil Lithuania\" \/>\n<meta property=\"og:url\" content=\"https:\/\/penosil.com\/lt\/tvarumas\/nematomi-bet-visur\/\" \/>\n<meta property=\"og:site_name\" content=\"Penosil Lithuania\" \/>\n<meta property=\"article:modified_time\" content=\"2024-05-30T09:35:12+00:00\" \/>\n<meta name=\"twitter:card\" content=\"summary_large_image\" \/>\n<script type=\"application\/ld+json\" class=\"yoast-schema-graph\">{\"@context\":\"https:\/\/schema.org\",\"@graph\":[{\"@type\":\"WebPage\",\"@id\":\"https:\/\/penosil.com\/lt\/tvarumas\/nematomi-bet-visur\/\",\"url\":\"https:\/\/penosil.com\/lt\/tvarumas\/nematomi-bet-visur\/\",\"name\":\"Nematomi, bet visur - Penosil Lithuania\",\"isPartOf\":{\"@id\":\"https:\/\/penosil.com\/lt\/#website\"},\"datePublished\":\"2024-05-15T09:32:31+00:00\",\"dateModified\":\"2024-05-30T09:35:12+00:00\",\"breadcrumb\":{\"@id\":\"https:\/\/penosil.com\/lt\/tvarumas\/nematomi-bet-visur\/#breadcrumb\"},\"inLanguage\":\"lt-LT\",\"potentialAction\":[{\"@type\":\"ReadAction\",\"target\":[\"https:\/\/penosil.com\/lt\/tvarumas\/nematomi-bet-visur\/\"]}]},{\"@type\":\"BreadcrumbList\",\"@id\":\"https:\/\/penosil.com\/lt\/tvarumas\/nematomi-bet-visur\/#breadcrumb\",\"itemListElement\":[{\"@type\":\"ListItem\",\"position\":1,\"name\":\"Home\",\"item\":\"https:\/\/penosil.com\/lt\/\"},{\"@type\":\"ListItem\",\"position\":2,\"name\":\"Tvarumas\",\"item\":\"https:\/\/penosil.com\/lt\/tvarumas\/\"},{\"@type\":\"ListItem\",\"position\":3,\"name\":\"Nematomi, bet visur\"}]},{\"@type\":\"WebSite\",\"@id\":\"https:\/\/penosil.com\/lt\/#website\",\"url\":\"https:\/\/penosil.com\/lt\/\",\"name\":\"Penosil Lithuania\",\"description\":\"\",\"potentialAction\":[{\"@type\":\"SearchAction\",\"target\":{\"@type\":\"EntryPoint\",\"urlTemplate\":\"https:\/\/penosil.com\/lt\/?s={search_term_string}\"},\"query-input\":{\"@type\":\"PropertyValueSpecification\",\"valueRequired\":true,\"valueName\":\"search_term_string\"}}],\"inLanguage\":\"lt-LT\"}]}<\/script>\n<!-- \/ Yoast SEO plugin. -->","yoast_head_json":{"title":"Nematomi, bet visur - Penosil Lithuania","robots":{"index":"index","follow":"follow","max-snippet":"max-snippet:-1","max-image-preview":"max-image-preview:large","max-video-preview":"max-video-preview:-1"},"canonical":"https:\/\/penosil.com\/lt\/tvarumas\/nematomi-bet-visur\/","og_locale":"lt_LT","og_type":"article","og_title":"Nematomi, bet visur - Penosil Lithuania","og_url":"https:\/\/penosil.com\/lt\/tvarumas\/nematomi-bet-visur\/","og_site_name":"Penosil Lithuania","article_modified_time":"2024-05-30T09:35:12+00:00","twitter_card":"summary_large_image","schema":{"@context":"https:\/\/schema.org","@graph":[{"@type":"WebPage","@id":"https:\/\/penosil.com\/lt\/tvarumas\/nematomi-bet-visur\/","url":"https:\/\/penosil.com\/lt\/tvarumas\/nematomi-bet-visur\/","name":"Nematomi, bet visur - Penosil Lithuania","isPartOf":{"@id":"https:\/\/penosil.com\/lt\/#website"},"datePublished":"2024-05-15T09:32:31+00:00","dateModified":"2024-05-30T09:35:12+00:00","breadcrumb":{"@id":"https:\/\/penosil.com\/lt\/tvarumas\/nematomi-bet-visur\/#breadcrumb"},"inLanguage":"lt-LT","potentialAction":[{"@type":"ReadAction","target":["https:\/\/penosil.com\/lt\/tvarumas\/nematomi-bet-visur\/"]}]},{"@type":"BreadcrumbList","@id":"https:\/\/penosil.com\/lt\/tvarumas\/nematomi-bet-visur\/#breadcrumb","itemListElement":[{"@type":"ListItem","position":1,"name":"Home","item":"https:\/\/penosil.com\/lt\/"},{"@type":"ListItem","position":2,"name":"Tvarumas","item":"https:\/\/penosil.com\/lt\/tvarumas\/"},{"@type":"ListItem","position":3,"name":"Nematomi, bet visur"}]},{"@type":"WebSite","@id":"https:\/\/penosil.com\/lt\/#website","url":"https:\/\/penosil.com\/lt\/","name":"Penosil Lithuania","description":"","potentialAction":[{"@type":"SearchAction","target":{"@type":"EntryPoint","urlTemplate":"https:\/\/penosil.com\/lt\/?s={search_term_string}"},"query-input":{"@type":"PropertyValueSpecification","valueRequired":true,"valueName":"search_term_string"}}],"inLanguage":"lt-LT"}]}},"coauthors":[],"author_meta":{"author_link":"https:\/\/penosil.com\/lt\/author\/kevinreaktiiv\/","display_name":"kevinreaktiiv"},"relative_dates":{"created":"Posted 2 metai ago","modified":"Updated 2 metai ago"},"absolute_dates":{"created":"Posted on 2024 15 gegu\u017e\u0117s","modified":"Updated on 2024 30 gegu\u017e\u0117s"},"absolute_dates_time":{"created":"Posted on 2024 15 gegu\u017e\u0117s 9:32","modified":"Updated on 2024 30 gegu\u017e\u0117s 9:35"},"featured_img_caption":"","featured_img":false,"series_order":"","_links":{"self":[{"href":"https:\/\/penosil.com\/lt\/wp-json\/wp\/v2\/pages\/13600","targetHints":{"allow":["GET"]}}],"collection":[{"href":"https:\/\/penosil.com\/lt\/wp-json\/wp\/v2\/pages"}],"about":[{"href":"https:\/\/penosil.com\/lt\/wp-json\/wp\/v2\/types\/page"}],"author":[{"embeddable":true,"href":"https:\/\/penosil.com\/lt\/wp-json\/wp\/v2\/users\/105"}],"replies":[{"embeddable":true,"href":"https:\/\/penosil.com\/lt\/wp-json\/wp\/v2\/comments?post=13600"}],"version-history":[{"count":19,"href":"https:\/\/penosil.com\/lt\/wp-json\/wp\/v2\/pages\/13600\/revisions"}],"predecessor-version":[{"id":13833,"href":"https:\/\/penosil.com\/lt\/wp-json\/wp\/v2\/pages\/13600\/revisions\/13833"}],"up":[{"embeddable":true,"href":"https:\/\/penosil.com\/lt\/wp-json\/wp\/v2\/pages\/13591"}],"wp:attachment":[{"href":"https:\/\/penosil.com\/lt\/wp-json\/wp\/v2\/media?parent=13600"}],"curies":[{"name":"wp","href":"https:\/\/api.w.org\/{rel}","templated":true}]}}