{"id":13613,"date":"2024-05-15T09:33:12","date_gmt":"2024-05-15T09:33:12","guid":{"rendered":"https:\/\/penosil.com\/lt\/?page_id=13613"},"modified":"2024-05-30T09:26:21","modified_gmt":"2024-05-30T09:26:21","slug":"patvarumas","status":"publish","type":"page","link":"https:\/\/penosil.com\/lt\/tvarumas\/patvarumas\/","title":{"rendered":"Patvarumas"},"content":{"rendered":"<section class=\"pnsl-thin-banner-block\" style=\"background-color: #b7e4c7; color: #007f5f\" aria-label=\"Patvarumas\">\n   <div class=\"container d-flex flex-column flex-lg-row align-items-lg-center justify-content-between\">\n      <div class=\"text-wrap\">\n                     <h1>Patvarumas<\/h1>\n         \n                     <p>M\u016bs\u0173 gamini\u0173 <strong>patvarumas ir kokyb\u0117<\/strong> yra vienas i\u0161 svarbiausi\u0173 m\u016bs\u0173 prioritet\u0173.<\/p>\n               <\/div>\n\n               <div id=\"lottie-block_847efa44591b61ffa96acf56146f0c4b\" class=\"lottie-animation\" data-path=\"https:\/\/penosil.com\/lt\/wp-content\/themes\/penosil\/assets\/lottie\/durability.json\" data-speed=\"0.75\" role=\"img\" aria-label=\"Decorative animation\"><\/div>\n         <\/div>\n<\/section>\n\n<section class=\"pnsl-durability-block d-flex flex-column\" aria-label=\"Product Durability Information\">\n   <div class=\"container angles-container\">\n      <div class=\"angles d-flex flex-column flex-lg-row align-items-center align-items-lg-stretch\">\n                     <div class=\"red d-flex align-items-center justify-content-center\" role=\"complementary\" aria-label=\"Key Durability Highlight\">\n               <p>Kod\u0117l <strong>Penosil produktai<\/strong> yra patvar\u016bs?<\/p>\n            <\/div>\n         \n                     <div class=\"gray d-flex align-items-center justify-content-center\" role=\"complementary\" aria-label=\"Durability Details\">\n               <div class=\"gray-text\">\n                  <ul>\n<li>Nuolat stengiam\u0117s optimizuoti <strong>produkto galiojimo laiko<\/strong> ir jo <strong>poveikio aplinkai pusiausvyr\u0105<\/strong>.<\/li>\n<li>Pavyzd\u017eiui, gaminio, turin\u010dio didesn\u012f poveik\u012f aplinkai, <strong>galiojimo laikas<\/strong> gali b\u016bti <strong>ilgesnis<\/strong>, tod\u0117l jis gali b\u016bti tvaresnis.<\/li>\n<\/ul>\n               <\/div>\n            <\/div>\n               <\/div>\n   <\/div>\n\n         <div class=\"container text-container\">\n         <div class=\"regular-text\" role=\"region\" aria-label=\"Additional Durability Information\">\n            <h3><strong><span style=\"color: #e30000;\">PU putos<\/span><\/strong><\/h3>\n<p>Jei PU putos <strong>naudojamos teisingai ir tinkamomis s\u0105lygomis<\/strong>, jos gali i\u0161laikyti savo izoliacines savybes daugel\u012f met\u0173<\/p>\n<p>Pagrindin\u0117 gr\u0117sm\u0117 PU put\u0173 ilgaam\u017ei\u0161kumui yra <strong>UV spinduliai<\/strong>. Kad b\u016bt\u0173 u\u017etikrintas PU put\u0173 ilgaam\u017ei\u0161kumas, visada <strong>rekomenduojame padengti sustingusias PU putas<\/strong> nepermatoma med\u017eiaga, pvz., da\u017eais, tinku ir kt. Jei ta vieta lieka atvira, UV spinduliai gali pa\u017eeisti put\u0173 strukt\u016br\u0105 ir putos gali prarasti izoliacines savybes.<\/p>\n<h3><strong><span style=\"color: #e30000;\">Hermetikai<\/span><\/strong><\/h3>\n<p>Pana\u0161iai, kaip PU put\u0173 strukt\u016br\u0105 veikia UV spinduliai, hermetikai n\u0117ra atspar\u016bs <strong>didelei dr\u0117gmei<\/strong>. Nepaisant to, kad m\u016bs\u0173 gamini\u0173 asortimente yra hermetik\u0173 su fungicidais, net ir naudojant veiksmingiausi\u0105 pel\u0117siui atspar\u0173 hermetik\u0105 laikui b\u0117gant blogai v\u0117dinamoje vietoje gali atsirasti pel\u0117sis.<\/p>\n<p><strong>Norint u\u017etikrinti, kad sandarinti pavir\u0161iai tarnaut\u0173 ilg\u0105 laik\u0105<\/strong>, svarbu:<\/p>\n<ul>\n<li>pasirinkti tinkam\u0105 sandariklio r\u016b\u0161\u012f pagal darb\u0105 (atsparus pel\u0117siui, elastingas, da\u017eomas ir kt.);<\/li>\n<li>atid\u017eiai laikytis naudojimo instrukcij\u0173;<\/li>\n<li>suma\u017einti potencialiai \u017ealingas s\u0105lygas, tokias kaip ventiliacijos tr\u016bkumas ir nuolatin\u0117 didel\u0117 dr\u0117gm\u0117.<\/li>\n<\/ul>\n         <\/div>\n      <\/div>\n   \n         <div class=\"container text-container\">\n         <div class=\"text-between-lines\" role=\"region\" aria-label=\"Highlighted Durability Statement\">\n            <p>Tinkamai ap\u0161iltint\u0173 ir sandari\u0173 konstrukcij\u0173 <strong>atnaujinimo, \u0161ildymo ir v\u0117sinimo i\u0161laidos<\/strong> dar daugel\u012f met\u0173 <strong>bus ma\u017eesn\u0117s<\/strong>.<\/p>\n         <\/div>\n      <\/div>\n   <\/section>\n\n<section class=\"pnsl-icon-hovers-block\" aria-label=\"Interactive Icon Navigation\">\n   <div class=\"container\">\n               <h2>Skaitykite kitas tvarumo temas<\/h2>\n         <\/div>\n\n         <div class=\"container icons-container\">\n         <ul class=\"icons d-flex align-items-center justify-content-center justify-content-lg-between flex-wrap\" role=\"list\">\n                                          <li class=\"icon\">\n                  <a href=\"https:\/\/penosil.com\/lt\/tvarumas\/tvarus-komponentai\/\"\n                     class=\"icon-link d-flex align-items-center justify-content-center\"\n                     style=\"--bg-color: #52b788; --text-color: #fff\"\n                     >\n                     <span class=\"icon-image\" aria-hidden=\"true\">\n                        <img loading=\"lazy\" decoding=\"async\" src=\"https:\/\/penosil.com\/lt\/wp-content\/uploads\/sites\/13\/2024\/05\/Group-409.svg\" width=\"72\" height=\"75\" alt=\"\">\n                     <\/span>\n                     <span class=\"icon-label\">Tvar\u016bs komponentai<\/span>\n                  <\/a>\n               <\/li>\n                                          <li class=\"icon\">\n                  <a href=\"https:\/\/penosil.com\/lt\/tvarumas\/atsinaujinanti-energija\/\"\n                     class=\"icon-link d-flex align-items-center justify-content-center\"\n                     style=\"--bg-color: #40916c; --text-color: #fff\"\n                     >\n                     <span class=\"icon-image\" aria-hidden=\"true\">\n                        <img loading=\"lazy\" decoding=\"async\" src=\"https:\/\/penosil.com\/lt\/wp-content\/uploads\/sites\/13\/2024\/05\/48x48_Icons.svg\" width=\"76\" height=\"73\" alt=\"\">\n                     <\/span>\n                     <span class=\"icon-label\">Atsinaujinanti energija<\/span>\n                  <\/a>\n               <\/li>\n                                          <li class=\"icon\">\n                  <a href=\"https:\/\/penosil.com\/lt\/tvarumas\/inovacijos\/\"\n                     class=\"icon-link d-flex align-items-center justify-content-center\"\n                     style=\"--bg-color: #1b4332; --text-color: #fff\"\n                     >\n                     <span class=\"icon-image\" aria-hidden=\"true\">\n                        <img loading=\"lazy\" decoding=\"async\" src=\"https:\/\/penosil.com\/lt\/wp-content\/uploads\/sites\/13\/2024\/05\/Group-410.svg\" width=\"88\" height=\"94\" alt=\"\">\n                     <\/span>\n                     <span class=\"icon-label\">Inovacijos<\/span>\n                  <\/a>\n               <\/li>\n                                          <li class=\"icon\">\n                  <a href=\"https:\/\/penosil.com\/lt\/tvarumas\/saugesne-gyvenamoji-aplinka\/\"\n                     class=\"icon-link d-flex align-items-center justify-content-center\"\n                     style=\"--bg-color: #426a5a; --text-color: #fff\"\n                     >\n                     <span class=\"icon-image\" aria-hidden=\"true\">\n                        <img loading=\"lazy\" decoding=\"async\" src=\"https:\/\/penosil.com\/lt\/wp-content\/uploads\/sites\/13\/2024\/05\/Group-416.svg\" width=\"79\" height=\"90\" alt=\"\">\n                     <\/span>\n                     <span class=\"icon-label\">Saugesn\u0117 gyvenamoji aplinka<\/span>\n                  <\/a>\n               <\/li>\n                                          <li class=\"icon\">\n                  <a href=\"https:\/\/penosil.com\/lt\/tvarumas\/atlieku-tvarkymas\/\"\n                     class=\"icon-link d-flex align-items-center justify-content-center\"\n                     style=\"--bg-color: #25a18e; --text-color: #fff\"\n                     >\n                     <span class=\"icon-image\" aria-hidden=\"true\">\n                        <img loading=\"lazy\" decoding=\"async\" src=\"https:\/\/penosil.com\/lt\/wp-content\/uploads\/sites\/13\/2024\/05\/Group-415.svg\" width=\"82\" height=\"75\" alt=\"\">\n                     <\/span>\n                     <span class=\"icon-label\">Atliek\u0173 tvarkymas<\/span>\n                  <\/a>\n               <\/li>\n                                          <li class=\"icon\">\n                  <a href=\"https:\/\/penosil.com\/lt\/tvarumas\/nematomi-bet-visur\/\"\n                     class=\"icon-link d-flex align-items-center justify-content-center\"\n                     style=\"--bg-color: #007F5F; --text-color: #fff\"\n                     >\n                     <span class=\"icon-image\" aria-hidden=\"true\">\n                        <img loading=\"lazy\" decoding=\"async\" src=\"https:\/\/penosil.com\/lt\/wp-content\/uploads\/sites\/13\/2024\/05\/Group-393.svg\" width=\"87\" height=\"79\" alt=\"\">\n                     <\/span>\n                     <span class=\"icon-label\">Nematomi, bet visur<\/span>\n                  <\/a>\n               <\/li>\n                     <\/ul>\n      <\/div>\n   <\/section>","protected":false},"excerpt":{"rendered":"","protected":false},"author":105,"featured_media":0,"parent":13591,"menu_order":0,"comment_status":"closed","ping_status":"closed","template":"page-templates\/template-no-title.php","meta":{"_acf_changed":false,"advgb_blocks_editor_width":"","advgb_blocks_columns_visual_guide":"","footnotes":""},"class_list":["post-13613","page","type-page","status-publish","hentry"],"acf":[],"yoast_head":"<!-- This site is optimized with the Yoast SEO plugin v27.2 - https:\/\/yoast.com\/product\/yoast-seo-wordpress\/ -->\n<title>Patvarumas - Penosil Lithuania<\/title>\n<meta name=\"robots\" content=\"index, follow, max-snippet:-1, max-image-preview:large, max-video-preview:-1\" \/>\n<link rel=\"canonical\" href=\"https:\/\/penosil.com\/lt\/tvarumas\/patvarumas\/\" \/>\n<meta property=\"og:locale\" content=\"lt_LT\" \/>\n<meta property=\"og:type\" content=\"article\" \/>\n<meta property=\"og:title\" content=\"Patvarumas - Penosil Lithuania\" \/>\n<meta property=\"og:url\" content=\"https:\/\/penosil.com\/lt\/tvarumas\/patvarumas\/\" \/>\n<meta property=\"og:site_name\" content=\"Penosil Lithuania\" \/>\n<meta property=\"article:modified_time\" content=\"2024-05-30T09:26:21+00:00\" \/>\n<meta name=\"twitter:card\" content=\"summary_large_image\" \/>\n<script type=\"application\/ld+json\" class=\"yoast-schema-graph\">{\"@context\":\"https:\/\/schema.org\",\"@graph\":[{\"@type\":\"WebPage\",\"@id\":\"https:\/\/penosil.com\/lt\/tvarumas\/patvarumas\/\",\"url\":\"https:\/\/penosil.com\/lt\/tvarumas\/patvarumas\/\",\"name\":\"Patvarumas - Penosil Lithuania\",\"isPartOf\":{\"@id\":\"https:\/\/penosil.com\/lt\/#website\"},\"datePublished\":\"2024-05-15T09:33:12+00:00\",\"dateModified\":\"2024-05-30T09:26:21+00:00\",\"breadcrumb\":{\"@id\":\"https:\/\/penosil.com\/lt\/tvarumas\/patvarumas\/#breadcrumb\"},\"inLanguage\":\"lt-LT\",\"potentialAction\":[{\"@type\":\"ReadAction\",\"target\":[\"https:\/\/penosil.com\/lt\/tvarumas\/patvarumas\/\"]}]},{\"@type\":\"BreadcrumbList\",\"@id\":\"https:\/\/penosil.com\/lt\/tvarumas\/patvarumas\/#breadcrumb\",\"itemListElement\":[{\"@type\":\"ListItem\",\"position\":1,\"name\":\"Home\",\"item\":\"https:\/\/penosil.com\/lt\/\"},{\"@type\":\"ListItem\",\"position\":2,\"name\":\"Tvarumas\",\"item\":\"https:\/\/penosil.com\/lt\/tvarumas\/\"},{\"@type\":\"ListItem\",\"position\":3,\"name\":\"Patvarumas\"}]},{\"@type\":\"WebSite\",\"@id\":\"https:\/\/penosil.com\/lt\/#website\",\"url\":\"https:\/\/penosil.com\/lt\/\",\"name\":\"Penosil Lithuania\",\"description\":\"\",\"potentialAction\":[{\"@type\":\"SearchAction\",\"target\":{\"@type\":\"EntryPoint\",\"urlTemplate\":\"https:\/\/penosil.com\/lt\/?s={search_term_string}\"},\"query-input\":{\"@type\":\"PropertyValueSpecification\",\"valueRequired\":true,\"valueName\":\"search_term_string\"}}],\"inLanguage\":\"lt-LT\"}]}<\/script>\n<!-- \/ Yoast SEO plugin. -->","yoast_head_json":{"title":"Patvarumas - Penosil Lithuania","robots":{"index":"index","follow":"follow","max-snippet":"max-snippet:-1","max-image-preview":"max-image-preview:large","max-video-preview":"max-video-preview:-1"},"canonical":"https:\/\/penosil.com\/lt\/tvarumas\/patvarumas\/","og_locale":"lt_LT","og_type":"article","og_title":"Patvarumas - Penosil Lithuania","og_url":"https:\/\/penosil.com\/lt\/tvarumas\/patvarumas\/","og_site_name":"Penosil Lithuania","article_modified_time":"2024-05-30T09:26:21+00:00","twitter_card":"summary_large_image","schema":{"@context":"https:\/\/schema.org","@graph":[{"@type":"WebPage","@id":"https:\/\/penosil.com\/lt\/tvarumas\/patvarumas\/","url":"https:\/\/penosil.com\/lt\/tvarumas\/patvarumas\/","name":"Patvarumas - Penosil Lithuania","isPartOf":{"@id":"https:\/\/penosil.com\/lt\/#website"},"datePublished":"2024-05-15T09:33:12+00:00","dateModified":"2024-05-30T09:26:21+00:00","breadcrumb":{"@id":"https:\/\/penosil.com\/lt\/tvarumas\/patvarumas\/#breadcrumb"},"inLanguage":"lt-LT","potentialAction":[{"@type":"ReadAction","target":["https:\/\/penosil.com\/lt\/tvarumas\/patvarumas\/"]}]},{"@type":"BreadcrumbList","@id":"https:\/\/penosil.com\/lt\/tvarumas\/patvarumas\/#breadcrumb","itemListElement":[{"@type":"ListItem","position":1,"name":"Home","item":"https:\/\/penosil.com\/lt\/"},{"@type":"ListItem","position":2,"name":"Tvarumas","item":"https:\/\/penosil.com\/lt\/tvarumas\/"},{"@type":"ListItem","position":3,"name":"Patvarumas"}]},{"@type":"WebSite","@id":"https:\/\/penosil.com\/lt\/#website","url":"https:\/\/penosil.com\/lt\/","name":"Penosil Lithuania","description":"","potentialAction":[{"@type":"SearchAction","target":{"@type":"EntryPoint","urlTemplate":"https:\/\/penosil.com\/lt\/?s={search_term_string}"},"query-input":{"@type":"PropertyValueSpecification","valueRequired":true,"valueName":"search_term_string"}}],"inLanguage":"lt-LT"}]}},"coauthors":[],"author_meta":{"author_link":"https:\/\/penosil.com\/lt\/author\/kevinreaktiiv\/","display_name":"kevinreaktiiv"},"relative_dates":{"created":"Posted 2 metai ago","modified":"Updated 2 metai ago"},"absolute_dates":{"created":"Posted on 2024 15 gegu\u017e\u0117s","modified":"Updated on 2024 30 gegu\u017e\u0117s"},"absolute_dates_time":{"created":"Posted on 2024 15 gegu\u017e\u0117s 9:33","modified":"Updated on 2024 30 gegu\u017e\u0117s 9:26"},"featured_img_caption":"","featured_img":false,"series_order":"","_links":{"self":[{"href":"https:\/\/penosil.com\/lt\/wp-json\/wp\/v2\/pages\/13613","targetHints":{"allow":["GET"]}}],"collection":[{"href":"https:\/\/penosil.com\/lt\/wp-json\/wp\/v2\/pages"}],"about":[{"href":"https:\/\/penosil.com\/lt\/wp-json\/wp\/v2\/types\/page"}],"author":[{"embeddable":true,"href":"https:\/\/penosil.com\/lt\/wp-json\/wp\/v2\/users\/105"}],"replies":[{"embeddable":true,"href":"https:\/\/penosil.com\/lt\/wp-json\/wp\/v2\/comments?post=13613"}],"version-history":[{"count":11,"href":"https:\/\/penosil.com\/lt\/wp-json\/wp\/v2\/pages\/13613\/revisions"}],"predecessor-version":[{"id":13765,"href":"https:\/\/penosil.com\/lt\/wp-json\/wp\/v2\/pages\/13613\/revisions\/13765"}],"up":[{"embeddable":true,"href":"https:\/\/penosil.com\/lt\/wp-json\/wp\/v2\/pages\/13591"}],"wp:attachment":[{"href":"https:\/\/penosil.com\/lt\/wp-json\/wp\/v2\/media?parent=13613"}],"curies":[{"name":"wp","href":"https:\/\/api.w.org\/{rel}","templated":true}]}}