{"id":13620,"date":"2024-05-15T09:35:00","date_gmt":"2024-05-15T09:35:00","guid":{"rendered":"https:\/\/penosil.com\/lt\/?page_id=13620"},"modified":"2024-07-11T05:59:28","modified_gmt":"2024-07-11T05:59:28","slug":"atsinaujinanti-energija","status":"publish","type":"page","link":"https:\/\/penosil.com\/lt\/tvarumas\/atsinaujinanti-energija\/","title":{"rendered":"Atsinaujinanti energija"},"content":{"rendered":"<section class=\"pnsl-thin-banner-block\" style=\"background-color: #40916c; color: #ffffff\" aria-label=\"Atsinaujinanti energija\">\n   <div class=\"container d-flex flex-column flex-lg-row align-items-lg-center justify-content-between\">\n      <div class=\"text-wrap\">\n                     <h1>Atsinaujinanti energija<\/h1>\n         \n                     <p>M\u016bs\u0173 tikslas \u2013 iki <strong>2030<\/strong> met\u0173 pereiti prie <strong>100%<\/strong> \u017ealios energijos.<\/p>\n               <\/div>\n\n               <div id=\"lottie-block_77d3fb002ba0564d530f8c02cc3e340a\" class=\"lottie-animation\" data-path=\"https:\/\/penosil.com\/lt\/wp-content\/themes\/penosil\/assets\/lottie\/renewable.json\" data-speed=\"0.75\" role=\"img\" aria-label=\"Decorative animation\"><\/div>\n         <\/div>\n<\/section>\n\n<section class=\"pnsl-renewable-energy-block d-flex flex-column\" aria-label=\"Renewable Energy Information\">\n         <div class=\"text-container container\">\n         <div class=\"lines-text d-flex flex-column flex-lg-row align-items-center\" role=\"region\" aria-label=\"Key Energy Message\">\n                           <img loading=\"lazy\" decoding=\"async\" src=\"https:\/\/penosil.com\/lt\/wp-content\/uploads\/sites\/13\/2024\/05\/GreenElectricity_green-1.svg\" width=\"80\" height=\"80\" alt=\"pagaminta naudojant 100 proc. \u017eali\u0105 elektros energij\u0105\" role=\"img\">\n            \n            <p>\u0160iandien Penosil gamyboje naudojama <strong>100%<\/strong> atsinaujinanti elektros energija.<\/p>\n         <\/div>\n      <\/div>\n   \n   <div class=\"container angles-container\">\n      <div class=\"angles d-flex flex-column flex-lg-row align-items-center align-items-lg-stretch\">\n         <div class=\"red d-flex align-items-center justify-content-center\" role=\"complementary\" aria-label=\"Wind Energy Animation\">\n            <div id=\"lottie-block_4cdf5a372e944271b0ea31082e569350\"\n               class=\"lottie-animation\"\n               data-path=\"https:\/\/penosil.com\/lt\/wp-content\/themes\/penosil\/assets\/lottie\/windturbine.json\"\n               data-speed=\"0.75\"\n               role=\"img\"\n               aria-label=\"Animated wind turbine illustration\"><\/div>\n         <\/div>\n\n                     <div class=\"gray d-flex align-items-center justify-content-center\" role=\"complementary\" aria-label=\"Renewable Energy Details\">\n               <div class=\"gray-text\">\n                  <ul>\n<li>Elektra sudaro<strong> 70\u201375%<\/strong> m\u016bs\u0173 suvartojamos energijos.<\/li>\n<li>Savo gamyklose ir biuruose Taline ir Barselonoje naudojame <strong>100% \u017eali\u0105j\u0105 elektros energij\u0105<\/strong>, gaunam\u0105 <strong>i\u0161 saul\u0117s ir v\u0117jo energijos<\/strong>.<\/li>\n<\/ul>\n               <\/div>\n            <\/div>\n               <\/div>\n   <\/div>\n\n         <div class=\"text-container container\">\n         <div class=\"last-text\" role=\"region\" aria-label=\"Additional Energy Information\">\n            <ul>\n<li>Kadangi elektra sudaro did\u017eiausi\u0105 m\u016bs\u0173 suvartojamos energijos dal\u012f, 2018\u20132019 m. vis\u0105 ap\u0161vietim\u0105 pakeit\u0117me LED lemput\u0117mis, o tai suma\u017eino elektros suvartojim\u0105 <strong>18%<\/strong>.<\/li>\n<li>Dujos sudaro apie <strong>25-30%<\/strong> m\u016bs\u0173 suvartojamos energijos. M\u016bs\u0173 tikslas \u2013 <strong>iki 2030 met\u0173 pereiti prie ekologi\u0161k\u0173 duj\u0173<\/strong>.<\/li>\n<li>Taip pat \u017eeng\u0117me reik\u0161ming\u0105 \u017eingsn\u012f energijos vartojimo efektyvumo link, kai ma\u017edaug prie\u0161 penkerius metus modernizavome \u0161ildymo sistemas Talino gamyklose, tod\u0117l\u00a0<strong>CO<sub>2<\/sub> emisija \u017eymiai suma\u017einome 40%.<\/strong><\/li>\n<\/ul>\n         <\/div>\n      <\/div>\n   <\/section>\n\n<section class=\"pnsl-icon-hovers-block\" aria-label=\"Interactive Icon Navigation\">\n   <div class=\"container\">\n               <h2>Skaitykite kitas tvarumo temas<\/h2>\n         <\/div>\n\n         <div class=\"container icons-container\">\n         <ul class=\"icons d-flex align-items-center justify-content-center justify-content-lg-between flex-wrap\" role=\"list\">\n                                          <li class=\"icon\">\n                  <a href=\"https:\/\/penosil.com\/lt\/tvarumas\/patvarumas\/\"\n                     class=\"icon-link d-flex align-items-center justify-content-center\"\n                     style=\"--bg-color: #b7e4c7; --text-color: #ffffff\"\n                     >\n                     <span class=\"icon-image\" aria-hidden=\"true\">\n                        <img loading=\"lazy\" decoding=\"async\" src=\"https:\/\/penosil.com\/lt\/wp-content\/uploads\/sites\/13\/2024\/05\/Icons.svg\" width=\"68\" height=\"67\" alt=\"\">\n                     <\/span>\n                     <span class=\"icon-label\">Patvarumas<\/span>\n                  <\/a>\n               <\/li>\n                                          <li class=\"icon\">\n                  <a href=\"https:\/\/penosil.com\/lt\/tvarumas\/tvarus-komponentai\/\"\n                     class=\"icon-link d-flex align-items-center justify-content-center\"\n                     style=\"--bg-color: #52b788; --text-color: #fff\"\n                     >\n                     <span class=\"icon-image\" aria-hidden=\"true\">\n                        <img loading=\"lazy\" decoding=\"async\" src=\"https:\/\/penosil.com\/lt\/wp-content\/uploads\/sites\/13\/2024\/05\/Group-409.svg\" width=\"72\" height=\"75\" alt=\"\">\n                     <\/span>\n                     <span class=\"icon-label\">Tvar\u016bs komponentai<\/span>\n                  <\/a>\n               <\/li>\n                                          <li class=\"icon\">\n                  <a href=\"https:\/\/penosil.com\/lt\/tvarumas\/inovacijos\/\"\n                     class=\"icon-link d-flex align-items-center justify-content-center\"\n                     style=\"--bg-color: #1b4332; --text-color: #fff\"\n                     >\n                     <span class=\"icon-image\" aria-hidden=\"true\">\n                        <img loading=\"lazy\" decoding=\"async\" src=\"https:\/\/penosil.com\/lt\/wp-content\/uploads\/sites\/13\/2024\/05\/Group-410.svg\" width=\"88\" height=\"94\" alt=\"\">\n                     <\/span>\n                     <span class=\"icon-label\">Inovacijos<\/span>\n                  <\/a>\n               <\/li>\n                                          <li class=\"icon\">\n                  <a href=\"https:\/\/penosil.com\/lt\/tvarumas\/saugesne-gyvenamoji-aplinka\/\"\n                     class=\"icon-link d-flex align-items-center justify-content-center\"\n                     style=\"--bg-color: #426a5a; --text-color: #fff\"\n                     >\n                     <span class=\"icon-image\" aria-hidden=\"true\">\n                        <img loading=\"lazy\" decoding=\"async\" src=\"https:\/\/penosil.com\/lt\/wp-content\/uploads\/sites\/13\/2024\/05\/Group-416.svg\" width=\"79\" height=\"90\" alt=\"\">\n                     <\/span>\n                     <span class=\"icon-label\">Saugesn\u0117 gyvenamoji aplinka<\/span>\n                  <\/a>\n               <\/li>\n                                          <li class=\"icon\">\n                  <a href=\"https:\/\/penosil.com\/lt\/tvarumas\/atlieku-tvarkymas\/\"\n                     class=\"icon-link d-flex align-items-center justify-content-center\"\n                     style=\"--bg-color: #25a18e; --text-color: #fff\"\n                     >\n                     <span class=\"icon-image\" aria-hidden=\"true\">\n                        <img loading=\"lazy\" decoding=\"async\" src=\"https:\/\/penosil.com\/lt\/wp-content\/uploads\/sites\/13\/2024\/05\/Group-415.svg\" width=\"82\" height=\"75\" alt=\"\">\n                     <\/span>\n                     <span class=\"icon-label\">Atliek\u0173 tvarkymas<\/span>\n                  <\/a>\n               <\/li>\n                                          <li class=\"icon\">\n                  <a href=\"https:\/\/penosil.com\/lt\/tvarumas\/nematomi-bet-visur\/\"\n                     class=\"icon-link d-flex align-items-center justify-content-center\"\n                     style=\"--bg-color: #007F5F; --text-color: #fff\"\n                     >\n                     <span class=\"icon-image\" aria-hidden=\"true\">\n                        <img loading=\"lazy\" decoding=\"async\" src=\"https:\/\/penosil.com\/lt\/wp-content\/uploads\/sites\/13\/2024\/05\/Group-393.svg\" width=\"87\" height=\"79\" alt=\"\">\n                     <\/span>\n                     <span class=\"icon-label\">Nematomi, bet visur<\/span>\n                  <\/a>\n               <\/li>\n                     <\/ul>\n      <\/div>\n   <\/section>","protected":false},"excerpt":{"rendered":"","protected":false},"author":105,"featured_media":0,"parent":13591,"menu_order":0,"comment_status":"closed","ping_status":"closed","template":"page-templates\/template-no-title.php","meta":{"_acf_changed":false,"advgb_blocks_editor_width":"","advgb_blocks_columns_visual_guide":"","footnotes":""},"class_list":["post-13620","page","type-page","status-publish","hentry"],"acf":[],"yoast_head":"<!-- This site is optimized with the Yoast SEO plugin v27.2 - https:\/\/yoast.com\/product\/yoast-seo-wordpress\/ -->\n<title>Atsinaujinanti energija - Penosil Lithuania<\/title>\n<meta name=\"robots\" content=\"index, follow, max-snippet:-1, max-image-preview:large, max-video-preview:-1\" \/>\n<link rel=\"canonical\" href=\"https:\/\/penosil.com\/lt\/tvarumas\/atsinaujinanti-energija\/\" \/>\n<meta property=\"og:locale\" content=\"lt_LT\" \/>\n<meta property=\"og:type\" content=\"article\" \/>\n<meta property=\"og:title\" content=\"Atsinaujinanti energija - Penosil Lithuania\" \/>\n<meta property=\"og:url\" content=\"https:\/\/penosil.com\/lt\/tvarumas\/atsinaujinanti-energija\/\" \/>\n<meta property=\"og:site_name\" content=\"Penosil Lithuania\" \/>\n<meta property=\"article:modified_time\" content=\"2024-07-11T05:59:28+00:00\" \/>\n<meta name=\"twitter:card\" content=\"summary_large_image\" \/>\n<script type=\"application\/ld+json\" class=\"yoast-schema-graph\">{\"@context\":\"https:\/\/schema.org\",\"@graph\":[{\"@type\":\"WebPage\",\"@id\":\"https:\/\/penosil.com\/lt\/tvarumas\/atsinaujinanti-energija\/\",\"url\":\"https:\/\/penosil.com\/lt\/tvarumas\/atsinaujinanti-energija\/\",\"name\":\"Atsinaujinanti energija - Penosil Lithuania\",\"isPartOf\":{\"@id\":\"https:\/\/penosil.com\/lt\/#website\"},\"datePublished\":\"2024-05-15T09:35:00+00:00\",\"dateModified\":\"2024-07-11T05:59:28+00:00\",\"breadcrumb\":{\"@id\":\"https:\/\/penosil.com\/lt\/tvarumas\/atsinaujinanti-energija\/#breadcrumb\"},\"inLanguage\":\"lt-LT\",\"potentialAction\":[{\"@type\":\"ReadAction\",\"target\":[\"https:\/\/penosil.com\/lt\/tvarumas\/atsinaujinanti-energija\/\"]}]},{\"@type\":\"BreadcrumbList\",\"@id\":\"https:\/\/penosil.com\/lt\/tvarumas\/atsinaujinanti-energija\/#breadcrumb\",\"itemListElement\":[{\"@type\":\"ListItem\",\"position\":1,\"name\":\"Home\",\"item\":\"https:\/\/penosil.com\/lt\/\"},{\"@type\":\"ListItem\",\"position\":2,\"name\":\"Tvarumas\",\"item\":\"https:\/\/penosil.com\/lt\/tvarumas\/\"},{\"@type\":\"ListItem\",\"position\":3,\"name\":\"Atsinaujinanti energija\"}]},{\"@type\":\"WebSite\",\"@id\":\"https:\/\/penosil.com\/lt\/#website\",\"url\":\"https:\/\/penosil.com\/lt\/\",\"name\":\"Penosil Lithuania\",\"description\":\"\",\"potentialAction\":[{\"@type\":\"SearchAction\",\"target\":{\"@type\":\"EntryPoint\",\"urlTemplate\":\"https:\/\/penosil.com\/lt\/?s={search_term_string}\"},\"query-input\":{\"@type\":\"PropertyValueSpecification\",\"valueRequired\":true,\"valueName\":\"search_term_string\"}}],\"inLanguage\":\"lt-LT\"}]}<\/script>\n<!-- \/ Yoast SEO plugin. -->","yoast_head_json":{"title":"Atsinaujinanti energija - Penosil Lithuania","robots":{"index":"index","follow":"follow","max-snippet":"max-snippet:-1","max-image-preview":"max-image-preview:large","max-video-preview":"max-video-preview:-1"},"canonical":"https:\/\/penosil.com\/lt\/tvarumas\/atsinaujinanti-energija\/","og_locale":"lt_LT","og_type":"article","og_title":"Atsinaujinanti energija - Penosil Lithuania","og_url":"https:\/\/penosil.com\/lt\/tvarumas\/atsinaujinanti-energija\/","og_site_name":"Penosil Lithuania","article_modified_time":"2024-07-11T05:59:28+00:00","twitter_card":"summary_large_image","schema":{"@context":"https:\/\/schema.org","@graph":[{"@type":"WebPage","@id":"https:\/\/penosil.com\/lt\/tvarumas\/atsinaujinanti-energija\/","url":"https:\/\/penosil.com\/lt\/tvarumas\/atsinaujinanti-energija\/","name":"Atsinaujinanti energija - Penosil Lithuania","isPartOf":{"@id":"https:\/\/penosil.com\/lt\/#website"},"datePublished":"2024-05-15T09:35:00+00:00","dateModified":"2024-07-11T05:59:28+00:00","breadcrumb":{"@id":"https:\/\/penosil.com\/lt\/tvarumas\/atsinaujinanti-energija\/#breadcrumb"},"inLanguage":"lt-LT","potentialAction":[{"@type":"ReadAction","target":["https:\/\/penosil.com\/lt\/tvarumas\/atsinaujinanti-energija\/"]}]},{"@type":"BreadcrumbList","@id":"https:\/\/penosil.com\/lt\/tvarumas\/atsinaujinanti-energija\/#breadcrumb","itemListElement":[{"@type":"ListItem","position":1,"name":"Home","item":"https:\/\/penosil.com\/lt\/"},{"@type":"ListItem","position":2,"name":"Tvarumas","item":"https:\/\/penosil.com\/lt\/tvarumas\/"},{"@type":"ListItem","position":3,"name":"Atsinaujinanti energija"}]},{"@type":"WebSite","@id":"https:\/\/penosil.com\/lt\/#website","url":"https:\/\/penosil.com\/lt\/","name":"Penosil Lithuania","description":"","potentialAction":[{"@type":"SearchAction","target":{"@type":"EntryPoint","urlTemplate":"https:\/\/penosil.com\/lt\/?s={search_term_string}"},"query-input":{"@type":"PropertyValueSpecification","valueRequired":true,"valueName":"search_term_string"}}],"inLanguage":"lt-LT"}]}},"coauthors":[],"author_meta":{"author_link":"https:\/\/penosil.com\/lt\/author\/kevinreaktiiv\/","display_name":"kevinreaktiiv"},"relative_dates":{"created":"Posted 2 metai ago","modified":"Updated 2 metai ago"},"absolute_dates":{"created":"Posted on 2024 15 gegu\u017e\u0117s","modified":"Updated on 2024 11 liepos"},"absolute_dates_time":{"created":"Posted on 2024 15 gegu\u017e\u0117s 9:35","modified":"Updated on 2024 11 liepos 5:59"},"featured_img_caption":"","featured_img":false,"series_order":"","_links":{"self":[{"href":"https:\/\/penosil.com\/lt\/wp-json\/wp\/v2\/pages\/13620","targetHints":{"allow":["GET"]}}],"collection":[{"href":"https:\/\/penosil.com\/lt\/wp-json\/wp\/v2\/pages"}],"about":[{"href":"https:\/\/penosil.com\/lt\/wp-json\/wp\/v2\/types\/page"}],"author":[{"embeddable":true,"href":"https:\/\/penosil.com\/lt\/wp-json\/wp\/v2\/users\/105"}],"replies":[{"embeddable":true,"href":"https:\/\/penosil.com\/lt\/wp-json\/wp\/v2\/comments?post=13620"}],"version-history":[{"count":11,"href":"https:\/\/penosil.com\/lt\/wp-json\/wp\/v2\/pages\/13620\/revisions"}],"predecessor-version":[{"id":13955,"href":"https:\/\/penosil.com\/lt\/wp-json\/wp\/v2\/pages\/13620\/revisions\/13955"}],"up":[{"embeddable":true,"href":"https:\/\/penosil.com\/lt\/wp-json\/wp\/v2\/pages\/13591"}],"wp:attachment":[{"href":"https:\/\/penosil.com\/lt\/wp-json\/wp\/v2\/media?parent=13620"}],"curies":[{"name":"wp","href":"https:\/\/api.w.org\/{rel}","templated":true}]}}