{"id":13635,"date":"2024-05-15T09:38:26","date_gmt":"2024-05-15T09:38:26","guid":{"rendered":"https:\/\/penosil.com\/lt\/?page_id=13635"},"modified":"2025-07-10T11:05:18","modified_gmt":"2025-07-10T11:05:18","slug":"saugesne-gyvenamoji-aplinka","status":"publish","type":"page","link":"https:\/\/penosil.com\/lt\/tvarumas\/saugesne-gyvenamoji-aplinka\/","title":{"rendered":"Saugesn\u0117 gyvenamoji aplinka"},"content":{"rendered":"<section class=\"pnsl-thin-banner-block\" style=\"background-color: #426a5a; color: #ffffff\" aria-label=\"Saugesn\u0117 gyvenamoji aplinka\">\n   <div class=\"container d-flex flex-column flex-lg-row align-items-lg-center justify-content-between\">\n      <div class=\"text-wrap\">\n                     <h1>Saugesn\u0117 gyvenamoji aplinka<\/h1>\n         \n                     <p>Norime, kad gal\u0117tum\u0117te m\u0117gautis <strong>geresne<\/strong> ir <strong>saugesne gyvenimo aplinka<\/strong>.<\/p>\n               <\/div>\n\n               <div id=\"lottie-block_677f55a7af88aabe9e0f2ba0e979706e\" class=\"lottie-animation\" data-path=\"https:\/\/penosil.com\/lt\/wp-content\/themes\/penosil\/assets\/lottie\/safer.json\" data-speed=\"0.75\" role=\"img\" aria-label=\"Decorative animation\"><\/div>\n         <\/div>\n<\/section>\n\n<main class=\"pnsl-safer-living-environment-block\" aria-label=\"Safer Living Environment Information\">\n         <section class=\"container text-container d-flex flex-column align-items-start\" aria-labelledby=\"safer-living-intro\">\n         <div class=\"upper-text text-wrap\">\n            <div id=\"safer-living-intro\">\n               <p>Tod\u0117l mes:<\/p>\n            <\/div>\n\n                           <ul>\n                                                            <li>\n                        <p>Nuolat tobuliname esamas formules.<\/p>\n                     \n                                             <\/li>\n                                                            <li>\n                        <p>Kuriame naujus produktus su <strong>ma\u017eu LOJ kiekiu<\/strong> ir <strong>saugesn\u0117mis \u017ealiavomis<\/strong>.<\/p>\n                     \n                                                \n                                                         <button type=\"button\" class=\"tooltip sus-tooltip\" data-tooltip-content=\"#tooltip-safer\" aria-expanded=\"false\" aria-describedby=\"tooltip-safer\" aria-label=\"Show more information\">\n                                 <img loading=\"lazy\" decoding=\"async\" src=\"https:\/\/penosil.com\/lt\/wp-content\/themes\/penosil\/images\/icons\/sus-info.svg\" width=\"52\" height=\"63\" alt=\"\" aria-hidden=\"true\">\n                              <\/button>\n\n                              <div class=\"safer-tooltip-content tooltip-content\" role=\"tooltip\" id=\"tooltip-safer\" aria-hidden=\"true\">\n                                 <h3><strong>Kas yra ma\u017eas LOJ kiekis?<\/strong><\/h3>\n<ul>\n<li>Lakieji organiniai junginiai (LOJ) \u2013 tai statybini\u0173 med\u017eiag\u0173 ir bald\u0173 i\u0161skiriamos <strong>chemin\u0117s med\u017eiagos<\/strong>, kurios <strong>lengvai garuoja ir pasklinda<\/strong>.<\/li>\n<li>Didel\u0117 LOJ jungini\u0173 koncentracija veikia patalp\u0173 oro kokyb\u0119 ir gali sukelti dirginim\u0105 bei sveikatos problemas.<\/li>\n<\/ul>\n<p><span style=\"font-size: 16px;\"><strong>Produkt\u0173 etiket\u0117se ie\u0161kokite \u0161i\u0173 sertifikat\u0173:<\/strong><\/span><\/p>\n<p><img loading=\"lazy\" decoding=\"async\" class=\"\" src=\"https:\/\/penosil.com\/lt\/wp-content\/uploads\/sites\/13\/2025\/07\/EC1_Plus_mark.png\" width=\"75\" height=\"75\" \/>\u00a0 \u00a0 <img loading=\"lazy\" decoding=\"async\" class=\"\" src=\"https:\/\/penosil.com\/lt\/wp-content\/uploads\/sites\/13\/2025\/07\/M1-logo_RGB_english_black.png\" width=\"75\" height=\"75\" \/>\u00a0 \u00a0 <img loading=\"lazy\" decoding=\"async\" class=\"\" src=\"https:\/\/penosil.com\/lt\/wp-content\/uploads\/sites\/13\/2025\/07\/A-French.png\" width=\"92\" height=\"75\" \/><\/p>\n                              <\/div>\n                                                                        <\/li>\n                                 <\/ul>\n                     <\/div>\n      <\/section>\n   \n   <section class=\"container angles-container\" aria-label=\"Process steps\">\n      <div class=\"angles row flex-column flex-lg-row flex-lg-nowrap\" role=\"list\">\n                                 <div class=\"angle col d-flex align-items-center justify-content-center\" role=\"listitem\" aria-label=\"Step 1\">\n               <div class=\"angle-text\"><p>2020 metais <strong>14%<\/strong> Penosil produkt\u0173 tur\u0117jo EC1+ sertifikatus.<\/p>\n<\/div>\n            <\/div>\n                                 <div class=\"angle col d-flex align-items-center justify-content-center\" role=\"listitem\" aria-label=\"Step 2\">\n               <div class=\"angle-text\"><p>2023 metais <strong>52%<\/strong> Penosil produkt\u0173 tur\u0117jo EC1+ sertifikatus.<\/p>\n<\/div>\n            <\/div>\n                                 <div class=\"angle col d-flex align-items-center justify-content-center\" role=\"listitem\" aria-label=\"Step 3\">\n               <div class=\"angle-text\"><p>Per ateinan\u010dius kelerius metus daugiau nei <strong>70%<\/strong> Penosil produkt\u0173 tur\u0117t\u0173 tur\u0117ti ma\u017eo LOJ kiekio sertifikatus.<\/p>\n<\/div>\n            <\/div>\n               <\/div>\n   <\/section>\n\n   <section class=\"container text-container\" aria-label=\"Additional information\">\n               <div class=\"above-lines-text text-wrap\">\n            <p>Per pastaruosius penkerius metus suk\u016br\u0117me daugyb\u0119 <strong>be tirpikli\u0173<\/strong> ir <strong>vandens pagrindu<\/strong> pagamint\u0173 klij\u0173, sandarikli\u0173 ir u\u017epild\u0173. Be to, daugelis m\u016bs\u0173 oksimo silikon\u0173 yra <strong>be MEKO<\/strong>.<\/p>\n         <\/div>\n      \n               <div class=\"lines-text w-100 d-flex flex-column flex-lg-row justify-content-between\" role=\"list\" aria-label=\"Key benefits\">\n                                          <div class=\"item d-flex flex-column flex-md-row align-items-center\" role=\"listitem\">\n                                       <div class=\"item-icon\">\n                        <img loading=\"lazy\" decoding=\"async\" src=\"https:\/\/penosil.com\/lt\/wp-content\/uploads\/sites\/13\/2024\/05\/Group-414.svg\" width=\"110\" height=\"106\" alt=\"Zero Meko \u017eenkliukas\">\n                     <\/div>\n                  \n                                       <div class=\"item-text\">\n                        <p>Produkto etiket\u0117je ie\u0161kokite<br \/>\nnulinio MEKO sertifikato<\/p>\n                     <\/div>\n                                 <\/div>\n                                          <div class=\"item d-flex flex-column flex-md-row align-items-center\" role=\"listitem\">\n                                       <div class=\"item-icon\">\n                        <img loading=\"lazy\" decoding=\"async\" src=\"https:\/\/penosil.com\/lt\/wp-content\/uploads\/sites\/13\/2024\/05\/Layer_1-2.svg\" width=\"108\" height=\"108\" alt=\"Saugaus pasirinkimo \u017eenkliukas\">\n                     <\/div>\n                  \n                                       <div class=\"item-text\">\n                        <p>Ie\u0161kokite saugaus pasirinkimo antspaudo<br \/>\nant m\u016bs\u0173 PU put\u0173 su ma\u017eu MDI kiekiu arba be MDI<\/p>\n                     <\/div>\n                                 <\/div>\n                     <\/div>\n      \n               <div class=\"text-before-icon text-wrap\">\n            <p>Vis daugiau m\u016bs\u0173 PU put\u0173 yra su labai ma\u017eu diizocianato monomero kiekiu (&lt;0,1 %) arba visi\u0161kai <strong>be MDI<\/strong>.<\/p>\n\n                           <button type=\"button\" class=\"tooltip sus-tooltip\" data-tooltip-content=\"#tooltip-safer-bottom\" aria-expanded=\"false\" aria-describedby=\"tooltip-safer-bottom\" aria-label=\"Show more information\">\n                  <img loading=\"lazy\" decoding=\"async\" src=\"https:\/\/penosil.com\/lt\/wp-content\/themes\/penosil\/images\/icons\/sus-info.svg\" width=\"52\" height=\"63\" alt=\"\" aria-hidden=\"true\">\n               <\/button>\n\n               <div class=\"safer-tooltip-content tooltip-content\" role=\"tooltip\" id=\"tooltip-safer-bottom\" aria-hidden=\"true\">\n                  <h4><strong>Kas yra MDI?<\/strong><\/h4>\n<p>Metileno difenildiizocianatas (MDI) yra <strong>chemin\u0117 med\u017eiaga<\/strong>, naudojama PU med\u017eiag\u0173 gamyboje.<\/p>\n<p><strong>Naudojant putas<\/strong>, putose esantis MDI gali sudirginti od\u0105 ir gerkl\u0119.<\/p>\n               <\/div>\n                     <\/div>\n      \n               <div class=\"under-lines-text text-wrap\">\n            <p>Ma\u017eo MDI kiekio ir be MDI PU putos yra <strong>saugesn\u0117 alternatyva<\/strong> \u012fprastoms PU putoms, nes suma\u017eina kenksming\u0173 chemini\u0173 med\u017eiag\u0173 poveikio rizik\u0105, gerina darbo saug\u0105, ma\u017eina poveik\u012f aplinkai ir u\u017etikrina, kad b\u016bt\u0173 laikomasi nustatyt\u0173 taisykli\u0173.<\/p>\n<p>M\u016bs\u0173 naujoji <strong>PU put\u0173 gamykla Ispanijoje<\/strong> bus pirmaujanti Europoje PU put\u0173 su ma\u017eu MDI kiekiu ir put\u0173 be MDI gamykla. Esame pirmasis Europos gamintojas, savo klientams pasi\u016bl\u0119s piln\u0105 put\u0173 su ma\u017eu MDI kiekiu ir put\u0173 be MDI gamini\u0173 asortiment\u0105.<\/p>\n<p>Penosil asortimente \u0161iuo metu yra \u0161ios <strong>ma\u017eo MDI kiekio putos ir putos be MDI<\/strong>:<\/p>\n<ul>\n<li>Pur\u0161kiamosios termoizoliacin\u0117s putos<\/li>\n<li>Pistoletin\u0117s putos<\/li>\n<li>\u0160iaudelin\u0117s putos<\/li>\n<\/ul>\n<p>Greitai savo asortiment\u0105 papildysime ma\u017eo MDI kiekio putomis: B2 pistoletin\u0117mis putomis, B2 pur\u0161kiamosiomis termoizoliacin\u0117mis putomis ir klijuojan\u010diomis putomis.<\/p>\n         <\/div>\n         <\/section>\n<\/main>\n\n<section class=\"pnsl-icon-hovers-block\" aria-label=\"Interactive Icon Navigation\">\n   <div class=\"container\">\n               <h2>Skaitykite kitas tvarumo temas<\/h2>\n         <\/div>\n\n         <div class=\"container icons-container\">\n         <ul class=\"icons d-flex align-items-center justify-content-center justify-content-lg-between flex-wrap\" role=\"list\">\n                                          <li class=\"icon\">\n                  <a href=\"https:\/\/penosil.com\/lt\/tvarumas\/patvarumas\/\"\n                     class=\"icon-link d-flex align-items-center justify-content-center\"\n                     style=\"--bg-color: #b7e4c7; --text-color: #ffffff\"\n                     >\n                     <span class=\"icon-image\" aria-hidden=\"true\">\n                        <img loading=\"lazy\" decoding=\"async\" src=\"https:\/\/penosil.com\/lt\/wp-content\/uploads\/sites\/13\/2024\/05\/Icons.svg\" width=\"68\" height=\"67\" alt=\"\">\n                     <\/span>\n                     <span class=\"icon-label\">Patvarumas<\/span>\n                  <\/a>\n               <\/li>\n                                          <li class=\"icon\">\n                  <a href=\"https:\/\/penosil.com\/lt\/tvarumas\/tvarus-komponentai\/\"\n                     class=\"icon-link d-flex align-items-center justify-content-center\"\n                     style=\"--bg-color: #52b788; --text-color: #fff\"\n                     >\n                     <span class=\"icon-image\" aria-hidden=\"true\">\n                        <img loading=\"lazy\" decoding=\"async\" src=\"https:\/\/penosil.com\/lt\/wp-content\/uploads\/sites\/13\/2024\/05\/Group-409.svg\" width=\"72\" height=\"75\" alt=\"\">\n                     <\/span>\n                     <span class=\"icon-label\">Tvar\u016bs komponentai<\/span>\n                  <\/a>\n               <\/li>\n                                          <li class=\"icon\">\n                  <a href=\"https:\/\/penosil.com\/lt\/tvarumas\/atsinaujinanti-energija\/\"\n                     class=\"icon-link d-flex align-items-center justify-content-center\"\n                     style=\"--bg-color: #40916c; --text-color: #fff\"\n                     >\n                     <span class=\"icon-image\" aria-hidden=\"true\">\n                        <img loading=\"lazy\" decoding=\"async\" src=\"https:\/\/penosil.com\/lt\/wp-content\/uploads\/sites\/13\/2024\/05\/48x48_Icons.svg\" width=\"76\" height=\"73\" alt=\"\">\n                     <\/span>\n                     <span class=\"icon-label\">Atsinaujinanti energija<\/span>\n                  <\/a>\n               <\/li>\n                                          <li class=\"icon\">\n                  <a href=\"https:\/\/penosil.com\/lt\/tvarumas\/inovacijos\/\"\n                     class=\"icon-link d-flex align-items-center justify-content-center\"\n                     style=\"--bg-color: #1b4332; --text-color: #fff\"\n                     >\n                     <span class=\"icon-image\" aria-hidden=\"true\">\n                        <img loading=\"lazy\" decoding=\"async\" src=\"https:\/\/penosil.com\/lt\/wp-content\/uploads\/sites\/13\/2024\/05\/Group-410.svg\" width=\"88\" height=\"94\" alt=\"\">\n                     <\/span>\n                     <span class=\"icon-label\">Inovacijos<\/span>\n                  <\/a>\n               <\/li>\n                                          <li class=\"icon\">\n                  <a href=\"https:\/\/penosil.com\/lt\/tvarumas\/atlieku-tvarkymas\/\"\n                     class=\"icon-link d-flex align-items-center justify-content-center\"\n                     style=\"--bg-color: #25a18e; --text-color: #fff\"\n                     >\n                     <span class=\"icon-image\" aria-hidden=\"true\">\n                        <img loading=\"lazy\" decoding=\"async\" src=\"https:\/\/penosil.com\/lt\/wp-content\/uploads\/sites\/13\/2024\/05\/Group-415.svg\" width=\"82\" height=\"75\" alt=\"\">\n                     <\/span>\n                     <span class=\"icon-label\">Atliek\u0173 tvarkymas<\/span>\n                  <\/a>\n               <\/li>\n                                          <li class=\"icon\">\n                  <a href=\"https:\/\/penosil.com\/lt\/tvarumas\/nematomi-bet-visur\/\"\n                     class=\"icon-link d-flex align-items-center justify-content-center\"\n                     style=\"--bg-color: #007F5F; --text-color: #fff\"\n                     >\n                     <span class=\"icon-image\" aria-hidden=\"true\">\n                        <img loading=\"lazy\" decoding=\"async\" src=\"https:\/\/penosil.com\/lt\/wp-content\/uploads\/sites\/13\/2024\/05\/Group-393.svg\" width=\"87\" height=\"79\" alt=\"\">\n                     <\/span>\n                     <span class=\"icon-label\">Nematomi, bet visur<\/span>\n                  <\/a>\n               <\/li>\n                     <\/ul>\n      <\/div>\n   <\/section>","protected":false},"excerpt":{"rendered":"","protected":false},"author":105,"featured_media":0,"parent":13591,"menu_order":0,"comment_status":"closed","ping_status":"closed","template":"page-templates\/template-no-title.php","meta":{"_acf_changed":false,"advgb_blocks_editor_width":"","advgb_blocks_columns_visual_guide":"","footnotes":""},"class_list":["post-13635","page","type-page","status-publish","hentry"],"acf":[],"yoast_head":"<!-- This site is optimized with the Yoast SEO plugin v27.2 - https:\/\/yoast.com\/product\/yoast-seo-wordpress\/ -->\n<title>Saugesn\u0117 gyvenamoji aplinka - Penosil Lithuania<\/title>\n<meta name=\"robots\" content=\"index, follow, max-snippet:-1, max-image-preview:large, max-video-preview:-1\" \/>\n<link rel=\"canonical\" href=\"https:\/\/penosil.com\/lt\/tvarumas\/saugesne-gyvenamoji-aplinka\/\" \/>\n<meta property=\"og:locale\" content=\"lt_LT\" \/>\n<meta property=\"og:type\" content=\"article\" \/>\n<meta property=\"og:title\" content=\"Saugesn\u0117 gyvenamoji aplinka - Penosil Lithuania\" \/>\n<meta property=\"og:url\" content=\"https:\/\/penosil.com\/lt\/tvarumas\/saugesne-gyvenamoji-aplinka\/\" \/>\n<meta property=\"og:site_name\" content=\"Penosil Lithuania\" \/>\n<meta property=\"article:modified_time\" content=\"2025-07-10T11:05:18+00:00\" \/>\n<meta name=\"twitter:card\" content=\"summary_large_image\" \/>\n<script type=\"application\/ld+json\" class=\"yoast-schema-graph\">{\"@context\":\"https:\/\/schema.org\",\"@graph\":[{\"@type\":\"WebPage\",\"@id\":\"https:\/\/penosil.com\/lt\/tvarumas\/saugesne-gyvenamoji-aplinka\/\",\"url\":\"https:\/\/penosil.com\/lt\/tvarumas\/saugesne-gyvenamoji-aplinka\/\",\"name\":\"Saugesn\u0117 gyvenamoji aplinka - Penosil Lithuania\",\"isPartOf\":{\"@id\":\"https:\/\/penosil.com\/lt\/#website\"},\"datePublished\":\"2024-05-15T09:38:26+00:00\",\"dateModified\":\"2025-07-10T11:05:18+00:00\",\"breadcrumb\":{\"@id\":\"https:\/\/penosil.com\/lt\/tvarumas\/saugesne-gyvenamoji-aplinka\/#breadcrumb\"},\"inLanguage\":\"lt-LT\",\"potentialAction\":[{\"@type\":\"ReadAction\",\"target\":[\"https:\/\/penosil.com\/lt\/tvarumas\/saugesne-gyvenamoji-aplinka\/\"]}]},{\"@type\":\"BreadcrumbList\",\"@id\":\"https:\/\/penosil.com\/lt\/tvarumas\/saugesne-gyvenamoji-aplinka\/#breadcrumb\",\"itemListElement\":[{\"@type\":\"ListItem\",\"position\":1,\"name\":\"Home\",\"item\":\"https:\/\/penosil.com\/lt\/\"},{\"@type\":\"ListItem\",\"position\":2,\"name\":\"Tvarumas\",\"item\":\"https:\/\/penosil.com\/lt\/tvarumas\/\"},{\"@type\":\"ListItem\",\"position\":3,\"name\":\"Saugesn\u0117 gyvenamoji aplinka\"}]},{\"@type\":\"WebSite\",\"@id\":\"https:\/\/penosil.com\/lt\/#website\",\"url\":\"https:\/\/penosil.com\/lt\/\",\"name\":\"Penosil Lithuania\",\"description\":\"\",\"potentialAction\":[{\"@type\":\"SearchAction\",\"target\":{\"@type\":\"EntryPoint\",\"urlTemplate\":\"https:\/\/penosil.com\/lt\/?s={search_term_string}\"},\"query-input\":{\"@type\":\"PropertyValueSpecification\",\"valueRequired\":true,\"valueName\":\"search_term_string\"}}],\"inLanguage\":\"lt-LT\"}]}<\/script>\n<!-- \/ Yoast SEO plugin. -->","yoast_head_json":{"title":"Saugesn\u0117 gyvenamoji aplinka - Penosil Lithuania","robots":{"index":"index","follow":"follow","max-snippet":"max-snippet:-1","max-image-preview":"max-image-preview:large","max-video-preview":"max-video-preview:-1"},"canonical":"https:\/\/penosil.com\/lt\/tvarumas\/saugesne-gyvenamoji-aplinka\/","og_locale":"lt_LT","og_type":"article","og_title":"Saugesn\u0117 gyvenamoji aplinka - Penosil Lithuania","og_url":"https:\/\/penosil.com\/lt\/tvarumas\/saugesne-gyvenamoji-aplinka\/","og_site_name":"Penosil Lithuania","article_modified_time":"2025-07-10T11:05:18+00:00","twitter_card":"summary_large_image","schema":{"@context":"https:\/\/schema.org","@graph":[{"@type":"WebPage","@id":"https:\/\/penosil.com\/lt\/tvarumas\/saugesne-gyvenamoji-aplinka\/","url":"https:\/\/penosil.com\/lt\/tvarumas\/saugesne-gyvenamoji-aplinka\/","name":"Saugesn\u0117 gyvenamoji aplinka - Penosil Lithuania","isPartOf":{"@id":"https:\/\/penosil.com\/lt\/#website"},"datePublished":"2024-05-15T09:38:26+00:00","dateModified":"2025-07-10T11:05:18+00:00","breadcrumb":{"@id":"https:\/\/penosil.com\/lt\/tvarumas\/saugesne-gyvenamoji-aplinka\/#breadcrumb"},"inLanguage":"lt-LT","potentialAction":[{"@type":"ReadAction","target":["https:\/\/penosil.com\/lt\/tvarumas\/saugesne-gyvenamoji-aplinka\/"]}]},{"@type":"BreadcrumbList","@id":"https:\/\/penosil.com\/lt\/tvarumas\/saugesne-gyvenamoji-aplinka\/#breadcrumb","itemListElement":[{"@type":"ListItem","position":1,"name":"Home","item":"https:\/\/penosil.com\/lt\/"},{"@type":"ListItem","position":2,"name":"Tvarumas","item":"https:\/\/penosil.com\/lt\/tvarumas\/"},{"@type":"ListItem","position":3,"name":"Saugesn\u0117 gyvenamoji aplinka"}]},{"@type":"WebSite","@id":"https:\/\/penosil.com\/lt\/#website","url":"https:\/\/penosil.com\/lt\/","name":"Penosil Lithuania","description":"","potentialAction":[{"@type":"SearchAction","target":{"@type":"EntryPoint","urlTemplate":"https:\/\/penosil.com\/lt\/?s={search_term_string}"},"query-input":{"@type":"PropertyValueSpecification","valueRequired":true,"valueName":"search_term_string"}}],"inLanguage":"lt-LT"}]}},"coauthors":[],"author_meta":{"author_link":"https:\/\/penosil.com\/lt\/author\/kevinreaktiiv\/","display_name":"kevinreaktiiv"},"relative_dates":{"created":"Posted 2 metai ago","modified":"Updated 9 m\u0117nesiai ago"},"absolute_dates":{"created":"Posted on 2024 15 gegu\u017e\u0117s","modified":"Updated on 2025 10 liepos"},"absolute_dates_time":{"created":"Posted on 2024 15 gegu\u017e\u0117s 9:38","modified":"Updated on 2025 10 liepos 11:05"},"featured_img_caption":"","featured_img":false,"series_order":"","_links":{"self":[{"href":"https:\/\/penosil.com\/lt\/wp-json\/wp\/v2\/pages\/13635","targetHints":{"allow":["GET"]}}],"collection":[{"href":"https:\/\/penosil.com\/lt\/wp-json\/wp\/v2\/pages"}],"about":[{"href":"https:\/\/penosil.com\/lt\/wp-json\/wp\/v2\/types\/page"}],"author":[{"embeddable":true,"href":"https:\/\/penosil.com\/lt\/wp-json\/wp\/v2\/users\/105"}],"replies":[{"embeddable":true,"href":"https:\/\/penosil.com\/lt\/wp-json\/wp\/v2\/comments?post=13635"}],"version-history":[{"count":16,"href":"https:\/\/penosil.com\/lt\/wp-json\/wp\/v2\/pages\/13635\/revisions"}],"predecessor-version":[{"id":15369,"href":"https:\/\/penosil.com\/lt\/wp-json\/wp\/v2\/pages\/13635\/revisions\/15369"}],"up":[{"embeddable":true,"href":"https:\/\/penosil.com\/lt\/wp-json\/wp\/v2\/pages\/13591"}],"wp:attachment":[{"href":"https:\/\/penosil.com\/lt\/wp-json\/wp\/v2\/media?parent=13635"}],"curies":[{"name":"wp","href":"https:\/\/api.w.org\/{rel}","templated":true}]}}