{"id":13640,"date":"2024-05-15T09:40:37","date_gmt":"2024-05-15T09:40:37","guid":{"rendered":"https:\/\/penosil.com\/lt\/?page_id=13640"},"modified":"2025-07-10T11:04:25","modified_gmt":"2025-07-10T11:04:25","slug":"atlieku-tvarkymas","status":"publish","type":"page","link":"https:\/\/penosil.com\/lt\/tvarumas\/atlieku-tvarkymas\/","title":{"rendered":"Atliek\u0173 tvarkymas"},"content":{"rendered":"<section class=\"pnsl-thin-banner-block\" style=\"background-color: #25a18e; color: #ffffff\" aria-label=\"Atliek\u0173 tvarkymas\">\n   <div class=\"container d-flex flex-column flex-lg-row align-items-lg-center justify-content-between\">\n      <div class=\"text-wrap\">\n                     <h1>Atliek\u0173 tvarkymas<\/h1>\n         \n                     <p>M\u016bs\u0173 tikslas \u2013 suma\u017einti, pakartotinai panaudoti, perdirbti ir panaudoti <strong>50%<\/strong> atliek\u0173 <strong>iki 2030 m.<\/strong><\/p>\n               <\/div>\n\n               <div id=\"lottie-block_1bb54ed7bcab0fec04aa21e4efbdd909\" class=\"lottie-animation\" data-path=\"https:\/\/penosil.com\/lt\/wp-content\/themes\/penosil\/assets\/lottie\/waste.json\" data-speed=\"0.75\" role=\"img\" aria-label=\"Decorative animation\"><\/div>\n         <\/div>\n<\/section>\n\n<section class=\"pnsl-waste-management-block d-flex flex-column\" aria-label=\"Waste Management Information\">\n         <div class=\"container accordion-container\">\n         <div class=\"accordion\" role=\"region\" aria-label=\"Waste management topics\">\n                                          <div class=\"item active\">\n                  <button type=\"button\" \n                     class=\"title-wrap d-flex align-items-center\" \n                     aria-expanded=\"true\"\n                     aria-controls=\"waste-panel-0\"\n                     id=\"waste-header-0\">\n                     <span class=\"number d-flex align-items-center justify-content-center\" aria-hidden=\"true\"><span>1<\/span><\/span>\n                     <span class=\"title d-flex align-items-center\">Suma\u017einimas<\/span>\n                  <\/button>\n                  <div class=\"content\" \n                     id=\"waste-panel-0\" \n                     role=\"region\" \n                     aria-labelledby=\"waste-header-0\"\n                     >\n                     <ul>\n<li>Nuolat ma\u017einame savo gamini\u0173 poveik\u012f aplinkai, pavojingas chemines med\u017eiagas keisdami nepavojingomis. Taip <strong>suma\u017einame pavojing\u0173 atliek\u0173 kiek\u012f<\/strong>.<\/li>\n<li>Vienas i\u0161 b\u016bd\u0173 suma\u017einti pakuo\u010di\u0173 atliek\u0173 kiek\u012f \u2013 <strong>padidinti pakuot\u0117s dyd\u012f<\/strong>. Daugelis Penosil produkt\u0173 tiekiami \u012fvairiose pakuot\u0117se.<\/li>\n<\/ul>\n\n                                             <div class=\"animation-wrap d-flex flex-column flex-lg-row align-items-center\" role=\"figure\" aria-label=\"Waste management process diagram\">\n                           <div class=\"image\">\n                              <img loading=\"lazy\" decoding=\"async\" src=\"https:\/\/penosil.com\/lt\/wp-content\/uploads\/sites\/13\/2024\/05\/Padrun_Foolium_video-1.png\" width=\"110\" height=\"165\" alt=\"hermetik\u0173 pakuot\u0117s\">\n                           <\/div>\n\n                           <div class=\"gray-arrow d-flex align-items-center\" aria-hidden=\"true\">\n                              <div class=\"text\">\n                                 <ul>\n<li>Be 300 ml patron\u0173, mes taip pat daugel\u012f m\u016bs\u0173 hermetik\u0173 gaminame <strong>600 ml folin\u0117se pakuot\u0117se<\/strong>.<\/li>\n<li>600 ml folin\u0117 pakuot\u0117 sutaupo <strong>75%<\/strong> pakuo\u010di\u0173 atliek\u0173, palyginti su patronais.<\/li>\n<\/ul>\n                              <\/div>\n                           <\/div>\n                        <\/div>\n                        \n                                                   <div class=\"visually-hidden\">\n                              <ul>\n<li>Be 300 ml patron\u0173, mes taip pat daugel\u012f m\u016bs\u0173 hermetik\u0173 gaminame <strong>600 ml folin\u0117se pakuot\u0117se<\/strong>.<\/li>\n<li>600 ml folin\u0117 pakuot\u0117 sutaupo <strong>75%<\/strong> pakuo\u010di\u0173 atliek\u0173, palyginti su patronais.<\/li>\n<\/ul>\n                           <\/div>\n                                             \n                                             <ul>\n<li>Cemento pagrindu pagaminti produktai yra reik\u0161mingi CO<sub>2<\/sub> gamintojai. Penosil suk\u016br\u0117 kelet\u0105 <strong>klijuojan\u010di\u0173 put\u0173, kurias galima naudoti vietoj cemento pagrindo gamini\u0173<\/strong>.<\/li>\n<\/ul>\n                     \n                                             <div class=\"border-red\" role=\"complementary\" aria-label=\"Important information\">\n                           <p><strong>1 klijuojan\u010di\u0173 put\u0173 balion\u0117lis<\/strong> prilygsta <strong>25 kg cemento<\/strong>, o tai suma\u017eina anglies p\u0117dsak\u0105, i\u0161skiriam\u0105 transportavimo metu.<\/p>\n                        <\/div>\n                                       <\/div>\n               <\/div>\n                                          <div class=\"item\">\n                  <button type=\"button\" \n                     class=\"title-wrap d-flex align-items-center\" \n                     aria-expanded=\"false\"\n                     aria-controls=\"waste-panel-1\"\n                     id=\"waste-header-1\">\n                     <span class=\"number d-flex align-items-center justify-content-center\" aria-hidden=\"true\"><span>2<\/span><\/span>\n                     <span class=\"title d-flex align-items-center\">Perdirbimas<\/span>\n                  <\/button>\n                  <div class=\"content\" \n                     id=\"waste-panel-1\" \n                     role=\"region\" \n                     aria-labelledby=\"waste-header-1\"\n                     hidden>\n                     <p>M\u016bs\u0173 gamyklos perdirba visas gamybos atliekas. Did\u017ei\u0105j\u0105 dal\u012f m\u016bs\u0173 atliek\u0173 perdirba m\u016bs\u0173 partneriai savo gamyklose. Ta\u010diau mes taip pat nuolat <strong>kuriame naujus b\u016bdus, kaip perdirbti daugiau atliek\u0173 patiems.<\/strong><\/p>\n<ul>\n<li>Nuolat optimizuojame hermetik\u0173 gamybos procesus. Pavyzd\u017eiui, <strong>suma\u017einome likusi\u0173 \u017ealiav\u0173 kiek\u012f<\/strong> pakartotinai panaudodami juos kituose produktuose.<\/li>\n<li>Be to, aktyviai ie\u0161kome b\u016bd\u0173, kaip pakartotinai panaudoti m\u016bs\u0173 sustingus\u012f silikon\u0105 ir hibridines atliekas. Pavyzd\u017eiui, bendradarbiaudami su universitetais ie\u0161kome b\u016bd\u0173, kaip panaudoti <strong>sustingusio silikono ir hibridines atliekas<\/strong> kaip \u017ealiav\u0105 kitiems tikslams, pavyzd\u017eiui, keli\u0173 tiesimui, asfalto ar betono gamybai.<\/li>\n<\/ul>\n\n                     \n                     \n                                       <\/div>\n               <\/div>\n                                          <div class=\"item\">\n                  <button type=\"button\" \n                     class=\"title-wrap d-flex align-items-center\" \n                     aria-expanded=\"false\"\n                     aria-controls=\"waste-panel-2\"\n                     id=\"waste-header-2\">\n                     <span class=\"number d-flex align-items-center justify-content-center\" aria-hidden=\"true\"><span>3<\/span><\/span>\n                     <span class=\"title d-flex align-items-center\">Pakartotinis panaudojimas<\/span>\n                  <\/button>\n                  <div class=\"content\" \n                     id=\"waste-panel-2\" \n                     role=\"region\" \n                     aria-labelledby=\"waste-header-2\"\n                     hidden>\n                     <p>Nuo 2021 m. <strong>100% savo plastiko gamybos liku\u010di\u0173 panaudojome<\/strong> Penosil \u012franki\u0173 ir plastikini\u0173 komponent\u0173 gamybai.<\/p>\n<ul>\n<li>Pavyzd\u017eiui, <strong>Penosil patentuota mentel\u0117 &#8211; spatula &#8211; <\/strong>gaminama naudojant m\u016bs\u0173 plastiko atliekas.<\/li>\n<\/ul>\n<p><img loading=\"lazy\" decoding=\"async\" class=\"\" src=\"https:\/\/penosil.com\/lt\/wp-content\/uploads\/sites\/13\/2025\/07\/Spatula-B.png\" width=\"58\" height=\"50\" \/><\/p>\n<ul>\n<li>\u0160iuo metu taip pat bandome naudoti PGR plastik\u0105 put\u0173 adapterio ir \u0161iaudeli\u0173 gamyboje.<\/li>\n<\/ul>\n\n                     \n                     \n                                       <\/div>\n               <\/div>\n                     <\/div>\n      <\/div>\n   <\/section>\n\n<section class=\"pnsl-icon-hovers-block\" aria-label=\"Interactive Icon Navigation\">\n   <div class=\"container\">\n               <h2>Skaitykite kitas tvarumo temas<\/h2>\n         <\/div>\n\n         <div class=\"container icons-container\">\n         <ul class=\"icons d-flex align-items-center justify-content-center justify-content-lg-between flex-wrap\" role=\"list\">\n                                          <li class=\"icon\">\n                  <a href=\"https:\/\/penosil.com\/lt\/tvarumas\/patvarumas\/\"\n                     class=\"icon-link d-flex align-items-center justify-content-center\"\n                     style=\"--bg-color: #b7e4c7; --text-color: #ffffff\"\n                     >\n                     <span class=\"icon-image\" aria-hidden=\"true\">\n                        <img loading=\"lazy\" decoding=\"async\" src=\"https:\/\/penosil.com\/lt\/wp-content\/uploads\/sites\/13\/2024\/05\/Icons.svg\" width=\"68\" height=\"67\" alt=\"\">\n                     <\/span>\n                     <span class=\"icon-label\">Patvarumas<\/span>\n                  <\/a>\n               <\/li>\n                                          <li class=\"icon\">\n                  <a href=\"https:\/\/penosil.com\/lt\/tvarumas\/tvarus-komponentai\/\"\n                     class=\"icon-link d-flex align-items-center justify-content-center\"\n                     style=\"--bg-color: #52b788; --text-color: #fff\"\n                     >\n                     <span class=\"icon-image\" aria-hidden=\"true\">\n                        <img loading=\"lazy\" decoding=\"async\" src=\"https:\/\/penosil.com\/lt\/wp-content\/uploads\/sites\/13\/2024\/05\/Group-409.svg\" width=\"72\" height=\"75\" alt=\"\">\n                     <\/span>\n                     <span class=\"icon-label\">Tvar\u016bs komponentai<\/span>\n                  <\/a>\n               <\/li>\n                                          <li class=\"icon\">\n                  <a href=\"https:\/\/penosil.com\/lt\/tvarumas\/atsinaujinanti-energija\/\"\n                     class=\"icon-link d-flex align-items-center justify-content-center\"\n                     style=\"--bg-color: #40916c; --text-color: #fff\"\n                     >\n                     <span class=\"icon-image\" aria-hidden=\"true\">\n                        <img loading=\"lazy\" decoding=\"async\" src=\"https:\/\/penosil.com\/lt\/wp-content\/uploads\/sites\/13\/2024\/05\/48x48_Icons.svg\" width=\"76\" height=\"73\" alt=\"\">\n                     <\/span>\n                     <span class=\"icon-label\">Atsinaujinanti energija<\/span>\n                  <\/a>\n               <\/li>\n                                          <li class=\"icon\">\n                  <a href=\"https:\/\/penosil.com\/lt\/tvarumas\/inovacijos\/\"\n                     class=\"icon-link d-flex align-items-center justify-content-center\"\n                     style=\"--bg-color: #1b4332; --text-color: #fff\"\n                     >\n                     <span class=\"icon-image\" aria-hidden=\"true\">\n                        <img loading=\"lazy\" decoding=\"async\" src=\"https:\/\/penosil.com\/lt\/wp-content\/uploads\/sites\/13\/2024\/05\/Group-410.svg\" width=\"88\" height=\"94\" alt=\"\">\n                     <\/span>\n                     <span class=\"icon-label\">Inovacijos<\/span>\n                  <\/a>\n               <\/li>\n                                          <li class=\"icon\">\n                  <a href=\"https:\/\/penosil.com\/lt\/tvarumas\/saugesne-gyvenamoji-aplinka\/\"\n                     class=\"icon-link d-flex align-items-center justify-content-center\"\n                     style=\"--bg-color: #426a5a; --text-color: #fff\"\n                     >\n                     <span class=\"icon-image\" aria-hidden=\"true\">\n                        <img loading=\"lazy\" decoding=\"async\" src=\"https:\/\/penosil.com\/lt\/wp-content\/uploads\/sites\/13\/2024\/05\/Group-416.svg\" width=\"79\" height=\"90\" alt=\"\">\n                     <\/span>\n                     <span class=\"icon-label\">Saugesn\u0117 gyvenamoji aplinka<\/span>\n                  <\/a>\n               <\/li>\n                                          <li class=\"icon\">\n                  <a href=\"https:\/\/penosil.com\/lt\/tvarumas\/nematomi-bet-visur\/\"\n                     class=\"icon-link d-flex align-items-center justify-content-center\"\n                     style=\"--bg-color: #007F5F; --text-color: #fff\"\n                     >\n                     <span class=\"icon-image\" aria-hidden=\"true\">\n                        <img loading=\"lazy\" decoding=\"async\" src=\"https:\/\/penosil.com\/lt\/wp-content\/uploads\/sites\/13\/2024\/05\/Group-393.svg\" width=\"87\" height=\"79\" alt=\"\">\n                     <\/span>\n                     <span class=\"icon-label\">Nematomi, bet visur<\/span>\n                  <\/a>\n               <\/li>\n                     <\/ul>\n      <\/div>\n   <\/section>","protected":false},"excerpt":{"rendered":"","protected":false},"author":105,"featured_media":0,"parent":13591,"menu_order":0,"comment_status":"closed","ping_status":"closed","template":"page-templates\/template-no-title.php","meta":{"_acf_changed":false,"advgb_blocks_editor_width":"","advgb_blocks_columns_visual_guide":"","footnotes":""},"class_list":["post-13640","page","type-page","status-publish","hentry"],"acf":[],"yoast_head":"<!-- This site is optimized with the Yoast SEO plugin v27.2 - https:\/\/yoast.com\/product\/yoast-seo-wordpress\/ -->\n<title>Atliek\u0173 tvarkymas - Penosil Lithuania<\/title>\n<meta name=\"robots\" content=\"index, follow, max-snippet:-1, max-image-preview:large, max-video-preview:-1\" \/>\n<link rel=\"canonical\" href=\"https:\/\/penosil.com\/lt\/tvarumas\/atlieku-tvarkymas\/\" \/>\n<meta property=\"og:locale\" content=\"lt_LT\" \/>\n<meta property=\"og:type\" content=\"article\" \/>\n<meta property=\"og:title\" content=\"Atliek\u0173 tvarkymas - Penosil Lithuania\" \/>\n<meta property=\"og:url\" content=\"https:\/\/penosil.com\/lt\/tvarumas\/atlieku-tvarkymas\/\" \/>\n<meta property=\"og:site_name\" content=\"Penosil Lithuania\" \/>\n<meta property=\"article:modified_time\" content=\"2025-07-10T11:04:25+00:00\" \/>\n<meta name=\"twitter:card\" content=\"summary_large_image\" \/>\n<script type=\"application\/ld+json\" class=\"yoast-schema-graph\">{\"@context\":\"https:\/\/schema.org\",\"@graph\":[{\"@type\":\"WebPage\",\"@id\":\"https:\/\/penosil.com\/lt\/tvarumas\/atlieku-tvarkymas\/\",\"url\":\"https:\/\/penosil.com\/lt\/tvarumas\/atlieku-tvarkymas\/\",\"name\":\"Atliek\u0173 tvarkymas - Penosil Lithuania\",\"isPartOf\":{\"@id\":\"https:\/\/penosil.com\/lt\/#website\"},\"datePublished\":\"2024-05-15T09:40:37+00:00\",\"dateModified\":\"2025-07-10T11:04:25+00:00\",\"breadcrumb\":{\"@id\":\"https:\/\/penosil.com\/lt\/tvarumas\/atlieku-tvarkymas\/#breadcrumb\"},\"inLanguage\":\"lt-LT\",\"potentialAction\":[{\"@type\":\"ReadAction\",\"target\":[\"https:\/\/penosil.com\/lt\/tvarumas\/atlieku-tvarkymas\/\"]}]},{\"@type\":\"BreadcrumbList\",\"@id\":\"https:\/\/penosil.com\/lt\/tvarumas\/atlieku-tvarkymas\/#breadcrumb\",\"itemListElement\":[{\"@type\":\"ListItem\",\"position\":1,\"name\":\"Home\",\"item\":\"https:\/\/penosil.com\/lt\/\"},{\"@type\":\"ListItem\",\"position\":2,\"name\":\"Tvarumas\",\"item\":\"https:\/\/penosil.com\/lt\/tvarumas\/\"},{\"@type\":\"ListItem\",\"position\":3,\"name\":\"Atliek\u0173 tvarkymas\"}]},{\"@type\":\"WebSite\",\"@id\":\"https:\/\/penosil.com\/lt\/#website\",\"url\":\"https:\/\/penosil.com\/lt\/\",\"name\":\"Penosil Lithuania\",\"description\":\"\",\"potentialAction\":[{\"@type\":\"SearchAction\",\"target\":{\"@type\":\"EntryPoint\",\"urlTemplate\":\"https:\/\/penosil.com\/lt\/?s={search_term_string}\"},\"query-input\":{\"@type\":\"PropertyValueSpecification\",\"valueRequired\":true,\"valueName\":\"search_term_string\"}}],\"inLanguage\":\"lt-LT\"}]}<\/script>\n<!-- \/ Yoast SEO plugin. -->","yoast_head_json":{"title":"Atliek\u0173 tvarkymas - Penosil Lithuania","robots":{"index":"index","follow":"follow","max-snippet":"max-snippet:-1","max-image-preview":"max-image-preview:large","max-video-preview":"max-video-preview:-1"},"canonical":"https:\/\/penosil.com\/lt\/tvarumas\/atlieku-tvarkymas\/","og_locale":"lt_LT","og_type":"article","og_title":"Atliek\u0173 tvarkymas - Penosil Lithuania","og_url":"https:\/\/penosil.com\/lt\/tvarumas\/atlieku-tvarkymas\/","og_site_name":"Penosil Lithuania","article_modified_time":"2025-07-10T11:04:25+00:00","twitter_card":"summary_large_image","schema":{"@context":"https:\/\/schema.org","@graph":[{"@type":"WebPage","@id":"https:\/\/penosil.com\/lt\/tvarumas\/atlieku-tvarkymas\/","url":"https:\/\/penosil.com\/lt\/tvarumas\/atlieku-tvarkymas\/","name":"Atliek\u0173 tvarkymas - Penosil Lithuania","isPartOf":{"@id":"https:\/\/penosil.com\/lt\/#website"},"datePublished":"2024-05-15T09:40:37+00:00","dateModified":"2025-07-10T11:04:25+00:00","breadcrumb":{"@id":"https:\/\/penosil.com\/lt\/tvarumas\/atlieku-tvarkymas\/#breadcrumb"},"inLanguage":"lt-LT","potentialAction":[{"@type":"ReadAction","target":["https:\/\/penosil.com\/lt\/tvarumas\/atlieku-tvarkymas\/"]}]},{"@type":"BreadcrumbList","@id":"https:\/\/penosil.com\/lt\/tvarumas\/atlieku-tvarkymas\/#breadcrumb","itemListElement":[{"@type":"ListItem","position":1,"name":"Home","item":"https:\/\/penosil.com\/lt\/"},{"@type":"ListItem","position":2,"name":"Tvarumas","item":"https:\/\/penosil.com\/lt\/tvarumas\/"},{"@type":"ListItem","position":3,"name":"Atliek\u0173 tvarkymas"}]},{"@type":"WebSite","@id":"https:\/\/penosil.com\/lt\/#website","url":"https:\/\/penosil.com\/lt\/","name":"Penosil Lithuania","description":"","potentialAction":[{"@type":"SearchAction","target":{"@type":"EntryPoint","urlTemplate":"https:\/\/penosil.com\/lt\/?s={search_term_string}"},"query-input":{"@type":"PropertyValueSpecification","valueRequired":true,"valueName":"search_term_string"}}],"inLanguage":"lt-LT"}]}},"coauthors":[],"author_meta":{"author_link":"https:\/\/penosil.com\/lt\/author\/kevinreaktiiv\/","display_name":"kevinreaktiiv"},"relative_dates":{"created":"Posted 2 metai ago","modified":"Updated 9 m\u0117nesiai ago"},"absolute_dates":{"created":"Posted on 2024 15 gegu\u017e\u0117s","modified":"Updated on 2025 10 liepos"},"absolute_dates_time":{"created":"Posted on 2024 15 gegu\u017e\u0117s 9:40","modified":"Updated on 2025 10 liepos 11:04"},"featured_img_caption":"","featured_img":false,"series_order":"","_links":{"self":[{"href":"https:\/\/penosil.com\/lt\/wp-json\/wp\/v2\/pages\/13640","targetHints":{"allow":["GET"]}}],"collection":[{"href":"https:\/\/penosil.com\/lt\/wp-json\/wp\/v2\/pages"}],"about":[{"href":"https:\/\/penosil.com\/lt\/wp-json\/wp\/v2\/types\/page"}],"author":[{"embeddable":true,"href":"https:\/\/penosil.com\/lt\/wp-json\/wp\/v2\/users\/105"}],"replies":[{"embeddable":true,"href":"https:\/\/penosil.com\/lt\/wp-json\/wp\/v2\/comments?post=13640"}],"version-history":[{"count":15,"href":"https:\/\/penosil.com\/lt\/wp-json\/wp\/v2\/pages\/13640\/revisions"}],"predecessor-version":[{"id":15368,"href":"https:\/\/penosil.com\/lt\/wp-json\/wp\/v2\/pages\/13640\/revisions\/15368"}],"up":[{"embeddable":true,"href":"https:\/\/penosil.com\/lt\/wp-json\/wp\/v2\/pages\/13591"}],"wp:attachment":[{"href":"https:\/\/penosil.com\/lt\/wp-json\/wp\/v2\/media?parent=13640"}],"curies":[{"name":"wp","href":"https:\/\/api.w.org\/{rel}","templated":true}]}}