{"id":3372,"date":"2019-12-06T11:15:52","date_gmt":"2019-12-06T11:15:52","guid":{"rendered":"https:\/\/penosil.com\/lt\/documentation\/"},"modified":"2021-03-08T12:13:59","modified_gmt":"2021-03-08T12:13:59","slug":"dokumentai","status":"publish","type":"page","link":"https:\/\/penosil.com\/lt\/informacijos-centras\/dokumentai\/","title":{"rendered":"Dokumentai"},"content":{"rendered":"","protected":false},"excerpt":{"rendered":"","protected":false},"author":1,"featured_media":0,"parent":3549,"menu_order":25,"comment_status":"closed","ping_status":"closed","template":"page-templates\/template-documentation.php","meta":{"_acf_changed":false,"advgb_blocks_editor_width":"","advgb_blocks_columns_visual_guide":"","footnotes":""},"class_list":["post-3372","page","type-page","status-publish","hentry"],"acf":[],"yoast_head":"<!-- This site is optimized with the Yoast SEO plugin v27.2 - https:\/\/yoast.com\/product\/yoast-seo-wordpress\/ -->\n<title>PENOSIL dokumentai - visi dokumentai vienoje vietoje<\/title>\n<meta name=\"description\" content=\"Atsisi\u0173skite PENOSIL gamini\u0173 techniniai duomen\u0173 lapus, saugos duomen\u0173 lapus, atitikties deklaracijos ir kt. Parsisi\u0173sti!\" \/>\n<meta name=\"robots\" content=\"index, follow, max-snippet:-1, max-image-preview:large, max-video-preview:-1\" \/>\n<link rel=\"canonical\" href=\"https:\/\/penosil.com\/lt\/informacijos-centras\/dokumentai\/\" \/>\n<meta property=\"og:locale\" content=\"lt_LT\" \/>\n<meta property=\"og:type\" content=\"article\" \/>\n<meta property=\"og:title\" content=\"PENOSIL dokumentai - visi dokumentai vienoje vietoje\" \/>\n<meta property=\"og:description\" content=\"Atsisi\u0173skite PENOSIL gamini\u0173 techniniai duomen\u0173 lapus, saugos duomen\u0173 lapus, atitikties deklaracijos ir kt. Parsisi\u0173sti!\" \/>\n<meta property=\"og:url\" content=\"https:\/\/penosil.com\/lt\/informacijos-centras\/dokumentai\/\" \/>\n<meta property=\"og:site_name\" content=\"Penosil Lithuania\" \/>\n<meta property=\"article:modified_time\" content=\"2021-03-08T12:13:59+00:00\" \/>\n<meta name=\"twitter:card\" content=\"summary_large_image\" \/>\n<script type=\"application\/ld+json\" class=\"yoast-schema-graph\">{\"@context\":\"https:\/\/schema.org\",\"@graph\":[{\"@type\":\"WebPage\",\"@id\":\"https:\/\/penosil.com\/lt\/informacijos-centras\/dokumentai\/\",\"url\":\"https:\/\/penosil.com\/lt\/informacijos-centras\/dokumentai\/\",\"name\":\"PENOSIL dokumentai - visi dokumentai vienoje vietoje\",\"isPartOf\":{\"@id\":\"https:\/\/penosil.com\/lt\/#website\"},\"datePublished\":\"2019-12-06T11:15:52+00:00\",\"dateModified\":\"2021-03-08T12:13:59+00:00\",\"description\":\"Atsisi\u0173skite PENOSIL gamini\u0173 techniniai duomen\u0173 lapus, saugos duomen\u0173 lapus, atitikties deklaracijos ir kt. Parsisi\u0173sti!\",\"breadcrumb\":{\"@id\":\"https:\/\/penosil.com\/lt\/informacijos-centras\/dokumentai\/#breadcrumb\"},\"inLanguage\":\"lt-LT\",\"potentialAction\":[{\"@type\":\"ReadAction\",\"target\":[\"https:\/\/penosil.com\/lt\/informacijos-centras\/dokumentai\/\"]}]},{\"@type\":\"BreadcrumbList\",\"@id\":\"https:\/\/penosil.com\/lt\/informacijos-centras\/dokumentai\/#breadcrumb\",\"itemListElement\":[{\"@type\":\"ListItem\",\"position\":1,\"name\":\"Home\",\"item\":\"https:\/\/penosil.com\/lt\/\"},{\"@type\":\"ListItem\",\"position\":2,\"name\":\"Informacijos centras\",\"item\":\"https:\/\/penosil.com\/lt\/informacijos-centras\/\"},{\"@type\":\"ListItem\",\"position\":3,\"name\":\"Dokumentai\"}]},{\"@type\":\"WebSite\",\"@id\":\"https:\/\/penosil.com\/lt\/#website\",\"url\":\"https:\/\/penosil.com\/lt\/\",\"name\":\"Penosil Lithuania\",\"description\":\"\",\"potentialAction\":[{\"@type\":\"SearchAction\",\"target\":{\"@type\":\"EntryPoint\",\"urlTemplate\":\"https:\/\/penosil.com\/lt\/?s={search_term_string}\"},\"query-input\":{\"@type\":\"PropertyValueSpecification\",\"valueRequired\":true,\"valueName\":\"search_term_string\"}}],\"inLanguage\":\"lt-LT\"}]}<\/script>\n<!-- \/ Yoast SEO plugin. -->","yoast_head_json":{"title":"PENOSIL dokumentai - visi dokumentai vienoje vietoje","description":"Atsisi\u0173skite PENOSIL gamini\u0173 techniniai duomen\u0173 lapus, saugos duomen\u0173 lapus, atitikties deklaracijos ir kt. Parsisi\u0173sti!","robots":{"index":"index","follow":"follow","max-snippet":"max-snippet:-1","max-image-preview":"max-image-preview:large","max-video-preview":"max-video-preview:-1"},"canonical":"https:\/\/penosil.com\/lt\/informacijos-centras\/dokumentai\/","og_locale":"lt_LT","og_type":"article","og_title":"PENOSIL dokumentai - visi dokumentai vienoje vietoje","og_description":"Atsisi\u0173skite PENOSIL gamini\u0173 techniniai duomen\u0173 lapus, saugos duomen\u0173 lapus, atitikties deklaracijos ir kt. Parsisi\u0173sti!","og_url":"https:\/\/penosil.com\/lt\/informacijos-centras\/dokumentai\/","og_site_name":"Penosil Lithuania","article_modified_time":"2021-03-08T12:13:59+00:00","twitter_card":"summary_large_image","schema":{"@context":"https:\/\/schema.org","@graph":[{"@type":"WebPage","@id":"https:\/\/penosil.com\/lt\/informacijos-centras\/dokumentai\/","url":"https:\/\/penosil.com\/lt\/informacijos-centras\/dokumentai\/","name":"PENOSIL dokumentai - visi dokumentai vienoje vietoje","isPartOf":{"@id":"https:\/\/penosil.com\/lt\/#website"},"datePublished":"2019-12-06T11:15:52+00:00","dateModified":"2021-03-08T12:13:59+00:00","description":"Atsisi\u0173skite PENOSIL gamini\u0173 techniniai duomen\u0173 lapus, saugos duomen\u0173 lapus, atitikties deklaracijos ir kt. Parsisi\u0173sti!","breadcrumb":{"@id":"https:\/\/penosil.com\/lt\/informacijos-centras\/dokumentai\/#breadcrumb"},"inLanguage":"lt-LT","potentialAction":[{"@type":"ReadAction","target":["https:\/\/penosil.com\/lt\/informacijos-centras\/dokumentai\/"]}]},{"@type":"BreadcrumbList","@id":"https:\/\/penosil.com\/lt\/informacijos-centras\/dokumentai\/#breadcrumb","itemListElement":[{"@type":"ListItem","position":1,"name":"Home","item":"https:\/\/penosil.com\/lt\/"},{"@type":"ListItem","position":2,"name":"Informacijos centras","item":"https:\/\/penosil.com\/lt\/informacijos-centras\/"},{"@type":"ListItem","position":3,"name":"Dokumentai"}]},{"@type":"WebSite","@id":"https:\/\/penosil.com\/lt\/#website","url":"https:\/\/penosil.com\/lt\/","name":"Penosil Lithuania","description":"","potentialAction":[{"@type":"SearchAction","target":{"@type":"EntryPoint","urlTemplate":"https:\/\/penosil.com\/lt\/?s={search_term_string}"},"query-input":{"@type":"PropertyValueSpecification","valueRequired":true,"valueName":"search_term_string"}}],"inLanguage":"lt-LT"}]}},"coauthors":[],"author_meta":{"author_link":"https:\/\/penosil.com\/lt\/author\/reaktiiv-pe\/","display_name":"reaktiiv-pe"},"relative_dates":{"created":"Posted 6 metai ago","modified":"Updated 5 metai ago"},"absolute_dates":{"created":"Posted on 2019 6 gruod\u017eio","modified":"Updated on 2021 8 kovo"},"absolute_dates_time":{"created":"Posted on 2019 6 gruod\u017eio 11:15","modified":"Updated on 2021 8 kovo 12:13"},"featured_img_caption":"","featured_img":false,"series_order":"","_links":{"self":[{"href":"https:\/\/penosil.com\/lt\/wp-json\/wp\/v2\/pages\/3372","targetHints":{"allow":["GET"]}}],"collection":[{"href":"https:\/\/penosil.com\/lt\/wp-json\/wp\/v2\/pages"}],"about":[{"href":"https:\/\/penosil.com\/lt\/wp-json\/wp\/v2\/types\/page"}],"author":[{"embeddable":true,"href":"https:\/\/penosil.com\/lt\/wp-json\/wp\/v2\/users\/1"}],"replies":[{"embeddable":true,"href":"https:\/\/penosil.com\/lt\/wp-json\/wp\/v2\/comments?post=3372"}],"version-history":[{"count":1,"href":"https:\/\/penosil.com\/lt\/wp-json\/wp\/v2\/pages\/3372\/revisions"}],"predecessor-version":[{"id":7516,"href":"https:\/\/penosil.com\/lt\/wp-json\/wp\/v2\/pages\/3372\/revisions\/7516"}],"up":[{"embeddable":true,"href":"https:\/\/penosil.com\/lt\/wp-json\/wp\/v2\/pages\/3549"}],"wp:attachment":[{"href":"https:\/\/penosil.com\/lt\/wp-json\/wp\/v2\/media?parent=3372"}],"curies":[{"name":"wp","href":"https:\/\/api.w.org\/{rel}","templated":true}]}}