{"id":3376,"date":"2019-12-05T07:49:44","date_gmt":"2019-12-05T07:49:44","guid":{"rendered":"https:\/\/penosil.com\/lt\/educational-articles\/"},"modified":"2021-03-08T12:15:36","modified_gmt":"2021-03-08T12:15:36","slug":"mokomieji-straipsniai","status":"publish","type":"page","link":"https:\/\/penosil.com\/lt\/informacijos-centras\/mokomieji-straipsniai\/","title":{"rendered":"Mokomieji straipsniai"},"content":{"rendered":"","protected":false},"excerpt":{"rendered":"","protected":false},"author":1,"featured_media":0,"parent":3549,"menu_order":26,"comment_status":"closed","ping_status":"closed","template":"page-templates\/template-educational-articles.php","meta":{"_acf_changed":false,"advgb_blocks_editor_width":"","advgb_blocks_columns_visual_guide":"","footnotes":""},"class_list":["post-3376","page","type-page","status-publish","hentry"],"acf":[],"yoast_head":"<!-- This site is optimized with the Yoast SEO plugin v27.2 - https:\/\/yoast.com\/product\/yoast-seo-wordpress\/ -->\n<title>PENOSIL mokomieji straipsniai - idomi informacija visiems<\/title>\n<meta name=\"description\" content=\"PENOSIL mokomieji straipsniai - \u012fdomi informacija apie energij\u0105 taupan\u010dias ir aplink\u0105 tausojan\u010dias statybas, ekspert\u0173 patarimai. Daugiau!\" \/>\n<meta name=\"robots\" content=\"index, follow, max-snippet:-1, max-image-preview:large, max-video-preview:-1\" \/>\n<link rel=\"canonical\" href=\"https:\/\/penosil.com\/lt\/informacijos-centras\/mokomieji-straipsniai\/\" \/>\n<meta property=\"og:locale\" content=\"lt_LT\" \/>\n<meta property=\"og:type\" content=\"article\" \/>\n<meta property=\"og:title\" content=\"PENOSIL mokomieji straipsniai - idomi informacija visiems\" \/>\n<meta property=\"og:description\" content=\"PENOSIL mokomieji straipsniai - \u012fdomi informacija apie energij\u0105 taupan\u010dias ir aplink\u0105 tausojan\u010dias statybas, ekspert\u0173 patarimai. Daugiau!\" \/>\n<meta property=\"og:url\" content=\"https:\/\/penosil.com\/lt\/informacijos-centras\/mokomieji-straipsniai\/\" \/>\n<meta property=\"og:site_name\" content=\"Penosil Lithuania\" \/>\n<meta property=\"article:modified_time\" content=\"2021-03-08T12:15:36+00:00\" \/>\n<meta name=\"twitter:card\" content=\"summary_large_image\" \/>\n<script type=\"application\/ld+json\" class=\"yoast-schema-graph\">{\"@context\":\"https:\/\/schema.org\",\"@graph\":[{\"@type\":\"WebPage\",\"@id\":\"https:\/\/penosil.com\/lt\/informacijos-centras\/mokomieji-straipsniai\/\",\"url\":\"https:\/\/penosil.com\/lt\/informacijos-centras\/mokomieji-straipsniai\/\",\"name\":\"PENOSIL mokomieji straipsniai - idomi informacija visiems\",\"isPartOf\":{\"@id\":\"https:\/\/penosil.com\/lt\/#website\"},\"datePublished\":\"2019-12-05T07:49:44+00:00\",\"dateModified\":\"2021-03-08T12:15:36+00:00\",\"description\":\"PENOSIL mokomieji straipsniai - \u012fdomi informacija apie energij\u0105 taupan\u010dias ir aplink\u0105 tausojan\u010dias statybas, ekspert\u0173 patarimai. Daugiau!\",\"breadcrumb\":{\"@id\":\"https:\/\/penosil.com\/lt\/informacijos-centras\/mokomieji-straipsniai\/#breadcrumb\"},\"inLanguage\":\"lt-LT\",\"potentialAction\":[{\"@type\":\"ReadAction\",\"target\":[\"https:\/\/penosil.com\/lt\/informacijos-centras\/mokomieji-straipsniai\/\"]}]},{\"@type\":\"BreadcrumbList\",\"@id\":\"https:\/\/penosil.com\/lt\/informacijos-centras\/mokomieji-straipsniai\/#breadcrumb\",\"itemListElement\":[{\"@type\":\"ListItem\",\"position\":1,\"name\":\"Home\",\"item\":\"https:\/\/penosil.com\/lt\/\"},{\"@type\":\"ListItem\",\"position\":2,\"name\":\"Informacijos centras\",\"item\":\"https:\/\/penosil.com\/lt\/informacijos-centras\/\"},{\"@type\":\"ListItem\",\"position\":3,\"name\":\"Mokomieji straipsniai\"}]},{\"@type\":\"WebSite\",\"@id\":\"https:\/\/penosil.com\/lt\/#website\",\"url\":\"https:\/\/penosil.com\/lt\/\",\"name\":\"Penosil Lithuania\",\"description\":\"\",\"potentialAction\":[{\"@type\":\"SearchAction\",\"target\":{\"@type\":\"EntryPoint\",\"urlTemplate\":\"https:\/\/penosil.com\/lt\/?s={search_term_string}\"},\"query-input\":{\"@type\":\"PropertyValueSpecification\",\"valueRequired\":true,\"valueName\":\"search_term_string\"}}],\"inLanguage\":\"lt-LT\"}]}<\/script>\n<!-- \/ Yoast SEO plugin. -->","yoast_head_json":{"title":"PENOSIL mokomieji straipsniai - idomi informacija visiems","description":"PENOSIL mokomieji straipsniai - \u012fdomi informacija apie energij\u0105 taupan\u010dias ir aplink\u0105 tausojan\u010dias statybas, ekspert\u0173 patarimai. Daugiau!","robots":{"index":"index","follow":"follow","max-snippet":"max-snippet:-1","max-image-preview":"max-image-preview:large","max-video-preview":"max-video-preview:-1"},"canonical":"https:\/\/penosil.com\/lt\/informacijos-centras\/mokomieji-straipsniai\/","og_locale":"lt_LT","og_type":"article","og_title":"PENOSIL mokomieji straipsniai - idomi informacija visiems","og_description":"PENOSIL mokomieji straipsniai - \u012fdomi informacija apie energij\u0105 taupan\u010dias ir aplink\u0105 tausojan\u010dias statybas, ekspert\u0173 patarimai. Daugiau!","og_url":"https:\/\/penosil.com\/lt\/informacijos-centras\/mokomieji-straipsniai\/","og_site_name":"Penosil Lithuania","article_modified_time":"2021-03-08T12:15:36+00:00","twitter_card":"summary_large_image","schema":{"@context":"https:\/\/schema.org","@graph":[{"@type":"WebPage","@id":"https:\/\/penosil.com\/lt\/informacijos-centras\/mokomieji-straipsniai\/","url":"https:\/\/penosil.com\/lt\/informacijos-centras\/mokomieji-straipsniai\/","name":"PENOSIL mokomieji straipsniai - idomi informacija visiems","isPartOf":{"@id":"https:\/\/penosil.com\/lt\/#website"},"datePublished":"2019-12-05T07:49:44+00:00","dateModified":"2021-03-08T12:15:36+00:00","description":"PENOSIL mokomieji straipsniai - \u012fdomi informacija apie energij\u0105 taupan\u010dias ir aplink\u0105 tausojan\u010dias statybas, ekspert\u0173 patarimai. Daugiau!","breadcrumb":{"@id":"https:\/\/penosil.com\/lt\/informacijos-centras\/mokomieji-straipsniai\/#breadcrumb"},"inLanguage":"lt-LT","potentialAction":[{"@type":"ReadAction","target":["https:\/\/penosil.com\/lt\/informacijos-centras\/mokomieji-straipsniai\/"]}]},{"@type":"BreadcrumbList","@id":"https:\/\/penosil.com\/lt\/informacijos-centras\/mokomieji-straipsniai\/#breadcrumb","itemListElement":[{"@type":"ListItem","position":1,"name":"Home","item":"https:\/\/penosil.com\/lt\/"},{"@type":"ListItem","position":2,"name":"Informacijos centras","item":"https:\/\/penosil.com\/lt\/informacijos-centras\/"},{"@type":"ListItem","position":3,"name":"Mokomieji straipsniai"}]},{"@type":"WebSite","@id":"https:\/\/penosil.com\/lt\/#website","url":"https:\/\/penosil.com\/lt\/","name":"Penosil Lithuania","description":"","potentialAction":[{"@type":"SearchAction","target":{"@type":"EntryPoint","urlTemplate":"https:\/\/penosil.com\/lt\/?s={search_term_string}"},"query-input":{"@type":"PropertyValueSpecification","valueRequired":true,"valueName":"search_term_string"}}],"inLanguage":"lt-LT"}]}},"coauthors":[],"author_meta":{"author_link":"https:\/\/penosil.com\/lt\/author\/reaktiiv-pe\/","display_name":"reaktiiv-pe"},"relative_dates":{"created":"Posted 6 metai ago","modified":"Updated 5 metai ago"},"absolute_dates":{"created":"Posted on 2019 5 gruod\u017eio","modified":"Updated on 2021 8 kovo"},"absolute_dates_time":{"created":"Posted on 2019 5 gruod\u017eio 7:49","modified":"Updated on 2021 8 kovo 12:15"},"featured_img_caption":"","featured_img":false,"series_order":"","_links":{"self":[{"href":"https:\/\/penosil.com\/lt\/wp-json\/wp\/v2\/pages\/3376","targetHints":{"allow":["GET"]}}],"collection":[{"href":"https:\/\/penosil.com\/lt\/wp-json\/wp\/v2\/pages"}],"about":[{"href":"https:\/\/penosil.com\/lt\/wp-json\/wp\/v2\/types\/page"}],"author":[{"embeddable":true,"href":"https:\/\/penosil.com\/lt\/wp-json\/wp\/v2\/users\/1"}],"replies":[{"embeddable":true,"href":"https:\/\/penosil.com\/lt\/wp-json\/wp\/v2\/comments?post=3376"}],"version-history":[{"count":2,"href":"https:\/\/penosil.com\/lt\/wp-json\/wp\/v2\/pages\/3376\/revisions"}],"predecessor-version":[{"id":7517,"href":"https:\/\/penosil.com\/lt\/wp-json\/wp\/v2\/pages\/3376\/revisions\/7517"}],"up":[{"embeddable":true,"href":"https:\/\/penosil.com\/lt\/wp-json\/wp\/v2\/pages\/3549"}],"wp:attachment":[{"href":"https:\/\/penosil.com\/lt\/wp-json\/wp\/v2\/media?parent=3376"}],"curies":[{"name":"wp","href":"https:\/\/api.w.org\/{rel}","templated":true}]}}