{"id":3436,"date":"2019-10-25T12:32:22","date_gmt":"2019-10-25T12:32:22","guid":{"rendered":"https:\/\/penosil.com\/lt\/product-know-how\/"},"modified":"2026-02-05T07:27:18","modified_gmt":"2026-02-05T07:27:18","slug":"katalogai","status":"publish","type":"page","link":"https:\/\/penosil.com\/lt\/informacijos-centras\/katalogai\/","title":{"rendered":"Katalogai"},"content":{"rendered":"\n<p>Visi PENOSIL katalogai ir bukletai vienoje vietoje. Kataloguose pateikiama i\u0161sami informacija apie produktus bei sprendimus sud\u0117tingiems statyb\u0173 mazgams. <\/p>\n\n\n\n<p><\/p>\n","protected":false},"excerpt":{"rendered":"Visi PENOSIL katalogai ir bukletai vienoje vietoje. Kataloguose pateikiama i\u0161sami informacija apie produktus bei sprendimus sud\u0117tingiems statyb\u0173 mazgams.","protected":false},"author":1,"featured_media":0,"parent":3549,"menu_order":168,"comment_status":"closed","ping_status":"closed","template":"page-templates\/template-product-know-how.php","meta":{"_acf_changed":false,"advgb_blocks_editor_width":"","advgb_blocks_columns_visual_guide":"","footnotes":""},"class_list":["post-3436","page","type-page","status-publish","hentry"],"acf":[],"yoast_head":"<!-- This site is optimized with the Yoast SEO plugin v27.2 - https:\/\/yoast.com\/product\/yoast-seo-wordpress\/ -->\n<title>PENOSIL produkt\u0173 naudojimo vadovai ir katalogas<\/title>\n<meta name=\"description\" content=\"PENOSIL ekspert\u0173 \u017einios ir pagalbin\u0117 med\u017eiaga, skirta PENOSIL produktams pritaikyti sud\u0117tingesniuose strukt\u016briniuose projektuose. Daugiau!\" \/>\n<meta name=\"robots\" content=\"index, follow, max-snippet:-1, max-image-preview:large, max-video-preview:-1\" \/>\n<link rel=\"canonical\" href=\"https:\/\/penosil.com\/lt\/informacijos-centras\/katalogai\/\" \/>\n<meta property=\"og:locale\" content=\"lt_LT\" \/>\n<meta property=\"og:type\" content=\"article\" \/>\n<meta property=\"og:title\" content=\"PENOSIL produkt\u0173 naudojimo vadovai ir katalogas\" \/>\n<meta property=\"og:description\" content=\"PENOSIL ekspert\u0173 \u017einios ir pagalbin\u0117 med\u017eiaga, skirta PENOSIL produktams pritaikyti sud\u0117tingesniuose strukt\u016briniuose projektuose. Daugiau!\" \/>\n<meta property=\"og:url\" content=\"https:\/\/penosil.com\/lt\/informacijos-centras\/katalogai\/\" \/>\n<meta property=\"og:site_name\" content=\"Penosil Lithuania\" \/>\n<meta property=\"article:modified_time\" content=\"2026-02-05T07:27:18+00:00\" \/>\n<meta name=\"twitter:card\" content=\"summary_large_image\" \/>\n<script type=\"application\/ld+json\" class=\"yoast-schema-graph\">{\"@context\":\"https:\/\/schema.org\",\"@graph\":[{\"@type\":\"WebPage\",\"@id\":\"https:\/\/penosil.com\/lt\/informacijos-centras\/katalogai\/\",\"url\":\"https:\/\/penosil.com\/lt\/informacijos-centras\/katalogai\/\",\"name\":\"PENOSIL produkt\u0173 naudojimo vadovai ir katalogas\",\"isPartOf\":{\"@id\":\"https:\/\/penosil.com\/lt\/#website\"},\"datePublished\":\"2019-10-25T12:32:22+00:00\",\"dateModified\":\"2026-02-05T07:27:18+00:00\",\"description\":\"PENOSIL ekspert\u0173 \u017einios ir pagalbin\u0117 med\u017eiaga, skirta PENOSIL produktams pritaikyti sud\u0117tingesniuose strukt\u016briniuose projektuose. Daugiau!\",\"breadcrumb\":{\"@id\":\"https:\/\/penosil.com\/lt\/informacijos-centras\/katalogai\/#breadcrumb\"},\"inLanguage\":\"lt-LT\",\"potentialAction\":[{\"@type\":\"ReadAction\",\"target\":[\"https:\/\/penosil.com\/lt\/informacijos-centras\/katalogai\/\"]}]},{\"@type\":\"BreadcrumbList\",\"@id\":\"https:\/\/penosil.com\/lt\/informacijos-centras\/katalogai\/#breadcrumb\",\"itemListElement\":[{\"@type\":\"ListItem\",\"position\":1,\"name\":\"Home\",\"item\":\"https:\/\/penosil.com\/lt\/\"},{\"@type\":\"ListItem\",\"position\":2,\"name\":\"Informacijos centras\",\"item\":\"https:\/\/penosil.com\/lt\/informacijos-centras\/\"},{\"@type\":\"ListItem\",\"position\":3,\"name\":\"Katalogai\"}]},{\"@type\":\"WebSite\",\"@id\":\"https:\/\/penosil.com\/lt\/#website\",\"url\":\"https:\/\/penosil.com\/lt\/\",\"name\":\"Penosil Lithuania\",\"description\":\"\",\"potentialAction\":[{\"@type\":\"SearchAction\",\"target\":{\"@type\":\"EntryPoint\",\"urlTemplate\":\"https:\/\/penosil.com\/lt\/?s={search_term_string}\"},\"query-input\":{\"@type\":\"PropertyValueSpecification\",\"valueRequired\":true,\"valueName\":\"search_term_string\"}}],\"inLanguage\":\"lt-LT\"}]}<\/script>\n<!-- \/ Yoast SEO plugin. -->","yoast_head_json":{"title":"PENOSIL produkt\u0173 naudojimo vadovai ir katalogas","description":"PENOSIL ekspert\u0173 \u017einios ir pagalbin\u0117 med\u017eiaga, skirta PENOSIL produktams pritaikyti sud\u0117tingesniuose strukt\u016briniuose projektuose. Daugiau!","robots":{"index":"index","follow":"follow","max-snippet":"max-snippet:-1","max-image-preview":"max-image-preview:large","max-video-preview":"max-video-preview:-1"},"canonical":"https:\/\/penosil.com\/lt\/informacijos-centras\/katalogai\/","og_locale":"lt_LT","og_type":"article","og_title":"PENOSIL produkt\u0173 naudojimo vadovai ir katalogas","og_description":"PENOSIL ekspert\u0173 \u017einios ir pagalbin\u0117 med\u017eiaga, skirta PENOSIL produktams pritaikyti sud\u0117tingesniuose strukt\u016briniuose projektuose. Daugiau!","og_url":"https:\/\/penosil.com\/lt\/informacijos-centras\/katalogai\/","og_site_name":"Penosil Lithuania","article_modified_time":"2026-02-05T07:27:18+00:00","twitter_card":"summary_large_image","schema":{"@context":"https:\/\/schema.org","@graph":[{"@type":"WebPage","@id":"https:\/\/penosil.com\/lt\/informacijos-centras\/katalogai\/","url":"https:\/\/penosil.com\/lt\/informacijos-centras\/katalogai\/","name":"PENOSIL produkt\u0173 naudojimo vadovai ir katalogas","isPartOf":{"@id":"https:\/\/penosil.com\/lt\/#website"},"datePublished":"2019-10-25T12:32:22+00:00","dateModified":"2026-02-05T07:27:18+00:00","description":"PENOSIL ekspert\u0173 \u017einios ir pagalbin\u0117 med\u017eiaga, skirta PENOSIL produktams pritaikyti sud\u0117tingesniuose strukt\u016briniuose projektuose. Daugiau!","breadcrumb":{"@id":"https:\/\/penosil.com\/lt\/informacijos-centras\/katalogai\/#breadcrumb"},"inLanguage":"lt-LT","potentialAction":[{"@type":"ReadAction","target":["https:\/\/penosil.com\/lt\/informacijos-centras\/katalogai\/"]}]},{"@type":"BreadcrumbList","@id":"https:\/\/penosil.com\/lt\/informacijos-centras\/katalogai\/#breadcrumb","itemListElement":[{"@type":"ListItem","position":1,"name":"Home","item":"https:\/\/penosil.com\/lt\/"},{"@type":"ListItem","position":2,"name":"Informacijos centras","item":"https:\/\/penosil.com\/lt\/informacijos-centras\/"},{"@type":"ListItem","position":3,"name":"Katalogai"}]},{"@type":"WebSite","@id":"https:\/\/penosil.com\/lt\/#website","url":"https:\/\/penosil.com\/lt\/","name":"Penosil Lithuania","description":"","potentialAction":[{"@type":"SearchAction","target":{"@type":"EntryPoint","urlTemplate":"https:\/\/penosil.com\/lt\/?s={search_term_string}"},"query-input":{"@type":"PropertyValueSpecification","valueRequired":true,"valueName":"search_term_string"}}],"inLanguage":"lt-LT"}]}},"coauthors":[],"author_meta":{"author_link":"https:\/\/penosil.com\/lt\/author\/reaktiiv-pe\/","display_name":"reaktiiv-pe"},"relative_dates":{"created":"Posted 6 metai ago","modified":"Updated 2 m\u0117nesiai ago"},"absolute_dates":{"created":"Posted on 2019 25 spalio","modified":"Updated on 2026 5 vasario"},"absolute_dates_time":{"created":"Posted on 2019 25 spalio 12:32","modified":"Updated on 2026 5 vasario 7:27"},"featured_img_caption":"","featured_img":false,"series_order":"","_links":{"self":[{"href":"https:\/\/penosil.com\/lt\/wp-json\/wp\/v2\/pages\/3436","targetHints":{"allow":["GET"]}}],"collection":[{"href":"https:\/\/penosil.com\/lt\/wp-json\/wp\/v2\/pages"}],"about":[{"href":"https:\/\/penosil.com\/lt\/wp-json\/wp\/v2\/types\/page"}],"author":[{"embeddable":true,"href":"https:\/\/penosil.com\/lt\/wp-json\/wp\/v2\/users\/1"}],"replies":[{"embeddable":true,"href":"https:\/\/penosil.com\/lt\/wp-json\/wp\/v2\/comments?post=3436"}],"version-history":[{"count":71,"href":"https:\/\/penosil.com\/lt\/wp-json\/wp\/v2\/pages\/3436\/revisions"}],"predecessor-version":[{"id":16509,"href":"https:\/\/penosil.com\/lt\/wp-json\/wp\/v2\/pages\/3436\/revisions\/16509"}],"up":[{"embeddable":true,"href":"https:\/\/penosil.com\/lt\/wp-json\/wp\/v2\/pages\/3549"}],"wp:attachment":[{"href":"https:\/\/penosil.com\/lt\/wp-json\/wp\/v2\/media?parent=3436"}],"curies":[{"name":"wp","href":"https:\/\/api.w.org\/{rel}","templated":true}]}}