{"id":3447,"date":"2019-10-18T13:19:17","date_gmt":"2019-10-18T13:19:17","guid":{"rendered":"https:\/\/penosil.com\/lt\/architectural-drawings\/"},"modified":"2022-03-30T07:59:32","modified_gmt":"2022-03-30T07:59:32","slug":"breziniai-architektams","status":"publish","type":"page","link":"https:\/\/penosil.com\/lt\/informacijos-centras\/breziniai-architektams\/","title":{"rendered":"Br\u0117\u017einiai architektams"},"content":{"rendered":"\n<p>\u012evairi\u0173 tip\u0173 pastat\u0173 konstrukcij\u0173 br\u0117\u017einiai PDF ir DWG formatu, kad namas atitikt\u0173 A++ klas\u0117s sandarumo reikalavimus. <\/p>\n","protected":false},"excerpt":{"rendered":"\u012evairi\u0173 tip\u0173 pastat\u0173 konstrukcij\u0173 br\u0117\u017einiai PDF ir DWG formatu, kad namas atitikt\u0173 A++ klas\u0117s sandarumo reikalavimus.","protected":false},"author":1,"featured_media":0,"parent":3549,"menu_order":197,"comment_status":"closed","ping_status":"closed","template":"page-templates\/template-drawings.php","meta":{"_acf_changed":false,"advgb_blocks_editor_width":"","advgb_blocks_columns_visual_guide":"","footnotes":""},"class_list":["post-3447","page","type-page","status-publish","hentry"],"acf":[],"yoast_head":"<!-- This site is optimized with the Yoast SEO plugin v27.2 - https:\/\/yoast.com\/product\/yoast-seo-wordpress\/ -->\n<title>PENOSIL br\u0117\u017einiai architektams PDF ir DWG formatais<\/title>\n<meta name=\"description\" content=\"PENOSIL lang\u0173 sandarinimo sprendim\u0173 br\u0117\u017einiai \u012fvairaus tipo fasad\u0173 sistemose PDF ir DWG formatais. Daugiau!\" \/>\n<meta name=\"robots\" content=\"index, follow, max-snippet:-1, max-image-preview:large, max-video-preview:-1\" \/>\n<link rel=\"canonical\" href=\"https:\/\/penosil.com\/lt\/informacijos-centras\/breziniai-architektams\/\" \/>\n<meta property=\"og:locale\" content=\"lt_LT\" \/>\n<meta property=\"og:type\" content=\"article\" \/>\n<meta property=\"og:title\" content=\"PENOSIL br\u0117\u017einiai architektams PDF ir DWG formatais\" \/>\n<meta property=\"og:description\" content=\"PENOSIL lang\u0173 sandarinimo sprendim\u0173 br\u0117\u017einiai \u012fvairaus tipo fasad\u0173 sistemose PDF ir DWG formatais. Daugiau!\" \/>\n<meta property=\"og:url\" content=\"https:\/\/penosil.com\/lt\/informacijos-centras\/breziniai-architektams\/\" \/>\n<meta property=\"og:site_name\" content=\"Penosil Lithuania\" \/>\n<meta property=\"article:modified_time\" content=\"2022-03-30T07:59:32+00:00\" \/>\n<meta name=\"twitter:card\" content=\"summary_large_image\" \/>\n<script type=\"application\/ld+json\" class=\"yoast-schema-graph\">{\"@context\":\"https:\/\/schema.org\",\"@graph\":[{\"@type\":\"WebPage\",\"@id\":\"https:\/\/penosil.com\/lt\/informacijos-centras\/breziniai-architektams\/\",\"url\":\"https:\/\/penosil.com\/lt\/informacijos-centras\/breziniai-architektams\/\",\"name\":\"PENOSIL br\u0117\u017einiai architektams PDF ir DWG formatais\",\"isPartOf\":{\"@id\":\"https:\/\/penosil.com\/lt\/#website\"},\"datePublished\":\"2019-10-18T13:19:17+00:00\",\"dateModified\":\"2022-03-30T07:59:32+00:00\",\"description\":\"PENOSIL lang\u0173 sandarinimo sprendim\u0173 br\u0117\u017einiai \u012fvairaus tipo fasad\u0173 sistemose PDF ir DWG formatais. Daugiau!\",\"breadcrumb\":{\"@id\":\"https:\/\/penosil.com\/lt\/informacijos-centras\/breziniai-architektams\/#breadcrumb\"},\"inLanguage\":\"lt-LT\",\"potentialAction\":[{\"@type\":\"ReadAction\",\"target\":[\"https:\/\/penosil.com\/lt\/informacijos-centras\/breziniai-architektams\/\"]}]},{\"@type\":\"BreadcrumbList\",\"@id\":\"https:\/\/penosil.com\/lt\/informacijos-centras\/breziniai-architektams\/#breadcrumb\",\"itemListElement\":[{\"@type\":\"ListItem\",\"position\":1,\"name\":\"Home\",\"item\":\"https:\/\/penosil.com\/lt\/\"},{\"@type\":\"ListItem\",\"position\":2,\"name\":\"Informacijos centras\",\"item\":\"https:\/\/penosil.com\/lt\/informacijos-centras\/\"},{\"@type\":\"ListItem\",\"position\":3,\"name\":\"Br\u0117\u017einiai architektams\"}]},{\"@type\":\"WebSite\",\"@id\":\"https:\/\/penosil.com\/lt\/#website\",\"url\":\"https:\/\/penosil.com\/lt\/\",\"name\":\"Penosil Lithuania\",\"description\":\"\",\"potentialAction\":[{\"@type\":\"SearchAction\",\"target\":{\"@type\":\"EntryPoint\",\"urlTemplate\":\"https:\/\/penosil.com\/lt\/?s={search_term_string}\"},\"query-input\":{\"@type\":\"PropertyValueSpecification\",\"valueRequired\":true,\"valueName\":\"search_term_string\"}}],\"inLanguage\":\"lt-LT\"}]}<\/script>\n<!-- \/ Yoast SEO plugin. -->","yoast_head_json":{"title":"PENOSIL br\u0117\u017einiai architektams PDF ir DWG formatais","description":"PENOSIL lang\u0173 sandarinimo sprendim\u0173 br\u0117\u017einiai \u012fvairaus tipo fasad\u0173 sistemose PDF ir DWG formatais. Daugiau!","robots":{"index":"index","follow":"follow","max-snippet":"max-snippet:-1","max-image-preview":"max-image-preview:large","max-video-preview":"max-video-preview:-1"},"canonical":"https:\/\/penosil.com\/lt\/informacijos-centras\/breziniai-architektams\/","og_locale":"lt_LT","og_type":"article","og_title":"PENOSIL br\u0117\u017einiai architektams PDF ir DWG formatais","og_description":"PENOSIL lang\u0173 sandarinimo sprendim\u0173 br\u0117\u017einiai \u012fvairaus tipo fasad\u0173 sistemose PDF ir DWG formatais. Daugiau!","og_url":"https:\/\/penosil.com\/lt\/informacijos-centras\/breziniai-architektams\/","og_site_name":"Penosil Lithuania","article_modified_time":"2022-03-30T07:59:32+00:00","twitter_card":"summary_large_image","schema":{"@context":"https:\/\/schema.org","@graph":[{"@type":"WebPage","@id":"https:\/\/penosil.com\/lt\/informacijos-centras\/breziniai-architektams\/","url":"https:\/\/penosil.com\/lt\/informacijos-centras\/breziniai-architektams\/","name":"PENOSIL br\u0117\u017einiai architektams PDF ir DWG formatais","isPartOf":{"@id":"https:\/\/penosil.com\/lt\/#website"},"datePublished":"2019-10-18T13:19:17+00:00","dateModified":"2022-03-30T07:59:32+00:00","description":"PENOSIL lang\u0173 sandarinimo sprendim\u0173 br\u0117\u017einiai \u012fvairaus tipo fasad\u0173 sistemose PDF ir DWG formatais. Daugiau!","breadcrumb":{"@id":"https:\/\/penosil.com\/lt\/informacijos-centras\/breziniai-architektams\/#breadcrumb"},"inLanguage":"lt-LT","potentialAction":[{"@type":"ReadAction","target":["https:\/\/penosil.com\/lt\/informacijos-centras\/breziniai-architektams\/"]}]},{"@type":"BreadcrumbList","@id":"https:\/\/penosil.com\/lt\/informacijos-centras\/breziniai-architektams\/#breadcrumb","itemListElement":[{"@type":"ListItem","position":1,"name":"Home","item":"https:\/\/penosil.com\/lt\/"},{"@type":"ListItem","position":2,"name":"Informacijos centras","item":"https:\/\/penosil.com\/lt\/informacijos-centras\/"},{"@type":"ListItem","position":3,"name":"Br\u0117\u017einiai architektams"}]},{"@type":"WebSite","@id":"https:\/\/penosil.com\/lt\/#website","url":"https:\/\/penosil.com\/lt\/","name":"Penosil Lithuania","description":"","potentialAction":[{"@type":"SearchAction","target":{"@type":"EntryPoint","urlTemplate":"https:\/\/penosil.com\/lt\/?s={search_term_string}"},"query-input":{"@type":"PropertyValueSpecification","valueRequired":true,"valueName":"search_term_string"}}],"inLanguage":"lt-LT"}]}},"coauthors":[],"author_meta":{"author_link":"https:\/\/penosil.com\/lt\/author\/reaktiiv-pe\/","display_name":"reaktiiv-pe"},"relative_dates":{"created":"Posted 6 metai ago","modified":"Updated 4 metai ago"},"absolute_dates":{"created":"Posted on 2019 18 spalio","modified":"Updated on 2022 30 kovo"},"absolute_dates_time":{"created":"Posted on 2019 18 spalio 13:19","modified":"Updated on 2022 30 kovo 7:59"},"featured_img_caption":"","featured_img":false,"series_order":"","_links":{"self":[{"href":"https:\/\/penosil.com\/lt\/wp-json\/wp\/v2\/pages\/3447","targetHints":{"allow":["GET"]}}],"collection":[{"href":"https:\/\/penosil.com\/lt\/wp-json\/wp\/v2\/pages"}],"about":[{"href":"https:\/\/penosil.com\/lt\/wp-json\/wp\/v2\/types\/page"}],"author":[{"embeddable":true,"href":"https:\/\/penosil.com\/lt\/wp-json\/wp\/v2\/users\/1"}],"replies":[{"embeddable":true,"href":"https:\/\/penosil.com\/lt\/wp-json\/wp\/v2\/comments?post=3447"}],"version-history":[{"count":3,"href":"https:\/\/penosil.com\/lt\/wp-json\/wp\/v2\/pages\/3447\/revisions"}],"predecessor-version":[{"id":11228,"href":"https:\/\/penosil.com\/lt\/wp-json\/wp\/v2\/pages\/3447\/revisions\/11228"}],"up":[{"embeddable":true,"href":"https:\/\/penosil.com\/lt\/wp-json\/wp\/v2\/pages\/3549"}],"wp:attachment":[{"href":"https:\/\/penosil.com\/lt\/wp-json\/wp\/v2\/media?parent=3447"}],"curies":[{"name":"wp","href":"https:\/\/api.w.org\/{rel}","templated":true}]}}