{"id":3467,"date":"2019-08-01T13:07:26","date_gmt":"2019-08-01T13:07:26","guid":{"rendered":"https:\/\/penosil.com\/lt\/calculate-the-amount-of-foam-needed-to-install-a-window\/"},"modified":"2020-06-11T06:16:25","modified_gmt":"2020-06-11T06:16:25","slug":"sandarinimo-putu-kiekio-skaiciuokle-montuojant-langus","status":"publish","type":"page","link":"https:\/\/penosil.com\/lt\/informacijos-centras\/skaiciuokles\/sandarinimo-putu-kiekio-skaiciuokle-montuojant-langus\/","title":{"rendered":"Sandarinimo put\u0173 kiekio skai\u010diuokl\u0117 montuojant langus"},"content":{"rendered":"<div id=\"pnsl-calculator-block_5d43eba7525bd\" class=\"pnsl-calculator-block foam-amount-window-calculator\" role=\"form\" aria-label=\"Sandarinimo put\u0173 kiekio skai\u010diuokl\u0117 montuojant langus\">\n   <h2 class=\"mb24\">Sandarinimo put\u0173 kiekio skai\u010diuokl\u0117 montuojant langus<\/h2>\n   <fieldset class=\"calculator-part\">\n      <legend class=\"calculator-part-title\">\n         <h3>Lango matmenys<\/h3>\n      <\/legend>\n\n      <div class=\"calculator-part-inputs d-flex align-items-center flex-wrap\">\n\n         <div class=\"calculator-input\">\n            <label for=\"foam-window-window-width\" class=\"input-label\">Plotis<\/label>\n            <div class=\"input-field\">\n               <input type=\"number\" id=\"foam-window-window-width\" name=\"foam-window-window-width\" aria-required=\"true\">\n               <span class=\"unit\" aria-label=\"millimeters\">mm<\/span>\n            <\/div>\n         <\/div>\n\n         <div class=\"calculator-separator\" aria-hidden=\"true\">x<\/div>\n\n         <div class=\"calculator-input\">\n            <label for=\"foam-window-window-height\" class=\"input-label\">Auk\u0161tis<\/label>\n            <div class=\"input-field\">\n               <input type=\"number\" id=\"foam-window-window-height\" name=\"foam-window-window-height\" aria-required=\"true\">\n               <span class=\"unit\" aria-label=\"millimeters\">mm<\/span>\n            <\/div>\n         <\/div>\n      <\/div>\n   <\/fieldset>\n\n   <fieldset class=\"calculator-part\">\n      <legend class=\"calculator-part-title\">\n         <h3>Lango r\u0117mo matmenys<\/h3>\n      <\/legend>\n\n      <div class=\"calculator-part-inputs d-flex align-items-center flex-wrap\">\n\n         <div class=\"calculator-input\">\n            <label for=\"foam-window-window-frame-thickness\" class=\"input-label\">R\u0117mo storis<\/label>\n            <div class=\"input-field\">\n               <input type=\"number\" id=\"foam-window-window-frame-thickness\" name=\"foam-window-window-frame-thickness\" aria-required=\"true\">\n               <span class=\"unit\" aria-label=\"millimeters\">mm<\/span>\n            <\/div>\n         <\/div>\n\n         <div class=\"calculator-separator\" aria-hidden=\"true\">x<\/div>\n\n         <div class=\"calculator-input\">\n            <label for=\"foam-window-joint-size\" class=\"input-label\">Jungties dydis<\/label>\n            <div class=\"input-field\">\n               <input type=\"number\" id=\"foam-window-joint-size\" name=\"foam-window-joint-size\" aria-required=\"true\">\n               <span class=\"unit\" aria-label=\"millimeters\">mm<\/span>\n            <\/div>\n         <\/div>\n\n      <\/div>\n   <\/fieldset>\n\n   <fieldset class=\"calculator-part\">\n      <legend class=\"calculator-part-title\">\n         <h3>Lang\u0173 kiekis<\/h3>\n      <\/legend>\n\n      <div class=\"calculator-part-inputs d-flex align-items-center flex-wrap\">\n\n         <div class=\"calculator-input\">\n            <label for=\"foam-window-window-count\" class=\"input-label\">Number of windows<\/label>\n            <div class=\"input-field\">\n               <input type=\"number\" id=\"foam-window-window-count\" name=\"foam-window-window-count\" aria-required=\"true\">\n               <span class=\"unit\" aria-label=\"pieces\">vnt.<\/span>\n            <\/div>\n         <\/div>\n\n      <\/div>\n   <\/fieldset>\n\n   <div class=\"calculator-output\" role=\"region\" aria-live=\"polite\" aria-label=\"Calculation results\">\n      <h3 class=\"sr-only\">Results<\/h3>\n      <div class=\"output-block output-full d-flex flex-wrap\">\n         <div class=\"output-title w100\">\n            <span>Reikalingas balion\u0117li\u0173 kiekis, kai balion\u0117lio u\u017epildymas 750 ml<\/span>\n         <\/div>\n         <div class=\"output-result w100\" id=\"foam-window-balloons-count-750\" aria-label=\"Number of 750ml cans needed\">\n            0\n         <\/div>\n      <\/div>\n      <div class=\"output-block output-full d-flex flex-wrap\">\n         <div class=\"output-title w100\">\n            <span>Reikalingas balion\u0117li\u0173 kiekis, kai balion\u0117lio u\u017epildymas 830-870 ml<\/span>\n         <\/div>\n         <div class=\"output-result w100\" id=\"foam-window-balloons-count-870\" aria-label=\"Number of 830-870ml cans needed\">\n            0\n         <\/div>\n      <\/div>\n   <\/div>\n<\/div>","protected":false},"excerpt":{"rendered":"","protected":false},"author":1,"featured_media":0,"parent":3499,"menu_order":458,"comment_status":"closed","ping_status":"closed","template":"page-templates\/template-calculators.php","meta":{"_acf_changed":false,"advgb_blocks_editor_width":"","advgb_blocks_columns_visual_guide":"","footnotes":""},"class_list":["post-3467","page","type-page","status-publish","hentry"],"acf":[],"yoast_head":"<!-- This site is optimized with the Yoast SEO plugin v27.2 - https:\/\/yoast.com\/product\/yoast-seo-wordpress\/ -->\n<title>PENOSIL sandarinimo put\u0173 kiekio skai\u010diuokl\u0117 montuojant langus<\/title>\n<meta name=\"description\" content=\"Penosil sandarinimo put\u0173 kiekio skai\u010diuokl\u0117 montuojant langus. Nurodant lango jungties, lango r\u0117m\u0173 i\u0161matavimus ir kiekius. Skai\u010diuoti!\" \/>\n<meta name=\"robots\" content=\"index, follow, max-snippet:-1, max-image-preview:large, max-video-preview:-1\" \/>\n<link rel=\"canonical\" href=\"https:\/\/penosil.com\/lt\/informacijos-centras\/skaiciuokles\/sandarinimo-putu-kiekio-skaiciuokle-montuojant-langus\/\" \/>\n<meta property=\"og:locale\" content=\"lt_LT\" \/>\n<meta property=\"og:type\" content=\"article\" \/>\n<meta property=\"og:title\" content=\"PENOSIL sandarinimo put\u0173 kiekio skai\u010diuokl\u0117 montuojant langus\" \/>\n<meta property=\"og:description\" content=\"Penosil sandarinimo put\u0173 kiekio skai\u010diuokl\u0117 montuojant langus. Nurodant lango jungties, lango r\u0117m\u0173 i\u0161matavimus ir kiekius. Skai\u010diuoti!\" \/>\n<meta property=\"og:url\" content=\"https:\/\/penosil.com\/lt\/informacijos-centras\/skaiciuokles\/sandarinimo-putu-kiekio-skaiciuokle-montuojant-langus\/\" \/>\n<meta property=\"og:site_name\" content=\"Penosil Lithuania\" \/>\n<meta property=\"article:modified_time\" content=\"2020-06-11T06:16:25+00:00\" \/>\n<meta name=\"twitter:card\" content=\"summary_large_image\" \/>\n<script type=\"application\/ld+json\" class=\"yoast-schema-graph\">{\"@context\":\"https:\/\/schema.org\",\"@graph\":[{\"@type\":\"WebPage\",\"@id\":\"https:\/\/penosil.com\/lt\/informacijos-centras\/skaiciuokles\/sandarinimo-putu-kiekio-skaiciuokle-montuojant-langus\/\",\"url\":\"https:\/\/penosil.com\/lt\/informacijos-centras\/skaiciuokles\/sandarinimo-putu-kiekio-skaiciuokle-montuojant-langus\/\",\"name\":\"PENOSIL sandarinimo put\u0173 kiekio skai\u010diuokl\u0117 montuojant langus\",\"isPartOf\":{\"@id\":\"https:\/\/penosil.com\/lt\/#website\"},\"datePublished\":\"2019-08-01T13:07:26+00:00\",\"dateModified\":\"2020-06-11T06:16:25+00:00\",\"description\":\"Penosil sandarinimo put\u0173 kiekio skai\u010diuokl\u0117 montuojant langus. Nurodant lango jungties, lango r\u0117m\u0173 i\u0161matavimus ir kiekius. Skai\u010diuoti!\",\"breadcrumb\":{\"@id\":\"https:\/\/penosil.com\/lt\/informacijos-centras\/skaiciuokles\/sandarinimo-putu-kiekio-skaiciuokle-montuojant-langus\/#breadcrumb\"},\"inLanguage\":\"lt-LT\",\"potentialAction\":[{\"@type\":\"ReadAction\",\"target\":[\"https:\/\/penosil.com\/lt\/informacijos-centras\/skaiciuokles\/sandarinimo-putu-kiekio-skaiciuokle-montuojant-langus\/\"]}]},{\"@type\":\"BreadcrumbList\",\"@id\":\"https:\/\/penosil.com\/lt\/informacijos-centras\/skaiciuokles\/sandarinimo-putu-kiekio-skaiciuokle-montuojant-langus\/#breadcrumb\",\"itemListElement\":[{\"@type\":\"ListItem\",\"position\":1,\"name\":\"Home\",\"item\":\"https:\/\/penosil.com\/lt\/\"},{\"@type\":\"ListItem\",\"position\":2,\"name\":\"Informacijos centras\",\"item\":\"https:\/\/penosil.com\/lt\/informacijos-centras\/\"},{\"@type\":\"ListItem\",\"position\":3,\"name\":\"Skai\u010diuokl\u0117s\",\"item\":\"https:\/\/penosil.com\/lt\/informacijos-centras\/skaiciuokles\/\"},{\"@type\":\"ListItem\",\"position\":4,\"name\":\"Sandarinimo put\u0173 kiekio skai\u010diuokl\u0117 montuojant langus\"}]},{\"@type\":\"WebSite\",\"@id\":\"https:\/\/penosil.com\/lt\/#website\",\"url\":\"https:\/\/penosil.com\/lt\/\",\"name\":\"Penosil Lithuania\",\"description\":\"\",\"potentialAction\":[{\"@type\":\"SearchAction\",\"target\":{\"@type\":\"EntryPoint\",\"urlTemplate\":\"https:\/\/penosil.com\/lt\/?s={search_term_string}\"},\"query-input\":{\"@type\":\"PropertyValueSpecification\",\"valueRequired\":true,\"valueName\":\"search_term_string\"}}],\"inLanguage\":\"lt-LT\"}]}<\/script>\n<!-- \/ Yoast SEO plugin. -->","yoast_head_json":{"title":"PENOSIL sandarinimo put\u0173 kiekio skai\u010diuokl\u0117 montuojant langus","description":"Penosil sandarinimo put\u0173 kiekio skai\u010diuokl\u0117 montuojant langus. Nurodant lango jungties, lango r\u0117m\u0173 i\u0161matavimus ir kiekius. Skai\u010diuoti!","robots":{"index":"index","follow":"follow","max-snippet":"max-snippet:-1","max-image-preview":"max-image-preview:large","max-video-preview":"max-video-preview:-1"},"canonical":"https:\/\/penosil.com\/lt\/informacijos-centras\/skaiciuokles\/sandarinimo-putu-kiekio-skaiciuokle-montuojant-langus\/","og_locale":"lt_LT","og_type":"article","og_title":"PENOSIL sandarinimo put\u0173 kiekio skai\u010diuokl\u0117 montuojant langus","og_description":"Penosil sandarinimo put\u0173 kiekio skai\u010diuokl\u0117 montuojant langus. Nurodant lango jungties, lango r\u0117m\u0173 i\u0161matavimus ir kiekius. Skai\u010diuoti!","og_url":"https:\/\/penosil.com\/lt\/informacijos-centras\/skaiciuokles\/sandarinimo-putu-kiekio-skaiciuokle-montuojant-langus\/","og_site_name":"Penosil Lithuania","article_modified_time":"2020-06-11T06:16:25+00:00","twitter_card":"summary_large_image","schema":{"@context":"https:\/\/schema.org","@graph":[{"@type":"WebPage","@id":"https:\/\/penosil.com\/lt\/informacijos-centras\/skaiciuokles\/sandarinimo-putu-kiekio-skaiciuokle-montuojant-langus\/","url":"https:\/\/penosil.com\/lt\/informacijos-centras\/skaiciuokles\/sandarinimo-putu-kiekio-skaiciuokle-montuojant-langus\/","name":"PENOSIL sandarinimo put\u0173 kiekio skai\u010diuokl\u0117 montuojant langus","isPartOf":{"@id":"https:\/\/penosil.com\/lt\/#website"},"datePublished":"2019-08-01T13:07:26+00:00","dateModified":"2020-06-11T06:16:25+00:00","description":"Penosil sandarinimo put\u0173 kiekio skai\u010diuokl\u0117 montuojant langus. Nurodant lango jungties, lango r\u0117m\u0173 i\u0161matavimus ir kiekius. Skai\u010diuoti!","breadcrumb":{"@id":"https:\/\/penosil.com\/lt\/informacijos-centras\/skaiciuokles\/sandarinimo-putu-kiekio-skaiciuokle-montuojant-langus\/#breadcrumb"},"inLanguage":"lt-LT","potentialAction":[{"@type":"ReadAction","target":["https:\/\/penosil.com\/lt\/informacijos-centras\/skaiciuokles\/sandarinimo-putu-kiekio-skaiciuokle-montuojant-langus\/"]}]},{"@type":"BreadcrumbList","@id":"https:\/\/penosil.com\/lt\/informacijos-centras\/skaiciuokles\/sandarinimo-putu-kiekio-skaiciuokle-montuojant-langus\/#breadcrumb","itemListElement":[{"@type":"ListItem","position":1,"name":"Home","item":"https:\/\/penosil.com\/lt\/"},{"@type":"ListItem","position":2,"name":"Informacijos centras","item":"https:\/\/penosil.com\/lt\/informacijos-centras\/"},{"@type":"ListItem","position":3,"name":"Skai\u010diuokl\u0117s","item":"https:\/\/penosil.com\/lt\/informacijos-centras\/skaiciuokles\/"},{"@type":"ListItem","position":4,"name":"Sandarinimo put\u0173 kiekio skai\u010diuokl\u0117 montuojant langus"}]},{"@type":"WebSite","@id":"https:\/\/penosil.com\/lt\/#website","url":"https:\/\/penosil.com\/lt\/","name":"Penosil Lithuania","description":"","potentialAction":[{"@type":"SearchAction","target":{"@type":"EntryPoint","urlTemplate":"https:\/\/penosil.com\/lt\/?s={search_term_string}"},"query-input":{"@type":"PropertyValueSpecification","valueRequired":true,"valueName":"search_term_string"}}],"inLanguage":"lt-LT"}]}},"coauthors":[],"author_meta":{"author_link":"https:\/\/penosil.com\/lt\/author\/reaktiiv-pe\/","display_name":"reaktiiv-pe"},"relative_dates":{"created":"Posted 7 metai ago","modified":"Updated 6 metai ago"},"absolute_dates":{"created":"Posted on 2019 1 rugpj\u016b\u010dio","modified":"Updated on 2020 11 bir\u017eelio"},"absolute_dates_time":{"created":"Posted on 2019 1 rugpj\u016b\u010dio 13:07","modified":"Updated on 2020 11 bir\u017eelio 6:16"},"featured_img_caption":"","featured_img":false,"series_order":"","_links":{"self":[{"href":"https:\/\/penosil.com\/lt\/wp-json\/wp\/v2\/pages\/3467","targetHints":{"allow":["GET"]}}],"collection":[{"href":"https:\/\/penosil.com\/lt\/wp-json\/wp\/v2\/pages"}],"about":[{"href":"https:\/\/penosil.com\/lt\/wp-json\/wp\/v2\/types\/page"}],"author":[{"embeddable":true,"href":"https:\/\/penosil.com\/lt\/wp-json\/wp\/v2\/users\/1"}],"replies":[{"embeddable":true,"href":"https:\/\/penosil.com\/lt\/wp-json\/wp\/v2\/comments?post=3467"}],"version-history":[{"count":1,"href":"https:\/\/penosil.com\/lt\/wp-json\/wp\/v2\/pages\/3467\/revisions"}],"predecessor-version":[{"id":7558,"href":"https:\/\/penosil.com\/lt\/wp-json\/wp\/v2\/pages\/3467\/revisions\/7558"}],"up":[{"embeddable":true,"href":"https:\/\/penosil.com\/lt\/wp-json\/wp\/v2\/pages\/3499"}],"wp:attachment":[{"href":"https:\/\/penosil.com\/lt\/wp-json\/wp\/v2\/media?parent=3467"}],"curies":[{"name":"wp","href":"https:\/\/api.w.org\/{rel}","templated":true}]}}