{"id":3485,"date":"2019-08-01T13:04:38","date_gmt":"2019-08-01T13:04:38","guid":{"rendered":"https:\/\/penosil.com\/lt\/stone-adhesive-consumption-calculator\/"},"modified":"2020-06-11T06:06:54","modified_gmt":"2020-06-11T06:06:54","slug":"blokeliu-kliju-sanaudu-skaiciuokle","status":"publish","type":"page","link":"https:\/\/penosil.com\/lt\/informacijos-centras\/skaiciuokles\/blokeliu-kliju-sanaudu-skaiciuokle\/","title":{"rendered":"Blokeli\u0173 klij\u0173 s\u0105naud\u0173 skai\u010diuokl\u0117"},"content":{"rendered":"<div id=\"pnsl-calculator-block_5d42ef2d5760b\" class=\"pnsl-calculator-block stone-adhesive-calculator\" role=\"form\" aria-label=\"Blokeli\u0173 klij\u0173 s\u0105naud\u0173 skai\u010diuokl\u0117\">\n   <h2 class=\"mb24\">Blokeli\u0173 klij\u0173 s\u0105naud\u0173 skai\u010diuokl\u0117<\/h2>\n   <fieldset class=\"calculator-part\">\n      <legend class=\"calculator-part-title\">\n         <h3>Blokelio matmenys<\/h3>\n      <\/legend>\n\n      <div class=\"calculator-part-inputs d-flex align-items-center flex-wrap\">\n\n         <div class=\"calculator-input\">\n            <label for=\"stone-consumption-brick-thickness\" class=\"input-label\">Plotis<\/label>\n            <div class=\"input-field\">\n               <input type=\"number\" id=\"stone-consumption-brick-thickness\" name=\"stone-consumption-brick-thickness\" aria-required=\"true\">\n               <span class=\"unit\" aria-label=\"millimeters\">mm<\/span>\n            <\/div>\n         <\/div>\n\n         <div class=\"calculator-separator\" aria-hidden=\"true\">x<\/div>\n\n         <div class=\"calculator-input\">\n            <label for=\"stone-consumption-brick-length\" class=\"input-label\">Ilgis<\/label>\n            <div class=\"input-field\">\n               <input type=\"number\" id=\"stone-consumption-brick-length\" name=\"stone-consumption-brick-length\" aria-required=\"true\">\n               <span class=\"unit\" aria-label=\"millimeters\">mm<\/span>\n            <\/div>\n         <\/div>\n\n         <div class=\"calculator-separator\" aria-hidden=\"true\">x<\/div>\n\n         <div class=\"calculator-input\">\n            <label for=\"stone-consumption-brick-height\" class=\"input-label\">Auk\u0161tis<\/label>\n            <div class=\"input-field\">\n               <input type=\"number\" id=\"stone-consumption-brick-height\" name=\"stone-consumption-brick-height\" aria-required=\"true\">\n               <span class=\"unit\" aria-label=\"millimeters\">mm<\/span>\n            <\/div>\n         <\/div>\n      <\/div>\n   <\/fieldset>\n\n   <fieldset class=\"calculator-part\">\n      <legend class=\"calculator-part-title\">\n         <h3>Sienos matmenys<\/h3>\n      <\/legend>\n\n      <div class=\"calculator-part-inputs d-flex align-items-center flex-wrap\">\n\n         <div class=\"calculator-input\">\n            <label for=\"stone-consumption-wall-height\" class=\"input-label\">Auk\u0161tis<\/label>\n            <div class=\"input-field\">\n               <input type=\"number\" id=\"stone-consumption-wall-height\" name=\"stone-consumption-wall-height\" onchange=\"this.value = this.value.replace(\/,\/g, '.')\" aria-required=\"true\">\n               <span class=\"unit\" aria-label=\"meters\">m<\/span>\n            <\/div>\n         <\/div>\n\n         <div class=\"calculator-separator\" aria-hidden=\"true\">x<\/div>\n\n         <div class=\"calculator-input\">\n            <label for=\"stone-consumption-wall-width\" class=\"input-label\">Plotis<\/label>\n            <div class=\"input-field\">\n               <input type=\"number\" id=\"stone-consumption-wall-width\" name=\"stone-consumption-wall-width\" onchange=\"this.value = this.value.replace(\/,\/g, '.')\" aria-required=\"true\">\n               <span class=\"unit\" aria-label=\"meters\">m<\/span>\n            <\/div>\n         <\/div>\n\n      <\/div>\n   <\/fieldset>\n\n   <div class=\"calculator-output\" role=\"region\" aria-live=\"polite\" aria-label=\"Calculation results\">\n      <h3 class=\"sr-only\">Results<\/h3>\n      <div class=\"output-block output-side d-flex flex-wrap\">\n         <div class=\"output-title w100\">\n            <span>Reikalingas blokeli\u0173 kiekis<\/span>\n         <\/div>\n         <div class=\"output-result w100\" id=\"stone-consumption-nr-blocks\" aria-label=\"Number of blocks needed\">\n            0\n         <\/div>\n      <\/div>\n\n      <div class=\"output-block output-side d-flex flex-wrap\">\n         <div class=\"output-title w100\">\n            <span>Reikalingas balion\u0117li\u0173 kiekis<\/span>\n         <\/div>\n         <div class=\"output-result w100\" id=\"stone-consumption-nr-cans\" aria-label=\"Number of cans needed\">\n            0\n         <\/div>\n      <\/div>\n   <\/div>\n<\/div>","protected":false},"excerpt":{"rendered":"","protected":false},"author":1,"featured_media":0,"parent":3499,"menu_order":217,"comment_status":"closed","ping_status":"closed","template":"page-templates\/template-calculators.php","meta":{"_acf_changed":false,"advgb_blocks_editor_width":"","advgb_blocks_columns_visual_guide":"","footnotes":""},"class_list":["post-3485","page","type-page","status-publish","hentry"],"acf":[],"yoast_head":"<!-- This site is optimized with the Yoast SEO plugin v27.2 - https:\/\/yoast.com\/product\/yoast-seo-wordpress\/ -->\n<title>PENOSIL blokeli\u0173 klij\u0173 s\u0105naud\u0173 skai\u010diuokl\u0117<\/title>\n<meta name=\"description\" content=\"PENOSIL blokeli\u0173 klij\u0173 s\u0105naud\u0173 skai\u010diuokl\u0117. Suved\u0119 blokelio ir sienos matmenis apskai\u010diuokite kiek reik\u0117s blokeli\u0173 klij\u0173. Skai\u010diuoti!\" \/>\n<meta name=\"robots\" content=\"index, follow, max-snippet:-1, max-image-preview:large, max-video-preview:-1\" \/>\n<link rel=\"canonical\" href=\"https:\/\/penosil.com\/lt\/informacijos-centras\/skaiciuokles\/blokeliu-kliju-sanaudu-skaiciuokle\/\" \/>\n<meta property=\"og:locale\" content=\"lt_LT\" \/>\n<meta property=\"og:type\" content=\"article\" \/>\n<meta property=\"og:title\" content=\"PENOSIL blokeli\u0173 klij\u0173 s\u0105naud\u0173 skai\u010diuokl\u0117\" \/>\n<meta property=\"og:description\" content=\"PENOSIL blokeli\u0173 klij\u0173 s\u0105naud\u0173 skai\u010diuokl\u0117. Suved\u0119 blokelio ir sienos matmenis apskai\u010diuokite kiek reik\u0117s blokeli\u0173 klij\u0173. Skai\u010diuoti!\" \/>\n<meta property=\"og:url\" content=\"https:\/\/penosil.com\/lt\/informacijos-centras\/skaiciuokles\/blokeliu-kliju-sanaudu-skaiciuokle\/\" \/>\n<meta property=\"og:site_name\" content=\"Penosil Lithuania\" \/>\n<meta property=\"article:modified_time\" content=\"2020-06-11T06:06:54+00:00\" \/>\n<meta name=\"twitter:card\" content=\"summary_large_image\" \/>\n<script type=\"application\/ld+json\" class=\"yoast-schema-graph\">{\"@context\":\"https:\/\/schema.org\",\"@graph\":[{\"@type\":\"WebPage\",\"@id\":\"https:\/\/penosil.com\/lt\/informacijos-centras\/skaiciuokles\/blokeliu-kliju-sanaudu-skaiciuokle\/\",\"url\":\"https:\/\/penosil.com\/lt\/informacijos-centras\/skaiciuokles\/blokeliu-kliju-sanaudu-skaiciuokle\/\",\"name\":\"PENOSIL blokeli\u0173 klij\u0173 s\u0105naud\u0173 skai\u010diuokl\u0117\",\"isPartOf\":{\"@id\":\"https:\/\/penosil.com\/lt\/#website\"},\"datePublished\":\"2019-08-01T13:04:38+00:00\",\"dateModified\":\"2020-06-11T06:06:54+00:00\",\"description\":\"PENOSIL blokeli\u0173 klij\u0173 s\u0105naud\u0173 skai\u010diuokl\u0117. Suved\u0119 blokelio ir sienos matmenis apskai\u010diuokite kiek reik\u0117s blokeli\u0173 klij\u0173. Skai\u010diuoti!\",\"breadcrumb\":{\"@id\":\"https:\/\/penosil.com\/lt\/informacijos-centras\/skaiciuokles\/blokeliu-kliju-sanaudu-skaiciuokle\/#breadcrumb\"},\"inLanguage\":\"lt-LT\",\"potentialAction\":[{\"@type\":\"ReadAction\",\"target\":[\"https:\/\/penosil.com\/lt\/informacijos-centras\/skaiciuokles\/blokeliu-kliju-sanaudu-skaiciuokle\/\"]}]},{\"@type\":\"BreadcrumbList\",\"@id\":\"https:\/\/penosil.com\/lt\/informacijos-centras\/skaiciuokles\/blokeliu-kliju-sanaudu-skaiciuokle\/#breadcrumb\",\"itemListElement\":[{\"@type\":\"ListItem\",\"position\":1,\"name\":\"Home\",\"item\":\"https:\/\/penosil.com\/lt\/\"},{\"@type\":\"ListItem\",\"position\":2,\"name\":\"Informacijos centras\",\"item\":\"https:\/\/penosil.com\/lt\/informacijos-centras\/\"},{\"@type\":\"ListItem\",\"position\":3,\"name\":\"Skai\u010diuokl\u0117s\",\"item\":\"https:\/\/penosil.com\/lt\/informacijos-centras\/skaiciuokles\/\"},{\"@type\":\"ListItem\",\"position\":4,\"name\":\"Blokeli\u0173 klij\u0173 s\u0105naud\u0173 skai\u010diuokl\u0117\"}]},{\"@type\":\"WebSite\",\"@id\":\"https:\/\/penosil.com\/lt\/#website\",\"url\":\"https:\/\/penosil.com\/lt\/\",\"name\":\"Penosil Lithuania\",\"description\":\"\",\"potentialAction\":[{\"@type\":\"SearchAction\",\"target\":{\"@type\":\"EntryPoint\",\"urlTemplate\":\"https:\/\/penosil.com\/lt\/?s={search_term_string}\"},\"query-input\":{\"@type\":\"PropertyValueSpecification\",\"valueRequired\":true,\"valueName\":\"search_term_string\"}}],\"inLanguage\":\"lt-LT\"}]}<\/script>\n<!-- \/ Yoast SEO plugin. -->","yoast_head_json":{"title":"PENOSIL blokeli\u0173 klij\u0173 s\u0105naud\u0173 skai\u010diuokl\u0117","description":"PENOSIL blokeli\u0173 klij\u0173 s\u0105naud\u0173 skai\u010diuokl\u0117. Suved\u0119 blokelio ir sienos matmenis apskai\u010diuokite kiek reik\u0117s blokeli\u0173 klij\u0173. Skai\u010diuoti!","robots":{"index":"index","follow":"follow","max-snippet":"max-snippet:-1","max-image-preview":"max-image-preview:large","max-video-preview":"max-video-preview:-1"},"canonical":"https:\/\/penosil.com\/lt\/informacijos-centras\/skaiciuokles\/blokeliu-kliju-sanaudu-skaiciuokle\/","og_locale":"lt_LT","og_type":"article","og_title":"PENOSIL blokeli\u0173 klij\u0173 s\u0105naud\u0173 skai\u010diuokl\u0117","og_description":"PENOSIL blokeli\u0173 klij\u0173 s\u0105naud\u0173 skai\u010diuokl\u0117. Suved\u0119 blokelio ir sienos matmenis apskai\u010diuokite kiek reik\u0117s blokeli\u0173 klij\u0173. Skai\u010diuoti!","og_url":"https:\/\/penosil.com\/lt\/informacijos-centras\/skaiciuokles\/blokeliu-kliju-sanaudu-skaiciuokle\/","og_site_name":"Penosil Lithuania","article_modified_time":"2020-06-11T06:06:54+00:00","twitter_card":"summary_large_image","schema":{"@context":"https:\/\/schema.org","@graph":[{"@type":"WebPage","@id":"https:\/\/penosil.com\/lt\/informacijos-centras\/skaiciuokles\/blokeliu-kliju-sanaudu-skaiciuokle\/","url":"https:\/\/penosil.com\/lt\/informacijos-centras\/skaiciuokles\/blokeliu-kliju-sanaudu-skaiciuokle\/","name":"PENOSIL blokeli\u0173 klij\u0173 s\u0105naud\u0173 skai\u010diuokl\u0117","isPartOf":{"@id":"https:\/\/penosil.com\/lt\/#website"},"datePublished":"2019-08-01T13:04:38+00:00","dateModified":"2020-06-11T06:06:54+00:00","description":"PENOSIL blokeli\u0173 klij\u0173 s\u0105naud\u0173 skai\u010diuokl\u0117. Suved\u0119 blokelio ir sienos matmenis apskai\u010diuokite kiek reik\u0117s blokeli\u0173 klij\u0173. Skai\u010diuoti!","breadcrumb":{"@id":"https:\/\/penosil.com\/lt\/informacijos-centras\/skaiciuokles\/blokeliu-kliju-sanaudu-skaiciuokle\/#breadcrumb"},"inLanguage":"lt-LT","potentialAction":[{"@type":"ReadAction","target":["https:\/\/penosil.com\/lt\/informacijos-centras\/skaiciuokles\/blokeliu-kliju-sanaudu-skaiciuokle\/"]}]},{"@type":"BreadcrumbList","@id":"https:\/\/penosil.com\/lt\/informacijos-centras\/skaiciuokles\/blokeliu-kliju-sanaudu-skaiciuokle\/#breadcrumb","itemListElement":[{"@type":"ListItem","position":1,"name":"Home","item":"https:\/\/penosil.com\/lt\/"},{"@type":"ListItem","position":2,"name":"Informacijos centras","item":"https:\/\/penosil.com\/lt\/informacijos-centras\/"},{"@type":"ListItem","position":3,"name":"Skai\u010diuokl\u0117s","item":"https:\/\/penosil.com\/lt\/informacijos-centras\/skaiciuokles\/"},{"@type":"ListItem","position":4,"name":"Blokeli\u0173 klij\u0173 s\u0105naud\u0173 skai\u010diuokl\u0117"}]},{"@type":"WebSite","@id":"https:\/\/penosil.com\/lt\/#website","url":"https:\/\/penosil.com\/lt\/","name":"Penosil Lithuania","description":"","potentialAction":[{"@type":"SearchAction","target":{"@type":"EntryPoint","urlTemplate":"https:\/\/penosil.com\/lt\/?s={search_term_string}"},"query-input":{"@type":"PropertyValueSpecification","valueRequired":true,"valueName":"search_term_string"}}],"inLanguage":"lt-LT"}]}},"coauthors":[],"author_meta":{"author_link":"https:\/\/penosil.com\/lt\/author\/reaktiiv-pe\/","display_name":"reaktiiv-pe"},"relative_dates":{"created":"Posted 7 metai ago","modified":"Updated 6 metai ago"},"absolute_dates":{"created":"Posted on 2019 1 rugpj\u016b\u010dio","modified":"Updated on 2020 11 bir\u017eelio"},"absolute_dates_time":{"created":"Posted on 2019 1 rugpj\u016b\u010dio 13:04","modified":"Updated on 2020 11 bir\u017eelio 6:06"},"featured_img_caption":"","featured_img":false,"series_order":"","_links":{"self":[{"href":"https:\/\/penosil.com\/lt\/wp-json\/wp\/v2\/pages\/3485","targetHints":{"allow":["GET"]}}],"collection":[{"href":"https:\/\/penosil.com\/lt\/wp-json\/wp\/v2\/pages"}],"about":[{"href":"https:\/\/penosil.com\/lt\/wp-json\/wp\/v2\/types\/page"}],"author":[{"embeddable":true,"href":"https:\/\/penosil.com\/lt\/wp-json\/wp\/v2\/users\/1"}],"replies":[{"embeddable":true,"href":"https:\/\/penosil.com\/lt\/wp-json\/wp\/v2\/comments?post=3485"}],"version-history":[{"count":2,"href":"https:\/\/penosil.com\/lt\/wp-json\/wp\/v2\/pages\/3485\/revisions"}],"predecessor-version":[{"id":7555,"href":"https:\/\/penosil.com\/lt\/wp-json\/wp\/v2\/pages\/3485\/revisions\/7555"}],"up":[{"embeddable":true,"href":"https:\/\/penosil.com\/lt\/wp-json\/wp\/v2\/pages\/3499"}],"wp:attachment":[{"href":"https:\/\/penosil.com\/lt\/wp-json\/wp\/v2\/media?parent=3485"}],"curies":[{"name":"wp","href":"https:\/\/api.w.org\/{rel}","templated":true}]}}