{"id":3545,"date":"2019-07-24T13:17:19","date_gmt":"2019-07-24T13:17:19","guid":{"rendered":"https:\/\/penosil.com\/lt\/about-us\/"},"modified":"2026-03-25T08:35:16","modified_gmt":"2026-03-25T08:35:16","slug":"apie-mus","status":"publish","type":"page","link":"https:\/\/penosil.com\/lt\/apie-mus\/","title":{"rendered":"Apie mus"},"content":{"rendered":"\n<div class=\"wp-block-columns has-2-columns is-layout-flex wp-container-core-columns-is-layout-9d6595d7 wp-block-columns-is-layout-flex\">\n<div class=\"wp-block-column is-layout-flow wp-block-column-is-layout-flow\">\n<p>\u0160iauriniuose Europos kra\u0161tuose, kur gim\u0117 PENOSIL, did\u017ei\u0105j\u0105 met\u0173 dal\u012f ore tvyro \u0161altukas. Gentys, kurios pirm\u0105 kart\u0105 nu\u0117jo taip toli prie\u0161 visus t\u016bkstan\u010dius met\u0173, \u0161al\u010dio s\u0105lygas vertino kaip i\u0161\u0161\u016bk\u012f, kur\u012f reikia priimti ir d\u017eiaugtis. Ir teisingai \u2013 jei patalpose \u0161ilta, ko nemyl\u0117ti? \u017diema \u2013 nuostabaus gro\u017eio metas. B\u0117gant am\u017eiams pradin\u0117s pastog\u0117s virto samanomis i\u0161klotais r\u0105stiniais namais, o i\u0161 j\u0173 buvo kuriami vis sud\u0117tingesni b\u016bdai, kaip i\u0161laikyti \u017eiemos \u0161ilum\u0105 ir vasaros kar\u0161t\u012f. Kai pagalvoji, logi\u0161ka, kad PENOSIL atsirado tokiomis s\u0105lygomis.<\/p>\n\n\n\n<p>Komandos dirbo su geriausiomis technologijomis kurdamos pasaulinio lygio produktus jung\u010di\u0173 sandarinimui, kurie \u0161ildyt\u0173 snieguotose Sibiro dykyn\u0117se ir atv\u0117sint\u0173 po svilinan\u010dia Brazilijos saule.<\/p>\n\n\n\n<p>PENOSIL yra kiekvienuose namuose bet kuriame \u017eemyne. \u0160imtme\u010dius truk\u0119s apsisaugojimas nuo stichij\u0173 padar\u0117 mus visame pasaulyje pripa\u017eintais savo srities pionieriais: visada esame vienu \u017eingsniu priekyje vis\u0173 kit\u0173, nes tai yra m\u016bs\u0173 kraujyje.<\/p>\n<\/div>\n\n\n\n<div class=\"wp-block-column is-layout-flow wp-block-column-is-layout-flow\">\n<p>Energijos vartojimo efektyvumas ir ekologi\u0161kas m\u0105stymas tapo neatsiejama m\u016bs\u0173 gyvenimo dalimi. PENOSIL produktai yra vienas ma\u017eas ir labai efektyvus \u017eingsnis juos naudojan\u010diam vyrui ar moteriai, ta\u010diau vienas mil\u017eini\u0161kas, energij\u0105 taupantis \u0161uolis \u017emonijai. Jais pasitiki pasaulinio masto megaprojekt\u0173 k\u016br\u0117jai, kaip ir individuali\u0173 nam\u0173 savininkai statybos ir renovacijos srityse. M\u016bs\u0173 produktai yra pirmasis pasirinkimas daugiau nei 40 \u0161alyse, kuriose yra keliami grie\u017eti reikalavimai savo statybininkams, kuriuose atsisakoma daryti kompromisus d\u0117l kokyb\u0117s.<\/p>\n\n\n\n<p>Gamtos d\u0117sniai padar\u0117 mus tokiais, kokie esame \u0161iandien \u2013 ir tie d\u0117sniai pad\u0117s mums visiems i\u0161likti.<\/p>\n\n\n\n<p>Kvie\u010diame skaityti <a href=\"https:\/\/penosil.com\/lt\/wp-content\/uploads\/sites\/13\/2025\/09\/penosil-ppt-web-LT.pdf.pdf\" target=\"_blank\" rel=\"noreferrer noopener\">PENOSIL istorij\u0105.<\/a><\/p>\n<\/div>\n<\/div>\n","protected":false},"excerpt":{"rendered":"\u0160iauriniuose Europos kra\u0161tuose, kur gim\u0117 PENOSIL, did\u017ei\u0105j\u0105 met\u0173 dal\u012f ore tvyro \u0161altukas. Gentys, kurios pirm\u0105 kart\u0105 nu\u0117jo taip toli prie\u0161 visus t\u016bkstan\u010dius met\u0173, \u0161al\u010dio s\u0105lygas vertino kaip i\u0161\u0161\u016bk\u012f, kur\u012f reikia priimti ir d\u017eiaugtis. Ir teisingai \u2013 jei patalpose \u0161ilta, ko nemyl\u0117ti? \u017diema \u2013 nuostabaus gro\u017eio metas. B\u0117gant am\u017eiams pradin\u0117s pastog\u0117s virto samanomis i\u0161klotais r\u0105stiniais namais, [&hellip;]","protected":false},"author":1,"featured_media":0,"parent":0,"menu_order":338,"comment_status":"closed","ping_status":"closed","template":"page-templates\/template-aboutus.php","meta":{"_acf_changed":false,"advgb_blocks_editor_width":"","advgb_blocks_columns_visual_guide":"","footnotes":""},"class_list":["post-3545","page","type-page","status-publish","hentry"],"acf":[],"yoast_head":"<!-- This site is optimized with the Yoast SEO plugin v27.4 - https:\/\/yoast.com\/product\/yoast-seo-wordpress\/ -->\n<title>Apie mus - Penosil Lithuania<\/title>\n<meta name=\"description\" content=\"PENOSIL yra vienas i\u0161 pirmaujan\u010di\u0173 Europos preki\u0173 \u017eenkl\u0173, teikian\u010di\u0173 energij\u0105 taupan\u010dius sandarinimo ir klijavimo sprendimus. Daugiau!\" \/>\n<meta name=\"robots\" content=\"index, follow, max-snippet:-1, max-image-preview:large, max-video-preview:-1\" \/>\n<link rel=\"canonical\" href=\"https:\/\/penosil.com\/lt\/apie-mus\/\" \/>\n<meta property=\"og:locale\" content=\"lt_LT\" \/>\n<meta property=\"og:type\" content=\"article\" \/>\n<meta property=\"og:title\" content=\"Apie mus - Penosil Lithuania\" \/>\n<meta property=\"og:description\" content=\"PENOSIL yra vienas i\u0161 pirmaujan\u010di\u0173 Europos preki\u0173 \u017eenkl\u0173, teikian\u010di\u0173 energij\u0105 taupan\u010dius sandarinimo ir klijavimo sprendimus. Daugiau!\" \/>\n<meta property=\"og:url\" content=\"https:\/\/penosil.com\/lt\/apie-mus\/\" \/>\n<meta property=\"og:site_name\" content=\"Penosil Lithuania\" \/>\n<meta property=\"article:modified_time\" content=\"2026-03-25T08:35:16+00:00\" \/>\n<meta name=\"twitter:card\" content=\"summary_large_image\" \/>\n<script type=\"application\/ld+json\" class=\"yoast-schema-graph\">{\"@context\":\"https:\\\/\\\/schema.org\",\"@graph\":[{\"@type\":\"WebPage\",\"@id\":\"https:\\\/\\\/penosil.com\\\/lt\\\/apie-mus\\\/\",\"url\":\"https:\\\/\\\/penosil.com\\\/lt\\\/apie-mus\\\/\",\"name\":\"Apie mus - Penosil Lithuania\",\"isPartOf\":{\"@id\":\"https:\\\/\\\/penosil.com\\\/lt\\\/#website\"},\"datePublished\":\"2019-07-24T13:17:19+00:00\",\"dateModified\":\"2026-03-25T08:35:16+00:00\",\"description\":\"PENOSIL yra vienas i\u0161 pirmaujan\u010di\u0173 Europos preki\u0173 \u017eenkl\u0173, teikian\u010di\u0173 energij\u0105 taupan\u010dius sandarinimo ir klijavimo sprendimus. Daugiau!\",\"breadcrumb\":{\"@id\":\"https:\\\/\\\/penosil.com\\\/lt\\\/apie-mus\\\/#breadcrumb\"},\"inLanguage\":\"lt-LT\",\"potentialAction\":[{\"@type\":\"ReadAction\",\"target\":[\"https:\\\/\\\/penosil.com\\\/lt\\\/apie-mus\\\/\"]}]},{\"@type\":\"BreadcrumbList\",\"@id\":\"https:\\\/\\\/penosil.com\\\/lt\\\/apie-mus\\\/#breadcrumb\",\"itemListElement\":[{\"@type\":\"ListItem\",\"position\":1,\"name\":\"Home\",\"item\":\"https:\\\/\\\/penosil.com\\\/lt\\\/\"},{\"@type\":\"ListItem\",\"position\":2,\"name\":\"Apie mus\"}]},{\"@type\":\"WebSite\",\"@id\":\"https:\\\/\\\/penosil.com\\\/lt\\\/#website\",\"url\":\"https:\\\/\\\/penosil.com\\\/lt\\\/\",\"name\":\"Penosil Lithuania\",\"description\":\"\",\"potentialAction\":[{\"@type\":\"SearchAction\",\"target\":{\"@type\":\"EntryPoint\",\"urlTemplate\":\"https:\\\/\\\/penosil.com\\\/lt\\\/?s={search_term_string}\"},\"query-input\":{\"@type\":\"PropertyValueSpecification\",\"valueRequired\":true,\"valueName\":\"search_term_string\"}}],\"inLanguage\":\"lt-LT\"}]}<\/script>\n<!-- \/ Yoast SEO plugin. -->","yoast_head_json":{"title":"Apie mus - Penosil Lithuania","description":"PENOSIL yra vienas i\u0161 pirmaujan\u010di\u0173 Europos preki\u0173 \u017eenkl\u0173, teikian\u010di\u0173 energij\u0105 taupan\u010dius sandarinimo ir klijavimo sprendimus. Daugiau!","robots":{"index":"index","follow":"follow","max-snippet":"max-snippet:-1","max-image-preview":"max-image-preview:large","max-video-preview":"max-video-preview:-1"},"canonical":"https:\/\/penosil.com\/lt\/apie-mus\/","og_locale":"lt_LT","og_type":"article","og_title":"Apie mus - Penosil Lithuania","og_description":"PENOSIL yra vienas i\u0161 pirmaujan\u010di\u0173 Europos preki\u0173 \u017eenkl\u0173, teikian\u010di\u0173 energij\u0105 taupan\u010dius sandarinimo ir klijavimo sprendimus. Daugiau!","og_url":"https:\/\/penosil.com\/lt\/apie-mus\/","og_site_name":"Penosil Lithuania","article_modified_time":"2026-03-25T08:35:16+00:00","twitter_card":"summary_large_image","schema":{"@context":"https:\/\/schema.org","@graph":[{"@type":"WebPage","@id":"https:\/\/penosil.com\/lt\/apie-mus\/","url":"https:\/\/penosil.com\/lt\/apie-mus\/","name":"Apie mus - Penosil Lithuania","isPartOf":{"@id":"https:\/\/penosil.com\/lt\/#website"},"datePublished":"2019-07-24T13:17:19+00:00","dateModified":"2026-03-25T08:35:16+00:00","description":"PENOSIL yra vienas i\u0161 pirmaujan\u010di\u0173 Europos preki\u0173 \u017eenkl\u0173, teikian\u010di\u0173 energij\u0105 taupan\u010dius sandarinimo ir klijavimo sprendimus. Daugiau!","breadcrumb":{"@id":"https:\/\/penosil.com\/lt\/apie-mus\/#breadcrumb"},"inLanguage":"lt-LT","potentialAction":[{"@type":"ReadAction","target":["https:\/\/penosil.com\/lt\/apie-mus\/"]}]},{"@type":"BreadcrumbList","@id":"https:\/\/penosil.com\/lt\/apie-mus\/#breadcrumb","itemListElement":[{"@type":"ListItem","position":1,"name":"Home","item":"https:\/\/penosil.com\/lt\/"},{"@type":"ListItem","position":2,"name":"Apie mus"}]},{"@type":"WebSite","@id":"https:\/\/penosil.com\/lt\/#website","url":"https:\/\/penosil.com\/lt\/","name":"Penosil Lithuania","description":"","potentialAction":[{"@type":"SearchAction","target":{"@type":"EntryPoint","urlTemplate":"https:\/\/penosil.com\/lt\/?s={search_term_string}"},"query-input":{"@type":"PropertyValueSpecification","valueRequired":true,"valueName":"search_term_string"}}],"inLanguage":"lt-LT"}]}},"coauthors":[],"author_meta":{"author_link":"https:\/\/penosil.com\/lt\/author\/reaktiiv-pe\/","display_name":"reaktiiv-pe"},"relative_dates":{"created":"Posted 7 metai ago","modified":"Updated 4 savait\u0117s ago"},"absolute_dates":{"created":"Posted on 2019 24 liepos","modified":"Updated on 2026 25 kovo"},"absolute_dates_time":{"created":"Posted on 2019 24 liepos 13:17","modified":"Updated on 2026 25 kovo 8:35"},"featured_img_caption":"","featured_img":false,"series_order":"","_links":{"self":[{"href":"https:\/\/penosil.com\/lt\/wp-json\/wp\/v2\/pages\/3545","targetHints":{"allow":["GET"]}}],"collection":[{"href":"https:\/\/penosil.com\/lt\/wp-json\/wp\/v2\/pages"}],"about":[{"href":"https:\/\/penosil.com\/lt\/wp-json\/wp\/v2\/types\/page"}],"author":[{"embeddable":true,"href":"https:\/\/penosil.com\/lt\/wp-json\/wp\/v2\/users\/1"}],"replies":[{"embeddable":true,"href":"https:\/\/penosil.com\/lt\/wp-json\/wp\/v2\/comments?post=3545"}],"version-history":[{"count":40,"href":"https:\/\/penosil.com\/lt\/wp-json\/wp\/v2\/pages\/3545\/revisions"}],"predecessor-version":[{"id":16579,"href":"https:\/\/penosil.com\/lt\/wp-json\/wp\/v2\/pages\/3545\/revisions\/16579"}],"wp:attachment":[{"href":"https:\/\/penosil.com\/lt\/wp-json\/wp\/v2\/media?parent=3545"}],"curies":[{"name":"wp","href":"https:\/\/api.w.org\/{rel}","templated":true}]}}