{"id":3549,"date":"2019-07-24T13:17:09","date_gmt":"2019-07-24T13:17:09","guid":{"rendered":"https:\/\/penosil.com\/lt\/knowledge-center\/"},"modified":"2022-12-08T08:53:18","modified_gmt":"2022-12-08T08:53:18","slug":"informacijos-centras","status":"publish","type":"page","link":"https:\/\/penosil.com\/lt\/informacijos-centras\/","title":{"rendered":"Informacijos centras"},"content":{"rendered":"\n<div class=\"wp-block-columns has-3-columns is-layout-flex wp-container-core-columns-is-layout-9d6595d7 wp-block-columns-is-layout-flex\">\n<div class=\"wp-block-column is-layout-flow wp-block-column-is-layout-flow\"><article id=\"pnsl-contact-block_5d42bf27d19f9\" class=\"pnsl-information-block\" role=\"article\" aria-labelledby=\"pnsl-contact-block_5d42bf27d19f9-title\">\n         <div class=\"pnsl-list-item d-flex align-items-center justify-content-between flex-column\">\n         <div class=\"lst-item-cnt\">\n            <!-- Single comprehensive link wrapping all content for better accessibility -->\n            <a href=\"https:\/\/penosil.com\/lt\/vaizdo-irasai\/\"\n               class=\"information-block-link\"\n                              aria-label=\"View Vaizdo \u012fra\u0161ai\"\n               >\n\n                                                   <div class=\"lst-item-image d-flex align-items-end justify-content-center\">\n                     <img decoding=\"async\" src=\"https:\/\/penosil.com\/lt\/wp-content\/uploads\/sites\/13\/2019\/08\/videos-1.svg\"\n                        alt=\"Image for Vaizdo \u012fra\u0161ai\"\n                        role=\"presentation\" \/>\n                  <\/div>\n               \n               <div class=\"information-block-header\">\n                  <h2 id=\"pnsl-contact-block_5d42bf27d19f9-title\">Vaizdo \u012fra\u0161ai<\/h2>\n               <\/div>\n                                 <div class=\"information-block-content\"><p>\u017di\u016br\u0117kite mokomuosius vaizdo \u012fra\u0161us apie statybini\u0173 chemini\u0173 med\u017eiag\u0173 naudojim\u0105 \u012fvairiose srityse.<\/p>\n<\/div>\n                              \n               <!-- Button styled element inside the parent link - maintains accessibility and styling -->\n               <div class=\"lst-item-btn\">\n                  <span class=\"btn rbtn\">\n                     \u017di\u016br\u0117ti vaizdo \u012fra\u0161us                  <\/span>\n               <\/div>\n               \n                           <\/a>\n         <\/div>\n      <\/div>\n   <\/article>\n\n\n<p><\/p>\n<\/div>\n\n\n\n<div class=\"wp-block-column is-layout-flow wp-block-column-is-layout-flow\"><article id=\"pnsl-contact-block_5d42c1e2c4f72\" class=\"pnsl-information-block\" role=\"article\" aria-labelledby=\"pnsl-contact-block_5d42c1e2c4f72-title\">\n         <div class=\"pnsl-list-item d-flex align-items-center justify-content-between flex-column\">\n         <div class=\"lst-item-cnt\">\n            <!-- Single comprehensive link wrapping all content for better accessibility -->\n            <a href=\"https:\/\/penosil.com\/lt\/informacijos-centras\/dokumentai\/\"\n               class=\"information-block-link\"\n                              aria-label=\"View Dokumentai\"\n               >\n\n                                                   <div class=\"lst-item-image d-flex align-items-end justify-content-center\">\n                     <img decoding=\"async\" src=\"https:\/\/penosil.com\/lt\/wp-content\/uploads\/sites\/13\/2019\/08\/manuals-1.svg\"\n                        alt=\"Image for Dokumentai\"\n                        role=\"presentation\" \/>\n                  <\/div>\n               \n               <div class=\"information-block-header\">\n                  <h2 id=\"pnsl-contact-block_5d42c1e2c4f72-title\">Dokumentai<\/h2>\n               <\/div>\n                                 <div class=\"information-block-content\"><p>Atsisi\u0173skite PENOSIL produkt\u0173 techninius duomen\u0173 lapus, saugos duomen\u0173 lapus, eksploatacini\u0173 savybi\u0173 deklaracijas ir sertifikatus.<\/p>\n<\/div>\n                              \n               <!-- Button styled element inside the parent link - maintains accessibility and styling -->\n               <div class=\"lst-item-btn\">\n                  <span class=\"btn rbtn\">\n                     Per\u017ei\u016br\u0117ti dokumentus                  <\/span>\n               <\/div>\n               \n                           <\/a>\n         <\/div>\n      <\/div>\n   <\/article>\n\n\n<p><\/p>\n<\/div>\n\n\n\n<div class=\"wp-block-column is-layout-flow wp-block-column-is-layout-flow\"><article id=\"pnsl-contact-block_5da9b3cea1ffa\" class=\"pnsl-information-block\" role=\"article\" aria-labelledby=\"pnsl-contact-block_5da9b3cea1ffa-title\">\n         <div class=\"pnsl-list-item d-flex align-items-center justify-content-between flex-column\">\n         <div class=\"lst-item-cnt\">\n            <!-- Single comprehensive link wrapping all content for better accessibility -->\n            <a href=\"https:\/\/penosil.com\/lt\/informacijos-centras\/katalogai\/\"\n               class=\"information-block-link\"\n                              aria-label=\"View Produkt\u0173 naudojimo vadovai\"\n               >\n\n                                                   <div class=\"lst-item-image d-flex align-items-end justify-content-center\">\n                     <img decoding=\"async\" src=\"https:\/\/penosil.com\/lt\/wp-content\/uploads\/sites\/13\/2019\/10\/pruoddcu_manual.svg\"\n                        alt=\"Image for Produkt\u0173 naudojimo vadovai\"\n                        role=\"presentation\" \/>\n                  <\/div>\n               \n               <div class=\"information-block-header\">\n                  <h2 id=\"pnsl-contact-block_5da9b3cea1ffa-title\">Produkt\u0173 naudojimo vadovai<\/h2>\n               <\/div>\n                                 <div class=\"information-block-content\"><p>Mes suk\u016br\u0117me pagalbines med\u017eiagas, skirtas Penosil gaminiams naudoti sud\u0117tingesniuose strukt\u016briniuose mazguose. \u010cia rasite fizinius statybos paai\u0161kinimus, pagalb\u0105 ie\u0161kant tinkamo produkto ir patogius darbo metodus.<\/p>\n<\/div>\n                              \n               <!-- Button styled element inside the parent link - maintains accessibility and styling -->\n               <div class=\"lst-item-btn\">\n                  <span class=\"btn rbtn\">\n                     Per\u017ei\u016br\u0117ti produkt\u0173 naudojimo vadovus                  <\/span>\n               <\/div>\n               \n                           <\/a>\n         <\/div>\n      <\/div>\n   <\/article><\/div>\n<\/div>\n\n\n\n<div class=\"wp-block-columns has-3-columns is-layout-flex wp-container-core-columns-is-layout-9d6595d7 wp-block-columns-is-layout-flex\">\n<div class=\"wp-block-column is-layout-flow wp-block-column-is-layout-flow\"><article id=\"pnsl-contact-block_5da9b583a2002\" class=\"pnsl-information-block\" role=\"article\" aria-labelledby=\"pnsl-contact-block_5da9b583a2002-title\">\n         <div class=\"pnsl-list-item d-flex align-items-center justify-content-between flex-column\">\n         <div class=\"lst-item-cnt\">\n            <!-- Single comprehensive link wrapping all content for better accessibility -->\n            <a href=\"https:\/\/penosil.com\/lt\/informacijos-centras\/skaiciuokles\/\"\n               class=\"information-block-link\"\n                              aria-label=\"View Skai\u010diuokl\u0117s\"\n               >\n\n                                                   <div class=\"lst-item-image d-flex align-items-end justify-content-center\">\n                     <img decoding=\"async\" src=\"https:\/\/penosil.com\/lt\/wp-content\/uploads\/sites\/13\/2019\/08\/calculator.svg\"\n                        alt=\"Image for Skai\u010diuokl\u0117s\"\n                        role=\"presentation\" \/>\n                  <\/div>\n               \n               <div class=\"information-block-header\">\n                  <h2 id=\"pnsl-contact-block_5da9b583a2002-title\">Skai\u010diuokl\u0117s<\/h2>\n               <\/div>\n                                 <div class=\"information-block-content\"><p>B\u016bkite draugi\u0161ki aplinkai ir naudokit\u0117s m\u016bs\u0173 skai\u010diuokle, kad nesunkiai apskai\u010diuotum\u0117te kiek med\u017eiag\u0173 reik\u0117s ir suma\u017eintum\u0117te atliek\u0173 kiek\u012f.<\/p>\n<\/div>\n                              \n               <!-- Button styled element inside the parent link - maintains accessibility and styling -->\n               <div class=\"lst-item-btn\">\n                  <span class=\"btn rbtn\">\n                     Apskai\u010diuoti sunaudojim\u0105                  <\/span>\n               <\/div>\n               \n                           <\/a>\n         <\/div>\n      <\/div>\n   <\/article><\/div>\n\n\n\n<div class=\"wp-block-column is-layout-flow wp-block-column-is-layout-flow\"><article id=\"pnsl-contact-block_5da9b51ea1ffe\" class=\"pnsl-information-block\" role=\"article\" aria-labelledby=\"pnsl-contact-block_5da9b51ea1ffe-title\">\n         <div class=\"pnsl-list-item d-flex align-items-center justify-content-between flex-column\">\n         <div class=\"lst-item-cnt\">\n            <!-- Single comprehensive link wrapping all content for better accessibility -->\n            <a href=\"https:\/\/penosil.com\/lt\/informacijos-centras\/mokomieji-straipsniai\/\"\n               class=\"information-block-link\"\n                              aria-label=\"View Mokomieji straipsniai\"\n               >\n\n                                                   <div class=\"lst-item-image d-flex align-items-end justify-content-center\">\n                     <img decoding=\"async\" src=\"https:\/\/penosil.com\/lt\/wp-content\/uploads\/sites\/13\/2019\/10\/artiklid.svg\"\n                        alt=\"Image for Mokomieji straipsniai\"\n                        role=\"presentation\" \/>\n                  <\/div>\n               \n               <div class=\"information-block-header\">\n                  <h2 id=\"pnsl-contact-block_5da9b51ea1ffe-title\">Mokomieji straipsniai<\/h2>\n               <\/div>\n                                 <div class=\"information-block-content\"><p>Ie\u0161kokite \u012fdomios informacijos apie energij\u0105 taupan\u010dias ir ekologi\u0161kas statybas, taip pat apie poky\u010dius chemijos ir statybini\u0173 med\u017eiag\u0173 pramon\u0117je.<\/p>\n<\/div>\n                              \n               <!-- Button styled element inside the parent link - maintains accessibility and styling -->\n               <div class=\"lst-item-btn\">\n                  <span class=\"btn rbtn\">\n                     Skaityti straipsnius                  <\/span>\n               <\/div>\n               \n                           <\/a>\n         <\/div>\n      <\/div>\n   <\/article><\/div>\n\n\n\n<div class=\"wp-block-column is-layout-flow wp-block-column-is-layout-flow\"><article id=\"pnsl-contact-block_5da9b52da1fff\" class=\"pnsl-information-block\" role=\"article\" aria-labelledby=\"pnsl-contact-block_5da9b52da1fff-title\">\n         <div class=\"pnsl-list-item d-flex align-items-center justify-content-between flex-column\">\n         <div class=\"lst-item-cnt\">\n            <!-- Single comprehensive link wrapping all content for better accessibility -->\n            <a href=\"https:\/\/penosil.com\/lt\/informacijos-centras\/breziniai-architektams\/\"\n               class=\"information-block-link\"\n                              aria-label=\"View Br\u0117\u017einiai architektams\"\n               >\n\n                                                   <div class=\"lst-item-image d-flex align-items-end justify-content-center\">\n                     <img decoding=\"async\" src=\"https:\/\/penosil.com\/lt\/wp-content\/uploads\/sites\/13\/2019\/10\/joonis-e1571403880736.png\"\n                        alt=\"Image for Br\u0117\u017einiai architektams\"\n                        role=\"presentation\" \/>\n                  <\/div>\n               \n               <div class=\"information-block-header\">\n                  <h2 id=\"pnsl-contact-block_5da9b52da1fff-title\">Br\u0117\u017einiai architektams<\/h2>\n               <\/div>\n                                 <div class=\"information-block-content\"><p>\u012evairi\u0173 tip\u0173 pastat\u0173 konstrukcij\u0173 br\u0117\u017einiai PDF ir DWG formatu.<\/p>\n<\/div>\n                              \n               <!-- Button styled element inside the parent link - maintains accessibility and styling -->\n               <div class=\"lst-item-btn\">\n                  <span class=\"btn rbtn\">\n                     Per\u017ei\u016br\u0117ti br\u0117\u017einius architektams                  <\/span>\n               <\/div>\n               \n                           <\/a>\n         <\/div>\n      <\/div>\n   <\/article><\/div>\n<\/div>\n\n\n\n<div class=\"wp-block-columns is-layout-flex wp-container-core-columns-is-layout-9d6595d7 wp-block-columns-is-layout-flex\">\n<div class=\"wp-block-column is-layout-flow wp-block-column-is-layout-flow\"><article id=\"pnsl-contact-block_60d02be7d9b1e\" class=\"pnsl-information-block\" role=\"article\" aria-labelledby=\"pnsl-contact-block_60d02be7d9b1e-title\">\n         <div class=\"pnsl-list-item d-flex align-items-center justify-content-between flex-column\">\n         <div class=\"lst-item-cnt\">\n            <!-- Single comprehensive link wrapping all content for better accessibility -->\n            <a href=\"https:\/\/penosil.com\/lt\/informacijos-centras\/dazniausiai-uzduodami-klausimai\/\"\n               class=\"information-block-link\"\n                              aria-label=\"View Da\u017eniausiai u\u017eduodami klausimai\"\n               >\n\n                                                   <div class=\"lst-item-image d-flex align-items-end justify-content-center\">\n                     <img decoding=\"async\" src=\"https:\/\/penosil.com\/lt\/wp-content\/uploads\/sites\/13\/2021\/08\/faq.svg\"\n                        alt=\"Penosil DUK\"\n                        role=\"presentation\" \/>\n                  <\/div>\n               \n               <div class=\"information-block-header\">\n                  <h2 id=\"pnsl-contact-block_60d02be7d9b1e-title\">Da\u017eniausiai u\u017eduodami klausimai<\/h2>\n               <\/div>\n                                 <div class=\"information-block-content\"><p>Surinkome da\u017eniausiai u\u017eduodamus klausimus \u012f vien\u0105 viet\u0105. \u010cia galite rasti ekspert\u0173 patarimus ir atsakymus \u012f \u0161iuos su PENOSIL susijusius klausimus.<\/p>\n<\/div>\n                              \n               <!-- Button styled element inside the parent link - maintains accessibility and styling -->\n               <div class=\"lst-item-btn\">\n                  <span class=\"btn rbtn\">\n                     Skaityti atsakymus                  <\/span>\n               <\/div>\n               \n                           <\/a>\n         <\/div>\n      <\/div>\n   <\/article><\/div>\n\n\n\n<div class=\"wp-block-column is-layout-flow wp-block-column-is-layout-flow\"><article id=\"pnsl-contact-block_616e5ebdf3c47\" class=\"pnsl-information-block\" role=\"article\" aria-labelledby=\"pnsl-contact-block_616e5ebdf3c47-title\">\n         <div class=\"pnsl-list-item d-flex align-items-center justify-content-between flex-column\">\n         <div class=\"lst-item-cnt\">\n            <!-- Single comprehensive link wrapping all content for better accessibility -->\n            <a href=\"https:\/\/penosil.com\/lt\/informacijos-centras\/penosil-produktu-mokymai\/\"\n               class=\"information-block-link\"\n                              aria-label=\"View PENOSIL produkt\u0173 mokymai\"\n               >\n\n                                                   <div class=\"lst-item-image d-flex align-items-end justify-content-center\">\n                     <img decoding=\"async\" src=\"https:\/\/penosil.com\/lt\/wp-content\/uploads\/sites\/13\/2021\/10\/knowledge_center.svg\"\n                        alt=\"Penosil produkt\u0173 mokymai\"\n                        role=\"presentation\" \/>\n                  <\/div>\n               \n               <div class=\"information-block-header\">\n                  <h2 id=\"pnsl-contact-block_616e5ebdf3c47-title\">PENOSIL produkt\u0173 mokymai<\/h2>\n               <\/div>\n                                 <div class=\"information-block-content\"><p>Kas savait\u0119 atnaujiname PENOSIL produkt\u0173 mokym\u0173 vietas ir laikus. Apsilankykite praktiniuose mokymuose.<\/p>\n<\/div>\n                              \n               <!-- Button styled element inside the parent link - maintains accessibility and styling -->\n               <div class=\"lst-item-btn\">\n                  <span class=\"btn rbtn\">\n                     Su\u017einoti daugiau                  <\/span>\n               <\/div>\n               \n                           <\/a>\n         <\/div>\n      <\/div>\n   <\/article><\/div>\n\n\n\n<div class=\"wp-block-column is-layout-flow wp-block-column-is-layout-flow\"><article id=\"pnsl-contact-block_6391a54547997\" class=\"pnsl-information-block\" role=\"article\" aria-labelledby=\"pnsl-contact-block_6391a54547997-title\">\n         <div class=\"pnsl-list-item d-flex align-items-center justify-content-between flex-column\">\n         <div class=\"lst-item-cnt\">\n            <!-- Single comprehensive link wrapping all content for better accessibility -->\n            <a href=\"https:\/\/www.prodlib.com\/penosil\"\n               class=\"information-block-link\"\n                              target=\"_blank\"\n               rel=\"noopener noreferrer\"\n               aria-label=\"View PENOSIL sprendimai ProdLib kataloge (opens in new tab)\"\n               >\n\n                                                   <div class=\"lst-item-image d-flex align-items-end justify-content-center\">\n                     <img decoding=\"async\" src=\"https:\/\/penosil.com\/lt\/wp-content\/uploads\/sites\/13\/2022\/12\/Group-39-Prodlib.svg\"\n                        alt=\"Penosil sprendimai Prodlib kataloge\"\n                        role=\"presentation\" \/>\n                  <\/div>\n               \n               <div class=\"information-block-header\">\n                  <h2 id=\"pnsl-contact-block_6391a54547997-title\">PENOSIL sprendimai ProdLib kataloge<\/h2>\n               <\/div>\n                                 <div class=\"information-block-content\"><p>Paruo\u0161ti PENOSIL sprendimai DWG ir PDF formatais jau ProbLib kataloge. Parsisi\u0173skite ir naudokite PENOSIL sprendimus savo br\u0117\u017einiuose.<\/p>\n<\/div>\n                              \n               <!-- Button styled element inside the parent link - maintains accessibility and styling -->\n               <div class=\"lst-item-btn\">\n                  <span class=\"btn rbtn\">\n                     Per\u017ei\u016br\u0117ti sprendimus                  <\/span>\n               <\/div>\n               \n                                 <span class=\"sr-only\">(opens in new tab)<\/span>\n                           <\/a>\n         <\/div>\n      <\/div>\n   <\/article><\/div>\n<\/div>\n","protected":false},"excerpt":{"rendered":"","protected":false},"author":1,"featured_media":0,"parent":0,"menu_order":356,"comment_status":"closed","ping_status":"closed","template":"page-templates\/template-knowledge.php","meta":{"_acf_changed":false,"advgb_blocks_editor_width":"","advgb_blocks_columns_visual_guide":"","footnotes":""},"class_list":["post-3549","page","type-page","status-publish","hentry"],"acf":[],"yoast_head":"<!-- This site is optimized with the Yoast SEO plugin v27.2 - https:\/\/yoast.com\/product\/yoast-seo-wordpress\/ -->\n<title>Informacijos centras - Penosil Lithuania<\/title>\n<meta name=\"description\" content=\"Penosil informacijos centre rasite: Penosil produkt\u0173 skai\u010diuokl\u0119, vaizdo \u012fra\u0161us, dokumentus, naudojimo vadovus, br\u0117\u017einius ir kt. Daugiau!\" \/>\n<meta name=\"robots\" content=\"index, follow, max-snippet:-1, max-image-preview:large, max-video-preview:-1\" \/>\n<link rel=\"canonical\" href=\"https:\/\/penosil.com\/lt\/informacijos-centras\/\" \/>\n<meta property=\"og:locale\" content=\"lt_LT\" \/>\n<meta property=\"og:type\" content=\"article\" \/>\n<meta property=\"og:title\" content=\"Informacijos centras - Penosil Lithuania\" \/>\n<meta property=\"og:description\" content=\"Penosil informacijos centre rasite: Penosil produkt\u0173 skai\u010diuokl\u0119, vaizdo \u012fra\u0161us, dokumentus, naudojimo vadovus, br\u0117\u017einius ir kt. Daugiau!\" \/>\n<meta property=\"og:url\" content=\"https:\/\/penosil.com\/lt\/informacijos-centras\/\" \/>\n<meta property=\"og:site_name\" content=\"Penosil Lithuania\" \/>\n<meta property=\"article:modified_time\" content=\"2022-12-08T08:53:18+00:00\" \/>\n<meta name=\"twitter:card\" content=\"summary_large_image\" \/>\n<script type=\"application\/ld+json\" class=\"yoast-schema-graph\">{\"@context\":\"https:\/\/schema.org\",\"@graph\":[{\"@type\":\"WebPage\",\"@id\":\"https:\/\/penosil.com\/lt\/informacijos-centras\/\",\"url\":\"https:\/\/penosil.com\/lt\/informacijos-centras\/\",\"name\":\"Informacijos centras - Penosil Lithuania\",\"isPartOf\":{\"@id\":\"https:\/\/penosil.com\/lt\/#website\"},\"datePublished\":\"2019-07-24T13:17:09+00:00\",\"dateModified\":\"2022-12-08T08:53:18+00:00\",\"description\":\"Penosil informacijos centre rasite: Penosil produkt\u0173 skai\u010diuokl\u0119, vaizdo \u012fra\u0161us, dokumentus, naudojimo vadovus, br\u0117\u017einius ir kt. Daugiau!\",\"breadcrumb\":{\"@id\":\"https:\/\/penosil.com\/lt\/informacijos-centras\/#breadcrumb\"},\"inLanguage\":\"lt-LT\",\"potentialAction\":[{\"@type\":\"ReadAction\",\"target\":[\"https:\/\/penosil.com\/lt\/informacijos-centras\/\"]}]},{\"@type\":\"BreadcrumbList\",\"@id\":\"https:\/\/penosil.com\/lt\/informacijos-centras\/#breadcrumb\",\"itemListElement\":[{\"@type\":\"ListItem\",\"position\":1,\"name\":\"Home\",\"item\":\"https:\/\/penosil.com\/lt\/\"},{\"@type\":\"ListItem\",\"position\":2,\"name\":\"Informacijos centras\"}]},{\"@type\":\"WebSite\",\"@id\":\"https:\/\/penosil.com\/lt\/#website\",\"url\":\"https:\/\/penosil.com\/lt\/\",\"name\":\"Penosil Lithuania\",\"description\":\"\",\"potentialAction\":[{\"@type\":\"SearchAction\",\"target\":{\"@type\":\"EntryPoint\",\"urlTemplate\":\"https:\/\/penosil.com\/lt\/?s={search_term_string}\"},\"query-input\":{\"@type\":\"PropertyValueSpecification\",\"valueRequired\":true,\"valueName\":\"search_term_string\"}}],\"inLanguage\":\"lt-LT\"}]}<\/script>\n<!-- \/ Yoast SEO plugin. -->","yoast_head_json":{"title":"Informacijos centras - Penosil Lithuania","description":"Penosil informacijos centre rasite: Penosil produkt\u0173 skai\u010diuokl\u0119, vaizdo \u012fra\u0161us, dokumentus, naudojimo vadovus, br\u0117\u017einius ir kt. Daugiau!","robots":{"index":"index","follow":"follow","max-snippet":"max-snippet:-1","max-image-preview":"max-image-preview:large","max-video-preview":"max-video-preview:-1"},"canonical":"https:\/\/penosil.com\/lt\/informacijos-centras\/","og_locale":"lt_LT","og_type":"article","og_title":"Informacijos centras - Penosil Lithuania","og_description":"Penosil informacijos centre rasite: Penosil produkt\u0173 skai\u010diuokl\u0119, vaizdo \u012fra\u0161us, dokumentus, naudojimo vadovus, br\u0117\u017einius ir kt. Daugiau!","og_url":"https:\/\/penosil.com\/lt\/informacijos-centras\/","og_site_name":"Penosil Lithuania","article_modified_time":"2022-12-08T08:53:18+00:00","twitter_card":"summary_large_image","schema":{"@context":"https:\/\/schema.org","@graph":[{"@type":"WebPage","@id":"https:\/\/penosil.com\/lt\/informacijos-centras\/","url":"https:\/\/penosil.com\/lt\/informacijos-centras\/","name":"Informacijos centras - Penosil Lithuania","isPartOf":{"@id":"https:\/\/penosil.com\/lt\/#website"},"datePublished":"2019-07-24T13:17:09+00:00","dateModified":"2022-12-08T08:53:18+00:00","description":"Penosil informacijos centre rasite: Penosil produkt\u0173 skai\u010diuokl\u0119, vaizdo \u012fra\u0161us, dokumentus, naudojimo vadovus, br\u0117\u017einius ir kt. Daugiau!","breadcrumb":{"@id":"https:\/\/penosil.com\/lt\/informacijos-centras\/#breadcrumb"},"inLanguage":"lt-LT","potentialAction":[{"@type":"ReadAction","target":["https:\/\/penosil.com\/lt\/informacijos-centras\/"]}]},{"@type":"BreadcrumbList","@id":"https:\/\/penosil.com\/lt\/informacijos-centras\/#breadcrumb","itemListElement":[{"@type":"ListItem","position":1,"name":"Home","item":"https:\/\/penosil.com\/lt\/"},{"@type":"ListItem","position":2,"name":"Informacijos centras"}]},{"@type":"WebSite","@id":"https:\/\/penosil.com\/lt\/#website","url":"https:\/\/penosil.com\/lt\/","name":"Penosil Lithuania","description":"","potentialAction":[{"@type":"SearchAction","target":{"@type":"EntryPoint","urlTemplate":"https:\/\/penosil.com\/lt\/?s={search_term_string}"},"query-input":{"@type":"PropertyValueSpecification","valueRequired":true,"valueName":"search_term_string"}}],"inLanguage":"lt-LT"}]}},"coauthors":[],"author_meta":{"author_link":"https:\/\/penosil.com\/lt\/author\/reaktiiv-pe\/","display_name":"reaktiiv-pe"},"relative_dates":{"created":"Posted 7 metai ago","modified":"Updated 3 metai ago"},"absolute_dates":{"created":"Posted on 2019 24 liepos","modified":"Updated on 2022 8 gruod\u017eio"},"absolute_dates_time":{"created":"Posted on 2019 24 liepos 13:17","modified":"Updated on 2022 8 gruod\u017eio 8:53"},"featured_img_caption":"","featured_img":false,"series_order":"","_links":{"self":[{"href":"https:\/\/penosil.com\/lt\/wp-json\/wp\/v2\/pages\/3549","targetHints":{"allow":["GET"]}}],"collection":[{"href":"https:\/\/penosil.com\/lt\/wp-json\/wp\/v2\/pages"}],"about":[{"href":"https:\/\/penosil.com\/lt\/wp-json\/wp\/v2\/types\/page"}],"author":[{"embeddable":true,"href":"https:\/\/penosil.com\/lt\/wp-json\/wp\/v2\/users\/1"}],"replies":[{"embeddable":true,"href":"https:\/\/penosil.com\/lt\/wp-json\/wp\/v2\/comments?post=3549"}],"version-history":[{"count":26,"href":"https:\/\/penosil.com\/lt\/wp-json\/wp\/v2\/pages\/3549\/revisions"}],"predecessor-version":[{"id":11700,"href":"https:\/\/penosil.com\/lt\/wp-json\/wp\/v2\/pages\/3549\/revisions\/11700"}],"wp:attachment":[{"href":"https:\/\/penosil.com\/lt\/wp-json\/wp\/v2\/media?parent=3549"}],"curies":[{"name":"wp","href":"https:\/\/api.w.org\/{rel}","templated":true}]}}