{"id":3916,"date":"2019-12-10T15:14:57","date_gmt":"2019-12-10T15:14:57","guid":{"rendered":"https:\/\/penosil.com\/lt\/videos-2\/"},"modified":"2021-03-08T11:59:50","modified_gmt":"2021-03-08T11:59:50","slug":"vaizdo-irasai","status":"publish","type":"page","link":"https:\/\/penosil.com\/lt\/vaizdo-irasai\/","title":{"rendered":"Vaizdo \u012fra\u0161ai"},"content":{"rendered":"\n<p>Sveiki atvyk\u0119 \u012f Penosil vaizdo \u012fra\u0161\u0173 kanal\u0105 \u2013 ie\u0161kokite ir su\u017einokite, kaip naudoti m\u016bs\u0173 gaminius, naujienas bei naujausias tendencijas statyb\u0173 pasaulyje. \u010cia rasite nuo \u201epasidaryk pats\u201c iki profesionalams skirt\u0173 vaizdo \u012fra\u0161\u0173, viskas vienoje vietoje. <\/p>\n","protected":false},"excerpt":{"rendered":"Sveiki atvyk\u0119 \u012f Penosil vaizdo \u012fra\u0161\u0173 kanal\u0105 \u2013 ie\u0161kokite ir su\u017einokite, kaip naudoti m\u016bs\u0173 gaminius, naujienas bei naujausias tendencijas statyb\u0173 pasaulyje. \u010cia rasite nuo \u201epasidaryk pats\u201c iki profesionalams skirt\u0173 vaizdo \u012fra\u0161\u0173, viskas vienoje vietoje.","protected":false},"author":1,"featured_media":0,"parent":0,"menu_order":15,"comment_status":"closed","ping_status":"closed","template":"page-templates\/template-videos.php","meta":{"_acf_changed":false,"advgb_blocks_editor_width":"","advgb_blocks_columns_visual_guide":"","footnotes":""},"class_list":["post-3916","page","type-page","status-publish","hentry"],"acf":[],"yoast_head":"<!-- This site is optimized with the Yoast SEO plugin v27.2 - https:\/\/yoast.com\/product\/yoast-seo-wordpress\/ -->\n<title>PENOSIL vaizdo \u012fra\u0161ai apie PENOSIL produkt\u0173 naudojim\u0105<\/title>\n<meta name=\"description\" content=\"Penosil vaizdo \u012fra\u0161uose informacija: kaip naudoti Penosil produktus. Vaizdo \u012fra\u0161ai skirti tiek profesionalams, tiek pasidaryk pats. \u017di\u016br\u0117ti!\" \/>\n<meta name=\"robots\" content=\"index, follow, max-snippet:-1, max-image-preview:large, max-video-preview:-1\" \/>\n<link rel=\"canonical\" href=\"https:\/\/penosil.com\/lt\/vaizdo-irasai\/\" \/>\n<meta property=\"og:locale\" content=\"lt_LT\" \/>\n<meta property=\"og:type\" content=\"article\" \/>\n<meta property=\"og:title\" content=\"PENOSIL vaizdo \u012fra\u0161ai apie PENOSIL produkt\u0173 naudojim\u0105\" \/>\n<meta property=\"og:description\" content=\"Penosil vaizdo \u012fra\u0161uose informacija: kaip naudoti Penosil produktus. Vaizdo \u012fra\u0161ai skirti tiek profesionalams, tiek pasidaryk pats. \u017di\u016br\u0117ti!\" \/>\n<meta property=\"og:url\" content=\"https:\/\/penosil.com\/lt\/vaizdo-irasai\/\" \/>\n<meta property=\"og:site_name\" content=\"Penosil Lithuania\" \/>\n<meta property=\"article:modified_time\" content=\"2021-03-08T11:59:50+00:00\" \/>\n<meta name=\"twitter:card\" content=\"summary_large_image\" \/>\n<script type=\"application\/ld+json\" class=\"yoast-schema-graph\">{\"@context\":\"https:\/\/schema.org\",\"@graph\":[{\"@type\":\"WebPage\",\"@id\":\"https:\/\/penosil.com\/lt\/vaizdo-irasai\/\",\"url\":\"https:\/\/penosil.com\/lt\/vaizdo-irasai\/\",\"name\":\"PENOSIL vaizdo \u012fra\u0161ai apie PENOSIL produkt\u0173 naudojim\u0105\",\"isPartOf\":{\"@id\":\"https:\/\/penosil.com\/lt\/#website\"},\"datePublished\":\"2019-12-10T15:14:57+00:00\",\"dateModified\":\"2021-03-08T11:59:50+00:00\",\"description\":\"Penosil vaizdo \u012fra\u0161uose informacija: kaip naudoti Penosil produktus. Vaizdo \u012fra\u0161ai skirti tiek profesionalams, tiek pasidaryk pats. \u017di\u016br\u0117ti!\",\"breadcrumb\":{\"@id\":\"https:\/\/penosil.com\/lt\/vaizdo-irasai\/#breadcrumb\"},\"inLanguage\":\"lt-LT\",\"potentialAction\":[{\"@type\":\"ReadAction\",\"target\":[\"https:\/\/penosil.com\/lt\/vaizdo-irasai\/\"]}]},{\"@type\":\"BreadcrumbList\",\"@id\":\"https:\/\/penosil.com\/lt\/vaizdo-irasai\/#breadcrumb\",\"itemListElement\":[{\"@type\":\"ListItem\",\"position\":1,\"name\":\"Home\",\"item\":\"https:\/\/penosil.com\/lt\/\"},{\"@type\":\"ListItem\",\"position\":2,\"name\":\"Vaizdo \u012fra\u0161ai\"}]},{\"@type\":\"WebSite\",\"@id\":\"https:\/\/penosil.com\/lt\/#website\",\"url\":\"https:\/\/penosil.com\/lt\/\",\"name\":\"Penosil Lithuania\",\"description\":\"\",\"potentialAction\":[{\"@type\":\"SearchAction\",\"target\":{\"@type\":\"EntryPoint\",\"urlTemplate\":\"https:\/\/penosil.com\/lt\/?s={search_term_string}\"},\"query-input\":{\"@type\":\"PropertyValueSpecification\",\"valueRequired\":true,\"valueName\":\"search_term_string\"}}],\"inLanguage\":\"lt-LT\"}]}<\/script>\n<!-- \/ Yoast SEO plugin. -->","yoast_head_json":{"title":"PENOSIL vaizdo \u012fra\u0161ai apie PENOSIL produkt\u0173 naudojim\u0105","description":"Penosil vaizdo \u012fra\u0161uose informacija: kaip naudoti Penosil produktus. Vaizdo \u012fra\u0161ai skirti tiek profesionalams, tiek pasidaryk pats. \u017di\u016br\u0117ti!","robots":{"index":"index","follow":"follow","max-snippet":"max-snippet:-1","max-image-preview":"max-image-preview:large","max-video-preview":"max-video-preview:-1"},"canonical":"https:\/\/penosil.com\/lt\/vaizdo-irasai\/","og_locale":"lt_LT","og_type":"article","og_title":"PENOSIL vaizdo \u012fra\u0161ai apie PENOSIL produkt\u0173 naudojim\u0105","og_description":"Penosil vaizdo \u012fra\u0161uose informacija: kaip naudoti Penosil produktus. Vaizdo \u012fra\u0161ai skirti tiek profesionalams, tiek pasidaryk pats. \u017di\u016br\u0117ti!","og_url":"https:\/\/penosil.com\/lt\/vaizdo-irasai\/","og_site_name":"Penosil Lithuania","article_modified_time":"2021-03-08T11:59:50+00:00","twitter_card":"summary_large_image","schema":{"@context":"https:\/\/schema.org","@graph":[{"@type":"WebPage","@id":"https:\/\/penosil.com\/lt\/vaizdo-irasai\/","url":"https:\/\/penosil.com\/lt\/vaizdo-irasai\/","name":"PENOSIL vaizdo \u012fra\u0161ai apie PENOSIL produkt\u0173 naudojim\u0105","isPartOf":{"@id":"https:\/\/penosil.com\/lt\/#website"},"datePublished":"2019-12-10T15:14:57+00:00","dateModified":"2021-03-08T11:59:50+00:00","description":"Penosil vaizdo \u012fra\u0161uose informacija: kaip naudoti Penosil produktus. Vaizdo \u012fra\u0161ai skirti tiek profesionalams, tiek pasidaryk pats. \u017di\u016br\u0117ti!","breadcrumb":{"@id":"https:\/\/penosil.com\/lt\/vaizdo-irasai\/#breadcrumb"},"inLanguage":"lt-LT","potentialAction":[{"@type":"ReadAction","target":["https:\/\/penosil.com\/lt\/vaizdo-irasai\/"]}]},{"@type":"BreadcrumbList","@id":"https:\/\/penosil.com\/lt\/vaizdo-irasai\/#breadcrumb","itemListElement":[{"@type":"ListItem","position":1,"name":"Home","item":"https:\/\/penosil.com\/lt\/"},{"@type":"ListItem","position":2,"name":"Vaizdo \u012fra\u0161ai"}]},{"@type":"WebSite","@id":"https:\/\/penosil.com\/lt\/#website","url":"https:\/\/penosil.com\/lt\/","name":"Penosil Lithuania","description":"","potentialAction":[{"@type":"SearchAction","target":{"@type":"EntryPoint","urlTemplate":"https:\/\/penosil.com\/lt\/?s={search_term_string}"},"query-input":{"@type":"PropertyValueSpecification","valueRequired":true,"valueName":"search_term_string"}}],"inLanguage":"lt-LT"}]}},"coauthors":[],"author_meta":{"author_link":"https:\/\/penosil.com\/lt\/author\/reaktiiv-pe\/","display_name":"reaktiiv-pe"},"relative_dates":{"created":"Posted 6 metai ago","modified":"Updated 5 metai ago"},"absolute_dates":{"created":"Posted on 2019 10 gruod\u017eio","modified":"Updated on 2021 8 kovo"},"absolute_dates_time":{"created":"Posted on 2019 10 gruod\u017eio 15:14","modified":"Updated on 2021 8 kovo 11:59"},"featured_img_caption":"","featured_img":false,"series_order":"","_links":{"self":[{"href":"https:\/\/penosil.com\/lt\/wp-json\/wp\/v2\/pages\/3916","targetHints":{"allow":["GET"]}}],"collection":[{"href":"https:\/\/penosil.com\/lt\/wp-json\/wp\/v2\/pages"}],"about":[{"href":"https:\/\/penosil.com\/lt\/wp-json\/wp\/v2\/types\/page"}],"author":[{"embeddable":true,"href":"https:\/\/penosil.com\/lt\/wp-json\/wp\/v2\/users\/1"}],"replies":[{"embeddable":true,"href":"https:\/\/penosil.com\/lt\/wp-json\/wp\/v2\/comments?post=3916"}],"version-history":[{"count":2,"href":"https:\/\/penosil.com\/lt\/wp-json\/wp\/v2\/pages\/3916\/revisions"}],"predecessor-version":[{"id":7493,"href":"https:\/\/penosil.com\/lt\/wp-json\/wp\/v2\/pages\/3916\/revisions\/7493"}],"wp:attachment":[{"href":"https:\/\/penosil.com\/lt\/wp-json\/wp\/v2\/media?parent=3916"}],"curies":[{"name":"wp","href":"https:\/\/api.w.org\/{rel}","templated":true}]}}