{"id":10277,"date":"2020-08-03T12:36:39","date_gmt":"2020-08-03T12:36:39","guid":{"rendered":"https:\/\/penosil.com\/lt\/?post_type=product&#038;p=10277"},"modified":"2026-04-12T00:03:38","modified_gmt":"2026-04-12T00:03:38","slug":"painters-silicone-dazomas-hermetikas","status":"publish","type":"product","link":"https:\/\/penosil.com\/lt\/produktai\/painters-silicone-dazomas-hermetikas\/","title":{"rendered":"Painters Silicone"},"content":{"rendered":"<p align=\"LEFT\">Baltas da\u017eomas silikoninis hermetikas skirtas judan\u010di\u0173 jung\u010di\u0173 ir \u012ftr\u016bkim\u0173 sandarinimui prie\u0161 da\u017eant.<\/p>\n","protected":false},"excerpt":{"rendered":"da\u017eomas silikoninis hermetikas","protected":false},"author":5,"featured_media":15975,"template":"","meta":{"_acf_changed":false,"advgb_blocks_editor_width":"","advgb_blocks_columns_visual_guide":"","footnotes":""},"product_brand":[],"product_cat":[1608,1368,1626,2303,2308],"product_tag":[],"class_list":{"0":"post-10277","1":"product","2":"type-product","3":"status-publish","4":"has-post-thumbnail","6":"product_cat-hermetikai-ir-mastikos","7":"product_cat-produktu-grupes","8":"product_cat-akriliniai-hermetikai","9":"product_cat-easypro","10":"product_cat-apdailai-ir-dazymui","12":"first","13":"instock","14":"taxable","15":"shipping-taxable","16":"purchasable","17":"product-type-simple"},"acf":[],"yoast_head":"<!-- This site is optimized with the Yoast SEO plugin v27.2 - https:\/\/yoast.com\/product\/yoast-seo-wordpress\/ -->\n<title>PENOSIL Painters Silicone da\u017eomas silikoninis hermetikas<\/title>\n<meta name=\"description\" content=\"Ry\u0161kiai baltas da\u017eomas silikoninis hermetikas skirtas judan\u010di\u0173 jung\u010di\u0173 ir \u012ftr\u016bkim\u0173 sandarinimui prie\u0161 da\u017eant. Lauko ir vidaus darbams. Daugiau!\" \/>\n<meta name=\"robots\" content=\"index, follow, max-snippet:-1, max-image-preview:large, max-video-preview:-1\" \/>\n<link rel=\"canonical\" href=\"https:\/\/penosil.com\/lt\/produktai\/painters-silicone-dazomas-hermetikas\/\" \/>\n<meta property=\"og:locale\" content=\"lt_LT\" \/>\n<meta property=\"og:type\" content=\"article\" \/>\n<meta property=\"og:title\" content=\"PENOSIL Painters Silicone da\u017eomas silikoninis hermetikas\" \/>\n<meta property=\"og:description\" content=\"Ry\u0161kiai baltas da\u017eomas silikoninis hermetikas skirtas judan\u010di\u0173 jung\u010di\u0173 ir \u012ftr\u016bkim\u0173 sandarinimui prie\u0161 da\u017eant. Lauko ir vidaus darbams. Daugiau!\" \/>\n<meta property=\"og:url\" content=\"https:\/\/penosil.com\/lt\/produktai\/painters-silicone-dazomas-hermetikas\/\" \/>\n<meta property=\"og:site_name\" content=\"Penosil Lithuania\" \/>\n<meta property=\"article:modified_time\" content=\"2026-04-12T00:03:38+00:00\" \/>\n<meta property=\"og:image\" content=\"https:\/\/penosil.com\/lt\/wp-content\/uploads\/sites\/13\/2025\/08\/1072_Painters_silicone_LT_EasyPRO.png\" \/>\n\t<meta property=\"og:image:width\" content=\"375\" \/>\n\t<meta property=\"og:image:height\" content=\"1080\" \/>\n\t<meta property=\"og:image:type\" content=\"image\/png\" \/>\n<meta name=\"twitter:card\" content=\"summary_large_image\" \/>\n<script type=\"application\/ld+json\" class=\"yoast-schema-graph\">{\"@context\":\"https:\/\/schema.org\",\"@graph\":[{\"@type\":\"WebPage\",\"@id\":\"https:\/\/penosil.com\/lt\/produktai\/painters-silicone-dazomas-hermetikas\/\",\"url\":\"https:\/\/penosil.com\/lt\/produktai\/painters-silicone-dazomas-hermetikas\/\",\"name\":\"PENOSIL Painters Silicone da\u017eomas silikoninis hermetikas\",\"isPartOf\":{\"@id\":\"https:\/\/penosil.com\/lt\/#website\"},\"primaryImageOfPage\":{\"@id\":\"https:\/\/penosil.com\/lt\/produktai\/painters-silicone-dazomas-hermetikas\/#primaryimage\"},\"image\":{\"@id\":\"https:\/\/penosil.com\/lt\/produktai\/painters-silicone-dazomas-hermetikas\/#primaryimage\"},\"thumbnailUrl\":\"https:\/\/penosil.com\/lt\/wp-content\/uploads\/sites\/13\/2025\/08\/1072_Painters_silicone_LT_EasyPRO.png\",\"datePublished\":\"2020-08-03T12:36:39+00:00\",\"dateModified\":\"2026-04-12T00:03:38+00:00\",\"description\":\"Ry\u0161kiai baltas da\u017eomas silikoninis hermetikas skirtas judan\u010di\u0173 jung\u010di\u0173 ir \u012ftr\u016bkim\u0173 sandarinimui prie\u0161 da\u017eant. Lauko ir vidaus darbams. Daugiau!\",\"breadcrumb\":{\"@id\":\"https:\/\/penosil.com\/lt\/produktai\/painters-silicone-dazomas-hermetikas\/#breadcrumb\"},\"inLanguage\":\"lt-LT\",\"potentialAction\":[{\"@type\":\"ReadAction\",\"target\":[\"https:\/\/penosil.com\/lt\/produktai\/painters-silicone-dazomas-hermetikas\/\"]}]},{\"@type\":\"ImageObject\",\"inLanguage\":\"lt-LT\",\"@id\":\"https:\/\/penosil.com\/lt\/produktai\/painters-silicone-dazomas-hermetikas\/#primaryimage\",\"url\":\"https:\/\/penosil.com\/lt\/wp-content\/uploads\/sites\/13\/2025\/08\/1072_Painters_silicone_LT_EasyPRO.png\",\"contentUrl\":\"https:\/\/penosil.com\/lt\/wp-content\/uploads\/sites\/13\/2025\/08\/1072_Painters_silicone_LT_EasyPRO.png\",\"width\":375,\"height\":1080,\"caption\":\"PENOSIL Painters Silicone da\u017eomas silikoninis hermetikas\"},{\"@type\":\"BreadcrumbList\",\"@id\":\"https:\/\/penosil.com\/lt\/produktai\/painters-silicone-dazomas-hermetikas\/#breadcrumb\",\"itemListElement\":[{\"@type\":\"ListItem\",\"position\":1,\"name\":\"Home\",\"item\":\"https:\/\/penosil.com\/lt\/\"},{\"@type\":\"ListItem\",\"position\":2,\"name\":\"Produktai\",\"item\":\"https:\/\/penosil.com\/lt\/produktai\/\"},{\"@type\":\"ListItem\",\"position\":3,\"name\":\"Painters Silicone\"}]},{\"@type\":\"WebSite\",\"@id\":\"https:\/\/penosil.com\/lt\/#website\",\"url\":\"https:\/\/penosil.com\/lt\/\",\"name\":\"Penosil Lithuania\",\"description\":\"\",\"potentialAction\":[{\"@type\":\"SearchAction\",\"target\":{\"@type\":\"EntryPoint\",\"urlTemplate\":\"https:\/\/penosil.com\/lt\/?s={search_term_string}\"},\"query-input\":{\"@type\":\"PropertyValueSpecification\",\"valueRequired\":true,\"valueName\":\"search_term_string\"}}],\"inLanguage\":\"lt-LT\"}]}<\/script>\n<!-- \/ Yoast SEO plugin. -->","yoast_head_json":{"title":"PENOSIL Painters Silicone da\u017eomas silikoninis hermetikas","description":"Ry\u0161kiai baltas da\u017eomas silikoninis hermetikas skirtas judan\u010di\u0173 jung\u010di\u0173 ir \u012ftr\u016bkim\u0173 sandarinimui prie\u0161 da\u017eant. Lauko ir vidaus darbams. Daugiau!","robots":{"index":"index","follow":"follow","max-snippet":"max-snippet:-1","max-image-preview":"max-image-preview:large","max-video-preview":"max-video-preview:-1"},"canonical":"https:\/\/penosil.com\/lt\/produktai\/painters-silicone-dazomas-hermetikas\/","og_locale":"lt_LT","og_type":"article","og_title":"PENOSIL Painters Silicone da\u017eomas silikoninis hermetikas","og_description":"Ry\u0161kiai baltas da\u017eomas silikoninis hermetikas skirtas judan\u010di\u0173 jung\u010di\u0173 ir \u012ftr\u016bkim\u0173 sandarinimui prie\u0161 da\u017eant. Lauko ir vidaus darbams. Daugiau!","og_url":"https:\/\/penosil.com\/lt\/produktai\/painters-silicone-dazomas-hermetikas\/","og_site_name":"Penosil Lithuania","article_modified_time":"2026-04-12T00:03:38+00:00","og_image":[{"width":375,"height":1080,"url":"https:\/\/penosil.com\/lt\/wp-content\/uploads\/sites\/13\/2025\/08\/1072_Painters_silicone_LT_EasyPRO.png","type":"image\/png"}],"twitter_card":"summary_large_image","schema":{"@context":"https:\/\/schema.org","@graph":[{"@type":"WebPage","@id":"https:\/\/penosil.com\/lt\/produktai\/painters-silicone-dazomas-hermetikas\/","url":"https:\/\/penosil.com\/lt\/produktai\/painters-silicone-dazomas-hermetikas\/","name":"PENOSIL Painters Silicone da\u017eomas silikoninis hermetikas","isPartOf":{"@id":"https:\/\/penosil.com\/lt\/#website"},"primaryImageOfPage":{"@id":"https:\/\/penosil.com\/lt\/produktai\/painters-silicone-dazomas-hermetikas\/#primaryimage"},"image":{"@id":"https:\/\/penosil.com\/lt\/produktai\/painters-silicone-dazomas-hermetikas\/#primaryimage"},"thumbnailUrl":"https:\/\/penosil.com\/lt\/wp-content\/uploads\/sites\/13\/2025\/08\/1072_Painters_silicone_LT_EasyPRO.png","datePublished":"2020-08-03T12:36:39+00:00","dateModified":"2026-04-12T00:03:38+00:00","description":"Ry\u0161kiai baltas da\u017eomas silikoninis hermetikas skirtas judan\u010di\u0173 jung\u010di\u0173 ir \u012ftr\u016bkim\u0173 sandarinimui prie\u0161 da\u017eant. Lauko ir vidaus darbams. Daugiau!","breadcrumb":{"@id":"https:\/\/penosil.com\/lt\/produktai\/painters-silicone-dazomas-hermetikas\/#breadcrumb"},"inLanguage":"lt-LT","potentialAction":[{"@type":"ReadAction","target":["https:\/\/penosil.com\/lt\/produktai\/painters-silicone-dazomas-hermetikas\/"]}]},{"@type":"ImageObject","inLanguage":"lt-LT","@id":"https:\/\/penosil.com\/lt\/produktai\/painters-silicone-dazomas-hermetikas\/#primaryimage","url":"https:\/\/penosil.com\/lt\/wp-content\/uploads\/sites\/13\/2025\/08\/1072_Painters_silicone_LT_EasyPRO.png","contentUrl":"https:\/\/penosil.com\/lt\/wp-content\/uploads\/sites\/13\/2025\/08\/1072_Painters_silicone_LT_EasyPRO.png","width":375,"height":1080,"caption":"PENOSIL Painters Silicone da\u017eomas silikoninis hermetikas"},{"@type":"BreadcrumbList","@id":"https:\/\/penosil.com\/lt\/produktai\/painters-silicone-dazomas-hermetikas\/#breadcrumb","itemListElement":[{"@type":"ListItem","position":1,"name":"Home","item":"https:\/\/penosil.com\/lt\/"},{"@type":"ListItem","position":2,"name":"Produktai","item":"https:\/\/penosil.com\/lt\/produktai\/"},{"@type":"ListItem","position":3,"name":"Painters Silicone"}]},{"@type":"WebSite","@id":"https:\/\/penosil.com\/lt\/#website","url":"https:\/\/penosil.com\/lt\/","name":"Penosil Lithuania","description":"","potentialAction":[{"@type":"SearchAction","target":{"@type":"EntryPoint","urlTemplate":"https:\/\/penosil.com\/lt\/?s={search_term_string}"},"query-input":{"@type":"PropertyValueSpecification","valueRequired":true,"valueName":"search_term_string"}}],"inLanguage":"lt-LT"}]}},"featured_img":"https:\/\/penosil.com\/lt\/wp-content\/uploads\/sites\/13\/2025\/08\/1072_Painters_silicone_LT_EasyPRO.png","coauthors":[],"author_meta":{"author_link":"https:\/\/penosil.com\/lt\/author\/asta\/","display_name":"Asta Salkauskiene"},"relative_dates":{"created":"Posted 6 metai ago","modified":"Updated 7 val ago"},"absolute_dates":{"created":"Posted on 2020 3 rugpj\u016b\u010dio","modified":"Updated on 2026 12 baland\u017eio"},"absolute_dates_time":{"created":"Posted on 2020 3 rugpj\u016b\u010dio 12:36","modified":"Updated on 2026 12 baland\u017eio 0:03"},"featured_img_caption":"","tax_additional":{"product_brand":{"linked":[],"unlinked":[],"slug":"product_brand","name":"Preki\u0173 \u017eenklai"},"product_type":{"linked":["<a href=\"https:\/\/penosil.com\/lt\/?taxonomy=product_type&#038;term=simple\" class=\"advgb-post-tax-term\">simple<\/a>"],"unlinked":["<span class=\"advgb-post-tax-term\">simple<\/span>"],"slug":"product_type","name":"Produkto tipas"},"product_visibility":{"linked":[],"unlinked":[],"slug":"product_visibility","name":"Produkto matomumas"},"product_cat":{"linked":["<a href=\"https:\/\/penosil.com\/lt\/produkto-kategorija\/produktu-grupes\/hermetikai-ir-mastikos\/\" class=\"advgb-post-tax-term\">Hermetikai ir mastikos<\/a>","<a href=\"https:\/\/penosil.com\/lt\/produkto-kategorija\/produktu-grupes\/\" class=\"advgb-post-tax-term\">Produkt\u0173 grup\u0117s<\/a>","<a href=\"https:\/\/penosil.com\/lt\/produkto-kategorija\/produktu-grupes\/hermetikai-ir-mastikos\/akriliniai-hermetikai\/\" class=\"advgb-post-tax-term\">Akriliniai hermetikai<\/a>","<a href=\"https:\/\/penosil.com\/lt\/produkto-kategorija\/easypro\/\" class=\"advgb-post-tax-term\">EasyPRO<\/a>","<a href=\"https:\/\/penosil.com\/lt\/produkto-kategorija\/easypro\/apdailai-ir-dazymui\/\" class=\"advgb-post-tax-term\">Apdailai ir da\u017eymui<\/a>"],"unlinked":["<span class=\"advgb-post-tax-term\">Hermetikai ir mastikos<\/span>","<span class=\"advgb-post-tax-term\">Produkt\u0173 grup\u0117s<\/span>","<span class=\"advgb-post-tax-term\">Akriliniai hermetikai<\/span>","<span class=\"advgb-post-tax-term\">EasyPRO<\/span>","<span class=\"advgb-post-tax-term\">Apdailai ir da\u017eymui<\/span>"],"slug":"product_cat","name":"Produkto kategorijos"},"product_tag":{"linked":[],"unlinked":[],"slug":"product_tag","name":"Produkto \u017eyma"},"product_shipping_class":{"linked":[],"unlinked":[],"slug":"product_shipping_class","name":"Produkto pristatymo klas\u0117s"},"pos_product_visibility":{"linked":[],"unlinked":[],"slug":"pos_product_visibility","name":"POS Product visibility"},"pa_color":{"linked":["<a href=\"https:\/\/penosil.com\/lt\/en\/?taxonomy=pa_color&#038;term=balta\" class=\"advgb-post-tax-term\">Balta<\/a>"],"unlinked":["<span class=\"advgb-post-tax-term\">Balta<\/span>"],"slug":"pa_color","name":"Product Color"},"pa_package":{"linked":[],"unlinked":[],"slug":"pa_package","name":"Product Package"},"pa_plotis":{"linked":[],"unlinked":[],"slug":"pa_plotis","name":"Product Plotis"},"pa_skersmuo":{"linked":[],"unlinked":[],"slug":"pa_skersmuo","name":"Product Skersmuo"},"translation_priority":{"linked":["<a href=\"https:\/\/penosil.com\/lt\/?taxonomy=translation_priority&#038;term=optional-lt\" class=\"advgb-post-tax-term\">Optional<\/a>"],"unlinked":["<span class=\"advgb-post-tax-term\">Optional<\/span>"],"slug":"translation_priority","name":"Translation Priorities"}},"series_order":"","_links":{"self":[{"href":"https:\/\/penosil.com\/lt\/wp-json\/wp\/v2\/product\/10277","targetHints":{"allow":["GET"]}}],"collection":[{"href":"https:\/\/penosil.com\/lt\/wp-json\/wp\/v2\/product"}],"about":[{"href":"https:\/\/penosil.com\/lt\/wp-json\/wp\/v2\/types\/product"}],"version-history":[{"count":7,"href":"https:\/\/penosil.com\/lt\/wp-json\/wp\/v2\/product\/10277\/revisions"}],"predecessor-version":[{"id":16633,"href":"https:\/\/penosil.com\/lt\/wp-json\/wp\/v2\/product\/10277\/revisions\/16633"}],"wp:featuredmedia":[{"embeddable":true,"href":"https:\/\/penosil.com\/lt\/wp-json\/wp\/v2\/media\/15975"}],"wp:attachment":[{"href":"https:\/\/penosil.com\/lt\/wp-json\/wp\/v2\/media?parent=10277"}],"wp:term":[{"taxonomy":"product_brand","embeddable":true,"href":"https:\/\/penosil.com\/lt\/wp-json\/wp\/v2\/product_brand?post=10277"},{"taxonomy":"product_cat","embeddable":true,"href":"https:\/\/penosil.com\/lt\/wp-json\/wp\/v2\/product_cat?post=10277"},{"taxonomy":"product_tag","embeddable":true,"href":"https:\/\/penosil.com\/lt\/wp-json\/wp\/v2\/product_tag?post=10277"}],"curies":[{"name":"wp","href":"https:\/\/api.w.org\/{rel}","templated":true}]}}