{"id":10314,"date":"2020-08-04T11:53:40","date_gmt":"2020-08-04T11:53:40","guid":{"rendered":"https:\/\/penosil.com\/lt\/?post_type=product&#038;p=10314"},"modified":"2025-12-16T01:03:19","modified_gmt":"2025-12-16T01:03:19","slug":"premium-roofmastic-stogu-mastika","status":"publish","type":"product","link":"https:\/\/penosil.com\/lt\/produktai\/premium-roofmastic-stogu-mastika\/","title":{"rendered":"Premium RoofMastic"},"content":{"rendered":"<p>Elastinga vandens pagrindu pagaminta aplinkai draugi\u0161ka stog\u0173 dangos ir izoliavimo mastika.<\/p>\n","protected":false},"excerpt":{"rendered":"stog\u0173 mastika","protected":false},"author":5,"featured_media":16033,"template":"","meta":{"_acf_changed":false,"advgb_blocks_editor_width":"","advgb_blocks_columns_visual_guide":"","footnotes":""},"product_brand":[],"product_cat":[1368,2382,1710],"product_tag":[],"class_list":{"0":"post-10314","1":"product","2":"type-product","3":"status-publish","4":"has-post-thumbnail","6":"product_cat-produktu-grupes","7":"product_cat-dangos-ir-membranos","8":"product_cat-pavirsiaus-padengimo-priemones","10":"first","11":"instock","12":"taxable","13":"shipping-taxable","14":"purchasable","15":"product-type-variable","16":"has-default-attributes"},"acf":[],"yoast_head":"<!-- This site is optimized with the Yoast SEO plugin v27.2 - https:\/\/yoast.com\/product\/yoast-seo-wordpress\/ -->\n<title>PENOSIL Premium RoofMastic stog\u0173 remonto mastika<\/title>\n<meta name=\"description\" content=\"Elastinga vandens pagrindu pagaminta aplinkai draugi\u0161ka stog\u0173 dangos ir izoliavimo mastika. Atspari vandeniui, ta\u010diau pralaidi orui. Daugiau!\" \/>\n<meta name=\"robots\" content=\"index, follow, max-snippet:-1, max-image-preview:large, max-video-preview:-1\" \/>\n<link rel=\"canonical\" href=\"https:\/\/penosil.com\/lt\/produktai\/premium-roofmastic-stogu-mastika\/\" \/>\n<meta property=\"og:locale\" content=\"lt_LT\" \/>\n<meta property=\"og:type\" content=\"article\" \/>\n<meta property=\"og:title\" content=\"PENOSIL Premium RoofMastic stog\u0173 remonto mastika\" \/>\n<meta property=\"og:description\" content=\"Elastinga vandens pagrindu pagaminta aplinkai draugi\u0161ka stog\u0173 dangos ir izoliavimo mastika. Atspari vandeniui, ta\u010diau pralaidi orui. Daugiau!\" \/>\n<meta property=\"og:url\" content=\"https:\/\/penosil.com\/lt\/produktai\/premium-roofmastic-stogu-mastika\/\" \/>\n<meta property=\"og:site_name\" content=\"Penosil Lithuania\" \/>\n<meta property=\"article:modified_time\" content=\"2025-12-16T01:03:19+00:00\" \/>\n<meta property=\"og:image\" content=\"https:\/\/penosil.com\/lt\/wp-content\/uploads\/sites\/13\/2025\/08\/4123_Premium_RoofMastic_1L_NOBA.jpg\" \/>\n\t<meta property=\"og:image:width\" content=\"1244\" \/>\n\t<meta property=\"og:image:height\" content=\"1362\" \/>\n\t<meta property=\"og:image:type\" content=\"image\/jpeg\" \/>\n<meta name=\"twitter:card\" content=\"summary_large_image\" \/>\n<script type=\"application\/ld+json\" class=\"yoast-schema-graph\">{\"@context\":\"https:\/\/schema.org\",\"@graph\":[{\"@type\":\"WebPage\",\"@id\":\"https:\/\/penosil.com\/lt\/produktai\/premium-roofmastic-stogu-mastika\/\",\"url\":\"https:\/\/penosil.com\/lt\/produktai\/premium-roofmastic-stogu-mastika\/\",\"name\":\"PENOSIL Premium RoofMastic stog\u0173 remonto mastika\",\"isPartOf\":{\"@id\":\"https:\/\/penosil.com\/lt\/#website\"},\"primaryImageOfPage\":{\"@id\":\"https:\/\/penosil.com\/lt\/produktai\/premium-roofmastic-stogu-mastika\/#primaryimage\"},\"image\":{\"@id\":\"https:\/\/penosil.com\/lt\/produktai\/premium-roofmastic-stogu-mastika\/#primaryimage\"},\"thumbnailUrl\":\"https:\/\/penosil.com\/lt\/wp-content\/uploads\/sites\/13\/2025\/08\/4123_Premium_RoofMastic_1L_NOBA.jpg\",\"datePublished\":\"2020-08-04T11:53:40+00:00\",\"dateModified\":\"2025-12-16T01:03:19+00:00\",\"description\":\"Elastinga vandens pagrindu pagaminta aplinkai draugi\u0161ka stog\u0173 dangos ir izoliavimo mastika. Atspari vandeniui, ta\u010diau pralaidi orui. Daugiau!\",\"breadcrumb\":{\"@id\":\"https:\/\/penosil.com\/lt\/produktai\/premium-roofmastic-stogu-mastika\/#breadcrumb\"},\"inLanguage\":\"lt-LT\",\"potentialAction\":[{\"@type\":\"ReadAction\",\"target\":[\"https:\/\/penosil.com\/lt\/produktai\/premium-roofmastic-stogu-mastika\/\"]}]},{\"@type\":\"ImageObject\",\"inLanguage\":\"lt-LT\",\"@id\":\"https:\/\/penosil.com\/lt\/produktai\/premium-roofmastic-stogu-mastika\/#primaryimage\",\"url\":\"https:\/\/penosil.com\/lt\/wp-content\/uploads\/sites\/13\/2025\/08\/4123_Premium_RoofMastic_1L_NOBA.jpg\",\"contentUrl\":\"https:\/\/penosil.com\/lt\/wp-content\/uploads\/sites\/13\/2025\/08\/4123_Premium_RoofMastic_1L_NOBA.jpg\",\"width\":1244,\"height\":1362,\"caption\":\"PENOSIL Premium RoofMastic stog\u0173 remonto mastika 1 l\"},{\"@type\":\"BreadcrumbList\",\"@id\":\"https:\/\/penosil.com\/lt\/produktai\/premium-roofmastic-stogu-mastika\/#breadcrumb\",\"itemListElement\":[{\"@type\":\"ListItem\",\"position\":1,\"name\":\"Home\",\"item\":\"https:\/\/penosil.com\/lt\/\"},{\"@type\":\"ListItem\",\"position\":2,\"name\":\"Produktai\",\"item\":\"https:\/\/penosil.com\/lt\/produktai\/\"},{\"@type\":\"ListItem\",\"position\":3,\"name\":\"Premium RoofMastic\"}]},{\"@type\":\"WebSite\",\"@id\":\"https:\/\/penosil.com\/lt\/#website\",\"url\":\"https:\/\/penosil.com\/lt\/\",\"name\":\"Penosil Lithuania\",\"description\":\"\",\"potentialAction\":[{\"@type\":\"SearchAction\",\"target\":{\"@type\":\"EntryPoint\",\"urlTemplate\":\"https:\/\/penosil.com\/lt\/?s={search_term_string}\"},\"query-input\":{\"@type\":\"PropertyValueSpecification\",\"valueRequired\":true,\"valueName\":\"search_term_string\"}}],\"inLanguage\":\"lt-LT\"}]}<\/script>\n<!-- \/ Yoast SEO plugin. -->","yoast_head_json":{"title":"PENOSIL Premium RoofMastic stog\u0173 remonto mastika","description":"Elastinga vandens pagrindu pagaminta aplinkai draugi\u0161ka stog\u0173 dangos ir izoliavimo mastika. Atspari vandeniui, ta\u010diau pralaidi orui. Daugiau!","robots":{"index":"index","follow":"follow","max-snippet":"max-snippet:-1","max-image-preview":"max-image-preview:large","max-video-preview":"max-video-preview:-1"},"canonical":"https:\/\/penosil.com\/lt\/produktai\/premium-roofmastic-stogu-mastika\/","og_locale":"lt_LT","og_type":"article","og_title":"PENOSIL Premium RoofMastic stog\u0173 remonto mastika","og_description":"Elastinga vandens pagrindu pagaminta aplinkai draugi\u0161ka stog\u0173 dangos ir izoliavimo mastika. Atspari vandeniui, ta\u010diau pralaidi orui. Daugiau!","og_url":"https:\/\/penosil.com\/lt\/produktai\/premium-roofmastic-stogu-mastika\/","og_site_name":"Penosil Lithuania","article_modified_time":"2025-12-16T01:03:19+00:00","og_image":[{"width":1244,"height":1362,"url":"https:\/\/penosil.com\/lt\/wp-content\/uploads\/sites\/13\/2025\/08\/4123_Premium_RoofMastic_1L_NOBA.jpg","type":"image\/jpeg"}],"twitter_card":"summary_large_image","schema":{"@context":"https:\/\/schema.org","@graph":[{"@type":"WebPage","@id":"https:\/\/penosil.com\/lt\/produktai\/premium-roofmastic-stogu-mastika\/","url":"https:\/\/penosil.com\/lt\/produktai\/premium-roofmastic-stogu-mastika\/","name":"PENOSIL Premium RoofMastic stog\u0173 remonto mastika","isPartOf":{"@id":"https:\/\/penosil.com\/lt\/#website"},"primaryImageOfPage":{"@id":"https:\/\/penosil.com\/lt\/produktai\/premium-roofmastic-stogu-mastika\/#primaryimage"},"image":{"@id":"https:\/\/penosil.com\/lt\/produktai\/premium-roofmastic-stogu-mastika\/#primaryimage"},"thumbnailUrl":"https:\/\/penosil.com\/lt\/wp-content\/uploads\/sites\/13\/2025\/08\/4123_Premium_RoofMastic_1L_NOBA.jpg","datePublished":"2020-08-04T11:53:40+00:00","dateModified":"2025-12-16T01:03:19+00:00","description":"Elastinga vandens pagrindu pagaminta aplinkai draugi\u0161ka stog\u0173 dangos ir izoliavimo mastika. Atspari vandeniui, ta\u010diau pralaidi orui. Daugiau!","breadcrumb":{"@id":"https:\/\/penosil.com\/lt\/produktai\/premium-roofmastic-stogu-mastika\/#breadcrumb"},"inLanguage":"lt-LT","potentialAction":[{"@type":"ReadAction","target":["https:\/\/penosil.com\/lt\/produktai\/premium-roofmastic-stogu-mastika\/"]}]},{"@type":"ImageObject","inLanguage":"lt-LT","@id":"https:\/\/penosil.com\/lt\/produktai\/premium-roofmastic-stogu-mastika\/#primaryimage","url":"https:\/\/penosil.com\/lt\/wp-content\/uploads\/sites\/13\/2025\/08\/4123_Premium_RoofMastic_1L_NOBA.jpg","contentUrl":"https:\/\/penosil.com\/lt\/wp-content\/uploads\/sites\/13\/2025\/08\/4123_Premium_RoofMastic_1L_NOBA.jpg","width":1244,"height":1362,"caption":"PENOSIL Premium RoofMastic stog\u0173 remonto mastika 1 l"},{"@type":"BreadcrumbList","@id":"https:\/\/penosil.com\/lt\/produktai\/premium-roofmastic-stogu-mastika\/#breadcrumb","itemListElement":[{"@type":"ListItem","position":1,"name":"Home","item":"https:\/\/penosil.com\/lt\/"},{"@type":"ListItem","position":2,"name":"Produktai","item":"https:\/\/penosil.com\/lt\/produktai\/"},{"@type":"ListItem","position":3,"name":"Premium RoofMastic"}]},{"@type":"WebSite","@id":"https:\/\/penosil.com\/lt\/#website","url":"https:\/\/penosil.com\/lt\/","name":"Penosil Lithuania","description":"","potentialAction":[{"@type":"SearchAction","target":{"@type":"EntryPoint","urlTemplate":"https:\/\/penosil.com\/lt\/?s={search_term_string}"},"query-input":{"@type":"PropertyValueSpecification","valueRequired":true,"valueName":"search_term_string"}}],"inLanguage":"lt-LT"}]}},"featured_img":"https:\/\/penosil.com\/lt\/wp-content\/uploads\/sites\/13\/2025\/08\/4123_Premium_RoofMastic_1L_NOBA.jpg","coauthors":[],"author_meta":{"author_link":"https:\/\/penosil.com\/lt\/author\/asta\/","display_name":"Asta Salkauskiene"},"relative_dates":{"created":"Posted 6 metai ago","modified":"Updated 4 m\u0117nesiai ago"},"absolute_dates":{"created":"Posted on 2020 4 rugpj\u016b\u010dio","modified":"Updated on 2025 16 gruod\u017eio"},"absolute_dates_time":{"created":"Posted on 2020 4 rugpj\u016b\u010dio 11:53","modified":"Updated on 2025 16 gruod\u017eio 1:03"},"featured_img_caption":"","tax_additional":{"product_brand":{"linked":[],"unlinked":[],"slug":"product_brand","name":"Preki\u0173 \u017eenklai"},"product_type":{"linked":["<a href=\"https:\/\/penosil.com\/lt\/?taxonomy=product_type&#038;term=variable\" class=\"advgb-post-tax-term\">variable<\/a>"],"unlinked":["<span class=\"advgb-post-tax-term\">variable<\/span>"],"slug":"product_type","name":"Produkto tipas"},"product_visibility":{"linked":[],"unlinked":[],"slug":"product_visibility","name":"Produkto matomumas"},"product_cat":{"linked":["<a href=\"https:\/\/penosil.com\/lt\/produkto-kategorija\/produktu-grupes\/\" class=\"advgb-post-tax-term\">Produkt\u0173 grup\u0117s<\/a>","<a href=\"https:\/\/penosil.com\/lt\/produkto-kategorija\/produktu-grupes\/pavirsiaus-padengimo-priemones\/dangos-ir-membranos\/\" class=\"advgb-post-tax-term\">Dangos ir membranos<\/a>","<a href=\"https:\/\/penosil.com\/lt\/produkto-kategorija\/produktu-grupes\/pavirsiaus-padengimo-priemones\/\" class=\"advgb-post-tax-term\">Pavir\u0161iaus padengimo priemon\u0117s<\/a>"],"unlinked":["<span class=\"advgb-post-tax-term\">Produkt\u0173 grup\u0117s<\/span>","<span class=\"advgb-post-tax-term\">Dangos ir membranos<\/span>","<span class=\"advgb-post-tax-term\">Pavir\u0161iaus padengimo priemon\u0117s<\/span>"],"slug":"product_cat","name":"Produkto kategorijos"},"product_tag":{"linked":[],"unlinked":[],"slug":"product_tag","name":"Produkto \u017eyma"},"product_shipping_class":{"linked":[],"unlinked":[],"slug":"product_shipping_class","name":"Produkto pristatymo klas\u0117s"},"pos_product_visibility":{"linked":[],"unlinked":[],"slug":"pos_product_visibility","name":"POS Product visibility"},"pa_color":{"linked":["<a href=\"https:\/\/penosil.com\/lt\/en\/?taxonomy=pa_color&#038;term=pilka\" class=\"advgb-post-tax-term\">Pilka<\/a>"],"unlinked":["<span class=\"advgb-post-tax-term\">Pilka<\/span>"],"slug":"pa_color","name":"Product Color"},"pa_package":{"linked":["<a href=\"https:\/\/penosil.com\/lt\/?taxonomy=pa_package&#038;term=1-l\" class=\"advgb-post-tax-term\">1 l<\/a>","<a href=\"https:\/\/penosil.com\/lt\/?taxonomy=pa_package&#038;term=3-l\" class=\"advgb-post-tax-term\">3 l<\/a>","<a href=\"https:\/\/penosil.com\/lt\/?taxonomy=pa_package&#038;term=10-l\" class=\"advgb-post-tax-term\">10 l<\/a>"],"unlinked":["<span class=\"advgb-post-tax-term\">1 l<\/span>","<span class=\"advgb-post-tax-term\">3 l<\/span>","<span class=\"advgb-post-tax-term\">10 l<\/span>"],"slug":"pa_package","name":"Product Package"},"pa_plotis":{"linked":[],"unlinked":[],"slug":"pa_plotis","name":"Product Plotis"},"pa_skersmuo":{"linked":[],"unlinked":[],"slug":"pa_skersmuo","name":"Product Skersmuo"},"translation_priority":{"linked":["<a href=\"https:\/\/penosil.com\/lt\/?taxonomy=translation_priority&#038;term=optional-lt\" class=\"advgb-post-tax-term\">Optional<\/a>"],"unlinked":["<span class=\"advgb-post-tax-term\">Optional<\/span>"],"slug":"translation_priority","name":"Translation Priorities"}},"series_order":"","_links":{"self":[{"href":"https:\/\/penosil.com\/lt\/wp-json\/wp\/v2\/product\/10314","targetHints":{"allow":["GET"]}}],"collection":[{"href":"https:\/\/penosil.com\/lt\/wp-json\/wp\/v2\/product"}],"about":[{"href":"https:\/\/penosil.com\/lt\/wp-json\/wp\/v2\/types\/product"}],"version-history":[{"count":6,"href":"https:\/\/penosil.com\/lt\/wp-json\/wp\/v2\/product\/10314\/revisions"}],"predecessor-version":[{"id":16078,"href":"https:\/\/penosil.com\/lt\/wp-json\/wp\/v2\/product\/10314\/revisions\/16078"}],"wp:featuredmedia":[{"embeddable":true,"href":"https:\/\/penosil.com\/lt\/wp-json\/wp\/v2\/media\/16033"}],"wp:attachment":[{"href":"https:\/\/penosil.com\/lt\/wp-json\/wp\/v2\/media?parent=10314"}],"wp:term":[{"taxonomy":"product_brand","embeddable":true,"href":"https:\/\/penosil.com\/lt\/wp-json\/wp\/v2\/product_brand?post=10314"},{"taxonomy":"product_cat","embeddable":true,"href":"https:\/\/penosil.com\/lt\/wp-json\/wp\/v2\/product_cat?post=10314"},{"taxonomy":"product_tag","embeddable":true,"href":"https:\/\/penosil.com\/lt\/wp-json\/wp\/v2\/product_tag?post=10314"}],"curies":[{"name":"wp","href":"https:\/\/api.w.org\/{rel}","templated":true}]}}