{"id":10785,"date":"2022-04-19T11:01:08","date_gmt":"2022-04-19T11:01:08","guid":{"rendered":"https:\/\/penosil.com\/lt\/?post_type=product&#038;p=10785"},"modified":"2026-02-24T01:02:03","modified_gmt":"2026-02-24T01:02:03","slug":"airtight-membrane-704-elastinga-isorine-tepama-mastika","status":"publish","type":"product","link":"https:\/\/penosil.com\/lt\/produktai\/airtight-membrane-704-elastinga-isorine-tepama-mastika\/","title":{"rendered":"Airtight Membrane 704"},"content":{"rendered":"<p>MS polimero pagrindu pagaminta i\u0161orin\u0117 tepama mastika, skirta apsaugoti i\u0161orin\u0117ms lang\u0173 ir dur\u0173 jungtims, \u012fvadams bei kitoms jungtims nuo oro ir oro s\u0105lyg\u0173. Ant sandarint\u0173 viet\u0173 sudaro elasting\u0105, besi\u016bl\u012f ir garams pralaid\u0173 sluoksn\u012f. Puikus sukibimas su daugeliu med\u017eiag\u0173, pvz. betonu, m\u016bru, PU putomis, keramin\u0117mis plytel\u0117mis, metalais, EPDM, dauguma plastik\u0173 ir kt.<\/p>\n","protected":false},"excerpt":{"rendered":"elastinga i\u0161orin\u0117 tepama mastika","protected":false},"author":5,"featured_media":15821,"template":"","meta":{"_acf_changed":false,"advgb_blocks_editor_width":"","advgb_blocks_columns_visual_guide":"","footnotes":""},"product_brand":[],"product_cat":[210,1289,1368,1695,2382,2371,1710],"product_tag":[],"class_list":{"0":"post-10785","1":"product","2":"type-product","3":"status-publish","4":"has-post-thumbnail","6":"product_cat-naudojimo-sritys","7":"product_cat-langai-ir-durys","8":"product_cat-produktu-grupes","9":"product_cat-juostos-ir-membranos","10":"product_cat-dangos-ir-membranos","11":"product_cat-langu-juostos-ir-membranos","12":"product_cat-pavirsiaus-padengimo-priemones","14":"first","15":"instock","16":"taxable","17":"shipping-taxable","18":"purchasable","19":"product-type-simple"},"acf":[],"yoast_head":"<!-- This site is optimized with the Yoast SEO plugin v27.2 - https:\/\/yoast.com\/product\/yoast-seo-wordpress\/ -->\n<title>PENOSIL Airtight Membrane 704 elastinga i\u0161orin\u0117 tepama mastika<\/title>\n<meta name=\"description\" content=\"Elastinga skysta i\u0161orin\u0117 mastika, skirta i\u0161orin\u0117ms lang\u0173 ir dur\u0173 jungtims sandarinti. Sudaro atspar\u0173 oro s\u0105lygoms, ta\u010diau garams pralaid\u0173 sluoksn\u012f. Daugiau!\" \/>\n<meta name=\"robots\" content=\"index, follow, max-snippet:-1, max-image-preview:large, max-video-preview:-1\" \/>\n<link rel=\"canonical\" href=\"https:\/\/penosil.com\/lt\/produktai\/airtight-membrane-704-elastinga-isorine-tepama-mastika\/\" \/>\n<meta property=\"og:locale\" content=\"lt_LT\" \/>\n<meta property=\"og:type\" content=\"article\" \/>\n<meta property=\"og:title\" content=\"PENOSIL Airtight Membrane 704 elastinga i\u0161orin\u0117 tepama mastika\" \/>\n<meta property=\"og:description\" content=\"Elastinga skysta i\u0161orin\u0117 mastika, skirta i\u0161orin\u0117ms lang\u0173 ir dur\u0173 jungtims sandarinti. Sudaro atspar\u0173 oro s\u0105lygoms, ta\u010diau garams pralaid\u0173 sluoksn\u012f. Daugiau!\" \/>\n<meta property=\"og:url\" content=\"https:\/\/penosil.com\/lt\/produktai\/airtight-membrane-704-elastinga-isorine-tepama-mastika\/\" \/>\n<meta property=\"og:site_name\" content=\"Penosil Lithuania\" \/>\n<meta property=\"article:modified_time\" content=\"2026-02-24T01:02:03+00:00\" \/>\n<meta property=\"og:image\" content=\"https:\/\/penosil.com\/lt\/wp-content\/uploads\/sites\/13\/2025\/08\/704_Airtight_Membrane_704_600ml.png\" \/>\n\t<meta property=\"og:image:width\" content=\"220\" \/>\n\t<meta property=\"og:image:height\" content=\"1080\" \/>\n\t<meta property=\"og:image:type\" content=\"image\/png\" \/>\n<meta name=\"twitter:card\" content=\"summary_large_image\" \/>\n<script type=\"application\/ld+json\" class=\"yoast-schema-graph\">{\"@context\":\"https:\/\/schema.org\",\"@graph\":[{\"@type\":\"WebPage\",\"@id\":\"https:\/\/penosil.com\/lt\/produktai\/airtight-membrane-704-elastinga-isorine-tepama-mastika\/\",\"url\":\"https:\/\/penosil.com\/lt\/produktai\/airtight-membrane-704-elastinga-isorine-tepama-mastika\/\",\"name\":\"PENOSIL Airtight Membrane 704 elastinga i\u0161orin\u0117 tepama mastika\",\"isPartOf\":{\"@id\":\"https:\/\/penosil.com\/lt\/#website\"},\"primaryImageOfPage\":{\"@id\":\"https:\/\/penosil.com\/lt\/produktai\/airtight-membrane-704-elastinga-isorine-tepama-mastika\/#primaryimage\"},\"image\":{\"@id\":\"https:\/\/penosil.com\/lt\/produktai\/airtight-membrane-704-elastinga-isorine-tepama-mastika\/#primaryimage\"},\"thumbnailUrl\":\"https:\/\/penosil.com\/lt\/wp-content\/uploads\/sites\/13\/2025\/08\/704_Airtight_Membrane_704_600ml.png\",\"datePublished\":\"2022-04-19T11:01:08+00:00\",\"dateModified\":\"2026-02-24T01:02:03+00:00\",\"description\":\"Elastinga skysta i\u0161orin\u0117 mastika, skirta i\u0161orin\u0117ms lang\u0173 ir dur\u0173 jungtims sandarinti. Sudaro atspar\u0173 oro s\u0105lygoms, ta\u010diau garams pralaid\u0173 sluoksn\u012f. Daugiau!\",\"breadcrumb\":{\"@id\":\"https:\/\/penosil.com\/lt\/produktai\/airtight-membrane-704-elastinga-isorine-tepama-mastika\/#breadcrumb\"},\"inLanguage\":\"lt-LT\",\"potentialAction\":[{\"@type\":\"ReadAction\",\"target\":[\"https:\/\/penosil.com\/lt\/produktai\/airtight-membrane-704-elastinga-isorine-tepama-mastika\/\"]}]},{\"@type\":\"ImageObject\",\"inLanguage\":\"lt-LT\",\"@id\":\"https:\/\/penosil.com\/lt\/produktai\/airtight-membrane-704-elastinga-isorine-tepama-mastika\/#primaryimage\",\"url\":\"https:\/\/penosil.com\/lt\/wp-content\/uploads\/sites\/13\/2025\/08\/704_Airtight_Membrane_704_600ml.png\",\"contentUrl\":\"https:\/\/penosil.com\/lt\/wp-content\/uploads\/sites\/13\/2025\/08\/704_Airtight_Membrane_704_600ml.png\",\"width\":220,\"height\":1080,\"caption\":\"PENOSIL Airtight Membrane 704 elastinga i\u0161orin\u0117 tepama mastika\"},{\"@type\":\"BreadcrumbList\",\"@id\":\"https:\/\/penosil.com\/lt\/produktai\/airtight-membrane-704-elastinga-isorine-tepama-mastika\/#breadcrumb\",\"itemListElement\":[{\"@type\":\"ListItem\",\"position\":1,\"name\":\"Home\",\"item\":\"https:\/\/penosil.com\/lt\/\"},{\"@type\":\"ListItem\",\"position\":2,\"name\":\"Produktai\",\"item\":\"https:\/\/penosil.com\/lt\/produktai\/\"},{\"@type\":\"ListItem\",\"position\":3,\"name\":\"Airtight Membrane 704\"}]},{\"@type\":\"WebSite\",\"@id\":\"https:\/\/penosil.com\/lt\/#website\",\"url\":\"https:\/\/penosil.com\/lt\/\",\"name\":\"Penosil Lithuania\",\"description\":\"\",\"potentialAction\":[{\"@type\":\"SearchAction\",\"target\":{\"@type\":\"EntryPoint\",\"urlTemplate\":\"https:\/\/penosil.com\/lt\/?s={search_term_string}\"},\"query-input\":{\"@type\":\"PropertyValueSpecification\",\"valueRequired\":true,\"valueName\":\"search_term_string\"}}],\"inLanguage\":\"lt-LT\"}]}<\/script>\n<!-- \/ Yoast SEO plugin. -->","yoast_head_json":{"title":"PENOSIL Airtight Membrane 704 elastinga i\u0161orin\u0117 tepama mastika","description":"Elastinga skysta i\u0161orin\u0117 mastika, skirta i\u0161orin\u0117ms lang\u0173 ir dur\u0173 jungtims sandarinti. Sudaro atspar\u0173 oro s\u0105lygoms, ta\u010diau garams pralaid\u0173 sluoksn\u012f. Daugiau!","robots":{"index":"index","follow":"follow","max-snippet":"max-snippet:-1","max-image-preview":"max-image-preview:large","max-video-preview":"max-video-preview:-1"},"canonical":"https:\/\/penosil.com\/lt\/produktai\/airtight-membrane-704-elastinga-isorine-tepama-mastika\/","og_locale":"lt_LT","og_type":"article","og_title":"PENOSIL Airtight Membrane 704 elastinga i\u0161orin\u0117 tepama mastika","og_description":"Elastinga skysta i\u0161orin\u0117 mastika, skirta i\u0161orin\u0117ms lang\u0173 ir dur\u0173 jungtims sandarinti. Sudaro atspar\u0173 oro s\u0105lygoms, ta\u010diau garams pralaid\u0173 sluoksn\u012f. Daugiau!","og_url":"https:\/\/penosil.com\/lt\/produktai\/airtight-membrane-704-elastinga-isorine-tepama-mastika\/","og_site_name":"Penosil Lithuania","article_modified_time":"2026-02-24T01:02:03+00:00","og_image":[{"width":220,"height":1080,"url":"https:\/\/penosil.com\/lt\/wp-content\/uploads\/sites\/13\/2025\/08\/704_Airtight_Membrane_704_600ml.png","type":"image\/png"}],"twitter_card":"summary_large_image","schema":{"@context":"https:\/\/schema.org","@graph":[{"@type":"WebPage","@id":"https:\/\/penosil.com\/lt\/produktai\/airtight-membrane-704-elastinga-isorine-tepama-mastika\/","url":"https:\/\/penosil.com\/lt\/produktai\/airtight-membrane-704-elastinga-isorine-tepama-mastika\/","name":"PENOSIL Airtight Membrane 704 elastinga i\u0161orin\u0117 tepama mastika","isPartOf":{"@id":"https:\/\/penosil.com\/lt\/#website"},"primaryImageOfPage":{"@id":"https:\/\/penosil.com\/lt\/produktai\/airtight-membrane-704-elastinga-isorine-tepama-mastika\/#primaryimage"},"image":{"@id":"https:\/\/penosil.com\/lt\/produktai\/airtight-membrane-704-elastinga-isorine-tepama-mastika\/#primaryimage"},"thumbnailUrl":"https:\/\/penosil.com\/lt\/wp-content\/uploads\/sites\/13\/2025\/08\/704_Airtight_Membrane_704_600ml.png","datePublished":"2022-04-19T11:01:08+00:00","dateModified":"2026-02-24T01:02:03+00:00","description":"Elastinga skysta i\u0161orin\u0117 mastika, skirta i\u0161orin\u0117ms lang\u0173 ir dur\u0173 jungtims sandarinti. Sudaro atspar\u0173 oro s\u0105lygoms, ta\u010diau garams pralaid\u0173 sluoksn\u012f. Daugiau!","breadcrumb":{"@id":"https:\/\/penosil.com\/lt\/produktai\/airtight-membrane-704-elastinga-isorine-tepama-mastika\/#breadcrumb"},"inLanguage":"lt-LT","potentialAction":[{"@type":"ReadAction","target":["https:\/\/penosil.com\/lt\/produktai\/airtight-membrane-704-elastinga-isorine-tepama-mastika\/"]}]},{"@type":"ImageObject","inLanguage":"lt-LT","@id":"https:\/\/penosil.com\/lt\/produktai\/airtight-membrane-704-elastinga-isorine-tepama-mastika\/#primaryimage","url":"https:\/\/penosil.com\/lt\/wp-content\/uploads\/sites\/13\/2025\/08\/704_Airtight_Membrane_704_600ml.png","contentUrl":"https:\/\/penosil.com\/lt\/wp-content\/uploads\/sites\/13\/2025\/08\/704_Airtight_Membrane_704_600ml.png","width":220,"height":1080,"caption":"PENOSIL Airtight Membrane 704 elastinga i\u0161orin\u0117 tepama mastika"},{"@type":"BreadcrumbList","@id":"https:\/\/penosil.com\/lt\/produktai\/airtight-membrane-704-elastinga-isorine-tepama-mastika\/#breadcrumb","itemListElement":[{"@type":"ListItem","position":1,"name":"Home","item":"https:\/\/penosil.com\/lt\/"},{"@type":"ListItem","position":2,"name":"Produktai","item":"https:\/\/penosil.com\/lt\/produktai\/"},{"@type":"ListItem","position":3,"name":"Airtight Membrane 704"}]},{"@type":"WebSite","@id":"https:\/\/penosil.com\/lt\/#website","url":"https:\/\/penosil.com\/lt\/","name":"Penosil Lithuania","description":"","potentialAction":[{"@type":"SearchAction","target":{"@type":"EntryPoint","urlTemplate":"https:\/\/penosil.com\/lt\/?s={search_term_string}"},"query-input":{"@type":"PropertyValueSpecification","valueRequired":true,"valueName":"search_term_string"}}],"inLanguage":"lt-LT"}]}},"featured_img":"https:\/\/penosil.com\/lt\/wp-content\/uploads\/sites\/13\/2025\/08\/704_Airtight_Membrane_704_600ml.png","coauthors":[],"author_meta":{"author_link":"https:\/\/penosil.com\/lt\/author\/asta\/","display_name":"Asta Salkauskiene"},"relative_dates":{"created":"Posted 4 metai ago","modified":"Updated 2 m\u0117nesiai ago"},"absolute_dates":{"created":"Posted on 2022 19 baland\u017eio","modified":"Updated on 2026 24 vasario"},"absolute_dates_time":{"created":"Posted on 2022 19 baland\u017eio 11:01","modified":"Updated on 2026 24 vasario 1:02"},"featured_img_caption":"","tax_additional":{"product_brand":{"linked":[],"unlinked":[],"slug":"product_brand","name":"Preki\u0173 \u017eenklai"},"product_type":{"linked":["<a href=\"https:\/\/penosil.com\/lt\/?taxonomy=product_type&#038;term=simple\" class=\"advgb-post-tax-term\">simple<\/a>"],"unlinked":["<span class=\"advgb-post-tax-term\">simple<\/span>"],"slug":"product_type","name":"Produkto tipas"},"product_visibility":{"linked":[],"unlinked":[],"slug":"product_visibility","name":"Produkto matomumas"},"product_cat":{"linked":["<a href=\"https:\/\/penosil.com\/lt\/produkto-kategorija\/naudojimo-sritys\/\" class=\"advgb-post-tax-term\">Naudojimo sritys<\/a>","<a href=\"https:\/\/penosil.com\/lt\/produkto-kategorija\/naudojimo-sritys\/langai-ir-durys\/\" class=\"advgb-post-tax-term\">Langai ir durys<\/a>","<a href=\"https:\/\/penosil.com\/lt\/produkto-kategorija\/produktu-grupes\/\" class=\"advgb-post-tax-term\">Produkt\u0173 grup\u0117s<\/a>","<a href=\"https:\/\/penosil.com\/lt\/produkto-kategorija\/produktu-grupes\/juostos-ir-membranos\/\" class=\"advgb-post-tax-term\">Juostos ir membranos<\/a>","<a href=\"https:\/\/penosil.com\/lt\/produkto-kategorija\/produktu-grupes\/pavirsiaus-padengimo-priemones\/dangos-ir-membranos\/\" class=\"advgb-post-tax-term\">Dangos ir membranos<\/a>","<a href=\"https:\/\/penosil.com\/lt\/produkto-kategorija\/produktu-grupes\/juostos-ir-membranos\/langu-juostos-ir-membranos\/\" class=\"advgb-post-tax-term\">Lang\u0173 juostos ir membranos<\/a>","<a href=\"https:\/\/penosil.com\/lt\/produkto-kategorija\/produktu-grupes\/pavirsiaus-padengimo-priemones\/\" class=\"advgb-post-tax-term\">Pavir\u0161iaus padengimo priemon\u0117s<\/a>"],"unlinked":["<span class=\"advgb-post-tax-term\">Naudojimo sritys<\/span>","<span class=\"advgb-post-tax-term\">Langai ir durys<\/span>","<span class=\"advgb-post-tax-term\">Produkt\u0173 grup\u0117s<\/span>","<span class=\"advgb-post-tax-term\">Juostos ir membranos<\/span>","<span class=\"advgb-post-tax-term\">Dangos ir membranos<\/span>","<span class=\"advgb-post-tax-term\">Lang\u0173 juostos ir membranos<\/span>","<span class=\"advgb-post-tax-term\">Pavir\u0161iaus padengimo priemon\u0117s<\/span>"],"slug":"product_cat","name":"Produkto kategorijos"},"product_tag":{"linked":[],"unlinked":[],"slug":"product_tag","name":"Produkto \u017eyma"},"product_shipping_class":{"linked":[],"unlinked":[],"slug":"product_shipping_class","name":"Produkto pristatymo klas\u0117s"},"pos_product_visibility":{"linked":[],"unlinked":[],"slug":"pos_product_visibility","name":"POS Product visibility"},"pa_color":{"linked":["<a href=\"https:\/\/penosil.com\/lt\/en\/?taxonomy=pa_color&#038;term=pilka\" class=\"advgb-post-tax-term\">Pilka<\/a>"],"unlinked":["<span class=\"advgb-post-tax-term\">Pilka<\/span>"],"slug":"pa_color","name":"Product Color"},"pa_package":{"linked":["<a href=\"https:\/\/penosil.com\/lt\/?taxonomy=pa_package&#038;term=600-ml\" class=\"advgb-post-tax-term\">600 ml<\/a>"],"unlinked":["<span class=\"advgb-post-tax-term\">600 ml<\/span>"],"slug":"pa_package","name":"Product Package"},"pa_plotis":{"linked":[],"unlinked":[],"slug":"pa_plotis","name":"Product Plotis"},"pa_skersmuo":{"linked":[],"unlinked":[],"slug":"pa_skersmuo","name":"Product Skersmuo"},"translation_priority":{"linked":["<a href=\"https:\/\/penosil.com\/lt\/?taxonomy=translation_priority&#038;term=optional-lt\" class=\"advgb-post-tax-term\">Optional<\/a>"],"unlinked":["<span class=\"advgb-post-tax-term\">Optional<\/span>"],"slug":"translation_priority","name":"Translation Priorities"}},"series_order":"","_links":{"self":[{"href":"https:\/\/penosil.com\/lt\/wp-json\/wp\/v2\/product\/10785","targetHints":{"allow":["GET"]}}],"collection":[{"href":"https:\/\/penosil.com\/lt\/wp-json\/wp\/v2\/product"}],"about":[{"href":"https:\/\/penosil.com\/lt\/wp-json\/wp\/v2\/types\/product"}],"version-history":[{"count":7,"href":"https:\/\/penosil.com\/lt\/wp-json\/wp\/v2\/product\/10785\/revisions"}],"predecessor-version":[{"id":16159,"href":"https:\/\/penosil.com\/lt\/wp-json\/wp\/v2\/product\/10785\/revisions\/16159"}],"wp:featuredmedia":[{"embeddable":true,"href":"https:\/\/penosil.com\/lt\/wp-json\/wp\/v2\/media\/15821"}],"wp:attachment":[{"href":"https:\/\/penosil.com\/lt\/wp-json\/wp\/v2\/media?parent=10785"}],"wp:term":[{"taxonomy":"product_brand","embeddable":true,"href":"https:\/\/penosil.com\/lt\/wp-json\/wp\/v2\/product_brand?post=10785"},{"taxonomy":"product_cat","embeddable":true,"href":"https:\/\/penosil.com\/lt\/wp-json\/wp\/v2\/product_cat?post=10785"},{"taxonomy":"product_tag","embeddable":true,"href":"https:\/\/penosil.com\/lt\/wp-json\/wp\/v2\/product_tag?post=10785"}],"curies":[{"name":"wp","href":"https:\/\/api.w.org\/{rel}","templated":true}]}}