{"id":11325,"date":"2022-05-23T10:56:21","date_gmt":"2022-05-23T10:56:21","guid":{"rendered":"https:\/\/penosil.com\/lt\/?post_type=product&#038;p=11325"},"modified":"2026-01-21T01:06:25","modified_gmt":"2026-01-21T01:06:25","slug":"parquet-filler-630-akrilinis-hermetikas-parketui","status":"publish","type":"product","link":"https:\/\/penosil.com\/lt\/produktai\/parquet-filler-630-akrilinis-hermetikas-parketui\/","title":{"rendered":"Parquet Filler 630"},"content":{"rendered":"<p>Vandens pagrindu pagamintas plasto-elastinis akrilinis hermetikas parketui, skirtas medini\u0173 si\u016bli\u0173 sandarinimui, u\u017epildymui ir taisymui. Sudaro tvirt\u0105 sandarikl\u012f su daugybe por\u0117t\u0173 ir nepor\u0117t\u0173 med\u017eiag\u0173, toki\u0173 kaip betonas, plytos, metalai ir gipso kartono plok\u0161t\u0117s.<\/p>\n","protected":false},"excerpt":{"rendered":"akrilinis hermetikas parketui","protected":false},"author":5,"featured_media":16148,"template":"","meta":{"_acf_changed":false,"advgb_blocks_editor_width":"","advgb_blocks_columns_visual_guide":"","footnotes":""},"product_brand":[],"product_cat":[210,1608,1368,1626,770],"product_tag":[],"class_list":{"0":"post-11325","1":"product","2":"type-product","3":"status-publish","4":"has-post-thumbnail","6":"product_cat-naudojimo-sritys","7":"product_cat-hermetikai-ir-mastikos","8":"product_cat-produktu-grupes","9":"product_cat-akriliniai-hermetikai","10":"product_cat-grindys","12":"first","13":"instock","14":"taxable","15":"shipping-taxable","16":"purchasable","17":"product-type-variable"},"acf":[],"yoast_head":"<!-- This site is optimized with the Yoast SEO plugin v27.4 - https:\/\/yoast.com\/product\/yoast-seo-wordpress\/ -->\n<title>PENOSIL Parquet Filler 630 akrilinis hermetikas parketui<\/title>\n<meta name=\"description\" content=\"Akrilinis hermetikas parketui - u\u017epildyti, sandarinti vis\u0173 medini\u0173 grind\u0173 si\u016bles: lakuotas, nelakuotas, parket\u0105, laminat\u0105. Daugiau!\" \/>\n<meta name=\"robots\" content=\"index, follow, max-snippet:-1, max-image-preview:large, max-video-preview:-1\" \/>\n<link rel=\"canonical\" href=\"https:\/\/penosil.com\/lt\/produktai\/parquet-filler-630-akrilinis-hermetikas-parketui\/\" \/>\n<meta property=\"og:locale\" content=\"lt_LT\" \/>\n<meta property=\"og:type\" content=\"article\" \/>\n<meta property=\"og:title\" content=\"PENOSIL Parquet Filler 630 akrilinis hermetikas parketui\" \/>\n<meta property=\"og:description\" content=\"Akrilinis hermetikas parketui - u\u017epildyti, sandarinti vis\u0173 medini\u0173 grind\u0173 si\u016bles: lakuotas, nelakuotas, parket\u0105, laminat\u0105. Daugiau!\" \/>\n<meta property=\"og:url\" content=\"https:\/\/penosil.com\/lt\/produktai\/parquet-filler-630-akrilinis-hermetikas-parketui\/\" \/>\n<meta property=\"og:site_name\" content=\"Penosil Lithuania\" \/>\n<meta property=\"article:modified_time\" content=\"2026-01-21T01:06:25+00:00\" \/>\n<meta property=\"og:image\" content=\"https:\/\/penosil.com\/lt\/wp-content\/uploads\/sites\/13\/2025\/09\/630_Parquet_Filler_630_Alder_PF92_LT.png\" \/>\n\t<meta property=\"og:image:width\" content=\"387\" \/>\n\t<meta property=\"og:image:height\" content=\"1080\" \/>\n\t<meta property=\"og:image:type\" content=\"image\/png\" \/>\n<meta name=\"twitter:card\" content=\"summary_large_image\" \/>\n<script type=\"application\/ld+json\" class=\"yoast-schema-graph\">{\"@context\":\"https:\\\/\\\/schema.org\",\"@graph\":[{\"@type\":\"WebPage\",\"@id\":\"https:\\\/\\\/penosil.com\\\/lt\\\/produktai\\\/parquet-filler-630-akrilinis-hermetikas-parketui\\\/\",\"url\":\"https:\\\/\\\/penosil.com\\\/lt\\\/produktai\\\/parquet-filler-630-akrilinis-hermetikas-parketui\\\/\",\"name\":\"PENOSIL Parquet Filler 630 akrilinis hermetikas parketui\",\"isPartOf\":{\"@id\":\"https:\\\/\\\/penosil.com\\\/lt\\\/#website\"},\"primaryImageOfPage\":{\"@id\":\"https:\\\/\\\/penosil.com\\\/lt\\\/produktai\\\/parquet-filler-630-akrilinis-hermetikas-parketui\\\/#primaryimage\"},\"image\":{\"@id\":\"https:\\\/\\\/penosil.com\\\/lt\\\/produktai\\\/parquet-filler-630-akrilinis-hermetikas-parketui\\\/#primaryimage\"},\"thumbnailUrl\":\"https:\\\/\\\/penosil.com\\\/lt\\\/wp-content\\\/uploads\\\/sites\\\/13\\\/2025\\\/09\\\/630_Parquet_Filler_630_Alder_PF92_LT.png\",\"datePublished\":\"2022-05-23T10:56:21+00:00\",\"dateModified\":\"2026-01-21T01:06:25+00:00\",\"description\":\"Akrilinis hermetikas parketui - u\u017epildyti, sandarinti vis\u0173 medini\u0173 grind\u0173 si\u016bles: lakuotas, nelakuotas, parket\u0105, laminat\u0105. Daugiau!\",\"breadcrumb\":{\"@id\":\"https:\\\/\\\/penosil.com\\\/lt\\\/produktai\\\/parquet-filler-630-akrilinis-hermetikas-parketui\\\/#breadcrumb\"},\"inLanguage\":\"lt-LT\",\"potentialAction\":[{\"@type\":\"ReadAction\",\"target\":[\"https:\\\/\\\/penosil.com\\\/lt\\\/produktai\\\/parquet-filler-630-akrilinis-hermetikas-parketui\\\/\"]}]},{\"@type\":\"ImageObject\",\"inLanguage\":\"lt-LT\",\"@id\":\"https:\\\/\\\/penosil.com\\\/lt\\\/produktai\\\/parquet-filler-630-akrilinis-hermetikas-parketui\\\/#primaryimage\",\"url\":\"https:\\\/\\\/penosil.com\\\/lt\\\/wp-content\\\/uploads\\\/sites\\\/13\\\/2025\\\/09\\\/630_Parquet_Filler_630_Alder_PF92_LT.png\",\"contentUrl\":\"https:\\\/\\\/penosil.com\\\/lt\\\/wp-content\\\/uploads\\\/sites\\\/13\\\/2025\\\/09\\\/630_Parquet_Filler_630_Alder_PF92_LT.png\",\"width\":387,\"height\":1080,\"caption\":\"PENOSIL Parquet Filler 630 akrilinis hermetikas parketui PF92\"},{\"@type\":\"BreadcrumbList\",\"@id\":\"https:\\\/\\\/penosil.com\\\/lt\\\/produktai\\\/parquet-filler-630-akrilinis-hermetikas-parketui\\\/#breadcrumb\",\"itemListElement\":[{\"@type\":\"ListItem\",\"position\":1,\"name\":\"Home\",\"item\":\"https:\\\/\\\/penosil.com\\\/lt\\\/\"},{\"@type\":\"ListItem\",\"position\":2,\"name\":\"Produktai\",\"item\":\"https:\\\/\\\/penosil.com\\\/lt\\\/produktai\\\/\"},{\"@type\":\"ListItem\",\"position\":3,\"name\":\"Parquet Filler 630\"}]},{\"@type\":\"WebSite\",\"@id\":\"https:\\\/\\\/penosil.com\\\/lt\\\/#website\",\"url\":\"https:\\\/\\\/penosil.com\\\/lt\\\/\",\"name\":\"Penosil Lithuania\",\"description\":\"\",\"potentialAction\":[{\"@type\":\"SearchAction\",\"target\":{\"@type\":\"EntryPoint\",\"urlTemplate\":\"https:\\\/\\\/penosil.com\\\/lt\\\/?s={search_term_string}\"},\"query-input\":{\"@type\":\"PropertyValueSpecification\",\"valueRequired\":true,\"valueName\":\"search_term_string\"}}],\"inLanguage\":\"lt-LT\"}]}<\/script>\n<!-- \/ Yoast SEO plugin. -->","yoast_head_json":{"title":"PENOSIL Parquet Filler 630 akrilinis hermetikas parketui","description":"Akrilinis hermetikas parketui - u\u017epildyti, sandarinti vis\u0173 medini\u0173 grind\u0173 si\u016bles: lakuotas, nelakuotas, parket\u0105, laminat\u0105. Daugiau!","robots":{"index":"index","follow":"follow","max-snippet":"max-snippet:-1","max-image-preview":"max-image-preview:large","max-video-preview":"max-video-preview:-1"},"canonical":"https:\/\/penosil.com\/lt\/produktai\/parquet-filler-630-akrilinis-hermetikas-parketui\/","og_locale":"lt_LT","og_type":"article","og_title":"PENOSIL Parquet Filler 630 akrilinis hermetikas parketui","og_description":"Akrilinis hermetikas parketui - u\u017epildyti, sandarinti vis\u0173 medini\u0173 grind\u0173 si\u016bles: lakuotas, nelakuotas, parket\u0105, laminat\u0105. Daugiau!","og_url":"https:\/\/penosil.com\/lt\/produktai\/parquet-filler-630-akrilinis-hermetikas-parketui\/","og_site_name":"Penosil Lithuania","article_modified_time":"2026-01-21T01:06:25+00:00","og_image":[{"width":387,"height":1080,"url":"https:\/\/penosil.com\/lt\/wp-content\/uploads\/sites\/13\/2025\/09\/630_Parquet_Filler_630_Alder_PF92_LT.png","type":"image\/png"}],"twitter_card":"summary_large_image","schema":{"@context":"https:\/\/schema.org","@graph":[{"@type":"WebPage","@id":"https:\/\/penosil.com\/lt\/produktai\/parquet-filler-630-akrilinis-hermetikas-parketui\/","url":"https:\/\/penosil.com\/lt\/produktai\/parquet-filler-630-akrilinis-hermetikas-parketui\/","name":"PENOSIL Parquet Filler 630 akrilinis hermetikas parketui","isPartOf":{"@id":"https:\/\/penosil.com\/lt\/#website"},"primaryImageOfPage":{"@id":"https:\/\/penosil.com\/lt\/produktai\/parquet-filler-630-akrilinis-hermetikas-parketui\/#primaryimage"},"image":{"@id":"https:\/\/penosil.com\/lt\/produktai\/parquet-filler-630-akrilinis-hermetikas-parketui\/#primaryimage"},"thumbnailUrl":"https:\/\/penosil.com\/lt\/wp-content\/uploads\/sites\/13\/2025\/09\/630_Parquet_Filler_630_Alder_PF92_LT.png","datePublished":"2022-05-23T10:56:21+00:00","dateModified":"2026-01-21T01:06:25+00:00","description":"Akrilinis hermetikas parketui - u\u017epildyti, sandarinti vis\u0173 medini\u0173 grind\u0173 si\u016bles: lakuotas, nelakuotas, parket\u0105, laminat\u0105. Daugiau!","breadcrumb":{"@id":"https:\/\/penosil.com\/lt\/produktai\/parquet-filler-630-akrilinis-hermetikas-parketui\/#breadcrumb"},"inLanguage":"lt-LT","potentialAction":[{"@type":"ReadAction","target":["https:\/\/penosil.com\/lt\/produktai\/parquet-filler-630-akrilinis-hermetikas-parketui\/"]}]},{"@type":"ImageObject","inLanguage":"lt-LT","@id":"https:\/\/penosil.com\/lt\/produktai\/parquet-filler-630-akrilinis-hermetikas-parketui\/#primaryimage","url":"https:\/\/penosil.com\/lt\/wp-content\/uploads\/sites\/13\/2025\/09\/630_Parquet_Filler_630_Alder_PF92_LT.png","contentUrl":"https:\/\/penosil.com\/lt\/wp-content\/uploads\/sites\/13\/2025\/09\/630_Parquet_Filler_630_Alder_PF92_LT.png","width":387,"height":1080,"caption":"PENOSIL Parquet Filler 630 akrilinis hermetikas parketui PF92"},{"@type":"BreadcrumbList","@id":"https:\/\/penosil.com\/lt\/produktai\/parquet-filler-630-akrilinis-hermetikas-parketui\/#breadcrumb","itemListElement":[{"@type":"ListItem","position":1,"name":"Home","item":"https:\/\/penosil.com\/lt\/"},{"@type":"ListItem","position":2,"name":"Produktai","item":"https:\/\/penosil.com\/lt\/produktai\/"},{"@type":"ListItem","position":3,"name":"Parquet Filler 630"}]},{"@type":"WebSite","@id":"https:\/\/penosil.com\/lt\/#website","url":"https:\/\/penosil.com\/lt\/","name":"Penosil Lithuania","description":"","potentialAction":[{"@type":"SearchAction","target":{"@type":"EntryPoint","urlTemplate":"https:\/\/penosil.com\/lt\/?s={search_term_string}"},"query-input":{"@type":"PropertyValueSpecification","valueRequired":true,"valueName":"search_term_string"}}],"inLanguage":"lt-LT"}]}},"featured_img":"https:\/\/penosil.com\/lt\/wp-content\/uploads\/sites\/13\/2025\/09\/630_Parquet_Filler_630_Alder_PF92_LT.png","coauthors":[],"author_meta":{"author_link":"https:\/\/penosil.com\/lt\/author\/asta\/","display_name":"Asta Salkauskiene"},"relative_dates":{"created":"Posted 4 metai ago","modified":"Updated 3 m\u0117nesiai ago"},"absolute_dates":{"created":"Posted on 2022 23 gegu\u017e\u0117s","modified":"Updated on 2026 21 sausio"},"absolute_dates_time":{"created":"Posted on 2022 23 gegu\u017e\u0117s 10:56","modified":"Updated on 2026 21 sausio 1:06"},"featured_img_caption":"","tax_additional":{"product_brand":{"linked":[],"unlinked":[],"slug":"product_brand","name":"Preki\u0173 \u017eenklai"},"product_type":{"linked":["<a href=\"https:\/\/penosil.com\/lt\/?taxonomy=product_type&#038;term=variable\" class=\"advgb-post-tax-term\">variable<\/a>"],"unlinked":["<span class=\"advgb-post-tax-term\">variable<\/span>"],"slug":"product_type","name":"Produkto tipas"},"product_visibility":{"linked":[],"unlinked":[],"slug":"product_visibility","name":"Produkto matomumas"},"product_cat":{"linked":["<a href=\"https:\/\/penosil.com\/lt\/produkto-kategorija\/naudojimo-sritys\/\" class=\"advgb-post-tax-term\">Naudojimo sritys<\/a>","<a href=\"https:\/\/penosil.com\/lt\/produkto-kategorija\/produktu-grupes\/hermetikai-ir-mastikos\/\" class=\"advgb-post-tax-term\">Hermetikai ir mastikos<\/a>","<a href=\"https:\/\/penosil.com\/lt\/produkto-kategorija\/produktu-grupes\/\" class=\"advgb-post-tax-term\">Produkt\u0173 grup\u0117s<\/a>","<a href=\"https:\/\/penosil.com\/lt\/produkto-kategorija\/produktu-grupes\/hermetikai-ir-mastikos\/akriliniai-hermetikai\/\" class=\"advgb-post-tax-term\">Akriliniai hermetikai<\/a>","<a href=\"https:\/\/penosil.com\/lt\/produkto-kategorija\/naudojimo-sritys\/grindys\/\" class=\"advgb-post-tax-term\">Grindys<\/a>"],"unlinked":["<span class=\"advgb-post-tax-term\">Naudojimo sritys<\/span>","<span class=\"advgb-post-tax-term\">Hermetikai ir mastikos<\/span>","<span class=\"advgb-post-tax-term\">Produkt\u0173 grup\u0117s<\/span>","<span class=\"advgb-post-tax-term\">Akriliniai hermetikai<\/span>","<span class=\"advgb-post-tax-term\">Grindys<\/span>"],"slug":"product_cat","name":"Produkto kategorijos"},"product_tag":{"linked":[],"unlinked":[],"slug":"product_tag","name":"Produkto \u017eyma"},"product_shipping_class":{"linked":[],"unlinked":[],"slug":"product_shipping_class","name":"Produkto pristatymo klas\u0117s"},"pos_product_visibility":{"linked":[],"unlinked":[],"slug":"pos_product_visibility","name":"POS Product visibility"},"pa_color":{"linked":["<a href=\"https:\/\/penosil.com\/lt\/?taxonomy=pa_color&#038;term=pf92-alksnis-egle\" class=\"advgb-post-tax-term\">PF92 alksnis, egl\u0117<\/a>","<a href=\"https:\/\/penosil.com\/lt\/?taxonomy=pa_color&#038;term=pf37-bukmedis\" class=\"advgb-post-tax-term\">PF37 bukmedis<\/a>","<a href=\"https:\/\/penosil.com\/lt\/?taxonomy=pa_color&#038;term=pf104-tamsi-vysnia\" class=\"advgb-post-tax-term\">PF104 tamsi vy\u0161nia<\/a>","<a href=\"https:\/\/penosil.com\/lt\/?taxonomy=pa_color&#038;term=pf90-tamsus-azuolas\" class=\"advgb-post-tax-term\">PF90 tamsus \u0105\u017euolas<\/a>","<a href=\"https:\/\/penosil.com\/lt\/?taxonomy=pa_color&#038;term=pf103-raudonmedis\" class=\"advgb-post-tax-term\">PF103 raudonmedis<\/a>","<a href=\"https:\/\/penosil.com\/lt\/?taxonomy=pa_color&#038;term=pf86-klevas-uosis-pusis\" class=\"advgb-post-tax-term\">PF86 klevas, uosis, pu\u0161is<\/a>","<a href=\"https:\/\/penosil.com\/lt\/?taxonomy=pa_color&#038;term=pf96-azuolas\" class=\"advgb-post-tax-term\">PF96 \u0105\u017euolas<\/a>","<a href=\"https:\/\/penosil.com\/lt\/?taxonomy=pa_color&#038;term=pf106-rausvai-rudas-alksnis\" class=\"advgb-post-tax-term\">PF106 rausvai rudas alksnis<\/a>"],"unlinked":["<span class=\"advgb-post-tax-term\">PF92 alksnis, egl\u0117<\/span>","<span class=\"advgb-post-tax-term\">PF37 bukmedis<\/span>","<span class=\"advgb-post-tax-term\">PF104 tamsi vy\u0161nia<\/span>","<span class=\"advgb-post-tax-term\">PF90 tamsus \u0105\u017euolas<\/span>","<span class=\"advgb-post-tax-term\">PF103 raudonmedis<\/span>","<span class=\"advgb-post-tax-term\">PF86 klevas, uosis, pu\u0161is<\/span>","<span class=\"advgb-post-tax-term\">PF96 \u0105\u017euolas<\/span>","<span class=\"advgb-post-tax-term\">PF106 rausvai rudas alksnis<\/span>"],"slug":"pa_color","name":"Product Color"},"pa_package":{"linked":["<a href=\"https:\/\/penosil.com\/lt\/?taxonomy=pa_package&#038;term=300-ml\" class=\"advgb-post-tax-term\">300 ml<\/a>"],"unlinked":["<span class=\"advgb-post-tax-term\">300 ml<\/span>"],"slug":"pa_package","name":"Product Package"},"pa_plotis":{"linked":[],"unlinked":[],"slug":"pa_plotis","name":"Product Plotis"},"pa_skersmuo":{"linked":[],"unlinked":[],"slug":"pa_skersmuo","name":"Product Skersmuo"},"translation_priority":{"linked":["<a href=\"https:\/\/penosil.com\/lt\/?taxonomy=translation_priority&#038;term=optional-lt\" class=\"advgb-post-tax-term\">Optional<\/a>"],"unlinked":["<span class=\"advgb-post-tax-term\">Optional<\/span>"],"slug":"translation_priority","name":"Translation Priorities"}},"series_order":"","_links":{"self":[{"href":"https:\/\/penosil.com\/lt\/wp-json\/wp\/v2\/product\/11325","targetHints":{"allow":["GET"]}}],"collection":[{"href":"https:\/\/penosil.com\/lt\/wp-json\/wp\/v2\/product"}],"about":[{"href":"https:\/\/penosil.com\/lt\/wp-json\/wp\/v2\/types\/product"}],"version-history":[{"count":6,"href":"https:\/\/penosil.com\/lt\/wp-json\/wp\/v2\/product\/11325\/revisions"}],"predecessor-version":[{"id":15569,"href":"https:\/\/penosil.com\/lt\/wp-json\/wp\/v2\/product\/11325\/revisions\/15569"}],"wp:featuredmedia":[{"embeddable":true,"href":"https:\/\/penosil.com\/lt\/wp-json\/wp\/v2\/media\/16148"}],"wp:attachment":[{"href":"https:\/\/penosil.com\/lt\/wp-json\/wp\/v2\/media?parent=11325"}],"wp:term":[{"taxonomy":"product_brand","embeddable":true,"href":"https:\/\/penosil.com\/lt\/wp-json\/wp\/v2\/product_brand?post=11325"},{"taxonomy":"product_cat","embeddable":true,"href":"https:\/\/penosil.com\/lt\/wp-json\/wp\/v2\/product_cat?post=11325"},{"taxonomy":"product_tag","embeddable":true,"href":"https:\/\/penosil.com\/lt\/wp-json\/wp\/v2\/product_tag?post=11325"}],"curies":[{"name":"wp","href":"https:\/\/api.w.org\/{rel}","templated":true}]}}