{"id":11388,"date":"2022-06-22T12:33:28","date_gmt":"2022-06-22T12:33:28","guid":{"rendered":"https:\/\/penosil.com\/lt\/?post_type=product&#038;p=11388"},"modified":"2026-03-04T01:02:05","modified_gmt":"2026-03-04T01:02:05","slug":"greenhouse-silicone-393-neutralus-silikonas-siltnamiams","status":"publish","type":"product","link":"https:\/\/penosil.com\/lt\/produktai\/greenhouse-silicone-393-neutralus-silikonas-siltnamiams\/","title":{"rendered":"Greenhouse Silicone 393"},"content":{"rendered":"<p>Neutralus oksimo silikonas vis\u0173 r\u016b\u0161i\u0173 \u0161iltnamiams, atsparus oro s\u0105lygoms ir pel\u0117siui. Sudaro elasting\u0105 ir temperat\u016brai atspar\u0173 sandarikl\u012f su daugybe por\u0117t\u0173 ir nepor\u0117t\u0173 med\u017eiag\u0173, toki\u0173 kaip metalai, plastikai, mediena ir aliuminis.<\/p>\n","protected":false},"excerpt":{"rendered":"neutralus silikonas \u0161iltnamiams","protected":false},"author":5,"featured_media":15815,"template":"","meta":{"_acf_changed":false,"advgb_blocks_editor_width":"","advgb_blocks_columns_visual_guide":"","footnotes":""},"product_brand":[],"product_cat":[210,1289,1608,2363,1368],"product_tag":[],"class_list":{"0":"post-11388","1":"product","2":"type-product","3":"status-publish","4":"has-post-thumbnail","6":"product_cat-naudojimo-sritys","7":"product_cat-langai-ir-durys","8":"product_cat-hermetikai-ir-mastikos","9":"product_cat-neutralus-silikonai","10":"product_cat-produktu-grupes","12":"first","13":"instock","14":"taxable","15":"shipping-taxable","16":"purchasable","17":"product-type-simple"},"acf":[],"yoast_head":"<!-- This site is optimized with the Yoast SEO plugin v27.2 - https:\/\/yoast.com\/product\/yoast-seo-wordpress\/ -->\n<title>PENOSIL GreenHouse Silicone 393 neutralus silikonas \u0161iltnamiams<\/title>\n<meta name=\"description\" content=\"Neutralus silikonas \u012fvairiems \u0161iltnamiams. Naudojamas \u0161iltnami\u0173 sandarinimui, klijavimui, stiklinimui. Skaitykite daugiau!\" \/>\n<meta name=\"robots\" content=\"index, follow, max-snippet:-1, max-image-preview:large, max-video-preview:-1\" \/>\n<link rel=\"canonical\" href=\"https:\/\/penosil.com\/lt\/produktai\/greenhouse-silicone-393-neutralus-silikonas-siltnamiams\/\" \/>\n<meta property=\"og:locale\" content=\"lt_LT\" \/>\n<meta property=\"og:type\" content=\"article\" \/>\n<meta property=\"og:title\" content=\"PENOSIL GreenHouse Silicone 393 neutralus silikonas \u0161iltnamiams\" \/>\n<meta property=\"og:description\" content=\"Neutralus silikonas \u012fvairiems \u0161iltnamiams. Naudojamas \u0161iltnami\u0173 sandarinimui, klijavimui, stiklinimui. Skaitykite daugiau!\" \/>\n<meta property=\"og:url\" content=\"https:\/\/penosil.com\/lt\/produktai\/greenhouse-silicone-393-neutralus-silikonas-siltnamiams\/\" \/>\n<meta property=\"og:site_name\" content=\"Penosil Lithuania\" \/>\n<meta property=\"article:modified_time\" content=\"2026-03-04T01:02:05+00:00\" \/>\n<meta property=\"og:image\" content=\"https:\/\/penosil.com\/lt\/wp-content\/uploads\/sites\/13\/2025\/08\/393_Greenhouse_Silicone_393_LT_LV_RU.png\" \/>\n\t<meta property=\"og:image:width\" content=\"870\" \/>\n\t<meta property=\"og:image:height\" content=\"2430\" \/>\n\t<meta property=\"og:image:type\" content=\"image\/png\" \/>\n<meta name=\"twitter:card\" content=\"summary_large_image\" \/>\n<script type=\"application\/ld+json\" class=\"yoast-schema-graph\">{\"@context\":\"https:\/\/schema.org\",\"@graph\":[{\"@type\":\"WebPage\",\"@id\":\"https:\/\/penosil.com\/lt\/produktai\/greenhouse-silicone-393-neutralus-silikonas-siltnamiams\/\",\"url\":\"https:\/\/penosil.com\/lt\/produktai\/greenhouse-silicone-393-neutralus-silikonas-siltnamiams\/\",\"name\":\"PENOSIL GreenHouse Silicone 393 neutralus silikonas \u0161iltnamiams\",\"isPartOf\":{\"@id\":\"https:\/\/penosil.com\/lt\/#website\"},\"primaryImageOfPage\":{\"@id\":\"https:\/\/penosil.com\/lt\/produktai\/greenhouse-silicone-393-neutralus-silikonas-siltnamiams\/#primaryimage\"},\"image\":{\"@id\":\"https:\/\/penosil.com\/lt\/produktai\/greenhouse-silicone-393-neutralus-silikonas-siltnamiams\/#primaryimage\"},\"thumbnailUrl\":\"https:\/\/penosil.com\/lt\/wp-content\/uploads\/sites\/13\/2025\/08\/393_Greenhouse_Silicone_393_LT_LV_RU.png\",\"datePublished\":\"2022-06-22T12:33:28+00:00\",\"dateModified\":\"2026-03-04T01:02:05+00:00\",\"description\":\"Neutralus silikonas \u012fvairiems \u0161iltnamiams. Naudojamas \u0161iltnami\u0173 sandarinimui, klijavimui, stiklinimui. Skaitykite daugiau!\",\"breadcrumb\":{\"@id\":\"https:\/\/penosil.com\/lt\/produktai\/greenhouse-silicone-393-neutralus-silikonas-siltnamiams\/#breadcrumb\"},\"inLanguage\":\"lt-LT\",\"potentialAction\":[{\"@type\":\"ReadAction\",\"target\":[\"https:\/\/penosil.com\/lt\/produktai\/greenhouse-silicone-393-neutralus-silikonas-siltnamiams\/\"]}]},{\"@type\":\"ImageObject\",\"inLanguage\":\"lt-LT\",\"@id\":\"https:\/\/penosil.com\/lt\/produktai\/greenhouse-silicone-393-neutralus-silikonas-siltnamiams\/#primaryimage\",\"url\":\"https:\/\/penosil.com\/lt\/wp-content\/uploads\/sites\/13\/2025\/08\/393_Greenhouse_Silicone_393_LT_LV_RU.png\",\"contentUrl\":\"https:\/\/penosil.com\/lt\/wp-content\/uploads\/sites\/13\/2025\/08\/393_Greenhouse_Silicone_393_LT_LV_RU.png\",\"width\":870,\"height\":2430,\"caption\":\"PENOSIL GreenHouse Silicone 393 neutralus silikonas \u0161iltnamiams\"},{\"@type\":\"BreadcrumbList\",\"@id\":\"https:\/\/penosil.com\/lt\/produktai\/greenhouse-silicone-393-neutralus-silikonas-siltnamiams\/#breadcrumb\",\"itemListElement\":[{\"@type\":\"ListItem\",\"position\":1,\"name\":\"Home\",\"item\":\"https:\/\/penosil.com\/lt\/\"},{\"@type\":\"ListItem\",\"position\":2,\"name\":\"Produktai\",\"item\":\"https:\/\/penosil.com\/lt\/produktai\/\"},{\"@type\":\"ListItem\",\"position\":3,\"name\":\"Greenhouse Silicone 393\"}]},{\"@type\":\"WebSite\",\"@id\":\"https:\/\/penosil.com\/lt\/#website\",\"url\":\"https:\/\/penosil.com\/lt\/\",\"name\":\"Penosil Lithuania\",\"description\":\"\",\"potentialAction\":[{\"@type\":\"SearchAction\",\"target\":{\"@type\":\"EntryPoint\",\"urlTemplate\":\"https:\/\/penosil.com\/lt\/?s={search_term_string}\"},\"query-input\":{\"@type\":\"PropertyValueSpecification\",\"valueRequired\":true,\"valueName\":\"search_term_string\"}}],\"inLanguage\":\"lt-LT\"}]}<\/script>\n<!-- \/ Yoast SEO plugin. -->","yoast_head_json":{"title":"PENOSIL GreenHouse Silicone 393 neutralus silikonas \u0161iltnamiams","description":"Neutralus silikonas \u012fvairiems \u0161iltnamiams. Naudojamas \u0161iltnami\u0173 sandarinimui, klijavimui, stiklinimui. Skaitykite daugiau!","robots":{"index":"index","follow":"follow","max-snippet":"max-snippet:-1","max-image-preview":"max-image-preview:large","max-video-preview":"max-video-preview:-1"},"canonical":"https:\/\/penosil.com\/lt\/produktai\/greenhouse-silicone-393-neutralus-silikonas-siltnamiams\/","og_locale":"lt_LT","og_type":"article","og_title":"PENOSIL GreenHouse Silicone 393 neutralus silikonas \u0161iltnamiams","og_description":"Neutralus silikonas \u012fvairiems \u0161iltnamiams. Naudojamas \u0161iltnami\u0173 sandarinimui, klijavimui, stiklinimui. Skaitykite daugiau!","og_url":"https:\/\/penosil.com\/lt\/produktai\/greenhouse-silicone-393-neutralus-silikonas-siltnamiams\/","og_site_name":"Penosil Lithuania","article_modified_time":"2026-03-04T01:02:05+00:00","og_image":[{"width":870,"height":2430,"url":"https:\/\/penosil.com\/lt\/wp-content\/uploads\/sites\/13\/2025\/08\/393_Greenhouse_Silicone_393_LT_LV_RU.png","type":"image\/png"}],"twitter_card":"summary_large_image","schema":{"@context":"https:\/\/schema.org","@graph":[{"@type":"WebPage","@id":"https:\/\/penosil.com\/lt\/produktai\/greenhouse-silicone-393-neutralus-silikonas-siltnamiams\/","url":"https:\/\/penosil.com\/lt\/produktai\/greenhouse-silicone-393-neutralus-silikonas-siltnamiams\/","name":"PENOSIL GreenHouse Silicone 393 neutralus silikonas \u0161iltnamiams","isPartOf":{"@id":"https:\/\/penosil.com\/lt\/#website"},"primaryImageOfPage":{"@id":"https:\/\/penosil.com\/lt\/produktai\/greenhouse-silicone-393-neutralus-silikonas-siltnamiams\/#primaryimage"},"image":{"@id":"https:\/\/penosil.com\/lt\/produktai\/greenhouse-silicone-393-neutralus-silikonas-siltnamiams\/#primaryimage"},"thumbnailUrl":"https:\/\/penosil.com\/lt\/wp-content\/uploads\/sites\/13\/2025\/08\/393_Greenhouse_Silicone_393_LT_LV_RU.png","datePublished":"2022-06-22T12:33:28+00:00","dateModified":"2026-03-04T01:02:05+00:00","description":"Neutralus silikonas \u012fvairiems \u0161iltnamiams. Naudojamas \u0161iltnami\u0173 sandarinimui, klijavimui, stiklinimui. Skaitykite daugiau!","breadcrumb":{"@id":"https:\/\/penosil.com\/lt\/produktai\/greenhouse-silicone-393-neutralus-silikonas-siltnamiams\/#breadcrumb"},"inLanguage":"lt-LT","potentialAction":[{"@type":"ReadAction","target":["https:\/\/penosil.com\/lt\/produktai\/greenhouse-silicone-393-neutralus-silikonas-siltnamiams\/"]}]},{"@type":"ImageObject","inLanguage":"lt-LT","@id":"https:\/\/penosil.com\/lt\/produktai\/greenhouse-silicone-393-neutralus-silikonas-siltnamiams\/#primaryimage","url":"https:\/\/penosil.com\/lt\/wp-content\/uploads\/sites\/13\/2025\/08\/393_Greenhouse_Silicone_393_LT_LV_RU.png","contentUrl":"https:\/\/penosil.com\/lt\/wp-content\/uploads\/sites\/13\/2025\/08\/393_Greenhouse_Silicone_393_LT_LV_RU.png","width":870,"height":2430,"caption":"PENOSIL GreenHouse Silicone 393 neutralus silikonas \u0161iltnamiams"},{"@type":"BreadcrumbList","@id":"https:\/\/penosil.com\/lt\/produktai\/greenhouse-silicone-393-neutralus-silikonas-siltnamiams\/#breadcrumb","itemListElement":[{"@type":"ListItem","position":1,"name":"Home","item":"https:\/\/penosil.com\/lt\/"},{"@type":"ListItem","position":2,"name":"Produktai","item":"https:\/\/penosil.com\/lt\/produktai\/"},{"@type":"ListItem","position":3,"name":"Greenhouse Silicone 393"}]},{"@type":"WebSite","@id":"https:\/\/penosil.com\/lt\/#website","url":"https:\/\/penosil.com\/lt\/","name":"Penosil Lithuania","description":"","potentialAction":[{"@type":"SearchAction","target":{"@type":"EntryPoint","urlTemplate":"https:\/\/penosil.com\/lt\/?s={search_term_string}"},"query-input":{"@type":"PropertyValueSpecification","valueRequired":true,"valueName":"search_term_string"}}],"inLanguage":"lt-LT"}]}},"featured_img":"https:\/\/penosil.com\/lt\/wp-content\/uploads\/sites\/13\/2025\/08\/393_Greenhouse_Silicone_393_LT_LV_RU.png","coauthors":[],"author_meta":{"author_link":"https:\/\/penosil.com\/lt\/author\/asta\/","display_name":"Asta Salkauskiene"},"relative_dates":{"created":"Posted 4 metai ago","modified":"Updated 1 m\u0117nuo ago"},"absolute_dates":{"created":"Posted on 2022 22 bir\u017eelio","modified":"Updated on 2026 4 kovo"},"absolute_dates_time":{"created":"Posted on 2022 22 bir\u017eelio 12:33","modified":"Updated on 2026 4 kovo 1:02"},"featured_img_caption":"","tax_additional":{"product_brand":{"linked":[],"unlinked":[],"slug":"product_brand","name":"Preki\u0173 \u017eenklai"},"product_type":{"linked":["<a href=\"https:\/\/penosil.com\/lt\/?taxonomy=product_type&#038;term=simple\" class=\"advgb-post-tax-term\">simple<\/a>"],"unlinked":["<span class=\"advgb-post-tax-term\">simple<\/span>"],"slug":"product_type","name":"Produkto tipas"},"product_visibility":{"linked":[],"unlinked":[],"slug":"product_visibility","name":"Produkto matomumas"},"product_cat":{"linked":["<a href=\"https:\/\/penosil.com\/lt\/produkto-kategorija\/naudojimo-sritys\/\" class=\"advgb-post-tax-term\">Naudojimo sritys<\/a>","<a href=\"https:\/\/penosil.com\/lt\/produkto-kategorija\/naudojimo-sritys\/langai-ir-durys\/\" class=\"advgb-post-tax-term\">Langai ir durys<\/a>","<a href=\"https:\/\/penosil.com\/lt\/produkto-kategorija\/produktu-grupes\/hermetikai-ir-mastikos\/\" class=\"advgb-post-tax-term\">Hermetikai ir mastikos<\/a>","<a href=\"https:\/\/penosil.com\/lt\/produkto-kategorija\/produktu-grupes\/hermetikai-ir-mastikos\/neutralus-silikonai\/\" class=\"advgb-post-tax-term\">Neutral\u016bs silikonai<\/a>","<a href=\"https:\/\/penosil.com\/lt\/produkto-kategorija\/produktu-grupes\/\" class=\"advgb-post-tax-term\">Produkt\u0173 grup\u0117s<\/a>"],"unlinked":["<span class=\"advgb-post-tax-term\">Naudojimo sritys<\/span>","<span class=\"advgb-post-tax-term\">Langai ir durys<\/span>","<span class=\"advgb-post-tax-term\">Hermetikai ir mastikos<\/span>","<span class=\"advgb-post-tax-term\">Neutral\u016bs silikonai<\/span>","<span class=\"advgb-post-tax-term\">Produkt\u0173 grup\u0117s<\/span>"],"slug":"product_cat","name":"Produkto kategorijos"},"product_tag":{"linked":[],"unlinked":[],"slug":"product_tag","name":"Produkto \u017eyma"},"product_shipping_class":{"linked":[],"unlinked":[],"slug":"product_shipping_class","name":"Produkto pristatymo klas\u0117s"},"pos_product_visibility":{"linked":[],"unlinked":[],"slug":"pos_product_visibility","name":"POS Product visibility"},"pa_color":{"linked":["<a href=\"https:\/\/penosil.com\/lt\/en\/?taxonomy=pa_color&#038;term=bespalve\" class=\"advgb-post-tax-term\">Bespalv\u0117<\/a>"],"unlinked":["<span class=\"advgb-post-tax-term\">Bespalv\u0117<\/span>"],"slug":"pa_color","name":"Product Color"},"pa_package":{"linked":["<a href=\"https:\/\/penosil.com\/lt\/?taxonomy=pa_package&#038;term=300-ml\" class=\"advgb-post-tax-term\">300 ml<\/a>"],"unlinked":["<span class=\"advgb-post-tax-term\">300 ml<\/span>"],"slug":"pa_package","name":"Product Package"},"pa_plotis":{"linked":[],"unlinked":[],"slug":"pa_plotis","name":"Product Plotis"},"pa_skersmuo":{"linked":[],"unlinked":[],"slug":"pa_skersmuo","name":"Product Skersmuo"},"translation_priority":{"linked":["<a href=\"https:\/\/penosil.com\/lt\/?taxonomy=translation_priority&#038;term=optional-lt\" class=\"advgb-post-tax-term\">Optional<\/a>"],"unlinked":["<span class=\"advgb-post-tax-term\">Optional<\/span>"],"slug":"translation_priority","name":"Translation Priorities"}},"series_order":"","_links":{"self":[{"href":"https:\/\/penosil.com\/lt\/wp-json\/wp\/v2\/product\/11388","targetHints":{"allow":["GET"]}}],"collection":[{"href":"https:\/\/penosil.com\/lt\/wp-json\/wp\/v2\/product"}],"about":[{"href":"https:\/\/penosil.com\/lt\/wp-json\/wp\/v2\/types\/product"}],"version-history":[{"count":5,"href":"https:\/\/penosil.com\/lt\/wp-json\/wp\/v2\/product\/11388\/revisions"}],"predecessor-version":[{"id":16530,"href":"https:\/\/penosil.com\/lt\/wp-json\/wp\/v2\/product\/11388\/revisions\/16530"}],"wp:featuredmedia":[{"embeddable":true,"href":"https:\/\/penosil.com\/lt\/wp-json\/wp\/v2\/media\/15815"}],"wp:attachment":[{"href":"https:\/\/penosil.com\/lt\/wp-json\/wp\/v2\/media?parent=11388"}],"wp:term":[{"taxonomy":"product_brand","embeddable":true,"href":"https:\/\/penosil.com\/lt\/wp-json\/wp\/v2\/product_brand?post=11388"},{"taxonomy":"product_cat","embeddable":true,"href":"https:\/\/penosil.com\/lt\/wp-json\/wp\/v2\/product_cat?post=11388"},{"taxonomy":"product_tag","embeddable":true,"href":"https:\/\/penosil.com\/lt\/wp-json\/wp\/v2\/product_tag?post=11388"}],"curies":[{"name":"wp","href":"https:\/\/api.w.org\/{rel}","templated":true}]}}