{"id":11391,"date":"2022-06-22T12:58:58","date_gmt":"2022-06-22T12:58:58","guid":{"rendered":"https:\/\/penosil.com\/lt\/?post_type=product&#038;p=11391"},"modified":"2025-12-19T01:15:15","modified_gmt":"2025-12-19T01:15:15","slug":"filling-foam-212-siaudelines-uzpildymo-putos","status":"publish","type":"product","link":"https:\/\/penosil.com\/lt\/produktai\/filling-foam-212-siaudelines-uzpildymo-putos\/","title":{"rendered":"Filling Foam 212"},"content":{"rendered":"<p>Poliuretano \u0161iaudelin\u0117s u\u017epildymo putos \u012fvairiems statybos darbams, pvz. skyli\u0173 u\u017epildymui, \u012fvari\u0173 sujungim\u0173 sandarinimui, \u0161ilumos ir garso izoliacijai prie\u0161 da\u017eym\u0105.\u00a0Gerai sukimba su dauguma \u012fprast\u0173 statybini\u0173 med\u017eiag\u0173, toki\u0173 kaip mediena, betonas, akmuo, tinkas, metalas, PVC ir polistirenas.<\/p>\n","protected":false},"excerpt":{"rendered":"\u0161iaudelin\u0117s u\u017epildymo putos","protected":false},"author":5,"featured_media":16146,"template":"","meta":{"_acf_changed":false,"advgb_blocks_editor_width":"","advgb_blocks_columns_visual_guide":"","footnotes":""},"product_brand":[],"product_cat":[210,1506,1563,1368,581],"product_tag":[],"class_list":{"0":"post-11391","1":"product","2":"type-product","3":"status-publish","4":"has-post-thumbnail","6":"product_cat-naudojimo-sritys","7":"product_cat-statybines-putos","8":"product_cat-siaudelines-putos","9":"product_cat-produktu-grupes","10":"product_cat-apdaila","12":"first","13":"instock","14":"taxable","15":"shipping-taxable","16":"purchasable","17":"product-type-simple"},"acf":[],"yoast_head":"<!-- This site is optimized with the Yoast SEO plugin v27.2 - https:\/\/yoast.com\/product\/yoast-seo-wordpress\/ -->\n<title>PENOSIL Filling Foam 212 \u0161iaudelin\u0117s u\u017epildymo putos<\/title>\n<meta name=\"description\" content=\"Poliuretano \u0161iaudelin\u0117s u\u017epildymo putos \u012fvairiems statybos darbams: skyli\u0173, \u012fvari\u0173 sujungim\u0173 sandarinimui. Skaitykite daugiau!\" \/>\n<meta name=\"robots\" content=\"index, follow, max-snippet:-1, max-image-preview:large, max-video-preview:-1\" \/>\n<link rel=\"canonical\" href=\"https:\/\/penosil.com\/lt\/produktai\/filling-foam-212-siaudelines-uzpildymo-putos\/\" \/>\n<meta property=\"og:locale\" content=\"lt_LT\" \/>\n<meta property=\"og:type\" content=\"article\" \/>\n<meta property=\"og:title\" content=\"PENOSIL Filling Foam 212 \u0161iaudelin\u0117s u\u017epildymo putos\" \/>\n<meta property=\"og:description\" content=\"Poliuretano \u0161iaudelin\u0117s u\u017epildymo putos \u012fvairiems statybos darbams: skyli\u0173, \u012fvari\u0173 sujungim\u0173 sandarinimui. Skaitykite daugiau!\" \/>\n<meta property=\"og:url\" content=\"https:\/\/penosil.com\/lt\/produktai\/filling-foam-212-siaudelines-uzpildymo-putos\/\" \/>\n<meta property=\"og:site_name\" content=\"Penosil Lithuania\" \/>\n<meta property=\"article:modified_time\" content=\"2025-12-19T01:15:15+00:00\" \/>\n<meta property=\"og:image\" content=\"https:\/\/penosil.com\/lt\/wp-content\/uploads\/sites\/13\/2025\/09\/212_Filling_Foam_212_LT_LV_new.png\" \/>\n\t<meta property=\"og:image:width\" content=\"530\" \/>\n\t<meta property=\"og:image:height\" content=\"1080\" \/>\n\t<meta property=\"og:image:type\" content=\"image\/png\" \/>\n<meta name=\"twitter:card\" content=\"summary_large_image\" \/>\n<script type=\"application\/ld+json\" class=\"yoast-schema-graph\">{\"@context\":\"https:\/\/schema.org\",\"@graph\":[{\"@type\":\"WebPage\",\"@id\":\"https:\/\/penosil.com\/lt\/produktai\/filling-foam-212-siaudelines-uzpildymo-putos\/\",\"url\":\"https:\/\/penosil.com\/lt\/produktai\/filling-foam-212-siaudelines-uzpildymo-putos\/\",\"name\":\"PENOSIL Filling Foam 212 \u0161iaudelin\u0117s u\u017epildymo putos\",\"isPartOf\":{\"@id\":\"https:\/\/penosil.com\/lt\/#website\"},\"primaryImageOfPage\":{\"@id\":\"https:\/\/penosil.com\/lt\/produktai\/filling-foam-212-siaudelines-uzpildymo-putos\/#primaryimage\"},\"image\":{\"@id\":\"https:\/\/penosil.com\/lt\/produktai\/filling-foam-212-siaudelines-uzpildymo-putos\/#primaryimage\"},\"thumbnailUrl\":\"https:\/\/penosil.com\/lt\/wp-content\/uploads\/sites\/13\/2025\/09\/212_Filling_Foam_212_LT_LV_new.png\",\"datePublished\":\"2022-06-22T12:58:58+00:00\",\"dateModified\":\"2025-12-19T01:15:15+00:00\",\"description\":\"Poliuretano \u0161iaudelin\u0117s u\u017epildymo putos \u012fvairiems statybos darbams: skyli\u0173, \u012fvari\u0173 sujungim\u0173 sandarinimui. Skaitykite daugiau!\",\"breadcrumb\":{\"@id\":\"https:\/\/penosil.com\/lt\/produktai\/filling-foam-212-siaudelines-uzpildymo-putos\/#breadcrumb\"},\"inLanguage\":\"lt-LT\",\"potentialAction\":[{\"@type\":\"ReadAction\",\"target\":[\"https:\/\/penosil.com\/lt\/produktai\/filling-foam-212-siaudelines-uzpildymo-putos\/\"]}]},{\"@type\":\"ImageObject\",\"inLanguage\":\"lt-LT\",\"@id\":\"https:\/\/penosil.com\/lt\/produktai\/filling-foam-212-siaudelines-uzpildymo-putos\/#primaryimage\",\"url\":\"https:\/\/penosil.com\/lt\/wp-content\/uploads\/sites\/13\/2025\/09\/212_Filling_Foam_212_LT_LV_new.png\",\"contentUrl\":\"https:\/\/penosil.com\/lt\/wp-content\/uploads\/sites\/13\/2025\/09\/212_Filling_Foam_212_LT_LV_new.png\",\"width\":530,\"height\":1080,\"caption\":\"PENOSIL Filling Foam 212 \u0161iaudelin\u0117s u\u017epildymo putos\"},{\"@type\":\"BreadcrumbList\",\"@id\":\"https:\/\/penosil.com\/lt\/produktai\/filling-foam-212-siaudelines-uzpildymo-putos\/#breadcrumb\",\"itemListElement\":[{\"@type\":\"ListItem\",\"position\":1,\"name\":\"Home\",\"item\":\"https:\/\/penosil.com\/lt\/\"},{\"@type\":\"ListItem\",\"position\":2,\"name\":\"Produktai\",\"item\":\"https:\/\/penosil.com\/lt\/produktai\/\"},{\"@type\":\"ListItem\",\"position\":3,\"name\":\"Filling Foam 212\"}]},{\"@type\":\"WebSite\",\"@id\":\"https:\/\/penosil.com\/lt\/#website\",\"url\":\"https:\/\/penosil.com\/lt\/\",\"name\":\"Penosil Lithuania\",\"description\":\"\",\"potentialAction\":[{\"@type\":\"SearchAction\",\"target\":{\"@type\":\"EntryPoint\",\"urlTemplate\":\"https:\/\/penosil.com\/lt\/?s={search_term_string}\"},\"query-input\":{\"@type\":\"PropertyValueSpecification\",\"valueRequired\":true,\"valueName\":\"search_term_string\"}}],\"inLanguage\":\"lt-LT\"}]}<\/script>\n<!-- \/ Yoast SEO plugin. -->","yoast_head_json":{"title":"PENOSIL Filling Foam 212 \u0161iaudelin\u0117s u\u017epildymo putos","description":"Poliuretano \u0161iaudelin\u0117s u\u017epildymo putos \u012fvairiems statybos darbams: skyli\u0173, \u012fvari\u0173 sujungim\u0173 sandarinimui. Skaitykite daugiau!","robots":{"index":"index","follow":"follow","max-snippet":"max-snippet:-1","max-image-preview":"max-image-preview:large","max-video-preview":"max-video-preview:-1"},"canonical":"https:\/\/penosil.com\/lt\/produktai\/filling-foam-212-siaudelines-uzpildymo-putos\/","og_locale":"lt_LT","og_type":"article","og_title":"PENOSIL Filling Foam 212 \u0161iaudelin\u0117s u\u017epildymo putos","og_description":"Poliuretano \u0161iaudelin\u0117s u\u017epildymo putos \u012fvairiems statybos darbams: skyli\u0173, \u012fvari\u0173 sujungim\u0173 sandarinimui. Skaitykite daugiau!","og_url":"https:\/\/penosil.com\/lt\/produktai\/filling-foam-212-siaudelines-uzpildymo-putos\/","og_site_name":"Penosil Lithuania","article_modified_time":"2025-12-19T01:15:15+00:00","og_image":[{"width":530,"height":1080,"url":"https:\/\/penosil.com\/lt\/wp-content\/uploads\/sites\/13\/2025\/09\/212_Filling_Foam_212_LT_LV_new.png","type":"image\/png"}],"twitter_card":"summary_large_image","schema":{"@context":"https:\/\/schema.org","@graph":[{"@type":"WebPage","@id":"https:\/\/penosil.com\/lt\/produktai\/filling-foam-212-siaudelines-uzpildymo-putos\/","url":"https:\/\/penosil.com\/lt\/produktai\/filling-foam-212-siaudelines-uzpildymo-putos\/","name":"PENOSIL Filling Foam 212 \u0161iaudelin\u0117s u\u017epildymo putos","isPartOf":{"@id":"https:\/\/penosil.com\/lt\/#website"},"primaryImageOfPage":{"@id":"https:\/\/penosil.com\/lt\/produktai\/filling-foam-212-siaudelines-uzpildymo-putos\/#primaryimage"},"image":{"@id":"https:\/\/penosil.com\/lt\/produktai\/filling-foam-212-siaudelines-uzpildymo-putos\/#primaryimage"},"thumbnailUrl":"https:\/\/penosil.com\/lt\/wp-content\/uploads\/sites\/13\/2025\/09\/212_Filling_Foam_212_LT_LV_new.png","datePublished":"2022-06-22T12:58:58+00:00","dateModified":"2025-12-19T01:15:15+00:00","description":"Poliuretano \u0161iaudelin\u0117s u\u017epildymo putos \u012fvairiems statybos darbams: skyli\u0173, \u012fvari\u0173 sujungim\u0173 sandarinimui. Skaitykite daugiau!","breadcrumb":{"@id":"https:\/\/penosil.com\/lt\/produktai\/filling-foam-212-siaudelines-uzpildymo-putos\/#breadcrumb"},"inLanguage":"lt-LT","potentialAction":[{"@type":"ReadAction","target":["https:\/\/penosil.com\/lt\/produktai\/filling-foam-212-siaudelines-uzpildymo-putos\/"]}]},{"@type":"ImageObject","inLanguage":"lt-LT","@id":"https:\/\/penosil.com\/lt\/produktai\/filling-foam-212-siaudelines-uzpildymo-putos\/#primaryimage","url":"https:\/\/penosil.com\/lt\/wp-content\/uploads\/sites\/13\/2025\/09\/212_Filling_Foam_212_LT_LV_new.png","contentUrl":"https:\/\/penosil.com\/lt\/wp-content\/uploads\/sites\/13\/2025\/09\/212_Filling_Foam_212_LT_LV_new.png","width":530,"height":1080,"caption":"PENOSIL Filling Foam 212 \u0161iaudelin\u0117s u\u017epildymo putos"},{"@type":"BreadcrumbList","@id":"https:\/\/penosil.com\/lt\/produktai\/filling-foam-212-siaudelines-uzpildymo-putos\/#breadcrumb","itemListElement":[{"@type":"ListItem","position":1,"name":"Home","item":"https:\/\/penosil.com\/lt\/"},{"@type":"ListItem","position":2,"name":"Produktai","item":"https:\/\/penosil.com\/lt\/produktai\/"},{"@type":"ListItem","position":3,"name":"Filling Foam 212"}]},{"@type":"WebSite","@id":"https:\/\/penosil.com\/lt\/#website","url":"https:\/\/penosil.com\/lt\/","name":"Penosil Lithuania","description":"","potentialAction":[{"@type":"SearchAction","target":{"@type":"EntryPoint","urlTemplate":"https:\/\/penosil.com\/lt\/?s={search_term_string}"},"query-input":{"@type":"PropertyValueSpecification","valueRequired":true,"valueName":"search_term_string"}}],"inLanguage":"lt-LT"}]}},"featured_img":"https:\/\/penosil.com\/lt\/wp-content\/uploads\/sites\/13\/2025\/09\/212_Filling_Foam_212_LT_LV_new.png","coauthors":[],"author_meta":{"author_link":"https:\/\/penosil.com\/lt\/author\/asta\/","display_name":"Asta Salkauskiene"},"relative_dates":{"created":"Posted 4 metai ago","modified":"Updated 4 m\u0117nesiai ago"},"absolute_dates":{"created":"Posted on 2022 22 bir\u017eelio","modified":"Updated on 2025 19 gruod\u017eio"},"absolute_dates_time":{"created":"Posted on 2022 22 bir\u017eelio 12:58","modified":"Updated on 2025 19 gruod\u017eio 1:15"},"featured_img_caption":"","tax_additional":{"product_brand":{"linked":[],"unlinked":[],"slug":"product_brand","name":"Preki\u0173 \u017eenklai"},"product_type":{"linked":["<a href=\"https:\/\/penosil.com\/lt\/?taxonomy=product_type&#038;term=simple\" class=\"advgb-post-tax-term\">simple<\/a>"],"unlinked":["<span class=\"advgb-post-tax-term\">simple<\/span>"],"slug":"product_type","name":"Produkto tipas"},"product_visibility":{"linked":[],"unlinked":[],"slug":"product_visibility","name":"Produkto matomumas"},"product_cat":{"linked":["<a href=\"https:\/\/penosil.com\/lt\/produkto-kategorija\/naudojimo-sritys\/\" class=\"advgb-post-tax-term\">Naudojimo sritys<\/a>","<a href=\"https:\/\/penosil.com\/lt\/produkto-kategorija\/produktu-grupes\/statybines-putos\/\" class=\"advgb-post-tax-term\">Statybin\u0117s putos<\/a>","<a href=\"https:\/\/penosil.com\/lt\/produkto-kategorija\/produktu-grupes\/statybines-putos\/siaudelines-putos\/\" class=\"advgb-post-tax-term\">\u0160iaudelin\u0117s putos<\/a>","<a href=\"https:\/\/penosil.com\/lt\/produkto-kategorija\/produktu-grupes\/\" class=\"advgb-post-tax-term\">Produkt\u0173 grup\u0117s<\/a>","<a href=\"https:\/\/penosil.com\/lt\/produkto-kategorija\/naudojimo-sritys\/apdaila\/\" class=\"advgb-post-tax-term\">Apdaila<\/a>"],"unlinked":["<span class=\"advgb-post-tax-term\">Naudojimo sritys<\/span>","<span class=\"advgb-post-tax-term\">Statybin\u0117s putos<\/span>","<span class=\"advgb-post-tax-term\">\u0160iaudelin\u0117s putos<\/span>","<span class=\"advgb-post-tax-term\">Produkt\u0173 grup\u0117s<\/span>","<span class=\"advgb-post-tax-term\">Apdaila<\/span>"],"slug":"product_cat","name":"Produkto kategorijos"},"product_tag":{"linked":[],"unlinked":[],"slug":"product_tag","name":"Produkto \u017eyma"},"product_shipping_class":{"linked":[],"unlinked":[],"slug":"product_shipping_class","name":"Produkto pristatymo klas\u0117s"},"pos_product_visibility":{"linked":[],"unlinked":[],"slug":"pos_product_visibility","name":"POS Product visibility"},"pa_color":{"linked":["<a href=\"https:\/\/penosil.com\/lt\/en\/?taxonomy=pa_color&#038;term=sviesiai-geltona\" class=\"advgb-post-tax-term\">\u0160viesiai geltona<\/a>"],"unlinked":["<span class=\"advgb-post-tax-term\">\u0160viesiai geltona<\/span>"],"slug":"pa_color","name":"Product Color"},"pa_package":{"linked":["<a href=\"https:\/\/penosil.com\/lt\/?taxonomy=pa_package&#038;term=650-ml\" class=\"advgb-post-tax-term\">650 ml<\/a>"],"unlinked":["<span class=\"advgb-post-tax-term\">650 ml<\/span>"],"slug":"pa_package","name":"Product Package"},"pa_plotis":{"linked":[],"unlinked":[],"slug":"pa_plotis","name":"Product Plotis"},"pa_skersmuo":{"linked":[],"unlinked":[],"slug":"pa_skersmuo","name":"Product Skersmuo"},"translation_priority":{"linked":["<a href=\"https:\/\/penosil.com\/lt\/?taxonomy=translation_priority&#038;term=optional-lt\" class=\"advgb-post-tax-term\">Optional<\/a>"],"unlinked":["<span class=\"advgb-post-tax-term\">Optional<\/span>"],"slug":"translation_priority","name":"Translation Priorities"}},"series_order":"","_links":{"self":[{"href":"https:\/\/penosil.com\/lt\/wp-json\/wp\/v2\/product\/11391","targetHints":{"allow":["GET"]}}],"collection":[{"href":"https:\/\/penosil.com\/lt\/wp-json\/wp\/v2\/product"}],"about":[{"href":"https:\/\/penosil.com\/lt\/wp-json\/wp\/v2\/types\/product"}],"version-history":[{"count":10,"href":"https:\/\/penosil.com\/lt\/wp-json\/wp\/v2\/product\/11391\/revisions"}],"predecessor-version":[{"id":16401,"href":"https:\/\/penosil.com\/lt\/wp-json\/wp\/v2\/product\/11391\/revisions\/16401"}],"wp:featuredmedia":[{"embeddable":true,"href":"https:\/\/penosil.com\/lt\/wp-json\/wp\/v2\/media\/16146"}],"wp:attachment":[{"href":"https:\/\/penosil.com\/lt\/wp-json\/wp\/v2\/media?parent=11391"}],"wp:term":[{"taxonomy":"product_brand","embeddable":true,"href":"https:\/\/penosil.com\/lt\/wp-json\/wp\/v2\/product_brand?post=11391"},{"taxonomy":"product_cat","embeddable":true,"href":"https:\/\/penosil.com\/lt\/wp-json\/wp\/v2\/product_cat?post=11391"},{"taxonomy":"product_tag","embeddable":true,"href":"https:\/\/penosil.com\/lt\/wp-json\/wp\/v2\/product_tag?post=11391"}],"curies":[{"name":"wp","href":"https:\/\/api.w.org\/{rel}","templated":true}]}}